{"id":1000000033902,"date":"2026-04-09T11:38:24","date_gmt":"2026-04-09T09:38:24","guid":{"rendered":"https:\/\/detfranskevinhus.com\/?post_type=product&#038;p=1000000033902"},"modified":"2026-04-09T13:00:51","modified_gmt":"2026-04-09T11:00:51","slug":"thibaut-charlot-champagne-brut-hortense-lageret-i-7-aar-premier-cru","status":"publish","type":"product","link":"https:\/\/detfranskevinhus.com\/sv\/vare\/thibaut-charlot-champagne-brut-hortense-lageret-i-7-aar-premier-cru\/","title":{"rendered":"Thibaut-Charlot  Champagne Brut Hortense, Lageret i 7 \u00e5r Premier Cru"},"content":{"rendered":"<p data-start=\"2699\" data-end=\"3134\"><strong data-start=\"2699\" data-end=\"2711\">Ursprung<\/strong><br data-start=\"2711\" data-end=\"2714\" \/>Denna champagne kommer fr\u00e5n Mutigny i Champagne i Frankrike och \u00e4r producerad av Thibaut-Charlot. Cuv\u00e9e Hortense \u00e4r en s\u00e4rskild Premier Cru champagne fr\u00e5n en mycket liten producent, d\u00e4r arbetet sker med stor hantverksm\u00e4ssig omsorg och i sm\u00e5 volymer. Champagnen \u00e4r gjord p\u00e5 handsk\u00f6rdade druvor och har lagrats i hela 7 \u00e5r, vilket ger ett mer moget, harmoniskt och raffinerat uttryck \u00e4n m\u00e5nga klassiska standardchampagner.<\/p>\n<p data-start=\"3136\" data-end=\"3204\"><strong data-start=\"3136\" data-end=\"3145\">Druva<\/strong><br data-start=\"3145\" data-end=\"3148\" \/>40 % Pinot Noir, 40 % Chardonnay och 10 % Pinot Meunier.<\/p>\n<p data-start=\"3206\" data-end=\"3538\"><strong data-start=\"3206\" data-end=\"3214\">Smak<\/strong><br data-start=\"3214\" data-end=\"3217\" \/>Vinet \u00e4r elegant, balanserat och klassiskt i sitt uttryck med fin mousse och vacker harmoni mellan fr\u00e4sch\u00f6r, struktur och mognad. Den l\u00e5nga lagringen ger champagnen mer djup och rond\u00f6r samtidigt som den beh\u00e5ller sitt rena och raffinerade uttryck. Stilen \u00e4r torr, men mjuk och v\u00e4lintegrerad med en l\u00e5ng och fin avslutning.<\/p>\n<p data-start=\"3540\" data-end=\"3779\"><strong data-start=\"3540\" data-end=\"3548\">Arom<\/strong><br data-start=\"3548\" data-end=\"3551\" \/>Doften bjuder p\u00e5 klassiska champagnearomer med fina nyanser av mogen frukt, ljusa \u00e4pplen, citrus och diskreta briochetoner fr\u00e5n lagringen. Ett elegant och v\u00e4lavv\u00e4gt aromatiskt uttryck med b\u00e5de fr\u00e4sch\u00f6r och utvecklad komplexitet.<\/p>\n<p data-start=\"3781\" data-end=\"4018\"><strong data-start=\"3781\" data-end=\"3793\">Karakt\u00e4r<\/strong><br data-start=\"3793\" data-end=\"3796\" \/>\u2022 Torrhet: Torr<br data-start=\"3811\" data-end=\"3814\" \/>\u2022 S\u00f6tma: L\u00e5g<br data-start=\"3826\" data-end=\"3829\" \/>\u2022 Fyllighet: Medelfyllig till fyllig<br data-start=\"3865\" data-end=\"3868\" \/>\u2022 Syra: Frisk och balanserad<br data-start=\"3896\" data-end=\"3899\" \/>\u2022 Bubblor: Fina och eleganta<br data-start=\"3927\" data-end=\"3930\" \/>\u2022 Fruktprofil: Ljusa frukter, \u00e4pple och citrus<br data-start=\"3976\" data-end=\"3979\" \/>\u2022 Stil: Elegant, klassisk och harmonisk<\/p>\n<p data-start=\"4020\" data-end=\"4042\"><strong data-start=\"4020\" data-end=\"4031\">Alkohol<\/strong><br data-start=\"4031\" data-end=\"4034\" \/>12% vol.<\/p>\n<p data-start=\"4044\" data-end=\"4368\"><strong data-start=\"4044\" data-end=\"4069\">S\u00e4rskilda k\u00e4nnetecken<\/strong><br data-start=\"4069\" data-end=\"4072\" \/>En s\u00e4rskild Premier Cru cuv\u00e9e fr\u00e5n Mutigny, producerad i sm\u00e5 m\u00e4ngder av Thibaut-Charlot. Champagnen \u00e4r gjord p\u00e5 handsk\u00f6rdade druvor och har lagrats i 7 \u00e5r, vilket ger extra djup, finess och komplexitet. Ett fint exempel p\u00e5 klassiskt hantverksbubbel fr\u00e5n en liten producent med stark personlighet.<\/p>\n<p data-start=\"4370\" data-end=\"4614\"><strong data-start=\"4370\" data-end=\"4382\">Matmatch<\/strong><br data-start=\"4382\" data-end=\"4385\" \/>Passar perfekt som aperitif och till l\u00e4ttare r\u00e4tter. Den fungerar ocks\u00e5 mycket bra till eleganta serveringar med fisk, skaldjur eller fina sm\u00e5 r\u00e4tter d\u00e4r dess balans och fr\u00e4sch\u00f6r verkligen kommer till sin r\u00e4tt. Serveras v\u00e4l kyld.<\/p>\n","protected":false},"excerpt":{"rendered":"<p>Exklusiv Premier Cru champagne fr\u00e5n Mutigny med 7 \u00e5rs lagring och elegant balans. En raffinerad cuv\u00e9e till aperitif och l\u00e4tta, eleganta r\u00e4tter.<\/p>\n","protected":false},"featured_media":1000000033900,"template":"","meta":{"_acf_changed":false,"site-sidebar-layout":"default","site-content-layout":"","ast-site-content-layout":"default","site-content-style":"default","site-sidebar-style":"default","ast-global-header-display":"","ast-banner-title-visibility":"","ast-main-header-display":"","ast-hfb-above-header-display":"","ast-hfb-below-header-display":"","ast-hfb-mobile-header-display":"","site-post-title":"","ast-breadcrumbs-content":"","ast-featured-img":"","footer-sml-layout":"","ast-disable-related-posts":"","theme-transparent-header-meta":"default","adv-header-id-meta":"","stick-header-meta":"default","header-above-stick-meta":"","header-main-stick-meta":"","header-below-stick-meta":"","astra-migrate-meta-layouts":"set","ast-page-background-enabled":"default","ast-page-background-meta":{"desktop":{"background-color":"","background-image":"","background-repeat":"repeat","background-position":"center center","background-size":"auto","background-attachment":"scroll","background-type":"","background-media":"","overlay-type":"","overlay-color":"","overlay-opacity":"","overlay-gradient":""},"tablet":{"background-color":"","background-image":"","background-repeat":"repeat","background-position":"center center","background-size":"auto","background-attachment":"scroll","background-type":"","background-media":"","overlay-type":"","overlay-color":"","overlay-opacity":"","overlay-gradient":""},"mobile":{"background-color":"","background-image":"","background-repeat":"repeat","background-position":"center center","background-size":"auto","background-attachment":"scroll","background-type":"","background-media":"","overlay-type":"","overlay-color":"","overlay-opacity":"","overlay-gradient":""}},"ast-content-background-meta":{"desktop":{"background-color":"var(--ast-global-color-5)","background-image":"","background-repeat":"repeat","background-position":"center center","background-size":"auto","background-attachment":"scroll","background-type":"","background-media":"","overlay-type":"","overlay-color":"","overlay-opacity":"","overlay-gradient":""},"tablet":{"background-color":"var(--ast-global-color-5)","background-image":"","background-repeat":"repeat","background-position":"center center","background-size":"auto","background-attachment":"scroll","background-type":"","background-media":"","overlay-type":"","overlay-color":"","overlay-opacity":"","overlay-gradient":""},"mobile":{"background-color":"var(--ast-global-color-5)","background-image":"","background-repeat":"repeat","background-position":"center center","background-size":"auto","background-attachment":"scroll","background-type":"","background-media":"","overlay-type":"","overlay-color":"","overlay-opacity":"","overlay-gradient":""}}},"product_brand":[],"product_cat":[817,1424,695],"product_tag":[],"class_list":{"0":"post-1000000033902","1":"product","2":"type-product","3":"status-publish","4":"has-post-thumbnail","6":"product_cat-champagne-sv","7":"product_cat-frankrike","8":"product_cat-sparkling-wine-sv","9":"pa_drue-pinot-noir-sv","10":"pa_drue-chardonnay-sv","11":"pa_drue-pinot-meunier-sv","12":"pa_vintype-sparkling-wine-sv","13":"desktop-align-center","14":"tablet-align-center","15":"mobile-align-center","16":"ast-product-gallery-layout-horizontal","17":"ast-product-tabs-layout-horizontal","18":"ast-qv-on-image-click","20":"first","21":"instock","22":"taxable","23":"shipping-taxable","24":"purchasable","25":"product-type-simple"},"group_of_quantity":0,"min_quantity":0,"max_quantity":"","exclude_order_quantity_value_rules":"no","exclude_category_quantity_rules":"no","combine_variations":"no","acf":[],"yoast_head":"<!-- This site is optimized with the Yoast SEO plugin v27.4 - https:\/\/yoast.com\/product\/yoast-seo-wordpress\/ -->\n<title>Thibaut-Charlot Cuv\u00e9e Hortense | Premier Cru Champagne | Mutigny<\/title>\n<meta name=\"description\" content=\"K\u00f6p Champagne Thibaut-Charlot Cuv\u00e9e Hortense. Elegant Premier Cru champagne fr\u00e5n Mutigny, lagrad i 7 \u00e5r med klassisk balans och finess.\" \/>\n<meta name=\"robots\" content=\"index, follow, max-snippet:-1, max-image-preview:large, max-video-preview:-1\" \/>\n<link rel=\"canonical\" href=\"https:\/\/detfranskevinhus.com\/sv\/vare\/thibaut-charlot-champagne-brut-hortense-lageret-i-7-aar-premier-cru\/\" \/>\n<meta property=\"og:locale\" content=\"sv_SE\" \/>\n<meta property=\"og:type\" content=\"article\" \/>\n<meta property=\"og:title\" content=\"Cuv\u00e9e Hortense. Elegant Premier Cru champagne med 7 \u00e5rs lagring\" \/>\n<meta property=\"og:description\" content=\"S\u00e4rskild champagne fr\u00e5n Thibaut-Charlot i Mutigny. Klassisk, balanserad och elegant Premier Cru cuv\u00e9e med l\u00e5ng lagring och fin finess.\" \/>\n<meta property=\"og:url\" content=\"https:\/\/detfranskevinhus.com\/sv\/vare\/thibaut-charlot-champagne-brut-hortense-lageret-i-7-aar-premier-cru\/\" \/>\n<meta property=\"og:site_name\" content=\"Det Franske Vinhus\" \/>\n<meta property=\"article:modified_time\" content=\"2026-04-09T11:00:51+00:00\" \/>\n<meta property=\"og:image\" content=\"https:\/\/detfranskevinhus.com\/wp-content\/uploads\/2026\/04\/99a-Frankrig-Champagne-Mutigny-Chardonnay-Pinot-Noir-Pinot-Meunier-Mousserende-vin-Thibaut-Charlot-Champagne-Brut-Hortense-Lageret-i-7-aar-Premier-Cru.jpeg\" \/>\n\t<meta property=\"og:image:width\" content=\"1440\" \/>\n\t<meta property=\"og:image:height\" content=\"1920\" \/>\n\t<meta property=\"og:image:type\" content=\"image\/jpeg\" \/>\n<meta name=\"twitter:card\" content=\"summary_large_image\" \/>\n<meta name=\"twitter:label1\" content=\"Ber\u00e4knad l\u00e4stid\" \/>\n\t<meta name=\"twitter:data1\" content=\"2 minuter\" \/>\n<script type=\"application\/ld+json\" class=\"yoast-schema-graph\">{\"@context\":\"https:\\\/\\\/schema.org\",\"@graph\":[{\"@type\":\"WebPage\",\"@id\":\"https:\\\/\\\/detfranskevinhus.com\\\/sv\\\/vare\\\/thibaut-charlot-champagne-brut-hortense-lageret-i-7-aar-premier-cru\\\/\",\"url\":\"https:\\\/\\\/detfranskevinhus.com\\\/sv\\\/vare\\\/thibaut-charlot-champagne-brut-hortense-lageret-i-7-aar-premier-cru\\\/\",\"name\":\"Thibaut-Charlot Cuv\u00e9e Hortense | Premier Cru Champagne | Mutigny\",\"isPartOf\":{\"@id\":\"https:\\\/\\\/detfranskevinhus.com\\\/sv\\\/#website\"},\"primaryImageOfPage\":{\"@id\":\"https:\\\/\\\/detfranskevinhus.com\\\/sv\\\/vare\\\/thibaut-charlot-champagne-brut-hortense-lageret-i-7-aar-premier-cru\\\/#primaryimage\"},\"image\":{\"@id\":\"https:\\\/\\\/detfranskevinhus.com\\\/sv\\\/vare\\\/thibaut-charlot-champagne-brut-hortense-lageret-i-7-aar-premier-cru\\\/#primaryimage\"},\"thumbnailUrl\":\"https:\\\/\\\/detfranskevinhus.com\\\/wp-content\\\/uploads\\\/2026\\\/04\\\/99a-Frankrig-Champagne-Mutigny-Chardonnay-Pinot-Noir-Pinot-Meunier-Mousserende-vin-Thibaut-Charlot-Champagne-Brut-Hortense-Lageret-i-7-aar-Premier-Cru.jpeg\",\"datePublished\":\"2026-04-09T09:38:24+00:00\",\"dateModified\":\"2026-04-09T11:00:51+00:00\",\"description\":\"K\u00f6p Champagne Thibaut-Charlot Cuv\u00e9e Hortense. Elegant Premier Cru champagne fr\u00e5n Mutigny, lagrad i 7 \u00e5r med klassisk balans och finess.\",\"breadcrumb\":{\"@id\":\"https:\\\/\\\/detfranskevinhus.com\\\/sv\\\/vare\\\/thibaut-charlot-champagne-brut-hortense-lageret-i-7-aar-premier-cru\\\/#breadcrumb\"},\"inLanguage\":\"sv-SE\",\"potentialAction\":[{\"@type\":\"ReadAction\",\"target\":[\"https:\\\/\\\/detfranskevinhus.com\\\/sv\\\/vare\\\/thibaut-charlot-champagne-brut-hortense-lageret-i-7-aar-premier-cru\\\/\"]}]},{\"@type\":\"ImageObject\",\"inLanguage\":\"sv-SE\",\"@id\":\"https:\\\/\\\/detfranskevinhus.com\\\/sv\\\/vare\\\/thibaut-charlot-champagne-brut-hortense-lageret-i-7-aar-premier-cru\\\/#primaryimage\",\"url\":\"https:\\\/\\\/detfranskevinhus.com\\\/wp-content\\\/uploads\\\/2026\\\/04\\\/99a-Frankrig-Champagne-Mutigny-Chardonnay-Pinot-Noir-Pinot-Meunier-Mousserende-vin-Thibaut-Charlot-Champagne-Brut-Hortense-Lageret-i-7-aar-Premier-Cru.jpeg\",\"contentUrl\":\"https:\\\/\\\/detfranskevinhus.com\\\/wp-content\\\/uploads\\\/2026\\\/04\\\/99a-Frankrig-Champagne-Mutigny-Chardonnay-Pinot-Noir-Pinot-Meunier-Mousserende-vin-Thibaut-Charlot-Champagne-Brut-Hortense-Lageret-i-7-aar-Premier-Cru.jpeg\",\"width\":1440,\"height\":1920,\"caption\":\"Frankrig Champagne Mutigny Chardonnay Pinot Noir Pinot Meunier Mousserende vin Thibaut-Charlot Champagne Brut Hortense, Lageret i 7 \u00e5r Premier Cru\"},{\"@type\":\"BreadcrumbList\",\"@id\":\"https:\\\/\\\/detfranskevinhus.com\\\/sv\\\/vare\\\/thibaut-charlot-champagne-brut-hortense-lageret-i-7-aar-premier-cru\\\/#breadcrumb\",\"itemListElement\":[{\"@type\":\"ListItem\",\"position\":1,\"name\":\"Shop\",\"item\":\"https:\\\/\\\/detfranskevinhus.com\\\/sv\\\/butik\\\/\"},{\"@type\":\"ListItem\",\"position\":2,\"name\":\"Thibaut-Charlot Champagne Brut Hortense, Lageret i 7 \u00e5r Premier Cru\"}]},{\"@type\":\"WebSite\",\"@id\":\"https:\\\/\\\/detfranskevinhus.com\\\/sv\\\/#website\",\"url\":\"https:\\\/\\\/detfranskevinhus.com\\\/sv\\\/\",\"name\":\"Det Franske Vinhus\",\"description\":\"\",\"publisher\":{\"@id\":\"https:\\\/\\\/detfranskevinhus.com\\\/sv\\\/#organization\"},\"potentialAction\":[{\"@type\":\"SearchAction\",\"target\":{\"@type\":\"EntryPoint\",\"urlTemplate\":\"https:\\\/\\\/detfranskevinhus.com\\\/sv\\\/?s={search_term_string}\"},\"query-input\":{\"@type\":\"PropertyValueSpecification\",\"valueRequired\":true,\"valueName\":\"search_term_string\"}}],\"inLanguage\":\"sv-SE\"},{\"@type\":\"Organization\",\"@id\":\"https:\\\/\\\/detfranskevinhus.com\\\/sv\\\/#organization\",\"name\":\"Det Franske Vinhus\",\"url\":\"https:\\\/\\\/detfranskevinhus.com\\\/sv\\\/\",\"logo\":{\"@type\":\"ImageObject\",\"inLanguage\":\"sv-SE\",\"@id\":\"https:\\\/\\\/detfranskevinhus.com\\\/sv\\\/#\\\/schema\\\/logo\\\/image\\\/\",\"url\":\"https:\\\/\\\/detfranskevinhus.com\\\/wp-content\\\/uploads\\\/2023\\\/07\\\/01_DFV_Logo_www_01-02-copy.jpg\",\"contentUrl\":\"https:\\\/\\\/detfranskevinhus.com\\\/wp-content\\\/uploads\\\/2023\\\/07\\\/01_DFV_Logo_www_01-02-copy.jpg\",\"width\":992,\"height\":482,\"caption\":\"Det Franske Vinhus\"},\"image\":{\"@id\":\"https:\\\/\\\/detfranskevinhus.com\\\/sv\\\/#\\\/schema\\\/logo\\\/image\\\/\"}}]}<\/script>\n<!-- \/ Yoast SEO plugin. -->","yoast_head_json":{"title":"Thibaut-Charlot Cuv\u00e9e Hortense | Premier Cru Champagne | Mutigny","description":"K\u00f6p Champagne Thibaut-Charlot Cuv\u00e9e Hortense. Elegant Premier Cru champagne fr\u00e5n Mutigny, lagrad i 7 \u00e5r med klassisk balans och finess.","robots":{"index":"index","follow":"follow","max-snippet":"max-snippet:-1","max-image-preview":"max-image-preview:large","max-video-preview":"max-video-preview:-1"},"canonical":"https:\/\/detfranskevinhus.com\/sv\/vare\/thibaut-charlot-champagne-brut-hortense-lageret-i-7-aar-premier-cru\/","og_locale":"sv_SE","og_type":"article","og_title":"Cuv\u00e9e Hortense. Elegant Premier Cru champagne med 7 \u00e5rs lagring","og_description":"S\u00e4rskild champagne fr\u00e5n Thibaut-Charlot i Mutigny. Klassisk, balanserad och elegant Premier Cru cuv\u00e9e med l\u00e5ng lagring och fin finess.","og_url":"https:\/\/detfranskevinhus.com\/sv\/vare\/thibaut-charlot-champagne-brut-hortense-lageret-i-7-aar-premier-cru\/","og_site_name":"Det Franske Vinhus","article_modified_time":"2026-04-09T11:00:51+00:00","og_image":[{"width":1440,"height":1920,"url":"https:\/\/detfranskevinhus.com\/wp-content\/uploads\/2026\/04\/99a-Frankrig-Champagne-Mutigny-Chardonnay-Pinot-Noir-Pinot-Meunier-Mousserende-vin-Thibaut-Charlot-Champagne-Brut-Hortense-Lageret-i-7-aar-Premier-Cru.jpeg","type":"image\/jpeg"}],"twitter_card":"summary_large_image","twitter_misc":{"Ber\u00e4knad l\u00e4stid":"2 minuter"},"schema":{"@context":"https:\/\/schema.org","@graph":[{"@type":"WebPage","@id":"https:\/\/detfranskevinhus.com\/sv\/vare\/thibaut-charlot-champagne-brut-hortense-lageret-i-7-aar-premier-cru\/","url":"https:\/\/detfranskevinhus.com\/sv\/vare\/thibaut-charlot-champagne-brut-hortense-lageret-i-7-aar-premier-cru\/","name":"Thibaut-Charlot Cuv\u00e9e Hortense | Premier Cru Champagne | Mutigny","isPartOf":{"@id":"https:\/\/detfranskevinhus.com\/sv\/#website"},"primaryImageOfPage":{"@id":"https:\/\/detfranskevinhus.com\/sv\/vare\/thibaut-charlot-champagne-brut-hortense-lageret-i-7-aar-premier-cru\/#primaryimage"},"image":{"@id":"https:\/\/detfranskevinhus.com\/sv\/vare\/thibaut-charlot-champagne-brut-hortense-lageret-i-7-aar-premier-cru\/#primaryimage"},"thumbnailUrl":"https:\/\/detfranskevinhus.com\/wp-content\/uploads\/2026\/04\/99a-Frankrig-Champagne-Mutigny-Chardonnay-Pinot-Noir-Pinot-Meunier-Mousserende-vin-Thibaut-Charlot-Champagne-Brut-Hortense-Lageret-i-7-aar-Premier-Cru.jpeg","datePublished":"2026-04-09T09:38:24+00:00","dateModified":"2026-04-09T11:00:51+00:00","description":"K\u00f6p Champagne Thibaut-Charlot Cuv\u00e9e Hortense. Elegant Premier Cru champagne fr\u00e5n Mutigny, lagrad i 7 \u00e5r med klassisk balans och finess.","breadcrumb":{"@id":"https:\/\/detfranskevinhus.com\/sv\/vare\/thibaut-charlot-champagne-brut-hortense-lageret-i-7-aar-premier-cru\/#breadcrumb"},"inLanguage":"sv-SE","potentialAction":[{"@type":"ReadAction","target":["https:\/\/detfranskevinhus.com\/sv\/vare\/thibaut-charlot-champagne-brut-hortense-lageret-i-7-aar-premier-cru\/"]}]},{"@type":"ImageObject","inLanguage":"sv-SE","@id":"https:\/\/detfranskevinhus.com\/sv\/vare\/thibaut-charlot-champagne-brut-hortense-lageret-i-7-aar-premier-cru\/#primaryimage","url":"https:\/\/detfranskevinhus.com\/wp-content\/uploads\/2026\/04\/99a-Frankrig-Champagne-Mutigny-Chardonnay-Pinot-Noir-Pinot-Meunier-Mousserende-vin-Thibaut-Charlot-Champagne-Brut-Hortense-Lageret-i-7-aar-Premier-Cru.jpeg","contentUrl":"https:\/\/detfranskevinhus.com\/wp-content\/uploads\/2026\/04\/99a-Frankrig-Champagne-Mutigny-Chardonnay-Pinot-Noir-Pinot-Meunier-Mousserende-vin-Thibaut-Charlot-Champagne-Brut-Hortense-Lageret-i-7-aar-Premier-Cru.jpeg","width":1440,"height":1920,"caption":"Frankrig Champagne Mutigny Chardonnay Pinot Noir Pinot Meunier Mousserende vin Thibaut-Charlot Champagne Brut Hortense, Lageret i 7 \u00e5r Premier Cru"},{"@type":"BreadcrumbList","@id":"https:\/\/detfranskevinhus.com\/sv\/vare\/thibaut-charlot-champagne-brut-hortense-lageret-i-7-aar-premier-cru\/#breadcrumb","itemListElement":[{"@type":"ListItem","position":1,"name":"Shop","item":"https:\/\/detfranskevinhus.com\/sv\/butik\/"},{"@type":"ListItem","position":2,"name":"Thibaut-Charlot Champagne Brut Hortense, Lageret i 7 \u00e5r Premier Cru"}]},{"@type":"WebSite","@id":"https:\/\/detfranskevinhus.com\/sv\/#website","url":"https:\/\/detfranskevinhus.com\/sv\/","name":"Det Franske Vinhus","description":"","publisher":{"@id":"https:\/\/detfranskevinhus.com\/sv\/#organization"},"potentialAction":[{"@type":"SearchAction","target":{"@type":"EntryPoint","urlTemplate":"https:\/\/detfranskevinhus.com\/sv\/?s={search_term_string}"},"query-input":{"@type":"PropertyValueSpecification","valueRequired":true,"valueName":"search_term_string"}}],"inLanguage":"sv-SE"},{"@type":"Organization","@id":"https:\/\/detfranskevinhus.com\/sv\/#organization","name":"Det Franske Vinhus","url":"https:\/\/detfranskevinhus.com\/sv\/","logo":{"@type":"ImageObject","inLanguage":"sv-SE","@id":"https:\/\/detfranskevinhus.com\/sv\/#\/schema\/logo\/image\/","url":"https:\/\/detfranskevinhus.com\/wp-content\/uploads\/2023\/07\/01_DFV_Logo_www_01-02-copy.jpg","contentUrl":"https:\/\/detfranskevinhus.com\/wp-content\/uploads\/2023\/07\/01_DFV_Logo_www_01-02-copy.jpg","width":992,"height":482,"caption":"Det Franske Vinhus"},"image":{"@id":"https:\/\/detfranskevinhus.com\/sv\/#\/schema\/logo\/image\/"}}]}},"_links":{"self":[{"href":"https:\/\/detfranskevinhus.com\/sv\/wp-json\/wp\/v2\/product\/1000000033902","targetHints":{"allow":["GET"]}}],"collection":[{"href":"https:\/\/detfranskevinhus.com\/sv\/wp-json\/wp\/v2\/product"}],"about":[{"href":"https:\/\/detfranskevinhus.com\/sv\/wp-json\/wp\/v2\/types\/product"}],"version-history":[{"count":1,"href":"https:\/\/detfranskevinhus.com\/sv\/wp-json\/wp\/v2\/product\/1000000033902\/revisions"}],"predecessor-version":[{"id":1000000033903,"href":"https:\/\/detfranskevinhus.com\/sv\/wp-json\/wp\/v2\/product\/1000000033902\/revisions\/1000000033903"}],"wp:featuredmedia":[{"embeddable":true,"href":"https:\/\/detfranskevinhus.com\/sv\/wp-json\/wp\/v2\/media\/1000000033900"}],"wp:attachment":[{"href":"https:\/\/detfranskevinhus.com\/sv\/wp-json\/wp\/v2\/media?parent=1000000033902"}],"wp:term":[{"taxonomy":"product_brand","embeddable":true,"href":"https:\/\/detfranskevinhus.com\/sv\/wp-json\/wp\/v2\/product_brand?post=1000000033902"},{"taxonomy":"product_cat","embeddable":true,"href":"https:\/\/detfranskevinhus.com\/sv\/wp-json\/wp\/v2\/product_cat?post=1000000033902"},{"taxonomy":"product_tag","embeddable":true,"href":"https:\/\/detfranskevinhus.com\/sv\/wp-json\/wp\/v2\/product_tag?post=1000000033902"}],"curies":[{"name":"wp","href":"https:\/\/api.w.org\/{rel}","templated":true}]}}