{"id":1000000033874,"date":"2026-04-09T11:31:48","date_gmt":"2026-04-09T09:31:48","guid":{"rendered":"https:\/\/detfranskevinhus.com\/?post_type=product&#038;p=1000000033874"},"modified":"2026-04-09T12:51:27","modified_gmt":"2026-04-09T10:51:27","slug":"thibaut-charlot-blanc-de-blancs-champagne-brut-lagret-3-aar-premier-cru","status":"publish","type":"product","link":"https:\/\/detfranskevinhus.com\/sv\/vare\/thibaut-charlot-blanc-de-blancs-champagne-brut-lagret-3-aar-premier-cru\/","title":{"rendered":"Thibaut-Charlot &#8211; Blanc de Blancs, Champagne Brut, Lagret 3 \u00e5r Premier Cru"},"content":{"rendered":"<p data-start=\"2312\" data-end=\"2623\"><strong data-start=\"2312\" data-end=\"2324\">Ursprung<\/strong><br data-start=\"2324\" data-end=\"2327\" \/>Denna champagne kommer fr\u00e5n Thibaut-Charlot i Mutigny i Champagne och \u00e4r klassificerad som Premier Cru. Vinet \u00e4r en Blanc de Blancs, vilket betyder att det \u00e4r gjort enbart p\u00e5 gr\u00f6na druvor, h\u00e4r 100% Chardonnay. Det representerar en klassisk champagnestil med fokus p\u00e5 friskhet, renhet och elegans.<\/p>\n<p data-start=\"2625\" data-end=\"2653\"><strong data-start=\"2625\" data-end=\"2634\">Druva<\/strong><br data-start=\"2634\" data-end=\"2637\" \/>100% Chardonnay.<\/p>\n<p data-start=\"2655\" data-end=\"2895\"><strong data-start=\"2655\" data-end=\"2663\">Smak<\/strong><br data-start=\"2663\" data-end=\"2666\" \/>Vinet \u00e4r torrt, friskt och elegant med en ren och v\u00e4lbalanserad smak. H\u00e4r m\u00f6ts fina citrustoner, l\u00e4tta gr\u00f6na fruktinslag och en stram, livlig struktur. Smaken upplevs precis och klassisk med fin balans mellan friskhet och finess.<\/p>\n<p data-start=\"2897\" data-end=\"3076\"><strong data-start=\"2897\" data-end=\"2905\">Arom<\/strong><br data-start=\"2905\" data-end=\"2908\" \/>Doften bjuder p\u00e5 friska toner av citrus, gr\u00f6na \u00e4pplen, vita blommor och en l\u00e4tt touch av brioche. En ren och elegant doft som passar vinets stil och uttryck mycket v\u00e4l.<\/p>\n<p data-start=\"3078\" data-end=\"3090\"><strong data-start=\"3078\" data-end=\"3090\">Karakt\u00e4r<\/strong><\/p>\n<ul data-start=\"3092\" data-end=\"3341\">\n<li data-section-id=\"fwfw0v\" data-start=\"3092\" data-end=\"3112\"><strong data-start=\"3094\" data-end=\"3106\">Torrhet:<\/strong> Torrt<\/li>\n<li data-section-id=\"c85yo1\" data-start=\"3113\" data-end=\"3129\"><strong data-start=\"3115\" data-end=\"3125\">S\u00f6tma:<\/strong> L\u00e5g<\/li>\n<li data-section-id=\"8jkfov\" data-start=\"3130\" data-end=\"3169\"><strong data-start=\"3132\" data-end=\"3146\">Fyllighet:<\/strong> L\u00e4tt till medelfylligt<\/li>\n<li data-section-id=\"1p24mjf\" data-start=\"3170\" data-end=\"3198\"><strong data-start=\"3172\" data-end=\"3181\">Syra:<\/strong> Frisk och livlig<\/li>\n<li data-section-id=\"f9x8gx\" data-start=\"3199\" data-end=\"3231\"><strong data-start=\"3201\" data-end=\"3213\">Bubblor:<\/strong> Fina och eleganta<\/li>\n<li data-section-id=\"1b93pfr\" data-start=\"3232\" data-end=\"3289\"><strong data-start=\"3234\" data-end=\"3250\">Fruktprofil:<\/strong> Citrus, gr\u00f6na \u00e4pplen och ljusa frukter<\/li>\n<li data-section-id=\"55akm9\" data-start=\"3290\" data-end=\"3341\"><strong data-start=\"3292\" data-end=\"3301\">Stil:<\/strong> Ren, frisk och klassisk Blanc de Blancs<\/li>\n<\/ul>\n<p data-start=\"3343\" data-end=\"3365\"><strong data-start=\"3343\" data-end=\"3354\">Alkohol<\/strong><br data-start=\"3354\" data-end=\"3357\" \/>12% vol.<\/p>\n<p data-start=\"3367\" data-end=\"3586\"><strong data-start=\"3367\" data-end=\"3392\">S\u00e4rskilda k\u00e4nnetecken<\/strong><br data-start=\"3392\" data-end=\"3395\" \/>En klassisk Premier Cru Blanc de Blancs fr\u00e5n Mutigny gjord p\u00e5 100% handsk\u00f6rdad Chardonnay. Vinet har ett rent och elegant uttryck med fokus p\u00e5 friskhet, balans och klassisk champagnekarakt\u00e4r.<\/p>\n<p data-start=\"3588\" data-end=\"3805\"><strong data-start=\"3588\" data-end=\"3600\">Matmatch<\/strong><br data-start=\"3600\" data-end=\"3603\" \/>Passar utm\u00e4rkt som aperitif och fungerar ocks\u00e5 bra till l\u00e4tta r\u00e4tter, skaldjur, ostron, vit fisk och eleganta f\u00f6rr\u00e4tter. S\u00e4rskilt bra n\u00e4r man vill ha en frisk och elegant champagne med ett rent uttryck.<\/p>\n","protected":false},"excerpt":{"rendered":"<p>Klassisk Blanc de Blancs Premier Cru-champagne fr\u00e5n Mutigny p\u00e5 100% Chardonnay. Frisk, elegant och ren i stilen med fina bubblor och vacker balans.<\/p>\n","protected":false},"featured_media":1000000033872,"template":"","meta":{"_acf_changed":false,"site-sidebar-layout":"default","site-content-layout":"","ast-site-content-layout":"default","site-content-style":"default","site-sidebar-style":"default","ast-global-header-display":"","ast-banner-title-visibility":"","ast-main-header-display":"","ast-hfb-above-header-display":"","ast-hfb-below-header-display":"","ast-hfb-mobile-header-display":"","site-post-title":"","ast-breadcrumbs-content":"","ast-featured-img":"","footer-sml-layout":"","ast-disable-related-posts":"","theme-transparent-header-meta":"default","adv-header-id-meta":"","stick-header-meta":"default","header-above-stick-meta":"","header-main-stick-meta":"","header-below-stick-meta":"","astra-migrate-meta-layouts":"set","ast-page-background-enabled":"default","ast-page-background-meta":{"desktop":{"background-color":"","background-image":"","background-repeat":"repeat","background-position":"center center","background-size":"auto","background-attachment":"scroll","background-type":"","background-media":"","overlay-type":"","overlay-color":"","overlay-opacity":"","overlay-gradient":""},"tablet":{"background-color":"","background-image":"","background-repeat":"repeat","background-position":"center center","background-size":"auto","background-attachment":"scroll","background-type":"","background-media":"","overlay-type":"","overlay-color":"","overlay-opacity":"","overlay-gradient":""},"mobile":{"background-color":"","background-image":"","background-repeat":"repeat","background-position":"center center","background-size":"auto","background-attachment":"scroll","background-type":"","background-media":"","overlay-type":"","overlay-color":"","overlay-opacity":"","overlay-gradient":""}},"ast-content-background-meta":{"desktop":{"background-color":"var(--ast-global-color-5)","background-image":"","background-repeat":"repeat","background-position":"center center","background-size":"auto","background-attachment":"scroll","background-type":"","background-media":"","overlay-type":"","overlay-color":"","overlay-opacity":"","overlay-gradient":""},"tablet":{"background-color":"var(--ast-global-color-5)","background-image":"","background-repeat":"repeat","background-position":"center center","background-size":"auto","background-attachment":"scroll","background-type":"","background-media":"","overlay-type":"","overlay-color":"","overlay-opacity":"","overlay-gradient":""},"mobile":{"background-color":"var(--ast-global-color-5)","background-image":"","background-repeat":"repeat","background-position":"center center","background-size":"auto","background-attachment":"scroll","background-type":"","background-media":"","overlay-type":"","overlay-color":"","overlay-opacity":"","overlay-gradient":""}}},"product_brand":[],"product_cat":[817,1424,695],"product_tag":[],"class_list":{"0":"post-1000000033874","1":"product","2":"type-product","3":"status-publish","4":"has-post-thumbnail","6":"product_cat-champagne-sv","7":"product_cat-frankrike","8":"product_cat-sparkling-wine-sv","9":"pa_drue-chardonnay-sv","10":"pa_vintype-sparkling-wine-sv","11":"desktop-align-center","12":"tablet-align-center","13":"mobile-align-center","14":"ast-product-gallery-layout-horizontal","15":"ast-product-tabs-layout-horizontal","16":"ast-qv-on-image-click","18":"first","19":"instock","20":"taxable","21":"shipping-taxable","22":"purchasable","23":"product-type-simple"},"group_of_quantity":0,"min_quantity":0,"max_quantity":"","exclude_order_quantity_value_rules":"no","exclude_category_quantity_rules":"no","combine_variations":"no","acf":[],"yoast_head":"<!-- This site is optimized with the Yoast SEO plugin v27.4 - https:\/\/yoast.com\/product\/yoast-seo-wordpress\/ -->\n<title>Thibaut-Charlot Blanc de Blancs Premier Cru<\/title>\n<meta name=\"description\" content=\"K\u00f6p Thibaut-Charlot Blanc de Blancs Premier Cru. Klassisk champagne fr\u00e5n Mutigny med frisk, ren och elegant stil p\u00e5 100% Chardonnay.\" \/>\n<meta name=\"robots\" content=\"index, follow, max-snippet:-1, max-image-preview:large, max-video-preview:-1\" \/>\n<link rel=\"canonical\" href=\"https:\/\/detfranskevinhus.com\/sv\/vare\/thibaut-charlot-blanc-de-blancs-champagne-brut-lagret-3-aar-premier-cru\/\" \/>\n<meta property=\"og:locale\" content=\"sv_SE\" \/>\n<meta property=\"og:type\" content=\"article\" \/>\n<meta property=\"og:title\" content=\"Blanc de Blancs Champagne fr\u00e5n Mutigny\" \/>\n<meta property=\"og:description\" content=\"Elegant och frisk Premier Cru Blanc de Blancs fr\u00e5n Thibaut-Charlot. En klassisk champagne med ren stil och fina, livliga bubblor.\" \/>\n<meta property=\"og:url\" content=\"https:\/\/detfranskevinhus.com\/sv\/vare\/thibaut-charlot-blanc-de-blancs-champagne-brut-lagret-3-aar-premier-cru\/\" \/>\n<meta property=\"og:site_name\" content=\"Det Franske Vinhus\" \/>\n<meta property=\"article:modified_time\" content=\"2026-04-09T10:51:27+00:00\" \/>\n<meta property=\"og:image\" content=\"https:\/\/detfranskevinhus.com\/wp-content\/uploads\/2026\/04\/105-Frankrig-Champagne-Mutigny-Chardonnay-Mousserende-vin-Thibaut-Charlot-Blanc-de-Blancs-Champagne-Brut-Lagret-3-aar-Premier-Cru.jpeg\" \/>\n\t<meta property=\"og:image:width\" content=\"1440\" \/>\n\t<meta property=\"og:image:height\" content=\"1920\" \/>\n\t<meta property=\"og:image:type\" content=\"image\/jpeg\" \/>\n<meta name=\"twitter:card\" content=\"summary_large_image\" \/>\n<meta name=\"twitter:label1\" content=\"Ber\u00e4knad l\u00e4stid\" \/>\n\t<meta name=\"twitter:data1\" content=\"2 minuter\" \/>\n<script type=\"application\/ld+json\" class=\"yoast-schema-graph\">{\"@context\":\"https:\\\/\\\/schema.org\",\"@graph\":[{\"@type\":\"WebPage\",\"@id\":\"https:\\\/\\\/detfranskevinhus.com\\\/sv\\\/vare\\\/thibaut-charlot-blanc-de-blancs-champagne-brut-lagret-3-aar-premier-cru\\\/\",\"url\":\"https:\\\/\\\/detfranskevinhus.com\\\/sv\\\/vare\\\/thibaut-charlot-blanc-de-blancs-champagne-brut-lagret-3-aar-premier-cru\\\/\",\"name\":\"Thibaut-Charlot Blanc de Blancs Premier Cru\",\"isPartOf\":{\"@id\":\"https:\\\/\\\/detfranskevinhus.com\\\/sv\\\/#website\"},\"primaryImageOfPage\":{\"@id\":\"https:\\\/\\\/detfranskevinhus.com\\\/sv\\\/vare\\\/thibaut-charlot-blanc-de-blancs-champagne-brut-lagret-3-aar-premier-cru\\\/#primaryimage\"},\"image\":{\"@id\":\"https:\\\/\\\/detfranskevinhus.com\\\/sv\\\/vare\\\/thibaut-charlot-blanc-de-blancs-champagne-brut-lagret-3-aar-premier-cru\\\/#primaryimage\"},\"thumbnailUrl\":\"https:\\\/\\\/detfranskevinhus.com\\\/wp-content\\\/uploads\\\/2026\\\/04\\\/105-Frankrig-Champagne-Mutigny-Chardonnay-Mousserende-vin-Thibaut-Charlot-Blanc-de-Blancs-Champagne-Brut-Lagret-3-aar-Premier-Cru.jpeg\",\"datePublished\":\"2026-04-09T09:31:48+00:00\",\"dateModified\":\"2026-04-09T10:51:27+00:00\",\"description\":\"K\u00f6p Thibaut-Charlot Blanc de Blancs Premier Cru. Klassisk champagne fr\u00e5n Mutigny med frisk, ren och elegant stil p\u00e5 100% Chardonnay.\",\"breadcrumb\":{\"@id\":\"https:\\\/\\\/detfranskevinhus.com\\\/sv\\\/vare\\\/thibaut-charlot-blanc-de-blancs-champagne-brut-lagret-3-aar-premier-cru\\\/#breadcrumb\"},\"inLanguage\":\"sv-SE\",\"potentialAction\":[{\"@type\":\"ReadAction\",\"target\":[\"https:\\\/\\\/detfranskevinhus.com\\\/sv\\\/vare\\\/thibaut-charlot-blanc-de-blancs-champagne-brut-lagret-3-aar-premier-cru\\\/\"]}]},{\"@type\":\"ImageObject\",\"inLanguage\":\"sv-SE\",\"@id\":\"https:\\\/\\\/detfranskevinhus.com\\\/sv\\\/vare\\\/thibaut-charlot-blanc-de-blancs-champagne-brut-lagret-3-aar-premier-cru\\\/#primaryimage\",\"url\":\"https:\\\/\\\/detfranskevinhus.com\\\/wp-content\\\/uploads\\\/2026\\\/04\\\/105-Frankrig-Champagne-Mutigny-Chardonnay-Mousserende-vin-Thibaut-Charlot-Blanc-de-Blancs-Champagne-Brut-Lagret-3-aar-Premier-Cru.jpeg\",\"contentUrl\":\"https:\\\/\\\/detfranskevinhus.com\\\/wp-content\\\/uploads\\\/2026\\\/04\\\/105-Frankrig-Champagne-Mutigny-Chardonnay-Mousserende-vin-Thibaut-Charlot-Blanc-de-Blancs-Champagne-Brut-Lagret-3-aar-Premier-Cru.jpeg\",\"width\":1440,\"height\":1920,\"caption\":\"Frankrig Champagne Mutigny Chardonnay Mousserende vin Thibaut-Charlot - Blanc de Blancs, Champagne Brut, Lagret 3 \u00e5r Premier Cru\"},{\"@type\":\"BreadcrumbList\",\"@id\":\"https:\\\/\\\/detfranskevinhus.com\\\/sv\\\/vare\\\/thibaut-charlot-blanc-de-blancs-champagne-brut-lagret-3-aar-premier-cru\\\/#breadcrumb\",\"itemListElement\":[{\"@type\":\"ListItem\",\"position\":1,\"name\":\"Shop\",\"item\":\"https:\\\/\\\/detfranskevinhus.com\\\/sv\\\/butik\\\/\"},{\"@type\":\"ListItem\",\"position\":2,\"name\":\"Thibaut-Charlot &#8211; Blanc de Blancs, Champagne Brut, Lagret 3 \u00e5r Premier Cru\"}]},{\"@type\":\"WebSite\",\"@id\":\"https:\\\/\\\/detfranskevinhus.com\\\/sv\\\/#website\",\"url\":\"https:\\\/\\\/detfranskevinhus.com\\\/sv\\\/\",\"name\":\"Det Franske Vinhus\",\"description\":\"\",\"publisher\":{\"@id\":\"https:\\\/\\\/detfranskevinhus.com\\\/sv\\\/#organization\"},\"potentialAction\":[{\"@type\":\"SearchAction\",\"target\":{\"@type\":\"EntryPoint\",\"urlTemplate\":\"https:\\\/\\\/detfranskevinhus.com\\\/sv\\\/?s={search_term_string}\"},\"query-input\":{\"@type\":\"PropertyValueSpecification\",\"valueRequired\":true,\"valueName\":\"search_term_string\"}}],\"inLanguage\":\"sv-SE\"},{\"@type\":\"Organization\",\"@id\":\"https:\\\/\\\/detfranskevinhus.com\\\/sv\\\/#organization\",\"name\":\"Det Franske Vinhus\",\"url\":\"https:\\\/\\\/detfranskevinhus.com\\\/sv\\\/\",\"logo\":{\"@type\":\"ImageObject\",\"inLanguage\":\"sv-SE\",\"@id\":\"https:\\\/\\\/detfranskevinhus.com\\\/sv\\\/#\\\/schema\\\/logo\\\/image\\\/\",\"url\":\"https:\\\/\\\/detfranskevinhus.com\\\/wp-content\\\/uploads\\\/2023\\\/07\\\/01_DFV_Logo_www_01-02-copy.jpg\",\"contentUrl\":\"https:\\\/\\\/detfranskevinhus.com\\\/wp-content\\\/uploads\\\/2023\\\/07\\\/01_DFV_Logo_www_01-02-copy.jpg\",\"width\":992,\"height\":482,\"caption\":\"Det Franske Vinhus\"},\"image\":{\"@id\":\"https:\\\/\\\/detfranskevinhus.com\\\/sv\\\/#\\\/schema\\\/logo\\\/image\\\/\"}}]}<\/script>\n<!-- \/ Yoast SEO plugin. -->","yoast_head_json":{"title":"Thibaut-Charlot Blanc de Blancs Premier Cru","description":"K\u00f6p Thibaut-Charlot Blanc de Blancs Premier Cru. Klassisk champagne fr\u00e5n Mutigny med frisk, ren och elegant stil p\u00e5 100% Chardonnay.","robots":{"index":"index","follow":"follow","max-snippet":"max-snippet:-1","max-image-preview":"max-image-preview:large","max-video-preview":"max-video-preview:-1"},"canonical":"https:\/\/detfranskevinhus.com\/sv\/vare\/thibaut-charlot-blanc-de-blancs-champagne-brut-lagret-3-aar-premier-cru\/","og_locale":"sv_SE","og_type":"article","og_title":"Blanc de Blancs Champagne fr\u00e5n Mutigny","og_description":"Elegant och frisk Premier Cru Blanc de Blancs fr\u00e5n Thibaut-Charlot. En klassisk champagne med ren stil och fina, livliga bubblor.","og_url":"https:\/\/detfranskevinhus.com\/sv\/vare\/thibaut-charlot-blanc-de-blancs-champagne-brut-lagret-3-aar-premier-cru\/","og_site_name":"Det Franske Vinhus","article_modified_time":"2026-04-09T10:51:27+00:00","og_image":[{"width":1440,"height":1920,"url":"https:\/\/detfranskevinhus.com\/wp-content\/uploads\/2026\/04\/105-Frankrig-Champagne-Mutigny-Chardonnay-Mousserende-vin-Thibaut-Charlot-Blanc-de-Blancs-Champagne-Brut-Lagret-3-aar-Premier-Cru.jpeg","type":"image\/jpeg"}],"twitter_card":"summary_large_image","twitter_misc":{"Ber\u00e4knad l\u00e4stid":"2 minuter"},"schema":{"@context":"https:\/\/schema.org","@graph":[{"@type":"WebPage","@id":"https:\/\/detfranskevinhus.com\/sv\/vare\/thibaut-charlot-blanc-de-blancs-champagne-brut-lagret-3-aar-premier-cru\/","url":"https:\/\/detfranskevinhus.com\/sv\/vare\/thibaut-charlot-blanc-de-blancs-champagne-brut-lagret-3-aar-premier-cru\/","name":"Thibaut-Charlot Blanc de Blancs Premier Cru","isPartOf":{"@id":"https:\/\/detfranskevinhus.com\/sv\/#website"},"primaryImageOfPage":{"@id":"https:\/\/detfranskevinhus.com\/sv\/vare\/thibaut-charlot-blanc-de-blancs-champagne-brut-lagret-3-aar-premier-cru\/#primaryimage"},"image":{"@id":"https:\/\/detfranskevinhus.com\/sv\/vare\/thibaut-charlot-blanc-de-blancs-champagne-brut-lagret-3-aar-premier-cru\/#primaryimage"},"thumbnailUrl":"https:\/\/detfranskevinhus.com\/wp-content\/uploads\/2026\/04\/105-Frankrig-Champagne-Mutigny-Chardonnay-Mousserende-vin-Thibaut-Charlot-Blanc-de-Blancs-Champagne-Brut-Lagret-3-aar-Premier-Cru.jpeg","datePublished":"2026-04-09T09:31:48+00:00","dateModified":"2026-04-09T10:51:27+00:00","description":"K\u00f6p Thibaut-Charlot Blanc de Blancs Premier Cru. Klassisk champagne fr\u00e5n Mutigny med frisk, ren och elegant stil p\u00e5 100% Chardonnay.","breadcrumb":{"@id":"https:\/\/detfranskevinhus.com\/sv\/vare\/thibaut-charlot-blanc-de-blancs-champagne-brut-lagret-3-aar-premier-cru\/#breadcrumb"},"inLanguage":"sv-SE","potentialAction":[{"@type":"ReadAction","target":["https:\/\/detfranskevinhus.com\/sv\/vare\/thibaut-charlot-blanc-de-blancs-champagne-brut-lagret-3-aar-premier-cru\/"]}]},{"@type":"ImageObject","inLanguage":"sv-SE","@id":"https:\/\/detfranskevinhus.com\/sv\/vare\/thibaut-charlot-blanc-de-blancs-champagne-brut-lagret-3-aar-premier-cru\/#primaryimage","url":"https:\/\/detfranskevinhus.com\/wp-content\/uploads\/2026\/04\/105-Frankrig-Champagne-Mutigny-Chardonnay-Mousserende-vin-Thibaut-Charlot-Blanc-de-Blancs-Champagne-Brut-Lagret-3-aar-Premier-Cru.jpeg","contentUrl":"https:\/\/detfranskevinhus.com\/wp-content\/uploads\/2026\/04\/105-Frankrig-Champagne-Mutigny-Chardonnay-Mousserende-vin-Thibaut-Charlot-Blanc-de-Blancs-Champagne-Brut-Lagret-3-aar-Premier-Cru.jpeg","width":1440,"height":1920,"caption":"Frankrig Champagne Mutigny Chardonnay Mousserende vin Thibaut-Charlot - Blanc de Blancs, Champagne Brut, Lagret 3 \u00e5r Premier Cru"},{"@type":"BreadcrumbList","@id":"https:\/\/detfranskevinhus.com\/sv\/vare\/thibaut-charlot-blanc-de-blancs-champagne-brut-lagret-3-aar-premier-cru\/#breadcrumb","itemListElement":[{"@type":"ListItem","position":1,"name":"Shop","item":"https:\/\/detfranskevinhus.com\/sv\/butik\/"},{"@type":"ListItem","position":2,"name":"Thibaut-Charlot &#8211; Blanc de Blancs, Champagne Brut, Lagret 3 \u00e5r Premier Cru"}]},{"@type":"WebSite","@id":"https:\/\/detfranskevinhus.com\/sv\/#website","url":"https:\/\/detfranskevinhus.com\/sv\/","name":"Det Franske Vinhus","description":"","publisher":{"@id":"https:\/\/detfranskevinhus.com\/sv\/#organization"},"potentialAction":[{"@type":"SearchAction","target":{"@type":"EntryPoint","urlTemplate":"https:\/\/detfranskevinhus.com\/sv\/?s={search_term_string}"},"query-input":{"@type":"PropertyValueSpecification","valueRequired":true,"valueName":"search_term_string"}}],"inLanguage":"sv-SE"},{"@type":"Organization","@id":"https:\/\/detfranskevinhus.com\/sv\/#organization","name":"Det Franske Vinhus","url":"https:\/\/detfranskevinhus.com\/sv\/","logo":{"@type":"ImageObject","inLanguage":"sv-SE","@id":"https:\/\/detfranskevinhus.com\/sv\/#\/schema\/logo\/image\/","url":"https:\/\/detfranskevinhus.com\/wp-content\/uploads\/2023\/07\/01_DFV_Logo_www_01-02-copy.jpg","contentUrl":"https:\/\/detfranskevinhus.com\/wp-content\/uploads\/2023\/07\/01_DFV_Logo_www_01-02-copy.jpg","width":992,"height":482,"caption":"Det Franske Vinhus"},"image":{"@id":"https:\/\/detfranskevinhus.com\/sv\/#\/schema\/logo\/image\/"}}]}},"_links":{"self":[{"href":"https:\/\/detfranskevinhus.com\/sv\/wp-json\/wp\/v2\/product\/1000000033874","targetHints":{"allow":["GET"]}}],"collection":[{"href":"https:\/\/detfranskevinhus.com\/sv\/wp-json\/wp\/v2\/product"}],"about":[{"href":"https:\/\/detfranskevinhus.com\/sv\/wp-json\/wp\/v2\/types\/product"}],"version-history":[{"count":1,"href":"https:\/\/detfranskevinhus.com\/sv\/wp-json\/wp\/v2\/product\/1000000033874\/revisions"}],"predecessor-version":[{"id":1000000033875,"href":"https:\/\/detfranskevinhus.com\/sv\/wp-json\/wp\/v2\/product\/1000000033874\/revisions\/1000000033875"}],"wp:featuredmedia":[{"embeddable":true,"href":"https:\/\/detfranskevinhus.com\/sv\/wp-json\/wp\/v2\/media\/1000000033872"}],"wp:attachment":[{"href":"https:\/\/detfranskevinhus.com\/sv\/wp-json\/wp\/v2\/media?parent=1000000033874"}],"wp:term":[{"taxonomy":"product_brand","embeddable":true,"href":"https:\/\/detfranskevinhus.com\/sv\/wp-json\/wp\/v2\/product_brand?post=1000000033874"},{"taxonomy":"product_cat","embeddable":true,"href":"https:\/\/detfranskevinhus.com\/sv\/wp-json\/wp\/v2\/product_cat?post=1000000033874"},{"taxonomy":"product_tag","embeddable":true,"href":"https:\/\/detfranskevinhus.com\/sv\/wp-json\/wp\/v2\/product_tag?post=1000000033874"}],"curies":[{"name":"wp","href":"https:\/\/api.w.org\/{rel}","templated":true}]}}