{"id":1000000033864,"date":"2026-04-09T10:47:43","date_gmt":"2026-04-09T08:47:43","guid":{"rendered":"https:\/\/detfranskevinhus.com\/?post_type=product&#038;p=1000000033864"},"modified":"2026-04-09T12:49:21","modified_gmt":"2026-04-09T10:49:21","slug":"thibaut-charlot-champagne-brut-lagret-i-3-aar-premier-cru-2","status":"publish","type":"product","link":"https:\/\/detfranskevinhus.com\/sv\/vare\/thibaut-charlot-champagne-brut-lagret-i-3-aar-premier-cru-2\/","title":{"rendered":"Thibaut-Charlot  Champagne Brut, lagret i 3 \u00e5r Premier Cru"},"content":{"rendered":"<p data-start=\"2365\" data-end=\"2668\"><strong data-start=\"2365\" data-end=\"2377\">Ursprung<\/strong><br data-start=\"2377\" data-end=\"2380\" \/>Denna champagne produceras av Thibaut-Charlot i Mutigny i Champagne och \u00e4r klassificerad som Premier Cru. Vinet \u00e4r gjort i klassisk brut stil med fokus p\u00e5 balans, friskhet och elegans. Det \u00e4r en cuv\u00e9e som f\u00f6renar omr\u00e5dets traditionella champagneuttryck med fin mognad fr\u00e5n l\u00e4ngre lagring.<\/p>\n<p data-start=\"2670\" data-end=\"2716\"><strong data-start=\"2670\" data-end=\"2679\">Druva<\/strong><br data-start=\"2679\" data-end=\"2682\" \/>50% Pinot Noir och 50% Chardonnay.<\/p>\n<p data-start=\"2718\" data-end=\"2993\"><strong data-start=\"2718\" data-end=\"2726\">Smak<\/strong><br data-start=\"2726\" data-end=\"2729\" \/>Vinet \u00e4r torrt, friskt och v\u00e4lbalanserat med en elegant mousse och en klassisk champagneprofil. Smaken \u00e4r ren och precis, d\u00e4r friskhet och struktur g\u00e5r hand i hand. Den l\u00e5nga lagringen ger extra djup och harmoni, samtidigt som stilen f\u00f6rblir livlig och raffinerad.<\/p>\n<p data-start=\"2995\" data-end=\"3207\"><strong data-start=\"2995\" data-end=\"3003\">Arom<\/strong><br data-start=\"3003\" data-end=\"3006\" \/>Doften bjuder p\u00e5 ett klassiskt champagneuttryck med fina, friska nyanser och elegant karakt\u00e4r. H\u00e4r m\u00f6ts renhet, l\u00e4tt briocheton och diskret fruktighet i en stil som k\u00e4nns b\u00e5de inbjudande och v\u00e4lavv\u00e4gd.<\/p>\n<p data-start=\"3209\" data-end=\"3221\"><strong data-start=\"3209\" data-end=\"3221\">Karakt\u00e4r<\/strong><\/p>\n<ul data-start=\"3222\" data-end=\"3443\">\n<li data-section-id=\"688c0v\" data-start=\"3222\" data-end=\"3238\">Torrhet: Torrt<\/li>\n<li data-section-id=\"1ku6t35\" data-start=\"3239\" data-end=\"3251\">S\u00f6tma: L\u00e5g<\/li>\n<li data-section-id=\"8l23x6\" data-start=\"3252\" data-end=\"3277\">Fyllighet: Medelfylligt<\/li>\n<li data-section-id=\"1hrg9wr\" data-start=\"3278\" data-end=\"3306\">Syra: Frisk och balanserad<\/li>\n<li data-section-id=\"1yrpcm9\" data-start=\"3307\" data-end=\"3335\">Bubblor: Fina och eleganta<\/li>\n<li data-section-id=\"e4c3nn\" data-start=\"3336\" data-end=\"3399\">Fruktprofil: Friska ljusa frukttoner med diskret citruspr\u00e4gel<\/li>\n<li data-section-id=\"16kjrxc\" data-start=\"3400\" data-end=\"3443\">Stil: Klassisk, elegant och v\u00e4lbalanserad<\/li>\n<\/ul>\n<p data-start=\"3445\" data-end=\"3467\"><strong data-start=\"3445\" data-end=\"3456\">Alkohol<\/strong><br data-start=\"3456\" data-end=\"3459\" \/>12% vol.<\/p>\n<p data-start=\"3469\" data-end=\"3728\"><strong data-start=\"3469\" data-end=\"3494\">S\u00e4rskilda k\u00e4nnetecken<\/strong><br data-start=\"3494\" data-end=\"3497\" \/>En klassisk Premier Cru-champagne fr\u00e5n Mutigny, sammansatt av lika delar Pinot Noir och Chardonnay. Vinet har lagrats i 3 \u00e5r, vilket \u00e4r betydligt l\u00e4ngre \u00e4n minimikravet i Champagne, och det ger extra rond\u00f6r, komplexitet och finess.<\/p>\n<p data-start=\"3730\" data-end=\"3943\"><strong data-start=\"3730\" data-end=\"3742\">Matmatch<\/strong><br data-start=\"3742\" data-end=\"3745\" \/>Passar s\u00e4rskilt bra som aperitif och till l\u00e4tta r\u00e4tter. Det fungerar utm\u00e4rkt till skaldjur, fina fiskr\u00e4tter, sm\u00e5 appetizers och eleganta serveringar d\u00e4r vinets friskhet och balans f\u00e5r st\u00e5 i centrum.<\/p>\n","protected":false},"excerpt":{"rendered":"<p>Klassisk Premier Cru-champagne fr\u00e5n Mutigny med friskhet, balans och elegant stil. Lagrad i 3 \u00e5r f\u00f6r extra finess och harmoni.<\/p>\n","protected":false},"featured_media":1000000033862,"template":"","meta":{"_acf_changed":false,"site-sidebar-layout":"default","site-content-layout":"","ast-site-content-layout":"default","site-content-style":"default","site-sidebar-style":"default","ast-global-header-display":"","ast-banner-title-visibility":"","ast-main-header-display":"","ast-hfb-above-header-display":"","ast-hfb-below-header-display":"","ast-hfb-mobile-header-display":"","site-post-title":"","ast-breadcrumbs-content":"","ast-featured-img":"","footer-sml-layout":"","ast-disable-related-posts":"","theme-transparent-header-meta":"default","adv-header-id-meta":"","stick-header-meta":"default","header-above-stick-meta":"","header-main-stick-meta":"","header-below-stick-meta":"","astra-migrate-meta-layouts":"set","ast-page-background-enabled":"default","ast-page-background-meta":{"desktop":{"background-color":"","background-image":"","background-repeat":"repeat","background-position":"center center","background-size":"auto","background-attachment":"scroll","background-type":"","background-media":"","overlay-type":"","overlay-color":"","overlay-opacity":"","overlay-gradient":""},"tablet":{"background-color":"","background-image":"","background-repeat":"repeat","background-position":"center center","background-size":"auto","background-attachment":"scroll","background-type":"","background-media":"","overlay-type":"","overlay-color":"","overlay-opacity":"","overlay-gradient":""},"mobile":{"background-color":"","background-image":"","background-repeat":"repeat","background-position":"center center","background-size":"auto","background-attachment":"scroll","background-type":"","background-media":"","overlay-type":"","overlay-color":"","overlay-opacity":"","overlay-gradient":""}},"ast-content-background-meta":{"desktop":{"background-color":"var(--ast-global-color-5)","background-image":"","background-repeat":"repeat","background-position":"center center","background-size":"auto","background-attachment":"scroll","background-type":"","background-media":"","overlay-type":"","overlay-color":"","overlay-opacity":"","overlay-gradient":""},"tablet":{"background-color":"var(--ast-global-color-5)","background-image":"","background-repeat":"repeat","background-position":"center center","background-size":"auto","background-attachment":"scroll","background-type":"","background-media":"","overlay-type":"","overlay-color":"","overlay-opacity":"","overlay-gradient":""},"mobile":{"background-color":"var(--ast-global-color-5)","background-image":"","background-repeat":"repeat","background-position":"center center","background-size":"auto","background-attachment":"scroll","background-type":"","background-media":"","overlay-type":"","overlay-color":"","overlay-opacity":"","overlay-gradient":""}}},"product_brand":[],"product_cat":[817,1424,695],"product_tag":[],"class_list":{"0":"post-1000000033864","1":"product","2":"type-product","3":"status-publish","4":"has-post-thumbnail","6":"product_cat-champagne-sv","7":"product_cat-frankrike","8":"product_cat-sparkling-wine-sv","9":"pa_drue-pinot-noir-sv","10":"pa_drue-chardonnay-sv","11":"pa_vintype-sparkling-wine-sv","12":"desktop-align-center","13":"tablet-align-center","14":"mobile-align-center","15":"ast-product-gallery-layout-horizontal","16":"ast-product-tabs-layout-horizontal","17":"ast-qv-on-image-click","19":"first","20":"instock","21":"taxable","22":"shipping-taxable","23":"purchasable","24":"product-type-simple"},"group_of_quantity":0,"min_quantity":0,"max_quantity":"","exclude_order_quantity_value_rules":"no","exclude_category_quantity_rules":"no","combine_variations":"no","acf":[],"yoast_head":"<!-- This site is optimized with the Yoast SEO plugin v27.4 - https:\/\/yoast.com\/product\/yoast-seo-wordpress\/ -->\n<title>Thibaut-Charlot Premier Cru Brut Champagne<\/title>\n<meta name=\"description\" content=\"K\u00f6p Thibaut-Charlot Premier Cru Brut Champagne. Klassisk Premier Cru-champagne fr\u00e5n Mutigny med frisk, elegant stil och fin balans.\" \/>\n<meta name=\"robots\" content=\"index, follow, max-snippet:-1, max-image-preview:large, max-video-preview:-1\" \/>\n<link rel=\"canonical\" href=\"https:\/\/detfranskevinhus.com\/sv\/vare\/thibaut-charlot-champagne-brut-lagret-i-3-aar-premier-cru-2\/\" \/>\n<meta property=\"og:locale\" content=\"sv_SE\" \/>\n<meta property=\"og:type\" content=\"article\" \/>\n<meta property=\"og:title\" content=\"Klassisk Premier Cru Champagne\" \/>\n<meta property=\"og:description\" content=\"Elegant brut-champagne fr\u00e5n Thibaut-Charlot med frisk, balanserad och klassisk stil. Perfekt som aperitif och till l\u00e4tta r\u00e4tter.\" \/>\n<meta property=\"og:url\" content=\"https:\/\/detfranskevinhus.com\/sv\/vare\/thibaut-charlot-champagne-brut-lagret-i-3-aar-premier-cru-2\/\" \/>\n<meta property=\"og:site_name\" content=\"Det Franske Vinhus\" \/>\n<meta property=\"article:modified_time\" content=\"2026-04-09T10:49:21+00:00\" \/>\n<meta property=\"og:image\" content=\"https:\/\/detfranskevinhus.com\/wp-content\/uploads\/2026\/04\/101-Frankrig-Champagne-Mutigny-Chardonnay-Pinot-Noir-Mousserende-vin-Thibaut-Charlot-Champagne-Brut-lagret-i-3-aar-Premier-Cru.jpeg\" \/>\n\t<meta property=\"og:image:width\" content=\"1440\" \/>\n\t<meta property=\"og:image:height\" content=\"1920\" \/>\n\t<meta property=\"og:image:type\" content=\"image\/jpeg\" \/>\n<meta name=\"twitter:card\" content=\"summary_large_image\" \/>\n<meta name=\"twitter:label1\" content=\"Ber\u00e4knad l\u00e4stid\" \/>\n\t<meta name=\"twitter:data1\" content=\"2 minuter\" \/>\n<script type=\"application\/ld+json\" class=\"yoast-schema-graph\">{\"@context\":\"https:\\\/\\\/schema.org\",\"@graph\":[{\"@type\":\"WebPage\",\"@id\":\"https:\\\/\\\/detfranskevinhus.com\\\/sv\\\/vare\\\/thibaut-charlot-champagne-brut-lagret-i-3-aar-premier-cru-2\\\/\",\"url\":\"https:\\\/\\\/detfranskevinhus.com\\\/sv\\\/vare\\\/thibaut-charlot-champagne-brut-lagret-i-3-aar-premier-cru-2\\\/\",\"name\":\"Thibaut-Charlot Premier Cru Brut Champagne\",\"isPartOf\":{\"@id\":\"https:\\\/\\\/detfranskevinhus.com\\\/sv\\\/#website\"},\"primaryImageOfPage\":{\"@id\":\"https:\\\/\\\/detfranskevinhus.com\\\/sv\\\/vare\\\/thibaut-charlot-champagne-brut-lagret-i-3-aar-premier-cru-2\\\/#primaryimage\"},\"image\":{\"@id\":\"https:\\\/\\\/detfranskevinhus.com\\\/sv\\\/vare\\\/thibaut-charlot-champagne-brut-lagret-i-3-aar-premier-cru-2\\\/#primaryimage\"},\"thumbnailUrl\":\"https:\\\/\\\/detfranskevinhus.com\\\/wp-content\\\/uploads\\\/2026\\\/04\\\/101-Frankrig-Champagne-Mutigny-Chardonnay-Pinot-Noir-Mousserende-vin-Thibaut-Charlot-Champagne-Brut-lagret-i-3-aar-Premier-Cru.jpeg\",\"datePublished\":\"2026-04-09T08:47:43+00:00\",\"dateModified\":\"2026-04-09T10:49:21+00:00\",\"description\":\"K\u00f6p Thibaut-Charlot Premier Cru Brut Champagne. Klassisk Premier Cru-champagne fr\u00e5n Mutigny med frisk, elegant stil och fin balans.\",\"breadcrumb\":{\"@id\":\"https:\\\/\\\/detfranskevinhus.com\\\/sv\\\/vare\\\/thibaut-charlot-champagne-brut-lagret-i-3-aar-premier-cru-2\\\/#breadcrumb\"},\"inLanguage\":\"sv-SE\",\"potentialAction\":[{\"@type\":\"ReadAction\",\"target\":[\"https:\\\/\\\/detfranskevinhus.com\\\/sv\\\/vare\\\/thibaut-charlot-champagne-brut-lagret-i-3-aar-premier-cru-2\\\/\"]}]},{\"@type\":\"ImageObject\",\"inLanguage\":\"sv-SE\",\"@id\":\"https:\\\/\\\/detfranskevinhus.com\\\/sv\\\/vare\\\/thibaut-charlot-champagne-brut-lagret-i-3-aar-premier-cru-2\\\/#primaryimage\",\"url\":\"https:\\\/\\\/detfranskevinhus.com\\\/wp-content\\\/uploads\\\/2026\\\/04\\\/101-Frankrig-Champagne-Mutigny-Chardonnay-Pinot-Noir-Mousserende-vin-Thibaut-Charlot-Champagne-Brut-lagret-i-3-aar-Premier-Cru.jpeg\",\"contentUrl\":\"https:\\\/\\\/detfranskevinhus.com\\\/wp-content\\\/uploads\\\/2026\\\/04\\\/101-Frankrig-Champagne-Mutigny-Chardonnay-Pinot-Noir-Mousserende-vin-Thibaut-Charlot-Champagne-Brut-lagret-i-3-aar-Premier-Cru.jpeg\",\"width\":1440,\"height\":1920,\"caption\":\"Frankrig Champagne Mutigny Chardonnay Pinot Noir Mousserende vin Thibaut-Charlot Champagne Brut, lagret i 3 \u00e5r Premier Cru\"},{\"@type\":\"BreadcrumbList\",\"@id\":\"https:\\\/\\\/detfranskevinhus.com\\\/sv\\\/vare\\\/thibaut-charlot-champagne-brut-lagret-i-3-aar-premier-cru-2\\\/#breadcrumb\",\"itemListElement\":[{\"@type\":\"ListItem\",\"position\":1,\"name\":\"Shop\",\"item\":\"https:\\\/\\\/detfranskevinhus.com\\\/sv\\\/butik\\\/\"},{\"@type\":\"ListItem\",\"position\":2,\"name\":\"Thibaut-Charlot Champagne Brut, lagret i 3 \u00e5r Premier Cru\"}]},{\"@type\":\"WebSite\",\"@id\":\"https:\\\/\\\/detfranskevinhus.com\\\/sv\\\/#website\",\"url\":\"https:\\\/\\\/detfranskevinhus.com\\\/sv\\\/\",\"name\":\"Det Franske Vinhus\",\"description\":\"\",\"publisher\":{\"@id\":\"https:\\\/\\\/detfranskevinhus.com\\\/sv\\\/#organization\"},\"potentialAction\":[{\"@type\":\"SearchAction\",\"target\":{\"@type\":\"EntryPoint\",\"urlTemplate\":\"https:\\\/\\\/detfranskevinhus.com\\\/sv\\\/?s={search_term_string}\"},\"query-input\":{\"@type\":\"PropertyValueSpecification\",\"valueRequired\":true,\"valueName\":\"search_term_string\"}}],\"inLanguage\":\"sv-SE\"},{\"@type\":\"Organization\",\"@id\":\"https:\\\/\\\/detfranskevinhus.com\\\/sv\\\/#organization\",\"name\":\"Det Franske Vinhus\",\"url\":\"https:\\\/\\\/detfranskevinhus.com\\\/sv\\\/\",\"logo\":{\"@type\":\"ImageObject\",\"inLanguage\":\"sv-SE\",\"@id\":\"https:\\\/\\\/detfranskevinhus.com\\\/sv\\\/#\\\/schema\\\/logo\\\/image\\\/\",\"url\":\"https:\\\/\\\/detfranskevinhus.com\\\/wp-content\\\/uploads\\\/2023\\\/07\\\/01_DFV_Logo_www_01-02-copy.jpg\",\"contentUrl\":\"https:\\\/\\\/detfranskevinhus.com\\\/wp-content\\\/uploads\\\/2023\\\/07\\\/01_DFV_Logo_www_01-02-copy.jpg\",\"width\":992,\"height\":482,\"caption\":\"Det Franske Vinhus\"},\"image\":{\"@id\":\"https:\\\/\\\/detfranskevinhus.com\\\/sv\\\/#\\\/schema\\\/logo\\\/image\\\/\"}}]}<\/script>\n<!-- \/ Yoast SEO plugin. -->","yoast_head_json":{"title":"Thibaut-Charlot Premier Cru Brut Champagne","description":"K\u00f6p Thibaut-Charlot Premier Cru Brut Champagne. Klassisk Premier Cru-champagne fr\u00e5n Mutigny med frisk, elegant stil och fin balans.","robots":{"index":"index","follow":"follow","max-snippet":"max-snippet:-1","max-image-preview":"max-image-preview:large","max-video-preview":"max-video-preview:-1"},"canonical":"https:\/\/detfranskevinhus.com\/sv\/vare\/thibaut-charlot-champagne-brut-lagret-i-3-aar-premier-cru-2\/","og_locale":"sv_SE","og_type":"article","og_title":"Klassisk Premier Cru Champagne","og_description":"Elegant brut-champagne fr\u00e5n Thibaut-Charlot med frisk, balanserad och klassisk stil. Perfekt som aperitif och till l\u00e4tta r\u00e4tter.","og_url":"https:\/\/detfranskevinhus.com\/sv\/vare\/thibaut-charlot-champagne-brut-lagret-i-3-aar-premier-cru-2\/","og_site_name":"Det Franske Vinhus","article_modified_time":"2026-04-09T10:49:21+00:00","og_image":[{"width":1440,"height":1920,"url":"https:\/\/detfranskevinhus.com\/wp-content\/uploads\/2026\/04\/101-Frankrig-Champagne-Mutigny-Chardonnay-Pinot-Noir-Mousserende-vin-Thibaut-Charlot-Champagne-Brut-lagret-i-3-aar-Premier-Cru.jpeg","type":"image\/jpeg"}],"twitter_card":"summary_large_image","twitter_misc":{"Ber\u00e4knad l\u00e4stid":"2 minuter"},"schema":{"@context":"https:\/\/schema.org","@graph":[{"@type":"WebPage","@id":"https:\/\/detfranskevinhus.com\/sv\/vare\/thibaut-charlot-champagne-brut-lagret-i-3-aar-premier-cru-2\/","url":"https:\/\/detfranskevinhus.com\/sv\/vare\/thibaut-charlot-champagne-brut-lagret-i-3-aar-premier-cru-2\/","name":"Thibaut-Charlot Premier Cru Brut Champagne","isPartOf":{"@id":"https:\/\/detfranskevinhus.com\/sv\/#website"},"primaryImageOfPage":{"@id":"https:\/\/detfranskevinhus.com\/sv\/vare\/thibaut-charlot-champagne-brut-lagret-i-3-aar-premier-cru-2\/#primaryimage"},"image":{"@id":"https:\/\/detfranskevinhus.com\/sv\/vare\/thibaut-charlot-champagne-brut-lagret-i-3-aar-premier-cru-2\/#primaryimage"},"thumbnailUrl":"https:\/\/detfranskevinhus.com\/wp-content\/uploads\/2026\/04\/101-Frankrig-Champagne-Mutigny-Chardonnay-Pinot-Noir-Mousserende-vin-Thibaut-Charlot-Champagne-Brut-lagret-i-3-aar-Premier-Cru.jpeg","datePublished":"2026-04-09T08:47:43+00:00","dateModified":"2026-04-09T10:49:21+00:00","description":"K\u00f6p Thibaut-Charlot Premier Cru Brut Champagne. Klassisk Premier Cru-champagne fr\u00e5n Mutigny med frisk, elegant stil och fin balans.","breadcrumb":{"@id":"https:\/\/detfranskevinhus.com\/sv\/vare\/thibaut-charlot-champagne-brut-lagret-i-3-aar-premier-cru-2\/#breadcrumb"},"inLanguage":"sv-SE","potentialAction":[{"@type":"ReadAction","target":["https:\/\/detfranskevinhus.com\/sv\/vare\/thibaut-charlot-champagne-brut-lagret-i-3-aar-premier-cru-2\/"]}]},{"@type":"ImageObject","inLanguage":"sv-SE","@id":"https:\/\/detfranskevinhus.com\/sv\/vare\/thibaut-charlot-champagne-brut-lagret-i-3-aar-premier-cru-2\/#primaryimage","url":"https:\/\/detfranskevinhus.com\/wp-content\/uploads\/2026\/04\/101-Frankrig-Champagne-Mutigny-Chardonnay-Pinot-Noir-Mousserende-vin-Thibaut-Charlot-Champagne-Brut-lagret-i-3-aar-Premier-Cru.jpeg","contentUrl":"https:\/\/detfranskevinhus.com\/wp-content\/uploads\/2026\/04\/101-Frankrig-Champagne-Mutigny-Chardonnay-Pinot-Noir-Mousserende-vin-Thibaut-Charlot-Champagne-Brut-lagret-i-3-aar-Premier-Cru.jpeg","width":1440,"height":1920,"caption":"Frankrig Champagne Mutigny Chardonnay Pinot Noir Mousserende vin Thibaut-Charlot Champagne Brut, lagret i 3 \u00e5r Premier Cru"},{"@type":"BreadcrumbList","@id":"https:\/\/detfranskevinhus.com\/sv\/vare\/thibaut-charlot-champagne-brut-lagret-i-3-aar-premier-cru-2\/#breadcrumb","itemListElement":[{"@type":"ListItem","position":1,"name":"Shop","item":"https:\/\/detfranskevinhus.com\/sv\/butik\/"},{"@type":"ListItem","position":2,"name":"Thibaut-Charlot Champagne Brut, lagret i 3 \u00e5r Premier Cru"}]},{"@type":"WebSite","@id":"https:\/\/detfranskevinhus.com\/sv\/#website","url":"https:\/\/detfranskevinhus.com\/sv\/","name":"Det Franske Vinhus","description":"","publisher":{"@id":"https:\/\/detfranskevinhus.com\/sv\/#organization"},"potentialAction":[{"@type":"SearchAction","target":{"@type":"EntryPoint","urlTemplate":"https:\/\/detfranskevinhus.com\/sv\/?s={search_term_string}"},"query-input":{"@type":"PropertyValueSpecification","valueRequired":true,"valueName":"search_term_string"}}],"inLanguage":"sv-SE"},{"@type":"Organization","@id":"https:\/\/detfranskevinhus.com\/sv\/#organization","name":"Det Franske Vinhus","url":"https:\/\/detfranskevinhus.com\/sv\/","logo":{"@type":"ImageObject","inLanguage":"sv-SE","@id":"https:\/\/detfranskevinhus.com\/sv\/#\/schema\/logo\/image\/","url":"https:\/\/detfranskevinhus.com\/wp-content\/uploads\/2023\/07\/01_DFV_Logo_www_01-02-copy.jpg","contentUrl":"https:\/\/detfranskevinhus.com\/wp-content\/uploads\/2023\/07\/01_DFV_Logo_www_01-02-copy.jpg","width":992,"height":482,"caption":"Det Franske Vinhus"},"image":{"@id":"https:\/\/detfranskevinhus.com\/sv\/#\/schema\/logo\/image\/"}}]}},"_links":{"self":[{"href":"https:\/\/detfranskevinhus.com\/sv\/wp-json\/wp\/v2\/product\/1000000033864","targetHints":{"allow":["GET"]}}],"collection":[{"href":"https:\/\/detfranskevinhus.com\/sv\/wp-json\/wp\/v2\/product"}],"about":[{"href":"https:\/\/detfranskevinhus.com\/sv\/wp-json\/wp\/v2\/types\/product"}],"version-history":[{"count":1,"href":"https:\/\/detfranskevinhus.com\/sv\/wp-json\/wp\/v2\/product\/1000000033864\/revisions"}],"predecessor-version":[{"id":1000000033865,"href":"https:\/\/detfranskevinhus.com\/sv\/wp-json\/wp\/v2\/product\/1000000033864\/revisions\/1000000033865"}],"wp:featuredmedia":[{"embeddable":true,"href":"https:\/\/detfranskevinhus.com\/sv\/wp-json\/wp\/v2\/media\/1000000033862"}],"wp:attachment":[{"href":"https:\/\/detfranskevinhus.com\/sv\/wp-json\/wp\/v2\/media?parent=1000000033864"}],"wp:term":[{"taxonomy":"product_brand","embeddable":true,"href":"https:\/\/detfranskevinhus.com\/sv\/wp-json\/wp\/v2\/product_brand?post=1000000033864"},{"taxonomy":"product_cat","embeddable":true,"href":"https:\/\/detfranskevinhus.com\/sv\/wp-json\/wp\/v2\/product_cat?post=1000000033864"},{"taxonomy":"product_tag","embeddable":true,"href":"https:\/\/detfranskevinhus.com\/sv\/wp-json\/wp\/v2\/product_tag?post=1000000033864"}],"curies":[{"name":"wp","href":"https:\/\/api.w.org\/{rel}","templated":true}]}}