{"id":1000000033833,"date":"2026-04-09T09:46:17","date_gmt":"2026-04-09T07:46:17","guid":{"rendered":"https:\/\/detfranskevinhus.com\/?post_type=product&#038;p=1000000033833"},"modified":"2026-04-09T13:30:59","modified_gmt":"2026-04-09T11:30:59","slug":"jean-de-la-fontaine-champagne-la-majestueuse-brut-millesime","status":"publish","type":"product","link":"https:\/\/detfranskevinhus.com\/sv\/vare\/jean-de-la-fontaine-champagne-la-majestueuse-brut-millesime\/","title":{"rendered":"Jean de la Fontaine Champagne La Majestueuse Brut Mill\u00e9sim\u00e9"},"content":{"rendered":"<p data-start=\"2675\" data-end=\"3058\"><strong data-start=\"2675\" data-end=\"2687\">Ursprung<\/strong><br data-start=\"2687\" data-end=\"2690\" \/>Detta champagnevin kommer fr\u00e5n Frankrike och \u00e4r producerat av Jean de la Fontaine i Champagne. La Majestueuse \u00e4r en mill\u00e9sime-champagne fr\u00e5n 2018, vilket betyder att den \u00e4r gjord p\u00e5 druvor fr\u00e5n en enda \u00e5rg\u00e5ng. Cuv\u00e9en \u00e4r skapad p\u00e5 Chardonnay, Pinot Meunier och Pinot Noir och \u00e4r t\u00e4nkt som en mer raffinerad och nyanserad champagne med b\u00e5de elegans, djup och fin balans.<\/p>\n<p data-start=\"3060\" data-end=\"3113\"><strong data-start=\"3060\" data-end=\"3069\">Druva<\/strong><br data-start=\"3069\" data-end=\"3072\" \/>Chardonnay, Pinot Meunier och Pinot Noir.<\/p>\n<p data-start=\"3115\" data-end=\"3444\"><strong data-start=\"3115\" data-end=\"3123\">Smak<\/strong><br data-start=\"3123\" data-end=\"3126\" \/>Vinet \u00e4r torrt, komplext och elegant med fina bubblor och en harmonisk struktur. Smaken \u00f6ppnar med friskhet och precision, d\u00e4refter kommer lager av mogen frukt, citrus, l\u00e4tt brioche och en diskret kr\u00e4mighet. De tre druvorna ger tillsammans b\u00e5de lyft, fyllighet och struktur, och avslutet \u00e4r l\u00e5ngt, rent och raffinerat.<\/p>\n<p data-start=\"3446\" data-end=\"3642\"><strong data-start=\"3446\" data-end=\"3454\">Arom<\/strong><br data-start=\"3454\" data-end=\"3457\" \/>Doften bjuder p\u00e5 ljusa frukter, citrus, vita blommor, mogna \u00e4pplen och en ton av br\u00f6d, j\u00e4st och fina rostade nyanser. En elegant och nyanserad champagne-doft med b\u00e5de friskhet och djup.<\/p>\n<p data-start=\"3644\" data-end=\"3656\"><strong data-start=\"3644\" data-end=\"3656\">Karakt\u00e4r<\/strong><\/p>\n<ul data-start=\"3657\" data-end=\"3875\">\n<li data-section-id=\"688c0v\" data-start=\"3657\" data-end=\"3673\">Torrhet: Torrt<\/li>\n<li data-section-id=\"1ku6t35\" data-start=\"3674\" data-end=\"3686\">S\u00f6tma: L\u00e5g<\/li>\n<li data-section-id=\"8l23x6\" data-start=\"3687\" data-end=\"3712\">Fyllighet: Medelfylligt<\/li>\n<li data-section-id=\"1hrg9wr\" data-start=\"3713\" data-end=\"3741\">Syra: Frisk och balanserad<\/li>\n<li data-section-id=\"gixaai\" data-start=\"3742\" data-end=\"3771\">Bubblor: Fina och ih\u00e5llande<\/li>\n<li data-section-id=\"be7v3p\" data-start=\"3772\" data-end=\"3835\">Fruktprofil: Citrus, \u00e4pple, ljusa frukter och mogen stenfrukt<\/li>\n<li data-section-id=\"di4086\" data-start=\"3836\" data-end=\"3875\">Stil: Elegant, raffinerad och komplex<\/li>\n<\/ul>\n<p data-start=\"3877\" data-end=\"3901\"><strong data-start=\"3877\" data-end=\"3888\">Alkohol<\/strong><br data-start=\"3888\" data-end=\"3891\" \/>12,0% vol.<\/p>\n<p data-start=\"3903\" data-end=\"4201\"><strong data-start=\"3903\" data-end=\"3928\">S\u00e4rskilda k\u00e4nnetecken<\/strong><br data-start=\"3928\" data-end=\"3931\" \/>En \u00e5rg\u00e5ngschampagne fr\u00e5n 2018 med en klassisk sammans\u00e4ttning av Chardonnay, Pinot Meunier och Pinot Noir. La Majestueuse f\u00f6renar friskhet, finess och djup i en mer seri\u00f6s och nyanserad stil som lyfter sig fint i glaset och tar lite mer plats \u00e4n den blyga typen i h\u00f6rnet.<\/p>\n<p data-start=\"4203\" data-end=\"4436\"><strong data-start=\"4203\" data-end=\"4215\">Matmatch<\/strong><br data-start=\"4215\" data-end=\"4218\" \/>Passar bra till aperitif, skaldjur, ostron, fisk, ljust k\u00f6tt, eleganta f\u00f6rr\u00e4tter och milda till kr\u00e4miga ostar. Den fungerar ocks\u00e5 mycket fint till festliga middagar d\u00e4r champagnen g\u00e4rna f\u00e5r ha lite mer djup och format.<\/p>\n","protected":false},"excerpt":{"rendered":"<p>Elegant \u00e5rg\u00e5ngschampagne med fina bubblor, friskhet och raffinerat djup. En harmonisk cuv\u00e9e till aperitif, skaldjur och festliga middagar.<\/p>\n","protected":false},"featured_media":1000000033830,"template":"","meta":{"_acf_changed":false,"site-sidebar-layout":"default","site-content-layout":"","ast-site-content-layout":"default","site-content-style":"default","site-sidebar-style":"default","ast-global-header-display":"","ast-banner-title-visibility":"","ast-main-header-display":"","ast-hfb-above-header-display":"","ast-hfb-below-header-display":"","ast-hfb-mobile-header-display":"","site-post-title":"","ast-breadcrumbs-content":"","ast-featured-img":"","footer-sml-layout":"","ast-disable-related-posts":"","theme-transparent-header-meta":"default","adv-header-id-meta":"","stick-header-meta":"default","header-above-stick-meta":"","header-main-stick-meta":"","header-below-stick-meta":"","astra-migrate-meta-layouts":"set","ast-page-background-enabled":"default","ast-page-background-meta":{"desktop":{"background-color":"","background-image":"","background-repeat":"repeat","background-position":"center center","background-size":"auto","background-attachment":"scroll","background-type":"","background-media":"","overlay-type":"","overlay-color":"","overlay-opacity":"","overlay-gradient":""},"tablet":{"background-color":"","background-image":"","background-repeat":"repeat","background-position":"center center","background-size":"auto","background-attachment":"scroll","background-type":"","background-media":"","overlay-type":"","overlay-color":"","overlay-opacity":"","overlay-gradient":""},"mobile":{"background-color":"","background-image":"","background-repeat":"repeat","background-position":"center center","background-size":"auto","background-attachment":"scroll","background-type":"","background-media":"","overlay-type":"","overlay-color":"","overlay-opacity":"","overlay-gradient":""}},"ast-content-background-meta":{"desktop":{"background-color":"var(--ast-global-color-5)","background-image":"","background-repeat":"repeat","background-position":"center center","background-size":"auto","background-attachment":"scroll","background-type":"","background-media":"","overlay-type":"","overlay-color":"","overlay-opacity":"","overlay-gradient":""},"tablet":{"background-color":"var(--ast-global-color-5)","background-image":"","background-repeat":"repeat","background-position":"center center","background-size":"auto","background-attachment":"scroll","background-type":"","background-media":"","overlay-type":"","overlay-color":"","overlay-opacity":"","overlay-gradient":""},"mobile":{"background-color":"var(--ast-global-color-5)","background-image":"","background-repeat":"repeat","background-position":"center center","background-size":"auto","background-attachment":"scroll","background-type":"","background-media":"","overlay-type":"","overlay-color":"","overlay-opacity":"","overlay-gradient":""}}},"product_brand":[],"product_cat":[817,1424,695],"product_tag":[],"class_list":{"0":"post-1000000033833","1":"product","2":"type-product","3":"status-publish","4":"has-post-thumbnail","6":"product_cat-champagne-sv","7":"product_cat-frankrike","8":"product_cat-sparkling-wine-sv","9":"pa_drue-pinot-noir-sv","10":"pa_drue-chardonnay-sv","11":"pa_drue-pinot-meunier-sv","12":"pa_vintype-sparkling-wine-sv","13":"desktop-align-center","14":"tablet-align-center","15":"mobile-align-center","16":"ast-product-gallery-layout-horizontal","17":"ast-product-tabs-layout-horizontal","18":"ast-qv-on-image-click","20":"first","21":"instock","22":"taxable","23":"shipping-taxable","24":"purchasable","25":"product-type-simple"},"group_of_quantity":0,"min_quantity":0,"max_quantity":"","exclude_order_quantity_value_rules":"no","exclude_category_quantity_rules":"no","combine_variations":"no","acf":[],"yoast_head":"<!-- This site is optimized with the Yoast SEO plugin v27.4 - https:\/\/yoast.com\/product\/yoast-seo-wordpress\/ -->\n<title>La Majestueuse Brut Mill\u00e9sime | Champagne | Jean de la Fontaine<\/title>\n<meta name=\"description\" content=\"K\u00f6p Jean de la Fontaine Champagne La Majestueuse Brut Mill\u00e9sime 2018. Elegant \u00e5rg\u00e5ngschampagne med fina bubblor, citrus, mogen frukt och raffinerat djup.\" \/>\n<meta name=\"robots\" content=\"index, follow, max-snippet:-1, max-image-preview:large, max-video-preview:-1\" \/>\n<link rel=\"canonical\" href=\"https:\/\/detfranskevinhus.com\/sv\/vare\/jean-de-la-fontaine-champagne-la-majestueuse-brut-millesime\/\" \/>\n<meta property=\"og:locale\" content=\"sv_SE\" \/>\n<meta property=\"og:type\" content=\"article\" \/>\n<meta property=\"og:title\" content=\"La Majestueuse 2018. Elegant \u00e5rg\u00e5ngschampagne med finess\" \/>\n<meta property=\"og:description\" content=\"\u00c5rg\u00e5ngschampagne fr\u00e5n Jean de la Fontaine p\u00e5 Chardonnay, Pinot Meunier och Pinot Noir. Frisk, nyanserad och raffinerad med fina bubblor och fin balans.\" \/>\n<meta property=\"og:url\" content=\"https:\/\/detfranskevinhus.com\/sv\/vare\/jean-de-la-fontaine-champagne-la-majestueuse-brut-millesime\/\" \/>\n<meta property=\"og:site_name\" content=\"Det Franske Vinhus\" \/>\n<meta property=\"article:modified_time\" content=\"2026-04-09T11:30:59+00:00\" \/>\n<meta property=\"og:image\" content=\"https:\/\/detfranskevinhus.com\/wp-content\/uploads\/2026\/04\/125-Frankrig-Champagne-Chardonnay-Pinot-Menuier-Pinot-Noir-Mousserende-Jean-de-la-Fontaine-Champagne-La-Majestueuse-Brut-Millesime.jpeg\" \/>\n\t<meta property=\"og:image:width\" content=\"1018\" \/>\n\t<meta property=\"og:image:height\" content=\"1920\" \/>\n\t<meta property=\"og:image:type\" content=\"image\/jpeg\" \/>\n<meta name=\"twitter:card\" content=\"summary_large_image\" \/>\n<meta name=\"twitter:label1\" content=\"Ber\u00e4knad l\u00e4stid\" \/>\n\t<meta name=\"twitter:data1\" content=\"2 minuter\" \/>\n<script type=\"application\/ld+json\" class=\"yoast-schema-graph\">{\"@context\":\"https:\\\/\\\/schema.org\",\"@graph\":[{\"@type\":\"WebPage\",\"@id\":\"https:\\\/\\\/detfranskevinhus.com\\\/sv\\\/vare\\\/jean-de-la-fontaine-champagne-la-majestueuse-brut-millesime\\\/\",\"url\":\"https:\\\/\\\/detfranskevinhus.com\\\/sv\\\/vare\\\/jean-de-la-fontaine-champagne-la-majestueuse-brut-millesime\\\/\",\"name\":\"La Majestueuse Brut Mill\u00e9sime | Champagne | Jean de la Fontaine\",\"isPartOf\":{\"@id\":\"https:\\\/\\\/detfranskevinhus.com\\\/sv\\\/#website\"},\"primaryImageOfPage\":{\"@id\":\"https:\\\/\\\/detfranskevinhus.com\\\/sv\\\/vare\\\/jean-de-la-fontaine-champagne-la-majestueuse-brut-millesime\\\/#primaryimage\"},\"image\":{\"@id\":\"https:\\\/\\\/detfranskevinhus.com\\\/sv\\\/vare\\\/jean-de-la-fontaine-champagne-la-majestueuse-brut-millesime\\\/#primaryimage\"},\"thumbnailUrl\":\"https:\\\/\\\/detfranskevinhus.com\\\/wp-content\\\/uploads\\\/2026\\\/04\\\/125-Frankrig-Champagne-Chardonnay-Pinot-Menuier-Pinot-Noir-Mousserende-Jean-de-la-Fontaine-Champagne-La-Majestueuse-Brut-Millesime.jpeg\",\"datePublished\":\"2026-04-09T07:46:17+00:00\",\"dateModified\":\"2026-04-09T11:30:59+00:00\",\"description\":\"K\u00f6p Jean de la Fontaine Champagne La Majestueuse Brut Mill\u00e9sime 2018. Elegant \u00e5rg\u00e5ngschampagne med fina bubblor, citrus, mogen frukt och raffinerat djup.\",\"breadcrumb\":{\"@id\":\"https:\\\/\\\/detfranskevinhus.com\\\/sv\\\/vare\\\/jean-de-la-fontaine-champagne-la-majestueuse-brut-millesime\\\/#breadcrumb\"},\"inLanguage\":\"sv-SE\",\"potentialAction\":[{\"@type\":\"ReadAction\",\"target\":[\"https:\\\/\\\/detfranskevinhus.com\\\/sv\\\/vare\\\/jean-de-la-fontaine-champagne-la-majestueuse-brut-millesime\\\/\"]}]},{\"@type\":\"ImageObject\",\"inLanguage\":\"sv-SE\",\"@id\":\"https:\\\/\\\/detfranskevinhus.com\\\/sv\\\/vare\\\/jean-de-la-fontaine-champagne-la-majestueuse-brut-millesime\\\/#primaryimage\",\"url\":\"https:\\\/\\\/detfranskevinhus.com\\\/wp-content\\\/uploads\\\/2026\\\/04\\\/125-Frankrig-Champagne-Chardonnay-Pinot-Menuier-Pinot-Noir-Mousserende-Jean-de-la-Fontaine-Champagne-La-Majestueuse-Brut-Millesime.jpeg\",\"contentUrl\":\"https:\\\/\\\/detfranskevinhus.com\\\/wp-content\\\/uploads\\\/2026\\\/04\\\/125-Frankrig-Champagne-Chardonnay-Pinot-Menuier-Pinot-Noir-Mousserende-Jean-de-la-Fontaine-Champagne-La-Majestueuse-Brut-Millesime.jpeg\",\"width\":1018,\"height\":1920,\"caption\":\"Frankrig Champagne Chardonnay Pinot Menuier Pinot Noir Mousserende Jean de la Fontaine Champagne La Majestueuse Brut Mill\u00e9sim\u00e9\"},{\"@type\":\"BreadcrumbList\",\"@id\":\"https:\\\/\\\/detfranskevinhus.com\\\/sv\\\/vare\\\/jean-de-la-fontaine-champagne-la-majestueuse-brut-millesime\\\/#breadcrumb\",\"itemListElement\":[{\"@type\":\"ListItem\",\"position\":1,\"name\":\"Shop\",\"item\":\"https:\\\/\\\/detfranskevinhus.com\\\/sv\\\/butik\\\/\"},{\"@type\":\"ListItem\",\"position\":2,\"name\":\"Jean de la Fontaine Champagne La Majestueuse Brut Mill\u00e9sim\u00e9\"}]},{\"@type\":\"WebSite\",\"@id\":\"https:\\\/\\\/detfranskevinhus.com\\\/sv\\\/#website\",\"url\":\"https:\\\/\\\/detfranskevinhus.com\\\/sv\\\/\",\"name\":\"Det Franske Vinhus\",\"description\":\"\",\"publisher\":{\"@id\":\"https:\\\/\\\/detfranskevinhus.com\\\/sv\\\/#organization\"},\"potentialAction\":[{\"@type\":\"SearchAction\",\"target\":{\"@type\":\"EntryPoint\",\"urlTemplate\":\"https:\\\/\\\/detfranskevinhus.com\\\/sv\\\/?s={search_term_string}\"},\"query-input\":{\"@type\":\"PropertyValueSpecification\",\"valueRequired\":true,\"valueName\":\"search_term_string\"}}],\"inLanguage\":\"sv-SE\"},{\"@type\":\"Organization\",\"@id\":\"https:\\\/\\\/detfranskevinhus.com\\\/sv\\\/#organization\",\"name\":\"Det Franske Vinhus\",\"url\":\"https:\\\/\\\/detfranskevinhus.com\\\/sv\\\/\",\"logo\":{\"@type\":\"ImageObject\",\"inLanguage\":\"sv-SE\",\"@id\":\"https:\\\/\\\/detfranskevinhus.com\\\/sv\\\/#\\\/schema\\\/logo\\\/image\\\/\",\"url\":\"https:\\\/\\\/detfranskevinhus.com\\\/wp-content\\\/uploads\\\/2023\\\/07\\\/01_DFV_Logo_www_01-02-copy.jpg\",\"contentUrl\":\"https:\\\/\\\/detfranskevinhus.com\\\/wp-content\\\/uploads\\\/2023\\\/07\\\/01_DFV_Logo_www_01-02-copy.jpg\",\"width\":992,\"height\":482,\"caption\":\"Det Franske Vinhus\"},\"image\":{\"@id\":\"https:\\\/\\\/detfranskevinhus.com\\\/sv\\\/#\\\/schema\\\/logo\\\/image\\\/\"}}]}<\/script>\n<!-- \/ Yoast SEO plugin. -->","yoast_head_json":{"title":"La Majestueuse Brut Mill\u00e9sime | Champagne | Jean de la Fontaine","description":"K\u00f6p Jean de la Fontaine Champagne La Majestueuse Brut Mill\u00e9sime 2018. Elegant \u00e5rg\u00e5ngschampagne med fina bubblor, citrus, mogen frukt och raffinerat djup.","robots":{"index":"index","follow":"follow","max-snippet":"max-snippet:-1","max-image-preview":"max-image-preview:large","max-video-preview":"max-video-preview:-1"},"canonical":"https:\/\/detfranskevinhus.com\/sv\/vare\/jean-de-la-fontaine-champagne-la-majestueuse-brut-millesime\/","og_locale":"sv_SE","og_type":"article","og_title":"La Majestueuse 2018. Elegant \u00e5rg\u00e5ngschampagne med finess","og_description":"\u00c5rg\u00e5ngschampagne fr\u00e5n Jean de la Fontaine p\u00e5 Chardonnay, Pinot Meunier och Pinot Noir. Frisk, nyanserad och raffinerad med fina bubblor och fin balans.","og_url":"https:\/\/detfranskevinhus.com\/sv\/vare\/jean-de-la-fontaine-champagne-la-majestueuse-brut-millesime\/","og_site_name":"Det Franske Vinhus","article_modified_time":"2026-04-09T11:30:59+00:00","og_image":[{"width":1018,"height":1920,"url":"https:\/\/detfranskevinhus.com\/wp-content\/uploads\/2026\/04\/125-Frankrig-Champagne-Chardonnay-Pinot-Menuier-Pinot-Noir-Mousserende-Jean-de-la-Fontaine-Champagne-La-Majestueuse-Brut-Millesime.jpeg","type":"image\/jpeg"}],"twitter_card":"summary_large_image","twitter_misc":{"Ber\u00e4knad l\u00e4stid":"2 minuter"},"schema":{"@context":"https:\/\/schema.org","@graph":[{"@type":"WebPage","@id":"https:\/\/detfranskevinhus.com\/sv\/vare\/jean-de-la-fontaine-champagne-la-majestueuse-brut-millesime\/","url":"https:\/\/detfranskevinhus.com\/sv\/vare\/jean-de-la-fontaine-champagne-la-majestueuse-brut-millesime\/","name":"La Majestueuse Brut Mill\u00e9sime | Champagne | Jean de la Fontaine","isPartOf":{"@id":"https:\/\/detfranskevinhus.com\/sv\/#website"},"primaryImageOfPage":{"@id":"https:\/\/detfranskevinhus.com\/sv\/vare\/jean-de-la-fontaine-champagne-la-majestueuse-brut-millesime\/#primaryimage"},"image":{"@id":"https:\/\/detfranskevinhus.com\/sv\/vare\/jean-de-la-fontaine-champagne-la-majestueuse-brut-millesime\/#primaryimage"},"thumbnailUrl":"https:\/\/detfranskevinhus.com\/wp-content\/uploads\/2026\/04\/125-Frankrig-Champagne-Chardonnay-Pinot-Menuier-Pinot-Noir-Mousserende-Jean-de-la-Fontaine-Champagne-La-Majestueuse-Brut-Millesime.jpeg","datePublished":"2026-04-09T07:46:17+00:00","dateModified":"2026-04-09T11:30:59+00:00","description":"K\u00f6p Jean de la Fontaine Champagne La Majestueuse Brut Mill\u00e9sime 2018. Elegant \u00e5rg\u00e5ngschampagne med fina bubblor, citrus, mogen frukt och raffinerat djup.","breadcrumb":{"@id":"https:\/\/detfranskevinhus.com\/sv\/vare\/jean-de-la-fontaine-champagne-la-majestueuse-brut-millesime\/#breadcrumb"},"inLanguage":"sv-SE","potentialAction":[{"@type":"ReadAction","target":["https:\/\/detfranskevinhus.com\/sv\/vare\/jean-de-la-fontaine-champagne-la-majestueuse-brut-millesime\/"]}]},{"@type":"ImageObject","inLanguage":"sv-SE","@id":"https:\/\/detfranskevinhus.com\/sv\/vare\/jean-de-la-fontaine-champagne-la-majestueuse-brut-millesime\/#primaryimage","url":"https:\/\/detfranskevinhus.com\/wp-content\/uploads\/2026\/04\/125-Frankrig-Champagne-Chardonnay-Pinot-Menuier-Pinot-Noir-Mousserende-Jean-de-la-Fontaine-Champagne-La-Majestueuse-Brut-Millesime.jpeg","contentUrl":"https:\/\/detfranskevinhus.com\/wp-content\/uploads\/2026\/04\/125-Frankrig-Champagne-Chardonnay-Pinot-Menuier-Pinot-Noir-Mousserende-Jean-de-la-Fontaine-Champagne-La-Majestueuse-Brut-Millesime.jpeg","width":1018,"height":1920,"caption":"Frankrig Champagne Chardonnay Pinot Menuier Pinot Noir Mousserende Jean de la Fontaine Champagne La Majestueuse Brut Mill\u00e9sim\u00e9"},{"@type":"BreadcrumbList","@id":"https:\/\/detfranskevinhus.com\/sv\/vare\/jean-de-la-fontaine-champagne-la-majestueuse-brut-millesime\/#breadcrumb","itemListElement":[{"@type":"ListItem","position":1,"name":"Shop","item":"https:\/\/detfranskevinhus.com\/sv\/butik\/"},{"@type":"ListItem","position":2,"name":"Jean de la Fontaine Champagne La Majestueuse Brut Mill\u00e9sim\u00e9"}]},{"@type":"WebSite","@id":"https:\/\/detfranskevinhus.com\/sv\/#website","url":"https:\/\/detfranskevinhus.com\/sv\/","name":"Det Franske Vinhus","description":"","publisher":{"@id":"https:\/\/detfranskevinhus.com\/sv\/#organization"},"potentialAction":[{"@type":"SearchAction","target":{"@type":"EntryPoint","urlTemplate":"https:\/\/detfranskevinhus.com\/sv\/?s={search_term_string}"},"query-input":{"@type":"PropertyValueSpecification","valueRequired":true,"valueName":"search_term_string"}}],"inLanguage":"sv-SE"},{"@type":"Organization","@id":"https:\/\/detfranskevinhus.com\/sv\/#organization","name":"Det Franske Vinhus","url":"https:\/\/detfranskevinhus.com\/sv\/","logo":{"@type":"ImageObject","inLanguage":"sv-SE","@id":"https:\/\/detfranskevinhus.com\/sv\/#\/schema\/logo\/image\/","url":"https:\/\/detfranskevinhus.com\/wp-content\/uploads\/2023\/07\/01_DFV_Logo_www_01-02-copy.jpg","contentUrl":"https:\/\/detfranskevinhus.com\/wp-content\/uploads\/2023\/07\/01_DFV_Logo_www_01-02-copy.jpg","width":992,"height":482,"caption":"Det Franske Vinhus"},"image":{"@id":"https:\/\/detfranskevinhus.com\/sv\/#\/schema\/logo\/image\/"}}]}},"_links":{"self":[{"href":"https:\/\/detfranskevinhus.com\/sv\/wp-json\/wp\/v2\/product\/1000000033833","targetHints":{"allow":["GET"]}}],"collection":[{"href":"https:\/\/detfranskevinhus.com\/sv\/wp-json\/wp\/v2\/product"}],"about":[{"href":"https:\/\/detfranskevinhus.com\/sv\/wp-json\/wp\/v2\/types\/product"}],"version-history":[{"count":1,"href":"https:\/\/detfranskevinhus.com\/sv\/wp-json\/wp\/v2\/product\/1000000033833\/revisions"}],"predecessor-version":[{"id":1000000033834,"href":"https:\/\/detfranskevinhus.com\/sv\/wp-json\/wp\/v2\/product\/1000000033833\/revisions\/1000000033834"}],"wp:featuredmedia":[{"embeddable":true,"href":"https:\/\/detfranskevinhus.com\/sv\/wp-json\/wp\/v2\/media\/1000000033830"}],"wp:attachment":[{"href":"https:\/\/detfranskevinhus.com\/sv\/wp-json\/wp\/v2\/media?parent=1000000033833"}],"wp:term":[{"taxonomy":"product_brand","embeddable":true,"href":"https:\/\/detfranskevinhus.com\/sv\/wp-json\/wp\/v2\/product_brand?post=1000000033833"},{"taxonomy":"product_cat","embeddable":true,"href":"https:\/\/detfranskevinhus.com\/sv\/wp-json\/wp\/v2\/product_cat?post=1000000033833"},{"taxonomy":"product_tag","embeddable":true,"href":"https:\/\/detfranskevinhus.com\/sv\/wp-json\/wp\/v2\/product_tag?post=1000000033833"}],"curies":[{"name":"wp","href":"https:\/\/api.w.org\/{rel}","templated":true}]}}