{"id":1000000033823,"date":"2026-04-09T09:34:52","date_gmt":"2026-04-09T07:34:52","guid":{"rendered":"https:\/\/detfranskevinhus.com\/?post_type=product&#038;p=1000000033823"},"modified":"2026-04-09T09:53:14","modified_gmt":"2026-04-09T07:53:14","slug":"jean-de-la-fontaine-champagne-leloquente-brut","status":"publish","type":"product","link":"https:\/\/detfranskevinhus.com\/sv\/vare\/jean-de-la-fontaine-champagne-leloquente-brut\/","title":{"rendered":"Jean de la Fontaine Champagne L&#8217;\u00c9loquente Brut"},"content":{"rendered":"<p data-start=\"2468\" data-end=\"2823\"><strong data-start=\"2468\" data-end=\"2480\">Ursprung<\/strong><br data-start=\"2480\" data-end=\"2483\" \/>Detta champagnevin kommer fr\u00e5n Frankrike och \u00e4r producerat av Jean de la Fontaine i Champagne. Cuv\u00e9en heter L\u2019\u00c9loquente Brut och \u00e4r gjord med fokus p\u00e5 elegans, friskhet och en charmig, fruktig stil. Det \u00e4r en klassisk champagne med en tillg\u00e4nglig och inbjudande profil, vilket g\u00f6r den perfekt b\u00e5de till festliga tillf\u00e4llen och som aperitif.<\/p>\n<p data-start=\"2825\" data-end=\"2866\"><strong data-start=\"2825\" data-end=\"2834\">Druva<\/strong><br data-start=\"2834\" data-end=\"2837\" \/>Pinot Meunier och Chardonnay.<\/p>\n<p data-start=\"2868\" data-end=\"3134\"><strong data-start=\"2868\" data-end=\"2876\">Smak<\/strong><br data-start=\"2876\" data-end=\"2879\" \/>Vinet \u00e4r torrt, friskt och elegant med fina bubblor och en harmonisk smak. H\u00e4r m\u00f6ts ljusa frukttoner och citrus av en mjuk, rund mousse och en livlig friskhet. Smaken \u00e4r v\u00e4lbalanserad, fruktig och ren med en l\u00e4tt kr\u00e4mig k\u00e4nsla och ett fint, friskt avslut.<\/p>\n<p data-start=\"3136\" data-end=\"3297\"><strong data-start=\"3136\" data-end=\"3144\">Arom<\/strong><br data-start=\"3144\" data-end=\"3147\" \/>Doften bjuder p\u00e5 vita blommor, \u00e4pple, p\u00e4ron, citrus och fina ljusa frukttoner. En frisk och charmig champagne-doft med b\u00e5de finess och tillg\u00e4nglighet.<\/p>\n<p data-start=\"3299\" data-end=\"3311\"><strong data-start=\"3299\" data-end=\"3311\">Karakt\u00e4r<\/strong><\/p>\n<ul data-start=\"3312\" data-end=\"3520\">\n<li data-section-id=\"688c0v\" data-start=\"3312\" data-end=\"3328\">Torrhet: Torrt<\/li>\n<li data-section-id=\"1ku6t35\" data-start=\"3329\" data-end=\"3341\">S\u00f6tma: L\u00e5g<\/li>\n<li data-section-id=\"zaci27\" data-start=\"3342\" data-end=\"3377\">Fyllighet: L\u00e4tt till medelfylligt<\/li>\n<li data-section-id=\"9ly5nf\" data-start=\"3378\" data-end=\"3402\">Syra: Frisk och livlig<\/li>\n<li data-section-id=\"1yrpcm9\" data-start=\"3403\" data-end=\"3431\">Bubblor: Fina och eleganta<\/li>\n<li data-section-id=\"65mzam\" data-start=\"3432\" data-end=\"3485\">Fruktprofil: \u00c4pple, p\u00e4ron, citrus och ljusa frukter<\/li>\n<li data-section-id=\"14bti\" data-start=\"3486\" data-end=\"3520\">Stil: Frisk, elegant och charmig<\/li>\n<\/ul>\n<p data-start=\"3522\" data-end=\"3546\"><strong data-start=\"3522\" data-end=\"3533\">Alkohol<\/strong><br data-start=\"3533\" data-end=\"3536\" \/>12,0% vol.<\/p>\n<p data-start=\"3548\" data-end=\"3812\"><strong data-start=\"3548\" data-end=\"3573\">S\u00e4rskilda k\u00e4nnetecken<\/strong><br data-start=\"3573\" data-end=\"3576\" \/>En klassisk brut champagne p\u00e5 Pinot Meunier och Chardonnay d\u00e4r friskhet och elegans g\u00e5r hand i hand. L\u2019\u00c9loquente har en mjuk och fruktig stil som g\u00f6r den l\u00e4tt att uppskatta, men med den fina champagnekarakt\u00e4r man g\u00e4rna vill ha i glaset.<\/p>\n<p data-start=\"3814\" data-end=\"4051\"><strong data-start=\"3814\" data-end=\"3826\">Matmatch<\/strong><br data-start=\"3826\" data-end=\"3829\" \/>Passar bra som aperitif samt till skaldjur, ostron, l\u00e4tta f\u00f6rr\u00e4tter, fisk, sushi och milda ostar. Den fungerar ocks\u00e5 mycket fint till sm\u00e5 salta tilltugg och festliga stunder d\u00e4r glasen g\u00e4rna t\u00f6ms lite snabbare \u00e4n planerat.<\/p>\n","protected":false},"excerpt":{"rendered":"<p>Elegant brut champagne med fina bubblor, frisk citrus och ljus frukt. Perfekt som aperitif eller till skaldjur, sushi och festliga stunder.<\/p>\n","protected":false},"featured_media":1000000033820,"template":"","meta":{"_acf_changed":false,"site-sidebar-layout":"default","site-content-layout":"","ast-site-content-layout":"default","site-content-style":"default","site-sidebar-style":"default","ast-global-header-display":"","ast-banner-title-visibility":"","ast-main-header-display":"","ast-hfb-above-header-display":"","ast-hfb-below-header-display":"","ast-hfb-mobile-header-display":"","site-post-title":"","ast-breadcrumbs-content":"","ast-featured-img":"","footer-sml-layout":"","ast-disable-related-posts":"","theme-transparent-header-meta":"default","adv-header-id-meta":"","stick-header-meta":"default","header-above-stick-meta":"","header-main-stick-meta":"","header-below-stick-meta":"","astra-migrate-meta-layouts":"set","ast-page-background-enabled":"default","ast-page-background-meta":{"desktop":{"background-color":"","background-image":"","background-repeat":"repeat","background-position":"center center","background-size":"auto","background-attachment":"scroll","background-type":"","background-media":"","overlay-type":"","overlay-color":"","overlay-opacity":"","overlay-gradient":""},"tablet":{"background-color":"","background-image":"","background-repeat":"repeat","background-position":"center center","background-size":"auto","background-attachment":"scroll","background-type":"","background-media":"","overlay-type":"","overlay-color":"","overlay-opacity":"","overlay-gradient":""},"mobile":{"background-color":"","background-image":"","background-repeat":"repeat","background-position":"center center","background-size":"auto","background-attachment":"scroll","background-type":"","background-media":"","overlay-type":"","overlay-color":"","overlay-opacity":"","overlay-gradient":""}},"ast-content-background-meta":{"desktop":{"background-color":"var(--ast-global-color-5)","background-image":"","background-repeat":"repeat","background-position":"center center","background-size":"auto","background-attachment":"scroll","background-type":"","background-media":"","overlay-type":"","overlay-color":"","overlay-opacity":"","overlay-gradient":""},"tablet":{"background-color":"var(--ast-global-color-5)","background-image":"","background-repeat":"repeat","background-position":"center center","background-size":"auto","background-attachment":"scroll","background-type":"","background-media":"","overlay-type":"","overlay-color":"","overlay-opacity":"","overlay-gradient":""},"mobile":{"background-color":"var(--ast-global-color-5)","background-image":"","background-repeat":"repeat","background-position":"center center","background-size":"auto","background-attachment":"scroll","background-type":"","background-media":"","overlay-type":"","overlay-color":"","overlay-opacity":"","overlay-gradient":""}}},"product_brand":[],"product_cat":[817,1424,695],"product_tag":[],"class_list":{"0":"post-1000000033823","1":"product","2":"type-product","3":"status-publish","4":"has-post-thumbnail","6":"product_cat-champagne-sv","7":"product_cat-frankrike","8":"product_cat-sparkling-wine-sv","9":"pa_drue-chardonnay-sv","10":"pa_drue-pinot-meunier-sv","11":"pa_vintype-sparkling-wine-sv","12":"desktop-align-center","13":"tablet-align-center","14":"mobile-align-center","15":"ast-product-gallery-layout-horizontal","16":"ast-product-tabs-layout-horizontal","17":"ast-qv-on-image-click","19":"first","20":"instock","21":"taxable","22":"shipping-taxable","23":"purchasable","24":"product-type-simple"},"group_of_quantity":0,"min_quantity":0,"max_quantity":"","exclude_order_quantity_value_rules":"no","exclude_category_quantity_rules":"no","combine_variations":"no","acf":[],"yoast_head":"<!-- This site is optimized with the Yoast SEO plugin v27.4 - https:\/\/yoast.com\/product\/yoast-seo-wordpress\/ -->\n<title>Jean de la Fontaine L\u2019\u00c9loquente Brut | Champagne fr\u00e5n Frankrike<\/title>\n<meta name=\"description\" content=\"K\u00f6p Jean de la Fontaine Champagne L\u2019\u00c9loquente Brut. Elegant och frisk champagne med fina bubblor, citrus, ljusa frukter och harmonisk balans.\" \/>\n<meta name=\"robots\" content=\"index, follow, max-snippet:-1, max-image-preview:large, max-video-preview:-1\" \/>\n<link rel=\"canonical\" href=\"https:\/\/detfranskevinhus.com\/sv\/vare\/jean-de-la-fontaine-champagne-leloquente-brut\/\" \/>\n<meta property=\"og:locale\" content=\"sv_SE\" \/>\n<meta property=\"og:type\" content=\"article\" \/>\n<meta property=\"og:title\" content=\"L\u2019\u00c9loquente Brut. Frisk och elegant champagne med finess\" \/>\n<meta property=\"og:description\" content=\"Klassisk champagne p\u00e5 Pinot Meunier och Chardonnay med fina bubblor, friskhet och charmig frukt. Ett utm\u00e4rkt val till aperitif och sm\u00e5 festliga serveringar.\" \/>\n<meta property=\"og:url\" content=\"https:\/\/detfranskevinhus.com\/sv\/vare\/jean-de-la-fontaine-champagne-leloquente-brut\/\" \/>\n<meta property=\"og:site_name\" content=\"Det Franske Vinhus\" \/>\n<meta property=\"article:modified_time\" content=\"2026-04-09T07:53:14+00:00\" \/>\n<meta property=\"og:image\" content=\"https:\/\/detfranskevinhus.com\/wp-content\/uploads\/2026\/04\/124-New-Zealand-Champagne-Pinot-Menuier-Chardonnay-Mousserende-Jean-de-la-Fontaine-Champagne-LEloquente-Brut.jpeg\" \/>\n\t<meta property=\"og:image:width\" content=\"1080\" \/>\n\t<meta property=\"og:image:height\" content=\"1920\" \/>\n\t<meta property=\"og:image:type\" content=\"image\/jpeg\" \/>\n<meta name=\"twitter:card\" content=\"summary_large_image\" \/>\n<meta name=\"twitter:label1\" content=\"Ber\u00e4knad l\u00e4stid\" \/>\n\t<meta name=\"twitter:data1\" content=\"2 minuter\" \/>\n<script type=\"application\/ld+json\" class=\"yoast-schema-graph\">{\"@context\":\"https:\\\/\\\/schema.org\",\"@graph\":[{\"@type\":\"WebPage\",\"@id\":\"https:\\\/\\\/detfranskevinhus.com\\\/sv\\\/vare\\\/jean-de-la-fontaine-champagne-leloquente-brut\\\/\",\"url\":\"https:\\\/\\\/detfranskevinhus.com\\\/sv\\\/vare\\\/jean-de-la-fontaine-champagne-leloquente-brut\\\/\",\"name\":\"Jean de la Fontaine L\u2019\u00c9loquente Brut | Champagne fr\u00e5n Frankrike\",\"isPartOf\":{\"@id\":\"https:\\\/\\\/detfranskevinhus.com\\\/sv\\\/#website\"},\"primaryImageOfPage\":{\"@id\":\"https:\\\/\\\/detfranskevinhus.com\\\/sv\\\/vare\\\/jean-de-la-fontaine-champagne-leloquente-brut\\\/#primaryimage\"},\"image\":{\"@id\":\"https:\\\/\\\/detfranskevinhus.com\\\/sv\\\/vare\\\/jean-de-la-fontaine-champagne-leloquente-brut\\\/#primaryimage\"},\"thumbnailUrl\":\"https:\\\/\\\/detfranskevinhus.com\\\/wp-content\\\/uploads\\\/2026\\\/04\\\/124-New-Zealand-Champagne-Pinot-Menuier-Chardonnay-Mousserende-Jean-de-la-Fontaine-Champagne-LEloquente-Brut.jpeg\",\"datePublished\":\"2026-04-09T07:34:52+00:00\",\"dateModified\":\"2026-04-09T07:53:14+00:00\",\"description\":\"K\u00f6p Jean de la Fontaine Champagne L\u2019\u00c9loquente Brut. Elegant och frisk champagne med fina bubblor, citrus, ljusa frukter och harmonisk balans.\",\"breadcrumb\":{\"@id\":\"https:\\\/\\\/detfranskevinhus.com\\\/sv\\\/vare\\\/jean-de-la-fontaine-champagne-leloquente-brut\\\/#breadcrumb\"},\"inLanguage\":\"sv-SE\",\"potentialAction\":[{\"@type\":\"ReadAction\",\"target\":[\"https:\\\/\\\/detfranskevinhus.com\\\/sv\\\/vare\\\/jean-de-la-fontaine-champagne-leloquente-brut\\\/\"]}]},{\"@type\":\"ImageObject\",\"inLanguage\":\"sv-SE\",\"@id\":\"https:\\\/\\\/detfranskevinhus.com\\\/sv\\\/vare\\\/jean-de-la-fontaine-champagne-leloquente-brut\\\/#primaryimage\",\"url\":\"https:\\\/\\\/detfranskevinhus.com\\\/wp-content\\\/uploads\\\/2026\\\/04\\\/124-New-Zealand-Champagne-Pinot-Menuier-Chardonnay-Mousserende-Jean-de-la-Fontaine-Champagne-LEloquente-Brut.jpeg\",\"contentUrl\":\"https:\\\/\\\/detfranskevinhus.com\\\/wp-content\\\/uploads\\\/2026\\\/04\\\/124-New-Zealand-Champagne-Pinot-Menuier-Chardonnay-Mousserende-Jean-de-la-Fontaine-Champagne-LEloquente-Brut.jpeg\",\"width\":1080,\"height\":1920,\"caption\":\"New Zealand Champagne Pinot Menuier Chardonnay Mousserende Jean de la Fontaine Champagne L'\u00c9loquente Brut\"},{\"@type\":\"BreadcrumbList\",\"@id\":\"https:\\\/\\\/detfranskevinhus.com\\\/sv\\\/vare\\\/jean-de-la-fontaine-champagne-leloquente-brut\\\/#breadcrumb\",\"itemListElement\":[{\"@type\":\"ListItem\",\"position\":1,\"name\":\"Shop\",\"item\":\"https:\\\/\\\/detfranskevinhus.com\\\/sv\\\/butik\\\/\"},{\"@type\":\"ListItem\",\"position\":2,\"name\":\"Jean de la Fontaine Champagne L&#8217;\u00c9loquente Brut\"}]},{\"@type\":\"WebSite\",\"@id\":\"https:\\\/\\\/detfranskevinhus.com\\\/sv\\\/#website\",\"url\":\"https:\\\/\\\/detfranskevinhus.com\\\/sv\\\/\",\"name\":\"Det Franske Vinhus\",\"description\":\"\",\"publisher\":{\"@id\":\"https:\\\/\\\/detfranskevinhus.com\\\/sv\\\/#organization\"},\"potentialAction\":[{\"@type\":\"SearchAction\",\"target\":{\"@type\":\"EntryPoint\",\"urlTemplate\":\"https:\\\/\\\/detfranskevinhus.com\\\/sv\\\/?s={search_term_string}\"},\"query-input\":{\"@type\":\"PropertyValueSpecification\",\"valueRequired\":true,\"valueName\":\"search_term_string\"}}],\"inLanguage\":\"sv-SE\"},{\"@type\":\"Organization\",\"@id\":\"https:\\\/\\\/detfranskevinhus.com\\\/sv\\\/#organization\",\"name\":\"Det Franske Vinhus\",\"url\":\"https:\\\/\\\/detfranskevinhus.com\\\/sv\\\/\",\"logo\":{\"@type\":\"ImageObject\",\"inLanguage\":\"sv-SE\",\"@id\":\"https:\\\/\\\/detfranskevinhus.com\\\/sv\\\/#\\\/schema\\\/logo\\\/image\\\/\",\"url\":\"https:\\\/\\\/detfranskevinhus.com\\\/wp-content\\\/uploads\\\/2023\\\/07\\\/01_DFV_Logo_www_01-02-copy.jpg\",\"contentUrl\":\"https:\\\/\\\/detfranskevinhus.com\\\/wp-content\\\/uploads\\\/2023\\\/07\\\/01_DFV_Logo_www_01-02-copy.jpg\",\"width\":992,\"height\":482,\"caption\":\"Det Franske Vinhus\"},\"image\":{\"@id\":\"https:\\\/\\\/detfranskevinhus.com\\\/sv\\\/#\\\/schema\\\/logo\\\/image\\\/\"}}]}<\/script>\n<!-- \/ Yoast SEO plugin. -->","yoast_head_json":{"title":"Jean de la Fontaine L\u2019\u00c9loquente Brut | Champagne fr\u00e5n Frankrike","description":"K\u00f6p Jean de la Fontaine Champagne L\u2019\u00c9loquente Brut. Elegant och frisk champagne med fina bubblor, citrus, ljusa frukter och harmonisk balans.","robots":{"index":"index","follow":"follow","max-snippet":"max-snippet:-1","max-image-preview":"max-image-preview:large","max-video-preview":"max-video-preview:-1"},"canonical":"https:\/\/detfranskevinhus.com\/sv\/vare\/jean-de-la-fontaine-champagne-leloquente-brut\/","og_locale":"sv_SE","og_type":"article","og_title":"L\u2019\u00c9loquente Brut. Frisk och elegant champagne med finess","og_description":"Klassisk champagne p\u00e5 Pinot Meunier och Chardonnay med fina bubblor, friskhet och charmig frukt. Ett utm\u00e4rkt val till aperitif och sm\u00e5 festliga serveringar.","og_url":"https:\/\/detfranskevinhus.com\/sv\/vare\/jean-de-la-fontaine-champagne-leloquente-brut\/","og_site_name":"Det Franske Vinhus","article_modified_time":"2026-04-09T07:53:14+00:00","og_image":[{"width":1080,"height":1920,"url":"https:\/\/detfranskevinhus.com\/wp-content\/uploads\/2026\/04\/124-New-Zealand-Champagne-Pinot-Menuier-Chardonnay-Mousserende-Jean-de-la-Fontaine-Champagne-LEloquente-Brut.jpeg","type":"image\/jpeg"}],"twitter_card":"summary_large_image","twitter_misc":{"Ber\u00e4knad l\u00e4stid":"2 minuter"},"schema":{"@context":"https:\/\/schema.org","@graph":[{"@type":"WebPage","@id":"https:\/\/detfranskevinhus.com\/sv\/vare\/jean-de-la-fontaine-champagne-leloquente-brut\/","url":"https:\/\/detfranskevinhus.com\/sv\/vare\/jean-de-la-fontaine-champagne-leloquente-brut\/","name":"Jean de la Fontaine L\u2019\u00c9loquente Brut | Champagne fr\u00e5n Frankrike","isPartOf":{"@id":"https:\/\/detfranskevinhus.com\/sv\/#website"},"primaryImageOfPage":{"@id":"https:\/\/detfranskevinhus.com\/sv\/vare\/jean-de-la-fontaine-champagne-leloquente-brut\/#primaryimage"},"image":{"@id":"https:\/\/detfranskevinhus.com\/sv\/vare\/jean-de-la-fontaine-champagne-leloquente-brut\/#primaryimage"},"thumbnailUrl":"https:\/\/detfranskevinhus.com\/wp-content\/uploads\/2026\/04\/124-New-Zealand-Champagne-Pinot-Menuier-Chardonnay-Mousserende-Jean-de-la-Fontaine-Champagne-LEloquente-Brut.jpeg","datePublished":"2026-04-09T07:34:52+00:00","dateModified":"2026-04-09T07:53:14+00:00","description":"K\u00f6p Jean de la Fontaine Champagne L\u2019\u00c9loquente Brut. Elegant och frisk champagne med fina bubblor, citrus, ljusa frukter och harmonisk balans.","breadcrumb":{"@id":"https:\/\/detfranskevinhus.com\/sv\/vare\/jean-de-la-fontaine-champagne-leloquente-brut\/#breadcrumb"},"inLanguage":"sv-SE","potentialAction":[{"@type":"ReadAction","target":["https:\/\/detfranskevinhus.com\/sv\/vare\/jean-de-la-fontaine-champagne-leloquente-brut\/"]}]},{"@type":"ImageObject","inLanguage":"sv-SE","@id":"https:\/\/detfranskevinhus.com\/sv\/vare\/jean-de-la-fontaine-champagne-leloquente-brut\/#primaryimage","url":"https:\/\/detfranskevinhus.com\/wp-content\/uploads\/2026\/04\/124-New-Zealand-Champagne-Pinot-Menuier-Chardonnay-Mousserende-Jean-de-la-Fontaine-Champagne-LEloquente-Brut.jpeg","contentUrl":"https:\/\/detfranskevinhus.com\/wp-content\/uploads\/2026\/04\/124-New-Zealand-Champagne-Pinot-Menuier-Chardonnay-Mousserende-Jean-de-la-Fontaine-Champagne-LEloquente-Brut.jpeg","width":1080,"height":1920,"caption":"New Zealand Champagne Pinot Menuier Chardonnay Mousserende Jean de la Fontaine Champagne L'\u00c9loquente Brut"},{"@type":"BreadcrumbList","@id":"https:\/\/detfranskevinhus.com\/sv\/vare\/jean-de-la-fontaine-champagne-leloquente-brut\/#breadcrumb","itemListElement":[{"@type":"ListItem","position":1,"name":"Shop","item":"https:\/\/detfranskevinhus.com\/sv\/butik\/"},{"@type":"ListItem","position":2,"name":"Jean de la Fontaine Champagne L&#8217;\u00c9loquente Brut"}]},{"@type":"WebSite","@id":"https:\/\/detfranskevinhus.com\/sv\/#website","url":"https:\/\/detfranskevinhus.com\/sv\/","name":"Det Franske Vinhus","description":"","publisher":{"@id":"https:\/\/detfranskevinhus.com\/sv\/#organization"},"potentialAction":[{"@type":"SearchAction","target":{"@type":"EntryPoint","urlTemplate":"https:\/\/detfranskevinhus.com\/sv\/?s={search_term_string}"},"query-input":{"@type":"PropertyValueSpecification","valueRequired":true,"valueName":"search_term_string"}}],"inLanguage":"sv-SE"},{"@type":"Organization","@id":"https:\/\/detfranskevinhus.com\/sv\/#organization","name":"Det Franske Vinhus","url":"https:\/\/detfranskevinhus.com\/sv\/","logo":{"@type":"ImageObject","inLanguage":"sv-SE","@id":"https:\/\/detfranskevinhus.com\/sv\/#\/schema\/logo\/image\/","url":"https:\/\/detfranskevinhus.com\/wp-content\/uploads\/2023\/07\/01_DFV_Logo_www_01-02-copy.jpg","contentUrl":"https:\/\/detfranskevinhus.com\/wp-content\/uploads\/2023\/07\/01_DFV_Logo_www_01-02-copy.jpg","width":992,"height":482,"caption":"Det Franske Vinhus"},"image":{"@id":"https:\/\/detfranskevinhus.com\/sv\/#\/schema\/logo\/image\/"}}]}},"_links":{"self":[{"href":"https:\/\/detfranskevinhus.com\/sv\/wp-json\/wp\/v2\/product\/1000000033823","targetHints":{"allow":["GET"]}}],"collection":[{"href":"https:\/\/detfranskevinhus.com\/sv\/wp-json\/wp\/v2\/product"}],"about":[{"href":"https:\/\/detfranskevinhus.com\/sv\/wp-json\/wp\/v2\/types\/product"}],"version-history":[{"count":2,"href":"https:\/\/detfranskevinhus.com\/sv\/wp-json\/wp\/v2\/product\/1000000033823\/revisions"}],"predecessor-version":[{"id":1000000033835,"href":"https:\/\/detfranskevinhus.com\/sv\/wp-json\/wp\/v2\/product\/1000000033823\/revisions\/1000000033835"}],"wp:featuredmedia":[{"embeddable":true,"href":"https:\/\/detfranskevinhus.com\/sv\/wp-json\/wp\/v2\/media\/1000000033820"}],"wp:attachment":[{"href":"https:\/\/detfranskevinhus.com\/sv\/wp-json\/wp\/v2\/media?parent=1000000033823"}],"wp:term":[{"taxonomy":"product_brand","embeddable":true,"href":"https:\/\/detfranskevinhus.com\/sv\/wp-json\/wp\/v2\/product_brand?post=1000000033823"},{"taxonomy":"product_cat","embeddable":true,"href":"https:\/\/detfranskevinhus.com\/sv\/wp-json\/wp\/v2\/product_cat?post=1000000033823"},{"taxonomy":"product_tag","embeddable":true,"href":"https:\/\/detfranskevinhus.com\/sv\/wp-json\/wp\/v2\/product_tag?post=1000000033823"}],"curies":[{"name":"wp","href":"https:\/\/api.w.org\/{rel}","templated":true}]}}