{"id":1000000033755,"date":"2026-04-08T13:12:35","date_gmt":"2026-04-08T11:12:35","guid":{"rendered":"https:\/\/detfranskevinhus.com\/?post_type=product&#038;p=1000000033755"},"modified":"2026-04-09T13:11:32","modified_gmt":"2026-04-09T11:11:32","slug":"taittinger-champagne-brut-reserve-reims-med-2-glas-i-presentforpackning","status":"publish","type":"product","link":"https:\/\/detfranskevinhus.com\/sv\/vare\/taittinger-champagne-brut-reserve-reims-med-2-glas-i-presentforpackning\/","title":{"rendered":"Taittinger Champagne Brut R\u00e9serve Reims med 2 glas i presentf\u00f6rpackning"},"content":{"rendered":"<p data-start=\"2436\" data-end=\"2747\"><strong data-start=\"2436\" data-end=\"2448\">Ursprung<\/strong><br data-start=\"2448\" data-end=\"2451\" \/>Denna champagne kommer fr\u00e5n Champagne i Frankrike och \u00e4r producerad av Taittinger i Reims. Huset \u00e4r k\u00e4nt f\u00f6r sin eleganta stil, d\u00e4r finess, precision och friskhet st\u00e5r i centrum. Brut R\u00e9serve \u00e4r en klassisk champagne med stor balans och ett uttryck som f\u00f6renar friskhet, struktur och raffinemang.<\/p>\n<p data-start=\"2749\" data-end=\"2796\"><strong data-start=\"2749\" data-end=\"2758\">Druva<\/strong><br data-start=\"2758\" data-end=\"2761\" \/>Chardonnay, Pinot Noir och Meunier.<\/p>\n<p data-start=\"2798\" data-end=\"3127\"><strong data-start=\"2798\" data-end=\"2806\">Smak<\/strong><br data-start=\"2806\" data-end=\"2809\" \/>Champagnen \u00e4r torr, frisk och livlig med en elegant mousse och en harmonisk struktur. Chardonnay ger friskhet och finess, Pinot Noir bidrar med struktur och djup, medan Meunier tillf\u00f6r en mjuk och avrundad fruktighet. Smaken bjuder p\u00e5 citrus, ljusa frukter och en fin, l\u00e4tt kr\u00e4mig ton med ett torrt och precist avslut.<\/p>\n<p data-start=\"3129\" data-end=\"3317\"><strong data-start=\"3129\" data-end=\"3137\">Arom<\/strong><br data-start=\"3137\" data-end=\"3140\" \/>Doften \u00e4r delikat och raffinerad med toner av vita blommor, citrus och frisk frukt. H\u00e4r finns ocks\u00e5 en l\u00e4tt ton av s\u00f6t frukt och mognad som ger champagnen charm och komplexitet.<\/p>\n<p data-start=\"3319\" data-end=\"3331\"><strong data-start=\"3319\" data-end=\"3331\">Karakt\u00e4r<\/strong><\/p>\n<ul data-start=\"3332\" data-end=\"3542\">\n<li data-section-id=\"688c0v\" data-start=\"3332\" data-end=\"3348\">Torrhet: Torrt<\/li>\n<li data-section-id=\"1ku6t35\" data-start=\"3349\" data-end=\"3361\">S\u00f6tma: L\u00e5g<\/li>\n<li data-section-id=\"8l23x6\" data-start=\"3362\" data-end=\"3387\">Fyllighet: Medelfylligt<\/li>\n<li data-section-id=\"9ly5nf\" data-start=\"3388\" data-end=\"3412\">Syra: Frisk och livlig<\/li>\n<li data-section-id=\"1yrpcm9\" data-start=\"3413\" data-end=\"3441\">Bubblor: Fina och eleganta<\/li>\n<li data-section-id=\"1q98xdq\" data-start=\"3442\" data-end=\"3495\">Fruktprofil: Citrus, ljusa frukter och vita blommor<\/li>\n<li data-section-id=\"at6tmj\" data-start=\"3496\" data-end=\"3542\">Stil: Elegant, precis och klassisk champagne<\/li>\n<\/ul>\n<p data-start=\"3544\" data-end=\"3568\"><strong data-start=\"3544\" data-end=\"3555\">Alkohol<\/strong><br data-start=\"3555\" data-end=\"3558\" \/>12,5% vol.<\/p>\n<p data-start=\"3570\" data-end=\"3840\"><strong data-start=\"3570\" data-end=\"3595\">S\u00e4rskilda k\u00e4nnetecken<\/strong><br data-start=\"3595\" data-end=\"3598\" \/>En klassisk Brut Champagne fr\u00e5n Taittinger med \u00f6verv\u00e4gande Chardonnay i blendet, vilket ger vinet husets typiska finess och friskhet. Druvorna \u00e4r utvalda fr\u00e5n mer \u00e4n 35 olika terroirer och flera \u00e5rg\u00e5ngar, vilket skapar komplexitet och balans.<\/p>\n<p data-start=\"3842\" data-end=\"4073\"><strong data-start=\"3842\" data-end=\"3854\">Matmatch<\/strong><br data-start=\"3854\" data-end=\"3857\" \/>Passar utm\u00e4rkt som aperitif och till ostron, sushi, skaldjur, fiskr\u00e4tter, f\u00e4rska ostar och l\u00e4tta appetizers. Den fungerar ocks\u00e5 elegant vid festliga tillf\u00e4llen d\u00e4r man vill ha ett glas med friskhet, energi och klass.<\/p>\n","protected":false},"excerpt":{"rendered":"<p>Elegant och klassisk champagne med fina bubblor, citrus och vita blommor. Ett raffinerat glas till aperitif, skaldjur och festliga stunder.<\/p>\n","protected":false},"featured_media":1000000033750,"template":"","meta":{"_acf_changed":false,"site-sidebar-layout":"default","site-content-layout":"","ast-site-content-layout":"default","site-content-style":"default","site-sidebar-style":"default","ast-global-header-display":"","ast-banner-title-visibility":"","ast-main-header-display":"","ast-hfb-above-header-display":"","ast-hfb-below-header-display":"","ast-hfb-mobile-header-display":"","site-post-title":"","ast-breadcrumbs-content":"","ast-featured-img":"","footer-sml-layout":"","ast-disable-related-posts":"","theme-transparent-header-meta":"default","adv-header-id-meta":"","stick-header-meta":"default","header-above-stick-meta":"","header-main-stick-meta":"","header-below-stick-meta":"","astra-migrate-meta-layouts":"set","ast-page-background-enabled":"default","ast-page-background-meta":{"desktop":{"background-color":"","background-image":"","background-repeat":"repeat","background-position":"center center","background-size":"auto","background-attachment":"scroll","background-type":"","background-media":"","overlay-type":"","overlay-color":"","overlay-opacity":"","overlay-gradient":""},"tablet":{"background-color":"","background-image":"","background-repeat":"repeat","background-position":"center center","background-size":"auto","background-attachment":"scroll","background-type":"","background-media":"","overlay-type":"","overlay-color":"","overlay-opacity":"","overlay-gradient":""},"mobile":{"background-color":"","background-image":"","background-repeat":"repeat","background-position":"center center","background-size":"auto","background-attachment":"scroll","background-type":"","background-media":"","overlay-type":"","overlay-color":"","overlay-opacity":"","overlay-gradient":""}},"ast-content-background-meta":{"desktop":{"background-color":"var(--ast-global-color-5)","background-image":"","background-repeat":"repeat","background-position":"center center","background-size":"auto","background-attachment":"scroll","background-type":"","background-media":"","overlay-type":"","overlay-color":"","overlay-opacity":"","overlay-gradient":""},"tablet":{"background-color":"var(--ast-global-color-5)","background-image":"","background-repeat":"repeat","background-position":"center center","background-size":"auto","background-attachment":"scroll","background-type":"","background-media":"","overlay-type":"","overlay-color":"","overlay-opacity":"","overlay-gradient":""},"mobile":{"background-color":"var(--ast-global-color-5)","background-image":"","background-repeat":"repeat","background-position":"center center","background-size":"auto","background-attachment":"scroll","background-type":"","background-media":"","overlay-type":"","overlay-color":"","overlay-opacity":"","overlay-gradient":""}}},"product_brand":[],"product_cat":[817,1424,695],"product_tag":[],"class_list":{"0":"post-1000000033755","1":"product","2":"type-product","3":"status-publish","4":"has-post-thumbnail","6":"product_cat-champagne-sv","7":"product_cat-frankrike","8":"product_cat-sparkling-wine-sv","9":"pa_drue-chardonnay-sv","10":"pa_drue-pinot-meunier-sv","11":"pa_vintype-sparkling-wine-sv","12":"desktop-align-center","13":"tablet-align-center","14":"mobile-align-center","15":"ast-product-gallery-layout-horizontal","16":"ast-product-tabs-layout-horizontal","17":"ast-qv-on-image-click","19":"first","20":"instock","21":"taxable","22":"shipping-taxable","23":"purchasable","24":"product-type-simple"},"group_of_quantity":0,"min_quantity":0,"max_quantity":"","exclude_order_quantity_value_rules":"no","exclude_category_quantity_rules":"no","combine_variations":"no","acf":[],"yoast_head":"<!-- This site is optimized with the Yoast SEO plugin v27.4 - https:\/\/yoast.com\/product\/yoast-seo-wordpress\/ -->\n<title>Taittinger Brut R\u00e9serve | Elegant champagne fr\u00e5n Reims<\/title>\n<meta name=\"description\" content=\"K\u00f6p Taittinger Champagne Brut R\u00e9serve. Klassisk och elegant champagne fr\u00e5n Reims med fina bubblor, citrus, vita blommor och frisk balans.\" \/>\n<meta name=\"robots\" content=\"index, follow, max-snippet:-1, max-image-preview:large, max-video-preview:-1\" \/>\n<link rel=\"canonical\" href=\"https:\/\/detfranskevinhus.com\/sv\/vare\/taittinger-champagne-brut-reserve-reims-med-2-glas-i-presentforpackning\/\" \/>\n<meta property=\"og:locale\" content=\"sv_SE\" \/>\n<meta property=\"og:type\" content=\"article\" \/>\n<meta property=\"og:title\" content=\"Taittinger Brut R\u00e9serve. Klassisk champagne med finess\" \/>\n<meta property=\"og:description\" content=\"Frisk och elegant champagne fr\u00e5n Reims p\u00e5 Chardonnay, Pinot Noir och Meunier. Fina bubblor, citrus och delikata blomtoner i vacker balans.\" \/>\n<meta property=\"og:url\" content=\"https:\/\/detfranskevinhus.com\/sv\/vare\/taittinger-champagne-brut-reserve-reims-med-2-glas-i-presentforpackning\/\" \/>\n<meta property=\"og:site_name\" content=\"Det Franske Vinhus\" \/>\n<meta property=\"article:modified_time\" content=\"2026-04-09T11:11:32+00:00\" \/>\n<meta property=\"og:image\" content=\"https:\/\/detfranskevinhus.com\/wp-content\/uploads\/2026\/04\/123-Frankrig-Champagne-Reims-Chardonnay-Pinot-Meunier-Mousserende-vin-Taittinger-Champagne-Brut-Reserve-Reims-med-2-glas-i-gaveaeske.jpeg\" \/>\n\t<meta property=\"og:image:width\" content=\"1080\" \/>\n\t<meta property=\"og:image:height\" content=\"1920\" \/>\n\t<meta property=\"og:image:type\" content=\"image\/jpeg\" \/>\n<meta name=\"twitter:card\" content=\"summary_large_image\" \/>\n<meta name=\"twitter:label1\" content=\"Ber\u00e4knad l\u00e4stid\" \/>\n\t<meta name=\"twitter:data1\" content=\"2 minuter\" \/>\n<script type=\"application\/ld+json\" class=\"yoast-schema-graph\">{\"@context\":\"https:\\\/\\\/schema.org\",\"@graph\":[{\"@type\":\"WebPage\",\"@id\":\"https:\\\/\\\/detfranskevinhus.com\\\/sv\\\/vare\\\/taittinger-champagne-brut-reserve-reims-med-2-glas-i-presentforpackning\\\/\",\"url\":\"https:\\\/\\\/detfranskevinhus.com\\\/sv\\\/vare\\\/taittinger-champagne-brut-reserve-reims-med-2-glas-i-presentforpackning\\\/\",\"name\":\"Taittinger Brut R\u00e9serve | Elegant champagne fr\u00e5n Reims\",\"isPartOf\":{\"@id\":\"https:\\\/\\\/detfranskevinhus.com\\\/sv\\\/#website\"},\"primaryImageOfPage\":{\"@id\":\"https:\\\/\\\/detfranskevinhus.com\\\/sv\\\/vare\\\/taittinger-champagne-brut-reserve-reims-med-2-glas-i-presentforpackning\\\/#primaryimage\"},\"image\":{\"@id\":\"https:\\\/\\\/detfranskevinhus.com\\\/sv\\\/vare\\\/taittinger-champagne-brut-reserve-reims-med-2-glas-i-presentforpackning\\\/#primaryimage\"},\"thumbnailUrl\":\"https:\\\/\\\/detfranskevinhus.com\\\/wp-content\\\/uploads\\\/2026\\\/04\\\/123-Frankrig-Champagne-Reims-Chardonnay-Pinot-Meunier-Mousserende-vin-Taittinger-Champagne-Brut-Reserve-Reims-med-2-glas-i-gaveaeske.jpeg\",\"datePublished\":\"2026-04-08T11:12:35+00:00\",\"dateModified\":\"2026-04-09T11:11:32+00:00\",\"description\":\"K\u00f6p Taittinger Champagne Brut R\u00e9serve. Klassisk och elegant champagne fr\u00e5n Reims med fina bubblor, citrus, vita blommor och frisk balans.\",\"breadcrumb\":{\"@id\":\"https:\\\/\\\/detfranskevinhus.com\\\/sv\\\/vare\\\/taittinger-champagne-brut-reserve-reims-med-2-glas-i-presentforpackning\\\/#breadcrumb\"},\"inLanguage\":\"sv-SE\",\"potentialAction\":[{\"@type\":\"ReadAction\",\"target\":[\"https:\\\/\\\/detfranskevinhus.com\\\/sv\\\/vare\\\/taittinger-champagne-brut-reserve-reims-med-2-glas-i-presentforpackning\\\/\"]}]},{\"@type\":\"ImageObject\",\"inLanguage\":\"sv-SE\",\"@id\":\"https:\\\/\\\/detfranskevinhus.com\\\/sv\\\/vare\\\/taittinger-champagne-brut-reserve-reims-med-2-glas-i-presentforpackning\\\/#primaryimage\",\"url\":\"https:\\\/\\\/detfranskevinhus.com\\\/wp-content\\\/uploads\\\/2026\\\/04\\\/123-Frankrig-Champagne-Reims-Chardonnay-Pinot-Meunier-Mousserende-vin-Taittinger-Champagne-Brut-Reserve-Reims-med-2-glas-i-gaveaeske.jpeg\",\"contentUrl\":\"https:\\\/\\\/detfranskevinhus.com\\\/wp-content\\\/uploads\\\/2026\\\/04\\\/123-Frankrig-Champagne-Reims-Chardonnay-Pinot-Meunier-Mousserende-vin-Taittinger-Champagne-Brut-Reserve-Reims-med-2-glas-i-gaveaeske.jpeg\",\"width\":1080,\"height\":1920,\"caption\":\"Frankrig Champagne Reims Chardonnay Pinot Meunier Mousserende vin Taittinger Champagne Brut R\u00e9serve Reims med 2 glas i gave\u00e6ske\"},{\"@type\":\"BreadcrumbList\",\"@id\":\"https:\\\/\\\/detfranskevinhus.com\\\/sv\\\/vare\\\/taittinger-champagne-brut-reserve-reims-med-2-glas-i-presentforpackning\\\/#breadcrumb\",\"itemListElement\":[{\"@type\":\"ListItem\",\"position\":1,\"name\":\"Shop\",\"item\":\"https:\\\/\\\/detfranskevinhus.com\\\/sv\\\/butik\\\/\"},{\"@type\":\"ListItem\",\"position\":2,\"name\":\"Taittinger Champagne Brut R\u00e9serve Reims med 2 glas i presentf\u00f6rpackning\"}]},{\"@type\":\"WebSite\",\"@id\":\"https:\\\/\\\/detfranskevinhus.com\\\/sv\\\/#website\",\"url\":\"https:\\\/\\\/detfranskevinhus.com\\\/sv\\\/\",\"name\":\"Det Franske Vinhus\",\"description\":\"\",\"publisher\":{\"@id\":\"https:\\\/\\\/detfranskevinhus.com\\\/sv\\\/#organization\"},\"potentialAction\":[{\"@type\":\"SearchAction\",\"target\":{\"@type\":\"EntryPoint\",\"urlTemplate\":\"https:\\\/\\\/detfranskevinhus.com\\\/sv\\\/?s={search_term_string}\"},\"query-input\":{\"@type\":\"PropertyValueSpecification\",\"valueRequired\":true,\"valueName\":\"search_term_string\"}}],\"inLanguage\":\"sv-SE\"},{\"@type\":\"Organization\",\"@id\":\"https:\\\/\\\/detfranskevinhus.com\\\/sv\\\/#organization\",\"name\":\"Det Franske Vinhus\",\"url\":\"https:\\\/\\\/detfranskevinhus.com\\\/sv\\\/\",\"logo\":{\"@type\":\"ImageObject\",\"inLanguage\":\"sv-SE\",\"@id\":\"https:\\\/\\\/detfranskevinhus.com\\\/sv\\\/#\\\/schema\\\/logo\\\/image\\\/\",\"url\":\"https:\\\/\\\/detfranskevinhus.com\\\/wp-content\\\/uploads\\\/2023\\\/07\\\/01_DFV_Logo_www_01-02-copy.jpg\",\"contentUrl\":\"https:\\\/\\\/detfranskevinhus.com\\\/wp-content\\\/uploads\\\/2023\\\/07\\\/01_DFV_Logo_www_01-02-copy.jpg\",\"width\":992,\"height\":482,\"caption\":\"Det Franske Vinhus\"},\"image\":{\"@id\":\"https:\\\/\\\/detfranskevinhus.com\\\/sv\\\/#\\\/schema\\\/logo\\\/image\\\/\"}}]}<\/script>\n<!-- \/ Yoast SEO plugin. -->","yoast_head_json":{"title":"Taittinger Brut R\u00e9serve | Elegant champagne fr\u00e5n Reims","description":"K\u00f6p Taittinger Champagne Brut R\u00e9serve. Klassisk och elegant champagne fr\u00e5n Reims med fina bubblor, citrus, vita blommor och frisk balans.","robots":{"index":"index","follow":"follow","max-snippet":"max-snippet:-1","max-image-preview":"max-image-preview:large","max-video-preview":"max-video-preview:-1"},"canonical":"https:\/\/detfranskevinhus.com\/sv\/vare\/taittinger-champagne-brut-reserve-reims-med-2-glas-i-presentforpackning\/","og_locale":"sv_SE","og_type":"article","og_title":"Taittinger Brut R\u00e9serve. Klassisk champagne med finess","og_description":"Frisk och elegant champagne fr\u00e5n Reims p\u00e5 Chardonnay, Pinot Noir och Meunier. Fina bubblor, citrus och delikata blomtoner i vacker balans.","og_url":"https:\/\/detfranskevinhus.com\/sv\/vare\/taittinger-champagne-brut-reserve-reims-med-2-glas-i-presentforpackning\/","og_site_name":"Det Franske Vinhus","article_modified_time":"2026-04-09T11:11:32+00:00","og_image":[{"width":1080,"height":1920,"url":"https:\/\/detfranskevinhus.com\/wp-content\/uploads\/2026\/04\/123-Frankrig-Champagne-Reims-Chardonnay-Pinot-Meunier-Mousserende-vin-Taittinger-Champagne-Brut-Reserve-Reims-med-2-glas-i-gaveaeske.jpeg","type":"image\/jpeg"}],"twitter_card":"summary_large_image","twitter_misc":{"Ber\u00e4knad l\u00e4stid":"2 minuter"},"schema":{"@context":"https:\/\/schema.org","@graph":[{"@type":"WebPage","@id":"https:\/\/detfranskevinhus.com\/sv\/vare\/taittinger-champagne-brut-reserve-reims-med-2-glas-i-presentforpackning\/","url":"https:\/\/detfranskevinhus.com\/sv\/vare\/taittinger-champagne-brut-reserve-reims-med-2-glas-i-presentforpackning\/","name":"Taittinger Brut R\u00e9serve | Elegant champagne fr\u00e5n Reims","isPartOf":{"@id":"https:\/\/detfranskevinhus.com\/sv\/#website"},"primaryImageOfPage":{"@id":"https:\/\/detfranskevinhus.com\/sv\/vare\/taittinger-champagne-brut-reserve-reims-med-2-glas-i-presentforpackning\/#primaryimage"},"image":{"@id":"https:\/\/detfranskevinhus.com\/sv\/vare\/taittinger-champagne-brut-reserve-reims-med-2-glas-i-presentforpackning\/#primaryimage"},"thumbnailUrl":"https:\/\/detfranskevinhus.com\/wp-content\/uploads\/2026\/04\/123-Frankrig-Champagne-Reims-Chardonnay-Pinot-Meunier-Mousserende-vin-Taittinger-Champagne-Brut-Reserve-Reims-med-2-glas-i-gaveaeske.jpeg","datePublished":"2026-04-08T11:12:35+00:00","dateModified":"2026-04-09T11:11:32+00:00","description":"K\u00f6p Taittinger Champagne Brut R\u00e9serve. Klassisk och elegant champagne fr\u00e5n Reims med fina bubblor, citrus, vita blommor och frisk balans.","breadcrumb":{"@id":"https:\/\/detfranskevinhus.com\/sv\/vare\/taittinger-champagne-brut-reserve-reims-med-2-glas-i-presentforpackning\/#breadcrumb"},"inLanguage":"sv-SE","potentialAction":[{"@type":"ReadAction","target":["https:\/\/detfranskevinhus.com\/sv\/vare\/taittinger-champagne-brut-reserve-reims-med-2-glas-i-presentforpackning\/"]}]},{"@type":"ImageObject","inLanguage":"sv-SE","@id":"https:\/\/detfranskevinhus.com\/sv\/vare\/taittinger-champagne-brut-reserve-reims-med-2-glas-i-presentforpackning\/#primaryimage","url":"https:\/\/detfranskevinhus.com\/wp-content\/uploads\/2026\/04\/123-Frankrig-Champagne-Reims-Chardonnay-Pinot-Meunier-Mousserende-vin-Taittinger-Champagne-Brut-Reserve-Reims-med-2-glas-i-gaveaeske.jpeg","contentUrl":"https:\/\/detfranskevinhus.com\/wp-content\/uploads\/2026\/04\/123-Frankrig-Champagne-Reims-Chardonnay-Pinot-Meunier-Mousserende-vin-Taittinger-Champagne-Brut-Reserve-Reims-med-2-glas-i-gaveaeske.jpeg","width":1080,"height":1920,"caption":"Frankrig Champagne Reims Chardonnay Pinot Meunier Mousserende vin Taittinger Champagne Brut R\u00e9serve Reims med 2 glas i gave\u00e6ske"},{"@type":"BreadcrumbList","@id":"https:\/\/detfranskevinhus.com\/sv\/vare\/taittinger-champagne-brut-reserve-reims-med-2-glas-i-presentforpackning\/#breadcrumb","itemListElement":[{"@type":"ListItem","position":1,"name":"Shop","item":"https:\/\/detfranskevinhus.com\/sv\/butik\/"},{"@type":"ListItem","position":2,"name":"Taittinger Champagne Brut R\u00e9serve Reims med 2 glas i presentf\u00f6rpackning"}]},{"@type":"WebSite","@id":"https:\/\/detfranskevinhus.com\/sv\/#website","url":"https:\/\/detfranskevinhus.com\/sv\/","name":"Det Franske Vinhus","description":"","publisher":{"@id":"https:\/\/detfranskevinhus.com\/sv\/#organization"},"potentialAction":[{"@type":"SearchAction","target":{"@type":"EntryPoint","urlTemplate":"https:\/\/detfranskevinhus.com\/sv\/?s={search_term_string}"},"query-input":{"@type":"PropertyValueSpecification","valueRequired":true,"valueName":"search_term_string"}}],"inLanguage":"sv-SE"},{"@type":"Organization","@id":"https:\/\/detfranskevinhus.com\/sv\/#organization","name":"Det Franske Vinhus","url":"https:\/\/detfranskevinhus.com\/sv\/","logo":{"@type":"ImageObject","inLanguage":"sv-SE","@id":"https:\/\/detfranskevinhus.com\/sv\/#\/schema\/logo\/image\/","url":"https:\/\/detfranskevinhus.com\/wp-content\/uploads\/2023\/07\/01_DFV_Logo_www_01-02-copy.jpg","contentUrl":"https:\/\/detfranskevinhus.com\/wp-content\/uploads\/2023\/07\/01_DFV_Logo_www_01-02-copy.jpg","width":992,"height":482,"caption":"Det Franske Vinhus"},"image":{"@id":"https:\/\/detfranskevinhus.com\/sv\/#\/schema\/logo\/image\/"}}]}},"_links":{"self":[{"href":"https:\/\/detfranskevinhus.com\/sv\/wp-json\/wp\/v2\/product\/1000000033755","targetHints":{"allow":["GET"]}}],"collection":[{"href":"https:\/\/detfranskevinhus.com\/sv\/wp-json\/wp\/v2\/product"}],"about":[{"href":"https:\/\/detfranskevinhus.com\/sv\/wp-json\/wp\/v2\/types\/product"}],"version-history":[{"count":1,"href":"https:\/\/detfranskevinhus.com\/sv\/wp-json\/wp\/v2\/product\/1000000033755\/revisions"}],"predecessor-version":[{"id":1000000033756,"href":"https:\/\/detfranskevinhus.com\/sv\/wp-json\/wp\/v2\/product\/1000000033755\/revisions\/1000000033756"}],"wp:featuredmedia":[{"embeddable":true,"href":"https:\/\/detfranskevinhus.com\/sv\/wp-json\/wp\/v2\/media\/1000000033750"}],"wp:attachment":[{"href":"https:\/\/detfranskevinhus.com\/sv\/wp-json\/wp\/v2\/media?parent=1000000033755"}],"wp:term":[{"taxonomy":"product_brand","embeddable":true,"href":"https:\/\/detfranskevinhus.com\/sv\/wp-json\/wp\/v2\/product_brand?post=1000000033755"},{"taxonomy":"product_cat","embeddable":true,"href":"https:\/\/detfranskevinhus.com\/sv\/wp-json\/wp\/v2\/product_cat?post=1000000033755"},{"taxonomy":"product_tag","embeddable":true,"href":"https:\/\/detfranskevinhus.com\/sv\/wp-json\/wp\/v2\/product_tag?post=1000000033755"}],"curies":[{"name":"wp","href":"https:\/\/api.w.org\/{rel}","templated":true}]}}