{"id":1000000033720,"date":"2026-04-08T12:04:55","date_gmt":"2026-04-08T10:04:55","guid":{"rendered":"https:\/\/detfranskevinhus.com\/?post_type=product&#038;p=1000000033720"},"modified":"2026-04-08T12:23:29","modified_gmt":"2026-04-08T10:23:29","slug":"sacchetto-prosecco-brut","status":"publish","type":"product","link":"https:\/\/detfranskevinhus.com\/sv\/vare\/sacchetto-prosecco-brut\/","title":{"rendered":"Sacchetto Prosecco Brut"},"content":{"rendered":"<p data-start=\"2130\" data-end=\"2420\"><strong data-start=\"2130\" data-end=\"2142\">Ursprung<\/strong><br data-start=\"2142\" data-end=\"2145\" \/>Detta vin kommer fr\u00e5n Italien och \u00e4r producerat av Sacchetto. Det \u00e4r en Prosecco DOC Brut som uttrycker den l\u00e4tta, friska och livliga stil som har gjort prosecco s\u00e5 uppskattad. Vinet \u00e4r gjort i en elegant och balanserad stil med fokus p\u00e5 friskhet, fina bubblor och ren frukt.<\/p>\n<p data-start=\"2422\" data-end=\"2440\"><strong data-start=\"2422\" data-end=\"2431\">Druva<\/strong><br data-start=\"2431\" data-end=\"2434\" \/>Glera.<\/p>\n<p data-start=\"2442\" data-end=\"2738\"><strong data-start=\"2442\" data-end=\"2450\">Smak<\/strong><br data-start=\"2450\" data-end=\"2453\" \/>Vinet \u00e4r torrt, l\u00e4tt och harmoniskt med en frisk och livlig mousse. Smaken bjuder p\u00e5 citrus, frisk frukt och en ren, balanserad stil d\u00e4r de fina bubblorna lyfter helheten. Avslutningen \u00e4r l\u00e4tt, krispig och inbjudande, vilket g\u00f6r vinet utm\u00e4rkt b\u00e5de som aperitif och till l\u00e4ttare r\u00e4tter.<\/p>\n<p data-start=\"2740\" data-end=\"2872\"><strong data-start=\"2740\" data-end=\"2748\">Arom<\/strong><br data-start=\"2748\" data-end=\"2751\" \/>Doften bjuder p\u00e5 vita blommor, citrus och frisk frukt. En delikat och ren doft med ett elegant, l\u00e4tt mousserande uttryck.<\/p>\n<p data-start=\"2874\" data-end=\"2886\"><strong data-start=\"2874\" data-end=\"2886\">Karakt\u00e4r<\/strong><\/p>\n<ul data-start=\"2887\" data-end=\"3062\">\n<li data-section-id=\"688c0v\" data-start=\"2887\" data-end=\"2903\">Torrhet: Torrt<\/li>\n<li data-section-id=\"1ku6t35\" data-start=\"2904\" data-end=\"2916\">S\u00f6tma: L\u00e5g<\/li>\n<li data-section-id=\"1lelt9u\" data-start=\"2917\" data-end=\"2934\">Fyllighet: L\u00e4tt<\/li>\n<li data-section-id=\"9ly5nf\" data-start=\"2935\" data-end=\"2959\">Syra: Frisk och livlig<\/li>\n<li data-section-id=\"1yrpcm9\" data-start=\"2960\" data-end=\"2988\">Bubblor: Fina och eleganta<\/li>\n<li data-section-id=\"1bwyf2v\" data-start=\"2989\" data-end=\"3026\">Fruktprofil: Citrus och frisk frukt<\/li>\n<li data-section-id=\"e111cb\" data-start=\"3027\" data-end=\"3062\">Stil: L\u00e4tt, krispig och harmonisk<\/li>\n<\/ul>\n<p data-start=\"3064\" data-end=\"3086\"><strong data-start=\"3064\" data-end=\"3075\">Alkohol<\/strong><br data-start=\"3075\" data-end=\"3078\" \/>11% vol.<\/p>\n<p data-start=\"3088\" data-end=\"3322\"><strong data-start=\"3088\" data-end=\"3113\">S\u00e4rskilda k\u00e4nnetecken<\/strong><br data-start=\"3113\" data-end=\"3116\" \/>En klassisk Prosecco DOC Brut med fin balans mellan frukt, blommighet och frisk syra. Den l\u00e4tta och torra stilen g\u00f6r den s\u00e4rskilt v\u00e4l l\u00e4mpad som aperitif, till skaldjur och till ljusa, delikata serveringar.<\/p>\n<p data-start=\"3324\" data-end=\"3519\"><strong data-start=\"3324\" data-end=\"3336\">Matmatch<\/strong><br data-start=\"3336\" data-end=\"3339\" \/>Passar bra till skaldjur, sushi, fiskr\u00e4tter, f\u00e4rska ostar och l\u00e4tta appetizers. Den \u00e4r ocks\u00e5 perfekt som aperitif eller till sm\u00e5 serveringar d\u00e4r friskhet och finess st\u00e5r i centrum.<\/p>\n","protected":false},"excerpt":{"rendered":"<p>Frisk och livlig Prosecco med fina bubblor, citrus och vita blommor. Perfekt som aperitif eller till skaldjur, sushi och l\u00e4tta r\u00e4tter.<\/p>\n","protected":false},"featured_media":1000000033716,"template":"","meta":{"_acf_changed":false,"site-sidebar-layout":"default","site-content-layout":"","ast-site-content-layout":"default","site-content-style":"default","site-sidebar-style":"default","ast-global-header-display":"","ast-banner-title-visibility":"","ast-main-header-display":"","ast-hfb-above-header-display":"","ast-hfb-below-header-display":"","ast-hfb-mobile-header-display":"","site-post-title":"","ast-breadcrumbs-content":"","ast-featured-img":"","footer-sml-layout":"","ast-disable-related-posts":"","theme-transparent-header-meta":"default","adv-header-id-meta":"","stick-header-meta":"default","header-above-stick-meta":"","header-main-stick-meta":"","header-below-stick-meta":"","astra-migrate-meta-layouts":"set","ast-page-background-enabled":"default","ast-page-background-meta":{"desktop":{"background-color":"","background-image":"","background-repeat":"repeat","background-position":"center center","background-size":"auto","background-attachment":"scroll","background-type":"","background-media":"","overlay-type":"","overlay-color":"","overlay-opacity":"","overlay-gradient":""},"tablet":{"background-color":"","background-image":"","background-repeat":"repeat","background-position":"center center","background-size":"auto","background-attachment":"scroll","background-type":"","background-media":"","overlay-type":"","overlay-color":"","overlay-opacity":"","overlay-gradient":""},"mobile":{"background-color":"","background-image":"","background-repeat":"repeat","background-position":"center center","background-size":"auto","background-attachment":"scroll","background-type":"","background-media":"","overlay-type":"","overlay-color":"","overlay-opacity":"","overlay-gradient":""}},"ast-content-background-meta":{"desktop":{"background-color":"var(--ast-global-color-5)","background-image":"","background-repeat":"repeat","background-position":"center center","background-size":"auto","background-attachment":"scroll","background-type":"","background-media":"","overlay-type":"","overlay-color":"","overlay-opacity":"","overlay-gradient":""},"tablet":{"background-color":"var(--ast-global-color-5)","background-image":"","background-repeat":"repeat","background-position":"center center","background-size":"auto","background-attachment":"scroll","background-type":"","background-media":"","overlay-type":"","overlay-color":"","overlay-opacity":"","overlay-gradient":""},"mobile":{"background-color":"var(--ast-global-color-5)","background-image":"","background-repeat":"repeat","background-position":"center center","background-size":"auto","background-attachment":"scroll","background-type":"","background-media":"","overlay-type":"","overlay-color":"","overlay-opacity":"","overlay-gradient":""}}},"product_brand":[],"product_cat":[1579,695,1558,1572],"product_tag":[],"class_list":{"0":"post-1000000033720","1":"product","2":"type-product","3":"status-publish","4":"has-post-thumbnail","6":"product_cat-italien","7":"product_cat-sparkling-wine-sv","8":"product_cat-vegan","9":"product_cat-veneto","10":"pa_drue-glera","11":"pa_vintype-sparkling-wine-sv","12":"desktop-align-center","13":"tablet-align-center","14":"mobile-align-center","15":"ast-product-gallery-layout-horizontal","16":"ast-product-tabs-layout-horizontal","17":"ast-qv-on-image-click","19":"first","20":"instock","21":"taxable","22":"shipping-taxable","23":"purchasable","24":"product-type-simple"},"group_of_quantity":0,"min_quantity":0,"max_quantity":"","exclude_order_quantity_value_rules":"no","exclude_category_quantity_rules":"no","combine_variations":"no","acf":[],"yoast_head":"<!-- This site is optimized with the Yoast SEO plugin v27.5 - https:\/\/yoast.com\/product\/yoast-seo-wordpress\/ -->\n<title>Sacchetto Prosecco DOC Brut | Frisk och elegant mousserande vin<\/title>\n<meta name=\"description\" content=\"K\u00f6p Sacchetto Prosecco DOC Brut. Friskt och torrt mousserande vin fr\u00e5n Italien med fina bubblor, citrus, vita blommor och l\u00e4tt elegans.\" \/>\n<meta name=\"robots\" content=\"index, follow, max-snippet:-1, max-image-preview:large, max-video-preview:-1\" \/>\n<link rel=\"canonical\" href=\"https:\/\/detfranskevinhus.com\/sv\/vare\/sacchetto-prosecco-brut\/\" \/>\n<meta property=\"og:locale\" content=\"sv_SE\" \/>\n<meta property=\"og:type\" content=\"article\" \/>\n<meta property=\"og:title\" content=\"Sacchetto Prosecco Brut. Krispig italiensk bubbla med friskhet\" \/>\n<meta property=\"og:description\" content=\"Elegant och torr Prosecco DOC Brut fr\u00e5n Italien med fina bubblor, citrus och delikata florala toner. Perfekt till aperitif, skaldjur och l\u00e4tta serveringar.\" \/>\n<meta property=\"og:url\" content=\"https:\/\/detfranskevinhus.com\/sv\/vare\/sacchetto-prosecco-brut\/\" \/>\n<meta property=\"og:site_name\" content=\"Det Franske Vinhus\" \/>\n<meta property=\"article:modified_time\" content=\"2026-04-08T10:23:29+00:00\" \/>\n<meta property=\"og:image\" content=\"https:\/\/detfranskevinhus.com\/wp-content\/uploads\/2026\/04\/31-Italien-Veneto-Mousserende-Sacchetto-Prosecco-Brut.jpeg\" \/>\n\t<meta property=\"og:image:width\" content=\"1080\" \/>\n\t<meta property=\"og:image:height\" content=\"1920\" \/>\n\t<meta property=\"og:image:type\" content=\"image\/jpeg\" \/>\n<meta name=\"twitter:card\" content=\"summary_large_image\" \/>\n<meta name=\"twitter:label1\" content=\"Ber\u00e4knad l\u00e4stid\" \/>\n\t<meta name=\"twitter:data1\" content=\"2 minuter\" \/>\n<script type=\"application\/ld+json\" class=\"yoast-schema-graph\">{\"@context\":\"https:\\\/\\\/schema.org\",\"@graph\":[{\"@type\":\"WebPage\",\"@id\":\"https:\\\/\\\/detfranskevinhus.com\\\/sv\\\/vare\\\/sacchetto-prosecco-brut\\\/\",\"url\":\"https:\\\/\\\/detfranskevinhus.com\\\/sv\\\/vare\\\/sacchetto-prosecco-brut\\\/\",\"name\":\"Sacchetto Prosecco DOC Brut | Frisk och elegant mousserande vin\",\"isPartOf\":{\"@id\":\"https:\\\/\\\/detfranskevinhus.com\\\/sv\\\/#website\"},\"primaryImageOfPage\":{\"@id\":\"https:\\\/\\\/detfranskevinhus.com\\\/sv\\\/vare\\\/sacchetto-prosecco-brut\\\/#primaryimage\"},\"image\":{\"@id\":\"https:\\\/\\\/detfranskevinhus.com\\\/sv\\\/vare\\\/sacchetto-prosecco-brut\\\/#primaryimage\"},\"thumbnailUrl\":\"https:\\\/\\\/detfranskevinhus.com\\\/wp-content\\\/uploads\\\/2026\\\/04\\\/31-Italien-Veneto-Mousserende-Sacchetto-Prosecco-Brut.jpeg\",\"datePublished\":\"2026-04-08T10:04:55+00:00\",\"dateModified\":\"2026-04-08T10:23:29+00:00\",\"description\":\"K\u00f6p Sacchetto Prosecco DOC Brut. Friskt och torrt mousserande vin fr\u00e5n Italien med fina bubblor, citrus, vita blommor och l\u00e4tt elegans.\",\"breadcrumb\":{\"@id\":\"https:\\\/\\\/detfranskevinhus.com\\\/sv\\\/vare\\\/sacchetto-prosecco-brut\\\/#breadcrumb\"},\"inLanguage\":\"sv-SE\",\"potentialAction\":[{\"@type\":\"ReadAction\",\"target\":[\"https:\\\/\\\/detfranskevinhus.com\\\/sv\\\/vare\\\/sacchetto-prosecco-brut\\\/\"]}]},{\"@type\":\"ImageObject\",\"inLanguage\":\"sv-SE\",\"@id\":\"https:\\\/\\\/detfranskevinhus.com\\\/sv\\\/vare\\\/sacchetto-prosecco-brut\\\/#primaryimage\",\"url\":\"https:\\\/\\\/detfranskevinhus.com\\\/wp-content\\\/uploads\\\/2026\\\/04\\\/31-Italien-Veneto-Mousserende-Sacchetto-Prosecco-Brut.jpeg\",\"contentUrl\":\"https:\\\/\\\/detfranskevinhus.com\\\/wp-content\\\/uploads\\\/2026\\\/04\\\/31-Italien-Veneto-Mousserende-Sacchetto-Prosecco-Brut.jpeg\",\"width\":1080,\"height\":1920,\"caption\":\"Italien Veneto Mousserende Sacchetto Prosecco Brut\"},{\"@type\":\"BreadcrumbList\",\"@id\":\"https:\\\/\\\/detfranskevinhus.com\\\/sv\\\/vare\\\/sacchetto-prosecco-brut\\\/#breadcrumb\",\"itemListElement\":[{\"@type\":\"ListItem\",\"position\":1,\"name\":\"Shop\",\"item\":\"https:\\\/\\\/detfranskevinhus.com\\\/sv\\\/butik\\\/\"},{\"@type\":\"ListItem\",\"position\":2,\"name\":\"Sacchetto Prosecco Brut\"}]},{\"@type\":\"WebSite\",\"@id\":\"https:\\\/\\\/detfranskevinhus.com\\\/sv\\\/#website\",\"url\":\"https:\\\/\\\/detfranskevinhus.com\\\/sv\\\/\",\"name\":\"Det Franske Vinhus\",\"description\":\"\",\"publisher\":{\"@id\":\"https:\\\/\\\/detfranskevinhus.com\\\/sv\\\/#organization\"},\"potentialAction\":[{\"@type\":\"SearchAction\",\"target\":{\"@type\":\"EntryPoint\",\"urlTemplate\":\"https:\\\/\\\/detfranskevinhus.com\\\/sv\\\/?s={search_term_string}\"},\"query-input\":{\"@type\":\"PropertyValueSpecification\",\"valueRequired\":true,\"valueName\":\"search_term_string\"}}],\"inLanguage\":\"sv-SE\"},{\"@type\":\"Organization\",\"@id\":\"https:\\\/\\\/detfranskevinhus.com\\\/sv\\\/#organization\",\"name\":\"Det Franske Vinhus\",\"url\":\"https:\\\/\\\/detfranskevinhus.com\\\/sv\\\/\",\"logo\":{\"@type\":\"ImageObject\",\"inLanguage\":\"sv-SE\",\"@id\":\"https:\\\/\\\/detfranskevinhus.com\\\/sv\\\/#\\\/schema\\\/logo\\\/image\\\/\",\"url\":\"https:\\\/\\\/detfranskevinhus.com\\\/wp-content\\\/uploads\\\/2023\\\/07\\\/01_DFV_Logo_www_01-02-copy.jpg\",\"contentUrl\":\"https:\\\/\\\/detfranskevinhus.com\\\/wp-content\\\/uploads\\\/2023\\\/07\\\/01_DFV_Logo_www_01-02-copy.jpg\",\"width\":992,\"height\":482,\"caption\":\"Det Franske Vinhus\"},\"image\":{\"@id\":\"https:\\\/\\\/detfranskevinhus.com\\\/sv\\\/#\\\/schema\\\/logo\\\/image\\\/\"}}]}<\/script>\n<!-- \/ Yoast SEO plugin. -->","yoast_head_json":{"title":"Sacchetto Prosecco DOC Brut | Frisk och elegant mousserande vin","description":"K\u00f6p Sacchetto Prosecco DOC Brut. Friskt och torrt mousserande vin fr\u00e5n Italien med fina bubblor, citrus, vita blommor och l\u00e4tt elegans.","robots":{"index":"index","follow":"follow","max-snippet":"max-snippet:-1","max-image-preview":"max-image-preview:large","max-video-preview":"max-video-preview:-1"},"canonical":"https:\/\/detfranskevinhus.com\/sv\/vare\/sacchetto-prosecco-brut\/","og_locale":"sv_SE","og_type":"article","og_title":"Sacchetto Prosecco Brut. Krispig italiensk bubbla med friskhet","og_description":"Elegant och torr Prosecco DOC Brut fr\u00e5n Italien med fina bubblor, citrus och delikata florala toner. Perfekt till aperitif, skaldjur och l\u00e4tta serveringar.","og_url":"https:\/\/detfranskevinhus.com\/sv\/vare\/sacchetto-prosecco-brut\/","og_site_name":"Det Franske Vinhus","article_modified_time":"2026-04-08T10:23:29+00:00","og_image":[{"width":1080,"height":1920,"url":"https:\/\/detfranskevinhus.com\/wp-content\/uploads\/2026\/04\/31-Italien-Veneto-Mousserende-Sacchetto-Prosecco-Brut.jpeg","type":"image\/jpeg"}],"twitter_card":"summary_large_image","twitter_misc":{"Ber\u00e4knad l\u00e4stid":"2 minuter"},"schema":{"@context":"https:\/\/schema.org","@graph":[{"@type":"WebPage","@id":"https:\/\/detfranskevinhus.com\/sv\/vare\/sacchetto-prosecco-brut\/","url":"https:\/\/detfranskevinhus.com\/sv\/vare\/sacchetto-prosecco-brut\/","name":"Sacchetto Prosecco DOC Brut | Frisk och elegant mousserande vin","isPartOf":{"@id":"https:\/\/detfranskevinhus.com\/sv\/#website"},"primaryImageOfPage":{"@id":"https:\/\/detfranskevinhus.com\/sv\/vare\/sacchetto-prosecco-brut\/#primaryimage"},"image":{"@id":"https:\/\/detfranskevinhus.com\/sv\/vare\/sacchetto-prosecco-brut\/#primaryimage"},"thumbnailUrl":"https:\/\/detfranskevinhus.com\/wp-content\/uploads\/2026\/04\/31-Italien-Veneto-Mousserende-Sacchetto-Prosecco-Brut.jpeg","datePublished":"2026-04-08T10:04:55+00:00","dateModified":"2026-04-08T10:23:29+00:00","description":"K\u00f6p Sacchetto Prosecco DOC Brut. Friskt och torrt mousserande vin fr\u00e5n Italien med fina bubblor, citrus, vita blommor och l\u00e4tt elegans.","breadcrumb":{"@id":"https:\/\/detfranskevinhus.com\/sv\/vare\/sacchetto-prosecco-brut\/#breadcrumb"},"inLanguage":"sv-SE","potentialAction":[{"@type":"ReadAction","target":["https:\/\/detfranskevinhus.com\/sv\/vare\/sacchetto-prosecco-brut\/"]}]},{"@type":"ImageObject","inLanguage":"sv-SE","@id":"https:\/\/detfranskevinhus.com\/sv\/vare\/sacchetto-prosecco-brut\/#primaryimage","url":"https:\/\/detfranskevinhus.com\/wp-content\/uploads\/2026\/04\/31-Italien-Veneto-Mousserende-Sacchetto-Prosecco-Brut.jpeg","contentUrl":"https:\/\/detfranskevinhus.com\/wp-content\/uploads\/2026\/04\/31-Italien-Veneto-Mousserende-Sacchetto-Prosecco-Brut.jpeg","width":1080,"height":1920,"caption":"Italien Veneto Mousserende Sacchetto Prosecco Brut"},{"@type":"BreadcrumbList","@id":"https:\/\/detfranskevinhus.com\/sv\/vare\/sacchetto-prosecco-brut\/#breadcrumb","itemListElement":[{"@type":"ListItem","position":1,"name":"Shop","item":"https:\/\/detfranskevinhus.com\/sv\/butik\/"},{"@type":"ListItem","position":2,"name":"Sacchetto Prosecco Brut"}]},{"@type":"WebSite","@id":"https:\/\/detfranskevinhus.com\/sv\/#website","url":"https:\/\/detfranskevinhus.com\/sv\/","name":"Det Franske Vinhus","description":"","publisher":{"@id":"https:\/\/detfranskevinhus.com\/sv\/#organization"},"potentialAction":[{"@type":"SearchAction","target":{"@type":"EntryPoint","urlTemplate":"https:\/\/detfranskevinhus.com\/sv\/?s={search_term_string}"},"query-input":{"@type":"PropertyValueSpecification","valueRequired":true,"valueName":"search_term_string"}}],"inLanguage":"sv-SE"},{"@type":"Organization","@id":"https:\/\/detfranskevinhus.com\/sv\/#organization","name":"Det Franske Vinhus","url":"https:\/\/detfranskevinhus.com\/sv\/","logo":{"@type":"ImageObject","inLanguage":"sv-SE","@id":"https:\/\/detfranskevinhus.com\/sv\/#\/schema\/logo\/image\/","url":"https:\/\/detfranskevinhus.com\/wp-content\/uploads\/2023\/07\/01_DFV_Logo_www_01-02-copy.jpg","contentUrl":"https:\/\/detfranskevinhus.com\/wp-content\/uploads\/2023\/07\/01_DFV_Logo_www_01-02-copy.jpg","width":992,"height":482,"caption":"Det Franske Vinhus"},"image":{"@id":"https:\/\/detfranskevinhus.com\/sv\/#\/schema\/logo\/image\/"}}]}},"_links":{"self":[{"href":"https:\/\/detfranskevinhus.com\/sv\/wp-json\/wp\/v2\/product\/1000000033720","targetHints":{"allow":["GET"]}}],"collection":[{"href":"https:\/\/detfranskevinhus.com\/sv\/wp-json\/wp\/v2\/product"}],"about":[{"href":"https:\/\/detfranskevinhus.com\/sv\/wp-json\/wp\/v2\/types\/product"}],"version-history":[{"count":1,"href":"https:\/\/detfranskevinhus.com\/sv\/wp-json\/wp\/v2\/product\/1000000033720\/revisions"}],"predecessor-version":[{"id":1000000033721,"href":"https:\/\/detfranskevinhus.com\/sv\/wp-json\/wp\/v2\/product\/1000000033720\/revisions\/1000000033721"}],"wp:featuredmedia":[{"embeddable":true,"href":"https:\/\/detfranskevinhus.com\/sv\/wp-json\/wp\/v2\/media\/1000000033716"}],"wp:attachment":[{"href":"https:\/\/detfranskevinhus.com\/sv\/wp-json\/wp\/v2\/media?parent=1000000033720"}],"wp:term":[{"taxonomy":"product_brand","embeddable":true,"href":"https:\/\/detfranskevinhus.com\/sv\/wp-json\/wp\/v2\/product_brand?post=1000000033720"},{"taxonomy":"product_cat","embeddable":true,"href":"https:\/\/detfranskevinhus.com\/sv\/wp-json\/wp\/v2\/product_cat?post=1000000033720"},{"taxonomy":"product_tag","embeddable":true,"href":"https:\/\/detfranskevinhus.com\/sv\/wp-json\/wp\/v2\/product_tag?post=1000000033720"}],"curies":[{"name":"wp","href":"https:\/\/api.w.org\/{rel}","templated":true}]}}