{"id":1000000033708,"date":"2026-04-08T09:55:46","date_gmt":"2026-04-08T07:55:46","guid":{"rendered":"https:\/\/detfranskevinhus.com\/?post_type=product&#038;p=1000000033708"},"modified":"2026-04-08T09:57:25","modified_gmt":"2026-04-08T07:57:25","slug":"anne-de-joyeuse-camas-viognier-igp-screwcap","status":"publish","type":"product","link":"https:\/\/detfranskevinhus.com\/sv\/vare\/anne-de-joyeuse-camas-viognier-igp-screwcap\/","title":{"rendered":"Anne De Joyeuse Camas Viognier IGP Screwcap"},"content":{"rendered":"<p data-start=\"2388\" data-end=\"2702\"><strong data-start=\"2388\" data-end=\"2400\">Ursprung<\/strong><br data-start=\"2400\" data-end=\"2403\" \/>Detta vin kommer fr\u00e5n Pays d\u2019Oc i s\u00f6dra Frankrike och \u00e4r producerat av Anne de Joyeuse. Omr\u00e5det \u00e4r k\u00e4nt f\u00f6r sitt varma klimat som ger mogna och aromatiska vita viner med gener\u00f6s frukt och mjuk fyllighet. Camas Viognier \u00e4r ett karakt\u00e4rsfullt vitt vin med b\u00e5de rundhet, friskhet och mineralisk balans.<\/p>\n<p data-start=\"2704\" data-end=\"2725\"><strong data-start=\"2704\" data-end=\"2713\">Druva<\/strong><br data-start=\"2713\" data-end=\"2716\" \/>Viognier.<\/p>\n<p data-start=\"2727\" data-end=\"3031\"><strong data-start=\"2727\" data-end=\"2735\">Smak<\/strong><br data-start=\"2735\" data-end=\"2738\" \/>Vinet \u00e4r torrt, runt och harmoniskt med en fyllig men v\u00e4lbalanserad smak. H\u00e4r m\u00f6ts mogen stenfrukt, s\u00e4rskilt aprikos, av florala nyanser och en l\u00e4tt mineralisk ton som ger friskhet \u00e5t den mjuka frukten. Smaken \u00e4r gener\u00f6s och avrundad utan att k\u00e4nnas tung, och avslutningen \u00e4r elegant och l\u00e5ng.<\/p>\n<p data-start=\"3033\" data-end=\"3212\"><strong data-start=\"3033\" data-end=\"3041\">Arom<\/strong><br data-start=\"3041\" data-end=\"3044\" \/>Doften bjuder p\u00e5 aprikos, blommor och mogna ljusa frukter, kompletterat av en l\u00e4tt kryddig och solmogen ton. En aromatisk och inbjudande doft med b\u00e5de v\u00e4rme och finess.<\/p>\n<p data-start=\"3214\" data-end=\"3226\"><strong data-start=\"3214\" data-end=\"3226\">Karakt\u00e4r<\/strong><\/p>\n<ul data-start=\"3227\" data-end=\"3437\">\n<li data-section-id=\"688c0v\" data-start=\"3227\" data-end=\"3243\">Torrhet: Torrt<\/li>\n<li data-section-id=\"1ku6t35\" data-start=\"3244\" data-end=\"3256\">S\u00f6tma: L\u00e5g<\/li>\n<li data-section-id=\"1wkaig2\" data-start=\"3257\" data-end=\"3295\">Fyllighet: Medelfylligt till fylligt<\/li>\n<li data-section-id=\"10l9fzi\" data-start=\"3296\" data-end=\"3324\">Syra: Mjuk till balanserad<\/li>\n<li data-section-id=\"1gtke9i\" data-start=\"3325\" data-end=\"3341\">Tanniner: Inga<\/li>\n<li data-section-id=\"1606b98\" data-start=\"3342\" data-end=\"3398\">Fruktprofil: Aprikos, ljus stenfrukt och florala toner<\/li>\n<li data-section-id=\"1av5gv5\" data-start=\"3399\" data-end=\"3437\">Stil: Rund, aromatisk och mineralisk<\/li>\n<\/ul>\n<p data-start=\"3439\" data-end=\"3461\"><strong data-start=\"3439\" data-end=\"3450\">Alkohol<\/strong><br data-start=\"3450\" data-end=\"3453\" \/>13% vol.<\/p>\n<p data-start=\"3463\" data-end=\"3696\"><strong data-start=\"3463\" data-end=\"3488\">S\u00e4rskilda k\u00e4nnetecken<\/strong><br data-start=\"3488\" data-end=\"3491\" \/>En klassisk sydfransk Viognier med fin balans mellan rund frukt, blommiga aromer och en frisk mineralisk ton. Vinet har en gyllene och aromatisk stil som g\u00f6r det b\u00e5de charmigt och m\u00e5ngsidigt vid matbordet.<\/p>\n<p data-start=\"3698\" data-end=\"3947\"><strong data-start=\"3698\" data-end=\"3710\">Matmatch<\/strong><br data-start=\"3710\" data-end=\"3713\" \/>Passar bra till grillad fisk, kyckling, kr\u00e4miga pastar\u00e4tter, ljust k\u00f6tt, milda asiatiska r\u00e4tter och fylligare sallader. Det fungerar ocks\u00e5 utm\u00e4rkt som ett glas f\u00f6r sig sj\u00e4lvt n\u00e4r man vill ha ett vitt vin med lite mer rundhet och arom.<\/p>\n","protected":false},"excerpt":{"rendered":"<p>Aromatisk och rund Viognier med aprikos, blommor och fin mineralitet. Ett charmigt vitt vin till fisk, kyckling och kr\u00e4miga r\u00e4tter.<\/p>\n","protected":false},"featured_media":1000000033705,"template":"","meta":{"_acf_changed":false,"site-sidebar-layout":"default","site-content-layout":"","ast-site-content-layout":"default","site-content-style":"default","site-sidebar-style":"default","ast-global-header-display":"","ast-banner-title-visibility":"","ast-main-header-display":"","ast-hfb-above-header-display":"","ast-hfb-below-header-display":"","ast-hfb-mobile-header-display":"","site-post-title":"","ast-breadcrumbs-content":"","ast-featured-img":"","footer-sml-layout":"","ast-disable-related-posts":"","theme-transparent-header-meta":"default","adv-header-id-meta":"","stick-header-meta":"default","header-above-stick-meta":"","header-main-stick-meta":"","header-below-stick-meta":"","astra-migrate-meta-layouts":"set","ast-page-background-enabled":"default","ast-page-background-meta":{"desktop":{"background-color":"","background-image":"","background-repeat":"repeat","background-position":"center center","background-size":"auto","background-attachment":"scroll","background-type":"","background-media":"","overlay-type":"","overlay-color":"","overlay-opacity":"","overlay-gradient":""},"tablet":{"background-color":"","background-image":"","background-repeat":"repeat","background-position":"center center","background-size":"auto","background-attachment":"scroll","background-type":"","background-media":"","overlay-type":"","overlay-color":"","overlay-opacity":"","overlay-gradient":""},"mobile":{"background-color":"","background-image":"","background-repeat":"repeat","background-position":"center center","background-size":"auto","background-attachment":"scroll","background-type":"","background-media":"","overlay-type":"","overlay-color":"","overlay-opacity":"","overlay-gradient":""}},"ast-content-background-meta":{"desktop":{"background-color":"var(--ast-global-color-5)","background-image":"","background-repeat":"repeat","background-position":"center center","background-size":"auto","background-attachment":"scroll","background-type":"","background-media":"","overlay-type":"","overlay-color":"","overlay-opacity":"","overlay-gradient":""},"tablet":{"background-color":"var(--ast-global-color-5)","background-image":"","background-repeat":"repeat","background-position":"center center","background-size":"auto","background-attachment":"scroll","background-type":"","background-media":"","overlay-type":"","overlay-color":"","overlay-opacity":"","overlay-gradient":""},"mobile":{"background-color":"var(--ast-global-color-5)","background-image":"","background-repeat":"repeat","background-position":"center center","background-size":"auto","background-attachment":"scroll","background-type":"","background-media":"","overlay-type":"","overlay-color":"","overlay-opacity":"","overlay-gradient":""}}},"product_brand":[],"product_cat":[1424,1545,370],"product_tag":[],"class_list":{"0":"post-1000000033708","1":"product","2":"type-product","3":"status-publish","4":"has-post-thumbnail","6":"product_cat-frankrike","7":"product_cat-sydfrankrig-languedoc","8":"product_cat-vitt-vin","9":"pa_drue-viognier-sv","10":"pa_vintype-vitt-vin-sv","11":"desktop-align-center","12":"tablet-align-center","13":"mobile-align-center","14":"ast-product-gallery-layout-horizontal","15":"ast-product-tabs-layout-horizontal","16":"ast-qv-on-image-click","18":"first","19":"instock","20":"taxable","21":"shipping-taxable","22":"purchasable","23":"product-type-simple"},"group_of_quantity":0,"min_quantity":0,"max_quantity":"","exclude_order_quantity_value_rules":"no","exclude_category_quantity_rules":"no","combine_variations":"no","acf":[],"yoast_head":"<!-- This site is optimized with the Yoast SEO plugin v27.5 - https:\/\/yoast.com\/product\/yoast-seo-wordpress\/ -->\n<title>Camas Viognier | Aromatiskt vitt vin fr\u00e5n Anne de Joyeuse<\/title>\n<meta name=\"description\" content=\"K\u00f6p Anne de Joyeuse Camas Viognier Pays d\u2019Oc IGP 2024. Aromatiskt och runt vitt vin med aprikos, blommor och mineralisk friskhet.\" \/>\n<meta name=\"robots\" content=\"index, follow, max-snippet:-1, max-image-preview:large, max-video-preview:-1\" \/>\n<link rel=\"canonical\" href=\"https:\/\/detfranskevinhus.com\/sv\/vare\/anne-de-joyeuse-camas-viognier-igp-screwcap\/\" \/>\n<meta property=\"og:locale\" content=\"sv_SE\" \/>\n<meta property=\"og:type\" content=\"article\" \/>\n<meta property=\"og:title\" content=\"Camas Viognier. Runt vitt vin med aprikos och blommor\" \/>\n<meta property=\"og:description\" content=\"Fyllig och harmonisk Viognier fr\u00e5n Pays d\u2019Oc med toner av aprikos, florala nyanser och frisk mineralitet. Perfekt till fisk, ljust k\u00f6tt och smakrika vardagsr\u00e4tter.\" \/>\n<meta property=\"og:url\" content=\"https:\/\/detfranskevinhus.com\/sv\/vare\/anne-de-joyeuse-camas-viognier-igp-screwcap\/\" \/>\n<meta property=\"og:site_name\" content=\"Det Franske Vinhus\" \/>\n<meta property=\"article:modified_time\" content=\"2026-04-08T07:57:25+00:00\" \/>\n<meta property=\"og:image\" content=\"https:\/\/detfranskevinhus.com\/wp-content\/uploads\/2026\/04\/58-Frankrig-Sydfrankrig-Languedoc-Limoux-Viognier-Hvidvin-Anne-De-Joyeuse-Camas-Viognier-IGP-Screwcap.jpeg\" \/>\n\t<meta property=\"og:image:width\" content=\"1080\" \/>\n\t<meta property=\"og:image:height\" content=\"1920\" \/>\n\t<meta property=\"og:image:type\" content=\"image\/jpeg\" \/>\n<meta name=\"twitter:card\" content=\"summary_large_image\" \/>\n<meta name=\"twitter:label1\" content=\"Ber\u00e4knad l\u00e4stid\" \/>\n\t<meta name=\"twitter:data1\" content=\"2 minuter\" \/>\n<script type=\"application\/ld+json\" class=\"yoast-schema-graph\">{\"@context\":\"https:\\\/\\\/schema.org\",\"@graph\":[{\"@type\":\"WebPage\",\"@id\":\"https:\\\/\\\/detfranskevinhus.com\\\/sv\\\/vare\\\/anne-de-joyeuse-camas-viognier-igp-screwcap\\\/\",\"url\":\"https:\\\/\\\/detfranskevinhus.com\\\/sv\\\/vare\\\/anne-de-joyeuse-camas-viognier-igp-screwcap\\\/\",\"name\":\"Camas Viognier | Aromatiskt vitt vin fr\u00e5n Anne de Joyeuse\",\"isPartOf\":{\"@id\":\"https:\\\/\\\/detfranskevinhus.com\\\/sv\\\/#website\"},\"primaryImageOfPage\":{\"@id\":\"https:\\\/\\\/detfranskevinhus.com\\\/sv\\\/vare\\\/anne-de-joyeuse-camas-viognier-igp-screwcap\\\/#primaryimage\"},\"image\":{\"@id\":\"https:\\\/\\\/detfranskevinhus.com\\\/sv\\\/vare\\\/anne-de-joyeuse-camas-viognier-igp-screwcap\\\/#primaryimage\"},\"thumbnailUrl\":\"https:\\\/\\\/detfranskevinhus.com\\\/wp-content\\\/uploads\\\/2026\\\/04\\\/58-Frankrig-Sydfrankrig-Languedoc-Limoux-Viognier-Hvidvin-Anne-De-Joyeuse-Camas-Viognier-IGP-Screwcap.jpeg\",\"datePublished\":\"2026-04-08T07:55:46+00:00\",\"dateModified\":\"2026-04-08T07:57:25+00:00\",\"description\":\"K\u00f6p Anne de Joyeuse Camas Viognier Pays d\u2019Oc IGP 2024. Aromatiskt och runt vitt vin med aprikos, blommor och mineralisk friskhet.\",\"breadcrumb\":{\"@id\":\"https:\\\/\\\/detfranskevinhus.com\\\/sv\\\/vare\\\/anne-de-joyeuse-camas-viognier-igp-screwcap\\\/#breadcrumb\"},\"inLanguage\":\"sv-SE\",\"potentialAction\":[{\"@type\":\"ReadAction\",\"target\":[\"https:\\\/\\\/detfranskevinhus.com\\\/sv\\\/vare\\\/anne-de-joyeuse-camas-viognier-igp-screwcap\\\/\"]}]},{\"@type\":\"ImageObject\",\"inLanguage\":\"sv-SE\",\"@id\":\"https:\\\/\\\/detfranskevinhus.com\\\/sv\\\/vare\\\/anne-de-joyeuse-camas-viognier-igp-screwcap\\\/#primaryimage\",\"url\":\"https:\\\/\\\/detfranskevinhus.com\\\/wp-content\\\/uploads\\\/2026\\\/04\\\/58-Frankrig-Sydfrankrig-Languedoc-Limoux-Viognier-Hvidvin-Anne-De-Joyeuse-Camas-Viognier-IGP-Screwcap.jpeg\",\"contentUrl\":\"https:\\\/\\\/detfranskevinhus.com\\\/wp-content\\\/uploads\\\/2026\\\/04\\\/58-Frankrig-Sydfrankrig-Languedoc-Limoux-Viognier-Hvidvin-Anne-De-Joyeuse-Camas-Viognier-IGP-Screwcap.jpeg\",\"width\":1080,\"height\":1920,\"caption\":\"Frankrig Sydfrankrig - Languedoc Limoux Viognier Hvidvin Anne De Joyeuse Camas Viognier IGP Screwcap\"},{\"@type\":\"BreadcrumbList\",\"@id\":\"https:\\\/\\\/detfranskevinhus.com\\\/sv\\\/vare\\\/anne-de-joyeuse-camas-viognier-igp-screwcap\\\/#breadcrumb\",\"itemListElement\":[{\"@type\":\"ListItem\",\"position\":1,\"name\":\"Shop\",\"item\":\"https:\\\/\\\/detfranskevinhus.com\\\/sv\\\/butik\\\/\"},{\"@type\":\"ListItem\",\"position\":2,\"name\":\"Anne De Joyeuse Camas Viognier IGP Screwcap\"}]},{\"@type\":\"WebSite\",\"@id\":\"https:\\\/\\\/detfranskevinhus.com\\\/sv\\\/#website\",\"url\":\"https:\\\/\\\/detfranskevinhus.com\\\/sv\\\/\",\"name\":\"Det Franske Vinhus\",\"description\":\"\",\"publisher\":{\"@id\":\"https:\\\/\\\/detfranskevinhus.com\\\/sv\\\/#organization\"},\"potentialAction\":[{\"@type\":\"SearchAction\",\"target\":{\"@type\":\"EntryPoint\",\"urlTemplate\":\"https:\\\/\\\/detfranskevinhus.com\\\/sv\\\/?s={search_term_string}\"},\"query-input\":{\"@type\":\"PropertyValueSpecification\",\"valueRequired\":true,\"valueName\":\"search_term_string\"}}],\"inLanguage\":\"sv-SE\"},{\"@type\":\"Organization\",\"@id\":\"https:\\\/\\\/detfranskevinhus.com\\\/sv\\\/#organization\",\"name\":\"Det Franske Vinhus\",\"url\":\"https:\\\/\\\/detfranskevinhus.com\\\/sv\\\/\",\"logo\":{\"@type\":\"ImageObject\",\"inLanguage\":\"sv-SE\",\"@id\":\"https:\\\/\\\/detfranskevinhus.com\\\/sv\\\/#\\\/schema\\\/logo\\\/image\\\/\",\"url\":\"https:\\\/\\\/detfranskevinhus.com\\\/wp-content\\\/uploads\\\/2023\\\/07\\\/01_DFV_Logo_www_01-02-copy.jpg\",\"contentUrl\":\"https:\\\/\\\/detfranskevinhus.com\\\/wp-content\\\/uploads\\\/2023\\\/07\\\/01_DFV_Logo_www_01-02-copy.jpg\",\"width\":992,\"height\":482,\"caption\":\"Det Franske Vinhus\"},\"image\":{\"@id\":\"https:\\\/\\\/detfranskevinhus.com\\\/sv\\\/#\\\/schema\\\/logo\\\/image\\\/\"}}]}<\/script>\n<!-- \/ Yoast SEO plugin. -->","yoast_head_json":{"title":"Camas Viognier | Aromatiskt vitt vin fr\u00e5n Anne de Joyeuse","description":"K\u00f6p Anne de Joyeuse Camas Viognier Pays d\u2019Oc IGP 2024. Aromatiskt och runt vitt vin med aprikos, blommor och mineralisk friskhet.","robots":{"index":"index","follow":"follow","max-snippet":"max-snippet:-1","max-image-preview":"max-image-preview:large","max-video-preview":"max-video-preview:-1"},"canonical":"https:\/\/detfranskevinhus.com\/sv\/vare\/anne-de-joyeuse-camas-viognier-igp-screwcap\/","og_locale":"sv_SE","og_type":"article","og_title":"Camas Viognier. Runt vitt vin med aprikos och blommor","og_description":"Fyllig och harmonisk Viognier fr\u00e5n Pays d\u2019Oc med toner av aprikos, florala nyanser och frisk mineralitet. Perfekt till fisk, ljust k\u00f6tt och smakrika vardagsr\u00e4tter.","og_url":"https:\/\/detfranskevinhus.com\/sv\/vare\/anne-de-joyeuse-camas-viognier-igp-screwcap\/","og_site_name":"Det Franske Vinhus","article_modified_time":"2026-04-08T07:57:25+00:00","og_image":[{"width":1080,"height":1920,"url":"https:\/\/detfranskevinhus.com\/wp-content\/uploads\/2026\/04\/58-Frankrig-Sydfrankrig-Languedoc-Limoux-Viognier-Hvidvin-Anne-De-Joyeuse-Camas-Viognier-IGP-Screwcap.jpeg","type":"image\/jpeg"}],"twitter_card":"summary_large_image","twitter_misc":{"Ber\u00e4knad l\u00e4stid":"2 minuter"},"schema":{"@context":"https:\/\/schema.org","@graph":[{"@type":"WebPage","@id":"https:\/\/detfranskevinhus.com\/sv\/vare\/anne-de-joyeuse-camas-viognier-igp-screwcap\/","url":"https:\/\/detfranskevinhus.com\/sv\/vare\/anne-de-joyeuse-camas-viognier-igp-screwcap\/","name":"Camas Viognier | Aromatiskt vitt vin fr\u00e5n Anne de Joyeuse","isPartOf":{"@id":"https:\/\/detfranskevinhus.com\/sv\/#website"},"primaryImageOfPage":{"@id":"https:\/\/detfranskevinhus.com\/sv\/vare\/anne-de-joyeuse-camas-viognier-igp-screwcap\/#primaryimage"},"image":{"@id":"https:\/\/detfranskevinhus.com\/sv\/vare\/anne-de-joyeuse-camas-viognier-igp-screwcap\/#primaryimage"},"thumbnailUrl":"https:\/\/detfranskevinhus.com\/wp-content\/uploads\/2026\/04\/58-Frankrig-Sydfrankrig-Languedoc-Limoux-Viognier-Hvidvin-Anne-De-Joyeuse-Camas-Viognier-IGP-Screwcap.jpeg","datePublished":"2026-04-08T07:55:46+00:00","dateModified":"2026-04-08T07:57:25+00:00","description":"K\u00f6p Anne de Joyeuse Camas Viognier Pays d\u2019Oc IGP 2024. Aromatiskt och runt vitt vin med aprikos, blommor och mineralisk friskhet.","breadcrumb":{"@id":"https:\/\/detfranskevinhus.com\/sv\/vare\/anne-de-joyeuse-camas-viognier-igp-screwcap\/#breadcrumb"},"inLanguage":"sv-SE","potentialAction":[{"@type":"ReadAction","target":["https:\/\/detfranskevinhus.com\/sv\/vare\/anne-de-joyeuse-camas-viognier-igp-screwcap\/"]}]},{"@type":"ImageObject","inLanguage":"sv-SE","@id":"https:\/\/detfranskevinhus.com\/sv\/vare\/anne-de-joyeuse-camas-viognier-igp-screwcap\/#primaryimage","url":"https:\/\/detfranskevinhus.com\/wp-content\/uploads\/2026\/04\/58-Frankrig-Sydfrankrig-Languedoc-Limoux-Viognier-Hvidvin-Anne-De-Joyeuse-Camas-Viognier-IGP-Screwcap.jpeg","contentUrl":"https:\/\/detfranskevinhus.com\/wp-content\/uploads\/2026\/04\/58-Frankrig-Sydfrankrig-Languedoc-Limoux-Viognier-Hvidvin-Anne-De-Joyeuse-Camas-Viognier-IGP-Screwcap.jpeg","width":1080,"height":1920,"caption":"Frankrig Sydfrankrig - Languedoc Limoux Viognier Hvidvin Anne De Joyeuse Camas Viognier IGP Screwcap"},{"@type":"BreadcrumbList","@id":"https:\/\/detfranskevinhus.com\/sv\/vare\/anne-de-joyeuse-camas-viognier-igp-screwcap\/#breadcrumb","itemListElement":[{"@type":"ListItem","position":1,"name":"Shop","item":"https:\/\/detfranskevinhus.com\/sv\/butik\/"},{"@type":"ListItem","position":2,"name":"Anne De Joyeuse Camas Viognier IGP Screwcap"}]},{"@type":"WebSite","@id":"https:\/\/detfranskevinhus.com\/sv\/#website","url":"https:\/\/detfranskevinhus.com\/sv\/","name":"Det Franske Vinhus","description":"","publisher":{"@id":"https:\/\/detfranskevinhus.com\/sv\/#organization"},"potentialAction":[{"@type":"SearchAction","target":{"@type":"EntryPoint","urlTemplate":"https:\/\/detfranskevinhus.com\/sv\/?s={search_term_string}"},"query-input":{"@type":"PropertyValueSpecification","valueRequired":true,"valueName":"search_term_string"}}],"inLanguage":"sv-SE"},{"@type":"Organization","@id":"https:\/\/detfranskevinhus.com\/sv\/#organization","name":"Det Franske Vinhus","url":"https:\/\/detfranskevinhus.com\/sv\/","logo":{"@type":"ImageObject","inLanguage":"sv-SE","@id":"https:\/\/detfranskevinhus.com\/sv\/#\/schema\/logo\/image\/","url":"https:\/\/detfranskevinhus.com\/wp-content\/uploads\/2023\/07\/01_DFV_Logo_www_01-02-copy.jpg","contentUrl":"https:\/\/detfranskevinhus.com\/wp-content\/uploads\/2023\/07\/01_DFV_Logo_www_01-02-copy.jpg","width":992,"height":482,"caption":"Det Franske Vinhus"},"image":{"@id":"https:\/\/detfranskevinhus.com\/sv\/#\/schema\/logo\/image\/"}}]}},"_links":{"self":[{"href":"https:\/\/detfranskevinhus.com\/sv\/wp-json\/wp\/v2\/product\/1000000033708","targetHints":{"allow":["GET"]}}],"collection":[{"href":"https:\/\/detfranskevinhus.com\/sv\/wp-json\/wp\/v2\/product"}],"about":[{"href":"https:\/\/detfranskevinhus.com\/sv\/wp-json\/wp\/v2\/types\/product"}],"version-history":[{"count":1,"href":"https:\/\/detfranskevinhus.com\/sv\/wp-json\/wp\/v2\/product\/1000000033708\/revisions"}],"predecessor-version":[{"id":1000000033709,"href":"https:\/\/detfranskevinhus.com\/sv\/wp-json\/wp\/v2\/product\/1000000033708\/revisions\/1000000033709"}],"wp:featuredmedia":[{"embeddable":true,"href":"https:\/\/detfranskevinhus.com\/sv\/wp-json\/wp\/v2\/media\/1000000033705"}],"wp:attachment":[{"href":"https:\/\/detfranskevinhus.com\/sv\/wp-json\/wp\/v2\/media?parent=1000000033708"}],"wp:term":[{"taxonomy":"product_brand","embeddable":true,"href":"https:\/\/detfranskevinhus.com\/sv\/wp-json\/wp\/v2\/product_brand?post=1000000033708"},{"taxonomy":"product_cat","embeddable":true,"href":"https:\/\/detfranskevinhus.com\/sv\/wp-json\/wp\/v2\/product_cat?post=1000000033708"},{"taxonomy":"product_tag","embeddable":true,"href":"https:\/\/detfranskevinhus.com\/sv\/wp-json\/wp\/v2\/product_tag?post=1000000033708"}],"curies":[{"name":"wp","href":"https:\/\/api.w.org\/{rel}","templated":true}]}}