{"id":1000000033678,"date":"2026-04-08T09:24:31","date_gmt":"2026-04-08T07:24:31","guid":{"rendered":"https:\/\/detfranskevinhus.com\/?post_type=product&#038;p=1000000033678"},"modified":"2026-04-08T09:26:43","modified_gmt":"2026-04-08T07:26:43","slug":"abbaye-de-valmagne-cardinal-de-bonzi","status":"publish","type":"product","link":"https:\/\/detfranskevinhus.com\/sv\/vare\/abbaye-de-valmagne-cardinal-de-bonzi\/","title":{"rendered":"Abbaye de Valmagne Cardinal de Bonzi"},"content":{"rendered":"<p data-start=\"2488\" data-end=\"2812\"><strong data-start=\"2488\" data-end=\"2500\">Ursprung<\/strong><br data-start=\"2500\" data-end=\"2503\" \/>Detta vin kommer fr\u00e5n appellationen Gr\u00e9s de Montpellier i Languedoc i s\u00f6dra Frankrike och \u00e4r producerat av Abbaye de Valmagne. Omr\u00e5det \u00e4r k\u00e4nt f\u00f6r sina varma, steniga jordar och mogna, koncentrerade r\u00f6dviner med sydfransk karakt\u00e4r. Vinet \u00e4r gjort i en klassisk medelhavsstil med b\u00e5de kraft, v\u00e4rme och elegans.<\/p>\n<p data-start=\"2814\" data-end=\"2867\"><strong data-start=\"2814\" data-end=\"2823\">Druva<\/strong><br data-start=\"2823\" data-end=\"2826\" \/>Grenache, Syrah, Mourv\u00e8dre och Morrastel.<\/p>\n<p data-start=\"2869\" data-end=\"3150\"><strong data-start=\"2869\" data-end=\"2877\">Smak<\/strong><br data-start=\"2877\" data-end=\"2880\" \/>Vinet \u00e4r torrt, fylligt och koncentrerat med en varm och harmonisk smak. H\u00e4r m\u00f6ts m\u00f6rka b\u00e4r, mogna plommon och kryddiga toner med en touch av \u00f6rter och sydfranskt djup. Smaken har en rund och t\u00e4t struktur med mogna tanniner, saftig frukt och en l\u00e5ng, kryddig avslutning.<\/p>\n<p data-start=\"3152\" data-end=\"3334\"><strong data-start=\"3152\" data-end=\"3160\">Arom<\/strong><br data-start=\"3160\" data-end=\"3163\" \/>Doften bjuder p\u00e5 solmogna m\u00f6rka b\u00e4r, bj\u00f6rnb\u00e4r, plommon, kryddor, \u00f6rter och en l\u00e4tt ton av garrigue. En intensiv och klassisk sydfransk doft med b\u00e5de v\u00e4rme och komplexitet.<\/p>\n<p data-start=\"3336\" data-end=\"3348\"><strong data-start=\"3336\" data-end=\"3348\">Karakt\u00e4r<\/strong><\/p>\n<ul data-start=\"3349\" data-end=\"3540\">\n<li data-section-id=\"688c0v\" data-start=\"3349\" data-end=\"3365\">Torrhet: Torrt<\/li>\n<li data-section-id=\"1ku6t35\" data-start=\"3366\" data-end=\"3378\">S\u00f6tma: L\u00e5g<\/li>\n<li data-section-id=\"1mwpo7z\" data-start=\"3379\" data-end=\"3399\">Fyllighet: Fylligt<\/li>\n<li data-section-id=\"192cfyi\" data-start=\"3400\" data-end=\"3418\">Syra: Balanserad<\/li>\n<li data-section-id=\"1n5y7nn\" data-start=\"3419\" data-end=\"3450\">Tanniner: Mogna och avrundade<\/li>\n<li data-section-id=\"khgkrj\" data-start=\"3451\" data-end=\"3502\">Fruktprofil: M\u00f6rka b\u00e4r, plommon och kryddig frukt<\/li>\n<li data-section-id=\"a6f1c4\" data-start=\"3503\" data-end=\"3540\">Stil: Kraftfull, varm och sydfransk<\/li>\n<\/ul>\n<p data-start=\"3542\" data-end=\"3566\"><strong data-start=\"3542\" data-end=\"3553\">Alkohol<\/strong><br data-start=\"3553\" data-end=\"3556\" \/>13,5% vol.<\/p>\n<p data-start=\"3568\" data-end=\"3847\"><strong data-start=\"3568\" data-end=\"3593\">S\u00e4rskilda k\u00e4nnetecken<\/strong><br data-start=\"3593\" data-end=\"3596\" \/>Ett karakt\u00e4rsfullt r\u00f6dvin fr\u00e5n Gr\u00e9s de Montpellier p\u00e5 en klassisk sydfransk blend av Grenache, Syrah, Mourv\u00e8dre och Morrastel. Vinet \u00e4r ofiltrerat och en l\u00e4tt f\u00e4llning kan d\u00e4rf\u00f6r f\u00f6rekomma, vilket understryker dess naturliga och hantverksm\u00e4ssiga stil.<\/p>\n<p data-start=\"3849\" data-end=\"4035\"><strong data-start=\"3849\" data-end=\"3861\">Matmatch<\/strong><br data-start=\"3861\" data-end=\"3864\" \/>Passar bra till lamm, n\u00f6tk\u00f6tt, vilt, grillat, kryddiga grytor, cassoulet och lagrade ostar. Det fungerar ocks\u00e5 utm\u00e4rkt till medelhavsmat med mycket smak och varma kryddor.<\/p>\n","protected":false},"excerpt":{"rendered":"<p>Fylligt sydfranskt r\u00f6dvin med m\u00f6rk frukt, kryddor och varm djup. Ett kraftfullt Languedoc-vin till lamm, grytor och smakrika middagar.<\/p>\n","protected":false},"featured_media":1000000033675,"template":"","meta":{"_acf_changed":false,"site-sidebar-layout":"default","site-content-layout":"","ast-site-content-layout":"default","site-content-style":"default","site-sidebar-style":"default","ast-global-header-display":"","ast-banner-title-visibility":"","ast-main-header-display":"","ast-hfb-above-header-display":"","ast-hfb-below-header-display":"","ast-hfb-mobile-header-display":"","site-post-title":"","ast-breadcrumbs-content":"","ast-featured-img":"","footer-sml-layout":"","ast-disable-related-posts":"","theme-transparent-header-meta":"default","adv-header-id-meta":"","stick-header-meta":"default","header-above-stick-meta":"","header-main-stick-meta":"","header-below-stick-meta":"","astra-migrate-meta-layouts":"set","ast-page-background-enabled":"default","ast-page-background-meta":{"desktop":{"background-color":"","background-image":"","background-repeat":"repeat","background-position":"center center","background-size":"auto","background-attachment":"scroll","background-type":"","background-media":"","overlay-type":"","overlay-color":"","overlay-opacity":"","overlay-gradient":""},"tablet":{"background-color":"","background-image":"","background-repeat":"repeat","background-position":"center center","background-size":"auto","background-attachment":"scroll","background-type":"","background-media":"","overlay-type":"","overlay-color":"","overlay-opacity":"","overlay-gradient":""},"mobile":{"background-color":"","background-image":"","background-repeat":"repeat","background-position":"center center","background-size":"auto","background-attachment":"scroll","background-type":"","background-media":"","overlay-type":"","overlay-color":"","overlay-opacity":"","overlay-gradient":""}},"ast-content-background-meta":{"desktop":{"background-color":"var(--ast-global-color-5)","background-image":"","background-repeat":"repeat","background-position":"center center","background-size":"auto","background-attachment":"scroll","background-type":"","background-media":"","overlay-type":"","overlay-color":"","overlay-opacity":"","overlay-gradient":""},"tablet":{"background-color":"var(--ast-global-color-5)","background-image":"","background-repeat":"repeat","background-position":"center center","background-size":"auto","background-attachment":"scroll","background-type":"","background-media":"","overlay-type":"","overlay-color":"","overlay-opacity":"","overlay-gradient":""},"mobile":{"background-color":"var(--ast-global-color-5)","background-image":"","background-repeat":"repeat","background-position":"center center","background-size":"auto","background-attachment":"scroll","background-type":"","background-media":"","overlay-type":"","overlay-color":"","overlay-opacity":"","overlay-gradient":""}}},"product_brand":[],"product_cat":[1424,635,367,1545],"product_tag":[],"class_list":{"0":"post-1000000033678","1":"product","2":"type-product","3":"status-publish","4":"has-post-thumbnail","6":"product_cat-frankrike","7":"product_cat-organic-sv","8":"product_cat-rott-vin","9":"product_cat-sydfrankrig-languedoc","10":"pa_drue-grenache-noir-sv","11":"pa_drue-morrastel","12":"pa_drue-mourvedre-sv","13":"pa_drue-syrah-sv","14":"pa_vintype-rott-vin-sv","15":"desktop-align-center","16":"tablet-align-center","17":"mobile-align-center","18":"ast-product-gallery-layout-horizontal","19":"ast-product-tabs-layout-horizontal","20":"ast-qv-on-image-click","22":"first","23":"instock","24":"taxable","25":"shipping-taxable","26":"purchasable","27":"product-type-simple"},"group_of_quantity":0,"min_quantity":0,"max_quantity":"","exclude_order_quantity_value_rules":"no","exclude_category_quantity_rules":"no","combine_variations":"no","acf":[],"yoast_head":"<!-- This site is optimized with the Yoast SEO plugin v27.4 - https:\/\/yoast.com\/product\/yoast-seo-wordpress\/ -->\n<title>Cardinal de Bonzi | Fylligt r\u00f6dvin fr\u00e5n Gr\u00e9s de Montpellier<\/title>\n<meta name=\"description\" content=\"K\u00f6p Abbaye de Valmagne Cardinal de Bonzi 2022. Fylligt och kryddigt r\u00f6dvin fr\u00e5n Languedoc med m\u00f6rka b\u00e4r, \u00f6rter och mogen sydfransk karakt\u00e4r.\" \/>\n<meta name=\"robots\" content=\"index, follow, max-snippet:-1, max-image-preview:large, max-video-preview:-1\" \/>\n<link rel=\"canonical\" href=\"https:\/\/detfranskevinhus.com\/sv\/vare\/abbaye-de-valmagne-cardinal-de-bonzi\/\" \/>\n<meta property=\"og:locale\" content=\"sv_SE\" \/>\n<meta property=\"og:type\" content=\"article\" \/>\n<meta property=\"og:title\" content=\"Cardinal de Bonzi. Sydfranskt r\u00f6dvin med kraft och v\u00e4rme\" \/>\n<meta property=\"og:description\" content=\"Koncentrerat och harmoniskt r\u00f6dvin fr\u00e5n Gr\u00e9s de Montpellier p\u00e5 Grenache, Syrah, Mourv\u00e8dre och Morrastel. Perfekt till lamm, grillat och kryddiga r\u00e4tter.\" \/>\n<meta property=\"og:url\" content=\"https:\/\/detfranskevinhus.com\/sv\/vare\/abbaye-de-valmagne-cardinal-de-bonzi\/\" \/>\n<meta property=\"og:site_name\" content=\"Det Franske Vinhus\" \/>\n<meta property=\"article:modified_time\" content=\"2026-04-08T07:26:43+00:00\" \/>\n<meta property=\"og:image\" content=\"https:\/\/detfranskevinhus.com\/wp-content\/uploads\/2026\/04\/40-Frankrig-Sydfrankrig-Languedoc-Gres-de-Montpellier-Grenache-Noir-Syrah-Mourvedre-Morrastel-Roedvin-Abbaye-de-Valmagne-Cardinal-de-Bonzi.jpeg\" \/>\n\t<meta property=\"og:image:width\" content=\"1080\" \/>\n\t<meta property=\"og:image:height\" content=\"1920\" \/>\n\t<meta property=\"og:image:type\" content=\"image\/jpeg\" \/>\n<meta name=\"twitter:card\" content=\"summary_large_image\" \/>\n<meta name=\"twitter:label1\" content=\"Ber\u00e4knad l\u00e4stid\" \/>\n\t<meta name=\"twitter:data1\" content=\"2 minuter\" \/>\n<script type=\"application\/ld+json\" class=\"yoast-schema-graph\">{\"@context\":\"https:\\\/\\\/schema.org\",\"@graph\":[{\"@type\":\"WebPage\",\"@id\":\"https:\\\/\\\/detfranskevinhus.com\\\/sv\\\/vare\\\/abbaye-de-valmagne-cardinal-de-bonzi\\\/\",\"url\":\"https:\\\/\\\/detfranskevinhus.com\\\/sv\\\/vare\\\/abbaye-de-valmagne-cardinal-de-bonzi\\\/\",\"name\":\"Cardinal de Bonzi | Fylligt r\u00f6dvin fr\u00e5n Gr\u00e9s de Montpellier\",\"isPartOf\":{\"@id\":\"https:\\\/\\\/detfranskevinhus.com\\\/sv\\\/#website\"},\"primaryImageOfPage\":{\"@id\":\"https:\\\/\\\/detfranskevinhus.com\\\/sv\\\/vare\\\/abbaye-de-valmagne-cardinal-de-bonzi\\\/#primaryimage\"},\"image\":{\"@id\":\"https:\\\/\\\/detfranskevinhus.com\\\/sv\\\/vare\\\/abbaye-de-valmagne-cardinal-de-bonzi\\\/#primaryimage\"},\"thumbnailUrl\":\"https:\\\/\\\/detfranskevinhus.com\\\/wp-content\\\/uploads\\\/2026\\\/04\\\/40-Frankrig-Sydfrankrig-Languedoc-Gres-de-Montpellier-Grenache-Noir-Syrah-Mourvedre-Morrastel-Roedvin-Abbaye-de-Valmagne-Cardinal-de-Bonzi.jpeg\",\"datePublished\":\"2026-04-08T07:24:31+00:00\",\"dateModified\":\"2026-04-08T07:26:43+00:00\",\"description\":\"K\u00f6p Abbaye de Valmagne Cardinal de Bonzi 2022. Fylligt och kryddigt r\u00f6dvin fr\u00e5n Languedoc med m\u00f6rka b\u00e4r, \u00f6rter och mogen sydfransk karakt\u00e4r.\",\"breadcrumb\":{\"@id\":\"https:\\\/\\\/detfranskevinhus.com\\\/sv\\\/vare\\\/abbaye-de-valmagne-cardinal-de-bonzi\\\/#breadcrumb\"},\"inLanguage\":\"sv-SE\",\"potentialAction\":[{\"@type\":\"ReadAction\",\"target\":[\"https:\\\/\\\/detfranskevinhus.com\\\/sv\\\/vare\\\/abbaye-de-valmagne-cardinal-de-bonzi\\\/\"]}]},{\"@type\":\"ImageObject\",\"inLanguage\":\"sv-SE\",\"@id\":\"https:\\\/\\\/detfranskevinhus.com\\\/sv\\\/vare\\\/abbaye-de-valmagne-cardinal-de-bonzi\\\/#primaryimage\",\"url\":\"https:\\\/\\\/detfranskevinhus.com\\\/wp-content\\\/uploads\\\/2026\\\/04\\\/40-Frankrig-Sydfrankrig-Languedoc-Gres-de-Montpellier-Grenache-Noir-Syrah-Mourvedre-Morrastel-Roedvin-Abbaye-de-Valmagne-Cardinal-de-Bonzi.jpeg\",\"contentUrl\":\"https:\\\/\\\/detfranskevinhus.com\\\/wp-content\\\/uploads\\\/2026\\\/04\\\/40-Frankrig-Sydfrankrig-Languedoc-Gres-de-Montpellier-Grenache-Noir-Syrah-Mourvedre-Morrastel-Roedvin-Abbaye-de-Valmagne-Cardinal-de-Bonzi.jpeg\",\"width\":1080,\"height\":1920,\"caption\":\"Frankrig Sydfrankrig - Languedoc Gr\u00e9s de Montpellier Grenache Noir Syrah Mourv\u00e9dre Morrastel R\u00f8dvin Abbaye de Valmagne Cardinal de Bonzi\"},{\"@type\":\"BreadcrumbList\",\"@id\":\"https:\\\/\\\/detfranskevinhus.com\\\/sv\\\/vare\\\/abbaye-de-valmagne-cardinal-de-bonzi\\\/#breadcrumb\",\"itemListElement\":[{\"@type\":\"ListItem\",\"position\":1,\"name\":\"Shop\",\"item\":\"https:\\\/\\\/detfranskevinhus.com\\\/sv\\\/butik\\\/\"},{\"@type\":\"ListItem\",\"position\":2,\"name\":\"Abbaye de Valmagne Cardinal de Bonzi\"}]},{\"@type\":\"WebSite\",\"@id\":\"https:\\\/\\\/detfranskevinhus.com\\\/sv\\\/#website\",\"url\":\"https:\\\/\\\/detfranskevinhus.com\\\/sv\\\/\",\"name\":\"Det Franske Vinhus\",\"description\":\"\",\"publisher\":{\"@id\":\"https:\\\/\\\/detfranskevinhus.com\\\/sv\\\/#organization\"},\"potentialAction\":[{\"@type\":\"SearchAction\",\"target\":{\"@type\":\"EntryPoint\",\"urlTemplate\":\"https:\\\/\\\/detfranskevinhus.com\\\/sv\\\/?s={search_term_string}\"},\"query-input\":{\"@type\":\"PropertyValueSpecification\",\"valueRequired\":true,\"valueName\":\"search_term_string\"}}],\"inLanguage\":\"sv-SE\"},{\"@type\":\"Organization\",\"@id\":\"https:\\\/\\\/detfranskevinhus.com\\\/sv\\\/#organization\",\"name\":\"Det Franske Vinhus\",\"url\":\"https:\\\/\\\/detfranskevinhus.com\\\/sv\\\/\",\"logo\":{\"@type\":\"ImageObject\",\"inLanguage\":\"sv-SE\",\"@id\":\"https:\\\/\\\/detfranskevinhus.com\\\/sv\\\/#\\\/schema\\\/logo\\\/image\\\/\",\"url\":\"https:\\\/\\\/detfranskevinhus.com\\\/wp-content\\\/uploads\\\/2023\\\/07\\\/01_DFV_Logo_www_01-02-copy.jpg\",\"contentUrl\":\"https:\\\/\\\/detfranskevinhus.com\\\/wp-content\\\/uploads\\\/2023\\\/07\\\/01_DFV_Logo_www_01-02-copy.jpg\",\"width\":992,\"height\":482,\"caption\":\"Det Franske Vinhus\"},\"image\":{\"@id\":\"https:\\\/\\\/detfranskevinhus.com\\\/sv\\\/#\\\/schema\\\/logo\\\/image\\\/\"}}]}<\/script>\n<!-- \/ Yoast SEO plugin. -->","yoast_head_json":{"title":"Cardinal de Bonzi | Fylligt r\u00f6dvin fr\u00e5n Gr\u00e9s de Montpellier","description":"K\u00f6p Abbaye de Valmagne Cardinal de Bonzi 2022. Fylligt och kryddigt r\u00f6dvin fr\u00e5n Languedoc med m\u00f6rka b\u00e4r, \u00f6rter och mogen sydfransk karakt\u00e4r.","robots":{"index":"index","follow":"follow","max-snippet":"max-snippet:-1","max-image-preview":"max-image-preview:large","max-video-preview":"max-video-preview:-1"},"canonical":"https:\/\/detfranskevinhus.com\/sv\/vare\/abbaye-de-valmagne-cardinal-de-bonzi\/","og_locale":"sv_SE","og_type":"article","og_title":"Cardinal de Bonzi. Sydfranskt r\u00f6dvin med kraft och v\u00e4rme","og_description":"Koncentrerat och harmoniskt r\u00f6dvin fr\u00e5n Gr\u00e9s de Montpellier p\u00e5 Grenache, Syrah, Mourv\u00e8dre och Morrastel. Perfekt till lamm, grillat och kryddiga r\u00e4tter.","og_url":"https:\/\/detfranskevinhus.com\/sv\/vare\/abbaye-de-valmagne-cardinal-de-bonzi\/","og_site_name":"Det Franske Vinhus","article_modified_time":"2026-04-08T07:26:43+00:00","og_image":[{"width":1080,"height":1920,"url":"https:\/\/detfranskevinhus.com\/wp-content\/uploads\/2026\/04\/40-Frankrig-Sydfrankrig-Languedoc-Gres-de-Montpellier-Grenache-Noir-Syrah-Mourvedre-Morrastel-Roedvin-Abbaye-de-Valmagne-Cardinal-de-Bonzi.jpeg","type":"image\/jpeg"}],"twitter_card":"summary_large_image","twitter_misc":{"Ber\u00e4knad l\u00e4stid":"2 minuter"},"schema":{"@context":"https:\/\/schema.org","@graph":[{"@type":"WebPage","@id":"https:\/\/detfranskevinhus.com\/sv\/vare\/abbaye-de-valmagne-cardinal-de-bonzi\/","url":"https:\/\/detfranskevinhus.com\/sv\/vare\/abbaye-de-valmagne-cardinal-de-bonzi\/","name":"Cardinal de Bonzi | Fylligt r\u00f6dvin fr\u00e5n Gr\u00e9s de Montpellier","isPartOf":{"@id":"https:\/\/detfranskevinhus.com\/sv\/#website"},"primaryImageOfPage":{"@id":"https:\/\/detfranskevinhus.com\/sv\/vare\/abbaye-de-valmagne-cardinal-de-bonzi\/#primaryimage"},"image":{"@id":"https:\/\/detfranskevinhus.com\/sv\/vare\/abbaye-de-valmagne-cardinal-de-bonzi\/#primaryimage"},"thumbnailUrl":"https:\/\/detfranskevinhus.com\/wp-content\/uploads\/2026\/04\/40-Frankrig-Sydfrankrig-Languedoc-Gres-de-Montpellier-Grenache-Noir-Syrah-Mourvedre-Morrastel-Roedvin-Abbaye-de-Valmagne-Cardinal-de-Bonzi.jpeg","datePublished":"2026-04-08T07:24:31+00:00","dateModified":"2026-04-08T07:26:43+00:00","description":"K\u00f6p Abbaye de Valmagne Cardinal de Bonzi 2022. Fylligt och kryddigt r\u00f6dvin fr\u00e5n Languedoc med m\u00f6rka b\u00e4r, \u00f6rter och mogen sydfransk karakt\u00e4r.","breadcrumb":{"@id":"https:\/\/detfranskevinhus.com\/sv\/vare\/abbaye-de-valmagne-cardinal-de-bonzi\/#breadcrumb"},"inLanguage":"sv-SE","potentialAction":[{"@type":"ReadAction","target":["https:\/\/detfranskevinhus.com\/sv\/vare\/abbaye-de-valmagne-cardinal-de-bonzi\/"]}]},{"@type":"ImageObject","inLanguage":"sv-SE","@id":"https:\/\/detfranskevinhus.com\/sv\/vare\/abbaye-de-valmagne-cardinal-de-bonzi\/#primaryimage","url":"https:\/\/detfranskevinhus.com\/wp-content\/uploads\/2026\/04\/40-Frankrig-Sydfrankrig-Languedoc-Gres-de-Montpellier-Grenache-Noir-Syrah-Mourvedre-Morrastel-Roedvin-Abbaye-de-Valmagne-Cardinal-de-Bonzi.jpeg","contentUrl":"https:\/\/detfranskevinhus.com\/wp-content\/uploads\/2026\/04\/40-Frankrig-Sydfrankrig-Languedoc-Gres-de-Montpellier-Grenache-Noir-Syrah-Mourvedre-Morrastel-Roedvin-Abbaye-de-Valmagne-Cardinal-de-Bonzi.jpeg","width":1080,"height":1920,"caption":"Frankrig Sydfrankrig - Languedoc Gr\u00e9s de Montpellier Grenache Noir Syrah Mourv\u00e9dre Morrastel R\u00f8dvin Abbaye de Valmagne Cardinal de Bonzi"},{"@type":"BreadcrumbList","@id":"https:\/\/detfranskevinhus.com\/sv\/vare\/abbaye-de-valmagne-cardinal-de-bonzi\/#breadcrumb","itemListElement":[{"@type":"ListItem","position":1,"name":"Shop","item":"https:\/\/detfranskevinhus.com\/sv\/butik\/"},{"@type":"ListItem","position":2,"name":"Abbaye de Valmagne Cardinal de Bonzi"}]},{"@type":"WebSite","@id":"https:\/\/detfranskevinhus.com\/sv\/#website","url":"https:\/\/detfranskevinhus.com\/sv\/","name":"Det Franske Vinhus","description":"","publisher":{"@id":"https:\/\/detfranskevinhus.com\/sv\/#organization"},"potentialAction":[{"@type":"SearchAction","target":{"@type":"EntryPoint","urlTemplate":"https:\/\/detfranskevinhus.com\/sv\/?s={search_term_string}"},"query-input":{"@type":"PropertyValueSpecification","valueRequired":true,"valueName":"search_term_string"}}],"inLanguage":"sv-SE"},{"@type":"Organization","@id":"https:\/\/detfranskevinhus.com\/sv\/#organization","name":"Det Franske Vinhus","url":"https:\/\/detfranskevinhus.com\/sv\/","logo":{"@type":"ImageObject","inLanguage":"sv-SE","@id":"https:\/\/detfranskevinhus.com\/sv\/#\/schema\/logo\/image\/","url":"https:\/\/detfranskevinhus.com\/wp-content\/uploads\/2023\/07\/01_DFV_Logo_www_01-02-copy.jpg","contentUrl":"https:\/\/detfranskevinhus.com\/wp-content\/uploads\/2023\/07\/01_DFV_Logo_www_01-02-copy.jpg","width":992,"height":482,"caption":"Det Franske Vinhus"},"image":{"@id":"https:\/\/detfranskevinhus.com\/sv\/#\/schema\/logo\/image\/"}}]}},"_links":{"self":[{"href":"https:\/\/detfranskevinhus.com\/sv\/wp-json\/wp\/v2\/product\/1000000033678","targetHints":{"allow":["GET"]}}],"collection":[{"href":"https:\/\/detfranskevinhus.com\/sv\/wp-json\/wp\/v2\/product"}],"about":[{"href":"https:\/\/detfranskevinhus.com\/sv\/wp-json\/wp\/v2\/types\/product"}],"version-history":[{"count":1,"href":"https:\/\/detfranskevinhus.com\/sv\/wp-json\/wp\/v2\/product\/1000000033678\/revisions"}],"predecessor-version":[{"id":1000000033679,"href":"https:\/\/detfranskevinhus.com\/sv\/wp-json\/wp\/v2\/product\/1000000033678\/revisions\/1000000033679"}],"wp:featuredmedia":[{"embeddable":true,"href":"https:\/\/detfranskevinhus.com\/sv\/wp-json\/wp\/v2\/media\/1000000033675"}],"wp:attachment":[{"href":"https:\/\/detfranskevinhus.com\/sv\/wp-json\/wp\/v2\/media?parent=1000000033678"}],"wp:term":[{"taxonomy":"product_brand","embeddable":true,"href":"https:\/\/detfranskevinhus.com\/sv\/wp-json\/wp\/v2\/product_brand?post=1000000033678"},{"taxonomy":"product_cat","embeddable":true,"href":"https:\/\/detfranskevinhus.com\/sv\/wp-json\/wp\/v2\/product_cat?post=1000000033678"},{"taxonomy":"product_tag","embeddable":true,"href":"https:\/\/detfranskevinhus.com\/sv\/wp-json\/wp\/v2\/product_tag?post=1000000033678"}],"curies":[{"name":"wp","href":"https:\/\/api.w.org\/{rel}","templated":true}]}}