{"id":1000000033655,"date":"2026-04-07T13:51:44","date_gmt":"2026-04-07T11:51:44","guid":{"rendered":"https:\/\/detfranskevinhus.com\/?post_type=product&#038;p=1000000033655"},"modified":"2026-04-08T08:58:59","modified_gmt":"2026-04-08T06:58:59","slug":"sarah-jessica-parker-invivo-x-sauvignon-blanc","status":"publish","type":"product","link":"https:\/\/detfranskevinhus.com\/sv\/vare\/sarah-jessica-parker-invivo-x-sauvignon-blanc\/","title":{"rendered":"Sarah Jessica Parker Invivo X Sauvignon Blanc"},"content":{"rendered":"<p data-start=\"2470\" data-end=\"2819\"><strong data-start=\"2470\" data-end=\"2482\">Ursprung<\/strong><br data-start=\"2482\" data-end=\"2485\" \/>Detta vin kommer fr\u00e5n Marlborough i New Zealand och \u00e4r skapat i samarbete mellan Invivo och Sarah Jessica Parker. Marlborough \u00e4r k\u00e4nt f\u00f6r sin intensiva och aromatiska Sauvignon Blanc-stil med massor av fr\u00e4sch\u00f6r, citrus och krispig frukt. Vinet f\u00f6renar klassisk nyzeel\u00e4ndsk energi med ett modernt, stilrent och internationellt uttryck.<\/p>\n<p data-start=\"2821\" data-end=\"2849\"><strong data-start=\"2821\" data-end=\"2830\">Druva<\/strong><br data-start=\"2830\" data-end=\"2833\" \/>Sauvignon Blanc.<\/p>\n<p data-start=\"2851\" data-end=\"3141\"><strong data-start=\"2851\" data-end=\"2859\">Smak<\/strong><br data-start=\"2859\" data-end=\"2862\" \/>Vinet \u00e4r torrt, livligt och friskt med en ren och aromatisk smak. H\u00e4r m\u00f6ts krispiga citrustoner, saftig gr\u00f6n frukt och tropiska nyanser i en stil som \u00e4r b\u00e5de intensiv och elegant. Smaken har fin fr\u00e4sch\u00f6r, god saftighet och ett rent avslut som g\u00f6r vinet mycket l\u00e4tt att uppskatta.<\/p>\n<p data-start=\"3143\" data-end=\"3310\"><strong data-start=\"3143\" data-end=\"3151\">Arom<\/strong><br data-start=\"3151\" data-end=\"3154\" \/>Doften bjuder p\u00e5 citrus, krusb\u00e4r, frisk lime, gr\u00f6na \u00e4pplen och tropiska inslag. En klassisk Marlborough-doft med mycket fr\u00e4sch\u00f6r, frukt och aromatiskt lyft.<\/p>\n<p data-start=\"3312\" data-end=\"3324\"><strong data-start=\"3312\" data-end=\"3324\">Karakt\u00e4r<\/strong><\/p>\n<ul data-start=\"3325\" data-end=\"3537\">\n<li data-section-id=\"688c0v\" data-start=\"3325\" data-end=\"3341\">Torrhet: Torrt<\/li>\n<li data-section-id=\"1ku6t35\" data-start=\"3342\" data-end=\"3354\">S\u00f6tma: L\u00e5g<\/li>\n<li data-section-id=\"zaci27\" data-start=\"3355\" data-end=\"3390\">Fyllighet: L\u00e4tt till medelfylligt<\/li>\n<li data-section-id=\"9ly5nf\" data-start=\"3391\" data-end=\"3415\">Syra: Frisk och livlig<\/li>\n<li data-section-id=\"1gtke9i\" data-start=\"3416\" data-end=\"3432\">Tanniner: Inga<\/li>\n<li data-section-id=\"2pznsp\" data-start=\"3433\" data-end=\"3491\">Fruktprofil: Citrus, lime, gr\u00f6n frukt och tropiska toner<\/li>\n<li data-section-id=\"wbwjub\" data-start=\"3492\" data-end=\"3537\">Stil: Krispigt, aromatiskt och nyzeel\u00e4ndskt<\/li>\n<\/ul>\n<p data-start=\"3539\" data-end=\"3563\"><strong data-start=\"3539\" data-end=\"3550\">Alkohol<\/strong><br data-start=\"3550\" data-end=\"3553\" \/>12,5% vol.<\/p>\n<p data-start=\"3565\" data-end=\"3821\"><strong data-start=\"3565\" data-end=\"3590\">S\u00e4rskilda k\u00e4nnetecken<\/strong><br data-start=\"3590\" data-end=\"3593\" \/>En Marlborough Sauvignon Blanc med klassisk fr\u00e4sch\u00f6r och aromatisk intensitet, skapad i samarbete mellan Invivo och Sarah Jessica Parker. Vinet \u00e4r veganskt och lyfter \u00e4ven fram ett h\u00e5llbart fokus i b\u00e5de produktion och transport.<\/p>\n<p data-start=\"3823\" data-end=\"4007\"><strong data-start=\"3823\" data-end=\"3835\">Matmatch<\/strong><br data-start=\"3835\" data-end=\"3838\" \/>Passar bra till skaldjur, fisk, sushi, sallader, getost, l\u00e4tta vegetariska r\u00e4tter och som aperitif. Det \u00e4r ocks\u00e5 perfekt till r\u00e4tter med f\u00e4rska \u00f6rter, lime eller citrus.<\/p>\n","protected":false},"excerpt":{"rendered":"<p>Frisk och aromatisk Sauvignon Blanc fr\u00e5n Marlborough med citrus, gr\u00f6n frukt och krispig syra. Ett elegant nyzeel\u00e4ndskt vitt vin till fisk, skaldjur och l\u00e4tta r\u00e4tter.<\/p>\n","protected":false},"featured_media":1000000033652,"template":"","meta":{"_acf_changed":false,"site-sidebar-layout":"default","site-content-layout":"","ast-site-content-layout":"default","site-content-style":"default","site-sidebar-style":"default","ast-global-header-display":"","ast-banner-title-visibility":"","ast-main-header-display":"","ast-hfb-above-header-display":"","ast-hfb-below-header-display":"","ast-hfb-mobile-header-display":"","site-post-title":"","ast-breadcrumbs-content":"","ast-featured-img":"","footer-sml-layout":"","ast-disable-related-posts":"","theme-transparent-header-meta":"default","adv-header-id-meta":"","stick-header-meta":"default","header-above-stick-meta":"","header-main-stick-meta":"","header-below-stick-meta":"","astra-migrate-meta-layouts":"set","ast-page-background-enabled":"default","ast-page-background-meta":{"desktop":{"background-color":"","background-image":"","background-repeat":"repeat","background-position":"center center","background-size":"auto","background-attachment":"scroll","background-type":"","background-media":"","overlay-type":"","overlay-color":"","overlay-opacity":"","overlay-gradient":""},"tablet":{"background-color":"","background-image":"","background-repeat":"repeat","background-position":"center center","background-size":"auto","background-attachment":"scroll","background-type":"","background-media":"","overlay-type":"","overlay-color":"","overlay-opacity":"","overlay-gradient":""},"mobile":{"background-color":"","background-image":"","background-repeat":"repeat","background-position":"center center","background-size":"auto","background-attachment":"scroll","background-type":"","background-media":"","overlay-type":"","overlay-color":"","overlay-opacity":"","overlay-gradient":""}},"ast-content-background-meta":{"desktop":{"background-color":"var(--ast-global-color-5)","background-image":"","background-repeat":"repeat","background-position":"center center","background-size":"auto","background-attachment":"scroll","background-type":"","background-media":"","overlay-type":"","overlay-color":"","overlay-opacity":"","overlay-gradient":""},"tablet":{"background-color":"var(--ast-global-color-5)","background-image":"","background-repeat":"repeat","background-position":"center center","background-size":"auto","background-attachment":"scroll","background-type":"","background-media":"","overlay-type":"","overlay-color":"","overlay-opacity":"","overlay-gradient":""},"mobile":{"background-color":"var(--ast-global-color-5)","background-image":"","background-repeat":"repeat","background-position":"center center","background-size":"auto","background-attachment":"scroll","background-type":"","background-media":"","overlay-type":"","overlay-color":"","overlay-opacity":"","overlay-gradient":""}}},"product_brand":[],"product_cat":[1569,1570,1558,370],"product_tag":[],"class_list":{"0":"post-1000000033655","1":"product","2":"type-product","3":"status-publish","4":"has-post-thumbnail","6":"product_cat-marlborough","7":"product_cat-nya-zeeland","8":"product_cat-vegan","9":"product_cat-vitt-vin","10":"pa_drue-sauvignon-blanc-sv","11":"pa_vintype-vitt-vin-sv","12":"desktop-align-center","13":"tablet-align-center","14":"mobile-align-center","15":"ast-product-gallery-layout-horizontal","16":"ast-product-tabs-layout-horizontal","17":"ast-qv-on-image-click","19":"first","20":"instock","21":"taxable","22":"shipping-taxable","23":"purchasable","24":"product-type-simple"},"group_of_quantity":0,"min_quantity":0,"max_quantity":"","exclude_order_quantity_value_rules":"no","exclude_category_quantity_rules":"no","combine_variations":"no","acf":[],"yoast_head":"<!-- This site is optimized with the Yoast SEO plugin v27.5 - https:\/\/yoast.com\/product\/yoast-seo-wordpress\/ -->\n<title>Invivo X SJP Sauvignon Blanc | Marlborough-vin fr\u00e5n New Zealand<\/title>\n<meta name=\"description\" content=\"K\u00f6p Invivo X Sarah Jessica Parker Sauvignon Blanc Marlborough 2024. Friskt och aromatiskt vitt vin fr\u00e5n New Zealand med citrus, lime och tropiska toner.\" \/>\n<meta name=\"robots\" content=\"index, follow, max-snippet:-1, max-image-preview:large, max-video-preview:-1\" \/>\n<link rel=\"canonical\" href=\"https:\/\/detfranskevinhus.com\/sv\/vare\/sarah-jessica-parker-invivo-x-sauvignon-blanc\/\" \/>\n<meta property=\"og:locale\" content=\"sv_SE\" \/>\n<meta property=\"og:type\" content=\"article\" \/>\n<meta property=\"og:title\" content=\"Invivo X SJP Sauvignon Blanc. Marlborough med fr\u00e4sch\u00f6r och stil\" \/>\n<meta property=\"og:description\" content=\"Krispig och aromatisk Sauvignon Blanc fr\u00e5n Marlborough i New Zealand, skapad i samarbete med Sarah Jessica Parker. Perfekt till fisk, skaldjur, sallader och l\u00e4tta r\u00e4tter.\" \/>\n<meta property=\"og:url\" content=\"https:\/\/detfranskevinhus.com\/sv\/vare\/sarah-jessica-parker-invivo-x-sauvignon-blanc\/\" \/>\n<meta property=\"og:site_name\" content=\"Det Franske Vinhus\" \/>\n<meta property=\"article:modified_time\" content=\"2026-04-08T06:58:59+00:00\" \/>\n<meta property=\"og:image\" content=\"https:\/\/detfranskevinhus.com\/wp-content\/uploads\/2026\/04\/119-New-Zealand-Marlborough-Kauwhata-Sauvignon-Blanc-Hvidvin-Sarah-Jessica-Parker-Invivo-X-Sauvignon-Blanc.jpeg\" \/>\n\t<meta property=\"og:image:width\" content=\"1080\" \/>\n\t<meta property=\"og:image:height\" content=\"1920\" \/>\n\t<meta property=\"og:image:type\" content=\"image\/jpeg\" \/>\n<meta name=\"twitter:card\" content=\"summary_large_image\" \/>\n<meta name=\"twitter:label1\" content=\"Ber\u00e4knad l\u00e4stid\" \/>\n\t<meta name=\"twitter:data1\" content=\"2 minuter\" \/>\n<script type=\"application\/ld+json\" class=\"yoast-schema-graph\">{\"@context\":\"https:\\\/\\\/schema.org\",\"@graph\":[{\"@type\":\"WebPage\",\"@id\":\"https:\\\/\\\/detfranskevinhus.com\\\/sv\\\/vare\\\/sarah-jessica-parker-invivo-x-sauvignon-blanc\\\/\",\"url\":\"https:\\\/\\\/detfranskevinhus.com\\\/sv\\\/vare\\\/sarah-jessica-parker-invivo-x-sauvignon-blanc\\\/\",\"name\":\"Invivo X SJP Sauvignon Blanc | Marlborough-vin fr\u00e5n New Zealand\",\"isPartOf\":{\"@id\":\"https:\\\/\\\/detfranskevinhus.com\\\/sv\\\/#website\"},\"primaryImageOfPage\":{\"@id\":\"https:\\\/\\\/detfranskevinhus.com\\\/sv\\\/vare\\\/sarah-jessica-parker-invivo-x-sauvignon-blanc\\\/#primaryimage\"},\"image\":{\"@id\":\"https:\\\/\\\/detfranskevinhus.com\\\/sv\\\/vare\\\/sarah-jessica-parker-invivo-x-sauvignon-blanc\\\/#primaryimage\"},\"thumbnailUrl\":\"https:\\\/\\\/detfranskevinhus.com\\\/wp-content\\\/uploads\\\/2026\\\/04\\\/119-New-Zealand-Marlborough-Kauwhata-Sauvignon-Blanc-Hvidvin-Sarah-Jessica-Parker-Invivo-X-Sauvignon-Blanc.jpeg\",\"datePublished\":\"2026-04-07T11:51:44+00:00\",\"dateModified\":\"2026-04-08T06:58:59+00:00\",\"description\":\"K\u00f6p Invivo X Sarah Jessica Parker Sauvignon Blanc Marlborough 2024. Friskt och aromatiskt vitt vin fr\u00e5n New Zealand med citrus, lime och tropiska toner.\",\"breadcrumb\":{\"@id\":\"https:\\\/\\\/detfranskevinhus.com\\\/sv\\\/vare\\\/sarah-jessica-parker-invivo-x-sauvignon-blanc\\\/#breadcrumb\"},\"inLanguage\":\"sv-SE\",\"potentialAction\":[{\"@type\":\"ReadAction\",\"target\":[\"https:\\\/\\\/detfranskevinhus.com\\\/sv\\\/vare\\\/sarah-jessica-parker-invivo-x-sauvignon-blanc\\\/\"]}]},{\"@type\":\"ImageObject\",\"inLanguage\":\"sv-SE\",\"@id\":\"https:\\\/\\\/detfranskevinhus.com\\\/sv\\\/vare\\\/sarah-jessica-parker-invivo-x-sauvignon-blanc\\\/#primaryimage\",\"url\":\"https:\\\/\\\/detfranskevinhus.com\\\/wp-content\\\/uploads\\\/2026\\\/04\\\/119-New-Zealand-Marlborough-Kauwhata-Sauvignon-Blanc-Hvidvin-Sarah-Jessica-Parker-Invivo-X-Sauvignon-Blanc.jpeg\",\"contentUrl\":\"https:\\\/\\\/detfranskevinhus.com\\\/wp-content\\\/uploads\\\/2026\\\/04\\\/119-New-Zealand-Marlborough-Kauwhata-Sauvignon-Blanc-Hvidvin-Sarah-Jessica-Parker-Invivo-X-Sauvignon-Blanc.jpeg\",\"width\":1080,\"height\":1920,\"caption\":\"New Zealand Marlborough Kauwhata Sauvignon Blanc Hvidvin Sarah Jessica Parker Invivo X Sauvignon Blanc\"},{\"@type\":\"BreadcrumbList\",\"@id\":\"https:\\\/\\\/detfranskevinhus.com\\\/sv\\\/vare\\\/sarah-jessica-parker-invivo-x-sauvignon-blanc\\\/#breadcrumb\",\"itemListElement\":[{\"@type\":\"ListItem\",\"position\":1,\"name\":\"Shop\",\"item\":\"https:\\\/\\\/detfranskevinhus.com\\\/sv\\\/butik\\\/\"},{\"@type\":\"ListItem\",\"position\":2,\"name\":\"Sarah Jessica Parker Invivo X Sauvignon Blanc\"}]},{\"@type\":\"WebSite\",\"@id\":\"https:\\\/\\\/detfranskevinhus.com\\\/sv\\\/#website\",\"url\":\"https:\\\/\\\/detfranskevinhus.com\\\/sv\\\/\",\"name\":\"Det Franske Vinhus\",\"description\":\"\",\"publisher\":{\"@id\":\"https:\\\/\\\/detfranskevinhus.com\\\/sv\\\/#organization\"},\"potentialAction\":[{\"@type\":\"SearchAction\",\"target\":{\"@type\":\"EntryPoint\",\"urlTemplate\":\"https:\\\/\\\/detfranskevinhus.com\\\/sv\\\/?s={search_term_string}\"},\"query-input\":{\"@type\":\"PropertyValueSpecification\",\"valueRequired\":true,\"valueName\":\"search_term_string\"}}],\"inLanguage\":\"sv-SE\"},{\"@type\":\"Organization\",\"@id\":\"https:\\\/\\\/detfranskevinhus.com\\\/sv\\\/#organization\",\"name\":\"Det Franske Vinhus\",\"url\":\"https:\\\/\\\/detfranskevinhus.com\\\/sv\\\/\",\"logo\":{\"@type\":\"ImageObject\",\"inLanguage\":\"sv-SE\",\"@id\":\"https:\\\/\\\/detfranskevinhus.com\\\/sv\\\/#\\\/schema\\\/logo\\\/image\\\/\",\"url\":\"https:\\\/\\\/detfranskevinhus.com\\\/wp-content\\\/uploads\\\/2023\\\/07\\\/01_DFV_Logo_www_01-02-copy.jpg\",\"contentUrl\":\"https:\\\/\\\/detfranskevinhus.com\\\/wp-content\\\/uploads\\\/2023\\\/07\\\/01_DFV_Logo_www_01-02-copy.jpg\",\"width\":992,\"height\":482,\"caption\":\"Det Franske Vinhus\"},\"image\":{\"@id\":\"https:\\\/\\\/detfranskevinhus.com\\\/sv\\\/#\\\/schema\\\/logo\\\/image\\\/\"}}]}<\/script>\n<!-- \/ Yoast SEO plugin. -->","yoast_head_json":{"title":"Invivo X SJP Sauvignon Blanc | Marlborough-vin fr\u00e5n New Zealand","description":"K\u00f6p Invivo X Sarah Jessica Parker Sauvignon Blanc Marlborough 2024. Friskt och aromatiskt vitt vin fr\u00e5n New Zealand med citrus, lime och tropiska toner.","robots":{"index":"index","follow":"follow","max-snippet":"max-snippet:-1","max-image-preview":"max-image-preview:large","max-video-preview":"max-video-preview:-1"},"canonical":"https:\/\/detfranskevinhus.com\/sv\/vare\/sarah-jessica-parker-invivo-x-sauvignon-blanc\/","og_locale":"sv_SE","og_type":"article","og_title":"Invivo X SJP Sauvignon Blanc. Marlborough med fr\u00e4sch\u00f6r och stil","og_description":"Krispig och aromatisk Sauvignon Blanc fr\u00e5n Marlborough i New Zealand, skapad i samarbete med Sarah Jessica Parker. Perfekt till fisk, skaldjur, sallader och l\u00e4tta r\u00e4tter.","og_url":"https:\/\/detfranskevinhus.com\/sv\/vare\/sarah-jessica-parker-invivo-x-sauvignon-blanc\/","og_site_name":"Det Franske Vinhus","article_modified_time":"2026-04-08T06:58:59+00:00","og_image":[{"width":1080,"height":1920,"url":"https:\/\/detfranskevinhus.com\/wp-content\/uploads\/2026\/04\/119-New-Zealand-Marlborough-Kauwhata-Sauvignon-Blanc-Hvidvin-Sarah-Jessica-Parker-Invivo-X-Sauvignon-Blanc.jpeg","type":"image\/jpeg"}],"twitter_card":"summary_large_image","twitter_misc":{"Ber\u00e4knad l\u00e4stid":"2 minuter"},"schema":{"@context":"https:\/\/schema.org","@graph":[{"@type":"WebPage","@id":"https:\/\/detfranskevinhus.com\/sv\/vare\/sarah-jessica-parker-invivo-x-sauvignon-blanc\/","url":"https:\/\/detfranskevinhus.com\/sv\/vare\/sarah-jessica-parker-invivo-x-sauvignon-blanc\/","name":"Invivo X SJP Sauvignon Blanc | Marlborough-vin fr\u00e5n New Zealand","isPartOf":{"@id":"https:\/\/detfranskevinhus.com\/sv\/#website"},"primaryImageOfPage":{"@id":"https:\/\/detfranskevinhus.com\/sv\/vare\/sarah-jessica-parker-invivo-x-sauvignon-blanc\/#primaryimage"},"image":{"@id":"https:\/\/detfranskevinhus.com\/sv\/vare\/sarah-jessica-parker-invivo-x-sauvignon-blanc\/#primaryimage"},"thumbnailUrl":"https:\/\/detfranskevinhus.com\/wp-content\/uploads\/2026\/04\/119-New-Zealand-Marlborough-Kauwhata-Sauvignon-Blanc-Hvidvin-Sarah-Jessica-Parker-Invivo-X-Sauvignon-Blanc.jpeg","datePublished":"2026-04-07T11:51:44+00:00","dateModified":"2026-04-08T06:58:59+00:00","description":"K\u00f6p Invivo X Sarah Jessica Parker Sauvignon Blanc Marlborough 2024. Friskt och aromatiskt vitt vin fr\u00e5n New Zealand med citrus, lime och tropiska toner.","breadcrumb":{"@id":"https:\/\/detfranskevinhus.com\/sv\/vare\/sarah-jessica-parker-invivo-x-sauvignon-blanc\/#breadcrumb"},"inLanguage":"sv-SE","potentialAction":[{"@type":"ReadAction","target":["https:\/\/detfranskevinhus.com\/sv\/vare\/sarah-jessica-parker-invivo-x-sauvignon-blanc\/"]}]},{"@type":"ImageObject","inLanguage":"sv-SE","@id":"https:\/\/detfranskevinhus.com\/sv\/vare\/sarah-jessica-parker-invivo-x-sauvignon-blanc\/#primaryimage","url":"https:\/\/detfranskevinhus.com\/wp-content\/uploads\/2026\/04\/119-New-Zealand-Marlborough-Kauwhata-Sauvignon-Blanc-Hvidvin-Sarah-Jessica-Parker-Invivo-X-Sauvignon-Blanc.jpeg","contentUrl":"https:\/\/detfranskevinhus.com\/wp-content\/uploads\/2026\/04\/119-New-Zealand-Marlborough-Kauwhata-Sauvignon-Blanc-Hvidvin-Sarah-Jessica-Parker-Invivo-X-Sauvignon-Blanc.jpeg","width":1080,"height":1920,"caption":"New Zealand Marlborough Kauwhata Sauvignon Blanc Hvidvin Sarah Jessica Parker Invivo X Sauvignon Blanc"},{"@type":"BreadcrumbList","@id":"https:\/\/detfranskevinhus.com\/sv\/vare\/sarah-jessica-parker-invivo-x-sauvignon-blanc\/#breadcrumb","itemListElement":[{"@type":"ListItem","position":1,"name":"Shop","item":"https:\/\/detfranskevinhus.com\/sv\/butik\/"},{"@type":"ListItem","position":2,"name":"Sarah Jessica Parker Invivo X Sauvignon Blanc"}]},{"@type":"WebSite","@id":"https:\/\/detfranskevinhus.com\/sv\/#website","url":"https:\/\/detfranskevinhus.com\/sv\/","name":"Det Franske Vinhus","description":"","publisher":{"@id":"https:\/\/detfranskevinhus.com\/sv\/#organization"},"potentialAction":[{"@type":"SearchAction","target":{"@type":"EntryPoint","urlTemplate":"https:\/\/detfranskevinhus.com\/sv\/?s={search_term_string}"},"query-input":{"@type":"PropertyValueSpecification","valueRequired":true,"valueName":"search_term_string"}}],"inLanguage":"sv-SE"},{"@type":"Organization","@id":"https:\/\/detfranskevinhus.com\/sv\/#organization","name":"Det Franske Vinhus","url":"https:\/\/detfranskevinhus.com\/sv\/","logo":{"@type":"ImageObject","inLanguage":"sv-SE","@id":"https:\/\/detfranskevinhus.com\/sv\/#\/schema\/logo\/image\/","url":"https:\/\/detfranskevinhus.com\/wp-content\/uploads\/2023\/07\/01_DFV_Logo_www_01-02-copy.jpg","contentUrl":"https:\/\/detfranskevinhus.com\/wp-content\/uploads\/2023\/07\/01_DFV_Logo_www_01-02-copy.jpg","width":992,"height":482,"caption":"Det Franske Vinhus"},"image":{"@id":"https:\/\/detfranskevinhus.com\/sv\/#\/schema\/logo\/image\/"}}]}},"_links":{"self":[{"href":"https:\/\/detfranskevinhus.com\/sv\/wp-json\/wp\/v2\/product\/1000000033655","targetHints":{"allow":["GET"]}}],"collection":[{"href":"https:\/\/detfranskevinhus.com\/sv\/wp-json\/wp\/v2\/product"}],"about":[{"href":"https:\/\/detfranskevinhus.com\/sv\/wp-json\/wp\/v2\/types\/product"}],"version-history":[{"count":1,"href":"https:\/\/detfranskevinhus.com\/sv\/wp-json\/wp\/v2\/product\/1000000033655\/revisions"}],"predecessor-version":[{"id":1000000033656,"href":"https:\/\/detfranskevinhus.com\/sv\/wp-json\/wp\/v2\/product\/1000000033655\/revisions\/1000000033656"}],"wp:featuredmedia":[{"embeddable":true,"href":"https:\/\/detfranskevinhus.com\/sv\/wp-json\/wp\/v2\/media\/1000000033652"}],"wp:attachment":[{"href":"https:\/\/detfranskevinhus.com\/sv\/wp-json\/wp\/v2\/media?parent=1000000033655"}],"wp:term":[{"taxonomy":"product_brand","embeddable":true,"href":"https:\/\/detfranskevinhus.com\/sv\/wp-json\/wp\/v2\/product_brand?post=1000000033655"},{"taxonomy":"product_cat","embeddable":true,"href":"https:\/\/detfranskevinhus.com\/sv\/wp-json\/wp\/v2\/product_cat?post=1000000033655"},{"taxonomy":"product_tag","embeddable":true,"href":"https:\/\/detfranskevinhus.com\/sv\/wp-json\/wp\/v2\/product_tag?post=1000000033655"}],"curies":[{"name":"wp","href":"https:\/\/api.w.org\/{rel}","templated":true}]}}