{"id":1000000033643,"date":"2026-04-07T13:22:49","date_gmt":"2026-04-07T11:22:49","guid":{"rendered":"https:\/\/detfranskevinhus.com\/?post_type=product&#038;p=1000000033643"},"modified":"2026-04-07T13:36:22","modified_gmt":"2026-04-07T11:36:22","slug":"sarah-jessica-parker-invivo-x-blend-6-rose","status":"publish","type":"product","link":"https:\/\/detfranskevinhus.com\/sv\/vare\/sarah-jessica-parker-invivo-x-blend-6-rose\/","title":{"rendered":"Sarah Jessica Parker Invivo X Blend 6 Ros\u00e9"},"content":{"rendered":"<p data-start=\"2375\" data-end=\"2709\"><strong data-start=\"2375\" data-end=\"2387\">Ursprung<\/strong><br data-start=\"2387\" data-end=\"2390\" \/>Detta ros\u00e9vin kommer fr\u00e5n s\u00f6dra Frankrike och \u00e4r skapat i samarbete mellan Invivo och Sarah Jessica Parker. Vinet \u00e4r klassificerat som Vin de France Ros\u00e9 och producerat med fokus p\u00e5 elegans, komplexitet och en modern, internationell stil. Det \u00e4r ett ros\u00e9vin med ett polerat uttryck d\u00e4r frukt och finess g\u00e5r hand i hand.<\/p>\n<p data-start=\"2711\" data-end=\"2747\"><strong data-start=\"2711\" data-end=\"2720\">Druva<\/strong><br data-start=\"2720\" data-end=\"2723\" \/>Ej angivet p\u00e5 etiketten.<\/p>\n<p data-start=\"2749\" data-end=\"3027\"><strong data-start=\"2749\" data-end=\"2757\">Smak<\/strong><br data-start=\"2757\" data-end=\"2760\" \/>Vinet \u00e4r torrt till l\u00e4tt avrundat i stilen med en mjuk, fyllig och elegant smak. H\u00e4r m\u00f6ts sommarb\u00e4r och saftig r\u00f6d frukt av en fin floral ton som ger vinet charm och l\u00e4tthet. Smaken har bra rond\u00f6r men samtidigt en fr\u00e4sch\u00f6r som h\u00e5ller uttrycket levande och balanserat.<\/p>\n<p data-start=\"3029\" data-end=\"3191\"><strong data-start=\"3029\" data-end=\"3037\">Arom<\/strong><br data-start=\"3037\" data-end=\"3040\" \/>Doften bjuder p\u00e5 toner av sommarb\u00e4r och rosenblad med ett delikat, fruktigt och blommigt uttryck. En inbjudande ros\u00e9doft med b\u00e5de fr\u00e4sch\u00f6r och elegans.<\/p>\n<p data-start=\"3193\" data-end=\"3205\"><strong data-start=\"3193\" data-end=\"3205\">Karakt\u00e4r<\/strong><\/p>\n<ul data-start=\"3206\" data-end=\"3409\">\n<li data-section-id=\"130ntfp\" data-start=\"3206\" data-end=\"3241\">Torrhet: Torrt till l\u00e4tt avrundat<\/li>\n<li data-section-id=\"1ku6t35\" data-start=\"3242\" data-end=\"3254\">S\u00f6tma: L\u00e5g<\/li>\n<li data-section-id=\"8l23x6\" data-start=\"3255\" data-end=\"3280\">Fyllighet: Medelfylligt<\/li>\n<li data-section-id=\"1it88wi\" data-start=\"3281\" data-end=\"3310\">Syra: Frisk till balanserad<\/li>\n<li data-section-id=\"nz8xeq\" data-start=\"3311\" data-end=\"3335\">Tanniner: Mycket mjuka<\/li>\n<li data-section-id=\"1x9gz7n\" data-start=\"3336\" data-end=\"3374\">Fruktprofil: Sommarb\u00e4r och r\u00f6d frukt<\/li>\n<li data-section-id=\"8ce1cd\" data-start=\"3375\" data-end=\"3409\">Stil: Elegant, floral och modern<\/li>\n<\/ul>\n<p data-start=\"3411\" data-end=\"3435\"><strong data-start=\"3411\" data-end=\"3422\">Alkohol<\/strong><br data-start=\"3422\" data-end=\"3425\" \/>12,5% vol.<\/p>\n<p data-start=\"3437\" data-end=\"3655\"><strong data-start=\"3437\" data-end=\"3462\">S\u00e4rskilda k\u00e4nnetecken<\/strong><br data-start=\"3462\" data-end=\"3465\" \/>Ett premiumros\u00e9 fr\u00e5n s\u00f6dra Frankrike utvecklat i samarbete mellan Invivo och Sarah Jessica Parker. Vinet \u00e4r veganskt och har en stilfull profil med fokus p\u00e5 sommarb\u00e4r, rosenblad och elegans.<\/p>\n<p data-start=\"3657\" data-end=\"3852\"><strong data-start=\"3657\" data-end=\"3669\">Matmatch<\/strong><br data-start=\"3669\" data-end=\"3672\" \/>Passar bra till l\u00e4tta r\u00e4tter, sallader, skaldjur, grillad fisk, vegetariska serveringar och som aperitif. Det fungerar ocks\u00e5 mycket fint p\u00e5 terrassen eller till ljusa sommarr\u00e4tter.<\/p>\n","protected":false},"excerpt":{"rendered":"<p>Elegant franskt ros\u00e9vin med sommarb\u00e4r, blommor och mjuk fyllighet. Ett modernt och stilfullt ros\u00e9vin till aperitif, fisk och l\u00e4tta r\u00e4tter.<\/p>\n","protected":false},"featured_media":1000000033640,"template":"","meta":{"_acf_changed":false,"site-sidebar-layout":"default","site-content-layout":"","ast-site-content-layout":"default","site-content-style":"default","site-sidebar-style":"default","ast-global-header-display":"","ast-banner-title-visibility":"","ast-main-header-display":"","ast-hfb-above-header-display":"","ast-hfb-below-header-display":"","ast-hfb-mobile-header-display":"","site-post-title":"","ast-breadcrumbs-content":"","ast-featured-img":"","footer-sml-layout":"","ast-disable-related-posts":"","theme-transparent-header-meta":"default","adv-header-id-meta":"","stick-header-meta":"default","header-above-stick-meta":"","header-main-stick-meta":"","header-below-stick-meta":"","astra-migrate-meta-layouts":"set","ast-page-background-enabled":"default","ast-page-background-meta":{"desktop":{"background-color":"","background-image":"","background-repeat":"repeat","background-position":"center center","background-size":"auto","background-attachment":"scroll","background-type":"","background-media":"","overlay-type":"","overlay-color":"","overlay-opacity":"","overlay-gradient":""},"tablet":{"background-color":"","background-image":"","background-repeat":"repeat","background-position":"center center","background-size":"auto","background-attachment":"scroll","background-type":"","background-media":"","overlay-type":"","overlay-color":"","overlay-opacity":"","overlay-gradient":""},"mobile":{"background-color":"","background-image":"","background-repeat":"repeat","background-position":"center center","background-size":"auto","background-attachment":"scroll","background-type":"","background-media":"","overlay-type":"","overlay-color":"","overlay-opacity":"","overlay-gradient":""}},"ast-content-background-meta":{"desktop":{"background-color":"var(--ast-global-color-5)","background-image":"","background-repeat":"repeat","background-position":"center center","background-size":"auto","background-attachment":"scroll","background-type":"","background-media":"","overlay-type":"","overlay-color":"","overlay-opacity":"","overlay-gradient":""},"tablet":{"background-color":"var(--ast-global-color-5)","background-image":"","background-repeat":"repeat","background-position":"center center","background-size":"auto","background-attachment":"scroll","background-type":"","background-media":"","overlay-type":"","overlay-color":"","overlay-opacity":"","overlay-gradient":""},"mobile":{"background-color":"var(--ast-global-color-5)","background-image":"","background-repeat":"repeat","background-position":"center center","background-size":"auto","background-attachment":"scroll","background-type":"","background-media":"","overlay-type":"","overlay-color":"","overlay-opacity":"","overlay-gradient":""}}},"product_brand":[],"product_cat":[1424,209,1552,1558],"product_tag":[],"class_list":{"0":"post-1000000033643","1":"product","2":"type-product","3":"status-publish","4":"has-post-thumbnail","6":"product_cat-frankrike","7":"product_cat-rose-sv","8":"product_cat-sydfrankrig-provence","9":"product_cat-vegan","10":"pa_drue-cinsault-sv","11":"pa_drue-grenache-sv","12":"pa_drue-syrah-sv","13":"pa_vintype-rose-sv","14":"desktop-align-center","15":"tablet-align-center","16":"mobile-align-center","17":"ast-product-gallery-layout-horizontal","18":"ast-product-tabs-layout-horizontal","19":"ast-qv-on-image-click","21":"first","22":"instock","23":"taxable","24":"shipping-taxable","25":"purchasable","26":"product-type-simple"},"group_of_quantity":0,"min_quantity":0,"max_quantity":"","exclude_order_quantity_value_rules":"no","exclude_category_quantity_rules":"no","combine_variations":"no","acf":[],"yoast_head":"<!-- This site is optimized with the Yoast SEO plugin v27.5 - https:\/\/yoast.com\/product\/yoast-seo-wordpress\/ -->\n<title>Invivo X Sarah Jessica Parker Ros\u00e9 | Elegant ros\u00e9 fr\u00e5n Frankrike<\/title>\n<meta name=\"description\" content=\"K\u00f6p Invivo X Sarah Jessica Parker Vin de France Ros\u00e9 2024. Elegant och fruktigt franskt ros\u00e9vin med toner av sommarb\u00e4r, rosenblad och frisk balans.\" \/>\n<meta name=\"robots\" content=\"index, follow, max-snippet:-1, max-image-preview:large, max-video-preview:-1\" \/>\n<link rel=\"canonical\" href=\"https:\/\/detfranskevinhus.com\/sv\/vare\/sarah-jessica-parker-invivo-x-blend-6-rose\/\" \/>\n<meta property=\"og:locale\" content=\"sv_SE\" \/>\n<meta property=\"og:type\" content=\"article\" \/>\n<meta property=\"og:title\" content=\"Invivo X Sarah Jessica Parker Ros\u00e9. Fransk elegans p\u00e5 flaska\" \/>\n<meta property=\"og:description\" content=\"Fruktigt och elegant ros\u00e9vin fr\u00e5n s\u00f6dra Frankrike skapat i samarbete med Sarah Jessica Parker. Med toner av sommarb\u00e4r och rosenblad passar det perfekt till l\u00e4tta r\u00e4tter och sommark\u00e4nsla.\" \/>\n<meta property=\"og:url\" content=\"https:\/\/detfranskevinhus.com\/sv\/vare\/sarah-jessica-parker-invivo-x-blend-6-rose\/\" \/>\n<meta property=\"og:site_name\" content=\"Det Franske Vinhus\" \/>\n<meta property=\"article:modified_time\" content=\"2026-04-07T11:36:22+00:00\" \/>\n<meta property=\"og:image\" content=\"https:\/\/detfranskevinhus.com\/wp-content\/uploads\/2026\/04\/118-Frankrig-Sydfrankrig-Provence-Bouches-du-Rhone-Grenache-Cinsault-Syrah-Rosevin-Sarah-Jessica-Parker-Invivo-X-Blend-6-Rose.jpeg\" \/>\n\t<meta property=\"og:image:width\" content=\"1080\" \/>\n\t<meta property=\"og:image:height\" content=\"1920\" \/>\n\t<meta property=\"og:image:type\" content=\"image\/jpeg\" \/>\n<meta name=\"twitter:card\" content=\"summary_large_image\" \/>\n<meta name=\"twitter:label1\" content=\"Ber\u00e4knad l\u00e4stid\" \/>\n\t<meta name=\"twitter:data1\" content=\"2 minuter\" \/>\n<script type=\"application\/ld+json\" class=\"yoast-schema-graph\">{\"@context\":\"https:\\\/\\\/schema.org\",\"@graph\":[{\"@type\":\"WebPage\",\"@id\":\"https:\\\/\\\/detfranskevinhus.com\\\/sv\\\/vare\\\/sarah-jessica-parker-invivo-x-blend-6-rose\\\/\",\"url\":\"https:\\\/\\\/detfranskevinhus.com\\\/sv\\\/vare\\\/sarah-jessica-parker-invivo-x-blend-6-rose\\\/\",\"name\":\"Invivo X Sarah Jessica Parker Ros\u00e9 | Elegant ros\u00e9 fr\u00e5n Frankrike\",\"isPartOf\":{\"@id\":\"https:\\\/\\\/detfranskevinhus.com\\\/sv\\\/#website\"},\"primaryImageOfPage\":{\"@id\":\"https:\\\/\\\/detfranskevinhus.com\\\/sv\\\/vare\\\/sarah-jessica-parker-invivo-x-blend-6-rose\\\/#primaryimage\"},\"image\":{\"@id\":\"https:\\\/\\\/detfranskevinhus.com\\\/sv\\\/vare\\\/sarah-jessica-parker-invivo-x-blend-6-rose\\\/#primaryimage\"},\"thumbnailUrl\":\"https:\\\/\\\/detfranskevinhus.com\\\/wp-content\\\/uploads\\\/2026\\\/04\\\/118-Frankrig-Sydfrankrig-Provence-Bouches-du-Rhone-Grenache-Cinsault-Syrah-Rosevin-Sarah-Jessica-Parker-Invivo-X-Blend-6-Rose.jpeg\",\"datePublished\":\"2026-04-07T11:22:49+00:00\",\"dateModified\":\"2026-04-07T11:36:22+00:00\",\"description\":\"K\u00f6p Invivo X Sarah Jessica Parker Vin de France Ros\u00e9 2024. Elegant och fruktigt franskt ros\u00e9vin med toner av sommarb\u00e4r, rosenblad och frisk balans.\",\"breadcrumb\":{\"@id\":\"https:\\\/\\\/detfranskevinhus.com\\\/sv\\\/vare\\\/sarah-jessica-parker-invivo-x-blend-6-rose\\\/#breadcrumb\"},\"inLanguage\":\"sv-SE\",\"potentialAction\":[{\"@type\":\"ReadAction\",\"target\":[\"https:\\\/\\\/detfranskevinhus.com\\\/sv\\\/vare\\\/sarah-jessica-parker-invivo-x-blend-6-rose\\\/\"]}]},{\"@type\":\"ImageObject\",\"inLanguage\":\"sv-SE\",\"@id\":\"https:\\\/\\\/detfranskevinhus.com\\\/sv\\\/vare\\\/sarah-jessica-parker-invivo-x-blend-6-rose\\\/#primaryimage\",\"url\":\"https:\\\/\\\/detfranskevinhus.com\\\/wp-content\\\/uploads\\\/2026\\\/04\\\/118-Frankrig-Sydfrankrig-Provence-Bouches-du-Rhone-Grenache-Cinsault-Syrah-Rosevin-Sarah-Jessica-Parker-Invivo-X-Blend-6-Rose.jpeg\",\"contentUrl\":\"https:\\\/\\\/detfranskevinhus.com\\\/wp-content\\\/uploads\\\/2026\\\/04\\\/118-Frankrig-Sydfrankrig-Provence-Bouches-du-Rhone-Grenache-Cinsault-Syrah-Rosevin-Sarah-Jessica-Parker-Invivo-X-Blend-6-Rose.jpeg\",\"width\":1080,\"height\":1920,\"caption\":\"Frankrig Sydfrankrig -Provence Bouches-du-Rh\u00f4ne Grenache Cinsault Syrah Ros\u00e9vin Sarah Jessica Parker Invivo X Blend 6 Ros\u00e9\"},{\"@type\":\"BreadcrumbList\",\"@id\":\"https:\\\/\\\/detfranskevinhus.com\\\/sv\\\/vare\\\/sarah-jessica-parker-invivo-x-blend-6-rose\\\/#breadcrumb\",\"itemListElement\":[{\"@type\":\"ListItem\",\"position\":1,\"name\":\"Shop\",\"item\":\"https:\\\/\\\/detfranskevinhus.com\\\/sv\\\/butik\\\/\"},{\"@type\":\"ListItem\",\"position\":2,\"name\":\"Sarah Jessica Parker Invivo X Blend 6 Ros\u00e9\"}]},{\"@type\":\"WebSite\",\"@id\":\"https:\\\/\\\/detfranskevinhus.com\\\/sv\\\/#website\",\"url\":\"https:\\\/\\\/detfranskevinhus.com\\\/sv\\\/\",\"name\":\"Det Franske Vinhus\",\"description\":\"\",\"publisher\":{\"@id\":\"https:\\\/\\\/detfranskevinhus.com\\\/sv\\\/#organization\"},\"potentialAction\":[{\"@type\":\"SearchAction\",\"target\":{\"@type\":\"EntryPoint\",\"urlTemplate\":\"https:\\\/\\\/detfranskevinhus.com\\\/sv\\\/?s={search_term_string}\"},\"query-input\":{\"@type\":\"PropertyValueSpecification\",\"valueRequired\":true,\"valueName\":\"search_term_string\"}}],\"inLanguage\":\"sv-SE\"},{\"@type\":\"Organization\",\"@id\":\"https:\\\/\\\/detfranskevinhus.com\\\/sv\\\/#organization\",\"name\":\"Det Franske Vinhus\",\"url\":\"https:\\\/\\\/detfranskevinhus.com\\\/sv\\\/\",\"logo\":{\"@type\":\"ImageObject\",\"inLanguage\":\"sv-SE\",\"@id\":\"https:\\\/\\\/detfranskevinhus.com\\\/sv\\\/#\\\/schema\\\/logo\\\/image\\\/\",\"url\":\"https:\\\/\\\/detfranskevinhus.com\\\/wp-content\\\/uploads\\\/2023\\\/07\\\/01_DFV_Logo_www_01-02-copy.jpg\",\"contentUrl\":\"https:\\\/\\\/detfranskevinhus.com\\\/wp-content\\\/uploads\\\/2023\\\/07\\\/01_DFV_Logo_www_01-02-copy.jpg\",\"width\":992,\"height\":482,\"caption\":\"Det Franske Vinhus\"},\"image\":{\"@id\":\"https:\\\/\\\/detfranskevinhus.com\\\/sv\\\/#\\\/schema\\\/logo\\\/image\\\/\"}}]}<\/script>\n<!-- \/ Yoast SEO plugin. -->","yoast_head_json":{"title":"Invivo X Sarah Jessica Parker Ros\u00e9 | Elegant ros\u00e9 fr\u00e5n Frankrike","description":"K\u00f6p Invivo X Sarah Jessica Parker Vin de France Ros\u00e9 2024. Elegant och fruktigt franskt ros\u00e9vin med toner av sommarb\u00e4r, rosenblad och frisk balans.","robots":{"index":"index","follow":"follow","max-snippet":"max-snippet:-1","max-image-preview":"max-image-preview:large","max-video-preview":"max-video-preview:-1"},"canonical":"https:\/\/detfranskevinhus.com\/sv\/vare\/sarah-jessica-parker-invivo-x-blend-6-rose\/","og_locale":"sv_SE","og_type":"article","og_title":"Invivo X Sarah Jessica Parker Ros\u00e9. Fransk elegans p\u00e5 flaska","og_description":"Fruktigt och elegant ros\u00e9vin fr\u00e5n s\u00f6dra Frankrike skapat i samarbete med Sarah Jessica Parker. Med toner av sommarb\u00e4r och rosenblad passar det perfekt till l\u00e4tta r\u00e4tter och sommark\u00e4nsla.","og_url":"https:\/\/detfranskevinhus.com\/sv\/vare\/sarah-jessica-parker-invivo-x-blend-6-rose\/","og_site_name":"Det Franske Vinhus","article_modified_time":"2026-04-07T11:36:22+00:00","og_image":[{"width":1080,"height":1920,"url":"https:\/\/detfranskevinhus.com\/wp-content\/uploads\/2026\/04\/118-Frankrig-Sydfrankrig-Provence-Bouches-du-Rhone-Grenache-Cinsault-Syrah-Rosevin-Sarah-Jessica-Parker-Invivo-X-Blend-6-Rose.jpeg","type":"image\/jpeg"}],"twitter_card":"summary_large_image","twitter_misc":{"Ber\u00e4knad l\u00e4stid":"2 minuter"},"schema":{"@context":"https:\/\/schema.org","@graph":[{"@type":"WebPage","@id":"https:\/\/detfranskevinhus.com\/sv\/vare\/sarah-jessica-parker-invivo-x-blend-6-rose\/","url":"https:\/\/detfranskevinhus.com\/sv\/vare\/sarah-jessica-parker-invivo-x-blend-6-rose\/","name":"Invivo X Sarah Jessica Parker Ros\u00e9 | Elegant ros\u00e9 fr\u00e5n Frankrike","isPartOf":{"@id":"https:\/\/detfranskevinhus.com\/sv\/#website"},"primaryImageOfPage":{"@id":"https:\/\/detfranskevinhus.com\/sv\/vare\/sarah-jessica-parker-invivo-x-blend-6-rose\/#primaryimage"},"image":{"@id":"https:\/\/detfranskevinhus.com\/sv\/vare\/sarah-jessica-parker-invivo-x-blend-6-rose\/#primaryimage"},"thumbnailUrl":"https:\/\/detfranskevinhus.com\/wp-content\/uploads\/2026\/04\/118-Frankrig-Sydfrankrig-Provence-Bouches-du-Rhone-Grenache-Cinsault-Syrah-Rosevin-Sarah-Jessica-Parker-Invivo-X-Blend-6-Rose.jpeg","datePublished":"2026-04-07T11:22:49+00:00","dateModified":"2026-04-07T11:36:22+00:00","description":"K\u00f6p Invivo X Sarah Jessica Parker Vin de France Ros\u00e9 2024. Elegant och fruktigt franskt ros\u00e9vin med toner av sommarb\u00e4r, rosenblad och frisk balans.","breadcrumb":{"@id":"https:\/\/detfranskevinhus.com\/sv\/vare\/sarah-jessica-parker-invivo-x-blend-6-rose\/#breadcrumb"},"inLanguage":"sv-SE","potentialAction":[{"@type":"ReadAction","target":["https:\/\/detfranskevinhus.com\/sv\/vare\/sarah-jessica-parker-invivo-x-blend-6-rose\/"]}]},{"@type":"ImageObject","inLanguage":"sv-SE","@id":"https:\/\/detfranskevinhus.com\/sv\/vare\/sarah-jessica-parker-invivo-x-blend-6-rose\/#primaryimage","url":"https:\/\/detfranskevinhus.com\/wp-content\/uploads\/2026\/04\/118-Frankrig-Sydfrankrig-Provence-Bouches-du-Rhone-Grenache-Cinsault-Syrah-Rosevin-Sarah-Jessica-Parker-Invivo-X-Blend-6-Rose.jpeg","contentUrl":"https:\/\/detfranskevinhus.com\/wp-content\/uploads\/2026\/04\/118-Frankrig-Sydfrankrig-Provence-Bouches-du-Rhone-Grenache-Cinsault-Syrah-Rosevin-Sarah-Jessica-Parker-Invivo-X-Blend-6-Rose.jpeg","width":1080,"height":1920,"caption":"Frankrig Sydfrankrig -Provence Bouches-du-Rh\u00f4ne Grenache Cinsault Syrah Ros\u00e9vin Sarah Jessica Parker Invivo X Blend 6 Ros\u00e9"},{"@type":"BreadcrumbList","@id":"https:\/\/detfranskevinhus.com\/sv\/vare\/sarah-jessica-parker-invivo-x-blend-6-rose\/#breadcrumb","itemListElement":[{"@type":"ListItem","position":1,"name":"Shop","item":"https:\/\/detfranskevinhus.com\/sv\/butik\/"},{"@type":"ListItem","position":2,"name":"Sarah Jessica Parker Invivo X Blend 6 Ros\u00e9"}]},{"@type":"WebSite","@id":"https:\/\/detfranskevinhus.com\/sv\/#website","url":"https:\/\/detfranskevinhus.com\/sv\/","name":"Det Franske Vinhus","description":"","publisher":{"@id":"https:\/\/detfranskevinhus.com\/sv\/#organization"},"potentialAction":[{"@type":"SearchAction","target":{"@type":"EntryPoint","urlTemplate":"https:\/\/detfranskevinhus.com\/sv\/?s={search_term_string}"},"query-input":{"@type":"PropertyValueSpecification","valueRequired":true,"valueName":"search_term_string"}}],"inLanguage":"sv-SE"},{"@type":"Organization","@id":"https:\/\/detfranskevinhus.com\/sv\/#organization","name":"Det Franske Vinhus","url":"https:\/\/detfranskevinhus.com\/sv\/","logo":{"@type":"ImageObject","inLanguage":"sv-SE","@id":"https:\/\/detfranskevinhus.com\/sv\/#\/schema\/logo\/image\/","url":"https:\/\/detfranskevinhus.com\/wp-content\/uploads\/2023\/07\/01_DFV_Logo_www_01-02-copy.jpg","contentUrl":"https:\/\/detfranskevinhus.com\/wp-content\/uploads\/2023\/07\/01_DFV_Logo_www_01-02-copy.jpg","width":992,"height":482,"caption":"Det Franske Vinhus"},"image":{"@id":"https:\/\/detfranskevinhus.com\/sv\/#\/schema\/logo\/image\/"}}]}},"_links":{"self":[{"href":"https:\/\/detfranskevinhus.com\/sv\/wp-json\/wp\/v2\/product\/1000000033643","targetHints":{"allow":["GET"]}}],"collection":[{"href":"https:\/\/detfranskevinhus.com\/sv\/wp-json\/wp\/v2\/product"}],"about":[{"href":"https:\/\/detfranskevinhus.com\/sv\/wp-json\/wp\/v2\/types\/product"}],"version-history":[{"count":3,"href":"https:\/\/detfranskevinhus.com\/sv\/wp-json\/wp\/v2\/product\/1000000033643\/revisions"}],"predecessor-version":[{"id":1000000033646,"href":"https:\/\/detfranskevinhus.com\/sv\/wp-json\/wp\/v2\/product\/1000000033643\/revisions\/1000000033646"}],"wp:featuredmedia":[{"embeddable":true,"href":"https:\/\/detfranskevinhus.com\/sv\/wp-json\/wp\/v2\/media\/1000000033640"}],"wp:attachment":[{"href":"https:\/\/detfranskevinhus.com\/sv\/wp-json\/wp\/v2\/media?parent=1000000033643"}],"wp:term":[{"taxonomy":"product_brand","embeddable":true,"href":"https:\/\/detfranskevinhus.com\/sv\/wp-json\/wp\/v2\/product_brand?post=1000000033643"},{"taxonomy":"product_cat","embeddable":true,"href":"https:\/\/detfranskevinhus.com\/sv\/wp-json\/wp\/v2\/product_cat?post=1000000033643"},{"taxonomy":"product_tag","embeddable":true,"href":"https:\/\/detfranskevinhus.com\/sv\/wp-json\/wp\/v2\/product_tag?post=1000000033643"}],"curies":[{"name":"wp","href":"https:\/\/api.w.org\/{rel}","templated":true}]}}