{"id":1000000033612,"date":"2026-04-07T11:52:05","date_gmt":"2026-04-07T09:52:05","guid":{"rendered":"https:\/\/detfranskevinhus.com\/?post_type=product&#038;p=1000000033612"},"modified":"2026-04-07T11:53:50","modified_gmt":"2026-04-07T09:53:50","slug":"domaine-la-grangette-carignan-blanc","status":"publish","type":"product","link":"https:\/\/detfranskevinhus.com\/sv\/vare\/domaine-la-grangette-carignan-blanc\/","title":{"rendered":"Domaine La Grangette Carignan Blanc"},"content":{"rendered":"<p data-start=\"2418\" data-end=\"2751\"><strong data-start=\"2418\" data-end=\"2430\">Ursprung<\/strong><br data-start=\"2430\" data-end=\"2433\" \/>Detta vin kommer fr\u00e5n C\u00f4tes de Thau i s\u00f6dra Frankrike och \u00e4r producerat av Domaine La Grangette. Vinet \u00e4r klassificerat som IGP C\u00f4tes de Thau och \u00e4r gjort p\u00e5 gamla stockar av Carignan Blanc, planterade 1947. Det ger vinet ett mer koncentrerat, karakt\u00e4rsfullt och unikt uttryck med fin fr\u00e4sch\u00f6r och tydlig personlighet.<\/p>\n<p data-start=\"2753\" data-end=\"2785\"><strong data-start=\"2753\" data-end=\"2762\">Druva<\/strong><br data-start=\"2762\" data-end=\"2765\" \/>100% Carignan Blanc.<\/p>\n<p data-start=\"2787\" data-end=\"3047\"><strong data-start=\"2787\" data-end=\"2795\">Smak<\/strong><br data-start=\"2795\" data-end=\"2798\" \/>Vinet \u00e4r torrt, friskt och livligt med en elegant stil. Smaken pr\u00e4glas av ren, sp\u00e4nstig frukt och en tydligt salt avslutning som ger vinet energi och l\u00e4ngd. Det upplevs b\u00e5de friskt och stramt, men samtidigt med visst djup fr\u00e5n de gamla vinstockarna.<\/p>\n<p data-start=\"3049\" data-end=\"3273\"><strong data-start=\"3049\" data-end=\"3057\">Arom<\/strong><br data-start=\"3057\" data-end=\"3060\" \/>Doften \u00e4r frisk och delikat med toner av ljusa frukter, citrus och en l\u00e4tt floral pr\u00e4gel. Det finns ocks\u00e5 en mineralisk ton som tillsammans med den salta avslutningen ger vinet ett maritimt och raffinerat uttryck.<\/p>\n<p data-start=\"3275\" data-end=\"3287\"><strong data-start=\"3275\" data-end=\"3287\">Karakt\u00e4r<\/strong><\/p>\n<ul data-start=\"3288\" data-end=\"3487\">\n<li data-section-id=\"688c0v\" data-start=\"3288\" data-end=\"3304\">Torrhet: Torrt<\/li>\n<li data-section-id=\"1ku6t35\" data-start=\"3305\" data-end=\"3317\">S\u00f6tma: L\u00e5g<\/li>\n<li data-section-id=\"zaci27\" data-start=\"3318\" data-end=\"3353\">Fyllighet: L\u00e4tt till medelfylligt<\/li>\n<li data-section-id=\"9ly5nf\" data-start=\"3354\" data-end=\"3378\">Syra: Frisk och livlig<\/li>\n<li data-section-id=\"1gtke9i\" data-start=\"3379\" data-end=\"3395\">Tanniner: Inga<\/li>\n<li data-section-id=\"gb6fm9\" data-start=\"3396\" data-end=\"3450\">Fruktprofil: Ljusa frukter, citrus och florala toner<\/li>\n<li data-section-id=\"1k8q5zh\" data-start=\"3451\" data-end=\"3487\">Stil: Frisk, livlig och mineralisk<\/li>\n<\/ul>\n<p data-start=\"3489\" data-end=\"3513\"><strong data-start=\"3489\" data-end=\"3500\">Alkohol<\/strong><br data-start=\"3500\" data-end=\"3503\" \/>12,5% vol.<\/p>\n<p data-start=\"3515\" data-end=\"3766\"><strong data-start=\"3515\" data-end=\"3540\">S\u00e4rskilda k\u00e4nnetecken<\/strong><br data-start=\"3540\" data-end=\"3543\" \/>Ett ovanligt och karakt\u00e4rsfullt vitt vin p\u00e5 100% Carignan Blanc fr\u00e5n gamla stockar planterade 1947. Manuell sk\u00f6rd, fr\u00e4sch\u00f6r, mineralitet och en tydligt salt finish g\u00f6r detta vin b\u00e5de originellt och gastronomiskt intressant.<\/p>\n<p data-start=\"3768\" data-end=\"3964\"><strong data-start=\"3768\" data-end=\"3780\">Matmatch<\/strong><br data-start=\"3780\" data-end=\"3783\" \/>Passar bra till aperitif, sushi, eleganta fiskr\u00e4tter och getost. Det fungerar ocks\u00e5 mycket fint till skaldjur och l\u00e4tta r\u00e4tter d\u00e4r vinets fr\u00e4sch\u00f6r och salta avslutning f\u00e5r ta plats.<\/p>\n","protected":false},"excerpt":{"rendered":"<p>Friskt och mineraliskt vitt vin p\u00e5 100% Carignan Blanc fr\u00e5n gamla stockar. Elegant, livligt och med en fin salt avslutning.<\/p>\n","protected":false},"featured_media":1000000033609,"template":"","meta":{"_acf_changed":false,"site-sidebar-layout":"default","site-content-layout":"","ast-site-content-layout":"default","site-content-style":"default","site-sidebar-style":"default","ast-global-header-display":"","ast-banner-title-visibility":"","ast-main-header-display":"","ast-hfb-above-header-display":"","ast-hfb-below-header-display":"","ast-hfb-mobile-header-display":"","site-post-title":"","ast-breadcrumbs-content":"","ast-featured-img":"","footer-sml-layout":"","ast-disable-related-posts":"","theme-transparent-header-meta":"default","adv-header-id-meta":"","stick-header-meta":"default","header-above-stick-meta":"","header-main-stick-meta":"","header-below-stick-meta":"","astra-migrate-meta-layouts":"set","ast-page-background-enabled":"default","ast-page-background-meta":{"desktop":{"background-color":"","background-image":"","background-repeat":"repeat","background-position":"center center","background-size":"auto","background-attachment":"scroll","background-type":"","background-media":"","overlay-type":"","overlay-color":"","overlay-opacity":"","overlay-gradient":""},"tablet":{"background-color":"","background-image":"","background-repeat":"repeat","background-position":"center center","background-size":"auto","background-attachment":"scroll","background-type":"","background-media":"","overlay-type":"","overlay-color":"","overlay-opacity":"","overlay-gradient":""},"mobile":{"background-color":"","background-image":"","background-repeat":"repeat","background-position":"center center","background-size":"auto","background-attachment":"scroll","background-type":"","background-media":"","overlay-type":"","overlay-color":"","overlay-opacity":"","overlay-gradient":""}},"ast-content-background-meta":{"desktop":{"background-color":"var(--ast-global-color-5)","background-image":"","background-repeat":"repeat","background-position":"center center","background-size":"auto","background-attachment":"scroll","background-type":"","background-media":"","overlay-type":"","overlay-color":"","overlay-opacity":"","overlay-gradient":""},"tablet":{"background-color":"var(--ast-global-color-5)","background-image":"","background-repeat":"repeat","background-position":"center center","background-size":"auto","background-attachment":"scroll","background-type":"","background-media":"","overlay-type":"","overlay-color":"","overlay-opacity":"","overlay-gradient":""},"mobile":{"background-color":"var(--ast-global-color-5)","background-image":"","background-repeat":"repeat","background-position":"center center","background-size":"auto","background-attachment":"scroll","background-type":"","background-media":"","overlay-type":"","overlay-color":"","overlay-opacity":"","overlay-gradient":""}}},"product_brand":[],"product_cat":[1424,635,1545,370],"product_tag":[],"class_list":{"0":"post-1000000033612","1":"product","2":"type-product","3":"status-publish","4":"has-post-thumbnail","6":"product_cat-frankrike","7":"product_cat-organic-sv","8":"product_cat-sydfrankrig-languedoc","9":"product_cat-vitt-vin","10":"pa_drue-carignan-sv","11":"pa_vintype-vitt-vin-sv","12":"desktop-align-center","13":"tablet-align-center","14":"mobile-align-center","15":"ast-product-gallery-layout-horizontal","16":"ast-product-tabs-layout-horizontal","17":"ast-qv-on-image-click","19":"first","20":"instock","21":"taxable","22":"shipping-taxable","23":"purchasable","24":"product-type-simple"},"group_of_quantity":0,"min_quantity":0,"max_quantity":"","exclude_order_quantity_value_rules":"no","exclude_category_quantity_rules":"no","combine_variations":"no","acf":[],"yoast_head":"<!-- This site is optimized with the Yoast SEO plugin v27.5 - https:\/\/yoast.com\/product\/yoast-seo-wordpress\/ -->\n<title>La Grangette Carignan Blanc | Vitt vin fr\u00e5n C\u00f4tes de Thau<\/title>\n<meta name=\"description\" content=\"K\u00f6p La Grangette Carignan Blanc Vieilles Vignes C\u00f4tes de Thau IGP. Friskt och mineraliskt vitt vin med salt finish, citrus och gamla vinstockar.\" \/>\n<meta name=\"robots\" content=\"index, follow, max-snippet:-1, max-image-preview:large, max-video-preview:-1\" \/>\n<link rel=\"canonical\" href=\"https:\/\/detfranskevinhus.com\/sv\/vare\/domaine-la-grangette-carignan-blanc\/\" \/>\n<meta property=\"og:locale\" content=\"sv_SE\" \/>\n<meta property=\"og:type\" content=\"article\" \/>\n<meta property=\"og:title\" content=\"La Grangette Carignan Blanc 2024. Fr\u00e4sch\u00f6r och salt mineralitet\" \/>\n<meta property=\"og:description\" content=\"Karakt\u00e4rsfullt vitt vin fr\u00e5n C\u00f4tes de Thau p\u00e5 gamla Carignan Blanc-stockar. Perfekt till sushi, fisk, skaldjur och getost.\" \/>\n<meta property=\"og:url\" content=\"https:\/\/detfranskevinhus.com\/sv\/vare\/domaine-la-grangette-carignan-blanc\/\" \/>\n<meta property=\"og:site_name\" content=\"Det Franske Vinhus\" \/>\n<meta property=\"article:modified_time\" content=\"2026-04-07T09:53:50+00:00\" \/>\n<meta property=\"og:image\" content=\"https:\/\/detfranskevinhus.com\/wp-content\/uploads\/2026\/04\/108-Frankrig-Sydfrankrig-Languedoc-Picpoul-de-Pinet-Carignan-Hvidvin-Domaine-La-Grangette-Carignan-Blanc.jpeg\" \/>\n\t<meta property=\"og:image:width\" content=\"1440\" \/>\n\t<meta property=\"og:image:height\" content=\"1920\" \/>\n\t<meta property=\"og:image:type\" content=\"image\/jpeg\" \/>\n<meta name=\"twitter:card\" content=\"summary_large_image\" \/>\n<meta name=\"twitter:label1\" content=\"Ber\u00e4knad l\u00e4stid\" \/>\n\t<meta name=\"twitter:data1\" content=\"2 minuter\" \/>\n<script type=\"application\/ld+json\" class=\"yoast-schema-graph\">{\"@context\":\"https:\\\/\\\/schema.org\",\"@graph\":[{\"@type\":\"WebPage\",\"@id\":\"https:\\\/\\\/detfranskevinhus.com\\\/sv\\\/vare\\\/domaine-la-grangette-carignan-blanc\\\/\",\"url\":\"https:\\\/\\\/detfranskevinhus.com\\\/sv\\\/vare\\\/domaine-la-grangette-carignan-blanc\\\/\",\"name\":\"La Grangette Carignan Blanc | Vitt vin fr\u00e5n C\u00f4tes de Thau\",\"isPartOf\":{\"@id\":\"https:\\\/\\\/detfranskevinhus.com\\\/sv\\\/#website\"},\"primaryImageOfPage\":{\"@id\":\"https:\\\/\\\/detfranskevinhus.com\\\/sv\\\/vare\\\/domaine-la-grangette-carignan-blanc\\\/#primaryimage\"},\"image\":{\"@id\":\"https:\\\/\\\/detfranskevinhus.com\\\/sv\\\/vare\\\/domaine-la-grangette-carignan-blanc\\\/#primaryimage\"},\"thumbnailUrl\":\"https:\\\/\\\/detfranskevinhus.com\\\/wp-content\\\/uploads\\\/2026\\\/04\\\/108-Frankrig-Sydfrankrig-Languedoc-Picpoul-de-Pinet-Carignan-Hvidvin-Domaine-La-Grangette-Carignan-Blanc.jpeg\",\"datePublished\":\"2026-04-07T09:52:05+00:00\",\"dateModified\":\"2026-04-07T09:53:50+00:00\",\"description\":\"K\u00f6p La Grangette Carignan Blanc Vieilles Vignes C\u00f4tes de Thau IGP. Friskt och mineraliskt vitt vin med salt finish, citrus och gamla vinstockar.\",\"breadcrumb\":{\"@id\":\"https:\\\/\\\/detfranskevinhus.com\\\/sv\\\/vare\\\/domaine-la-grangette-carignan-blanc\\\/#breadcrumb\"},\"inLanguage\":\"sv-SE\",\"potentialAction\":[{\"@type\":\"ReadAction\",\"target\":[\"https:\\\/\\\/detfranskevinhus.com\\\/sv\\\/vare\\\/domaine-la-grangette-carignan-blanc\\\/\"]}]},{\"@type\":\"ImageObject\",\"inLanguage\":\"sv-SE\",\"@id\":\"https:\\\/\\\/detfranskevinhus.com\\\/sv\\\/vare\\\/domaine-la-grangette-carignan-blanc\\\/#primaryimage\",\"url\":\"https:\\\/\\\/detfranskevinhus.com\\\/wp-content\\\/uploads\\\/2026\\\/04\\\/108-Frankrig-Sydfrankrig-Languedoc-Picpoul-de-Pinet-Carignan-Hvidvin-Domaine-La-Grangette-Carignan-Blanc.jpeg\",\"contentUrl\":\"https:\\\/\\\/detfranskevinhus.com\\\/wp-content\\\/uploads\\\/2026\\\/04\\\/108-Frankrig-Sydfrankrig-Languedoc-Picpoul-de-Pinet-Carignan-Hvidvin-Domaine-La-Grangette-Carignan-Blanc.jpeg\",\"width\":1440,\"height\":1920,\"caption\":\"Frankrig Sydfrankrig -Languedoc Picpoul de Pinet Carignan Hvidvin Domaine La Grangette Carignan Blanc\"},{\"@type\":\"BreadcrumbList\",\"@id\":\"https:\\\/\\\/detfranskevinhus.com\\\/sv\\\/vare\\\/domaine-la-grangette-carignan-blanc\\\/#breadcrumb\",\"itemListElement\":[{\"@type\":\"ListItem\",\"position\":1,\"name\":\"Shop\",\"item\":\"https:\\\/\\\/detfranskevinhus.com\\\/sv\\\/butik\\\/\"},{\"@type\":\"ListItem\",\"position\":2,\"name\":\"Domaine La Grangette Carignan Blanc\"}]},{\"@type\":\"WebSite\",\"@id\":\"https:\\\/\\\/detfranskevinhus.com\\\/sv\\\/#website\",\"url\":\"https:\\\/\\\/detfranskevinhus.com\\\/sv\\\/\",\"name\":\"Det Franske Vinhus\",\"description\":\"\",\"publisher\":{\"@id\":\"https:\\\/\\\/detfranskevinhus.com\\\/sv\\\/#organization\"},\"potentialAction\":[{\"@type\":\"SearchAction\",\"target\":{\"@type\":\"EntryPoint\",\"urlTemplate\":\"https:\\\/\\\/detfranskevinhus.com\\\/sv\\\/?s={search_term_string}\"},\"query-input\":{\"@type\":\"PropertyValueSpecification\",\"valueRequired\":true,\"valueName\":\"search_term_string\"}}],\"inLanguage\":\"sv-SE\"},{\"@type\":\"Organization\",\"@id\":\"https:\\\/\\\/detfranskevinhus.com\\\/sv\\\/#organization\",\"name\":\"Det Franske Vinhus\",\"url\":\"https:\\\/\\\/detfranskevinhus.com\\\/sv\\\/\",\"logo\":{\"@type\":\"ImageObject\",\"inLanguage\":\"sv-SE\",\"@id\":\"https:\\\/\\\/detfranskevinhus.com\\\/sv\\\/#\\\/schema\\\/logo\\\/image\\\/\",\"url\":\"https:\\\/\\\/detfranskevinhus.com\\\/wp-content\\\/uploads\\\/2023\\\/07\\\/01_DFV_Logo_www_01-02-copy.jpg\",\"contentUrl\":\"https:\\\/\\\/detfranskevinhus.com\\\/wp-content\\\/uploads\\\/2023\\\/07\\\/01_DFV_Logo_www_01-02-copy.jpg\",\"width\":992,\"height\":482,\"caption\":\"Det Franske Vinhus\"},\"image\":{\"@id\":\"https:\\\/\\\/detfranskevinhus.com\\\/sv\\\/#\\\/schema\\\/logo\\\/image\\\/\"}}]}<\/script>\n<!-- \/ Yoast SEO plugin. -->","yoast_head_json":{"title":"La Grangette Carignan Blanc | Vitt vin fr\u00e5n C\u00f4tes de Thau","description":"K\u00f6p La Grangette Carignan Blanc Vieilles Vignes C\u00f4tes de Thau IGP. Friskt och mineraliskt vitt vin med salt finish, citrus och gamla vinstockar.","robots":{"index":"index","follow":"follow","max-snippet":"max-snippet:-1","max-image-preview":"max-image-preview:large","max-video-preview":"max-video-preview:-1"},"canonical":"https:\/\/detfranskevinhus.com\/sv\/vare\/domaine-la-grangette-carignan-blanc\/","og_locale":"sv_SE","og_type":"article","og_title":"La Grangette Carignan Blanc 2024. Fr\u00e4sch\u00f6r och salt mineralitet","og_description":"Karakt\u00e4rsfullt vitt vin fr\u00e5n C\u00f4tes de Thau p\u00e5 gamla Carignan Blanc-stockar. Perfekt till sushi, fisk, skaldjur och getost.","og_url":"https:\/\/detfranskevinhus.com\/sv\/vare\/domaine-la-grangette-carignan-blanc\/","og_site_name":"Det Franske Vinhus","article_modified_time":"2026-04-07T09:53:50+00:00","og_image":[{"width":1440,"height":1920,"url":"https:\/\/detfranskevinhus.com\/wp-content\/uploads\/2026\/04\/108-Frankrig-Sydfrankrig-Languedoc-Picpoul-de-Pinet-Carignan-Hvidvin-Domaine-La-Grangette-Carignan-Blanc.jpeg","type":"image\/jpeg"}],"twitter_card":"summary_large_image","twitter_misc":{"Ber\u00e4knad l\u00e4stid":"2 minuter"},"schema":{"@context":"https:\/\/schema.org","@graph":[{"@type":"WebPage","@id":"https:\/\/detfranskevinhus.com\/sv\/vare\/domaine-la-grangette-carignan-blanc\/","url":"https:\/\/detfranskevinhus.com\/sv\/vare\/domaine-la-grangette-carignan-blanc\/","name":"La Grangette Carignan Blanc | Vitt vin fr\u00e5n C\u00f4tes de Thau","isPartOf":{"@id":"https:\/\/detfranskevinhus.com\/sv\/#website"},"primaryImageOfPage":{"@id":"https:\/\/detfranskevinhus.com\/sv\/vare\/domaine-la-grangette-carignan-blanc\/#primaryimage"},"image":{"@id":"https:\/\/detfranskevinhus.com\/sv\/vare\/domaine-la-grangette-carignan-blanc\/#primaryimage"},"thumbnailUrl":"https:\/\/detfranskevinhus.com\/wp-content\/uploads\/2026\/04\/108-Frankrig-Sydfrankrig-Languedoc-Picpoul-de-Pinet-Carignan-Hvidvin-Domaine-La-Grangette-Carignan-Blanc.jpeg","datePublished":"2026-04-07T09:52:05+00:00","dateModified":"2026-04-07T09:53:50+00:00","description":"K\u00f6p La Grangette Carignan Blanc Vieilles Vignes C\u00f4tes de Thau IGP. Friskt och mineraliskt vitt vin med salt finish, citrus och gamla vinstockar.","breadcrumb":{"@id":"https:\/\/detfranskevinhus.com\/sv\/vare\/domaine-la-grangette-carignan-blanc\/#breadcrumb"},"inLanguage":"sv-SE","potentialAction":[{"@type":"ReadAction","target":["https:\/\/detfranskevinhus.com\/sv\/vare\/domaine-la-grangette-carignan-blanc\/"]}]},{"@type":"ImageObject","inLanguage":"sv-SE","@id":"https:\/\/detfranskevinhus.com\/sv\/vare\/domaine-la-grangette-carignan-blanc\/#primaryimage","url":"https:\/\/detfranskevinhus.com\/wp-content\/uploads\/2026\/04\/108-Frankrig-Sydfrankrig-Languedoc-Picpoul-de-Pinet-Carignan-Hvidvin-Domaine-La-Grangette-Carignan-Blanc.jpeg","contentUrl":"https:\/\/detfranskevinhus.com\/wp-content\/uploads\/2026\/04\/108-Frankrig-Sydfrankrig-Languedoc-Picpoul-de-Pinet-Carignan-Hvidvin-Domaine-La-Grangette-Carignan-Blanc.jpeg","width":1440,"height":1920,"caption":"Frankrig Sydfrankrig -Languedoc Picpoul de Pinet Carignan Hvidvin Domaine La Grangette Carignan Blanc"},{"@type":"BreadcrumbList","@id":"https:\/\/detfranskevinhus.com\/sv\/vare\/domaine-la-grangette-carignan-blanc\/#breadcrumb","itemListElement":[{"@type":"ListItem","position":1,"name":"Shop","item":"https:\/\/detfranskevinhus.com\/sv\/butik\/"},{"@type":"ListItem","position":2,"name":"Domaine La Grangette Carignan Blanc"}]},{"@type":"WebSite","@id":"https:\/\/detfranskevinhus.com\/sv\/#website","url":"https:\/\/detfranskevinhus.com\/sv\/","name":"Det Franske Vinhus","description":"","publisher":{"@id":"https:\/\/detfranskevinhus.com\/sv\/#organization"},"potentialAction":[{"@type":"SearchAction","target":{"@type":"EntryPoint","urlTemplate":"https:\/\/detfranskevinhus.com\/sv\/?s={search_term_string}"},"query-input":{"@type":"PropertyValueSpecification","valueRequired":true,"valueName":"search_term_string"}}],"inLanguage":"sv-SE"},{"@type":"Organization","@id":"https:\/\/detfranskevinhus.com\/sv\/#organization","name":"Det Franske Vinhus","url":"https:\/\/detfranskevinhus.com\/sv\/","logo":{"@type":"ImageObject","inLanguage":"sv-SE","@id":"https:\/\/detfranskevinhus.com\/sv\/#\/schema\/logo\/image\/","url":"https:\/\/detfranskevinhus.com\/wp-content\/uploads\/2023\/07\/01_DFV_Logo_www_01-02-copy.jpg","contentUrl":"https:\/\/detfranskevinhus.com\/wp-content\/uploads\/2023\/07\/01_DFV_Logo_www_01-02-copy.jpg","width":992,"height":482,"caption":"Det Franske Vinhus"},"image":{"@id":"https:\/\/detfranskevinhus.com\/sv\/#\/schema\/logo\/image\/"}}]}},"_links":{"self":[{"href":"https:\/\/detfranskevinhus.com\/sv\/wp-json\/wp\/v2\/product\/1000000033612","targetHints":{"allow":["GET"]}}],"collection":[{"href":"https:\/\/detfranskevinhus.com\/sv\/wp-json\/wp\/v2\/product"}],"about":[{"href":"https:\/\/detfranskevinhus.com\/sv\/wp-json\/wp\/v2\/types\/product"}],"version-history":[{"count":2,"href":"https:\/\/detfranskevinhus.com\/sv\/wp-json\/wp\/v2\/product\/1000000033612\/revisions"}],"predecessor-version":[{"id":1000000033614,"href":"https:\/\/detfranskevinhus.com\/sv\/wp-json\/wp\/v2\/product\/1000000033612\/revisions\/1000000033614"}],"wp:featuredmedia":[{"embeddable":true,"href":"https:\/\/detfranskevinhus.com\/sv\/wp-json\/wp\/v2\/media\/1000000033609"}],"wp:attachment":[{"href":"https:\/\/detfranskevinhus.com\/sv\/wp-json\/wp\/v2\/media?parent=1000000033612"}],"wp:term":[{"taxonomy":"product_brand","embeddable":true,"href":"https:\/\/detfranskevinhus.com\/sv\/wp-json\/wp\/v2\/product_brand?post=1000000033612"},{"taxonomy":"product_cat","embeddable":true,"href":"https:\/\/detfranskevinhus.com\/sv\/wp-json\/wp\/v2\/product_cat?post=1000000033612"},{"taxonomy":"product_tag","embeddable":true,"href":"https:\/\/detfranskevinhus.com\/sv\/wp-json\/wp\/v2\/product_tag?post=1000000033612"}],"curies":[{"name":"wp","href":"https:\/\/api.w.org\/{rel}","templated":true}]}}