{"id":1000000033506,"date":"2026-04-06T14:33:28","date_gmt":"2026-04-06T12:33:28","guid":{"rendered":"https:\/\/detfranskevinhus.com\/?post_type=product&#038;p=1000000033506"},"modified":"2026-04-06T14:39:53","modified_gmt":"2026-04-06T12:39:53","slug":"domaine-collotte-marsannay-rose","status":"publish","type":"product","link":"https:\/\/detfranskevinhus.com\/sv\/vare\/domaine-collotte-marsannay-rose\/","title":{"rendered":"Domaine Collotte Marsannay Ros\u00e9"},"content":{"rendered":"<p data-start=\"2399\" data-end=\"2725\"><strong data-start=\"2399\" data-end=\"2411\">Ursprung<\/strong><br data-start=\"2411\" data-end=\"2414\" \/>Detta vin kommer fr\u00e5n Marsannay i Bourgogne i Frankrike och \u00e4r producerat av Domaine Collotte. Vinet b\u00e4r appellationen Marsannay och representerar en mer seri\u00f6s och strukturerad ros\u00e9stil \u00e4n m\u00e5nga l\u00e4tta sommarviner. H\u00e4r f\u00e5r man ett ros\u00e9vin fr\u00e5n Bourgogne med finess, fr\u00e4sch\u00f6r och en elegant, gastronomisk profil.<\/p>\n<p data-start=\"2727\" data-end=\"2846\"><strong data-start=\"2727\" data-end=\"2736\">Druva<\/strong><br data-start=\"2736\" data-end=\"2739\" \/>Druvan framg\u00e5r inte av den visade baksidesetiketten, men Marsannay Ros\u00e9 \u00e4r klassiskt baserat p\u00e5 Pinot Noir.<\/p>\n<p data-start=\"2848\" data-end=\"3121\"><strong data-start=\"2848\" data-end=\"2856\">Smak<\/strong><br data-start=\"2856\" data-end=\"2859\" \/>Vinet \u00e4r torrt, friskt och elegant med en ren och sp\u00e4nstig smak. H\u00e4r m\u00f6ts r\u00f6da b\u00e4r, saftiga hallon och ljusa k\u00f6rsb\u00e4r av fin syra och en l\u00e4tt mineralisk ton. Smaken har en slank och precis struktur med ett friskt avslut som g\u00f6r vinet b\u00e5de charmigt och matv\u00e4nligt.<\/p>\n<p data-start=\"3123\" data-end=\"3326\"><strong data-start=\"3123\" data-end=\"3131\">Arom<\/strong><br data-start=\"3131\" data-end=\"3134\" \/>Doften bjuder p\u00e5 hallon, jordgubbar, r\u00f6da vinb\u00e4r och ljusa k\u00f6rsb\u00e4r, kompletterat av florala nyanser och en l\u00e4tt ton av mineralitet. Ett klassiskt Bourgogne-ros\u00e9 med fin elegans och sval frukt.<\/p>\n<p data-start=\"3328\" data-end=\"3340\"><strong data-start=\"3328\" data-end=\"3340\">Karakt\u00e4r<\/strong><\/p>\n<ul data-start=\"3341\" data-end=\"3541\">\n<li data-section-id=\"688c0v\" data-start=\"3341\" data-end=\"3357\">Torrhet: Torrt<\/li>\n<li data-section-id=\"16zw10s\" data-start=\"3358\" data-end=\"3377\">S\u00f6tma: Mycket l\u00e5g<\/li>\n<li data-section-id=\"zaci27\" data-start=\"3378\" data-end=\"3413\">Fyllighet: L\u00e4tt till medelfylligt<\/li>\n<li data-section-id=\"9ly5nf\" data-start=\"3414\" data-end=\"3438\">Syra: Frisk och livlig<\/li>\n<li data-section-id=\"vqdrl\" data-start=\"3439\" data-end=\"3503\">Fruktprofil: Hallon, jordgubbar, r\u00f6da vinb\u00e4r och ljusa k\u00f6rsb\u00e4r<\/li>\n<li data-section-id=\"3td4ek\" data-start=\"3504\" data-end=\"3541\">Stil: Elegant, frisk och mineralisk<\/li>\n<\/ul>\n<p data-start=\"3543\" data-end=\"3567\"><strong data-start=\"3543\" data-end=\"3554\">Alkohol<\/strong><br data-start=\"3554\" data-end=\"3557\" \/>12,5% vol.<\/p>\n<p data-start=\"3569\" data-end=\"3822\"><strong data-start=\"3569\" data-end=\"3594\">S\u00e4rskilda k\u00e4nnetecken<\/strong><br data-start=\"3594\" data-end=\"3597\" \/>Ett ros\u00e9vin fr\u00e5n Marsannay i Bourgogne med mer djup och struktur \u00e4n en typisk l\u00e4tt ros\u00e9. Vinet f\u00f6renar frisk r\u00f6d frukt, precis syra och klassisk burgundisk elegans i en stil som passar b\u00e5de att dricka som det \u00e4r och till mat.<\/p>\n<p data-start=\"3824\" data-end=\"4051\"><strong data-start=\"3824\" data-end=\"3836\">Matmatch<\/strong><br data-start=\"3836\" data-end=\"3839\" \/>Passar bra till charkuterier, sallader, grillad fisk, ljust k\u00f6tt, kyckling, lax, sommarr\u00e4tter och l\u00e4ttare pastar\u00e4tter. Det fungerar ocks\u00e5 utm\u00e4rkt som aperitif n\u00e4r man vill ha ett torrt och mer raffinerat ros\u00e9vin.<\/p>\n","protected":false},"excerpt":{"rendered":"<p>Elegant ros\u00e9 fr\u00e5n Bourgogne med frisk r\u00f6d frukt, fin syra och mineralisk finess. Ett torrt och raffinerat vin till mat, aperitif och ljusa r\u00e4tter.<\/p>\n","protected":false},"featured_media":1000000033503,"template":"","meta":{"_acf_changed":false,"site-sidebar-layout":"default","site-content-layout":"","ast-site-content-layout":"default","site-content-style":"default","site-sidebar-style":"default","ast-global-header-display":"","ast-banner-title-visibility":"","ast-main-header-display":"","ast-hfb-above-header-display":"","ast-hfb-below-header-display":"","ast-hfb-mobile-header-display":"","site-post-title":"","ast-breadcrumbs-content":"","ast-featured-img":"","footer-sml-layout":"","ast-disable-related-posts":"","theme-transparent-header-meta":"default","adv-header-id-meta":"","stick-header-meta":"default","header-above-stick-meta":"","header-main-stick-meta":"","header-below-stick-meta":"","astra-migrate-meta-layouts":"set","ast-page-background-enabled":"default","ast-page-background-meta":{"desktop":{"background-color":"","background-image":"","background-repeat":"repeat","background-position":"center center","background-size":"auto","background-attachment":"scroll","background-type":"","background-media":"","overlay-type":"","overlay-color":"","overlay-opacity":"","overlay-gradient":""},"tablet":{"background-color":"","background-image":"","background-repeat":"repeat","background-position":"center center","background-size":"auto","background-attachment":"scroll","background-type":"","background-media":"","overlay-type":"","overlay-color":"","overlay-opacity":"","overlay-gradient":""},"mobile":{"background-color":"","background-image":"","background-repeat":"repeat","background-position":"center center","background-size":"auto","background-attachment":"scroll","background-type":"","background-media":"","overlay-type":"","overlay-color":"","overlay-opacity":"","overlay-gradient":""}},"ast-content-background-meta":{"desktop":{"background-color":"var(--ast-global-color-5)","background-image":"","background-repeat":"repeat","background-position":"center center","background-size":"auto","background-attachment":"scroll","background-type":"","background-media":"","overlay-type":"","overlay-color":"","overlay-opacity":"","overlay-gradient":""},"tablet":{"background-color":"var(--ast-global-color-5)","background-image":"","background-repeat":"repeat","background-position":"center center","background-size":"auto","background-attachment":"scroll","background-type":"","background-media":"","overlay-type":"","overlay-color":"","overlay-opacity":"","overlay-gradient":""},"mobile":{"background-color":"var(--ast-global-color-5)","background-image":"","background-repeat":"repeat","background-position":"center center","background-size":"auto","background-attachment":"scroll","background-type":"","background-media":"","overlay-type":"","overlay-color":"","overlay-opacity":"","overlay-gradient":""}}},"product_brand":[],"product_cat":[910,1424,209],"product_tag":[],"class_list":{"0":"post-1000000033506","1":"product","2":"type-product","3":"status-publish","4":"has-post-thumbnail","6":"product_cat-bourgogne-sv-2","7":"product_cat-frankrike","8":"product_cat-rose-sv","9":"pa_drue-pinot-noir-sv","10":"pa_vintype-rose-sv","11":"desktop-align-center","12":"tablet-align-center","13":"mobile-align-center","14":"ast-product-gallery-layout-horizontal","15":"ast-product-tabs-layout-horizontal","16":"ast-qv-on-image-click","18":"first","19":"instock","20":"taxable","21":"shipping-taxable","22":"purchasable","23":"product-type-simple"},"group_of_quantity":0,"min_quantity":0,"max_quantity":"","exclude_order_quantity_value_rules":"no","exclude_category_quantity_rules":"no","combine_variations":"no","acf":[],"yoast_head":"<!-- This site is optimized with the Yoast SEO plugin v27.5 - https:\/\/yoast.com\/product\/yoast-seo-wordpress\/ -->\n<title>Marsannay Ros\u00e9 | Bourgogne-ros\u00e9 fr\u00e5n Domaine Collotte<\/title>\n<meta name=\"description\" content=\"K\u00f6p Domaine Collotte Marsannay Ros\u00e9 2023. Elegant och torr ros\u00e9 fr\u00e5n Bourgogne med r\u00f6da b\u00e4r, frisk syra och klassiskt mineralisk stil.\" \/>\n<meta name=\"robots\" content=\"index, follow, max-snippet:-1, max-image-preview:large, max-video-preview:-1\" \/>\n<link rel=\"canonical\" href=\"https:\/\/detfranskevinhus.com\/sv\/vare\/domaine-collotte-marsannay-rose\/\" \/>\n<meta property=\"og:locale\" content=\"sv_SE\" \/>\n<meta property=\"og:type\" content=\"article\" \/>\n<meta property=\"og:title\" content=\"Marsannay Ros\u00e9 2023. Bourgogne-ros\u00e9 med fr\u00e4sch\u00f6r och finess\" \/>\n<meta property=\"og:description\" content=\"Torrt och elegant ros\u00e9vin fr\u00e5n Domaine Collotte i Bourgogne. Frisk r\u00f6d frukt, fin syra och en raffinerad stil, perfekt till aperitif, fisk och l\u00e4ttare r\u00e4tter.\" \/>\n<meta property=\"og:url\" content=\"https:\/\/detfranskevinhus.com\/sv\/vare\/domaine-collotte-marsannay-rose\/\" \/>\n<meta property=\"og:site_name\" content=\"Det Franske Vinhus\" \/>\n<meta property=\"article:modified_time\" content=\"2026-04-06T12:39:53+00:00\" \/>\n<meta property=\"og:image\" content=\"https:\/\/detfranskevinhus.com\/wp-content\/uploads\/2026\/04\/86-Frankrig-Bourgogne-Marsannay-Pinot-Noir-Rosevin-Domaine-Collotte-Marsannay-Rose.jpeg\" \/>\n\t<meta property=\"og:image:width\" content=\"1080\" \/>\n\t<meta property=\"og:image:height\" content=\"1920\" \/>\n\t<meta property=\"og:image:type\" content=\"image\/jpeg\" \/>\n<meta name=\"twitter:card\" content=\"summary_large_image\" \/>\n<meta name=\"twitter:label1\" content=\"Ber\u00e4knad l\u00e4stid\" \/>\n\t<meta name=\"twitter:data1\" content=\"2 minuter\" \/>\n<script type=\"application\/ld+json\" class=\"yoast-schema-graph\">{\"@context\":\"https:\\\/\\\/schema.org\",\"@graph\":[{\"@type\":\"WebPage\",\"@id\":\"https:\\\/\\\/detfranskevinhus.com\\\/sv\\\/vare\\\/domaine-collotte-marsannay-rose\\\/\",\"url\":\"https:\\\/\\\/detfranskevinhus.com\\\/sv\\\/vare\\\/domaine-collotte-marsannay-rose\\\/\",\"name\":\"Marsannay Ros\u00e9 | Bourgogne-ros\u00e9 fr\u00e5n Domaine Collotte\",\"isPartOf\":{\"@id\":\"https:\\\/\\\/detfranskevinhus.com\\\/sv\\\/#website\"},\"primaryImageOfPage\":{\"@id\":\"https:\\\/\\\/detfranskevinhus.com\\\/sv\\\/vare\\\/domaine-collotte-marsannay-rose\\\/#primaryimage\"},\"image\":{\"@id\":\"https:\\\/\\\/detfranskevinhus.com\\\/sv\\\/vare\\\/domaine-collotte-marsannay-rose\\\/#primaryimage\"},\"thumbnailUrl\":\"https:\\\/\\\/detfranskevinhus.com\\\/wp-content\\\/uploads\\\/2026\\\/04\\\/86-Frankrig-Bourgogne-Marsannay-Pinot-Noir-Rosevin-Domaine-Collotte-Marsannay-Rose.jpeg\",\"datePublished\":\"2026-04-06T12:33:28+00:00\",\"dateModified\":\"2026-04-06T12:39:53+00:00\",\"description\":\"K\u00f6p Domaine Collotte Marsannay Ros\u00e9 2023. Elegant och torr ros\u00e9 fr\u00e5n Bourgogne med r\u00f6da b\u00e4r, frisk syra och klassiskt mineralisk stil.\",\"breadcrumb\":{\"@id\":\"https:\\\/\\\/detfranskevinhus.com\\\/sv\\\/vare\\\/domaine-collotte-marsannay-rose\\\/#breadcrumb\"},\"inLanguage\":\"sv-SE\",\"potentialAction\":[{\"@type\":\"ReadAction\",\"target\":[\"https:\\\/\\\/detfranskevinhus.com\\\/sv\\\/vare\\\/domaine-collotte-marsannay-rose\\\/\"]}]},{\"@type\":\"ImageObject\",\"inLanguage\":\"sv-SE\",\"@id\":\"https:\\\/\\\/detfranskevinhus.com\\\/sv\\\/vare\\\/domaine-collotte-marsannay-rose\\\/#primaryimage\",\"url\":\"https:\\\/\\\/detfranskevinhus.com\\\/wp-content\\\/uploads\\\/2026\\\/04\\\/86-Frankrig-Bourgogne-Marsannay-Pinot-Noir-Rosevin-Domaine-Collotte-Marsannay-Rose.jpeg\",\"contentUrl\":\"https:\\\/\\\/detfranskevinhus.com\\\/wp-content\\\/uploads\\\/2026\\\/04\\\/86-Frankrig-Bourgogne-Marsannay-Pinot-Noir-Rosevin-Domaine-Collotte-Marsannay-Rose.jpeg\",\"width\":1080,\"height\":1920,\"caption\":\"Frankrig Bourgogne Marsannay Pinot Noir Ros\u00e9vin Domaine Collotte Marsannay Ros\u00e9\"},{\"@type\":\"BreadcrumbList\",\"@id\":\"https:\\\/\\\/detfranskevinhus.com\\\/sv\\\/vare\\\/domaine-collotte-marsannay-rose\\\/#breadcrumb\",\"itemListElement\":[{\"@type\":\"ListItem\",\"position\":1,\"name\":\"Shop\",\"item\":\"https:\\\/\\\/detfranskevinhus.com\\\/sv\\\/butik\\\/\"},{\"@type\":\"ListItem\",\"position\":2,\"name\":\"Domaine Collotte Marsannay Ros\u00e9\"}]},{\"@type\":\"WebSite\",\"@id\":\"https:\\\/\\\/detfranskevinhus.com\\\/sv\\\/#website\",\"url\":\"https:\\\/\\\/detfranskevinhus.com\\\/sv\\\/\",\"name\":\"Det Franske Vinhus\",\"description\":\"\",\"publisher\":{\"@id\":\"https:\\\/\\\/detfranskevinhus.com\\\/sv\\\/#organization\"},\"potentialAction\":[{\"@type\":\"SearchAction\",\"target\":{\"@type\":\"EntryPoint\",\"urlTemplate\":\"https:\\\/\\\/detfranskevinhus.com\\\/sv\\\/?s={search_term_string}\"},\"query-input\":{\"@type\":\"PropertyValueSpecification\",\"valueRequired\":true,\"valueName\":\"search_term_string\"}}],\"inLanguage\":\"sv-SE\"},{\"@type\":\"Organization\",\"@id\":\"https:\\\/\\\/detfranskevinhus.com\\\/sv\\\/#organization\",\"name\":\"Det Franske Vinhus\",\"url\":\"https:\\\/\\\/detfranskevinhus.com\\\/sv\\\/\",\"logo\":{\"@type\":\"ImageObject\",\"inLanguage\":\"sv-SE\",\"@id\":\"https:\\\/\\\/detfranskevinhus.com\\\/sv\\\/#\\\/schema\\\/logo\\\/image\\\/\",\"url\":\"https:\\\/\\\/detfranskevinhus.com\\\/wp-content\\\/uploads\\\/2023\\\/07\\\/01_DFV_Logo_www_01-02-copy.jpg\",\"contentUrl\":\"https:\\\/\\\/detfranskevinhus.com\\\/wp-content\\\/uploads\\\/2023\\\/07\\\/01_DFV_Logo_www_01-02-copy.jpg\",\"width\":992,\"height\":482,\"caption\":\"Det Franske Vinhus\"},\"image\":{\"@id\":\"https:\\\/\\\/detfranskevinhus.com\\\/sv\\\/#\\\/schema\\\/logo\\\/image\\\/\"}}]}<\/script>\n<!-- \/ Yoast SEO plugin. -->","yoast_head_json":{"title":"Marsannay Ros\u00e9 | Bourgogne-ros\u00e9 fr\u00e5n Domaine Collotte","description":"K\u00f6p Domaine Collotte Marsannay Ros\u00e9 2023. Elegant och torr ros\u00e9 fr\u00e5n Bourgogne med r\u00f6da b\u00e4r, frisk syra och klassiskt mineralisk stil.","robots":{"index":"index","follow":"follow","max-snippet":"max-snippet:-1","max-image-preview":"max-image-preview:large","max-video-preview":"max-video-preview:-1"},"canonical":"https:\/\/detfranskevinhus.com\/sv\/vare\/domaine-collotte-marsannay-rose\/","og_locale":"sv_SE","og_type":"article","og_title":"Marsannay Ros\u00e9 2023. Bourgogne-ros\u00e9 med fr\u00e4sch\u00f6r och finess","og_description":"Torrt och elegant ros\u00e9vin fr\u00e5n Domaine Collotte i Bourgogne. Frisk r\u00f6d frukt, fin syra och en raffinerad stil, perfekt till aperitif, fisk och l\u00e4ttare r\u00e4tter.","og_url":"https:\/\/detfranskevinhus.com\/sv\/vare\/domaine-collotte-marsannay-rose\/","og_site_name":"Det Franske Vinhus","article_modified_time":"2026-04-06T12:39:53+00:00","og_image":[{"width":1080,"height":1920,"url":"https:\/\/detfranskevinhus.com\/wp-content\/uploads\/2026\/04\/86-Frankrig-Bourgogne-Marsannay-Pinot-Noir-Rosevin-Domaine-Collotte-Marsannay-Rose.jpeg","type":"image\/jpeg"}],"twitter_card":"summary_large_image","twitter_misc":{"Ber\u00e4knad l\u00e4stid":"2 minuter"},"schema":{"@context":"https:\/\/schema.org","@graph":[{"@type":"WebPage","@id":"https:\/\/detfranskevinhus.com\/sv\/vare\/domaine-collotte-marsannay-rose\/","url":"https:\/\/detfranskevinhus.com\/sv\/vare\/domaine-collotte-marsannay-rose\/","name":"Marsannay Ros\u00e9 | Bourgogne-ros\u00e9 fr\u00e5n Domaine Collotte","isPartOf":{"@id":"https:\/\/detfranskevinhus.com\/sv\/#website"},"primaryImageOfPage":{"@id":"https:\/\/detfranskevinhus.com\/sv\/vare\/domaine-collotte-marsannay-rose\/#primaryimage"},"image":{"@id":"https:\/\/detfranskevinhus.com\/sv\/vare\/domaine-collotte-marsannay-rose\/#primaryimage"},"thumbnailUrl":"https:\/\/detfranskevinhus.com\/wp-content\/uploads\/2026\/04\/86-Frankrig-Bourgogne-Marsannay-Pinot-Noir-Rosevin-Domaine-Collotte-Marsannay-Rose.jpeg","datePublished":"2026-04-06T12:33:28+00:00","dateModified":"2026-04-06T12:39:53+00:00","description":"K\u00f6p Domaine Collotte Marsannay Ros\u00e9 2023. Elegant och torr ros\u00e9 fr\u00e5n Bourgogne med r\u00f6da b\u00e4r, frisk syra och klassiskt mineralisk stil.","breadcrumb":{"@id":"https:\/\/detfranskevinhus.com\/sv\/vare\/domaine-collotte-marsannay-rose\/#breadcrumb"},"inLanguage":"sv-SE","potentialAction":[{"@type":"ReadAction","target":["https:\/\/detfranskevinhus.com\/sv\/vare\/domaine-collotte-marsannay-rose\/"]}]},{"@type":"ImageObject","inLanguage":"sv-SE","@id":"https:\/\/detfranskevinhus.com\/sv\/vare\/domaine-collotte-marsannay-rose\/#primaryimage","url":"https:\/\/detfranskevinhus.com\/wp-content\/uploads\/2026\/04\/86-Frankrig-Bourgogne-Marsannay-Pinot-Noir-Rosevin-Domaine-Collotte-Marsannay-Rose.jpeg","contentUrl":"https:\/\/detfranskevinhus.com\/wp-content\/uploads\/2026\/04\/86-Frankrig-Bourgogne-Marsannay-Pinot-Noir-Rosevin-Domaine-Collotte-Marsannay-Rose.jpeg","width":1080,"height":1920,"caption":"Frankrig Bourgogne Marsannay Pinot Noir Ros\u00e9vin Domaine Collotte Marsannay Ros\u00e9"},{"@type":"BreadcrumbList","@id":"https:\/\/detfranskevinhus.com\/sv\/vare\/domaine-collotte-marsannay-rose\/#breadcrumb","itemListElement":[{"@type":"ListItem","position":1,"name":"Shop","item":"https:\/\/detfranskevinhus.com\/sv\/butik\/"},{"@type":"ListItem","position":2,"name":"Domaine Collotte Marsannay Ros\u00e9"}]},{"@type":"WebSite","@id":"https:\/\/detfranskevinhus.com\/sv\/#website","url":"https:\/\/detfranskevinhus.com\/sv\/","name":"Det Franske Vinhus","description":"","publisher":{"@id":"https:\/\/detfranskevinhus.com\/sv\/#organization"},"potentialAction":[{"@type":"SearchAction","target":{"@type":"EntryPoint","urlTemplate":"https:\/\/detfranskevinhus.com\/sv\/?s={search_term_string}"},"query-input":{"@type":"PropertyValueSpecification","valueRequired":true,"valueName":"search_term_string"}}],"inLanguage":"sv-SE"},{"@type":"Organization","@id":"https:\/\/detfranskevinhus.com\/sv\/#organization","name":"Det Franske Vinhus","url":"https:\/\/detfranskevinhus.com\/sv\/","logo":{"@type":"ImageObject","inLanguage":"sv-SE","@id":"https:\/\/detfranskevinhus.com\/sv\/#\/schema\/logo\/image\/","url":"https:\/\/detfranskevinhus.com\/wp-content\/uploads\/2023\/07\/01_DFV_Logo_www_01-02-copy.jpg","contentUrl":"https:\/\/detfranskevinhus.com\/wp-content\/uploads\/2023\/07\/01_DFV_Logo_www_01-02-copy.jpg","width":992,"height":482,"caption":"Det Franske Vinhus"},"image":{"@id":"https:\/\/detfranskevinhus.com\/sv\/#\/schema\/logo\/image\/"}}]}},"_links":{"self":[{"href":"https:\/\/detfranskevinhus.com\/sv\/wp-json\/wp\/v2\/product\/1000000033506","targetHints":{"allow":["GET"]}}],"collection":[{"href":"https:\/\/detfranskevinhus.com\/sv\/wp-json\/wp\/v2\/product"}],"about":[{"href":"https:\/\/detfranskevinhus.com\/sv\/wp-json\/wp\/v2\/types\/product"}],"version-history":[{"count":1,"href":"https:\/\/detfranskevinhus.com\/sv\/wp-json\/wp\/v2\/product\/1000000033506\/revisions"}],"predecessor-version":[{"id":1000000033507,"href":"https:\/\/detfranskevinhus.com\/sv\/wp-json\/wp\/v2\/product\/1000000033506\/revisions\/1000000033507"}],"wp:featuredmedia":[{"embeddable":true,"href":"https:\/\/detfranskevinhus.com\/sv\/wp-json\/wp\/v2\/media\/1000000033503"}],"wp:attachment":[{"href":"https:\/\/detfranskevinhus.com\/sv\/wp-json\/wp\/v2\/media?parent=1000000033506"}],"wp:term":[{"taxonomy":"product_brand","embeddable":true,"href":"https:\/\/detfranskevinhus.com\/sv\/wp-json\/wp\/v2\/product_brand?post=1000000033506"},{"taxonomy":"product_cat","embeddable":true,"href":"https:\/\/detfranskevinhus.com\/sv\/wp-json\/wp\/v2\/product_cat?post=1000000033506"},{"taxonomy":"product_tag","embeddable":true,"href":"https:\/\/detfranskevinhus.com\/sv\/wp-json\/wp\/v2\/product_tag?post=1000000033506"}],"curies":[{"name":"wp","href":"https:\/\/api.w.org\/{rel}","templated":true}]}}