{"id":1000000033496,"date":"2026-03-24T12:53:08","date_gmt":"2026-03-24T11:53:08","guid":{"rendered":"https:\/\/detfranskevinhus.com\/?post_type=product&#038;p=1000000033496"},"modified":"2026-04-06T14:03:41","modified_gmt":"2026-04-06T12:03:41","slug":"tabordet-sancerre-eko-blanc","status":"publish","type":"product","link":"https:\/\/detfranskevinhus.com\/sv\/vare\/tabordet-sancerre-eko-blanc\/","title":{"rendered":"Tabordet Sancerre [EKO] Blanc"},"content":{"rendered":"<p data-start=\"2522\" data-end=\"2926\"><strong data-start=\"2522\" data-end=\"2534\">Ursprung<\/strong><br data-start=\"2534\" data-end=\"2537\" \/>Detta vin kommer fr\u00e5n Sancerre i Loire i Frankrike och \u00e4r producerat av Domaine Tabordet. Vinet b\u00e4r appellationen Sancerre och \u00e4r gjort p\u00e5 Sauvignon Blanc, som i detta omr\u00e5de ger en s\u00e4rskild kombination av friskhet, mineralitet och precision. H\u00e4r f\u00e5r man ett klassiskt Loire-vin med elegant, sval stil och tydlig terroirkarakt\u00e4r. Vinet \u00e4r dessutom ekologiskt och b\u00e4r \u00e4ven Demeter-m\u00e4rkning.<\/p>\n<p data-start=\"2928\" data-end=\"2956\"><strong data-start=\"2928\" data-end=\"2937\">Druva<\/strong><br data-start=\"2937\" data-end=\"2940\" \/>Sauvignon Blanc.<\/p>\n<p data-start=\"2958\" data-end=\"3270\"><strong data-start=\"2958\" data-end=\"2966\">Smak<\/strong><br data-start=\"2966\" data-end=\"2969\" \/>Vinet \u00e4r torrt, friskt och stramt med en livlig och precis smak. H\u00e4r m\u00f6ts citrus, gr\u00f6na \u00e4pplen och ljusa stenfrukter av fin mineralitet och en l\u00e4tt \u00f6rtig nerv. Smaken \u00e4r elegant och fokuserad med fin energi, saftig fr\u00e4sch\u00f6r och ett rent, l\u00e5ngt avslut d\u00e4r syran h\u00e5ller vinet sp\u00e4nstigt och aptitretande.<\/p>\n<p data-start=\"3272\" data-end=\"3487\"><strong data-start=\"3272\" data-end=\"3280\">Arom<\/strong><br data-start=\"3280\" data-end=\"3283\" \/>Doften bjuder p\u00e5 citrus, lime, krusb\u00e4r, gr\u00f6na \u00e4pplen och vita blommor, tillsammans med en ton av f\u00e4rska \u00f6rter och kalkig mineralitet. En klassisk och mycket ren Sancerre-doft med b\u00e5de fr\u00e4sch\u00f6r och finess.<\/p>\n<p data-start=\"3489\" data-end=\"3501\"><strong data-start=\"3489\" data-end=\"3501\">Karakt\u00e4r<\/strong><\/p>\n<ul data-start=\"3502\" data-end=\"3726\">\n<li data-section-id=\"688c0v\" data-start=\"3502\" data-end=\"3518\">Torrhet: Torrt<\/li>\n<li data-section-id=\"16zw10s\" data-start=\"3519\" data-end=\"3538\">S\u00f6tma: Mycket l\u00e5g<\/li>\n<li data-section-id=\"zaci27\" data-start=\"3539\" data-end=\"3574\">Fyllighet: L\u00e4tt till medelfylligt<\/li>\n<li data-section-id=\"9ly5nf\" data-start=\"3575\" data-end=\"3599\">Syra: Frisk och livlig<\/li>\n<li data-section-id=\"1r9uzd1\" data-start=\"3600\" data-end=\"3621\">Mineralitet: Tydlig<\/li>\n<li data-section-id=\"1wyond7\" data-start=\"3622\" data-end=\"3679\">Fruktprofil: Citrus, gr\u00f6na \u00e4pplen och ljusa stenfrukter<\/li>\n<li data-section-id=\"nzr0ge\" data-start=\"3680\" data-end=\"3726\">Stil: Krispig, mineralisk och klassisk Loire<\/li>\n<\/ul>\n<p data-start=\"3728\" data-end=\"3750\"><strong data-start=\"3728\" data-end=\"3739\">Alkohol<\/strong><br data-start=\"3739\" data-end=\"3742\" \/>13% vol.<\/p>\n<p data-start=\"3752\" data-end=\"3981\"><strong data-start=\"3752\" data-end=\"3777\">S\u00e4rskilda k\u00e4nnetecken<\/strong><br data-start=\"3777\" data-end=\"3780\" \/>En klassisk Sancerre p\u00e5 Sauvignon Blanc med fin mineralitet, precis syra och sval elegans. Ekologiskt producerad och med Demeter-m\u00e4rkning, vilket f\u00f6rst\u00e4rker vinets naturpr\u00e4glade och terroirdrivna stil.<\/p>\n<p data-start=\"3983\" data-end=\"4207\"><strong data-start=\"3983\" data-end=\"3995\">Matmatch<\/strong><br data-start=\"3995\" data-end=\"3998\" \/>Passar s\u00e4rskilt bra till fisk, skaldjur, ostron, getost, sallader, l\u00e4ttare gr\u00f6nsaksr\u00e4tter och eleganta f\u00f6rr\u00e4tter. Det fungerar ocks\u00e5 mycket fint som aperitif n\u00e4r man vill ha ett torrt och friskt glas vitt vin.<\/p>\n","protected":false},"excerpt":{"rendered":"<p>Klassisk Sancerre med krispig citrus, fin mineralitet och precis fr\u00e4sch\u00f6r. Elegant Loire-vin till skaldjur, fisk, getost och l\u00e4ttare r\u00e4tter.<\/p>\n","protected":false},"featured_media":1000000033493,"template":"","meta":{"_acf_changed":false,"site-sidebar-layout":"default","site-content-layout":"","ast-site-content-layout":"default","site-content-style":"default","site-sidebar-style":"default","ast-global-header-display":"","ast-banner-title-visibility":"","ast-main-header-display":"","ast-hfb-above-header-display":"","ast-hfb-below-header-display":"","ast-hfb-mobile-header-display":"","site-post-title":"","ast-breadcrumbs-content":"","ast-featured-img":"","footer-sml-layout":"","ast-disable-related-posts":"","theme-transparent-header-meta":"default","adv-header-id-meta":"","stick-header-meta":"default","header-above-stick-meta":"","header-main-stick-meta":"","header-below-stick-meta":"","astra-migrate-meta-layouts":"set","ast-page-background-enabled":"default","ast-page-background-meta":{"desktop":{"background-color":"","background-image":"","background-repeat":"repeat","background-position":"center center","background-size":"auto","background-attachment":"scroll","background-type":"","background-media":"","overlay-type":"","overlay-color":"","overlay-opacity":"","overlay-gradient":""},"tablet":{"background-color":"","background-image":"","background-repeat":"repeat","background-position":"center center","background-size":"auto","background-attachment":"scroll","background-type":"","background-media":"","overlay-type":"","overlay-color":"","overlay-opacity":"","overlay-gradient":""},"mobile":{"background-color":"","background-image":"","background-repeat":"repeat","background-position":"center center","background-size":"auto","background-attachment":"scroll","background-type":"","background-media":"","overlay-type":"","overlay-color":"","overlay-opacity":"","overlay-gradient":""}},"ast-content-background-meta":{"desktop":{"background-color":"var(--ast-global-color-5)","background-image":"","background-repeat":"repeat","background-position":"center center","background-size":"auto","background-attachment":"scroll","background-type":"","background-media":"","overlay-type":"","overlay-color":"","overlay-opacity":"","overlay-gradient":""},"tablet":{"background-color":"var(--ast-global-color-5)","background-image":"","background-repeat":"repeat","background-position":"center center","background-size":"auto","background-attachment":"scroll","background-type":"","background-media":"","overlay-type":"","overlay-color":"","overlay-opacity":"","overlay-gradient":""},"mobile":{"background-color":"var(--ast-global-color-5)","background-image":"","background-repeat":"repeat","background-position":"center center","background-size":"auto","background-attachment":"scroll","background-type":"","background-media":"","overlay-type":"","overlay-color":"","overlay-opacity":"","overlay-gradient":""}}},"product_brand":[],"product_cat":[1424,906,635,370],"product_tag":[],"class_list":{"0":"post-1000000033496","1":"product","2":"type-product","3":"status-publish","4":"has-post-thumbnail","6":"product_cat-frankrike","7":"product_cat-loiredalen-sv","8":"product_cat-organic-sv","9":"product_cat-vitt-vin","10":"pa_drue-sauvignon-blanc-sv","11":"pa_vintype-vitt-vin-sv","12":"desktop-align-center","13":"tablet-align-center","14":"mobile-align-center","15":"ast-product-gallery-layout-horizontal","16":"ast-product-tabs-layout-horizontal","17":"ast-qv-on-image-click","19":"first","20":"instock","21":"taxable","22":"shipping-taxable","23":"purchasable","24":"product-type-simple"},"group_of_quantity":0,"min_quantity":0,"max_quantity":"","exclude_order_quantity_value_rules":"no","exclude_category_quantity_rules":"no","combine_variations":"no","acf":[],"yoast_head":"<!-- This site is optimized with the Yoast SEO plugin v27.5 - https:\/\/yoast.com\/product\/yoast-seo-wordpress\/ -->\n<title>Sancerre Sauvignon Blanc | Vitt vin fr\u00e5n Domaine Tabordet<\/title>\n<meta name=\"description\" content=\"K\u00f6p Domaine Tabordet Sancerre Sauvignon Blanc 2023. Krispigt och mineraliskt vitt vin fr\u00e5n Loire med citrus, \u00f6rter, frisk syra och elegant Sancerre-stil.\" \/>\n<meta name=\"robots\" content=\"index, follow, max-snippet:-1, max-image-preview:large, max-video-preview:-1\" \/>\n<link rel=\"canonical\" href=\"https:\/\/detfranskevinhus.com\/sv\/vare\/tabordet-sancerre-eko-blanc\/\" \/>\n<meta property=\"og:locale\" content=\"sv_SE\" \/>\n<meta property=\"og:type\" content=\"article\" \/>\n<meta property=\"og:title\" content=\"Sancerre 2023. Krispigt Loire-vin med mineralitet och finess\" \/>\n<meta property=\"og:description\" content=\"Elegant Sauvignon Blanc fr\u00e5n Domaine Tabordet i Sancerre. Friskt, torrt och mineraliskt vitt vin, perfekt till skaldjur, fisk och l\u00e4tta serveringar.\" \/>\n<meta property=\"og:url\" content=\"https:\/\/detfranskevinhus.com\/sv\/vare\/tabordet-sancerre-eko-blanc\/\" \/>\n<meta property=\"og:site_name\" content=\"Det Franske Vinhus\" \/>\n<meta property=\"article:modified_time\" content=\"2026-04-06T12:03:41+00:00\" \/>\n<meta property=\"og:image\" content=\"https:\/\/detfranskevinhus.com\/wp-content\/uploads\/2026\/03\/17-Frankrig-Loire-Sancerre-Sauvignon-Blanc-Hvidvin-Tabordet-Sancerre-OeKO-Blanc.jpeg\" \/>\n\t<meta property=\"og:image:width\" content=\"1080\" \/>\n\t<meta property=\"og:image:height\" content=\"1920\" \/>\n\t<meta property=\"og:image:type\" content=\"image\/jpeg\" \/>\n<meta name=\"twitter:card\" content=\"summary_large_image\" \/>\n<meta name=\"twitter:label1\" content=\"Ber\u00e4knad l\u00e4stid\" \/>\n\t<meta name=\"twitter:data1\" content=\"2 minuter\" \/>\n<script type=\"application\/ld+json\" class=\"yoast-schema-graph\">{\"@context\":\"https:\\\/\\\/schema.org\",\"@graph\":[{\"@type\":\"WebPage\",\"@id\":\"https:\\\/\\\/detfranskevinhus.com\\\/sv\\\/vare\\\/tabordet-sancerre-eko-blanc\\\/\",\"url\":\"https:\\\/\\\/detfranskevinhus.com\\\/sv\\\/vare\\\/tabordet-sancerre-eko-blanc\\\/\",\"name\":\"Sancerre Sauvignon Blanc | Vitt vin fr\u00e5n Domaine Tabordet\",\"isPartOf\":{\"@id\":\"https:\\\/\\\/detfranskevinhus.com\\\/sv\\\/#website\"},\"primaryImageOfPage\":{\"@id\":\"https:\\\/\\\/detfranskevinhus.com\\\/sv\\\/vare\\\/tabordet-sancerre-eko-blanc\\\/#primaryimage\"},\"image\":{\"@id\":\"https:\\\/\\\/detfranskevinhus.com\\\/sv\\\/vare\\\/tabordet-sancerre-eko-blanc\\\/#primaryimage\"},\"thumbnailUrl\":\"https:\\\/\\\/detfranskevinhus.com\\\/wp-content\\\/uploads\\\/2026\\\/03\\\/17-Frankrig-Loire-Sancerre-Sauvignon-Blanc-Hvidvin-Tabordet-Sancerre-OeKO-Blanc.jpeg\",\"datePublished\":\"2026-03-24T11:53:08+00:00\",\"dateModified\":\"2026-04-06T12:03:41+00:00\",\"description\":\"K\u00f6p Domaine Tabordet Sancerre Sauvignon Blanc 2023. Krispigt och mineraliskt vitt vin fr\u00e5n Loire med citrus, \u00f6rter, frisk syra och elegant Sancerre-stil.\",\"breadcrumb\":{\"@id\":\"https:\\\/\\\/detfranskevinhus.com\\\/sv\\\/vare\\\/tabordet-sancerre-eko-blanc\\\/#breadcrumb\"},\"inLanguage\":\"sv-SE\",\"potentialAction\":[{\"@type\":\"ReadAction\",\"target\":[\"https:\\\/\\\/detfranskevinhus.com\\\/sv\\\/vare\\\/tabordet-sancerre-eko-blanc\\\/\"]}]},{\"@type\":\"ImageObject\",\"inLanguage\":\"sv-SE\",\"@id\":\"https:\\\/\\\/detfranskevinhus.com\\\/sv\\\/vare\\\/tabordet-sancerre-eko-blanc\\\/#primaryimage\",\"url\":\"https:\\\/\\\/detfranskevinhus.com\\\/wp-content\\\/uploads\\\/2026\\\/03\\\/17-Frankrig-Loire-Sancerre-Sauvignon-Blanc-Hvidvin-Tabordet-Sancerre-OeKO-Blanc.jpeg\",\"contentUrl\":\"https:\\\/\\\/detfranskevinhus.com\\\/wp-content\\\/uploads\\\/2026\\\/03\\\/17-Frankrig-Loire-Sancerre-Sauvignon-Blanc-Hvidvin-Tabordet-Sancerre-OeKO-Blanc.jpeg\",\"width\":1080,\"height\":1920,\"caption\":\"Frankrig Loire Sancerre Sauvignon Blanc Hvidvin Tabordet Sancerre [\u00d8KO] Blanc\"},{\"@type\":\"BreadcrumbList\",\"@id\":\"https:\\\/\\\/detfranskevinhus.com\\\/sv\\\/vare\\\/tabordet-sancerre-eko-blanc\\\/#breadcrumb\",\"itemListElement\":[{\"@type\":\"ListItem\",\"position\":1,\"name\":\"Shop\",\"item\":\"https:\\\/\\\/detfranskevinhus.com\\\/sv\\\/butik\\\/\"},{\"@type\":\"ListItem\",\"position\":2,\"name\":\"Tabordet Sancerre [EKO] Blanc\"}]},{\"@type\":\"WebSite\",\"@id\":\"https:\\\/\\\/detfranskevinhus.com\\\/sv\\\/#website\",\"url\":\"https:\\\/\\\/detfranskevinhus.com\\\/sv\\\/\",\"name\":\"Det Franske Vinhus\",\"description\":\"\",\"publisher\":{\"@id\":\"https:\\\/\\\/detfranskevinhus.com\\\/sv\\\/#organization\"},\"potentialAction\":[{\"@type\":\"SearchAction\",\"target\":{\"@type\":\"EntryPoint\",\"urlTemplate\":\"https:\\\/\\\/detfranskevinhus.com\\\/sv\\\/?s={search_term_string}\"},\"query-input\":{\"@type\":\"PropertyValueSpecification\",\"valueRequired\":true,\"valueName\":\"search_term_string\"}}],\"inLanguage\":\"sv-SE\"},{\"@type\":\"Organization\",\"@id\":\"https:\\\/\\\/detfranskevinhus.com\\\/sv\\\/#organization\",\"name\":\"Det Franske Vinhus\",\"url\":\"https:\\\/\\\/detfranskevinhus.com\\\/sv\\\/\",\"logo\":{\"@type\":\"ImageObject\",\"inLanguage\":\"sv-SE\",\"@id\":\"https:\\\/\\\/detfranskevinhus.com\\\/sv\\\/#\\\/schema\\\/logo\\\/image\\\/\",\"url\":\"https:\\\/\\\/detfranskevinhus.com\\\/wp-content\\\/uploads\\\/2023\\\/07\\\/01_DFV_Logo_www_01-02-copy.jpg\",\"contentUrl\":\"https:\\\/\\\/detfranskevinhus.com\\\/wp-content\\\/uploads\\\/2023\\\/07\\\/01_DFV_Logo_www_01-02-copy.jpg\",\"width\":992,\"height\":482,\"caption\":\"Det Franske Vinhus\"},\"image\":{\"@id\":\"https:\\\/\\\/detfranskevinhus.com\\\/sv\\\/#\\\/schema\\\/logo\\\/image\\\/\"}}]}<\/script>\n<!-- \/ Yoast SEO plugin. -->","yoast_head_json":{"title":"Sancerre Sauvignon Blanc | Vitt vin fr\u00e5n Domaine Tabordet","description":"K\u00f6p Domaine Tabordet Sancerre Sauvignon Blanc 2023. Krispigt och mineraliskt vitt vin fr\u00e5n Loire med citrus, \u00f6rter, frisk syra och elegant Sancerre-stil.","robots":{"index":"index","follow":"follow","max-snippet":"max-snippet:-1","max-image-preview":"max-image-preview:large","max-video-preview":"max-video-preview:-1"},"canonical":"https:\/\/detfranskevinhus.com\/sv\/vare\/tabordet-sancerre-eko-blanc\/","og_locale":"sv_SE","og_type":"article","og_title":"Sancerre 2023. Krispigt Loire-vin med mineralitet och finess","og_description":"Elegant Sauvignon Blanc fr\u00e5n Domaine Tabordet i Sancerre. Friskt, torrt och mineraliskt vitt vin, perfekt till skaldjur, fisk och l\u00e4tta serveringar.","og_url":"https:\/\/detfranskevinhus.com\/sv\/vare\/tabordet-sancerre-eko-blanc\/","og_site_name":"Det Franske Vinhus","article_modified_time":"2026-04-06T12:03:41+00:00","og_image":[{"width":1080,"height":1920,"url":"https:\/\/detfranskevinhus.com\/wp-content\/uploads\/2026\/03\/17-Frankrig-Loire-Sancerre-Sauvignon-Blanc-Hvidvin-Tabordet-Sancerre-OeKO-Blanc.jpeg","type":"image\/jpeg"}],"twitter_card":"summary_large_image","twitter_misc":{"Ber\u00e4knad l\u00e4stid":"2 minuter"},"schema":{"@context":"https:\/\/schema.org","@graph":[{"@type":"WebPage","@id":"https:\/\/detfranskevinhus.com\/sv\/vare\/tabordet-sancerre-eko-blanc\/","url":"https:\/\/detfranskevinhus.com\/sv\/vare\/tabordet-sancerre-eko-blanc\/","name":"Sancerre Sauvignon Blanc | Vitt vin fr\u00e5n Domaine Tabordet","isPartOf":{"@id":"https:\/\/detfranskevinhus.com\/sv\/#website"},"primaryImageOfPage":{"@id":"https:\/\/detfranskevinhus.com\/sv\/vare\/tabordet-sancerre-eko-blanc\/#primaryimage"},"image":{"@id":"https:\/\/detfranskevinhus.com\/sv\/vare\/tabordet-sancerre-eko-blanc\/#primaryimage"},"thumbnailUrl":"https:\/\/detfranskevinhus.com\/wp-content\/uploads\/2026\/03\/17-Frankrig-Loire-Sancerre-Sauvignon-Blanc-Hvidvin-Tabordet-Sancerre-OeKO-Blanc.jpeg","datePublished":"2026-03-24T11:53:08+00:00","dateModified":"2026-04-06T12:03:41+00:00","description":"K\u00f6p Domaine Tabordet Sancerre Sauvignon Blanc 2023. Krispigt och mineraliskt vitt vin fr\u00e5n Loire med citrus, \u00f6rter, frisk syra och elegant Sancerre-stil.","breadcrumb":{"@id":"https:\/\/detfranskevinhus.com\/sv\/vare\/tabordet-sancerre-eko-blanc\/#breadcrumb"},"inLanguage":"sv-SE","potentialAction":[{"@type":"ReadAction","target":["https:\/\/detfranskevinhus.com\/sv\/vare\/tabordet-sancerre-eko-blanc\/"]}]},{"@type":"ImageObject","inLanguage":"sv-SE","@id":"https:\/\/detfranskevinhus.com\/sv\/vare\/tabordet-sancerre-eko-blanc\/#primaryimage","url":"https:\/\/detfranskevinhus.com\/wp-content\/uploads\/2026\/03\/17-Frankrig-Loire-Sancerre-Sauvignon-Blanc-Hvidvin-Tabordet-Sancerre-OeKO-Blanc.jpeg","contentUrl":"https:\/\/detfranskevinhus.com\/wp-content\/uploads\/2026\/03\/17-Frankrig-Loire-Sancerre-Sauvignon-Blanc-Hvidvin-Tabordet-Sancerre-OeKO-Blanc.jpeg","width":1080,"height":1920,"caption":"Frankrig Loire Sancerre Sauvignon Blanc Hvidvin Tabordet Sancerre [\u00d8KO] Blanc"},{"@type":"BreadcrumbList","@id":"https:\/\/detfranskevinhus.com\/sv\/vare\/tabordet-sancerre-eko-blanc\/#breadcrumb","itemListElement":[{"@type":"ListItem","position":1,"name":"Shop","item":"https:\/\/detfranskevinhus.com\/sv\/butik\/"},{"@type":"ListItem","position":2,"name":"Tabordet Sancerre [EKO] Blanc"}]},{"@type":"WebSite","@id":"https:\/\/detfranskevinhus.com\/sv\/#website","url":"https:\/\/detfranskevinhus.com\/sv\/","name":"Det Franske Vinhus","description":"","publisher":{"@id":"https:\/\/detfranskevinhus.com\/sv\/#organization"},"potentialAction":[{"@type":"SearchAction","target":{"@type":"EntryPoint","urlTemplate":"https:\/\/detfranskevinhus.com\/sv\/?s={search_term_string}"},"query-input":{"@type":"PropertyValueSpecification","valueRequired":true,"valueName":"search_term_string"}}],"inLanguage":"sv-SE"},{"@type":"Organization","@id":"https:\/\/detfranskevinhus.com\/sv\/#organization","name":"Det Franske Vinhus","url":"https:\/\/detfranskevinhus.com\/sv\/","logo":{"@type":"ImageObject","inLanguage":"sv-SE","@id":"https:\/\/detfranskevinhus.com\/sv\/#\/schema\/logo\/image\/","url":"https:\/\/detfranskevinhus.com\/wp-content\/uploads\/2023\/07\/01_DFV_Logo_www_01-02-copy.jpg","contentUrl":"https:\/\/detfranskevinhus.com\/wp-content\/uploads\/2023\/07\/01_DFV_Logo_www_01-02-copy.jpg","width":992,"height":482,"caption":"Det Franske Vinhus"},"image":{"@id":"https:\/\/detfranskevinhus.com\/sv\/#\/schema\/logo\/image\/"}}]}},"_links":{"self":[{"href":"https:\/\/detfranskevinhus.com\/sv\/wp-json\/wp\/v2\/product\/1000000033496","targetHints":{"allow":["GET"]}}],"collection":[{"href":"https:\/\/detfranskevinhus.com\/sv\/wp-json\/wp\/v2\/product"}],"about":[{"href":"https:\/\/detfranskevinhus.com\/sv\/wp-json\/wp\/v2\/types\/product"}],"version-history":[{"count":1,"href":"https:\/\/detfranskevinhus.com\/sv\/wp-json\/wp\/v2\/product\/1000000033496\/revisions"}],"predecessor-version":[{"id":1000000033497,"href":"https:\/\/detfranskevinhus.com\/sv\/wp-json\/wp\/v2\/product\/1000000033496\/revisions\/1000000033497"}],"wp:featuredmedia":[{"embeddable":true,"href":"https:\/\/detfranskevinhus.com\/sv\/wp-json\/wp\/v2\/media\/1000000033493"}],"wp:attachment":[{"href":"https:\/\/detfranskevinhus.com\/sv\/wp-json\/wp\/v2\/media?parent=1000000033496"}],"wp:term":[{"taxonomy":"product_brand","embeddable":true,"href":"https:\/\/detfranskevinhus.com\/sv\/wp-json\/wp\/v2\/product_brand?post=1000000033496"},{"taxonomy":"product_cat","embeddable":true,"href":"https:\/\/detfranskevinhus.com\/sv\/wp-json\/wp\/v2\/product_cat?post=1000000033496"},{"taxonomy":"product_tag","embeddable":true,"href":"https:\/\/detfranskevinhus.com\/sv\/wp-json\/wp\/v2\/product_tag?post=1000000033496"}],"curies":[{"name":"wp","href":"https:\/\/api.w.org\/{rel}","templated":true}]}}