{"id":1000000033488,"date":"2026-04-06T13:51:06","date_gmt":"2026-04-06T11:51:06","guid":{"rendered":"https:\/\/detfranskevinhus.com\/?post_type=product&#038;p=1000000033488"},"modified":"2026-04-06T13:52:51","modified_gmt":"2026-04-06T11:52:51","slug":"chateau-de-thesee-la-closerie-vin-de-france","status":"publish","type":"product","link":"https:\/\/detfranskevinhus.com\/sv\/vare\/chateau-de-thesee-la-closerie-vin-de-france\/","title":{"rendered":"Ch\u00e2teau de Th\u00e9s\u00e9e La Closerie &#8211; Vin de France"},"content":{"rendered":"<p data-start=\"2466\" data-end=\"2849\"><strong data-start=\"2466\" data-end=\"2478\">Ursprung<\/strong><br data-start=\"2478\" data-end=\"2481\" \/>Detta vin kommer fr\u00e5n Loire-dalen i Frankrike och \u00e4r producerat av Ch\u00e2teau de Th\u00e9s\u00e9e under namnet La Closerie. Vinet \u00e4r klassificerat som Vin de France och \u00e4r gjort p\u00e5 druvan Pineau d\u2019Aunis, en lokal Loire-druva k\u00e4nd f\u00f6r sin l\u00e4tta stil, friska frukt och karakt\u00e4ristiska kryddiga ton. H\u00e4r f\u00e5r man ett vin med tydlig regional charm och en elegant, okomplicerad karakt\u00e4r.<\/p>\n<p data-start=\"2851\" data-end=\"2878\"><strong data-start=\"2851\" data-end=\"2860\">Druva<\/strong><br data-start=\"2860\" data-end=\"2863\" \/>Pineau d\u2019Aunis.<\/p>\n<p data-start=\"2880\" data-end=\"3195\"><strong data-start=\"2880\" data-end=\"2888\">Smak<\/strong><br data-start=\"2888\" data-end=\"2891\" \/>Vinet \u00e4r torrt, l\u00e4tt och friskt med en livlig och luftig stil. Smaken bjuder p\u00e5 krispiga r\u00f6da frukter och en fin, diskret kryddighet med en ton av svartpeppar. Den l\u00e5ga alkoholen ger vinet extra l\u00e4tthet och g\u00f6r uttrycket saftigt, elegant och mycket l\u00e4ttdrucket. Avslutningen \u00e4r frisk, mjuk och harmonisk.<\/p>\n<p data-start=\"3197\" data-end=\"3381\"><strong data-start=\"3197\" data-end=\"3205\">Arom<\/strong><br data-start=\"3205\" data-end=\"3208\" \/>Doften \u00f6ppnar med toner av friska, krispiga r\u00f6da frukter och en fin kryddig nyans av svartpeppar. En l\u00e4tt, charmig och elegant doft som passar fint till vinets fr\u00e4scha stil.<\/p>\n<p data-start=\"3383\" data-end=\"3395\"><strong data-start=\"3383\" data-end=\"3395\">Karakt\u00e4r<\/strong><\/p>\n<ul data-start=\"3396\" data-end=\"3567\">\n<li data-section-id=\"688c0v\" data-start=\"3396\" data-end=\"3412\">Torrhet: Torrt<\/li>\n<li data-section-id=\"1ku6t35\" data-start=\"3413\" data-end=\"3425\">S\u00f6tma: L\u00e5g<\/li>\n<li data-section-id=\"1lelt9u\" data-start=\"3426\" data-end=\"3443\">Fyllighet: L\u00e4tt<\/li>\n<li data-section-id=\"9ly5nf\" data-start=\"3444\" data-end=\"3468\">Syra: Frisk och livlig<\/li>\n<li data-section-id=\"nz8xeq\" data-start=\"3469\" data-end=\"3493\">Tanniner: Mycket mjuka<\/li>\n<li data-section-id=\"1eemnzq\" data-start=\"3494\" data-end=\"3530\">Fruktprofil: Krispiga r\u00f6da frukter<\/li>\n<li data-section-id=\"1al1xmb\" data-start=\"3531\" data-end=\"3567\">Stil: L\u00e4tt, frisk och l\u00e4tt kryddig<\/li>\n<\/ul>\n<p data-start=\"3569\" data-end=\"3593\"><strong data-start=\"3569\" data-end=\"3580\">Alkohol<\/strong><br data-start=\"3580\" data-end=\"3583\" \/>11,5% vol.<\/p>\n<p data-start=\"3595\" data-end=\"3836\"><strong data-start=\"3595\" data-end=\"3620\">S\u00e4rskilda k\u00e4nnetecken<\/strong><br data-start=\"3620\" data-end=\"3623\" \/>Ett l\u00e4tt och elegant r\u00f6dvin p\u00e5 Pineau d\u2019Aunis som utm\u00e4rker sig genom l\u00e5g alkohol, fr\u00e4sch\u00f6r och en fin pepprig ton. Ett charmigt Loire-vin med stor drickgl\u00e4dje och en mer delikat stil \u00e4n m\u00e5nga klassiska r\u00f6da viner.<\/p>\n<p data-start=\"3838\" data-end=\"4039\"><strong data-start=\"3838\" data-end=\"3850\">Matmatch<\/strong><br data-start=\"3850\" data-end=\"3853\" \/>Passar bra till stekt f\u00e5gel, charkuterier, l\u00e4ttare lunchr\u00e4tter, terriner och milda ostar. Det \u00e4r ocks\u00e5 mycket gott l\u00e4tt kylt till en avslappnad middag eller som ett friskt glas att dela.<\/p>\n","protected":false},"excerpt":{"rendered":"<p>L\u00e4tt och friskt Loire-r\u00f6dvin med krispiga r\u00f6da frukter och en fin ton av peppar. Ett elegant och charmigt vin till f\u00e5gel, charkuterier och l\u00e4ttare r\u00e4tter.<\/p>\n","protected":false},"featured_media":1000000033485,"template":"","meta":{"_acf_changed":false,"site-sidebar-layout":"default","site-content-layout":"","ast-site-content-layout":"default","site-content-style":"default","site-sidebar-style":"default","ast-global-header-display":"","ast-banner-title-visibility":"","ast-main-header-display":"","ast-hfb-above-header-display":"","ast-hfb-below-header-display":"","ast-hfb-mobile-header-display":"","site-post-title":"","ast-breadcrumbs-content":"","ast-featured-img":"","footer-sml-layout":"","ast-disable-related-posts":"","theme-transparent-header-meta":"default","adv-header-id-meta":"","stick-header-meta":"default","header-above-stick-meta":"","header-main-stick-meta":"","header-below-stick-meta":"","astra-migrate-meta-layouts":"set","ast-page-background-enabled":"default","ast-page-background-meta":{"desktop":{"background-color":"","background-image":"","background-repeat":"repeat","background-position":"center center","background-size":"auto","background-attachment":"scroll","background-type":"","background-media":"","overlay-type":"","overlay-color":"","overlay-opacity":"","overlay-gradient":""},"tablet":{"background-color":"","background-image":"","background-repeat":"repeat","background-position":"center center","background-size":"auto","background-attachment":"scroll","background-type":"","background-media":"","overlay-type":"","overlay-color":"","overlay-opacity":"","overlay-gradient":""},"mobile":{"background-color":"","background-image":"","background-repeat":"repeat","background-position":"center center","background-size":"auto","background-attachment":"scroll","background-type":"","background-media":"","overlay-type":"","overlay-color":"","overlay-opacity":"","overlay-gradient":""}},"ast-content-background-meta":{"desktop":{"background-color":"var(--ast-global-color-5)","background-image":"","background-repeat":"repeat","background-position":"center center","background-size":"auto","background-attachment":"scroll","background-type":"","background-media":"","overlay-type":"","overlay-color":"","overlay-opacity":"","overlay-gradient":""},"tablet":{"background-color":"var(--ast-global-color-5)","background-image":"","background-repeat":"repeat","background-position":"center center","background-size":"auto","background-attachment":"scroll","background-type":"","background-media":"","overlay-type":"","overlay-color":"","overlay-opacity":"","overlay-gradient":""},"mobile":{"background-color":"var(--ast-global-color-5)","background-image":"","background-repeat":"repeat","background-position":"center center","background-size":"auto","background-attachment":"scroll","background-type":"","background-media":"","overlay-type":"","overlay-color":"","overlay-opacity":"","overlay-gradient":""}}},"product_brand":[],"product_cat":[1424,906,635,367],"product_tag":[],"class_list":{"0":"post-1000000033488","1":"product","2":"type-product","3":"status-publish","4":"has-post-thumbnail","6":"product_cat-frankrike","7":"product_cat-loiredalen-sv","8":"product_cat-organic-sv","9":"product_cat-rott-vin","10":"pa_drue-pineau-d-aunis","11":"pa_vintype-rott-vin-sv","12":"desktop-align-center","13":"tablet-align-center","14":"mobile-align-center","15":"ast-product-gallery-layout-horizontal","16":"ast-product-tabs-layout-horizontal","17":"ast-qv-on-image-click","19":"first","20":"instock","21":"taxable","22":"shipping-taxable","23":"purchasable","24":"product-type-simple"},"group_of_quantity":0,"min_quantity":0,"max_quantity":"","exclude_order_quantity_value_rules":"no","exclude_category_quantity_rules":"no","combine_variations":"no","acf":[],"yoast_head":"<!-- This site is optimized with the Yoast SEO plugin v27.5 - https:\/\/yoast.com\/product\/yoast-seo-wordpress\/ -->\n<title>La Closerie Pineau d\u2019Aunis | L\u00e4tt r\u00f6dvin fr\u00e5n Ch\u00e2teau de Th\u00e9s\u00e9e<\/title>\n<meta name=\"description\" content=\"K\u00f6p Ch\u00e2teau de Th\u00e9s\u00e9e La Closerie Pineau d\u2019Aunis 2024. L\u00e4tt och friskt r\u00f6dvin fr\u00e5n Loire med krispiga r\u00f6da frukter, peppar och elegant l\u00e5g alkohol.\" \/>\n<meta name=\"robots\" content=\"index, follow, max-snippet:-1, max-image-preview:large, max-video-preview:-1\" \/>\n<link rel=\"canonical\" href=\"https:\/\/detfranskevinhus.com\/sv\/vare\/chateau-de-thesee-la-closerie-vin-de-france\/\" \/>\n<meta property=\"og:locale\" content=\"sv_SE\" \/>\n<meta property=\"og:type\" content=\"article\" \/>\n<meta property=\"og:title\" content=\"La Closerie Pineau d\u2019Aunis 2024. L\u00e4tt Loire-r\u00f6dvin med fr\u00e4sch\u00f6r och peppar\" \/>\n<meta property=\"og:description\" content=\"Elegant och saftigt r\u00f6dvin fr\u00e5n Ch\u00e2teau de Th\u00e9s\u00e9e p\u00e5 Pineau d\u2019Aunis. Perfekt till charkuterier, f\u00e5gel och trevliga m\u00e5ltider d\u00e4r vinet g\u00e4rna f\u00e5r vara l\u00e4tt och friskt.\" \/>\n<meta property=\"og:url\" content=\"https:\/\/detfranskevinhus.com\/sv\/vare\/chateau-de-thesee-la-closerie-vin-de-france\/\" \/>\n<meta property=\"og:site_name\" content=\"Det Franske Vinhus\" \/>\n<meta property=\"article:modified_time\" content=\"2026-04-06T11:52:51+00:00\" \/>\n<meta property=\"og:image\" content=\"https:\/\/detfranskevinhus.com\/wp-content\/uploads\/2026\/04\/73-Frankrig-Loire-Touraine-Pineau-dAunis-Roedvin-Chateau-de-Thesee-La-Closerie-Vin-de-France.jpeg\" \/>\n\t<meta property=\"og:image:width\" content=\"1440\" \/>\n\t<meta property=\"og:image:height\" content=\"1920\" \/>\n\t<meta property=\"og:image:type\" content=\"image\/jpeg\" \/>\n<meta name=\"twitter:card\" content=\"summary_large_image\" \/>\n<meta name=\"twitter:label1\" content=\"Ber\u00e4knad l\u00e4stid\" \/>\n\t<meta name=\"twitter:data1\" content=\"2 minuter\" \/>\n<script type=\"application\/ld+json\" class=\"yoast-schema-graph\">{\"@context\":\"https:\\\/\\\/schema.org\",\"@graph\":[{\"@type\":\"WebPage\",\"@id\":\"https:\\\/\\\/detfranskevinhus.com\\\/sv\\\/vare\\\/chateau-de-thesee-la-closerie-vin-de-france\\\/\",\"url\":\"https:\\\/\\\/detfranskevinhus.com\\\/sv\\\/vare\\\/chateau-de-thesee-la-closerie-vin-de-france\\\/\",\"name\":\"La Closerie Pineau d\u2019Aunis | L\u00e4tt r\u00f6dvin fr\u00e5n Ch\u00e2teau de Th\u00e9s\u00e9e\",\"isPartOf\":{\"@id\":\"https:\\\/\\\/detfranskevinhus.com\\\/sv\\\/#website\"},\"primaryImageOfPage\":{\"@id\":\"https:\\\/\\\/detfranskevinhus.com\\\/sv\\\/vare\\\/chateau-de-thesee-la-closerie-vin-de-france\\\/#primaryimage\"},\"image\":{\"@id\":\"https:\\\/\\\/detfranskevinhus.com\\\/sv\\\/vare\\\/chateau-de-thesee-la-closerie-vin-de-france\\\/#primaryimage\"},\"thumbnailUrl\":\"https:\\\/\\\/detfranskevinhus.com\\\/wp-content\\\/uploads\\\/2026\\\/04\\\/73-Frankrig-Loire-Touraine-Pineau-dAunis-Roedvin-Chateau-de-Thesee-La-Closerie-Vin-de-France.jpeg\",\"datePublished\":\"2026-04-06T11:51:06+00:00\",\"dateModified\":\"2026-04-06T11:52:51+00:00\",\"description\":\"K\u00f6p Ch\u00e2teau de Th\u00e9s\u00e9e La Closerie Pineau d\u2019Aunis 2024. L\u00e4tt och friskt r\u00f6dvin fr\u00e5n Loire med krispiga r\u00f6da frukter, peppar och elegant l\u00e5g alkohol.\",\"breadcrumb\":{\"@id\":\"https:\\\/\\\/detfranskevinhus.com\\\/sv\\\/vare\\\/chateau-de-thesee-la-closerie-vin-de-france\\\/#breadcrumb\"},\"inLanguage\":\"sv-SE\",\"potentialAction\":[{\"@type\":\"ReadAction\",\"target\":[\"https:\\\/\\\/detfranskevinhus.com\\\/sv\\\/vare\\\/chateau-de-thesee-la-closerie-vin-de-france\\\/\"]}]},{\"@type\":\"ImageObject\",\"inLanguage\":\"sv-SE\",\"@id\":\"https:\\\/\\\/detfranskevinhus.com\\\/sv\\\/vare\\\/chateau-de-thesee-la-closerie-vin-de-france\\\/#primaryimage\",\"url\":\"https:\\\/\\\/detfranskevinhus.com\\\/wp-content\\\/uploads\\\/2026\\\/04\\\/73-Frankrig-Loire-Touraine-Pineau-dAunis-Roedvin-Chateau-de-Thesee-La-Closerie-Vin-de-France.jpeg\",\"contentUrl\":\"https:\\\/\\\/detfranskevinhus.com\\\/wp-content\\\/uploads\\\/2026\\\/04\\\/73-Frankrig-Loire-Touraine-Pineau-dAunis-Roedvin-Chateau-de-Thesee-La-Closerie-Vin-de-France.jpeg\",\"width\":1440,\"height\":1920,\"caption\":\"Frankrig Loire Touraine Pineau d\u2019Aunis R\u00f8dvin Ch\u00e2teau de Th\u00e9s\u00e9e La Closerie - Vin de France\"},{\"@type\":\"BreadcrumbList\",\"@id\":\"https:\\\/\\\/detfranskevinhus.com\\\/sv\\\/vare\\\/chateau-de-thesee-la-closerie-vin-de-france\\\/#breadcrumb\",\"itemListElement\":[{\"@type\":\"ListItem\",\"position\":1,\"name\":\"Shop\",\"item\":\"https:\\\/\\\/detfranskevinhus.com\\\/sv\\\/butik\\\/\"},{\"@type\":\"ListItem\",\"position\":2,\"name\":\"Ch\u00e2teau de Th\u00e9s\u00e9e La Closerie &#8211; Vin de France\"}]},{\"@type\":\"WebSite\",\"@id\":\"https:\\\/\\\/detfranskevinhus.com\\\/sv\\\/#website\",\"url\":\"https:\\\/\\\/detfranskevinhus.com\\\/sv\\\/\",\"name\":\"Det Franske Vinhus\",\"description\":\"\",\"publisher\":{\"@id\":\"https:\\\/\\\/detfranskevinhus.com\\\/sv\\\/#organization\"},\"potentialAction\":[{\"@type\":\"SearchAction\",\"target\":{\"@type\":\"EntryPoint\",\"urlTemplate\":\"https:\\\/\\\/detfranskevinhus.com\\\/sv\\\/?s={search_term_string}\"},\"query-input\":{\"@type\":\"PropertyValueSpecification\",\"valueRequired\":true,\"valueName\":\"search_term_string\"}}],\"inLanguage\":\"sv-SE\"},{\"@type\":\"Organization\",\"@id\":\"https:\\\/\\\/detfranskevinhus.com\\\/sv\\\/#organization\",\"name\":\"Det Franske Vinhus\",\"url\":\"https:\\\/\\\/detfranskevinhus.com\\\/sv\\\/\",\"logo\":{\"@type\":\"ImageObject\",\"inLanguage\":\"sv-SE\",\"@id\":\"https:\\\/\\\/detfranskevinhus.com\\\/sv\\\/#\\\/schema\\\/logo\\\/image\\\/\",\"url\":\"https:\\\/\\\/detfranskevinhus.com\\\/wp-content\\\/uploads\\\/2023\\\/07\\\/01_DFV_Logo_www_01-02-copy.jpg\",\"contentUrl\":\"https:\\\/\\\/detfranskevinhus.com\\\/wp-content\\\/uploads\\\/2023\\\/07\\\/01_DFV_Logo_www_01-02-copy.jpg\",\"width\":992,\"height\":482,\"caption\":\"Det Franske Vinhus\"},\"image\":{\"@id\":\"https:\\\/\\\/detfranskevinhus.com\\\/sv\\\/#\\\/schema\\\/logo\\\/image\\\/\"}}]}<\/script>\n<!-- \/ Yoast SEO plugin. -->","yoast_head_json":{"title":"La Closerie Pineau d\u2019Aunis | L\u00e4tt r\u00f6dvin fr\u00e5n Ch\u00e2teau de Th\u00e9s\u00e9e","description":"K\u00f6p Ch\u00e2teau de Th\u00e9s\u00e9e La Closerie Pineau d\u2019Aunis 2024. L\u00e4tt och friskt r\u00f6dvin fr\u00e5n Loire med krispiga r\u00f6da frukter, peppar och elegant l\u00e5g alkohol.","robots":{"index":"index","follow":"follow","max-snippet":"max-snippet:-1","max-image-preview":"max-image-preview:large","max-video-preview":"max-video-preview:-1"},"canonical":"https:\/\/detfranskevinhus.com\/sv\/vare\/chateau-de-thesee-la-closerie-vin-de-france\/","og_locale":"sv_SE","og_type":"article","og_title":"La Closerie Pineau d\u2019Aunis 2024. L\u00e4tt Loire-r\u00f6dvin med fr\u00e4sch\u00f6r och peppar","og_description":"Elegant och saftigt r\u00f6dvin fr\u00e5n Ch\u00e2teau de Th\u00e9s\u00e9e p\u00e5 Pineau d\u2019Aunis. Perfekt till charkuterier, f\u00e5gel och trevliga m\u00e5ltider d\u00e4r vinet g\u00e4rna f\u00e5r vara l\u00e4tt och friskt.","og_url":"https:\/\/detfranskevinhus.com\/sv\/vare\/chateau-de-thesee-la-closerie-vin-de-france\/","og_site_name":"Det Franske Vinhus","article_modified_time":"2026-04-06T11:52:51+00:00","og_image":[{"width":1440,"height":1920,"url":"https:\/\/detfranskevinhus.com\/wp-content\/uploads\/2026\/04\/73-Frankrig-Loire-Touraine-Pineau-dAunis-Roedvin-Chateau-de-Thesee-La-Closerie-Vin-de-France.jpeg","type":"image\/jpeg"}],"twitter_card":"summary_large_image","twitter_misc":{"Ber\u00e4knad l\u00e4stid":"2 minuter"},"schema":{"@context":"https:\/\/schema.org","@graph":[{"@type":"WebPage","@id":"https:\/\/detfranskevinhus.com\/sv\/vare\/chateau-de-thesee-la-closerie-vin-de-france\/","url":"https:\/\/detfranskevinhus.com\/sv\/vare\/chateau-de-thesee-la-closerie-vin-de-france\/","name":"La Closerie Pineau d\u2019Aunis | L\u00e4tt r\u00f6dvin fr\u00e5n Ch\u00e2teau de Th\u00e9s\u00e9e","isPartOf":{"@id":"https:\/\/detfranskevinhus.com\/sv\/#website"},"primaryImageOfPage":{"@id":"https:\/\/detfranskevinhus.com\/sv\/vare\/chateau-de-thesee-la-closerie-vin-de-france\/#primaryimage"},"image":{"@id":"https:\/\/detfranskevinhus.com\/sv\/vare\/chateau-de-thesee-la-closerie-vin-de-france\/#primaryimage"},"thumbnailUrl":"https:\/\/detfranskevinhus.com\/wp-content\/uploads\/2026\/04\/73-Frankrig-Loire-Touraine-Pineau-dAunis-Roedvin-Chateau-de-Thesee-La-Closerie-Vin-de-France.jpeg","datePublished":"2026-04-06T11:51:06+00:00","dateModified":"2026-04-06T11:52:51+00:00","description":"K\u00f6p Ch\u00e2teau de Th\u00e9s\u00e9e La Closerie Pineau d\u2019Aunis 2024. L\u00e4tt och friskt r\u00f6dvin fr\u00e5n Loire med krispiga r\u00f6da frukter, peppar och elegant l\u00e5g alkohol.","breadcrumb":{"@id":"https:\/\/detfranskevinhus.com\/sv\/vare\/chateau-de-thesee-la-closerie-vin-de-france\/#breadcrumb"},"inLanguage":"sv-SE","potentialAction":[{"@type":"ReadAction","target":["https:\/\/detfranskevinhus.com\/sv\/vare\/chateau-de-thesee-la-closerie-vin-de-france\/"]}]},{"@type":"ImageObject","inLanguage":"sv-SE","@id":"https:\/\/detfranskevinhus.com\/sv\/vare\/chateau-de-thesee-la-closerie-vin-de-france\/#primaryimage","url":"https:\/\/detfranskevinhus.com\/wp-content\/uploads\/2026\/04\/73-Frankrig-Loire-Touraine-Pineau-dAunis-Roedvin-Chateau-de-Thesee-La-Closerie-Vin-de-France.jpeg","contentUrl":"https:\/\/detfranskevinhus.com\/wp-content\/uploads\/2026\/04\/73-Frankrig-Loire-Touraine-Pineau-dAunis-Roedvin-Chateau-de-Thesee-La-Closerie-Vin-de-France.jpeg","width":1440,"height":1920,"caption":"Frankrig Loire Touraine Pineau d\u2019Aunis R\u00f8dvin Ch\u00e2teau de Th\u00e9s\u00e9e La Closerie - Vin de France"},{"@type":"BreadcrumbList","@id":"https:\/\/detfranskevinhus.com\/sv\/vare\/chateau-de-thesee-la-closerie-vin-de-france\/#breadcrumb","itemListElement":[{"@type":"ListItem","position":1,"name":"Shop","item":"https:\/\/detfranskevinhus.com\/sv\/butik\/"},{"@type":"ListItem","position":2,"name":"Ch\u00e2teau de Th\u00e9s\u00e9e La Closerie &#8211; Vin de France"}]},{"@type":"WebSite","@id":"https:\/\/detfranskevinhus.com\/sv\/#website","url":"https:\/\/detfranskevinhus.com\/sv\/","name":"Det Franske Vinhus","description":"","publisher":{"@id":"https:\/\/detfranskevinhus.com\/sv\/#organization"},"potentialAction":[{"@type":"SearchAction","target":{"@type":"EntryPoint","urlTemplate":"https:\/\/detfranskevinhus.com\/sv\/?s={search_term_string}"},"query-input":{"@type":"PropertyValueSpecification","valueRequired":true,"valueName":"search_term_string"}}],"inLanguage":"sv-SE"},{"@type":"Organization","@id":"https:\/\/detfranskevinhus.com\/sv\/#organization","name":"Det Franske Vinhus","url":"https:\/\/detfranskevinhus.com\/sv\/","logo":{"@type":"ImageObject","inLanguage":"sv-SE","@id":"https:\/\/detfranskevinhus.com\/sv\/#\/schema\/logo\/image\/","url":"https:\/\/detfranskevinhus.com\/wp-content\/uploads\/2023\/07\/01_DFV_Logo_www_01-02-copy.jpg","contentUrl":"https:\/\/detfranskevinhus.com\/wp-content\/uploads\/2023\/07\/01_DFV_Logo_www_01-02-copy.jpg","width":992,"height":482,"caption":"Det Franske Vinhus"},"image":{"@id":"https:\/\/detfranskevinhus.com\/sv\/#\/schema\/logo\/image\/"}}]}},"_links":{"self":[{"href":"https:\/\/detfranskevinhus.com\/sv\/wp-json\/wp\/v2\/product\/1000000033488","targetHints":{"allow":["GET"]}}],"collection":[{"href":"https:\/\/detfranskevinhus.com\/sv\/wp-json\/wp\/v2\/product"}],"about":[{"href":"https:\/\/detfranskevinhus.com\/sv\/wp-json\/wp\/v2\/types\/product"}],"version-history":[{"count":1,"href":"https:\/\/detfranskevinhus.com\/sv\/wp-json\/wp\/v2\/product\/1000000033488\/revisions"}],"predecessor-version":[{"id":1000000033489,"href":"https:\/\/detfranskevinhus.com\/sv\/wp-json\/wp\/v2\/product\/1000000033488\/revisions\/1000000033489"}],"wp:featuredmedia":[{"embeddable":true,"href":"https:\/\/detfranskevinhus.com\/sv\/wp-json\/wp\/v2\/media\/1000000033485"}],"wp:attachment":[{"href":"https:\/\/detfranskevinhus.com\/sv\/wp-json\/wp\/v2\/media?parent=1000000033488"}],"wp:term":[{"taxonomy":"product_brand","embeddable":true,"href":"https:\/\/detfranskevinhus.com\/sv\/wp-json\/wp\/v2\/product_brand?post=1000000033488"},{"taxonomy":"product_cat","embeddable":true,"href":"https:\/\/detfranskevinhus.com\/sv\/wp-json\/wp\/v2\/product_cat?post=1000000033488"},{"taxonomy":"product_tag","embeddable":true,"href":"https:\/\/detfranskevinhus.com\/sv\/wp-json\/wp\/v2\/product_tag?post=1000000033488"}],"curies":[{"name":"wp","href":"https:\/\/api.w.org\/{rel}","templated":true}]}}