{"id":1000000033436,"date":"2026-04-06T12:36:32","date_gmt":"2026-04-06T10:36:32","guid":{"rendered":"https:\/\/detfranskevinhus.com\/?post_type=product&#038;p=1000000033436"},"modified":"2026-04-06T12:38:14","modified_gmt":"2026-04-06T10:38:14","slug":"chateau-de-thesee-la-closerie-aop-touraine","status":"publish","type":"product","link":"https:\/\/detfranskevinhus.com\/sv\/vare\/chateau-de-thesee-la-closerie-aop-touraine\/","title":{"rendered":"Ch\u00e2teau de Th\u00e9s\u00e9e La Closerie &#8211; AOP Touraine"},"content":{"rendered":"<p data-start=\"2393\" data-end=\"2744\"><strong data-start=\"2393\" data-end=\"2405\">Ursprung<\/strong><br data-start=\"2405\" data-end=\"2408\" \/>Detta vin kommer fr\u00e5n Touraine i Loiredalen i Frankrike och \u00e4r producerat av Ch\u00e2teau de Th\u00e9s\u00e9e. Vinet b\u00e4r appellationen AOP Touraine och \u00e4r gjort p\u00e5 Sauvignon Blanc fr\u00e5n en fin kiselrik terroir som ger vinet dess mineraliska pr\u00e4gel och eleganta stil. Det \u00e4r ett klassiskt vitt Loire-vin med friskhet, charm och tydlig regional karakt\u00e4r.<\/p>\n<p data-start=\"2746\" data-end=\"2774\"><strong data-start=\"2746\" data-end=\"2755\">Druva<\/strong><br data-start=\"2755\" data-end=\"2758\" \/>Sauvignon Blanc.<\/p>\n<p data-start=\"2776\" data-end=\"3052\"><strong data-start=\"2776\" data-end=\"2784\">Smak<\/strong><br data-start=\"2784\" data-end=\"2787\" \/>Vinet \u00e4r torrt, friskt och intensivt med en elegant och charmig smak. H\u00e4r m\u00f6ts livlig citrus av vita frukter och en fin mineralisk ton som ger vinet b\u00e5de sp\u00e4nst och finess. Smaken \u00e4r ren och precis med en fin friskhet som g\u00f6r vinet s\u00e4rskilt v\u00e4l l\u00e4mpat som aperitif.<\/p>\n<p data-start=\"3054\" data-end=\"3211\"><strong data-start=\"3054\" data-end=\"3062\">Arom<\/strong><br data-start=\"3062\" data-end=\"3065\" \/>Doften bjuder p\u00e5 citrus, vita frukter och en raffinerad mineralisk pr\u00e4gel. En frisk och klassisk Sauvignon Blanc-doft med b\u00e5de energi och elegans.<\/p>\n<p data-start=\"3213\" data-end=\"3225\"><strong data-start=\"3213\" data-end=\"3225\">Karakt\u00e4r<\/strong><\/p>\n<ul data-start=\"3226\" data-end=\"3410\">\n<li data-section-id=\"688c0v\" data-start=\"3226\" data-end=\"3242\">Torrhet: Torrt<\/li>\n<li data-section-id=\"1ku6t35\" data-start=\"3243\" data-end=\"3255\">S\u00f6tma: L\u00e5g<\/li>\n<li data-section-id=\"zaci27\" data-start=\"3256\" data-end=\"3291\">Fyllighet: L\u00e4tt till medelfylligt<\/li>\n<li data-section-id=\"9ly5nf\" data-start=\"3292\" data-end=\"3316\">Syra: Frisk och livlig<\/li>\n<li data-section-id=\"1gtke9i\" data-start=\"3317\" data-end=\"3333\">Tanniner: Inga<\/li>\n<li data-section-id=\"9spvqn\" data-start=\"3334\" data-end=\"3372\">Fruktprofil: Citrus och vita frukter<\/li>\n<li data-section-id=\"auji18\" data-start=\"3373\" data-end=\"3410\">Stil: Mineralisk, frisk och elegant<\/li>\n<\/ul>\n<p data-start=\"3412\" data-end=\"3436\"><strong data-start=\"3412\" data-end=\"3423\">Alkohol<\/strong><br data-start=\"3423\" data-end=\"3426\" \/>12,5% vol.<\/p>\n<p data-start=\"3438\" data-end=\"3634\"><strong data-start=\"3438\" data-end=\"3463\">S\u00e4rskilda k\u00e4nnetecken<\/strong><br data-start=\"3463\" data-end=\"3466\" \/>En klassisk Sauvignon Blanc fr\u00e5n Touraine med mineralisk finess och frisk frukt. Vinet f\u00f6renar Loiredalens eleganta stil med livlig syra och ett rent, charmigt uttryck.<\/p>\n<p data-start=\"3636\" data-end=\"3857\"><strong data-start=\"3636\" data-end=\"3648\">Matmatch<\/strong><br data-start=\"3648\" data-end=\"3651\" \/>Passar bra som aperitif och till l\u00e4tta r\u00e4tter med fisk, skaldjur, sallader, getost eller gr\u00f6na r\u00e4tter. Det fungerar ocks\u00e5 mycket fint till ljusa sommarr\u00e4tter d\u00e4r friskhet och finess g\u00e4rna f\u00e5r st\u00e5 i centrum.<\/p>\n","protected":false},"excerpt":{"rendered":"<p>Frisk och mineralisk Sauvignon Blanc fr\u00e5n Loire med citrus, vita frukter och elegant syra. Ett charmigt vitt vin som aperitif eller till l\u00e4tta fiskr\u00e4tter.<\/p>\n","protected":false},"featured_media":1000000033433,"template":"","meta":{"_acf_changed":false,"site-sidebar-layout":"default","site-content-layout":"","ast-site-content-layout":"default","site-content-style":"default","site-sidebar-style":"default","ast-global-header-display":"","ast-banner-title-visibility":"","ast-main-header-display":"","ast-hfb-above-header-display":"","ast-hfb-below-header-display":"","ast-hfb-mobile-header-display":"","site-post-title":"","ast-breadcrumbs-content":"","ast-featured-img":"","footer-sml-layout":"","ast-disable-related-posts":"","theme-transparent-header-meta":"default","adv-header-id-meta":"","stick-header-meta":"default","header-above-stick-meta":"","header-main-stick-meta":"","header-below-stick-meta":"","astra-migrate-meta-layouts":"set","ast-page-background-enabled":"default","ast-page-background-meta":{"desktop":{"background-color":"","background-image":"","background-repeat":"repeat","background-position":"center center","background-size":"auto","background-attachment":"scroll","background-type":"","background-media":"","overlay-type":"","overlay-color":"","overlay-opacity":"","overlay-gradient":""},"tablet":{"background-color":"","background-image":"","background-repeat":"repeat","background-position":"center center","background-size":"auto","background-attachment":"scroll","background-type":"","background-media":"","overlay-type":"","overlay-color":"","overlay-opacity":"","overlay-gradient":""},"mobile":{"background-color":"","background-image":"","background-repeat":"repeat","background-position":"center center","background-size":"auto","background-attachment":"scroll","background-type":"","background-media":"","overlay-type":"","overlay-color":"","overlay-opacity":"","overlay-gradient":""}},"ast-content-background-meta":{"desktop":{"background-color":"var(--ast-global-color-5)","background-image":"","background-repeat":"repeat","background-position":"center center","background-size":"auto","background-attachment":"scroll","background-type":"","background-media":"","overlay-type":"","overlay-color":"","overlay-opacity":"","overlay-gradient":""},"tablet":{"background-color":"var(--ast-global-color-5)","background-image":"","background-repeat":"repeat","background-position":"center center","background-size":"auto","background-attachment":"scroll","background-type":"","background-media":"","overlay-type":"","overlay-color":"","overlay-opacity":"","overlay-gradient":""},"mobile":{"background-color":"var(--ast-global-color-5)","background-image":"","background-repeat":"repeat","background-position":"center center","background-size":"auto","background-attachment":"scroll","background-type":"","background-media":"","overlay-type":"","overlay-color":"","overlay-opacity":"","overlay-gradient":""}}},"product_brand":[],"product_cat":[1424,906,635,370],"product_tag":[],"class_list":{"0":"post-1000000033436","1":"product","2":"type-product","3":"status-publish","4":"has-post-thumbnail","6":"product_cat-frankrike","7":"product_cat-loiredalen-sv","8":"product_cat-organic-sv","9":"product_cat-vitt-vin","10":"pa_drue-sauvignon-blanc-sv","11":"pa_vintype-vitt-vin-sv","12":"desktop-align-center","13":"tablet-align-center","14":"mobile-align-center","15":"ast-product-gallery-layout-horizontal","16":"ast-product-tabs-layout-horizontal","17":"ast-qv-on-image-click","19":"first","20":"instock","21":"taxable","22":"shipping-taxable","23":"purchasable","24":"product-type-simple"},"group_of_quantity":0,"min_quantity":0,"max_quantity":"","exclude_order_quantity_value_rules":"no","exclude_category_quantity_rules":"no","combine_variations":"no","acf":[],"yoast_head":"<!-- This site is optimized with the Yoast SEO plugin v27.5 - https:\/\/yoast.com\/product\/yoast-seo-wordpress\/ -->\n<title>La Closerie Touraine Sauvignon Blanc | Friskt vitt vin fr\u00e5n Loire<\/title>\n<meta name=\"description\" content=\"K\u00f6p Ch\u00e2teau de Th\u00e9s\u00e9e La Closerie Touraine Sauvignon Blanc 2023. Friskt och mineraliskt vitt vin fr\u00e5n Loire med citrus, vita frukter och elegant syra.\" \/>\n<meta name=\"robots\" content=\"index, follow, max-snippet:-1, max-image-preview:large, max-video-preview:-1\" \/>\n<link rel=\"canonical\" href=\"https:\/\/detfranskevinhus.com\/sv\/vare\/chateau-de-thesee-la-closerie-aop-touraine\/\" \/>\n<meta property=\"og:locale\" content=\"sv_SE\" \/>\n<meta property=\"og:type\" content=\"article\" \/>\n<meta property=\"og:title\" content=\"La Closerie 2023. Frisk Sauvignon Blanc fr\u00e5n Loire\" \/>\n<meta property=\"og:description\" content=\"Elegant och livlig Sauvignon Blanc fr\u00e5n Touraine med citrus, vita frukter och mineralitet. Perfekt som aperitif eller till fisk, skaldjur och l\u00e4tta r\u00e4tter.\" \/>\n<meta property=\"og:url\" content=\"https:\/\/detfranskevinhus.com\/sv\/vare\/chateau-de-thesee-la-closerie-aop-touraine\/\" \/>\n<meta property=\"og:site_name\" content=\"Det Franske Vinhus\" \/>\n<meta property=\"article:modified_time\" content=\"2026-04-06T10:38:14+00:00\" \/>\n<meta property=\"og:image\" content=\"https:\/\/detfranskevinhus.com\/wp-content\/uploads\/2026\/04\/72-Frankrig-Loire-Touraine-Sauvignon-Blanc-Hvidvin-Chateau-de-Thesee-La-Closerie-AOP-Touraine.jpeg\" \/>\n\t<meta property=\"og:image:width\" content=\"1080\" \/>\n\t<meta property=\"og:image:height\" content=\"1920\" \/>\n\t<meta property=\"og:image:type\" content=\"image\/jpeg\" \/>\n<meta name=\"twitter:card\" content=\"summary_large_image\" \/>\n<meta name=\"twitter:label1\" content=\"Ber\u00e4knad l\u00e4stid\" \/>\n\t<meta name=\"twitter:data1\" content=\"2 minuter\" \/>\n<script type=\"application\/ld+json\" class=\"yoast-schema-graph\">{\"@context\":\"https:\\\/\\\/schema.org\",\"@graph\":[{\"@type\":\"WebPage\",\"@id\":\"https:\\\/\\\/detfranskevinhus.com\\\/sv\\\/vare\\\/chateau-de-thesee-la-closerie-aop-touraine\\\/\",\"url\":\"https:\\\/\\\/detfranskevinhus.com\\\/sv\\\/vare\\\/chateau-de-thesee-la-closerie-aop-touraine\\\/\",\"name\":\"La Closerie Touraine Sauvignon Blanc | Friskt vitt vin fr\u00e5n Loire\",\"isPartOf\":{\"@id\":\"https:\\\/\\\/detfranskevinhus.com\\\/sv\\\/#website\"},\"primaryImageOfPage\":{\"@id\":\"https:\\\/\\\/detfranskevinhus.com\\\/sv\\\/vare\\\/chateau-de-thesee-la-closerie-aop-touraine\\\/#primaryimage\"},\"image\":{\"@id\":\"https:\\\/\\\/detfranskevinhus.com\\\/sv\\\/vare\\\/chateau-de-thesee-la-closerie-aop-touraine\\\/#primaryimage\"},\"thumbnailUrl\":\"https:\\\/\\\/detfranskevinhus.com\\\/wp-content\\\/uploads\\\/2026\\\/04\\\/72-Frankrig-Loire-Touraine-Sauvignon-Blanc-Hvidvin-Chateau-de-Thesee-La-Closerie-AOP-Touraine.jpeg\",\"datePublished\":\"2026-04-06T10:36:32+00:00\",\"dateModified\":\"2026-04-06T10:38:14+00:00\",\"description\":\"K\u00f6p Ch\u00e2teau de Th\u00e9s\u00e9e La Closerie Touraine Sauvignon Blanc 2023. Friskt och mineraliskt vitt vin fr\u00e5n Loire med citrus, vita frukter och elegant syra.\",\"breadcrumb\":{\"@id\":\"https:\\\/\\\/detfranskevinhus.com\\\/sv\\\/vare\\\/chateau-de-thesee-la-closerie-aop-touraine\\\/#breadcrumb\"},\"inLanguage\":\"sv-SE\",\"potentialAction\":[{\"@type\":\"ReadAction\",\"target\":[\"https:\\\/\\\/detfranskevinhus.com\\\/sv\\\/vare\\\/chateau-de-thesee-la-closerie-aop-touraine\\\/\"]}]},{\"@type\":\"ImageObject\",\"inLanguage\":\"sv-SE\",\"@id\":\"https:\\\/\\\/detfranskevinhus.com\\\/sv\\\/vare\\\/chateau-de-thesee-la-closerie-aop-touraine\\\/#primaryimage\",\"url\":\"https:\\\/\\\/detfranskevinhus.com\\\/wp-content\\\/uploads\\\/2026\\\/04\\\/72-Frankrig-Loire-Touraine-Sauvignon-Blanc-Hvidvin-Chateau-de-Thesee-La-Closerie-AOP-Touraine.jpeg\",\"contentUrl\":\"https:\\\/\\\/detfranskevinhus.com\\\/wp-content\\\/uploads\\\/2026\\\/04\\\/72-Frankrig-Loire-Touraine-Sauvignon-Blanc-Hvidvin-Chateau-de-Thesee-La-Closerie-AOP-Touraine.jpeg\",\"width\":1080,\"height\":1920,\"caption\":\"Frankrig Loire Touraine Sauvignon Blanc Hvidvin Ch\u00e2teau de Th\u00e9s\u00e9e La Closerie - AOP Touraine\"},{\"@type\":\"BreadcrumbList\",\"@id\":\"https:\\\/\\\/detfranskevinhus.com\\\/sv\\\/vare\\\/chateau-de-thesee-la-closerie-aop-touraine\\\/#breadcrumb\",\"itemListElement\":[{\"@type\":\"ListItem\",\"position\":1,\"name\":\"Shop\",\"item\":\"https:\\\/\\\/detfranskevinhus.com\\\/sv\\\/butik\\\/\"},{\"@type\":\"ListItem\",\"position\":2,\"name\":\"Ch\u00e2teau de Th\u00e9s\u00e9e La Closerie &#8211; AOP Touraine\"}]},{\"@type\":\"WebSite\",\"@id\":\"https:\\\/\\\/detfranskevinhus.com\\\/sv\\\/#website\",\"url\":\"https:\\\/\\\/detfranskevinhus.com\\\/sv\\\/\",\"name\":\"Det Franske Vinhus\",\"description\":\"\",\"publisher\":{\"@id\":\"https:\\\/\\\/detfranskevinhus.com\\\/sv\\\/#organization\"},\"potentialAction\":[{\"@type\":\"SearchAction\",\"target\":{\"@type\":\"EntryPoint\",\"urlTemplate\":\"https:\\\/\\\/detfranskevinhus.com\\\/sv\\\/?s={search_term_string}\"},\"query-input\":{\"@type\":\"PropertyValueSpecification\",\"valueRequired\":true,\"valueName\":\"search_term_string\"}}],\"inLanguage\":\"sv-SE\"},{\"@type\":\"Organization\",\"@id\":\"https:\\\/\\\/detfranskevinhus.com\\\/sv\\\/#organization\",\"name\":\"Det Franske Vinhus\",\"url\":\"https:\\\/\\\/detfranskevinhus.com\\\/sv\\\/\",\"logo\":{\"@type\":\"ImageObject\",\"inLanguage\":\"sv-SE\",\"@id\":\"https:\\\/\\\/detfranskevinhus.com\\\/sv\\\/#\\\/schema\\\/logo\\\/image\\\/\",\"url\":\"https:\\\/\\\/detfranskevinhus.com\\\/wp-content\\\/uploads\\\/2023\\\/07\\\/01_DFV_Logo_www_01-02-copy.jpg\",\"contentUrl\":\"https:\\\/\\\/detfranskevinhus.com\\\/wp-content\\\/uploads\\\/2023\\\/07\\\/01_DFV_Logo_www_01-02-copy.jpg\",\"width\":992,\"height\":482,\"caption\":\"Det Franske Vinhus\"},\"image\":{\"@id\":\"https:\\\/\\\/detfranskevinhus.com\\\/sv\\\/#\\\/schema\\\/logo\\\/image\\\/\"}}]}<\/script>\n<!-- \/ Yoast SEO plugin. -->","yoast_head_json":{"title":"La Closerie Touraine Sauvignon Blanc | Friskt vitt vin fr\u00e5n Loire","description":"K\u00f6p Ch\u00e2teau de Th\u00e9s\u00e9e La Closerie Touraine Sauvignon Blanc 2023. Friskt och mineraliskt vitt vin fr\u00e5n Loire med citrus, vita frukter och elegant syra.","robots":{"index":"index","follow":"follow","max-snippet":"max-snippet:-1","max-image-preview":"max-image-preview:large","max-video-preview":"max-video-preview:-1"},"canonical":"https:\/\/detfranskevinhus.com\/sv\/vare\/chateau-de-thesee-la-closerie-aop-touraine\/","og_locale":"sv_SE","og_type":"article","og_title":"La Closerie 2023. Frisk Sauvignon Blanc fr\u00e5n Loire","og_description":"Elegant och livlig Sauvignon Blanc fr\u00e5n Touraine med citrus, vita frukter och mineralitet. Perfekt som aperitif eller till fisk, skaldjur och l\u00e4tta r\u00e4tter.","og_url":"https:\/\/detfranskevinhus.com\/sv\/vare\/chateau-de-thesee-la-closerie-aop-touraine\/","og_site_name":"Det Franske Vinhus","article_modified_time":"2026-04-06T10:38:14+00:00","og_image":[{"width":1080,"height":1920,"url":"https:\/\/detfranskevinhus.com\/wp-content\/uploads\/2026\/04\/72-Frankrig-Loire-Touraine-Sauvignon-Blanc-Hvidvin-Chateau-de-Thesee-La-Closerie-AOP-Touraine.jpeg","type":"image\/jpeg"}],"twitter_card":"summary_large_image","twitter_misc":{"Ber\u00e4knad l\u00e4stid":"2 minuter"},"schema":{"@context":"https:\/\/schema.org","@graph":[{"@type":"WebPage","@id":"https:\/\/detfranskevinhus.com\/sv\/vare\/chateau-de-thesee-la-closerie-aop-touraine\/","url":"https:\/\/detfranskevinhus.com\/sv\/vare\/chateau-de-thesee-la-closerie-aop-touraine\/","name":"La Closerie Touraine Sauvignon Blanc | Friskt vitt vin fr\u00e5n Loire","isPartOf":{"@id":"https:\/\/detfranskevinhus.com\/sv\/#website"},"primaryImageOfPage":{"@id":"https:\/\/detfranskevinhus.com\/sv\/vare\/chateau-de-thesee-la-closerie-aop-touraine\/#primaryimage"},"image":{"@id":"https:\/\/detfranskevinhus.com\/sv\/vare\/chateau-de-thesee-la-closerie-aop-touraine\/#primaryimage"},"thumbnailUrl":"https:\/\/detfranskevinhus.com\/wp-content\/uploads\/2026\/04\/72-Frankrig-Loire-Touraine-Sauvignon-Blanc-Hvidvin-Chateau-de-Thesee-La-Closerie-AOP-Touraine.jpeg","datePublished":"2026-04-06T10:36:32+00:00","dateModified":"2026-04-06T10:38:14+00:00","description":"K\u00f6p Ch\u00e2teau de Th\u00e9s\u00e9e La Closerie Touraine Sauvignon Blanc 2023. Friskt och mineraliskt vitt vin fr\u00e5n Loire med citrus, vita frukter och elegant syra.","breadcrumb":{"@id":"https:\/\/detfranskevinhus.com\/sv\/vare\/chateau-de-thesee-la-closerie-aop-touraine\/#breadcrumb"},"inLanguage":"sv-SE","potentialAction":[{"@type":"ReadAction","target":["https:\/\/detfranskevinhus.com\/sv\/vare\/chateau-de-thesee-la-closerie-aop-touraine\/"]}]},{"@type":"ImageObject","inLanguage":"sv-SE","@id":"https:\/\/detfranskevinhus.com\/sv\/vare\/chateau-de-thesee-la-closerie-aop-touraine\/#primaryimage","url":"https:\/\/detfranskevinhus.com\/wp-content\/uploads\/2026\/04\/72-Frankrig-Loire-Touraine-Sauvignon-Blanc-Hvidvin-Chateau-de-Thesee-La-Closerie-AOP-Touraine.jpeg","contentUrl":"https:\/\/detfranskevinhus.com\/wp-content\/uploads\/2026\/04\/72-Frankrig-Loire-Touraine-Sauvignon-Blanc-Hvidvin-Chateau-de-Thesee-La-Closerie-AOP-Touraine.jpeg","width":1080,"height":1920,"caption":"Frankrig Loire Touraine Sauvignon Blanc Hvidvin Ch\u00e2teau de Th\u00e9s\u00e9e La Closerie - AOP Touraine"},{"@type":"BreadcrumbList","@id":"https:\/\/detfranskevinhus.com\/sv\/vare\/chateau-de-thesee-la-closerie-aop-touraine\/#breadcrumb","itemListElement":[{"@type":"ListItem","position":1,"name":"Shop","item":"https:\/\/detfranskevinhus.com\/sv\/butik\/"},{"@type":"ListItem","position":2,"name":"Ch\u00e2teau de Th\u00e9s\u00e9e La Closerie &#8211; AOP Touraine"}]},{"@type":"WebSite","@id":"https:\/\/detfranskevinhus.com\/sv\/#website","url":"https:\/\/detfranskevinhus.com\/sv\/","name":"Det Franske Vinhus","description":"","publisher":{"@id":"https:\/\/detfranskevinhus.com\/sv\/#organization"},"potentialAction":[{"@type":"SearchAction","target":{"@type":"EntryPoint","urlTemplate":"https:\/\/detfranskevinhus.com\/sv\/?s={search_term_string}"},"query-input":{"@type":"PropertyValueSpecification","valueRequired":true,"valueName":"search_term_string"}}],"inLanguage":"sv-SE"},{"@type":"Organization","@id":"https:\/\/detfranskevinhus.com\/sv\/#organization","name":"Det Franske Vinhus","url":"https:\/\/detfranskevinhus.com\/sv\/","logo":{"@type":"ImageObject","inLanguage":"sv-SE","@id":"https:\/\/detfranskevinhus.com\/sv\/#\/schema\/logo\/image\/","url":"https:\/\/detfranskevinhus.com\/wp-content\/uploads\/2023\/07\/01_DFV_Logo_www_01-02-copy.jpg","contentUrl":"https:\/\/detfranskevinhus.com\/wp-content\/uploads\/2023\/07\/01_DFV_Logo_www_01-02-copy.jpg","width":992,"height":482,"caption":"Det Franske Vinhus"},"image":{"@id":"https:\/\/detfranskevinhus.com\/sv\/#\/schema\/logo\/image\/"}}]}},"_links":{"self":[{"href":"https:\/\/detfranskevinhus.com\/sv\/wp-json\/wp\/v2\/product\/1000000033436","targetHints":{"allow":["GET"]}}],"collection":[{"href":"https:\/\/detfranskevinhus.com\/sv\/wp-json\/wp\/v2\/product"}],"about":[{"href":"https:\/\/detfranskevinhus.com\/sv\/wp-json\/wp\/v2\/types\/product"}],"version-history":[{"count":1,"href":"https:\/\/detfranskevinhus.com\/sv\/wp-json\/wp\/v2\/product\/1000000033436\/revisions"}],"predecessor-version":[{"id":1000000033437,"href":"https:\/\/detfranskevinhus.com\/sv\/wp-json\/wp\/v2\/product\/1000000033436\/revisions\/1000000033437"}],"wp:featuredmedia":[{"embeddable":true,"href":"https:\/\/detfranskevinhus.com\/sv\/wp-json\/wp\/v2\/media\/1000000033433"}],"wp:attachment":[{"href":"https:\/\/detfranskevinhus.com\/sv\/wp-json\/wp\/v2\/media?parent=1000000033436"}],"wp:term":[{"taxonomy":"product_brand","embeddable":true,"href":"https:\/\/detfranskevinhus.com\/sv\/wp-json\/wp\/v2\/product_brand?post=1000000033436"},{"taxonomy":"product_cat","embeddable":true,"href":"https:\/\/detfranskevinhus.com\/sv\/wp-json\/wp\/v2\/product_cat?post=1000000033436"},{"taxonomy":"product_tag","embeddable":true,"href":"https:\/\/detfranskevinhus.com\/sv\/wp-json\/wp\/v2\/product_tag?post=1000000033436"}],"curies":[{"name":"wp","href":"https:\/\/api.w.org\/{rel}","templated":true}]}}