{"id":1000000033424,"date":"2026-04-06T12:19:51","date_gmt":"2026-04-06T10:19:51","guid":{"rendered":"https:\/\/detfranskevinhus.com\/?post_type=product&#038;p=1000000033424"},"modified":"2026-04-06T12:22:42","modified_gmt":"2026-04-06T10:22:42","slug":"anne-de-joyeuse-malbec-2022-fylligt-rodvin-fraan-pays-doc","status":"publish","type":"product","link":"https:\/\/detfranskevinhus.com\/sv\/vare\/anne-de-joyeuse-malbec-2022-fylligt-rodvin-fraan-pays-doc\/","title":{"rendered":"Anne De Joyeuse VARIRAPTOR MALBEC IGP Oaked"},"content":{"rendered":"<p data-start=\"2306\" data-end=\"2673\"><strong data-start=\"2306\" data-end=\"2318\">Ursprung<\/strong><br data-start=\"2318\" data-end=\"2321\" \/>Detta vin kommer fr\u00e5n Pays d\u2019Oc i s\u00f6dra Frankrike och \u00e4r producerat av Anne de Joyeuse. Vinet speglar omr\u00e5dets soliga klimat och den varma, mogna frukt som \u00e4r typisk f\u00f6r regionen. Serien Terroir des Dinosaures syftar p\u00e5 den h\u00f6gt bel\u00e4gna delen av Aude, d\u00e4r ving\u00e5rdarna ligger i ett omr\u00e5de pr\u00e4glat av fossilrik jord och speciella geologiska f\u00f6rh\u00e5llanden.<\/p>\n<p data-start=\"2675\" data-end=\"2694\"><strong data-start=\"2675\" data-end=\"2684\">Druva<\/strong><br data-start=\"2684\" data-end=\"2687\" \/>Malbec.<\/p>\n<p data-start=\"2696\" data-end=\"2991\"><strong data-start=\"2696\" data-end=\"2704\">Smak<\/strong><br data-start=\"2704\" data-end=\"2707\" \/>Vinet \u00e4r torrt, fylligt och intensivt med en mjuk och koncentrerad smak. H\u00e4r m\u00f6ts m\u00f6rka b\u00e4r och mogen frukt av toner av bj\u00f6rnb\u00e4r, viol och svarta frukter. Tanninerna \u00e4r silkeslena och avrundade, och smaken har b\u00e5de djup, v\u00e4rme och en fin balans som g\u00f6r vinet behagligt och harmoniskt.<\/p>\n<p data-start=\"2993\" data-end=\"3141\"><strong data-start=\"2993\" data-end=\"3001\">Arom<\/strong><br data-start=\"3001\" data-end=\"3004\" \/>Doften bjuder p\u00e5 m\u00f6rka b\u00e4r, bj\u00f6rnb\u00e4r, svarta frukter och florala inslag av viol. En m\u00f6rk och charmig arom med b\u00e5de fyllighet och elegans.<\/p>\n<p data-start=\"3143\" data-end=\"3155\"><strong data-start=\"3143\" data-end=\"3155\">Karakt\u00e4r<\/strong><\/p>\n<ul data-start=\"3156\" data-end=\"3369\">\n<li data-section-id=\"688c0v\" data-start=\"3156\" data-end=\"3172\">Torrhet: Torrt<\/li>\n<li data-section-id=\"1ku6t35\" data-start=\"3173\" data-end=\"3185\">S\u00f6tma: L\u00e5g<\/li>\n<li data-section-id=\"1mwpo7z\" data-start=\"3186\" data-end=\"3206\">Fyllighet: Fylligt<\/li>\n<li data-section-id=\"10l9fzi\" data-start=\"3207\" data-end=\"3235\">Syra: Mjuk till balanserad<\/li>\n<li data-section-id=\"nrx53h\" data-start=\"3236\" data-end=\"3276\">Tanniner: Silkeslena och koncentrerade<\/li>\n<li data-section-id=\"f6aum9\" data-start=\"3277\" data-end=\"3330\">Fruktprofil: Bj\u00f6rnb\u00e4r, m\u00f6rka b\u00e4r och svarta frukter<\/li>\n<li data-section-id=\"aj6mm5\" data-start=\"3331\" data-end=\"3369\">Stil: Intensiv, rund och fruktdriven<\/li>\n<\/ul>\n<p data-start=\"3371\" data-end=\"3395\"><strong data-start=\"3371\" data-end=\"3382\">Alkohol<\/strong><br data-start=\"3382\" data-end=\"3385\" \/>13,5% vol.<\/p>\n<p data-start=\"3397\" data-end=\"3608\"><strong data-start=\"3397\" data-end=\"3422\">S\u00e4rskilda k\u00e4nnetecken<\/strong><br data-start=\"3422\" data-end=\"3425\" \/>En karakt\u00e4rsfull Malbec fr\u00e5n s\u00f6dra Frankrike med m\u00f6rk frukt, mjuk struktur och fin intensitet. Vinet kombinerar fyllighet och elegans i en stil som \u00e4r b\u00e5de l\u00e4ttillg\u00e4nglig och smakrik.<\/p>\n<p data-start=\"3610\" data-end=\"3837\"><strong data-start=\"3610\" data-end=\"3622\">Matmatch<\/strong><br data-start=\"3622\" data-end=\"3625\" \/>Passar bra till grillat k\u00f6tt, br\u00e4serade r\u00e4tter, kalv, anka, svampr\u00e4tter, lagrade ostar och desserter med choklad. Det fungerar ocks\u00e5 mycket bra till trevliga middagar d\u00e4r vinet g\u00e4rna f\u00e5r ha b\u00e5de djup och mjukhet.<\/p>\n","protected":false},"excerpt":{"rendered":"<p>Fyllig och intensiv Malbec fr\u00e5n s\u00f6dra Frankrike med m\u00f6rk frukt, mjuk struktur och fint djup. Ett charmigt r\u00f6dvin till k\u00f6tt, ostar och chokladdesserter.<\/p>\n","protected":false},"featured_media":1000000033421,"template":"","meta":{"_acf_changed":false,"site-sidebar-layout":"default","site-content-layout":"","ast-site-content-layout":"default","site-content-style":"default","site-sidebar-style":"default","ast-global-header-display":"","ast-banner-title-visibility":"","ast-main-header-display":"","ast-hfb-above-header-display":"","ast-hfb-below-header-display":"","ast-hfb-mobile-header-display":"","site-post-title":"","ast-breadcrumbs-content":"","ast-featured-img":"","footer-sml-layout":"","ast-disable-related-posts":"","theme-transparent-header-meta":"default","adv-header-id-meta":"","stick-header-meta":"default","header-above-stick-meta":"","header-main-stick-meta":"","header-below-stick-meta":"","astra-migrate-meta-layouts":"set","ast-page-background-enabled":"default","ast-page-background-meta":{"desktop":{"background-color":"","background-image":"","background-repeat":"repeat","background-position":"center center","background-size":"auto","background-attachment":"scroll","background-type":"","background-media":"","overlay-type":"","overlay-color":"","overlay-opacity":"","overlay-gradient":""},"tablet":{"background-color":"","background-image":"","background-repeat":"repeat","background-position":"center center","background-size":"auto","background-attachment":"scroll","background-type":"","background-media":"","overlay-type":"","overlay-color":"","overlay-opacity":"","overlay-gradient":""},"mobile":{"background-color":"","background-image":"","background-repeat":"repeat","background-position":"center center","background-size":"auto","background-attachment":"scroll","background-type":"","background-media":"","overlay-type":"","overlay-color":"","overlay-opacity":"","overlay-gradient":""}},"ast-content-background-meta":{"desktop":{"background-color":"var(--ast-global-color-5)","background-image":"","background-repeat":"repeat","background-position":"center center","background-size":"auto","background-attachment":"scroll","background-type":"","background-media":"","overlay-type":"","overlay-color":"","overlay-opacity":"","overlay-gradient":""},"tablet":{"background-color":"var(--ast-global-color-5)","background-image":"","background-repeat":"repeat","background-position":"center center","background-size":"auto","background-attachment":"scroll","background-type":"","background-media":"","overlay-type":"","overlay-color":"","overlay-opacity":"","overlay-gradient":""},"mobile":{"background-color":"var(--ast-global-color-5)","background-image":"","background-repeat":"repeat","background-position":"center center","background-size":"auto","background-attachment":"scroll","background-type":"","background-media":"","overlay-type":"","overlay-color":"","overlay-opacity":"","overlay-gradient":""}}},"product_brand":[],"product_cat":[1424,367,1545],"product_tag":[],"class_list":{"0":"post-1000000033424","1":"product","2":"type-product","3":"status-publish","4":"has-post-thumbnail","6":"product_cat-frankrike","7":"product_cat-rott-vin","8":"product_cat-sydfrankrig-languedoc","9":"pa_drue-malbec","10":"pa_vintype-rott-vin-sv","11":"desktop-align-center","12":"tablet-align-center","13":"mobile-align-center","14":"ast-product-gallery-layout-horizontal","15":"ast-product-tabs-layout-horizontal","16":"ast-qv-on-image-click","18":"first","19":"instock","20":"taxable","21":"shipping-taxable","22":"purchasable","23":"product-type-simple"},"group_of_quantity":0,"min_quantity":0,"max_quantity":"","exclude_order_quantity_value_rules":"no","exclude_category_quantity_rules":"no","combine_variations":"no","acf":[],"yoast_head":"<!-- This site is optimized with the Yoast SEO plugin v27.5 - https:\/\/yoast.com\/product\/yoast-seo-wordpress\/ -->\n<title>Anne De Joyeuse VARIRAPTOR MALBEC IGP Oaked - Det Franske Vinhus<\/title>\n<meta name=\"description\" content=\"K\u00f6p Anne de Joyeuse Malbec Pays d\u2019Oc IGP 2022. Fylligt och intensivt r\u00f6dvin fr\u00e5n s\u00f6dra Frankrike med bj\u00f6rnb\u00e4r, m\u00f6rka frukter och silkeslena tanniner.\" \/>\n<meta name=\"robots\" content=\"index, follow, max-snippet:-1, max-image-preview:large, max-video-preview:-1\" \/>\n<link rel=\"canonical\" href=\"https:\/\/detfranskevinhus.com\/sv\/vare\/anne-de-joyeuse-malbec-2022-fylligt-rodvin-fraan-pays-doc\/\" \/>\n<meta property=\"og:locale\" content=\"sv_SE\" \/>\n<meta property=\"og:type\" content=\"article\" \/>\n<meta property=\"og:title\" content=\"Anne de Joyeuse Malbec 2022. M\u00f6rk, mjuk och intensiv\" \/>\n<meta property=\"og:description\" content=\"Fyllig Malbec fr\u00e5n Pays d\u2019Oc med toner av bj\u00f6rnb\u00e4r, m\u00f6rka frukter och viol. Perfekt till grillat k\u00f6tt, lagrade ostar och desserter med choklad.\" \/>\n<meta property=\"og:url\" content=\"https:\/\/detfranskevinhus.com\/sv\/vare\/anne-de-joyeuse-malbec-2022-fylligt-rodvin-fraan-pays-doc\/\" \/>\n<meta property=\"og:site_name\" content=\"Det Franske Vinhus\" \/>\n<meta property=\"article:modified_time\" content=\"2026-04-06T10:22:42+00:00\" \/>\n<meta property=\"og:image\" content=\"https:\/\/detfranskevinhus.com\/wp-content\/uploads\/2026\/04\/67-Frankrig-Languedoc-Limoux-Malbec-Roedvin-Anne-De-Joyeuse-VARIRAPTOR-MALBEC-IGP-Oaked.jpeg\" \/>\n\t<meta property=\"og:image:width\" content=\"1440\" \/>\n\t<meta property=\"og:image:height\" content=\"1920\" \/>\n\t<meta property=\"og:image:type\" content=\"image\/jpeg\" \/>\n<meta name=\"twitter:card\" content=\"summary_large_image\" \/>\n<meta name=\"twitter:label1\" content=\"Ber\u00e4knad l\u00e4stid\" \/>\n\t<meta name=\"twitter:data1\" content=\"2 minuter\" \/>\n<script type=\"application\/ld+json\" class=\"yoast-schema-graph\">{\"@context\":\"https:\\\/\\\/schema.org\",\"@graph\":[{\"@type\":\"WebPage\",\"@id\":\"https:\\\/\\\/detfranskevinhus.com\\\/sv\\\/vare\\\/anne-de-joyeuse-malbec-2022-fylligt-rodvin-fraan-pays-doc\\\/\",\"url\":\"https:\\\/\\\/detfranskevinhus.com\\\/sv\\\/vare\\\/anne-de-joyeuse-malbec-2022-fylligt-rodvin-fraan-pays-doc\\\/\",\"name\":\"Anne De Joyeuse VARIRAPTOR MALBEC IGP Oaked - Det Franske Vinhus\",\"isPartOf\":{\"@id\":\"https:\\\/\\\/detfranskevinhus.com\\\/sv\\\/#website\"},\"primaryImageOfPage\":{\"@id\":\"https:\\\/\\\/detfranskevinhus.com\\\/sv\\\/vare\\\/anne-de-joyeuse-malbec-2022-fylligt-rodvin-fraan-pays-doc\\\/#primaryimage\"},\"image\":{\"@id\":\"https:\\\/\\\/detfranskevinhus.com\\\/sv\\\/vare\\\/anne-de-joyeuse-malbec-2022-fylligt-rodvin-fraan-pays-doc\\\/#primaryimage\"},\"thumbnailUrl\":\"https:\\\/\\\/detfranskevinhus.com\\\/wp-content\\\/uploads\\\/2026\\\/04\\\/67-Frankrig-Languedoc-Limoux-Malbec-Roedvin-Anne-De-Joyeuse-VARIRAPTOR-MALBEC-IGP-Oaked.jpeg\",\"datePublished\":\"2026-04-06T10:19:51+00:00\",\"dateModified\":\"2026-04-06T10:22:42+00:00\",\"description\":\"K\u00f6p Anne de Joyeuse Malbec Pays d\u2019Oc IGP 2022. Fylligt och intensivt r\u00f6dvin fr\u00e5n s\u00f6dra Frankrike med bj\u00f6rnb\u00e4r, m\u00f6rka frukter och silkeslena tanniner.\",\"breadcrumb\":{\"@id\":\"https:\\\/\\\/detfranskevinhus.com\\\/sv\\\/vare\\\/anne-de-joyeuse-malbec-2022-fylligt-rodvin-fraan-pays-doc\\\/#breadcrumb\"},\"inLanguage\":\"sv-SE\",\"potentialAction\":[{\"@type\":\"ReadAction\",\"target\":[\"https:\\\/\\\/detfranskevinhus.com\\\/sv\\\/vare\\\/anne-de-joyeuse-malbec-2022-fylligt-rodvin-fraan-pays-doc\\\/\"]}]},{\"@type\":\"ImageObject\",\"inLanguage\":\"sv-SE\",\"@id\":\"https:\\\/\\\/detfranskevinhus.com\\\/sv\\\/vare\\\/anne-de-joyeuse-malbec-2022-fylligt-rodvin-fraan-pays-doc\\\/#primaryimage\",\"url\":\"https:\\\/\\\/detfranskevinhus.com\\\/wp-content\\\/uploads\\\/2026\\\/04\\\/67-Frankrig-Languedoc-Limoux-Malbec-Roedvin-Anne-De-Joyeuse-VARIRAPTOR-MALBEC-IGP-Oaked.jpeg\",\"contentUrl\":\"https:\\\/\\\/detfranskevinhus.com\\\/wp-content\\\/uploads\\\/2026\\\/04\\\/67-Frankrig-Languedoc-Limoux-Malbec-Roedvin-Anne-De-Joyeuse-VARIRAPTOR-MALBEC-IGP-Oaked.jpeg\",\"width\":1440,\"height\":1920},{\"@type\":\"BreadcrumbList\",\"@id\":\"https:\\\/\\\/detfranskevinhus.com\\\/sv\\\/vare\\\/anne-de-joyeuse-malbec-2022-fylligt-rodvin-fraan-pays-doc\\\/#breadcrumb\",\"itemListElement\":[{\"@type\":\"ListItem\",\"position\":1,\"name\":\"Shop\",\"item\":\"https:\\\/\\\/detfranskevinhus.com\\\/sv\\\/butik\\\/\"},{\"@type\":\"ListItem\",\"position\":2,\"name\":\"Anne De Joyeuse VARIRAPTOR MALBEC IGP Oaked\"}]},{\"@type\":\"WebSite\",\"@id\":\"https:\\\/\\\/detfranskevinhus.com\\\/sv\\\/#website\",\"url\":\"https:\\\/\\\/detfranskevinhus.com\\\/sv\\\/\",\"name\":\"Det Franske Vinhus\",\"description\":\"\",\"publisher\":{\"@id\":\"https:\\\/\\\/detfranskevinhus.com\\\/sv\\\/#organization\"},\"potentialAction\":[{\"@type\":\"SearchAction\",\"target\":{\"@type\":\"EntryPoint\",\"urlTemplate\":\"https:\\\/\\\/detfranskevinhus.com\\\/sv\\\/?s={search_term_string}\"},\"query-input\":{\"@type\":\"PropertyValueSpecification\",\"valueRequired\":true,\"valueName\":\"search_term_string\"}}],\"inLanguage\":\"sv-SE\"},{\"@type\":\"Organization\",\"@id\":\"https:\\\/\\\/detfranskevinhus.com\\\/sv\\\/#organization\",\"name\":\"Det Franske Vinhus\",\"url\":\"https:\\\/\\\/detfranskevinhus.com\\\/sv\\\/\",\"logo\":{\"@type\":\"ImageObject\",\"inLanguage\":\"sv-SE\",\"@id\":\"https:\\\/\\\/detfranskevinhus.com\\\/sv\\\/#\\\/schema\\\/logo\\\/image\\\/\",\"url\":\"https:\\\/\\\/detfranskevinhus.com\\\/wp-content\\\/uploads\\\/2023\\\/07\\\/01_DFV_Logo_www_01-02-copy.jpg\",\"contentUrl\":\"https:\\\/\\\/detfranskevinhus.com\\\/wp-content\\\/uploads\\\/2023\\\/07\\\/01_DFV_Logo_www_01-02-copy.jpg\",\"width\":992,\"height\":482,\"caption\":\"Det Franske Vinhus\"},\"image\":{\"@id\":\"https:\\\/\\\/detfranskevinhus.com\\\/sv\\\/#\\\/schema\\\/logo\\\/image\\\/\"}}]}<\/script>\n<!-- \/ Yoast SEO plugin. -->","yoast_head_json":{"title":"Anne De Joyeuse VARIRAPTOR MALBEC IGP Oaked - Det Franske Vinhus","description":"K\u00f6p Anne de Joyeuse Malbec Pays d\u2019Oc IGP 2022. Fylligt och intensivt r\u00f6dvin fr\u00e5n s\u00f6dra Frankrike med bj\u00f6rnb\u00e4r, m\u00f6rka frukter och silkeslena tanniner.","robots":{"index":"index","follow":"follow","max-snippet":"max-snippet:-1","max-image-preview":"max-image-preview:large","max-video-preview":"max-video-preview:-1"},"canonical":"https:\/\/detfranskevinhus.com\/sv\/vare\/anne-de-joyeuse-malbec-2022-fylligt-rodvin-fraan-pays-doc\/","og_locale":"sv_SE","og_type":"article","og_title":"Anne de Joyeuse Malbec 2022. M\u00f6rk, mjuk och intensiv","og_description":"Fyllig Malbec fr\u00e5n Pays d\u2019Oc med toner av bj\u00f6rnb\u00e4r, m\u00f6rka frukter och viol. Perfekt till grillat k\u00f6tt, lagrade ostar och desserter med choklad.","og_url":"https:\/\/detfranskevinhus.com\/sv\/vare\/anne-de-joyeuse-malbec-2022-fylligt-rodvin-fraan-pays-doc\/","og_site_name":"Det Franske Vinhus","article_modified_time":"2026-04-06T10:22:42+00:00","og_image":[{"width":1440,"height":1920,"url":"https:\/\/detfranskevinhus.com\/wp-content\/uploads\/2026\/04\/67-Frankrig-Languedoc-Limoux-Malbec-Roedvin-Anne-De-Joyeuse-VARIRAPTOR-MALBEC-IGP-Oaked.jpeg","type":"image\/jpeg"}],"twitter_card":"summary_large_image","twitter_misc":{"Ber\u00e4knad l\u00e4stid":"2 minuter"},"schema":{"@context":"https:\/\/schema.org","@graph":[{"@type":"WebPage","@id":"https:\/\/detfranskevinhus.com\/sv\/vare\/anne-de-joyeuse-malbec-2022-fylligt-rodvin-fraan-pays-doc\/","url":"https:\/\/detfranskevinhus.com\/sv\/vare\/anne-de-joyeuse-malbec-2022-fylligt-rodvin-fraan-pays-doc\/","name":"Anne De Joyeuse VARIRAPTOR MALBEC IGP Oaked - Det Franske Vinhus","isPartOf":{"@id":"https:\/\/detfranskevinhus.com\/sv\/#website"},"primaryImageOfPage":{"@id":"https:\/\/detfranskevinhus.com\/sv\/vare\/anne-de-joyeuse-malbec-2022-fylligt-rodvin-fraan-pays-doc\/#primaryimage"},"image":{"@id":"https:\/\/detfranskevinhus.com\/sv\/vare\/anne-de-joyeuse-malbec-2022-fylligt-rodvin-fraan-pays-doc\/#primaryimage"},"thumbnailUrl":"https:\/\/detfranskevinhus.com\/wp-content\/uploads\/2026\/04\/67-Frankrig-Languedoc-Limoux-Malbec-Roedvin-Anne-De-Joyeuse-VARIRAPTOR-MALBEC-IGP-Oaked.jpeg","datePublished":"2026-04-06T10:19:51+00:00","dateModified":"2026-04-06T10:22:42+00:00","description":"K\u00f6p Anne de Joyeuse Malbec Pays d\u2019Oc IGP 2022. Fylligt och intensivt r\u00f6dvin fr\u00e5n s\u00f6dra Frankrike med bj\u00f6rnb\u00e4r, m\u00f6rka frukter och silkeslena tanniner.","breadcrumb":{"@id":"https:\/\/detfranskevinhus.com\/sv\/vare\/anne-de-joyeuse-malbec-2022-fylligt-rodvin-fraan-pays-doc\/#breadcrumb"},"inLanguage":"sv-SE","potentialAction":[{"@type":"ReadAction","target":["https:\/\/detfranskevinhus.com\/sv\/vare\/anne-de-joyeuse-malbec-2022-fylligt-rodvin-fraan-pays-doc\/"]}]},{"@type":"ImageObject","inLanguage":"sv-SE","@id":"https:\/\/detfranskevinhus.com\/sv\/vare\/anne-de-joyeuse-malbec-2022-fylligt-rodvin-fraan-pays-doc\/#primaryimage","url":"https:\/\/detfranskevinhus.com\/wp-content\/uploads\/2026\/04\/67-Frankrig-Languedoc-Limoux-Malbec-Roedvin-Anne-De-Joyeuse-VARIRAPTOR-MALBEC-IGP-Oaked.jpeg","contentUrl":"https:\/\/detfranskevinhus.com\/wp-content\/uploads\/2026\/04\/67-Frankrig-Languedoc-Limoux-Malbec-Roedvin-Anne-De-Joyeuse-VARIRAPTOR-MALBEC-IGP-Oaked.jpeg","width":1440,"height":1920},{"@type":"BreadcrumbList","@id":"https:\/\/detfranskevinhus.com\/sv\/vare\/anne-de-joyeuse-malbec-2022-fylligt-rodvin-fraan-pays-doc\/#breadcrumb","itemListElement":[{"@type":"ListItem","position":1,"name":"Shop","item":"https:\/\/detfranskevinhus.com\/sv\/butik\/"},{"@type":"ListItem","position":2,"name":"Anne De Joyeuse VARIRAPTOR MALBEC IGP Oaked"}]},{"@type":"WebSite","@id":"https:\/\/detfranskevinhus.com\/sv\/#website","url":"https:\/\/detfranskevinhus.com\/sv\/","name":"Det Franske Vinhus","description":"","publisher":{"@id":"https:\/\/detfranskevinhus.com\/sv\/#organization"},"potentialAction":[{"@type":"SearchAction","target":{"@type":"EntryPoint","urlTemplate":"https:\/\/detfranskevinhus.com\/sv\/?s={search_term_string}"},"query-input":{"@type":"PropertyValueSpecification","valueRequired":true,"valueName":"search_term_string"}}],"inLanguage":"sv-SE"},{"@type":"Organization","@id":"https:\/\/detfranskevinhus.com\/sv\/#organization","name":"Det Franske Vinhus","url":"https:\/\/detfranskevinhus.com\/sv\/","logo":{"@type":"ImageObject","inLanguage":"sv-SE","@id":"https:\/\/detfranskevinhus.com\/sv\/#\/schema\/logo\/image\/","url":"https:\/\/detfranskevinhus.com\/wp-content\/uploads\/2023\/07\/01_DFV_Logo_www_01-02-copy.jpg","contentUrl":"https:\/\/detfranskevinhus.com\/wp-content\/uploads\/2023\/07\/01_DFV_Logo_www_01-02-copy.jpg","width":992,"height":482,"caption":"Det Franske Vinhus"},"image":{"@id":"https:\/\/detfranskevinhus.com\/sv\/#\/schema\/logo\/image\/"}}]}},"_links":{"self":[{"href":"https:\/\/detfranskevinhus.com\/sv\/wp-json\/wp\/v2\/product\/1000000033424","targetHints":{"allow":["GET"]}}],"collection":[{"href":"https:\/\/detfranskevinhus.com\/sv\/wp-json\/wp\/v2\/product"}],"about":[{"href":"https:\/\/detfranskevinhus.com\/sv\/wp-json\/wp\/v2\/types\/product"}],"version-history":[{"count":1,"href":"https:\/\/detfranskevinhus.com\/sv\/wp-json\/wp\/v2\/product\/1000000033424\/revisions"}],"predecessor-version":[{"id":1000000033425,"href":"https:\/\/detfranskevinhus.com\/sv\/wp-json\/wp\/v2\/product\/1000000033424\/revisions\/1000000033425"}],"wp:featuredmedia":[{"embeddable":true,"href":"https:\/\/detfranskevinhus.com\/sv\/wp-json\/wp\/v2\/media\/1000000033421"}],"wp:attachment":[{"href":"https:\/\/detfranskevinhus.com\/sv\/wp-json\/wp\/v2\/media?parent=1000000033424"}],"wp:term":[{"taxonomy":"product_brand","embeddable":true,"href":"https:\/\/detfranskevinhus.com\/sv\/wp-json\/wp\/v2\/product_brand?post=1000000033424"},{"taxonomy":"product_cat","embeddable":true,"href":"https:\/\/detfranskevinhus.com\/sv\/wp-json\/wp\/v2\/product_cat?post=1000000033424"},{"taxonomy":"product_tag","embeddable":true,"href":"https:\/\/detfranskevinhus.com\/sv\/wp-json\/wp\/v2\/product_tag?post=1000000033424"}],"curies":[{"name":"wp","href":"https:\/\/api.w.org\/{rel}","templated":true}]}}