{"id":1000000033363,"date":"2026-04-06T09:37:05","date_gmt":"2026-04-06T07:37:05","guid":{"rendered":"https:\/\/detfranskevinhus.com\/?post_type=product&#038;p=1000000033363"},"modified":"2026-04-06T11:36:44","modified_gmt":"2026-04-06T09:36:44","slug":"anne-de-joyeuse-les-paracelles-rouge-igp-haute-vallee-de-laude","status":"publish","type":"product","link":"https:\/\/detfranskevinhus.com\/sv\/vare\/anne-de-joyeuse-les-paracelles-rouge-igp-haute-vallee-de-laude\/","title":{"rendered":"Anne De Joyeuse Les Paracelles&#8217; Rouge IGP Haute Vall\u00e9e de l\u2019Aude"},"content":{"rendered":"<p data-start=\"2507\" data-end=\"2890\"><strong data-start=\"2507\" data-end=\"2519\">Ursprung<\/strong><br data-start=\"2519\" data-end=\"2522\" \/>Detta r\u00f6da vin kommer fr\u00e5n Haute Vall\u00e9e de l\u2019Aude i s\u00f6dra Frankrike och \u00e4r producerat av Anne de Joyeuse. Omr\u00e5det ligger i de h\u00f6gre och svalare delarna kring Limoux, d\u00e4r Pinot Noir kan utveckla en s\u00e4rskilt fin balans mellan friskhet, frukt och elegans. Vinet \u00e4r skapat som en parcelselektion d\u00e4r utvalda ving\u00e5rdsl\u00e4gen bidrar till ett precist och terroirdrivet uttryck.<\/p>\n<p data-start=\"2892\" data-end=\"2915\"><strong data-start=\"2892\" data-end=\"2901\">Druva<\/strong><br data-start=\"2901\" data-end=\"2904\" \/>Pinot Noir.<\/p>\n<p data-start=\"2917\" data-end=\"3235\"><strong data-start=\"2917\" data-end=\"2925\">Smak<\/strong><br data-start=\"2925\" data-end=\"2928\" \/>Vinet \u00e4r torrt, saftigt och friskt med en l\u00e4tt till medelfyllig kropp och en elegant fruktprofil. Smaken bjuder p\u00e5 r\u00f6da b\u00e4r, k\u00f6rsb\u00e4r och hallon, tillsammans med en mjuk och livlig struktur. Stilen \u00e4r harmonisk, fruktdriven och l\u00e4tt kryddig med en frisk avslutning som g\u00f6r vinet mycket anv\u00e4ndbart vid bordet.<\/p>\n<p data-start=\"3237\" data-end=\"3447\"><strong data-start=\"3237\" data-end=\"3245\">Arom<\/strong><br data-start=\"3245\" data-end=\"3248\" \/>Doften \u00e4r inbjudande och nyanserad med toner av r\u00f6da b\u00e4r, k\u00f6rsb\u00e4r och en aning vilda hallon. D\u00e4r finns ocks\u00e5 en l\u00e4tt blommig ton och ett diskret drag av sval terroir som ger vinet finess och elegans.<\/p>\n<p data-start=\"3449\" data-end=\"3461\"><strong data-start=\"3449\" data-end=\"3461\">Karakt\u00e4r<\/strong><\/p>\n<ul data-start=\"3463\" data-end=\"3678\">\n<li data-section-id=\"z2ehjz\" data-start=\"3463\" data-end=\"3481\">Torrhet: Torrt<\/li>\n<li data-section-id=\"tau2m9\" data-start=\"3482\" data-end=\"3496\">S\u00f6tma: L\u00e5g<\/li>\n<li data-section-id=\"a8okv\" data-start=\"3497\" data-end=\"3534\">Fyllighet: L\u00e4tt till medelfylligt<\/li>\n<li data-section-id=\"neou57\" data-start=\"3535\" data-end=\"3561\">Syra: Frisk och livlig<\/li>\n<li data-section-id=\"1ywv2nf\" data-start=\"3562\" data-end=\"3590\">Tanniner: Mjuka och fina<\/li>\n<li data-section-id=\"1uv4j4v\" data-start=\"3591\" data-end=\"3636\">Fruktprofil: R\u00f6da b\u00e4r, k\u00f6rsb\u00e4r och hallon<\/li>\n<li data-section-id=\"14yxwrj\" data-start=\"3637\" data-end=\"3678\">Stil: Friskt, fruktdrivet och elegant<\/li>\n<\/ul>\n<p data-start=\"3680\" data-end=\"3702\"><strong data-start=\"3680\" data-end=\"3691\">Alkohol<\/strong><br data-start=\"3691\" data-end=\"3694\" \/>13% vol.<\/p>\n<p data-start=\"3704\" data-end=\"3940\"><strong data-start=\"3704\" data-end=\"3729\">S\u00e4rskilda k\u00e4nnetecken<\/strong><br data-start=\"3729\" data-end=\"3732\" \/>En parcelselekterad Pinot Noir fr\u00e5n Haute Vall\u00e9e de l\u2019Aude med fokus p\u00e5 friskhet, frukt och finess. Det svalare klimatet i omr\u00e5det ger vinet ett elegant och mer sp\u00e4nstigt uttryck som passar druvan mycket v\u00e4l.<\/p>\n<p data-start=\"3942\" data-end=\"4140\"><strong data-start=\"3942\" data-end=\"3954\">Matmatch<\/strong><br data-start=\"3954\" data-end=\"3957\" \/>Passar bra till f\u00e5gel, kalv, svampr\u00e4tter, charkuterier och milda ostar. Det fungerar ocks\u00e5 utm\u00e4rkt till ljust k\u00f6tt och enklare r\u00e4tter d\u00e4r vinets friska och fruktiga stil f\u00e5r ta plats.<\/p>\n","protected":false},"excerpt":{"rendered":"<p>Frisk och elegant Pinot Noir fr\u00e5n Haute Vall\u00e9e de l\u2019Aude med r\u00f6da b\u00e4r, mjuk struktur och fin balans. Ett l\u00e4tt och charmigt r\u00f6dvin till f\u00e5gel, kalv och svampr\u00e4tter.<\/p>\n","protected":false},"featured_media":1000000033360,"template":"","meta":{"_acf_changed":false,"site-sidebar-layout":"default","site-content-layout":"","ast-site-content-layout":"default","site-content-style":"default","site-sidebar-style":"default","ast-global-header-display":"","ast-banner-title-visibility":"","ast-main-header-display":"","ast-hfb-above-header-display":"","ast-hfb-below-header-display":"","ast-hfb-mobile-header-display":"","site-post-title":"","ast-breadcrumbs-content":"","ast-featured-img":"","footer-sml-layout":"","ast-disable-related-posts":"","theme-transparent-header-meta":"default","adv-header-id-meta":"","stick-header-meta":"default","header-above-stick-meta":"","header-main-stick-meta":"","header-below-stick-meta":"","astra-migrate-meta-layouts":"set","ast-page-background-enabled":"default","ast-page-background-meta":{"desktop":{"background-color":"","background-image":"","background-repeat":"repeat","background-position":"center center","background-size":"auto","background-attachment":"scroll","background-type":"","background-media":"","overlay-type":"","overlay-color":"","overlay-opacity":"","overlay-gradient":""},"tablet":{"background-color":"","background-image":"","background-repeat":"repeat","background-position":"center center","background-size":"auto","background-attachment":"scroll","background-type":"","background-media":"","overlay-type":"","overlay-color":"","overlay-opacity":"","overlay-gradient":""},"mobile":{"background-color":"","background-image":"","background-repeat":"repeat","background-position":"center center","background-size":"auto","background-attachment":"scroll","background-type":"","background-media":"","overlay-type":"","overlay-color":"","overlay-opacity":"","overlay-gradient":""}},"ast-content-background-meta":{"desktop":{"background-color":"var(--ast-global-color-5)","background-image":"","background-repeat":"repeat","background-position":"center center","background-size":"auto","background-attachment":"scroll","background-type":"","background-media":"","overlay-type":"","overlay-color":"","overlay-opacity":"","overlay-gradient":""},"tablet":{"background-color":"var(--ast-global-color-5)","background-image":"","background-repeat":"repeat","background-position":"center center","background-size":"auto","background-attachment":"scroll","background-type":"","background-media":"","overlay-type":"","overlay-color":"","overlay-opacity":"","overlay-gradient":""},"mobile":{"background-color":"var(--ast-global-color-5)","background-image":"","background-repeat":"repeat","background-position":"center center","background-size":"auto","background-attachment":"scroll","background-type":"","background-media":"","overlay-type":"","overlay-color":"","overlay-opacity":"","overlay-gradient":""}}},"product_brand":[],"product_cat":[1424,635,367,1545],"product_tag":[],"class_list":{"0":"post-1000000033363","1":"product","2":"type-product","3":"status-publish","4":"has-post-thumbnail","6":"product_cat-frankrike","7":"product_cat-organic-sv","8":"product_cat-rott-vin","9":"product_cat-sydfrankrig-languedoc","10":"pa_drue-pinot-noir-sv","11":"pa_vintype-rott-vin-sv","12":"desktop-align-center","13":"tablet-align-center","14":"mobile-align-center","15":"ast-product-gallery-layout-horizontal","16":"ast-product-tabs-layout-horizontal","17":"ast-qv-on-image-click","19":"first","20":"instock","21":"taxable","22":"shipping-taxable","23":"purchasable","24":"product-type-simple"},"group_of_quantity":0,"min_quantity":0,"max_quantity":"","exclude_order_quantity_value_rules":"no","exclude_category_quantity_rules":"no","combine_variations":"no","acf":[],"yoast_head":"<!-- This site is optimized with the Yoast SEO plugin v27.5 - https:\/\/yoast.com\/product\/yoast-seo-wordpress\/ -->\n<title>Anne de Joyeuse Les Parcelles Pinot Noir | R\u00f6tt vin | Sydfrankrike<\/title>\n<meta name=\"description\" content=\"K\u00f6p Anne de Joyeuse Les Parcelles Pinot Noir 2024. Frisk och elegant Pinot Noir fr\u00e5n Haute Vall\u00e9e de l\u2019Aude med r\u00f6da b\u00e4r, finess och mjuk struktur.\" \/>\n<meta name=\"robots\" content=\"index, follow, max-snippet:-1, max-image-preview:large, max-video-preview:-1\" \/>\n<link rel=\"canonical\" href=\"https:\/\/detfranskevinhus.com\/sv\/vare\/anne-de-joyeuse-les-paracelles-rouge-igp-haute-vallee-de-laude\/\" \/>\n<meta property=\"og:locale\" content=\"sv_SE\" \/>\n<meta property=\"og:type\" content=\"article\" \/>\n<meta property=\"og:title\" content=\"Anne de Joyeuse Les Parcelles Pinot Noir 2024. Frisk och elegant\" \/>\n<meta property=\"og:description\" content=\"En saftig och raffinerad Pinot Noir med r\u00f6da b\u00e4r, friskhet och mjuka tanniner. Ett sj\u00e4lvklart val till l\u00e4ttare r\u00e4tter, ljust k\u00f6tt och trevliga middagar.\" \/>\n<meta property=\"og:url\" content=\"https:\/\/detfranskevinhus.com\/sv\/vare\/anne-de-joyeuse-les-paracelles-rouge-igp-haute-vallee-de-laude\/\" \/>\n<meta property=\"og:site_name\" content=\"Det Franske Vinhus\" \/>\n<meta property=\"article:modified_time\" content=\"2026-04-06T09:36:44+00:00\" \/>\n<meta property=\"og:image\" content=\"https:\/\/detfranskevinhus.com\/wp-content\/uploads\/2026\/04\/65-Frankrig-Languedoc-Limoux-Pinot-Noir-Roedvin-Anne-De-Joyeuse-Les-Paracelles-Rouge-IGP-Haute-Vallee-de-lAude.jpeg\" \/>\n\t<meta property=\"og:image:width\" content=\"1440\" \/>\n\t<meta property=\"og:image:height\" content=\"1920\" \/>\n\t<meta property=\"og:image:type\" content=\"image\/jpeg\" \/>\n<meta name=\"twitter:card\" content=\"summary_large_image\" \/>\n<meta name=\"twitter:label1\" content=\"Ber\u00e4knad l\u00e4stid\" \/>\n\t<meta name=\"twitter:data1\" content=\"2 minuter\" \/>\n<script type=\"application\/ld+json\" class=\"yoast-schema-graph\">{\"@context\":\"https:\\\/\\\/schema.org\",\"@graph\":[{\"@type\":\"WebPage\",\"@id\":\"https:\\\/\\\/detfranskevinhus.com\\\/sv\\\/vare\\\/anne-de-joyeuse-les-paracelles-rouge-igp-haute-vallee-de-laude\\\/\",\"url\":\"https:\\\/\\\/detfranskevinhus.com\\\/sv\\\/vare\\\/anne-de-joyeuse-les-paracelles-rouge-igp-haute-vallee-de-laude\\\/\",\"name\":\"Anne de Joyeuse Les Parcelles Pinot Noir | R\u00f6tt vin | Sydfrankrike\",\"isPartOf\":{\"@id\":\"https:\\\/\\\/detfranskevinhus.com\\\/sv\\\/#website\"},\"primaryImageOfPage\":{\"@id\":\"https:\\\/\\\/detfranskevinhus.com\\\/sv\\\/vare\\\/anne-de-joyeuse-les-paracelles-rouge-igp-haute-vallee-de-laude\\\/#primaryimage\"},\"image\":{\"@id\":\"https:\\\/\\\/detfranskevinhus.com\\\/sv\\\/vare\\\/anne-de-joyeuse-les-paracelles-rouge-igp-haute-vallee-de-laude\\\/#primaryimage\"},\"thumbnailUrl\":\"https:\\\/\\\/detfranskevinhus.com\\\/wp-content\\\/uploads\\\/2026\\\/04\\\/65-Frankrig-Languedoc-Limoux-Pinot-Noir-Roedvin-Anne-De-Joyeuse-Les-Paracelles-Rouge-IGP-Haute-Vallee-de-lAude.jpeg\",\"datePublished\":\"2026-04-06T07:37:05+00:00\",\"dateModified\":\"2026-04-06T09:36:44+00:00\",\"description\":\"K\u00f6p Anne de Joyeuse Les Parcelles Pinot Noir 2024. Frisk och elegant Pinot Noir fr\u00e5n Haute Vall\u00e9e de l\u2019Aude med r\u00f6da b\u00e4r, finess och mjuk struktur.\",\"breadcrumb\":{\"@id\":\"https:\\\/\\\/detfranskevinhus.com\\\/sv\\\/vare\\\/anne-de-joyeuse-les-paracelles-rouge-igp-haute-vallee-de-laude\\\/#breadcrumb\"},\"inLanguage\":\"sv-SE\",\"potentialAction\":[{\"@type\":\"ReadAction\",\"target\":[\"https:\\\/\\\/detfranskevinhus.com\\\/sv\\\/vare\\\/anne-de-joyeuse-les-paracelles-rouge-igp-haute-vallee-de-laude\\\/\"]}]},{\"@type\":\"ImageObject\",\"inLanguage\":\"sv-SE\",\"@id\":\"https:\\\/\\\/detfranskevinhus.com\\\/sv\\\/vare\\\/anne-de-joyeuse-les-paracelles-rouge-igp-haute-vallee-de-laude\\\/#primaryimage\",\"url\":\"https:\\\/\\\/detfranskevinhus.com\\\/wp-content\\\/uploads\\\/2026\\\/04\\\/65-Frankrig-Languedoc-Limoux-Pinot-Noir-Roedvin-Anne-De-Joyeuse-Les-Paracelles-Rouge-IGP-Haute-Vallee-de-lAude.jpeg\",\"contentUrl\":\"https:\\\/\\\/detfranskevinhus.com\\\/wp-content\\\/uploads\\\/2026\\\/04\\\/65-Frankrig-Languedoc-Limoux-Pinot-Noir-Roedvin-Anne-De-Joyeuse-Les-Paracelles-Rouge-IGP-Haute-Vallee-de-lAude.jpeg\",\"width\":1440,\"height\":1920,\"caption\":\"Frankrig Languedoc Limoux Pinot Noir R\u00f8dvin Anne De Joyeuse Les Paracelles' Rouge IGP Haute Vall\u00e9e de l\u2019Aude\"},{\"@type\":\"BreadcrumbList\",\"@id\":\"https:\\\/\\\/detfranskevinhus.com\\\/sv\\\/vare\\\/anne-de-joyeuse-les-paracelles-rouge-igp-haute-vallee-de-laude\\\/#breadcrumb\",\"itemListElement\":[{\"@type\":\"ListItem\",\"position\":1,\"name\":\"Shop\",\"item\":\"https:\\\/\\\/detfranskevinhus.com\\\/sv\\\/butik\\\/\"},{\"@type\":\"ListItem\",\"position\":2,\"name\":\"Anne De Joyeuse Les Paracelles&#8217; Rouge IGP Haute Vall\u00e9e de l\u2019Aude\"}]},{\"@type\":\"WebSite\",\"@id\":\"https:\\\/\\\/detfranskevinhus.com\\\/sv\\\/#website\",\"url\":\"https:\\\/\\\/detfranskevinhus.com\\\/sv\\\/\",\"name\":\"Det Franske Vinhus\",\"description\":\"\",\"publisher\":{\"@id\":\"https:\\\/\\\/detfranskevinhus.com\\\/sv\\\/#organization\"},\"potentialAction\":[{\"@type\":\"SearchAction\",\"target\":{\"@type\":\"EntryPoint\",\"urlTemplate\":\"https:\\\/\\\/detfranskevinhus.com\\\/sv\\\/?s={search_term_string}\"},\"query-input\":{\"@type\":\"PropertyValueSpecification\",\"valueRequired\":true,\"valueName\":\"search_term_string\"}}],\"inLanguage\":\"sv-SE\"},{\"@type\":\"Organization\",\"@id\":\"https:\\\/\\\/detfranskevinhus.com\\\/sv\\\/#organization\",\"name\":\"Det Franske Vinhus\",\"url\":\"https:\\\/\\\/detfranskevinhus.com\\\/sv\\\/\",\"logo\":{\"@type\":\"ImageObject\",\"inLanguage\":\"sv-SE\",\"@id\":\"https:\\\/\\\/detfranskevinhus.com\\\/sv\\\/#\\\/schema\\\/logo\\\/image\\\/\",\"url\":\"https:\\\/\\\/detfranskevinhus.com\\\/wp-content\\\/uploads\\\/2023\\\/07\\\/01_DFV_Logo_www_01-02-copy.jpg\",\"contentUrl\":\"https:\\\/\\\/detfranskevinhus.com\\\/wp-content\\\/uploads\\\/2023\\\/07\\\/01_DFV_Logo_www_01-02-copy.jpg\",\"width\":992,\"height\":482,\"caption\":\"Det Franske Vinhus\"},\"image\":{\"@id\":\"https:\\\/\\\/detfranskevinhus.com\\\/sv\\\/#\\\/schema\\\/logo\\\/image\\\/\"}}]}<\/script>\n<!-- \/ Yoast SEO plugin. -->","yoast_head_json":{"title":"Anne de Joyeuse Les Parcelles Pinot Noir | R\u00f6tt vin | Sydfrankrike","description":"K\u00f6p Anne de Joyeuse Les Parcelles Pinot Noir 2024. Frisk och elegant Pinot Noir fr\u00e5n Haute Vall\u00e9e de l\u2019Aude med r\u00f6da b\u00e4r, finess och mjuk struktur.","robots":{"index":"index","follow":"follow","max-snippet":"max-snippet:-1","max-image-preview":"max-image-preview:large","max-video-preview":"max-video-preview:-1"},"canonical":"https:\/\/detfranskevinhus.com\/sv\/vare\/anne-de-joyeuse-les-paracelles-rouge-igp-haute-vallee-de-laude\/","og_locale":"sv_SE","og_type":"article","og_title":"Anne de Joyeuse Les Parcelles Pinot Noir 2024. Frisk och elegant","og_description":"En saftig och raffinerad Pinot Noir med r\u00f6da b\u00e4r, friskhet och mjuka tanniner. Ett sj\u00e4lvklart val till l\u00e4ttare r\u00e4tter, ljust k\u00f6tt och trevliga middagar.","og_url":"https:\/\/detfranskevinhus.com\/sv\/vare\/anne-de-joyeuse-les-paracelles-rouge-igp-haute-vallee-de-laude\/","og_site_name":"Det Franske Vinhus","article_modified_time":"2026-04-06T09:36:44+00:00","og_image":[{"width":1440,"height":1920,"url":"https:\/\/detfranskevinhus.com\/wp-content\/uploads\/2026\/04\/65-Frankrig-Languedoc-Limoux-Pinot-Noir-Roedvin-Anne-De-Joyeuse-Les-Paracelles-Rouge-IGP-Haute-Vallee-de-lAude.jpeg","type":"image\/jpeg"}],"twitter_card":"summary_large_image","twitter_misc":{"Ber\u00e4knad l\u00e4stid":"2 minuter"},"schema":{"@context":"https:\/\/schema.org","@graph":[{"@type":"WebPage","@id":"https:\/\/detfranskevinhus.com\/sv\/vare\/anne-de-joyeuse-les-paracelles-rouge-igp-haute-vallee-de-laude\/","url":"https:\/\/detfranskevinhus.com\/sv\/vare\/anne-de-joyeuse-les-paracelles-rouge-igp-haute-vallee-de-laude\/","name":"Anne de Joyeuse Les Parcelles Pinot Noir | R\u00f6tt vin | Sydfrankrike","isPartOf":{"@id":"https:\/\/detfranskevinhus.com\/sv\/#website"},"primaryImageOfPage":{"@id":"https:\/\/detfranskevinhus.com\/sv\/vare\/anne-de-joyeuse-les-paracelles-rouge-igp-haute-vallee-de-laude\/#primaryimage"},"image":{"@id":"https:\/\/detfranskevinhus.com\/sv\/vare\/anne-de-joyeuse-les-paracelles-rouge-igp-haute-vallee-de-laude\/#primaryimage"},"thumbnailUrl":"https:\/\/detfranskevinhus.com\/wp-content\/uploads\/2026\/04\/65-Frankrig-Languedoc-Limoux-Pinot-Noir-Roedvin-Anne-De-Joyeuse-Les-Paracelles-Rouge-IGP-Haute-Vallee-de-lAude.jpeg","datePublished":"2026-04-06T07:37:05+00:00","dateModified":"2026-04-06T09:36:44+00:00","description":"K\u00f6p Anne de Joyeuse Les Parcelles Pinot Noir 2024. Frisk och elegant Pinot Noir fr\u00e5n Haute Vall\u00e9e de l\u2019Aude med r\u00f6da b\u00e4r, finess och mjuk struktur.","breadcrumb":{"@id":"https:\/\/detfranskevinhus.com\/sv\/vare\/anne-de-joyeuse-les-paracelles-rouge-igp-haute-vallee-de-laude\/#breadcrumb"},"inLanguage":"sv-SE","potentialAction":[{"@type":"ReadAction","target":["https:\/\/detfranskevinhus.com\/sv\/vare\/anne-de-joyeuse-les-paracelles-rouge-igp-haute-vallee-de-laude\/"]}]},{"@type":"ImageObject","inLanguage":"sv-SE","@id":"https:\/\/detfranskevinhus.com\/sv\/vare\/anne-de-joyeuse-les-paracelles-rouge-igp-haute-vallee-de-laude\/#primaryimage","url":"https:\/\/detfranskevinhus.com\/wp-content\/uploads\/2026\/04\/65-Frankrig-Languedoc-Limoux-Pinot-Noir-Roedvin-Anne-De-Joyeuse-Les-Paracelles-Rouge-IGP-Haute-Vallee-de-lAude.jpeg","contentUrl":"https:\/\/detfranskevinhus.com\/wp-content\/uploads\/2026\/04\/65-Frankrig-Languedoc-Limoux-Pinot-Noir-Roedvin-Anne-De-Joyeuse-Les-Paracelles-Rouge-IGP-Haute-Vallee-de-lAude.jpeg","width":1440,"height":1920,"caption":"Frankrig Languedoc Limoux Pinot Noir R\u00f8dvin Anne De Joyeuse Les Paracelles' Rouge IGP Haute Vall\u00e9e de l\u2019Aude"},{"@type":"BreadcrumbList","@id":"https:\/\/detfranskevinhus.com\/sv\/vare\/anne-de-joyeuse-les-paracelles-rouge-igp-haute-vallee-de-laude\/#breadcrumb","itemListElement":[{"@type":"ListItem","position":1,"name":"Shop","item":"https:\/\/detfranskevinhus.com\/sv\/butik\/"},{"@type":"ListItem","position":2,"name":"Anne De Joyeuse Les Paracelles&#8217; Rouge IGP Haute Vall\u00e9e de l\u2019Aude"}]},{"@type":"WebSite","@id":"https:\/\/detfranskevinhus.com\/sv\/#website","url":"https:\/\/detfranskevinhus.com\/sv\/","name":"Det Franske Vinhus","description":"","publisher":{"@id":"https:\/\/detfranskevinhus.com\/sv\/#organization"},"potentialAction":[{"@type":"SearchAction","target":{"@type":"EntryPoint","urlTemplate":"https:\/\/detfranskevinhus.com\/sv\/?s={search_term_string}"},"query-input":{"@type":"PropertyValueSpecification","valueRequired":true,"valueName":"search_term_string"}}],"inLanguage":"sv-SE"},{"@type":"Organization","@id":"https:\/\/detfranskevinhus.com\/sv\/#organization","name":"Det Franske Vinhus","url":"https:\/\/detfranskevinhus.com\/sv\/","logo":{"@type":"ImageObject","inLanguage":"sv-SE","@id":"https:\/\/detfranskevinhus.com\/sv\/#\/schema\/logo\/image\/","url":"https:\/\/detfranskevinhus.com\/wp-content\/uploads\/2023\/07\/01_DFV_Logo_www_01-02-copy.jpg","contentUrl":"https:\/\/detfranskevinhus.com\/wp-content\/uploads\/2023\/07\/01_DFV_Logo_www_01-02-copy.jpg","width":992,"height":482,"caption":"Det Franske Vinhus"},"image":{"@id":"https:\/\/detfranskevinhus.com\/sv\/#\/schema\/logo\/image\/"}}]}},"_links":{"self":[{"href":"https:\/\/detfranskevinhus.com\/sv\/wp-json\/wp\/v2\/product\/1000000033363","targetHints":{"allow":["GET"]}}],"collection":[{"href":"https:\/\/detfranskevinhus.com\/sv\/wp-json\/wp\/v2\/product"}],"about":[{"href":"https:\/\/detfranskevinhus.com\/sv\/wp-json\/wp\/v2\/types\/product"}],"version-history":[{"count":1,"href":"https:\/\/detfranskevinhus.com\/sv\/wp-json\/wp\/v2\/product\/1000000033363\/revisions"}],"predecessor-version":[{"id":1000000033364,"href":"https:\/\/detfranskevinhus.com\/sv\/wp-json\/wp\/v2\/product\/1000000033363\/revisions\/1000000033364"}],"wp:featuredmedia":[{"embeddable":true,"href":"https:\/\/detfranskevinhus.com\/sv\/wp-json\/wp\/v2\/media\/1000000033360"}],"wp:attachment":[{"href":"https:\/\/detfranskevinhus.com\/sv\/wp-json\/wp\/v2\/media?parent=1000000033363"}],"wp:term":[{"taxonomy":"product_brand","embeddable":true,"href":"https:\/\/detfranskevinhus.com\/sv\/wp-json\/wp\/v2\/product_brand?post=1000000033363"},{"taxonomy":"product_cat","embeddable":true,"href":"https:\/\/detfranskevinhus.com\/sv\/wp-json\/wp\/v2\/product_cat?post=1000000033363"},{"taxonomy":"product_tag","embeddable":true,"href":"https:\/\/detfranskevinhus.com\/sv\/wp-json\/wp\/v2\/product_tag?post=1000000033363"}],"curies":[{"name":"wp","href":"https:\/\/api.w.org\/{rel}","templated":true}]}}