{"id":1000000033343,"date":"2026-04-06T09:12:09","date_gmt":"2026-04-06T07:12:09","guid":{"rendered":"https:\/\/detfranskevinhus.com\/?post_type=product&#038;p=1000000033343"},"modified":"2026-04-06T11:37:21","modified_gmt":"2026-04-06T09:37:21","slug":"anne-de-joyeuse-gargantuavis-pinot-noir-igp-oaked","status":"publish","type":"product","link":"https:\/\/detfranskevinhus.com\/sv\/vare\/anne-de-joyeuse-gargantuavis-pinot-noir-igp-oaked\/","title":{"rendered":"Anne De Joyeuse GARGANTUAVIS PINOT NOIR IGP Oaked"},"content":{"rendered":"<p data-start=\"2645\" data-end=\"3044\"><strong data-start=\"2645\" data-end=\"2657\">Ursprung<\/strong><br data-start=\"2657\" data-end=\"2660\" \/>Detta r\u00f6da vin kommer fr\u00e5n Pays d\u2019Oc i s\u00f6dra Frankrike och \u00e4r producerat av Anne de Joyeuse. Vinet ing\u00e5r i husets serie \u201cTerroir des dinosaures\u201d, som hyllar det speciella omr\u00e5det i Haute Vall\u00e9e de l\u2019Aude d\u00e4r man b\u00e5de hittar h\u00f6gt bel\u00e4gna ving\u00e5rdar och jordar med historiska fossilsp\u00e5r. Det \u00e4r ett vin som kombinerar sydfransk mognad med Pinot Noirs mer eleganta och aromatiska uttryck.<\/p>\n<p data-start=\"3046\" data-end=\"3069\"><strong data-start=\"3046\" data-end=\"3055\">Druva<\/strong><br data-start=\"3055\" data-end=\"3058\" \/>Pinot Noir.<\/p>\n<p data-start=\"3071\" data-end=\"3384\"><strong data-start=\"3071\" data-end=\"3079\">Smak<\/strong><br data-start=\"3079\" data-end=\"3082\" \/>Vinet \u00e4r torrt, medelfylligt till fylligt och aromatiskt med en mjuk, rund och gener\u00f6s smakprofil. Det bjuder p\u00e5 saftiga toner av morellk\u00f6rsb\u00e4r och r\u00f6da b\u00e4r som i smaken f\u00f6ljs av inslag av vanilj och hasseln\u00f6t. Smaken har en fin mognad och en varm, kryddig avrundning som ger vinet b\u00e5de charm och djup.<\/p>\n<p data-start=\"3386\" data-end=\"3603\"><strong data-start=\"3386\" data-end=\"3394\">Arom<\/strong><br data-start=\"3394\" data-end=\"3397\" \/>Doften \u00e4r \u00f6ppen och inbjudande med aromer av k\u00f6rsb\u00e4r, s\u00e4rskilt morellk\u00f6rsb\u00e4r, r\u00f6da b\u00e4r och en l\u00e4tt kryddig s\u00f6tma. H\u00e4r finns ocks\u00e5 fina nyanser av vanilj och n\u00f6tter som ger ett rundare och fylligare uttryck.<\/p>\n<p data-start=\"3605\" data-end=\"3617\"><strong data-start=\"3605\" data-end=\"3617\">Karakt\u00e4r<\/strong><\/p>\n<ul data-start=\"3619\" data-end=\"3845\">\n<li data-section-id=\"z2ehjz\" data-start=\"3619\" data-end=\"3637\">Torrhet: Torrt<\/li>\n<li data-section-id=\"tau2m9\" data-start=\"3638\" data-end=\"3652\">S\u00f6tma: L\u00e5g<\/li>\n<li data-section-id=\"ccmaua\" data-start=\"3653\" data-end=\"3693\">Fyllighet: Medelfylligt till fylligt<\/li>\n<li data-section-id=\"1xvltwu\" data-start=\"3694\" data-end=\"3724\">Syra: Mjuk till balanserad<\/li>\n<li data-section-id=\"r8eguc\" data-start=\"3725\" data-end=\"3758\">Tanniner: Milda och avrundade<\/li>\n<li data-section-id=\"9agnym\" data-start=\"3759\" data-end=\"3802\">Fruktprofil: Morellk\u00f6rsb\u00e4r och r\u00f6da b\u00e4r<\/li>\n<li data-section-id=\"ol306e\" data-start=\"3803\" data-end=\"3845\">Stil: Aromatisk, rund och l\u00e4tt kryddig<\/li>\n<\/ul>\n<p data-start=\"3847\" data-end=\"3869\"><strong data-start=\"3847\" data-end=\"3858\">Alkohol<\/strong><br data-start=\"3858\" data-end=\"3861\" \/>15% vol.<\/p>\n<p data-start=\"3871\" data-end=\"4159\"><strong data-start=\"3871\" data-end=\"3896\">S\u00e4rskilda k\u00e4nnetecken<\/strong><br data-start=\"3896\" data-end=\"3899\" \/>En kraftigare tolkning av Pinot Noir fr\u00e5n Pays d\u2019Oc, d\u00e4r druvan f\u00e5r mer solmogen frukt, fyllighet och v\u00e4rme \u00e4n i m\u00e5nga svalare omr\u00e5den. Vinet kombinerar eleganta r\u00f6da frukter med mjuka toner av vanilj och n\u00f6tter och upplevs b\u00e5de charmigt och mycket matv\u00e4nligt.<\/p>\n<p data-start=\"4161\" data-end=\"4404\"><strong data-start=\"4161\" data-end=\"4173\">Matmatch<\/strong><br data-start=\"4173\" data-end=\"4176\" \/>Passar bra till br\u00e4serade k\u00f6ttr\u00e4tter, kalv, anka, p\u00e4rlh\u00f6na, r\u00e4tter med svamp samt lagrade f\u00e5rostar. Det \u00e4r ocks\u00e5 ett fint val till stekt f\u00e5gel och andra varma r\u00e4tter d\u00e4r man vill ha ett mjukt r\u00f6dvin med b\u00e5de frukt och fyllighet.<\/p>\n","protected":false},"excerpt":{"rendered":"<p>Aromatisk och rund Pinot Noir fr\u00e5n Pays d\u2019Oc med morellk\u00f6rsb\u00e4r, r\u00f6da b\u00e4r och mjuka toner av vanilj och n\u00f6tter. Ett charmigt r\u00f6dvin till kalv, anka, svamp och goda middagar.<\/p>\n","protected":false},"featured_media":1000000033340,"template":"","meta":{"_acf_changed":false,"site-sidebar-layout":"default","site-content-layout":"","ast-site-content-layout":"default","site-content-style":"default","site-sidebar-style":"default","ast-global-header-display":"","ast-banner-title-visibility":"","ast-main-header-display":"","ast-hfb-above-header-display":"","ast-hfb-below-header-display":"","ast-hfb-mobile-header-display":"","site-post-title":"","ast-breadcrumbs-content":"","ast-featured-img":"","footer-sml-layout":"","ast-disable-related-posts":"","theme-transparent-header-meta":"default","adv-header-id-meta":"","stick-header-meta":"default","header-above-stick-meta":"","header-main-stick-meta":"","header-below-stick-meta":"","astra-migrate-meta-layouts":"set","ast-page-background-enabled":"default","ast-page-background-meta":{"desktop":{"background-color":"","background-image":"","background-repeat":"repeat","background-position":"center center","background-size":"auto","background-attachment":"scroll","background-type":"","background-media":"","overlay-type":"","overlay-color":"","overlay-opacity":"","overlay-gradient":""},"tablet":{"background-color":"","background-image":"","background-repeat":"repeat","background-position":"center center","background-size":"auto","background-attachment":"scroll","background-type":"","background-media":"","overlay-type":"","overlay-color":"","overlay-opacity":"","overlay-gradient":""},"mobile":{"background-color":"","background-image":"","background-repeat":"repeat","background-position":"center center","background-size":"auto","background-attachment":"scroll","background-type":"","background-media":"","overlay-type":"","overlay-color":"","overlay-opacity":"","overlay-gradient":""}},"ast-content-background-meta":{"desktop":{"background-color":"var(--ast-global-color-5)","background-image":"","background-repeat":"repeat","background-position":"center center","background-size":"auto","background-attachment":"scroll","background-type":"","background-media":"","overlay-type":"","overlay-color":"","overlay-opacity":"","overlay-gradient":""},"tablet":{"background-color":"var(--ast-global-color-5)","background-image":"","background-repeat":"repeat","background-position":"center center","background-size":"auto","background-attachment":"scroll","background-type":"","background-media":"","overlay-type":"","overlay-color":"","overlay-opacity":"","overlay-gradient":""},"mobile":{"background-color":"var(--ast-global-color-5)","background-image":"","background-repeat":"repeat","background-position":"center center","background-size":"auto","background-attachment":"scroll","background-type":"","background-media":"","overlay-type":"","overlay-color":"","overlay-opacity":"","overlay-gradient":""}}},"product_brand":[],"product_cat":[1424,367,1545],"product_tag":[],"class_list":{"0":"post-1000000033343","1":"product","2":"type-product","3":"status-publish","4":"has-post-thumbnail","6":"product_cat-frankrike","7":"product_cat-rott-vin","8":"product_cat-sydfrankrig-languedoc","9":"pa_drue-pinot-noir-sv","10":"pa_vintype-rott-vin-sv","11":"desktop-align-center","12":"tablet-align-center","13":"mobile-align-center","14":"ast-product-gallery-layout-horizontal","15":"ast-product-tabs-layout-horizontal","16":"ast-qv-on-image-click","18":"first","19":"instock","20":"taxable","21":"shipping-taxable","22":"purchasable","23":"product-type-simple"},"group_of_quantity":0,"min_quantity":0,"max_quantity":"","exclude_order_quantity_value_rules":"no","exclude_category_quantity_rules":"no","combine_variations":"no","acf":[],"yoast_head":"<!-- This site is optimized with the Yoast SEO plugin v27.4 - https:\/\/yoast.com\/product\/yoast-seo-wordpress\/ -->\n<title>Anne de Joyeuse Gargantuavis Pinot Noir | Pinot Noir | Pays d\u2019Oc<\/title>\n<meta name=\"description\" content=\"K\u00f6p Anne de Joyeuse Gargantuavis Pinot Noir 2023. Aromatiskt r\u00f6dvin fr\u00e5n Pays d\u2019Oc med morellk\u00f6rsb\u00e4r, r\u00f6da b\u00e4r, vanilj och mjuk fyllighet.\" \/>\n<meta name=\"robots\" content=\"index, follow, max-snippet:-1, max-image-preview:large, max-video-preview:-1\" \/>\n<link rel=\"canonical\" href=\"https:\/\/detfranskevinhus.com\/sv\/vare\/anne-de-joyeuse-gargantuavis-pinot-noir-igp-oaked\/\" \/>\n<meta property=\"og:locale\" content=\"sv_SE\" \/>\n<meta property=\"og:type\" content=\"article\" \/>\n<meta property=\"og:title\" content=\"Anne de Joyeuse Gargantuavis Pinot Noir 2023. Rund och aromatisk Pinot Noir\" \/>\n<meta property=\"og:description\" content=\"En fyllig och charmig Pinot Noir fr\u00e5n s\u00f6dra Frankrike med k\u00f6rsb\u00e4r, r\u00f6da b\u00e4r, vanilj och n\u00f6tig ton. Perfekt till br\u00e4serade r\u00e4tter, f\u00e5gel och svamp.\" \/>\n<meta property=\"og:url\" content=\"https:\/\/detfranskevinhus.com\/sv\/vare\/anne-de-joyeuse-gargantuavis-pinot-noir-igp-oaked\/\" \/>\n<meta property=\"og:site_name\" content=\"Det Franske Vinhus\" \/>\n<meta property=\"article:modified_time\" content=\"2026-04-06T09:37:21+00:00\" \/>\n<meta property=\"og:image\" content=\"https:\/\/detfranskevinhus.com\/wp-content\/uploads\/2026\/04\/61-Frankrig-Languedoc-Limoux-Pinot-Noir-Roedvin-Anne-De-Joyeuse-GARGANTUAVIS-PINOT-NOIR-IGP-Oaked.jpeg\" \/>\n\t<meta property=\"og:image:width\" content=\"1440\" \/>\n\t<meta property=\"og:image:height\" content=\"1920\" \/>\n\t<meta property=\"og:image:type\" content=\"image\/jpeg\" \/>\n<meta name=\"twitter:card\" content=\"summary_large_image\" \/>\n<meta name=\"twitter:label1\" content=\"Ber\u00e4knad l\u00e4stid\" \/>\n\t<meta name=\"twitter:data1\" content=\"2 minuter\" \/>\n<script type=\"application\/ld+json\" class=\"yoast-schema-graph\">{\"@context\":\"https:\\\/\\\/schema.org\",\"@graph\":[{\"@type\":\"WebPage\",\"@id\":\"https:\\\/\\\/detfranskevinhus.com\\\/sv\\\/vare\\\/anne-de-joyeuse-gargantuavis-pinot-noir-igp-oaked\\\/\",\"url\":\"https:\\\/\\\/detfranskevinhus.com\\\/sv\\\/vare\\\/anne-de-joyeuse-gargantuavis-pinot-noir-igp-oaked\\\/\",\"name\":\"Anne de Joyeuse Gargantuavis Pinot Noir | Pinot Noir | Pays d\u2019Oc\",\"isPartOf\":{\"@id\":\"https:\\\/\\\/detfranskevinhus.com\\\/sv\\\/#website\"},\"primaryImageOfPage\":{\"@id\":\"https:\\\/\\\/detfranskevinhus.com\\\/sv\\\/vare\\\/anne-de-joyeuse-gargantuavis-pinot-noir-igp-oaked\\\/#primaryimage\"},\"image\":{\"@id\":\"https:\\\/\\\/detfranskevinhus.com\\\/sv\\\/vare\\\/anne-de-joyeuse-gargantuavis-pinot-noir-igp-oaked\\\/#primaryimage\"},\"thumbnailUrl\":\"https:\\\/\\\/detfranskevinhus.com\\\/wp-content\\\/uploads\\\/2026\\\/04\\\/61-Frankrig-Languedoc-Limoux-Pinot-Noir-Roedvin-Anne-De-Joyeuse-GARGANTUAVIS-PINOT-NOIR-IGP-Oaked.jpeg\",\"datePublished\":\"2026-04-06T07:12:09+00:00\",\"dateModified\":\"2026-04-06T09:37:21+00:00\",\"description\":\"K\u00f6p Anne de Joyeuse Gargantuavis Pinot Noir 2023. Aromatiskt r\u00f6dvin fr\u00e5n Pays d\u2019Oc med morellk\u00f6rsb\u00e4r, r\u00f6da b\u00e4r, vanilj och mjuk fyllighet.\",\"breadcrumb\":{\"@id\":\"https:\\\/\\\/detfranskevinhus.com\\\/sv\\\/vare\\\/anne-de-joyeuse-gargantuavis-pinot-noir-igp-oaked\\\/#breadcrumb\"},\"inLanguage\":\"sv-SE\",\"potentialAction\":[{\"@type\":\"ReadAction\",\"target\":[\"https:\\\/\\\/detfranskevinhus.com\\\/sv\\\/vare\\\/anne-de-joyeuse-gargantuavis-pinot-noir-igp-oaked\\\/\"]}]},{\"@type\":\"ImageObject\",\"inLanguage\":\"sv-SE\",\"@id\":\"https:\\\/\\\/detfranskevinhus.com\\\/sv\\\/vare\\\/anne-de-joyeuse-gargantuavis-pinot-noir-igp-oaked\\\/#primaryimage\",\"url\":\"https:\\\/\\\/detfranskevinhus.com\\\/wp-content\\\/uploads\\\/2026\\\/04\\\/61-Frankrig-Languedoc-Limoux-Pinot-Noir-Roedvin-Anne-De-Joyeuse-GARGANTUAVIS-PINOT-NOIR-IGP-Oaked.jpeg\",\"contentUrl\":\"https:\\\/\\\/detfranskevinhus.com\\\/wp-content\\\/uploads\\\/2026\\\/04\\\/61-Frankrig-Languedoc-Limoux-Pinot-Noir-Roedvin-Anne-De-Joyeuse-GARGANTUAVIS-PINOT-NOIR-IGP-Oaked.jpeg\",\"width\":1440,\"height\":1920,\"caption\":\"Frankrig Languedoc Limoux Pinot Noir R\u00f8dvin Anne De Joyeuse GARGANTUAVIS PINOT NOIR IGP Oaked\"},{\"@type\":\"BreadcrumbList\",\"@id\":\"https:\\\/\\\/detfranskevinhus.com\\\/sv\\\/vare\\\/anne-de-joyeuse-gargantuavis-pinot-noir-igp-oaked\\\/#breadcrumb\",\"itemListElement\":[{\"@type\":\"ListItem\",\"position\":1,\"name\":\"Shop\",\"item\":\"https:\\\/\\\/detfranskevinhus.com\\\/sv\\\/butik\\\/\"},{\"@type\":\"ListItem\",\"position\":2,\"name\":\"Anne De Joyeuse GARGANTUAVIS PINOT NOIR IGP Oaked\"}]},{\"@type\":\"WebSite\",\"@id\":\"https:\\\/\\\/detfranskevinhus.com\\\/sv\\\/#website\",\"url\":\"https:\\\/\\\/detfranskevinhus.com\\\/sv\\\/\",\"name\":\"Det Franske Vinhus\",\"description\":\"\",\"publisher\":{\"@id\":\"https:\\\/\\\/detfranskevinhus.com\\\/sv\\\/#organization\"},\"potentialAction\":[{\"@type\":\"SearchAction\",\"target\":{\"@type\":\"EntryPoint\",\"urlTemplate\":\"https:\\\/\\\/detfranskevinhus.com\\\/sv\\\/?s={search_term_string}\"},\"query-input\":{\"@type\":\"PropertyValueSpecification\",\"valueRequired\":true,\"valueName\":\"search_term_string\"}}],\"inLanguage\":\"sv-SE\"},{\"@type\":\"Organization\",\"@id\":\"https:\\\/\\\/detfranskevinhus.com\\\/sv\\\/#organization\",\"name\":\"Det Franske Vinhus\",\"url\":\"https:\\\/\\\/detfranskevinhus.com\\\/sv\\\/\",\"logo\":{\"@type\":\"ImageObject\",\"inLanguage\":\"sv-SE\",\"@id\":\"https:\\\/\\\/detfranskevinhus.com\\\/sv\\\/#\\\/schema\\\/logo\\\/image\\\/\",\"url\":\"https:\\\/\\\/detfranskevinhus.com\\\/wp-content\\\/uploads\\\/2023\\\/07\\\/01_DFV_Logo_www_01-02-copy.jpg\",\"contentUrl\":\"https:\\\/\\\/detfranskevinhus.com\\\/wp-content\\\/uploads\\\/2023\\\/07\\\/01_DFV_Logo_www_01-02-copy.jpg\",\"width\":992,\"height\":482,\"caption\":\"Det Franske Vinhus\"},\"image\":{\"@id\":\"https:\\\/\\\/detfranskevinhus.com\\\/sv\\\/#\\\/schema\\\/logo\\\/image\\\/\"}}]}<\/script>\n<!-- \/ Yoast SEO plugin. -->","yoast_head_json":{"title":"Anne de Joyeuse Gargantuavis Pinot Noir | Pinot Noir | Pays d\u2019Oc","description":"K\u00f6p Anne de Joyeuse Gargantuavis Pinot Noir 2023. Aromatiskt r\u00f6dvin fr\u00e5n Pays d\u2019Oc med morellk\u00f6rsb\u00e4r, r\u00f6da b\u00e4r, vanilj och mjuk fyllighet.","robots":{"index":"index","follow":"follow","max-snippet":"max-snippet:-1","max-image-preview":"max-image-preview:large","max-video-preview":"max-video-preview:-1"},"canonical":"https:\/\/detfranskevinhus.com\/sv\/vare\/anne-de-joyeuse-gargantuavis-pinot-noir-igp-oaked\/","og_locale":"sv_SE","og_type":"article","og_title":"Anne de Joyeuse Gargantuavis Pinot Noir 2023. Rund och aromatisk Pinot Noir","og_description":"En fyllig och charmig Pinot Noir fr\u00e5n s\u00f6dra Frankrike med k\u00f6rsb\u00e4r, r\u00f6da b\u00e4r, vanilj och n\u00f6tig ton. Perfekt till br\u00e4serade r\u00e4tter, f\u00e5gel och svamp.","og_url":"https:\/\/detfranskevinhus.com\/sv\/vare\/anne-de-joyeuse-gargantuavis-pinot-noir-igp-oaked\/","og_site_name":"Det Franske Vinhus","article_modified_time":"2026-04-06T09:37:21+00:00","og_image":[{"width":1440,"height":1920,"url":"https:\/\/detfranskevinhus.com\/wp-content\/uploads\/2026\/04\/61-Frankrig-Languedoc-Limoux-Pinot-Noir-Roedvin-Anne-De-Joyeuse-GARGANTUAVIS-PINOT-NOIR-IGP-Oaked.jpeg","type":"image\/jpeg"}],"twitter_card":"summary_large_image","twitter_misc":{"Ber\u00e4knad l\u00e4stid":"2 minuter"},"schema":{"@context":"https:\/\/schema.org","@graph":[{"@type":"WebPage","@id":"https:\/\/detfranskevinhus.com\/sv\/vare\/anne-de-joyeuse-gargantuavis-pinot-noir-igp-oaked\/","url":"https:\/\/detfranskevinhus.com\/sv\/vare\/anne-de-joyeuse-gargantuavis-pinot-noir-igp-oaked\/","name":"Anne de Joyeuse Gargantuavis Pinot Noir | Pinot Noir | Pays d\u2019Oc","isPartOf":{"@id":"https:\/\/detfranskevinhus.com\/sv\/#website"},"primaryImageOfPage":{"@id":"https:\/\/detfranskevinhus.com\/sv\/vare\/anne-de-joyeuse-gargantuavis-pinot-noir-igp-oaked\/#primaryimage"},"image":{"@id":"https:\/\/detfranskevinhus.com\/sv\/vare\/anne-de-joyeuse-gargantuavis-pinot-noir-igp-oaked\/#primaryimage"},"thumbnailUrl":"https:\/\/detfranskevinhus.com\/wp-content\/uploads\/2026\/04\/61-Frankrig-Languedoc-Limoux-Pinot-Noir-Roedvin-Anne-De-Joyeuse-GARGANTUAVIS-PINOT-NOIR-IGP-Oaked.jpeg","datePublished":"2026-04-06T07:12:09+00:00","dateModified":"2026-04-06T09:37:21+00:00","description":"K\u00f6p Anne de Joyeuse Gargantuavis Pinot Noir 2023. Aromatiskt r\u00f6dvin fr\u00e5n Pays d\u2019Oc med morellk\u00f6rsb\u00e4r, r\u00f6da b\u00e4r, vanilj och mjuk fyllighet.","breadcrumb":{"@id":"https:\/\/detfranskevinhus.com\/sv\/vare\/anne-de-joyeuse-gargantuavis-pinot-noir-igp-oaked\/#breadcrumb"},"inLanguage":"sv-SE","potentialAction":[{"@type":"ReadAction","target":["https:\/\/detfranskevinhus.com\/sv\/vare\/anne-de-joyeuse-gargantuavis-pinot-noir-igp-oaked\/"]}]},{"@type":"ImageObject","inLanguage":"sv-SE","@id":"https:\/\/detfranskevinhus.com\/sv\/vare\/anne-de-joyeuse-gargantuavis-pinot-noir-igp-oaked\/#primaryimage","url":"https:\/\/detfranskevinhus.com\/wp-content\/uploads\/2026\/04\/61-Frankrig-Languedoc-Limoux-Pinot-Noir-Roedvin-Anne-De-Joyeuse-GARGANTUAVIS-PINOT-NOIR-IGP-Oaked.jpeg","contentUrl":"https:\/\/detfranskevinhus.com\/wp-content\/uploads\/2026\/04\/61-Frankrig-Languedoc-Limoux-Pinot-Noir-Roedvin-Anne-De-Joyeuse-GARGANTUAVIS-PINOT-NOIR-IGP-Oaked.jpeg","width":1440,"height":1920,"caption":"Frankrig Languedoc Limoux Pinot Noir R\u00f8dvin Anne De Joyeuse GARGANTUAVIS PINOT NOIR IGP Oaked"},{"@type":"BreadcrumbList","@id":"https:\/\/detfranskevinhus.com\/sv\/vare\/anne-de-joyeuse-gargantuavis-pinot-noir-igp-oaked\/#breadcrumb","itemListElement":[{"@type":"ListItem","position":1,"name":"Shop","item":"https:\/\/detfranskevinhus.com\/sv\/butik\/"},{"@type":"ListItem","position":2,"name":"Anne De Joyeuse GARGANTUAVIS PINOT NOIR IGP Oaked"}]},{"@type":"WebSite","@id":"https:\/\/detfranskevinhus.com\/sv\/#website","url":"https:\/\/detfranskevinhus.com\/sv\/","name":"Det Franske Vinhus","description":"","publisher":{"@id":"https:\/\/detfranskevinhus.com\/sv\/#organization"},"potentialAction":[{"@type":"SearchAction","target":{"@type":"EntryPoint","urlTemplate":"https:\/\/detfranskevinhus.com\/sv\/?s={search_term_string}"},"query-input":{"@type":"PropertyValueSpecification","valueRequired":true,"valueName":"search_term_string"}}],"inLanguage":"sv-SE"},{"@type":"Organization","@id":"https:\/\/detfranskevinhus.com\/sv\/#organization","name":"Det Franske Vinhus","url":"https:\/\/detfranskevinhus.com\/sv\/","logo":{"@type":"ImageObject","inLanguage":"sv-SE","@id":"https:\/\/detfranskevinhus.com\/sv\/#\/schema\/logo\/image\/","url":"https:\/\/detfranskevinhus.com\/wp-content\/uploads\/2023\/07\/01_DFV_Logo_www_01-02-copy.jpg","contentUrl":"https:\/\/detfranskevinhus.com\/wp-content\/uploads\/2023\/07\/01_DFV_Logo_www_01-02-copy.jpg","width":992,"height":482,"caption":"Det Franske Vinhus"},"image":{"@id":"https:\/\/detfranskevinhus.com\/sv\/#\/schema\/logo\/image\/"}}]}},"_links":{"self":[{"href":"https:\/\/detfranskevinhus.com\/sv\/wp-json\/wp\/v2\/product\/1000000033343","targetHints":{"allow":["GET"]}}],"collection":[{"href":"https:\/\/detfranskevinhus.com\/sv\/wp-json\/wp\/v2\/product"}],"about":[{"href":"https:\/\/detfranskevinhus.com\/sv\/wp-json\/wp\/v2\/types\/product"}],"version-history":[{"count":1,"href":"https:\/\/detfranskevinhus.com\/sv\/wp-json\/wp\/v2\/product\/1000000033343\/revisions"}],"predecessor-version":[{"id":1000000033344,"href":"https:\/\/detfranskevinhus.com\/sv\/wp-json\/wp\/v2\/product\/1000000033343\/revisions\/1000000033344"}],"wp:featuredmedia":[{"embeddable":true,"href":"https:\/\/detfranskevinhus.com\/sv\/wp-json\/wp\/v2\/media\/1000000033340"}],"wp:attachment":[{"href":"https:\/\/detfranskevinhus.com\/sv\/wp-json\/wp\/v2\/media?parent=1000000033343"}],"wp:term":[{"taxonomy":"product_brand","embeddable":true,"href":"https:\/\/detfranskevinhus.com\/sv\/wp-json\/wp\/v2\/product_brand?post=1000000033343"},{"taxonomy":"product_cat","embeddable":true,"href":"https:\/\/detfranskevinhus.com\/sv\/wp-json\/wp\/v2\/product_cat?post=1000000033343"},{"taxonomy":"product_tag","embeddable":true,"href":"https:\/\/detfranskevinhus.com\/sv\/wp-json\/wp\/v2\/product_tag?post=1000000033343"}],"curies":[{"name":"wp","href":"https:\/\/api.w.org\/{rel}","templated":true}]}}