{"id":1000000033333,"date":"2026-04-06T09:00:48","date_gmt":"2026-04-06T07:00:48","guid":{"rendered":"https:\/\/detfranskevinhus.com\/?post_type=product&#038;p=1000000033333"},"modified":"2026-04-06T11:37:31","modified_gmt":"2026-04-06T09:37:31","slug":"anne-de-joyeuse-camas-syrah-igp-screwcap-2","status":"publish","type":"product","link":"https:\/\/detfranskevinhus.com\/sv\/vare\/anne-de-joyeuse-camas-syrah-igp-screwcap-2\/","title":{"rendered":"Anne De Joyeuse Camas Syrah IGP Screwcap"},"content":{"rendered":"<p data-start=\"2564\" data-end=\"2917\"><strong data-start=\"2564\" data-end=\"2576\">Ursprung<\/strong><br data-start=\"2576\" data-end=\"2579\" \/>Detta r\u00f6da vin kommer fr\u00e5n Pays d\u2019Oc i s\u00f6dra Frankrike och \u00e4r producerat av Anne de Joyeuse. Camas-serien \u00e4r k\u00e4nd f\u00f6r viner med tydlig druvkarakt\u00e4r, friskhet och finess, och denna Syrah \u00e4r gjord i en gener\u00f6s och solmogen stil med inspiration fr\u00e5n Medelhavet. Vinet framst\u00e5r som en klassisk sydfransk vardagslyx med mycket frukt och charm.<\/p>\n<p data-start=\"2919\" data-end=\"2937\"><strong data-start=\"2919\" data-end=\"2928\">Druva<\/strong><br data-start=\"2928\" data-end=\"2931\" \/>Syrah.<\/p>\n<p data-start=\"2939\" data-end=\"3240\"><strong data-start=\"2939\" data-end=\"2947\">Smak<\/strong><br data-start=\"2947\" data-end=\"2950\" \/>Vinet \u00e4r torrt, medelfylligt till fylligt och runt med en mjuk och saftig smakprofil. H\u00e4r m\u00f6ts m\u00f6rka b\u00e4r, mogna plommon och svarta k\u00f6rsb\u00e4r av inslag av peppar, medelhavskryddor och l\u00e4tt varma kryddiga toner. Det har en behaglig l\u00e4ngd och en friskhet som h\u00e5ller vinet levande och balanserat.<\/p>\n<p data-start=\"3242\" data-end=\"3487\"><strong data-start=\"3242\" data-end=\"3250\">Arom<\/strong><br data-start=\"3250\" data-end=\"3253\" \/>Doften \u00e4r intensiv och inbjudande med toner av m\u00f6rka b\u00e4r, svarta vinb\u00e4r, plommon, svarta k\u00f6rsb\u00e4r och kryddor. H\u00e4r finns ocks\u00e5 en l\u00e4tt sydfransk k\u00e4nsla av varma \u00f6rter och en mogen, fruktdriven karakt\u00e4r som g\u00f6r vinet mycket tilltalande.<\/p>\n<p data-start=\"3489\" data-end=\"3501\"><strong data-start=\"3489\" data-end=\"3501\">Karakt\u00e4r<\/strong><\/p>\n<ul data-start=\"3503\" data-end=\"3736\">\n<li data-section-id=\"z2ehjz\" data-start=\"3503\" data-end=\"3521\">Torrhet: Torrt<\/li>\n<li data-section-id=\"tau2m9\" data-start=\"3522\" data-end=\"3536\">S\u00f6tma: L\u00e5g<\/li>\n<li data-section-id=\"ccmaua\" data-start=\"3537\" data-end=\"3577\">Fyllighet: Medelfylligt till fylligt<\/li>\n<li data-section-id=\"hyikvf\" data-start=\"3578\" data-end=\"3608\">Syra: Frisk och balanserad<\/li>\n<li data-section-id=\"jdn575\" data-start=\"3609\" data-end=\"3642\">Tanniner: Mjuka och avrundade<\/li>\n<li data-section-id=\"1em2v50\" data-start=\"3643\" data-end=\"3697\">Fruktprofil: M\u00f6rka b\u00e4r, plommon och svarta k\u00f6rsb\u00e4r<\/li>\n<li data-section-id=\"l6cjod\" data-start=\"3698\" data-end=\"3736\">Stil: Fruktig, kryddig och charmig<\/li>\n<\/ul>\n<p data-start=\"3738\" data-end=\"3760\"><strong data-start=\"3738\" data-end=\"3749\">Alkohol<\/strong><br data-start=\"3749\" data-end=\"3752\" \/>13% vol.<\/p>\n<p data-start=\"3762\" data-end=\"4088\"><strong data-start=\"3762\" data-end=\"3787\">S\u00e4rskilda k\u00e4nnetecken<\/strong><br data-start=\"3787\" data-end=\"3790\" \/>En sydfransk Syrah med kryddig karakt\u00e4r, rund frukt och frisk avslutning. Etiketten beskriver vinet som en liten resa till Medelhavet, d\u00e4r dess kryddiga smak och v\u00e4nliga stil ger mycket vin f\u00f6r pengarna. Det h\u00e4r \u00e4r ett vin som \u00e4r l\u00e4tt att tycka om och enkelt att servera vid m\u00e5nga olika tillf\u00e4llen.<\/p>\n<p data-start=\"4090\" data-end=\"4338\"><strong data-start=\"4090\" data-end=\"4102\">Matmatch<\/strong><br data-start=\"4102\" data-end=\"4105\" \/>Passar bra till grillade r\u00e4tter, tapas, pizza, pasta, charkuterier, kyckling, fl\u00e4skk\u00f6tt och kryddiga vardagsr\u00e4tter. Det fungerar ocks\u00e5 utm\u00e4rkt p\u00e5 egen hand i glaset n\u00e4r man vill ha ett mjukt och fruktigt r\u00f6dvin utan f\u00f6r mycket tyngd.<\/p>\n","protected":false},"excerpt":{"rendered":"<p>Fruktig och kryddig Syrah fr\u00e5n Pays d\u2019Oc med m\u00f6rka b\u00e4r, plommon och mjuk sydfransk v\u00e4rme. Ett charmigt r\u00f6dvin till grillat, tapas och trevliga middagar.<\/p>\n","protected":false},"featured_media":1000000033330,"template":"","meta":{"_acf_changed":false,"site-sidebar-layout":"default","site-content-layout":"","ast-site-content-layout":"default","site-content-style":"default","site-sidebar-style":"default","ast-global-header-display":"","ast-banner-title-visibility":"","ast-main-header-display":"","ast-hfb-above-header-display":"","ast-hfb-below-header-display":"","ast-hfb-mobile-header-display":"","site-post-title":"","ast-breadcrumbs-content":"","ast-featured-img":"","footer-sml-layout":"","ast-disable-related-posts":"","theme-transparent-header-meta":"default","adv-header-id-meta":"","stick-header-meta":"default","header-above-stick-meta":"","header-main-stick-meta":"","header-below-stick-meta":"","astra-migrate-meta-layouts":"set","ast-page-background-enabled":"default","ast-page-background-meta":{"desktop":{"background-color":"","background-image":"","background-repeat":"repeat","background-position":"center center","background-size":"auto","background-attachment":"scroll","background-type":"","background-media":"","overlay-type":"","overlay-color":"","overlay-opacity":"","overlay-gradient":""},"tablet":{"background-color":"","background-image":"","background-repeat":"repeat","background-position":"center center","background-size":"auto","background-attachment":"scroll","background-type":"","background-media":"","overlay-type":"","overlay-color":"","overlay-opacity":"","overlay-gradient":""},"mobile":{"background-color":"","background-image":"","background-repeat":"repeat","background-position":"center center","background-size":"auto","background-attachment":"scroll","background-type":"","background-media":"","overlay-type":"","overlay-color":"","overlay-opacity":"","overlay-gradient":""}},"ast-content-background-meta":{"desktop":{"background-color":"var(--ast-global-color-5)","background-image":"","background-repeat":"repeat","background-position":"center center","background-size":"auto","background-attachment":"scroll","background-type":"","background-media":"","overlay-type":"","overlay-color":"","overlay-opacity":"","overlay-gradient":""},"tablet":{"background-color":"var(--ast-global-color-5)","background-image":"","background-repeat":"repeat","background-position":"center center","background-size":"auto","background-attachment":"scroll","background-type":"","background-media":"","overlay-type":"","overlay-color":"","overlay-opacity":"","overlay-gradient":""},"mobile":{"background-color":"var(--ast-global-color-5)","background-image":"","background-repeat":"repeat","background-position":"center center","background-size":"auto","background-attachment":"scroll","background-type":"","background-media":"","overlay-type":"","overlay-color":"","overlay-opacity":"","overlay-gradient":""}}},"product_brand":[],"product_cat":[1424,367,1545],"product_tag":[],"class_list":{"0":"post-1000000033333","1":"product","2":"type-product","3":"status-publish","4":"has-post-thumbnail","6":"product_cat-frankrike","7":"product_cat-rott-vin","8":"product_cat-sydfrankrig-languedoc","9":"pa_drue-syrah-sv","10":"pa_vintype-rott-vin-sv","11":"desktop-align-center","12":"tablet-align-center","13":"mobile-align-center","14":"ast-product-gallery-layout-horizontal","15":"ast-product-tabs-layout-horizontal","16":"ast-qv-on-image-click","18":"first","19":"instock","20":"taxable","21":"shipping-taxable","22":"purchasable","23":"product-type-simple"},"group_of_quantity":0,"min_quantity":0,"max_quantity":"","exclude_order_quantity_value_rules":"no","exclude_category_quantity_rules":"no","combine_variations":"no","acf":[],"yoast_head":"<!-- This site is optimized with the Yoast SEO plugin v27.5 - https:\/\/yoast.com\/product\/yoast-seo-wordpress\/ -->\n<title>Anne de Joyeuse Camas Syrah | Kryddigt r\u00f6dvin fr\u00e5n Pays d\u2019Oc<\/title>\n<meta name=\"description\" content=\"K\u00f6p Anne de Joyeuse Camas Syrah 2023. Fruktigt och kryddigt r\u00f6dvin fr\u00e5n Pays d\u2019Oc med m\u00f6rka b\u00e4r, plommon och frisk sydfransk charm.\" \/>\n<meta name=\"robots\" content=\"index, follow, max-snippet:-1, max-image-preview:large, max-video-preview:-1\" \/>\n<link rel=\"canonical\" href=\"https:\/\/detfranskevinhus.com\/sv\/vare\/anne-de-joyeuse-camas-syrah-igp-screwcap-2\/\" \/>\n<meta property=\"og:locale\" content=\"sv_SE\" \/>\n<meta property=\"og:type\" content=\"article\" \/>\n<meta property=\"og:title\" content=\"Anne de Joyeuse Camas Syrah 2023. Sydfransk Syrah med frukt och krydda\" \/>\n<meta property=\"og:description\" content=\"En rund och charmig Syrah fr\u00e5n s\u00f6dra Frankrike med m\u00f6rk frukt, kryddor och frisk balans. Perfekt till grillat, tapas och goda vardagsmiddagar.\" \/>\n<meta property=\"og:url\" content=\"https:\/\/detfranskevinhus.com\/sv\/vare\/anne-de-joyeuse-camas-syrah-igp-screwcap-2\/\" \/>\n<meta property=\"og:site_name\" content=\"Det Franske Vinhus\" \/>\n<meta property=\"article:modified_time\" content=\"2026-04-06T09:37:31+00:00\" \/>\n<meta property=\"og:image\" content=\"https:\/\/detfranskevinhus.com\/wp-content\/uploads\/2026\/04\/57-Frankrig-Languedoc-Limoux-Syrah-Roedvin-Anne-De-Joyeuse-Camas-Syrah-IGP-Screwcap.jpeg\" \/>\n\t<meta property=\"og:image:width\" content=\"1440\" \/>\n\t<meta property=\"og:image:height\" content=\"1920\" \/>\n\t<meta property=\"og:image:type\" content=\"image\/jpeg\" \/>\n<meta name=\"twitter:card\" content=\"summary_large_image\" \/>\n<meta name=\"twitter:label1\" content=\"Ber\u00e4knad l\u00e4stid\" \/>\n\t<meta name=\"twitter:data1\" content=\"2 minuter\" \/>\n<script type=\"application\/ld+json\" class=\"yoast-schema-graph\">{\"@context\":\"https:\\\/\\\/schema.org\",\"@graph\":[{\"@type\":\"WebPage\",\"@id\":\"https:\\\/\\\/detfranskevinhus.com\\\/sv\\\/vare\\\/anne-de-joyeuse-camas-syrah-igp-screwcap-2\\\/\",\"url\":\"https:\\\/\\\/detfranskevinhus.com\\\/sv\\\/vare\\\/anne-de-joyeuse-camas-syrah-igp-screwcap-2\\\/\",\"name\":\"Anne de Joyeuse Camas Syrah | Kryddigt r\u00f6dvin fr\u00e5n Pays d\u2019Oc\",\"isPartOf\":{\"@id\":\"https:\\\/\\\/detfranskevinhus.com\\\/sv\\\/#website\"},\"primaryImageOfPage\":{\"@id\":\"https:\\\/\\\/detfranskevinhus.com\\\/sv\\\/vare\\\/anne-de-joyeuse-camas-syrah-igp-screwcap-2\\\/#primaryimage\"},\"image\":{\"@id\":\"https:\\\/\\\/detfranskevinhus.com\\\/sv\\\/vare\\\/anne-de-joyeuse-camas-syrah-igp-screwcap-2\\\/#primaryimage\"},\"thumbnailUrl\":\"https:\\\/\\\/detfranskevinhus.com\\\/wp-content\\\/uploads\\\/2026\\\/04\\\/57-Frankrig-Languedoc-Limoux-Syrah-Roedvin-Anne-De-Joyeuse-Camas-Syrah-IGP-Screwcap.jpeg\",\"datePublished\":\"2026-04-06T07:00:48+00:00\",\"dateModified\":\"2026-04-06T09:37:31+00:00\",\"description\":\"K\u00f6p Anne de Joyeuse Camas Syrah 2023. Fruktigt och kryddigt r\u00f6dvin fr\u00e5n Pays d\u2019Oc med m\u00f6rka b\u00e4r, plommon och frisk sydfransk charm.\",\"breadcrumb\":{\"@id\":\"https:\\\/\\\/detfranskevinhus.com\\\/sv\\\/vare\\\/anne-de-joyeuse-camas-syrah-igp-screwcap-2\\\/#breadcrumb\"},\"inLanguage\":\"sv-SE\",\"potentialAction\":[{\"@type\":\"ReadAction\",\"target\":[\"https:\\\/\\\/detfranskevinhus.com\\\/sv\\\/vare\\\/anne-de-joyeuse-camas-syrah-igp-screwcap-2\\\/\"]}]},{\"@type\":\"ImageObject\",\"inLanguage\":\"sv-SE\",\"@id\":\"https:\\\/\\\/detfranskevinhus.com\\\/sv\\\/vare\\\/anne-de-joyeuse-camas-syrah-igp-screwcap-2\\\/#primaryimage\",\"url\":\"https:\\\/\\\/detfranskevinhus.com\\\/wp-content\\\/uploads\\\/2026\\\/04\\\/57-Frankrig-Languedoc-Limoux-Syrah-Roedvin-Anne-De-Joyeuse-Camas-Syrah-IGP-Screwcap.jpeg\",\"contentUrl\":\"https:\\\/\\\/detfranskevinhus.com\\\/wp-content\\\/uploads\\\/2026\\\/04\\\/57-Frankrig-Languedoc-Limoux-Syrah-Roedvin-Anne-De-Joyeuse-Camas-Syrah-IGP-Screwcap.jpeg\",\"width\":1440,\"height\":1920},{\"@type\":\"BreadcrumbList\",\"@id\":\"https:\\\/\\\/detfranskevinhus.com\\\/sv\\\/vare\\\/anne-de-joyeuse-camas-syrah-igp-screwcap-2\\\/#breadcrumb\",\"itemListElement\":[{\"@type\":\"ListItem\",\"position\":1,\"name\":\"Shop\",\"item\":\"https:\\\/\\\/detfranskevinhus.com\\\/sv\\\/butik\\\/\"},{\"@type\":\"ListItem\",\"position\":2,\"name\":\"Anne De Joyeuse Camas Syrah IGP Screwcap\"}]},{\"@type\":\"WebSite\",\"@id\":\"https:\\\/\\\/detfranskevinhus.com\\\/sv\\\/#website\",\"url\":\"https:\\\/\\\/detfranskevinhus.com\\\/sv\\\/\",\"name\":\"Det Franske Vinhus\",\"description\":\"\",\"publisher\":{\"@id\":\"https:\\\/\\\/detfranskevinhus.com\\\/sv\\\/#organization\"},\"potentialAction\":[{\"@type\":\"SearchAction\",\"target\":{\"@type\":\"EntryPoint\",\"urlTemplate\":\"https:\\\/\\\/detfranskevinhus.com\\\/sv\\\/?s={search_term_string}\"},\"query-input\":{\"@type\":\"PropertyValueSpecification\",\"valueRequired\":true,\"valueName\":\"search_term_string\"}}],\"inLanguage\":\"sv-SE\"},{\"@type\":\"Organization\",\"@id\":\"https:\\\/\\\/detfranskevinhus.com\\\/sv\\\/#organization\",\"name\":\"Det Franske Vinhus\",\"url\":\"https:\\\/\\\/detfranskevinhus.com\\\/sv\\\/\",\"logo\":{\"@type\":\"ImageObject\",\"inLanguage\":\"sv-SE\",\"@id\":\"https:\\\/\\\/detfranskevinhus.com\\\/sv\\\/#\\\/schema\\\/logo\\\/image\\\/\",\"url\":\"https:\\\/\\\/detfranskevinhus.com\\\/wp-content\\\/uploads\\\/2023\\\/07\\\/01_DFV_Logo_www_01-02-copy.jpg\",\"contentUrl\":\"https:\\\/\\\/detfranskevinhus.com\\\/wp-content\\\/uploads\\\/2023\\\/07\\\/01_DFV_Logo_www_01-02-copy.jpg\",\"width\":992,\"height\":482,\"caption\":\"Det Franske Vinhus\"},\"image\":{\"@id\":\"https:\\\/\\\/detfranskevinhus.com\\\/sv\\\/#\\\/schema\\\/logo\\\/image\\\/\"}}]}<\/script>\n<!-- \/ Yoast SEO plugin. -->","yoast_head_json":{"title":"Anne de Joyeuse Camas Syrah | Kryddigt r\u00f6dvin fr\u00e5n Pays d\u2019Oc","description":"K\u00f6p Anne de Joyeuse Camas Syrah 2023. Fruktigt och kryddigt r\u00f6dvin fr\u00e5n Pays d\u2019Oc med m\u00f6rka b\u00e4r, plommon och frisk sydfransk charm.","robots":{"index":"index","follow":"follow","max-snippet":"max-snippet:-1","max-image-preview":"max-image-preview:large","max-video-preview":"max-video-preview:-1"},"canonical":"https:\/\/detfranskevinhus.com\/sv\/vare\/anne-de-joyeuse-camas-syrah-igp-screwcap-2\/","og_locale":"sv_SE","og_type":"article","og_title":"Anne de Joyeuse Camas Syrah 2023. Sydfransk Syrah med frukt och krydda","og_description":"En rund och charmig Syrah fr\u00e5n s\u00f6dra Frankrike med m\u00f6rk frukt, kryddor och frisk balans. Perfekt till grillat, tapas och goda vardagsmiddagar.","og_url":"https:\/\/detfranskevinhus.com\/sv\/vare\/anne-de-joyeuse-camas-syrah-igp-screwcap-2\/","og_site_name":"Det Franske Vinhus","article_modified_time":"2026-04-06T09:37:31+00:00","og_image":[{"width":1440,"height":1920,"url":"https:\/\/detfranskevinhus.com\/wp-content\/uploads\/2026\/04\/57-Frankrig-Languedoc-Limoux-Syrah-Roedvin-Anne-De-Joyeuse-Camas-Syrah-IGP-Screwcap.jpeg","type":"image\/jpeg"}],"twitter_card":"summary_large_image","twitter_misc":{"Ber\u00e4knad l\u00e4stid":"2 minuter"},"schema":{"@context":"https:\/\/schema.org","@graph":[{"@type":"WebPage","@id":"https:\/\/detfranskevinhus.com\/sv\/vare\/anne-de-joyeuse-camas-syrah-igp-screwcap-2\/","url":"https:\/\/detfranskevinhus.com\/sv\/vare\/anne-de-joyeuse-camas-syrah-igp-screwcap-2\/","name":"Anne de Joyeuse Camas Syrah | Kryddigt r\u00f6dvin fr\u00e5n Pays d\u2019Oc","isPartOf":{"@id":"https:\/\/detfranskevinhus.com\/sv\/#website"},"primaryImageOfPage":{"@id":"https:\/\/detfranskevinhus.com\/sv\/vare\/anne-de-joyeuse-camas-syrah-igp-screwcap-2\/#primaryimage"},"image":{"@id":"https:\/\/detfranskevinhus.com\/sv\/vare\/anne-de-joyeuse-camas-syrah-igp-screwcap-2\/#primaryimage"},"thumbnailUrl":"https:\/\/detfranskevinhus.com\/wp-content\/uploads\/2026\/04\/57-Frankrig-Languedoc-Limoux-Syrah-Roedvin-Anne-De-Joyeuse-Camas-Syrah-IGP-Screwcap.jpeg","datePublished":"2026-04-06T07:00:48+00:00","dateModified":"2026-04-06T09:37:31+00:00","description":"K\u00f6p Anne de Joyeuse Camas Syrah 2023. Fruktigt och kryddigt r\u00f6dvin fr\u00e5n Pays d\u2019Oc med m\u00f6rka b\u00e4r, plommon och frisk sydfransk charm.","breadcrumb":{"@id":"https:\/\/detfranskevinhus.com\/sv\/vare\/anne-de-joyeuse-camas-syrah-igp-screwcap-2\/#breadcrumb"},"inLanguage":"sv-SE","potentialAction":[{"@type":"ReadAction","target":["https:\/\/detfranskevinhus.com\/sv\/vare\/anne-de-joyeuse-camas-syrah-igp-screwcap-2\/"]}]},{"@type":"ImageObject","inLanguage":"sv-SE","@id":"https:\/\/detfranskevinhus.com\/sv\/vare\/anne-de-joyeuse-camas-syrah-igp-screwcap-2\/#primaryimage","url":"https:\/\/detfranskevinhus.com\/wp-content\/uploads\/2026\/04\/57-Frankrig-Languedoc-Limoux-Syrah-Roedvin-Anne-De-Joyeuse-Camas-Syrah-IGP-Screwcap.jpeg","contentUrl":"https:\/\/detfranskevinhus.com\/wp-content\/uploads\/2026\/04\/57-Frankrig-Languedoc-Limoux-Syrah-Roedvin-Anne-De-Joyeuse-Camas-Syrah-IGP-Screwcap.jpeg","width":1440,"height":1920},{"@type":"BreadcrumbList","@id":"https:\/\/detfranskevinhus.com\/sv\/vare\/anne-de-joyeuse-camas-syrah-igp-screwcap-2\/#breadcrumb","itemListElement":[{"@type":"ListItem","position":1,"name":"Shop","item":"https:\/\/detfranskevinhus.com\/sv\/butik\/"},{"@type":"ListItem","position":2,"name":"Anne De Joyeuse Camas Syrah IGP Screwcap"}]},{"@type":"WebSite","@id":"https:\/\/detfranskevinhus.com\/sv\/#website","url":"https:\/\/detfranskevinhus.com\/sv\/","name":"Det Franske Vinhus","description":"","publisher":{"@id":"https:\/\/detfranskevinhus.com\/sv\/#organization"},"potentialAction":[{"@type":"SearchAction","target":{"@type":"EntryPoint","urlTemplate":"https:\/\/detfranskevinhus.com\/sv\/?s={search_term_string}"},"query-input":{"@type":"PropertyValueSpecification","valueRequired":true,"valueName":"search_term_string"}}],"inLanguage":"sv-SE"},{"@type":"Organization","@id":"https:\/\/detfranskevinhus.com\/sv\/#organization","name":"Det Franske Vinhus","url":"https:\/\/detfranskevinhus.com\/sv\/","logo":{"@type":"ImageObject","inLanguage":"sv-SE","@id":"https:\/\/detfranskevinhus.com\/sv\/#\/schema\/logo\/image\/","url":"https:\/\/detfranskevinhus.com\/wp-content\/uploads\/2023\/07\/01_DFV_Logo_www_01-02-copy.jpg","contentUrl":"https:\/\/detfranskevinhus.com\/wp-content\/uploads\/2023\/07\/01_DFV_Logo_www_01-02-copy.jpg","width":992,"height":482,"caption":"Det Franske Vinhus"},"image":{"@id":"https:\/\/detfranskevinhus.com\/sv\/#\/schema\/logo\/image\/"}}]}},"_links":{"self":[{"href":"https:\/\/detfranskevinhus.com\/sv\/wp-json\/wp\/v2\/product\/1000000033333","targetHints":{"allow":["GET"]}}],"collection":[{"href":"https:\/\/detfranskevinhus.com\/sv\/wp-json\/wp\/v2\/product"}],"about":[{"href":"https:\/\/detfranskevinhus.com\/sv\/wp-json\/wp\/v2\/types\/product"}],"version-history":[{"count":1,"href":"https:\/\/detfranskevinhus.com\/sv\/wp-json\/wp\/v2\/product\/1000000033333\/revisions"}],"predecessor-version":[{"id":1000000033334,"href":"https:\/\/detfranskevinhus.com\/sv\/wp-json\/wp\/v2\/product\/1000000033333\/revisions\/1000000033334"}],"wp:featuredmedia":[{"embeddable":true,"href":"https:\/\/detfranskevinhus.com\/sv\/wp-json\/wp\/v2\/media\/1000000033330"}],"wp:attachment":[{"href":"https:\/\/detfranskevinhus.com\/sv\/wp-json\/wp\/v2\/media?parent=1000000033333"}],"wp:term":[{"taxonomy":"product_brand","embeddable":true,"href":"https:\/\/detfranskevinhus.com\/sv\/wp-json\/wp\/v2\/product_brand?post=1000000033333"},{"taxonomy":"product_cat","embeddable":true,"href":"https:\/\/detfranskevinhus.com\/sv\/wp-json\/wp\/v2\/product_cat?post=1000000033333"},{"taxonomy":"product_tag","embeddable":true,"href":"https:\/\/detfranskevinhus.com\/sv\/wp-json\/wp\/v2\/product_tag?post=1000000033333"}],"curies":[{"name":"wp","href":"https:\/\/api.w.org\/{rel}","templated":true}]}}