{"id":1000000033303,"date":"2026-04-06T08:21:06","date_gmt":"2026-04-06T06:21:06","guid":{"rendered":"https:\/\/detfranskevinhus.com\/?post_type=product&#038;p=1000000033303"},"modified":"2026-04-06T11:38:07","modified_gmt":"2026-04-06T09:38:07","slug":"anne-de-joyeuse-bistro-rose","status":"publish","type":"product","link":"https:\/\/detfranskevinhus.com\/sv\/vare\/anne-de-joyeuse-bistro-rose\/","title":{"rendered":"Anne De Joyeuse Bistro Ros\u00e9"},"content":{"rendered":"<p data-start=\"2510\" data-end=\"2885\"><strong data-start=\"2510\" data-end=\"2522\">Ursprung<\/strong><br data-start=\"2522\" data-end=\"2525\" \/>Detta ros\u00e9vin kommer fr\u00e5n Pays d\u2019Oc i s\u00f6dra Frankrike och \u00e4r buteljerat av L\u2019Oustal Anne de Joyeuse. Enligt etiketten \u00e4r vinet skapat som en kombination av tre terroirer, d\u00e4r mineralitet fr\u00e5n den \u00f6vre dalen, rond\u00f6r fr\u00e5n Medelhavet och friskhet fr\u00e5n det oceaniska terroiret m\u00f6ts i samma vin. Det ger en ros\u00e9 med sydfransk charm och ett l\u00e4tt, balanserat uttryck.<\/p>\n<p data-start=\"2887\" data-end=\"2945\"><strong data-start=\"2887\" data-end=\"2896\">Druva<\/strong><br data-start=\"2896\" data-end=\"2899\" \/>Druvorna framg\u00e5r inte av den visade etiketten.<\/p>\n<p data-start=\"2947\" data-end=\"3215\"><strong data-start=\"2947\" data-end=\"2955\">Smak<\/strong><br data-start=\"2955\" data-end=\"2958\" \/>Vinet \u00e4r torrt, fruktigt och v\u00e4lbalanserat med en l\u00e4tt och charmig stil. Smaken drar \u00e5t ljusa r\u00f6da b\u00e4r, citrus och en diskret ton av stenfrukt. Den avrundade frukten och den friska avslutningen g\u00f6r det mycket l\u00e4ttdrucket och anv\u00e4ndbart vid m\u00e5nga tillf\u00e4llen.<\/p>\n<p data-start=\"3217\" data-end=\"3429\"><strong data-start=\"3217\" data-end=\"3225\">Arom<\/strong><br data-start=\"3225\" data-end=\"3228\" \/>Doften \u00e4r inbjudande och frisk med toner av jordgubbar, hallon, citrus och ett l\u00e4tt blommigt inslag. Det finns en fin kombination av frukt och friskhet som ger ett elegant och okomplicerat ros\u00e9uttryck.<\/p>\n<p data-start=\"3431\" data-end=\"3443\"><strong data-start=\"3431\" data-end=\"3443\">Karakt\u00e4r<\/strong><\/p>\n<ul data-start=\"3445\" data-end=\"3647\">\n<li data-section-id=\"z2ehjz\" data-start=\"3445\" data-end=\"3463\">Torrhet: Torrt<\/li>\n<li data-section-id=\"tau2m9\" data-start=\"3464\" data-end=\"3478\">S\u00f6tma: L\u00e5g<\/li>\n<li data-section-id=\"a8okv\" data-start=\"3479\" data-end=\"3516\">Fyllighet: L\u00e4tt till medelfylligt<\/li>\n<li data-section-id=\"hyikvf\" data-start=\"3517\" data-end=\"3547\">Syra: Frisk och balanserad<\/li>\n<li data-section-id=\"eub9ji\" data-start=\"3548\" data-end=\"3606\">Fruktprofil: Ljusa r\u00f6da b\u00e4r, citrus och l\u00e4tt stenfrukt<\/li>\n<li data-section-id=\"12uj07p\" data-start=\"3607\" data-end=\"3647\">Stil: Fruktig, harmonisk och charmig<\/li>\n<\/ul>\n<p data-start=\"3649\" data-end=\"3673\"><strong data-start=\"3649\" data-end=\"3660\">Alkohol<\/strong><br data-start=\"3660\" data-end=\"3663\" \/>12,5% vol.<\/p>\n<p data-start=\"3675\" data-end=\"3978\"><strong data-start=\"3675\" data-end=\"3700\">S\u00e4rskilda k\u00e4nnetecken<\/strong><br data-start=\"3700\" data-end=\"3703\" \/>En klassisk sydfransk ros\u00e9 med fokus p\u00e5 balans, friskhet och l\u00e4tt fruktighet. Etiketten beskriver det som ett vin som passar vid alla tillf\u00e4llen, och det k\u00e4nns faktiskt mitt i prick. Det h\u00e4r \u00e4r en okomplicerad och angen\u00e4m ros\u00e9 som g\u00f6r jobbet utan att spela operahus i glaset.<\/p>\n<p data-start=\"3980\" data-end=\"4225\"><strong data-start=\"3980\" data-end=\"3992\">Matmatch<\/strong><br data-start=\"3992\" data-end=\"3995\" \/>Passar bra till sallader, l\u00e4tta pastar\u00e4tter, grillad fisk, skaldjur, ljust k\u00f6tt och medelhavsinspirerade r\u00e4tter. Det fungerar ocks\u00e5 fint som aperitif eller till sommarlunch, terrasskv\u00e4llar eller bara n\u00e4r solen \u00e4ntligen sk\u00f6ter sig.<\/p>\n","protected":false},"excerpt":{"rendered":"<p>Frisk och charmig ros\u00e9 fr\u00e5n Pays d\u2019Oc med toner av r\u00f6da b\u00e4r, citrus och l\u00e4tt blommiga nyanser. Ett torrt och m\u00e5ngsidigt ros\u00e9vin till aperitif, sallader och l\u00e4tta r\u00e4tter.<\/p>\n","protected":false},"featured_media":1000000033300,"template":"","meta":{"_acf_changed":false,"site-sidebar-layout":"default","site-content-layout":"","ast-site-content-layout":"default","site-content-style":"default","site-sidebar-style":"default","ast-global-header-display":"","ast-banner-title-visibility":"","ast-main-header-display":"","ast-hfb-above-header-display":"","ast-hfb-below-header-display":"","ast-hfb-mobile-header-display":"","site-post-title":"","ast-breadcrumbs-content":"","ast-featured-img":"","footer-sml-layout":"","ast-disable-related-posts":"","theme-transparent-header-meta":"default","adv-header-id-meta":"","stick-header-meta":"default","header-above-stick-meta":"","header-main-stick-meta":"","header-below-stick-meta":"","astra-migrate-meta-layouts":"set","ast-page-background-enabled":"default","ast-page-background-meta":{"desktop":{"background-color":"","background-image":"","background-repeat":"repeat","background-position":"center center","background-size":"auto","background-attachment":"scroll","background-type":"","background-media":"","overlay-type":"","overlay-color":"","overlay-opacity":"","overlay-gradient":""},"tablet":{"background-color":"","background-image":"","background-repeat":"repeat","background-position":"center center","background-size":"auto","background-attachment":"scroll","background-type":"","background-media":"","overlay-type":"","overlay-color":"","overlay-opacity":"","overlay-gradient":""},"mobile":{"background-color":"","background-image":"","background-repeat":"repeat","background-position":"center center","background-size":"auto","background-attachment":"scroll","background-type":"","background-media":"","overlay-type":"","overlay-color":"","overlay-opacity":"","overlay-gradient":""}},"ast-content-background-meta":{"desktop":{"background-color":"var(--ast-global-color-5)","background-image":"","background-repeat":"repeat","background-position":"center center","background-size":"auto","background-attachment":"scroll","background-type":"","background-media":"","overlay-type":"","overlay-color":"","overlay-opacity":"","overlay-gradient":""},"tablet":{"background-color":"var(--ast-global-color-5)","background-image":"","background-repeat":"repeat","background-position":"center center","background-size":"auto","background-attachment":"scroll","background-type":"","background-media":"","overlay-type":"","overlay-color":"","overlay-opacity":"","overlay-gradient":""},"mobile":{"background-color":"var(--ast-global-color-5)","background-image":"","background-repeat":"repeat","background-position":"center center","background-size":"auto","background-attachment":"scroll","background-type":"","background-media":"","overlay-type":"","overlay-color":"","overlay-opacity":"","overlay-gradient":""}}},"product_brand":[],"product_cat":[1424,209,1545],"product_tag":[],"class_list":{"0":"post-1000000033303","1":"product","2":"type-product","3":"status-publish","4":"has-post-thumbnail","6":"product_cat-frankrike","7":"product_cat-rose-sv","8":"product_cat-sydfrankrig-languedoc","9":"pa_drue-cabernet-franc-sv","10":"pa_drue-merlot-sv","11":"pa_vintype-rose-sv","12":"desktop-align-center","13":"tablet-align-center","14":"mobile-align-center","15":"ast-product-gallery-layout-horizontal","16":"ast-product-tabs-layout-horizontal","17":"ast-qv-on-image-click","19":"first","20":"instock","21":"taxable","22":"shipping-taxable","23":"purchasable","24":"product-type-simple"},"group_of_quantity":0,"min_quantity":0,"max_quantity":"","exclude_order_quantity_value_rules":"no","exclude_category_quantity_rules":"no","combine_variations":"no","acf":[],"yoast_head":"<!-- This site is optimized with the Yoast SEO plugin v27.5 - https:\/\/yoast.com\/product\/yoast-seo-wordpress\/ -->\n<title>Bistro Pays d\u2019Oc Ros\u00e9 2024 | Frisk och charmig fransk ros\u00e9<\/title>\n<meta name=\"description\" content=\"K\u00f6p Bistro Pays d\u2019Oc Ros\u00e9 2024. Frisk fransk ros\u00e9 fr\u00e5n Pays d\u2019Oc med r\u00f6da b\u00e4r, citrus och en torr, l\u00e4tt och harmonisk stil.\" \/>\n<meta name=\"robots\" content=\"index, follow, max-snippet:-1, max-image-preview:large, max-video-preview:-1\" \/>\n<link rel=\"canonical\" href=\"https:\/\/detfranskevinhus.com\/sv\/vare\/anne-de-joyeuse-bistro-rose\/\" \/>\n<meta property=\"og:locale\" content=\"sv_SE\" \/>\n<meta property=\"og:type\" content=\"article\" \/>\n<meta property=\"og:title\" content=\"Bistro Pays d\u2019Oc Ros\u00e9 2024. Frisk sydfransk ros\u00e9 med charm\" \/>\n<meta property=\"og:description\" content=\"En l\u00e4tt och v\u00e4lbalanserad ros\u00e9 fr\u00e5n s\u00f6dra Frankrike med r\u00f6da b\u00e4r, citrus och frisk elegans. Perfekt till sommarmat, aperitif och avslappnade stunder.\" \/>\n<meta property=\"og:url\" content=\"https:\/\/detfranskevinhus.com\/sv\/vare\/anne-de-joyeuse-bistro-rose\/\" \/>\n<meta property=\"og:site_name\" content=\"Det Franske Vinhus\" \/>\n<meta property=\"article:modified_time\" content=\"2026-04-06T09:38:07+00:00\" \/>\n<meta property=\"og:image\" content=\"https:\/\/detfranskevinhus.com\/wp-content\/uploads\/2026\/04\/49-Frankrig-Languedoc-Limoux-Merlot-Cabernet-Franc-Rosevin-Anne-De-Joyeuse-Bistro-Rose.jpeg\" \/>\n\t<meta property=\"og:image:width\" content=\"1440\" \/>\n\t<meta property=\"og:image:height\" content=\"1920\" \/>\n\t<meta property=\"og:image:type\" content=\"image\/jpeg\" \/>\n<meta name=\"twitter:card\" content=\"summary_large_image\" \/>\n<meta name=\"twitter:label1\" content=\"Ber\u00e4knad l\u00e4stid\" \/>\n\t<meta name=\"twitter:data1\" content=\"2 minuter\" \/>\n<script type=\"application\/ld+json\" class=\"yoast-schema-graph\">{\"@context\":\"https:\\\/\\\/schema.org\",\"@graph\":[{\"@type\":\"WebPage\",\"@id\":\"https:\\\/\\\/detfranskevinhus.com\\\/sv\\\/vare\\\/anne-de-joyeuse-bistro-rose\\\/\",\"url\":\"https:\\\/\\\/detfranskevinhus.com\\\/sv\\\/vare\\\/anne-de-joyeuse-bistro-rose\\\/\",\"name\":\"Bistro Pays d\u2019Oc Ros\u00e9 2024 | Frisk och charmig fransk ros\u00e9\",\"isPartOf\":{\"@id\":\"https:\\\/\\\/detfranskevinhus.com\\\/sv\\\/#website\"},\"primaryImageOfPage\":{\"@id\":\"https:\\\/\\\/detfranskevinhus.com\\\/sv\\\/vare\\\/anne-de-joyeuse-bistro-rose\\\/#primaryimage\"},\"image\":{\"@id\":\"https:\\\/\\\/detfranskevinhus.com\\\/sv\\\/vare\\\/anne-de-joyeuse-bistro-rose\\\/#primaryimage\"},\"thumbnailUrl\":\"https:\\\/\\\/detfranskevinhus.com\\\/wp-content\\\/uploads\\\/2026\\\/04\\\/49-Frankrig-Languedoc-Limoux-Merlot-Cabernet-Franc-Rosevin-Anne-De-Joyeuse-Bistro-Rose.jpeg\",\"datePublished\":\"2026-04-06T06:21:06+00:00\",\"dateModified\":\"2026-04-06T09:38:07+00:00\",\"description\":\"K\u00f6p Bistro Pays d\u2019Oc Ros\u00e9 2024. Frisk fransk ros\u00e9 fr\u00e5n Pays d\u2019Oc med r\u00f6da b\u00e4r, citrus och en torr, l\u00e4tt och harmonisk stil.\",\"breadcrumb\":{\"@id\":\"https:\\\/\\\/detfranskevinhus.com\\\/sv\\\/vare\\\/anne-de-joyeuse-bistro-rose\\\/#breadcrumb\"},\"inLanguage\":\"sv-SE\",\"potentialAction\":[{\"@type\":\"ReadAction\",\"target\":[\"https:\\\/\\\/detfranskevinhus.com\\\/sv\\\/vare\\\/anne-de-joyeuse-bistro-rose\\\/\"]}]},{\"@type\":\"ImageObject\",\"inLanguage\":\"sv-SE\",\"@id\":\"https:\\\/\\\/detfranskevinhus.com\\\/sv\\\/vare\\\/anne-de-joyeuse-bistro-rose\\\/#primaryimage\",\"url\":\"https:\\\/\\\/detfranskevinhus.com\\\/wp-content\\\/uploads\\\/2026\\\/04\\\/49-Frankrig-Languedoc-Limoux-Merlot-Cabernet-Franc-Rosevin-Anne-De-Joyeuse-Bistro-Rose.jpeg\",\"contentUrl\":\"https:\\\/\\\/detfranskevinhus.com\\\/wp-content\\\/uploads\\\/2026\\\/04\\\/49-Frankrig-Languedoc-Limoux-Merlot-Cabernet-Franc-Rosevin-Anne-De-Joyeuse-Bistro-Rose.jpeg\",\"width\":1440,\"height\":1920,\"caption\":\"Frankrig Languedoc Limoux Merlot Cabernet Franc Ros\u00e9vin Anne De Joyeuse Bistro Ros\u00e9\"},{\"@type\":\"BreadcrumbList\",\"@id\":\"https:\\\/\\\/detfranskevinhus.com\\\/sv\\\/vare\\\/anne-de-joyeuse-bistro-rose\\\/#breadcrumb\",\"itemListElement\":[{\"@type\":\"ListItem\",\"position\":1,\"name\":\"Shop\",\"item\":\"https:\\\/\\\/detfranskevinhus.com\\\/sv\\\/butik\\\/\"},{\"@type\":\"ListItem\",\"position\":2,\"name\":\"Anne De Joyeuse Bistro Ros\u00e9\"}]},{\"@type\":\"WebSite\",\"@id\":\"https:\\\/\\\/detfranskevinhus.com\\\/sv\\\/#website\",\"url\":\"https:\\\/\\\/detfranskevinhus.com\\\/sv\\\/\",\"name\":\"Det Franske Vinhus\",\"description\":\"\",\"publisher\":{\"@id\":\"https:\\\/\\\/detfranskevinhus.com\\\/sv\\\/#organization\"},\"potentialAction\":[{\"@type\":\"SearchAction\",\"target\":{\"@type\":\"EntryPoint\",\"urlTemplate\":\"https:\\\/\\\/detfranskevinhus.com\\\/sv\\\/?s={search_term_string}\"},\"query-input\":{\"@type\":\"PropertyValueSpecification\",\"valueRequired\":true,\"valueName\":\"search_term_string\"}}],\"inLanguage\":\"sv-SE\"},{\"@type\":\"Organization\",\"@id\":\"https:\\\/\\\/detfranskevinhus.com\\\/sv\\\/#organization\",\"name\":\"Det Franske Vinhus\",\"url\":\"https:\\\/\\\/detfranskevinhus.com\\\/sv\\\/\",\"logo\":{\"@type\":\"ImageObject\",\"inLanguage\":\"sv-SE\",\"@id\":\"https:\\\/\\\/detfranskevinhus.com\\\/sv\\\/#\\\/schema\\\/logo\\\/image\\\/\",\"url\":\"https:\\\/\\\/detfranskevinhus.com\\\/wp-content\\\/uploads\\\/2023\\\/07\\\/01_DFV_Logo_www_01-02-copy.jpg\",\"contentUrl\":\"https:\\\/\\\/detfranskevinhus.com\\\/wp-content\\\/uploads\\\/2023\\\/07\\\/01_DFV_Logo_www_01-02-copy.jpg\",\"width\":992,\"height\":482,\"caption\":\"Det Franske Vinhus\"},\"image\":{\"@id\":\"https:\\\/\\\/detfranskevinhus.com\\\/sv\\\/#\\\/schema\\\/logo\\\/image\\\/\"}}]}<\/script>\n<!-- \/ Yoast SEO plugin. -->","yoast_head_json":{"title":"Bistro Pays d\u2019Oc Ros\u00e9 2024 | Frisk och charmig fransk ros\u00e9","description":"K\u00f6p Bistro Pays d\u2019Oc Ros\u00e9 2024. Frisk fransk ros\u00e9 fr\u00e5n Pays d\u2019Oc med r\u00f6da b\u00e4r, citrus och en torr, l\u00e4tt och harmonisk stil.","robots":{"index":"index","follow":"follow","max-snippet":"max-snippet:-1","max-image-preview":"max-image-preview:large","max-video-preview":"max-video-preview:-1"},"canonical":"https:\/\/detfranskevinhus.com\/sv\/vare\/anne-de-joyeuse-bistro-rose\/","og_locale":"sv_SE","og_type":"article","og_title":"Bistro Pays d\u2019Oc Ros\u00e9 2024. Frisk sydfransk ros\u00e9 med charm","og_description":"En l\u00e4tt och v\u00e4lbalanserad ros\u00e9 fr\u00e5n s\u00f6dra Frankrike med r\u00f6da b\u00e4r, citrus och frisk elegans. Perfekt till sommarmat, aperitif och avslappnade stunder.","og_url":"https:\/\/detfranskevinhus.com\/sv\/vare\/anne-de-joyeuse-bistro-rose\/","og_site_name":"Det Franske Vinhus","article_modified_time":"2026-04-06T09:38:07+00:00","og_image":[{"width":1440,"height":1920,"url":"https:\/\/detfranskevinhus.com\/wp-content\/uploads\/2026\/04\/49-Frankrig-Languedoc-Limoux-Merlot-Cabernet-Franc-Rosevin-Anne-De-Joyeuse-Bistro-Rose.jpeg","type":"image\/jpeg"}],"twitter_card":"summary_large_image","twitter_misc":{"Ber\u00e4knad l\u00e4stid":"2 minuter"},"schema":{"@context":"https:\/\/schema.org","@graph":[{"@type":"WebPage","@id":"https:\/\/detfranskevinhus.com\/sv\/vare\/anne-de-joyeuse-bistro-rose\/","url":"https:\/\/detfranskevinhus.com\/sv\/vare\/anne-de-joyeuse-bistro-rose\/","name":"Bistro Pays d\u2019Oc Ros\u00e9 2024 | Frisk och charmig fransk ros\u00e9","isPartOf":{"@id":"https:\/\/detfranskevinhus.com\/sv\/#website"},"primaryImageOfPage":{"@id":"https:\/\/detfranskevinhus.com\/sv\/vare\/anne-de-joyeuse-bistro-rose\/#primaryimage"},"image":{"@id":"https:\/\/detfranskevinhus.com\/sv\/vare\/anne-de-joyeuse-bistro-rose\/#primaryimage"},"thumbnailUrl":"https:\/\/detfranskevinhus.com\/wp-content\/uploads\/2026\/04\/49-Frankrig-Languedoc-Limoux-Merlot-Cabernet-Franc-Rosevin-Anne-De-Joyeuse-Bistro-Rose.jpeg","datePublished":"2026-04-06T06:21:06+00:00","dateModified":"2026-04-06T09:38:07+00:00","description":"K\u00f6p Bistro Pays d\u2019Oc Ros\u00e9 2024. Frisk fransk ros\u00e9 fr\u00e5n Pays d\u2019Oc med r\u00f6da b\u00e4r, citrus och en torr, l\u00e4tt och harmonisk stil.","breadcrumb":{"@id":"https:\/\/detfranskevinhus.com\/sv\/vare\/anne-de-joyeuse-bistro-rose\/#breadcrumb"},"inLanguage":"sv-SE","potentialAction":[{"@type":"ReadAction","target":["https:\/\/detfranskevinhus.com\/sv\/vare\/anne-de-joyeuse-bistro-rose\/"]}]},{"@type":"ImageObject","inLanguage":"sv-SE","@id":"https:\/\/detfranskevinhus.com\/sv\/vare\/anne-de-joyeuse-bistro-rose\/#primaryimage","url":"https:\/\/detfranskevinhus.com\/wp-content\/uploads\/2026\/04\/49-Frankrig-Languedoc-Limoux-Merlot-Cabernet-Franc-Rosevin-Anne-De-Joyeuse-Bistro-Rose.jpeg","contentUrl":"https:\/\/detfranskevinhus.com\/wp-content\/uploads\/2026\/04\/49-Frankrig-Languedoc-Limoux-Merlot-Cabernet-Franc-Rosevin-Anne-De-Joyeuse-Bistro-Rose.jpeg","width":1440,"height":1920,"caption":"Frankrig Languedoc Limoux Merlot Cabernet Franc Ros\u00e9vin Anne De Joyeuse Bistro Ros\u00e9"},{"@type":"BreadcrumbList","@id":"https:\/\/detfranskevinhus.com\/sv\/vare\/anne-de-joyeuse-bistro-rose\/#breadcrumb","itemListElement":[{"@type":"ListItem","position":1,"name":"Shop","item":"https:\/\/detfranskevinhus.com\/sv\/butik\/"},{"@type":"ListItem","position":2,"name":"Anne De Joyeuse Bistro Ros\u00e9"}]},{"@type":"WebSite","@id":"https:\/\/detfranskevinhus.com\/sv\/#website","url":"https:\/\/detfranskevinhus.com\/sv\/","name":"Det Franske Vinhus","description":"","publisher":{"@id":"https:\/\/detfranskevinhus.com\/sv\/#organization"},"potentialAction":[{"@type":"SearchAction","target":{"@type":"EntryPoint","urlTemplate":"https:\/\/detfranskevinhus.com\/sv\/?s={search_term_string}"},"query-input":{"@type":"PropertyValueSpecification","valueRequired":true,"valueName":"search_term_string"}}],"inLanguage":"sv-SE"},{"@type":"Organization","@id":"https:\/\/detfranskevinhus.com\/sv\/#organization","name":"Det Franske Vinhus","url":"https:\/\/detfranskevinhus.com\/sv\/","logo":{"@type":"ImageObject","inLanguage":"sv-SE","@id":"https:\/\/detfranskevinhus.com\/sv\/#\/schema\/logo\/image\/","url":"https:\/\/detfranskevinhus.com\/wp-content\/uploads\/2023\/07\/01_DFV_Logo_www_01-02-copy.jpg","contentUrl":"https:\/\/detfranskevinhus.com\/wp-content\/uploads\/2023\/07\/01_DFV_Logo_www_01-02-copy.jpg","width":992,"height":482,"caption":"Det Franske Vinhus"},"image":{"@id":"https:\/\/detfranskevinhus.com\/sv\/#\/schema\/logo\/image\/"}}]}},"_links":{"self":[{"href":"https:\/\/detfranskevinhus.com\/sv\/wp-json\/wp\/v2\/product\/1000000033303","targetHints":{"allow":["GET"]}}],"collection":[{"href":"https:\/\/detfranskevinhus.com\/sv\/wp-json\/wp\/v2\/product"}],"about":[{"href":"https:\/\/detfranskevinhus.com\/sv\/wp-json\/wp\/v2\/types\/product"}],"version-history":[{"count":1,"href":"https:\/\/detfranskevinhus.com\/sv\/wp-json\/wp\/v2\/product\/1000000033303\/revisions"}],"predecessor-version":[{"id":1000000033304,"href":"https:\/\/detfranskevinhus.com\/sv\/wp-json\/wp\/v2\/product\/1000000033303\/revisions\/1000000033304"}],"wp:featuredmedia":[{"embeddable":true,"href":"https:\/\/detfranskevinhus.com\/sv\/wp-json\/wp\/v2\/media\/1000000033300"}],"wp:attachment":[{"href":"https:\/\/detfranskevinhus.com\/sv\/wp-json\/wp\/v2\/media?parent=1000000033303"}],"wp:term":[{"taxonomy":"product_brand","embeddable":true,"href":"https:\/\/detfranskevinhus.com\/sv\/wp-json\/wp\/v2\/product_brand?post=1000000033303"},{"taxonomy":"product_cat","embeddable":true,"href":"https:\/\/detfranskevinhus.com\/sv\/wp-json\/wp\/v2\/product_cat?post=1000000033303"},{"taxonomy":"product_tag","embeddable":true,"href":"https:\/\/detfranskevinhus.com\/sv\/wp-json\/wp\/v2\/product_tag?post=1000000033303"}],"curies":[{"name":"wp","href":"https:\/\/api.w.org\/{rel}","templated":true}]}}