{"id":1000000033257,"date":"2026-04-05T14:08:55","date_gmt":"2026-04-05T12:08:55","guid":{"rendered":"https:\/\/detfranskevinhus.com\/?post_type=product&#038;p=1000000033257"},"modified":"2026-04-06T11:38:50","modified_gmt":"2026-04-06T09:38:50","slug":"chateau-le-bouis-grand-vin-2024-aop-languedoc","status":"publish","type":"product","link":"https:\/\/detfranskevinhus.com\/sv\/vare\/chateau-le-bouis-grand-vin-2024-aop-languedoc\/","title":{"rendered":"Ch\u00e2teau Le Bou\u00ees : Grand Vin 2024 AOP Languedoc"},"content":{"rendered":"<p data-start=\"2688\" data-end=\"3113\"><strong data-start=\"2688\" data-end=\"2700\">Ursprung<\/strong><br data-start=\"2700\" data-end=\"2703\" \/>Detta vita vin kommer fr\u00e5n Languedoc i s\u00f6dra Frankrike och \u00e4r producerat av Ch\u00e2teau Le Bou\u00efs. Cuv\u00e9en \u00e4r skapad som husets signaturvin och g\u00f6rs p\u00e5 gamla stockar, bland annat Grenache Blanc planterad 1986. Enligt etiketten har vinet lagrats i b\u00e5de k\u00e4rl och barriques i producentens bioklimatiska k\u00e4llare, vilket ger ett vin med b\u00e5de fyllighet, elegans och tydligt terroiruttryck. Vinet \u00e4r ekologiskt certifierat.<\/p>\n<p data-start=\"3115\" data-end=\"3166\"><strong data-start=\"3115\" data-end=\"3124\">Druva<\/strong><br data-start=\"3124\" data-end=\"3127\" \/>Grenache Blanc, Marsanne och Roussanne.<\/p>\n<p data-start=\"3168\" data-end=\"3460\"><strong data-start=\"3168\" data-end=\"3176\">Smak<\/strong><br data-start=\"3176\" data-end=\"3179\" \/>Vinet \u00e4r torrt, rikt och opulant med en intensiv och fyllig smakprofil. H\u00e4r m\u00f6ts mogna vita frukter av florala nyanser, fin mineralitet och en vacker sp\u00e4nst i avslutet. Smaken har b\u00e5de bredd och friskhet, vilket g\u00f6r att vinet upplevs gener\u00f6st men samtidigt balanserat och livfullt.<\/p>\n<p data-start=\"3462\" data-end=\"3678\"><strong data-start=\"3462\" data-end=\"3470\">Arom<\/strong><br data-start=\"3470\" data-end=\"3473\" \/>Doften \u00e4r elegant och raffinerad med toner av vita frukter, blommiga inslag och klassiska garrigue-blommor. Det finns ocks\u00e5 en diskret v\u00e4rme och ett djup i uttrycket som ger vinet karakt\u00e4r och komplexitet.<\/p>\n<p data-start=\"3680\" data-end=\"3692\"><strong data-start=\"3680\" data-end=\"3692\">Karakt\u00e4r<\/strong><\/p>\n<ul data-start=\"3694\" data-end=\"3845\">\n<li data-section-id=\"1rheuob\" data-start=\"3694\" data-end=\"3711\">Torrhet: Torr<\/li>\n<li data-section-id=\"tau2m9\" data-start=\"3712\" data-end=\"3726\">S\u00f6tma: L\u00e5g<\/li>\n<li data-section-id=\"anw4m7\" data-start=\"3727\" data-end=\"3749\">Fyllighet: Fylligt<\/li>\n<li data-section-id=\"hyikvf\" data-start=\"3750\" data-end=\"3780\">Syra: Frisk och balanserad<\/li>\n<li data-section-id=\"5ayg79\" data-start=\"3781\" data-end=\"3804\">Mineralitet: Tydlig<\/li>\n<li data-section-id=\"1lqjrfj\" data-start=\"3805\" data-end=\"3845\">Stil: Rik, elegant och terroirdriven<\/li>\n<\/ul>\n<p data-start=\"3847\" data-end=\"3871\"><strong data-start=\"3847\" data-end=\"3858\">Alkohol<\/strong><br data-start=\"3858\" data-end=\"3861\" \/>13,5% vol.<\/p>\n<p data-start=\"3873\" data-end=\"4213\"><strong data-start=\"3873\" data-end=\"3898\">S\u00e4rskilda k\u00e4nnetecken<\/strong><br data-start=\"3898\" data-end=\"3901\" \/>Ett ekologiskt vitt vin fr\u00e5n Languedoc med stor fyllighet och finess. Kombinationen av Grenache Blanc, Marsanne och Roussanne ger b\u00e5de mogen frukt, florala nyanser och mineralitet, medan lagringen i k\u00e4rl och barriques tillf\u00f6r extra djup och struktur. Ett vitt vin med b\u00e5de karakt\u00e4r, sp\u00e4nst och gastronomisk h\u00f6jd.<\/p>\n<p data-start=\"4215\" data-end=\"4484\"><strong data-start=\"4215\" data-end=\"4227\">Matmatch<\/strong><br data-start=\"4227\" data-end=\"4230\" \/>Passar s\u00e4rskilt bra till fisk, ljusa k\u00f6ttr\u00e4tter och r\u00e4tter d\u00e4r det g\u00e4rna f\u00e5r finnas lite fyllighet och textur. Det fungerar ocks\u00e5 utm\u00e4rkt till kr\u00e4miga r\u00e4tter, ljust f\u00e5gelk\u00f6tt och mer eleganta serveringar d\u00e4r vinets rikedom och mineralitet f\u00e5r komma fram.<\/p>\n","protected":false},"excerpt":{"rendered":"<p>Fylligt och elegant ekologiskt vitt vin fr\u00e5n Languedoc med vita frukter, blommor och mineralisk sp\u00e4nst. Ett karakt\u00e4rsfullt vin till fisk, ljust k\u00f6tt och eleganta r\u00e4tter.<\/p>\n","protected":false},"featured_media":1000000033254,"template":"","meta":{"_acf_changed":false,"site-sidebar-layout":"default","site-content-layout":"","ast-site-content-layout":"default","site-content-style":"default","site-sidebar-style":"default","ast-global-header-display":"","ast-banner-title-visibility":"","ast-main-header-display":"","ast-hfb-above-header-display":"","ast-hfb-below-header-display":"","ast-hfb-mobile-header-display":"","site-post-title":"","ast-breadcrumbs-content":"","ast-featured-img":"","footer-sml-layout":"","ast-disable-related-posts":"","theme-transparent-header-meta":"default","adv-header-id-meta":"","stick-header-meta":"default","header-above-stick-meta":"","header-main-stick-meta":"","header-below-stick-meta":"","astra-migrate-meta-layouts":"set","ast-page-background-enabled":"default","ast-page-background-meta":{"desktop":{"background-color":"","background-image":"","background-repeat":"repeat","background-position":"center center","background-size":"auto","background-attachment":"scroll","background-type":"","background-media":"","overlay-type":"","overlay-color":"","overlay-opacity":"","overlay-gradient":""},"tablet":{"background-color":"","background-image":"","background-repeat":"repeat","background-position":"center center","background-size":"auto","background-attachment":"scroll","background-type":"","background-media":"","overlay-type":"","overlay-color":"","overlay-opacity":"","overlay-gradient":""},"mobile":{"background-color":"","background-image":"","background-repeat":"repeat","background-position":"center center","background-size":"auto","background-attachment":"scroll","background-type":"","background-media":"","overlay-type":"","overlay-color":"","overlay-opacity":"","overlay-gradient":""}},"ast-content-background-meta":{"desktop":{"background-color":"var(--ast-global-color-5)","background-image":"","background-repeat":"repeat","background-position":"center center","background-size":"auto","background-attachment":"scroll","background-type":"","background-media":"","overlay-type":"","overlay-color":"","overlay-opacity":"","overlay-gradient":""},"tablet":{"background-color":"var(--ast-global-color-5)","background-image":"","background-repeat":"repeat","background-position":"center center","background-size":"auto","background-attachment":"scroll","background-type":"","background-media":"","overlay-type":"","overlay-color":"","overlay-opacity":"","overlay-gradient":""},"mobile":{"background-color":"var(--ast-global-color-5)","background-image":"","background-repeat":"repeat","background-position":"center center","background-size":"auto","background-attachment":"scroll","background-type":"","background-media":"","overlay-type":"","overlay-color":"","overlay-opacity":"","overlay-gradient":""}}},"product_brand":[],"product_cat":[1424,1545,370],"product_tag":[],"class_list":{"0":"post-1000000033257","1":"product","2":"type-product","3":"status-publish","4":"has-post-thumbnail","6":"product_cat-frankrike","7":"product_cat-sydfrankrig-languedoc","8":"product_cat-vitt-vin","9":"pa_drue-grenache-blanc-sv","10":"pa_drue-marsanne-sv","11":"pa_drue-roussanne-sv","12":"pa_vintype-vitt-vin-sv","13":"desktop-align-center","14":"tablet-align-center","15":"mobile-align-center","16":"ast-product-gallery-layout-horizontal","17":"ast-product-tabs-layout-horizontal","18":"ast-qv-on-image-click","20":"first","21":"instock","22":"taxable","23":"shipping-taxable","24":"purchasable","25":"product-type-simple"},"group_of_quantity":0,"min_quantity":0,"max_quantity":"","exclude_order_quantity_value_rules":"no","exclude_category_quantity_rules":"no","combine_variations":"no","acf":[],"yoast_head":"<!-- This site is optimized with the Yoast SEO plugin v27.4 - https:\/\/yoast.com\/product\/yoast-seo-wordpress\/ -->\n<title>Ch\u00e2teau Le Bou\u00efs Grand Vin Blanc | Eko | Vitt vin fr\u00e5n Languedoc<\/title>\n<meta name=\"description\" content=\"K\u00f6p Ch\u00e2teau Le Bou\u00efs Grand Vin Blanc 2024. Ekologiskt vitt vin fr\u00e5n Languedoc med vita frukter, garrigueblommor, mineralitet och elegant fyllighet.\" \/>\n<meta name=\"robots\" content=\"index, follow, max-snippet:-1, max-image-preview:large, max-video-preview:-1\" \/>\n<link rel=\"canonical\" href=\"https:\/\/detfranskevinhus.com\/sv\/vare\/chateau-le-bouis-grand-vin-2024-aop-languedoc\/\" \/>\n<meta property=\"og:locale\" content=\"sv_SE\" \/>\n<meta property=\"og:type\" content=\"article\" \/>\n<meta property=\"og:title\" content=\"Ch\u00e2teau Le Bou\u00efs Grand Vin Blanc 2024. Ekologisk Languedoc med fyllighet\" \/>\n<meta property=\"og:description\" content=\"Ett rikt och elegant ekologiskt vitt vin med vita frukter, florala toner och fin mineralitet. Ett sp\u00e4nnande val till fisk, ljust k\u00f6tt och goda middagar.\" \/>\n<meta property=\"og:url\" content=\"https:\/\/detfranskevinhus.com\/sv\/vare\/chateau-le-bouis-grand-vin-2024-aop-languedoc\/\" \/>\n<meta property=\"og:site_name\" content=\"Det Franske Vinhus\" \/>\n<meta property=\"article:modified_time\" content=\"2026-04-06T09:38:50+00:00\" \/>\n<meta property=\"og:image\" content=\"https:\/\/detfranskevinhus.com\/wp-content\/uploads\/2026\/04\/114-Frankrig-languedoc-Gruissan-Grenache-Blanc-Marsanne-Roussanne-Hvidvin-Chateau-Le-Bouis-Grand-Vin-2024-AOP-Languedoc.jpeg\" \/>\n\t<meta property=\"og:image:width\" content=\"1440\" \/>\n\t<meta property=\"og:image:height\" content=\"1920\" \/>\n\t<meta property=\"og:image:type\" content=\"image\/jpeg\" \/>\n<meta name=\"twitter:card\" content=\"summary_large_image\" \/>\n<meta name=\"twitter:label1\" content=\"Ber\u00e4knad l\u00e4stid\" \/>\n\t<meta name=\"twitter:data1\" content=\"2 minuter\" \/>\n<script type=\"application\/ld+json\" class=\"yoast-schema-graph\">{\"@context\":\"https:\\\/\\\/schema.org\",\"@graph\":[{\"@type\":\"WebPage\",\"@id\":\"https:\\\/\\\/detfranskevinhus.com\\\/sv\\\/vare\\\/chateau-le-bouis-grand-vin-2024-aop-languedoc\\\/\",\"url\":\"https:\\\/\\\/detfranskevinhus.com\\\/sv\\\/vare\\\/chateau-le-bouis-grand-vin-2024-aop-languedoc\\\/\",\"name\":\"Ch\u00e2teau Le Bou\u00efs Grand Vin Blanc | Eko | Vitt vin fr\u00e5n Languedoc\",\"isPartOf\":{\"@id\":\"https:\\\/\\\/detfranskevinhus.com\\\/sv\\\/#website\"},\"primaryImageOfPage\":{\"@id\":\"https:\\\/\\\/detfranskevinhus.com\\\/sv\\\/vare\\\/chateau-le-bouis-grand-vin-2024-aop-languedoc\\\/#primaryimage\"},\"image\":{\"@id\":\"https:\\\/\\\/detfranskevinhus.com\\\/sv\\\/vare\\\/chateau-le-bouis-grand-vin-2024-aop-languedoc\\\/#primaryimage\"},\"thumbnailUrl\":\"https:\\\/\\\/detfranskevinhus.com\\\/wp-content\\\/uploads\\\/2026\\\/04\\\/114-Frankrig-languedoc-Gruissan-Grenache-Blanc-Marsanne-Roussanne-Hvidvin-Chateau-Le-Bouis-Grand-Vin-2024-AOP-Languedoc.jpeg\",\"datePublished\":\"2026-04-05T12:08:55+00:00\",\"dateModified\":\"2026-04-06T09:38:50+00:00\",\"description\":\"K\u00f6p Ch\u00e2teau Le Bou\u00efs Grand Vin Blanc 2024. Ekologiskt vitt vin fr\u00e5n Languedoc med vita frukter, garrigueblommor, mineralitet och elegant fyllighet.\",\"breadcrumb\":{\"@id\":\"https:\\\/\\\/detfranskevinhus.com\\\/sv\\\/vare\\\/chateau-le-bouis-grand-vin-2024-aop-languedoc\\\/#breadcrumb\"},\"inLanguage\":\"sv-SE\",\"potentialAction\":[{\"@type\":\"ReadAction\",\"target\":[\"https:\\\/\\\/detfranskevinhus.com\\\/sv\\\/vare\\\/chateau-le-bouis-grand-vin-2024-aop-languedoc\\\/\"]}]},{\"@type\":\"ImageObject\",\"inLanguage\":\"sv-SE\",\"@id\":\"https:\\\/\\\/detfranskevinhus.com\\\/sv\\\/vare\\\/chateau-le-bouis-grand-vin-2024-aop-languedoc\\\/#primaryimage\",\"url\":\"https:\\\/\\\/detfranskevinhus.com\\\/wp-content\\\/uploads\\\/2026\\\/04\\\/114-Frankrig-languedoc-Gruissan-Grenache-Blanc-Marsanne-Roussanne-Hvidvin-Chateau-Le-Bouis-Grand-Vin-2024-AOP-Languedoc.jpeg\",\"contentUrl\":\"https:\\\/\\\/detfranskevinhus.com\\\/wp-content\\\/uploads\\\/2026\\\/04\\\/114-Frankrig-languedoc-Gruissan-Grenache-Blanc-Marsanne-Roussanne-Hvidvin-Chateau-Le-Bouis-Grand-Vin-2024-AOP-Languedoc.jpeg\",\"width\":1440,\"height\":1920,\"caption\":\"Frankrig languedoc Gruissan Grenache Blanc Marsanne Roussanne Hvidvin Ch\u00e2teau Le Bou\u00ees Grand Vin 2024 AOP Languedoc\"},{\"@type\":\"BreadcrumbList\",\"@id\":\"https:\\\/\\\/detfranskevinhus.com\\\/sv\\\/vare\\\/chateau-le-bouis-grand-vin-2024-aop-languedoc\\\/#breadcrumb\",\"itemListElement\":[{\"@type\":\"ListItem\",\"position\":1,\"name\":\"Shop\",\"item\":\"https:\\\/\\\/detfranskevinhus.com\\\/sv\\\/butik\\\/\"},{\"@type\":\"ListItem\",\"position\":2,\"name\":\"Ch\u00e2teau Le Bou\u00ees : Grand Vin 2024 AOP Languedoc\"}]},{\"@type\":\"WebSite\",\"@id\":\"https:\\\/\\\/detfranskevinhus.com\\\/sv\\\/#website\",\"url\":\"https:\\\/\\\/detfranskevinhus.com\\\/sv\\\/\",\"name\":\"Det Franske Vinhus\",\"description\":\"\",\"publisher\":{\"@id\":\"https:\\\/\\\/detfranskevinhus.com\\\/sv\\\/#organization\"},\"potentialAction\":[{\"@type\":\"SearchAction\",\"target\":{\"@type\":\"EntryPoint\",\"urlTemplate\":\"https:\\\/\\\/detfranskevinhus.com\\\/sv\\\/?s={search_term_string}\"},\"query-input\":{\"@type\":\"PropertyValueSpecification\",\"valueRequired\":true,\"valueName\":\"search_term_string\"}}],\"inLanguage\":\"sv-SE\"},{\"@type\":\"Organization\",\"@id\":\"https:\\\/\\\/detfranskevinhus.com\\\/sv\\\/#organization\",\"name\":\"Det Franske Vinhus\",\"url\":\"https:\\\/\\\/detfranskevinhus.com\\\/sv\\\/\",\"logo\":{\"@type\":\"ImageObject\",\"inLanguage\":\"sv-SE\",\"@id\":\"https:\\\/\\\/detfranskevinhus.com\\\/sv\\\/#\\\/schema\\\/logo\\\/image\\\/\",\"url\":\"https:\\\/\\\/detfranskevinhus.com\\\/wp-content\\\/uploads\\\/2023\\\/07\\\/01_DFV_Logo_www_01-02-copy.jpg\",\"contentUrl\":\"https:\\\/\\\/detfranskevinhus.com\\\/wp-content\\\/uploads\\\/2023\\\/07\\\/01_DFV_Logo_www_01-02-copy.jpg\",\"width\":992,\"height\":482,\"caption\":\"Det Franske Vinhus\"},\"image\":{\"@id\":\"https:\\\/\\\/detfranskevinhus.com\\\/sv\\\/#\\\/schema\\\/logo\\\/image\\\/\"}}]}<\/script>\n<!-- \/ Yoast SEO plugin. -->","yoast_head_json":{"title":"Ch\u00e2teau Le Bou\u00efs Grand Vin Blanc | Eko | Vitt vin fr\u00e5n Languedoc","description":"K\u00f6p Ch\u00e2teau Le Bou\u00efs Grand Vin Blanc 2024. Ekologiskt vitt vin fr\u00e5n Languedoc med vita frukter, garrigueblommor, mineralitet och elegant fyllighet.","robots":{"index":"index","follow":"follow","max-snippet":"max-snippet:-1","max-image-preview":"max-image-preview:large","max-video-preview":"max-video-preview:-1"},"canonical":"https:\/\/detfranskevinhus.com\/sv\/vare\/chateau-le-bouis-grand-vin-2024-aop-languedoc\/","og_locale":"sv_SE","og_type":"article","og_title":"Ch\u00e2teau Le Bou\u00efs Grand Vin Blanc 2024. Ekologisk Languedoc med fyllighet","og_description":"Ett rikt och elegant ekologiskt vitt vin med vita frukter, florala toner och fin mineralitet. Ett sp\u00e4nnande val till fisk, ljust k\u00f6tt och goda middagar.","og_url":"https:\/\/detfranskevinhus.com\/sv\/vare\/chateau-le-bouis-grand-vin-2024-aop-languedoc\/","og_site_name":"Det Franske Vinhus","article_modified_time":"2026-04-06T09:38:50+00:00","og_image":[{"width":1440,"height":1920,"url":"https:\/\/detfranskevinhus.com\/wp-content\/uploads\/2026\/04\/114-Frankrig-languedoc-Gruissan-Grenache-Blanc-Marsanne-Roussanne-Hvidvin-Chateau-Le-Bouis-Grand-Vin-2024-AOP-Languedoc.jpeg","type":"image\/jpeg"}],"twitter_card":"summary_large_image","twitter_misc":{"Ber\u00e4knad l\u00e4stid":"2 minuter"},"schema":{"@context":"https:\/\/schema.org","@graph":[{"@type":"WebPage","@id":"https:\/\/detfranskevinhus.com\/sv\/vare\/chateau-le-bouis-grand-vin-2024-aop-languedoc\/","url":"https:\/\/detfranskevinhus.com\/sv\/vare\/chateau-le-bouis-grand-vin-2024-aop-languedoc\/","name":"Ch\u00e2teau Le Bou\u00efs Grand Vin Blanc | Eko | Vitt vin fr\u00e5n Languedoc","isPartOf":{"@id":"https:\/\/detfranskevinhus.com\/sv\/#website"},"primaryImageOfPage":{"@id":"https:\/\/detfranskevinhus.com\/sv\/vare\/chateau-le-bouis-grand-vin-2024-aop-languedoc\/#primaryimage"},"image":{"@id":"https:\/\/detfranskevinhus.com\/sv\/vare\/chateau-le-bouis-grand-vin-2024-aop-languedoc\/#primaryimage"},"thumbnailUrl":"https:\/\/detfranskevinhus.com\/wp-content\/uploads\/2026\/04\/114-Frankrig-languedoc-Gruissan-Grenache-Blanc-Marsanne-Roussanne-Hvidvin-Chateau-Le-Bouis-Grand-Vin-2024-AOP-Languedoc.jpeg","datePublished":"2026-04-05T12:08:55+00:00","dateModified":"2026-04-06T09:38:50+00:00","description":"K\u00f6p Ch\u00e2teau Le Bou\u00efs Grand Vin Blanc 2024. Ekologiskt vitt vin fr\u00e5n Languedoc med vita frukter, garrigueblommor, mineralitet och elegant fyllighet.","breadcrumb":{"@id":"https:\/\/detfranskevinhus.com\/sv\/vare\/chateau-le-bouis-grand-vin-2024-aop-languedoc\/#breadcrumb"},"inLanguage":"sv-SE","potentialAction":[{"@type":"ReadAction","target":["https:\/\/detfranskevinhus.com\/sv\/vare\/chateau-le-bouis-grand-vin-2024-aop-languedoc\/"]}]},{"@type":"ImageObject","inLanguage":"sv-SE","@id":"https:\/\/detfranskevinhus.com\/sv\/vare\/chateau-le-bouis-grand-vin-2024-aop-languedoc\/#primaryimage","url":"https:\/\/detfranskevinhus.com\/wp-content\/uploads\/2026\/04\/114-Frankrig-languedoc-Gruissan-Grenache-Blanc-Marsanne-Roussanne-Hvidvin-Chateau-Le-Bouis-Grand-Vin-2024-AOP-Languedoc.jpeg","contentUrl":"https:\/\/detfranskevinhus.com\/wp-content\/uploads\/2026\/04\/114-Frankrig-languedoc-Gruissan-Grenache-Blanc-Marsanne-Roussanne-Hvidvin-Chateau-Le-Bouis-Grand-Vin-2024-AOP-Languedoc.jpeg","width":1440,"height":1920,"caption":"Frankrig languedoc Gruissan Grenache Blanc Marsanne Roussanne Hvidvin Ch\u00e2teau Le Bou\u00ees Grand Vin 2024 AOP Languedoc"},{"@type":"BreadcrumbList","@id":"https:\/\/detfranskevinhus.com\/sv\/vare\/chateau-le-bouis-grand-vin-2024-aop-languedoc\/#breadcrumb","itemListElement":[{"@type":"ListItem","position":1,"name":"Shop","item":"https:\/\/detfranskevinhus.com\/sv\/butik\/"},{"@type":"ListItem","position":2,"name":"Ch\u00e2teau Le Bou\u00ees : Grand Vin 2024 AOP Languedoc"}]},{"@type":"WebSite","@id":"https:\/\/detfranskevinhus.com\/sv\/#website","url":"https:\/\/detfranskevinhus.com\/sv\/","name":"Det Franske Vinhus","description":"","publisher":{"@id":"https:\/\/detfranskevinhus.com\/sv\/#organization"},"potentialAction":[{"@type":"SearchAction","target":{"@type":"EntryPoint","urlTemplate":"https:\/\/detfranskevinhus.com\/sv\/?s={search_term_string}"},"query-input":{"@type":"PropertyValueSpecification","valueRequired":true,"valueName":"search_term_string"}}],"inLanguage":"sv-SE"},{"@type":"Organization","@id":"https:\/\/detfranskevinhus.com\/sv\/#organization","name":"Det Franske Vinhus","url":"https:\/\/detfranskevinhus.com\/sv\/","logo":{"@type":"ImageObject","inLanguage":"sv-SE","@id":"https:\/\/detfranskevinhus.com\/sv\/#\/schema\/logo\/image\/","url":"https:\/\/detfranskevinhus.com\/wp-content\/uploads\/2023\/07\/01_DFV_Logo_www_01-02-copy.jpg","contentUrl":"https:\/\/detfranskevinhus.com\/wp-content\/uploads\/2023\/07\/01_DFV_Logo_www_01-02-copy.jpg","width":992,"height":482,"caption":"Det Franske Vinhus"},"image":{"@id":"https:\/\/detfranskevinhus.com\/sv\/#\/schema\/logo\/image\/"}}]}},"_links":{"self":[{"href":"https:\/\/detfranskevinhus.com\/sv\/wp-json\/wp\/v2\/product\/1000000033257","targetHints":{"allow":["GET"]}}],"collection":[{"href":"https:\/\/detfranskevinhus.com\/sv\/wp-json\/wp\/v2\/product"}],"about":[{"href":"https:\/\/detfranskevinhus.com\/sv\/wp-json\/wp\/v2\/types\/product"}],"version-history":[{"count":1,"href":"https:\/\/detfranskevinhus.com\/sv\/wp-json\/wp\/v2\/product\/1000000033257\/revisions"}],"predecessor-version":[{"id":1000000033258,"href":"https:\/\/detfranskevinhus.com\/sv\/wp-json\/wp\/v2\/product\/1000000033257\/revisions\/1000000033258"}],"wp:featuredmedia":[{"embeddable":true,"href":"https:\/\/detfranskevinhus.com\/sv\/wp-json\/wp\/v2\/media\/1000000033254"}],"wp:attachment":[{"href":"https:\/\/detfranskevinhus.com\/sv\/wp-json\/wp\/v2\/media?parent=1000000033257"}],"wp:term":[{"taxonomy":"product_brand","embeddable":true,"href":"https:\/\/detfranskevinhus.com\/sv\/wp-json\/wp\/v2\/product_brand?post=1000000033257"},{"taxonomy":"product_cat","embeddable":true,"href":"https:\/\/detfranskevinhus.com\/sv\/wp-json\/wp\/v2\/product_cat?post=1000000033257"},{"taxonomy":"product_tag","embeddable":true,"href":"https:\/\/detfranskevinhus.com\/sv\/wp-json\/wp\/v2\/product_tag?post=1000000033257"}],"curies":[{"name":"wp","href":"https:\/\/api.w.org\/{rel}","templated":true}]}}