{"id":1000000033237,"date":"2026-04-05T13:17:55","date_gmt":"2026-04-05T11:17:55","guid":{"rendered":"https:\/\/detfranskevinhus.com\/?post_type=product&#038;p=1000000033237"},"modified":"2026-04-09T11:20:39","modified_gmt":"2026-04-09T09:20:39","slug":"thibuat-charlot-champagne-blanc-de-noir-la-sixieme-2018-millesime","status":"publish","type":"product","link":"https:\/\/detfranskevinhus.com\/sv\/vare\/thibuat-charlot-champagne-blanc-de-noir-la-sixieme-2018-millesime\/","title":{"rendered":"Thibuat-Charlot Champagne &#8211; Blanc de Noir La Sixi\u00e9me 2018 Mill\u00e9sime"},"content":{"rendered":"<p data-start=\"2810\" data-end=\"3289\"><strong data-start=\"2810\" data-end=\"2822\">Ursprung<\/strong><br data-start=\"2822\" data-end=\"2825\" \/>Denna champagne kommer fr\u00e5n Mutigny i Champagne i Frankrike och \u00e4r producerad av Thibaut-Charlot, ett familjehus med r\u00f6tter tillbaka till 1850. Cuv\u00e9en heter La Sixi\u00e8me och presenteras p\u00e5 etiketten som husets \u00e5rg\u00e5ngschampagne fr\u00e5n sj\u00e4tte generationen. Den \u00e4r klassificerad som Premier Cru, gjord som Blanc de Noirs och kommer uteslutande fr\u00e5n producentens sydv\u00e4nda sluttningar i Mutigny. Enligt etiketten har vinet lagrats 6 m\u00e5nader p\u00e5 ekfat redan fr\u00e5n pressningen.<\/p>\n<p data-start=\"3291\" data-end=\"3314\"><strong data-start=\"3291\" data-end=\"3300\">Druva<\/strong><br data-start=\"3300\" data-end=\"3303\" \/>Pinot Noir.<\/p>\n<p data-start=\"3316\" data-end=\"3676\"><strong data-start=\"3316\" data-end=\"3324\">Smak<\/strong><br data-start=\"3324\" data-end=\"3327\" \/>Champagnen \u00e4r torr, fyllig och elegant med en mer vin\u00f6s och strukturerad stil \u00e4n m\u00e5nga l\u00e4ttare champagner. Som Blanc de Noirs p\u00e5 Pinot Noir har den vanligtvis en djupare fruktprofil, fin kropp och en snygg balans mellan friskhet och mognad. Den torra Brut-stilen ger ett rent och precist uttryck med fina bubblor och ett l\u00e5ngt, gastronomiskt avslut.<\/p>\n<p data-start=\"3678\" data-end=\"3914\"><strong data-start=\"3678\" data-end=\"3686\">Arom<\/strong><br data-start=\"3686\" data-end=\"3689\" \/>Doften kan f\u00f6rv\u00e4ntas vara komplex och karakt\u00e4rsfull med toner av mogna \u00e4pplen, citrus, ljusa r\u00f6da b\u00e4r, brioche och l\u00e4tt rostade nyanser. Fadlagringen kan ocks\u00e5 bidra med diskreta kryddiga och kr\u00e4miga toner som ger extra djup.<\/p>\n<p data-start=\"3916\" data-end=\"3928\"><strong data-start=\"3916\" data-end=\"3928\">Karakt\u00e4r<\/strong><\/p>\n<ul data-start=\"3930\" data-end=\"4102\">\n<li data-section-id=\"1rheuob\" data-start=\"3930\" data-end=\"3947\">Torrhet: Torr<\/li>\n<li data-section-id=\"tau2m9\" data-start=\"3948\" data-end=\"3962\">S\u00f6tma: L\u00e5g<\/li>\n<li data-section-id=\"e4rc9u\" data-start=\"3963\" data-end=\"4001\">Fyllighet: Medelfyllig till fyllig<\/li>\n<li data-section-id=\"neou57\" data-start=\"4002\" data-end=\"4028\">Syra: Frisk och livlig<\/li>\n<li data-section-id=\"pnegnu\" data-start=\"4029\" data-end=\"4060\">Bubblor: Fina och ih\u00e5llande<\/li>\n<li data-section-id=\"14shk9i\" data-start=\"4061\" data-end=\"4102\">Stil: Vin\u00f6s, strukturerad och elegant<\/li>\n<\/ul>\n<p data-start=\"4104\" data-end=\"4126\"><strong data-start=\"4104\" data-end=\"4115\">Alkohol<\/strong><br data-start=\"4115\" data-end=\"4118\" \/>12% vol.<\/p>\n<p data-start=\"4128\" data-end=\"4456\"><strong data-start=\"4128\" data-end=\"4153\">S\u00e4rskilda k\u00e4nnetecken<\/strong><br data-start=\"4153\" data-end=\"4156\" \/>En \u00e5rg\u00e5ngschampagne Blanc de Noirs Premier Cru gjord p\u00e5 100% Pinot Noir fr\u00e5n sydv\u00e4nda sluttningar i Mutigny. Etiketten lyfter fram att vinet lagrats 6 m\u00e5nader p\u00e5 ekfat redan fr\u00e5n pressningen, vilket ger en mer komplex och gastronomisk stil. Det h\u00e4r \u00e4r en champagne med b\u00e5de struktur, djup och finess.<\/p>\n<p data-start=\"4458\" data-end=\"4709\"><strong data-start=\"4458\" data-end=\"4470\">Matmatch<\/strong><br data-start=\"4470\" data-end=\"4473\" \/>Passar s\u00e4rskilt bra till skaldjur, stekt fisk, pilgrimsmusslor, ljust f\u00e5gelk\u00f6tt och eleganta f\u00f6rr\u00e4tter. Den \u00e4r ocks\u00e5 ett utm\u00e4rkt val som matchampagne till r\u00e4tter d\u00e4r man vill ha mer fyllighet och karakt\u00e4r \u00e4n i en helt l\u00e4tt aperitifstil.<\/p>\n","protected":false},"excerpt":{"rendered":"<p>Elegant \u00e5rg\u00e5ngschampagne fr\u00e5n Mutigny gjord p\u00e5 100% Pinot Noir. En Premier Cru Blanc de Noirs med fina bubblor, struktur och vackert djup.<\/p>\n","protected":false},"featured_media":1000000033235,"template":"","meta":{"_acf_changed":false,"site-sidebar-layout":"default","site-content-layout":"","ast-site-content-layout":"default","site-content-style":"default","site-sidebar-style":"default","ast-global-header-display":"","ast-banner-title-visibility":"","ast-main-header-display":"","ast-hfb-above-header-display":"","ast-hfb-below-header-display":"","ast-hfb-mobile-header-display":"","site-post-title":"","ast-breadcrumbs-content":"","ast-featured-img":"","footer-sml-layout":"","ast-disable-related-posts":"","theme-transparent-header-meta":"default","adv-header-id-meta":"","stick-header-meta":"default","header-above-stick-meta":"","header-main-stick-meta":"","header-below-stick-meta":"","astra-migrate-meta-layouts":"set","ast-page-background-enabled":"default","ast-page-background-meta":{"desktop":{"background-color":"","background-image":"","background-repeat":"repeat","background-position":"center center","background-size":"auto","background-attachment":"scroll","background-type":"","background-media":"","overlay-type":"","overlay-color":"","overlay-opacity":"","overlay-gradient":""},"tablet":{"background-color":"","background-image":"","background-repeat":"repeat","background-position":"center center","background-size":"auto","background-attachment":"scroll","background-type":"","background-media":"","overlay-type":"","overlay-color":"","overlay-opacity":"","overlay-gradient":""},"mobile":{"background-color":"","background-image":"","background-repeat":"repeat","background-position":"center center","background-size":"auto","background-attachment":"scroll","background-type":"","background-media":"","overlay-type":"","overlay-color":"","overlay-opacity":"","overlay-gradient":""}},"ast-content-background-meta":{"desktop":{"background-color":"var(--ast-global-color-5)","background-image":"","background-repeat":"repeat","background-position":"center center","background-size":"auto","background-attachment":"scroll","background-type":"","background-media":"","overlay-type":"","overlay-color":"","overlay-opacity":"","overlay-gradient":""},"tablet":{"background-color":"var(--ast-global-color-5)","background-image":"","background-repeat":"repeat","background-position":"center center","background-size":"auto","background-attachment":"scroll","background-type":"","background-media":"","overlay-type":"","overlay-color":"","overlay-opacity":"","overlay-gradient":""},"mobile":{"background-color":"var(--ast-global-color-5)","background-image":"","background-repeat":"repeat","background-position":"center center","background-size":"auto","background-attachment":"scroll","background-type":"","background-media":"","overlay-type":"","overlay-color":"","overlay-opacity":"","overlay-gradient":""}}},"product_brand":[],"product_cat":[817,1424,695],"product_tag":[],"class_list":{"0":"post-1000000033237","1":"product","2":"type-product","3":"status-publish","4":"has-post-thumbnail","6":"product_cat-champagne-sv","7":"product_cat-frankrike","8":"product_cat-sparkling-wine-sv","9":"pa_drue-chardonnay-sv","10":"pa_vintype-sparkling-wine-sv","11":"desktop-align-center","12":"tablet-align-center","13":"mobile-align-center","14":"ast-product-gallery-layout-horizontal","15":"ast-product-tabs-layout-horizontal","16":"ast-qv-on-image-click","18":"first","19":"instock","20":"taxable","21":"shipping-taxable","22":"purchasable","23":"product-type-simple"},"group_of_quantity":0,"min_quantity":0,"max_quantity":"","exclude_order_quantity_value_rules":"no","exclude_category_quantity_rules":"no","combine_variations":"no","acf":[],"yoast_head":"<!-- This site is optimized with the Yoast SEO plugin v27.4 - https:\/\/yoast.com\/product\/yoast-seo-wordpress\/ -->\n<title>Thibaut-Charlot La Sixi\u00e8me | Blanc de Noirs Premier Cru Champagne<\/title>\n<meta name=\"description\" content=\"K\u00f6p Thibaut-Charlot La Sixi\u00e8me Blanc de Noirs 2018. Premier Cru \u00e5rg\u00e5ngschampagne p\u00e5 Pinot Noir med finess, djup och elegant struktur.\" \/>\n<meta name=\"robots\" content=\"index, follow, max-snippet:-1, max-image-preview:large, max-video-preview:-1\" \/>\n<link rel=\"canonical\" href=\"https:\/\/detfranskevinhus.com\/sv\/vare\/thibuat-charlot-champagne-blanc-de-noir-la-sixieme-2018-millesime\/\" \/>\n<meta property=\"og:locale\" content=\"sv_SE\" \/>\n<meta property=\"og:type\" content=\"article\" \/>\n<meta property=\"og:title\" content=\"Thibaut-Charlot La Sixi\u00e8me 2018. Premier Cru Blanc de Noirs\" \/>\n<meta property=\"og:description\" content=\"En karakt\u00e4rsfull och elegant \u00e5rg\u00e5ngschampagne p\u00e5 Pinot Noir fr\u00e5n Mutigny. Fina bubblor, snygg struktur och en gastronomisk stil med djup och finess.\" \/>\n<meta property=\"og:url\" content=\"https:\/\/detfranskevinhus.com\/sv\/vare\/thibuat-charlot-champagne-blanc-de-noir-la-sixieme-2018-millesime\/\" \/>\n<meta property=\"og:site_name\" content=\"Det Franske Vinhus\" \/>\n<meta property=\"article:modified_time\" content=\"2026-04-09T09:20:39+00:00\" \/>\n<meta property=\"og:image\" content=\"https:\/\/detfranskevinhus.com\/wp-content\/uploads\/2026\/04\/106-Frankrig-Champagne-Mutigny-Chardonnay-Mousserende-vi-Thibuat-Charlot-Champagne-Blanc-de-Noir-La-Sixieme-2018-Millesime.jpeg\" \/>\n\t<meta property=\"og:image:width\" content=\"1440\" \/>\n\t<meta property=\"og:image:height\" content=\"1920\" \/>\n\t<meta property=\"og:image:type\" content=\"image\/jpeg\" \/>\n<meta name=\"twitter:card\" content=\"summary_large_image\" \/>\n<meta name=\"twitter:label1\" content=\"Ber\u00e4knad l\u00e4stid\" \/>\n\t<meta name=\"twitter:data1\" content=\"2 minuter\" \/>\n<script type=\"application\/ld+json\" class=\"yoast-schema-graph\">{\"@context\":\"https:\\\/\\\/schema.org\",\"@graph\":[{\"@type\":\"WebPage\",\"@id\":\"https:\\\/\\\/detfranskevinhus.com\\\/sv\\\/vare\\\/thibuat-charlot-champagne-blanc-de-noir-la-sixieme-2018-millesime\\\/\",\"url\":\"https:\\\/\\\/detfranskevinhus.com\\\/sv\\\/vare\\\/thibuat-charlot-champagne-blanc-de-noir-la-sixieme-2018-millesime\\\/\",\"name\":\"Thibaut-Charlot La Sixi\u00e8me | Blanc de Noirs Premier Cru Champagne\",\"isPartOf\":{\"@id\":\"https:\\\/\\\/detfranskevinhus.com\\\/sv\\\/#website\"},\"primaryImageOfPage\":{\"@id\":\"https:\\\/\\\/detfranskevinhus.com\\\/sv\\\/vare\\\/thibuat-charlot-champagne-blanc-de-noir-la-sixieme-2018-millesime\\\/#primaryimage\"},\"image\":{\"@id\":\"https:\\\/\\\/detfranskevinhus.com\\\/sv\\\/vare\\\/thibuat-charlot-champagne-blanc-de-noir-la-sixieme-2018-millesime\\\/#primaryimage\"},\"thumbnailUrl\":\"https:\\\/\\\/detfranskevinhus.com\\\/wp-content\\\/uploads\\\/2026\\\/04\\\/106-Frankrig-Champagne-Mutigny-Chardonnay-Mousserende-vi-Thibuat-Charlot-Champagne-Blanc-de-Noir-La-Sixieme-2018-Millesime.jpeg\",\"datePublished\":\"2026-04-05T11:17:55+00:00\",\"dateModified\":\"2026-04-09T09:20:39+00:00\",\"description\":\"K\u00f6p Thibaut-Charlot La Sixi\u00e8me Blanc de Noirs 2018. Premier Cru \u00e5rg\u00e5ngschampagne p\u00e5 Pinot Noir med finess, djup och elegant struktur.\",\"breadcrumb\":{\"@id\":\"https:\\\/\\\/detfranskevinhus.com\\\/sv\\\/vare\\\/thibuat-charlot-champagne-blanc-de-noir-la-sixieme-2018-millesime\\\/#breadcrumb\"},\"inLanguage\":\"sv-SE\",\"potentialAction\":[{\"@type\":\"ReadAction\",\"target\":[\"https:\\\/\\\/detfranskevinhus.com\\\/sv\\\/vare\\\/thibuat-charlot-champagne-blanc-de-noir-la-sixieme-2018-millesime\\\/\"]}]},{\"@type\":\"ImageObject\",\"inLanguage\":\"sv-SE\",\"@id\":\"https:\\\/\\\/detfranskevinhus.com\\\/sv\\\/vare\\\/thibuat-charlot-champagne-blanc-de-noir-la-sixieme-2018-millesime\\\/#primaryimage\",\"url\":\"https:\\\/\\\/detfranskevinhus.com\\\/wp-content\\\/uploads\\\/2026\\\/04\\\/106-Frankrig-Champagne-Mutigny-Chardonnay-Mousserende-vi-Thibuat-Charlot-Champagne-Blanc-de-Noir-La-Sixieme-2018-Millesime.jpeg\",\"contentUrl\":\"https:\\\/\\\/detfranskevinhus.com\\\/wp-content\\\/uploads\\\/2026\\\/04\\\/106-Frankrig-Champagne-Mutigny-Chardonnay-Mousserende-vi-Thibuat-Charlot-Champagne-Blanc-de-Noir-La-Sixieme-2018-Millesime.jpeg\",\"width\":1440,\"height\":1920,\"caption\":\"Frankrig Champagne Mutigny Chardonnay Mousserende vi Thibuat-Charlot Champagne -Blanc de Noir La Sixi\u00e9me 2018 Mill\u00e9sime\"},{\"@type\":\"BreadcrumbList\",\"@id\":\"https:\\\/\\\/detfranskevinhus.com\\\/sv\\\/vare\\\/thibuat-charlot-champagne-blanc-de-noir-la-sixieme-2018-millesime\\\/#breadcrumb\",\"itemListElement\":[{\"@type\":\"ListItem\",\"position\":1,\"name\":\"Shop\",\"item\":\"https:\\\/\\\/detfranskevinhus.com\\\/sv\\\/butik\\\/\"},{\"@type\":\"ListItem\",\"position\":2,\"name\":\"Thibuat-Charlot Champagne &#8211; Blanc de Noir La Sixi\u00e9me 2018 Mill\u00e9sime\"}]},{\"@type\":\"WebSite\",\"@id\":\"https:\\\/\\\/detfranskevinhus.com\\\/sv\\\/#website\",\"url\":\"https:\\\/\\\/detfranskevinhus.com\\\/sv\\\/\",\"name\":\"Det Franske Vinhus\",\"description\":\"\",\"publisher\":{\"@id\":\"https:\\\/\\\/detfranskevinhus.com\\\/sv\\\/#organization\"},\"potentialAction\":[{\"@type\":\"SearchAction\",\"target\":{\"@type\":\"EntryPoint\",\"urlTemplate\":\"https:\\\/\\\/detfranskevinhus.com\\\/sv\\\/?s={search_term_string}\"},\"query-input\":{\"@type\":\"PropertyValueSpecification\",\"valueRequired\":true,\"valueName\":\"search_term_string\"}}],\"inLanguage\":\"sv-SE\"},{\"@type\":\"Organization\",\"@id\":\"https:\\\/\\\/detfranskevinhus.com\\\/sv\\\/#organization\",\"name\":\"Det Franske Vinhus\",\"url\":\"https:\\\/\\\/detfranskevinhus.com\\\/sv\\\/\",\"logo\":{\"@type\":\"ImageObject\",\"inLanguage\":\"sv-SE\",\"@id\":\"https:\\\/\\\/detfranskevinhus.com\\\/sv\\\/#\\\/schema\\\/logo\\\/image\\\/\",\"url\":\"https:\\\/\\\/detfranskevinhus.com\\\/wp-content\\\/uploads\\\/2023\\\/07\\\/01_DFV_Logo_www_01-02-copy.jpg\",\"contentUrl\":\"https:\\\/\\\/detfranskevinhus.com\\\/wp-content\\\/uploads\\\/2023\\\/07\\\/01_DFV_Logo_www_01-02-copy.jpg\",\"width\":992,\"height\":482,\"caption\":\"Det Franske Vinhus\"},\"image\":{\"@id\":\"https:\\\/\\\/detfranskevinhus.com\\\/sv\\\/#\\\/schema\\\/logo\\\/image\\\/\"}}]}<\/script>\n<!-- \/ Yoast SEO plugin. -->","yoast_head_json":{"title":"Thibaut-Charlot La Sixi\u00e8me | Blanc de Noirs Premier Cru Champagne","description":"K\u00f6p Thibaut-Charlot La Sixi\u00e8me Blanc de Noirs 2018. Premier Cru \u00e5rg\u00e5ngschampagne p\u00e5 Pinot Noir med finess, djup och elegant struktur.","robots":{"index":"index","follow":"follow","max-snippet":"max-snippet:-1","max-image-preview":"max-image-preview:large","max-video-preview":"max-video-preview:-1"},"canonical":"https:\/\/detfranskevinhus.com\/sv\/vare\/thibuat-charlot-champagne-blanc-de-noir-la-sixieme-2018-millesime\/","og_locale":"sv_SE","og_type":"article","og_title":"Thibaut-Charlot La Sixi\u00e8me 2018. Premier Cru Blanc de Noirs","og_description":"En karakt\u00e4rsfull och elegant \u00e5rg\u00e5ngschampagne p\u00e5 Pinot Noir fr\u00e5n Mutigny. Fina bubblor, snygg struktur och en gastronomisk stil med djup och finess.","og_url":"https:\/\/detfranskevinhus.com\/sv\/vare\/thibuat-charlot-champagne-blanc-de-noir-la-sixieme-2018-millesime\/","og_site_name":"Det Franske Vinhus","article_modified_time":"2026-04-09T09:20:39+00:00","og_image":[{"width":1440,"height":1920,"url":"https:\/\/detfranskevinhus.com\/wp-content\/uploads\/2026\/04\/106-Frankrig-Champagne-Mutigny-Chardonnay-Mousserende-vi-Thibuat-Charlot-Champagne-Blanc-de-Noir-La-Sixieme-2018-Millesime.jpeg","type":"image\/jpeg"}],"twitter_card":"summary_large_image","twitter_misc":{"Ber\u00e4knad l\u00e4stid":"2 minuter"},"schema":{"@context":"https:\/\/schema.org","@graph":[{"@type":"WebPage","@id":"https:\/\/detfranskevinhus.com\/sv\/vare\/thibuat-charlot-champagne-blanc-de-noir-la-sixieme-2018-millesime\/","url":"https:\/\/detfranskevinhus.com\/sv\/vare\/thibuat-charlot-champagne-blanc-de-noir-la-sixieme-2018-millesime\/","name":"Thibaut-Charlot La Sixi\u00e8me | Blanc de Noirs Premier Cru Champagne","isPartOf":{"@id":"https:\/\/detfranskevinhus.com\/sv\/#website"},"primaryImageOfPage":{"@id":"https:\/\/detfranskevinhus.com\/sv\/vare\/thibuat-charlot-champagne-blanc-de-noir-la-sixieme-2018-millesime\/#primaryimage"},"image":{"@id":"https:\/\/detfranskevinhus.com\/sv\/vare\/thibuat-charlot-champagne-blanc-de-noir-la-sixieme-2018-millesime\/#primaryimage"},"thumbnailUrl":"https:\/\/detfranskevinhus.com\/wp-content\/uploads\/2026\/04\/106-Frankrig-Champagne-Mutigny-Chardonnay-Mousserende-vi-Thibuat-Charlot-Champagne-Blanc-de-Noir-La-Sixieme-2018-Millesime.jpeg","datePublished":"2026-04-05T11:17:55+00:00","dateModified":"2026-04-09T09:20:39+00:00","description":"K\u00f6p Thibaut-Charlot La Sixi\u00e8me Blanc de Noirs 2018. Premier Cru \u00e5rg\u00e5ngschampagne p\u00e5 Pinot Noir med finess, djup och elegant struktur.","breadcrumb":{"@id":"https:\/\/detfranskevinhus.com\/sv\/vare\/thibuat-charlot-champagne-blanc-de-noir-la-sixieme-2018-millesime\/#breadcrumb"},"inLanguage":"sv-SE","potentialAction":[{"@type":"ReadAction","target":["https:\/\/detfranskevinhus.com\/sv\/vare\/thibuat-charlot-champagne-blanc-de-noir-la-sixieme-2018-millesime\/"]}]},{"@type":"ImageObject","inLanguage":"sv-SE","@id":"https:\/\/detfranskevinhus.com\/sv\/vare\/thibuat-charlot-champagne-blanc-de-noir-la-sixieme-2018-millesime\/#primaryimage","url":"https:\/\/detfranskevinhus.com\/wp-content\/uploads\/2026\/04\/106-Frankrig-Champagne-Mutigny-Chardonnay-Mousserende-vi-Thibuat-Charlot-Champagne-Blanc-de-Noir-La-Sixieme-2018-Millesime.jpeg","contentUrl":"https:\/\/detfranskevinhus.com\/wp-content\/uploads\/2026\/04\/106-Frankrig-Champagne-Mutigny-Chardonnay-Mousserende-vi-Thibuat-Charlot-Champagne-Blanc-de-Noir-La-Sixieme-2018-Millesime.jpeg","width":1440,"height":1920,"caption":"Frankrig Champagne Mutigny Chardonnay Mousserende vi Thibuat-Charlot Champagne -Blanc de Noir La Sixi\u00e9me 2018 Mill\u00e9sime"},{"@type":"BreadcrumbList","@id":"https:\/\/detfranskevinhus.com\/sv\/vare\/thibuat-charlot-champagne-blanc-de-noir-la-sixieme-2018-millesime\/#breadcrumb","itemListElement":[{"@type":"ListItem","position":1,"name":"Shop","item":"https:\/\/detfranskevinhus.com\/sv\/butik\/"},{"@type":"ListItem","position":2,"name":"Thibuat-Charlot Champagne &#8211; Blanc de Noir La Sixi\u00e9me 2018 Mill\u00e9sime"}]},{"@type":"WebSite","@id":"https:\/\/detfranskevinhus.com\/sv\/#website","url":"https:\/\/detfranskevinhus.com\/sv\/","name":"Det Franske Vinhus","description":"","publisher":{"@id":"https:\/\/detfranskevinhus.com\/sv\/#organization"},"potentialAction":[{"@type":"SearchAction","target":{"@type":"EntryPoint","urlTemplate":"https:\/\/detfranskevinhus.com\/sv\/?s={search_term_string}"},"query-input":{"@type":"PropertyValueSpecification","valueRequired":true,"valueName":"search_term_string"}}],"inLanguage":"sv-SE"},{"@type":"Organization","@id":"https:\/\/detfranskevinhus.com\/sv\/#organization","name":"Det Franske Vinhus","url":"https:\/\/detfranskevinhus.com\/sv\/","logo":{"@type":"ImageObject","inLanguage":"sv-SE","@id":"https:\/\/detfranskevinhus.com\/sv\/#\/schema\/logo\/image\/","url":"https:\/\/detfranskevinhus.com\/wp-content\/uploads\/2023\/07\/01_DFV_Logo_www_01-02-copy.jpg","contentUrl":"https:\/\/detfranskevinhus.com\/wp-content\/uploads\/2023\/07\/01_DFV_Logo_www_01-02-copy.jpg","width":992,"height":482,"caption":"Det Franske Vinhus"},"image":{"@id":"https:\/\/detfranskevinhus.com\/sv\/#\/schema\/logo\/image\/"}}]}},"_links":{"self":[{"href":"https:\/\/detfranskevinhus.com\/sv\/wp-json\/wp\/v2\/product\/1000000033237","targetHints":{"allow":["GET"]}}],"collection":[{"href":"https:\/\/detfranskevinhus.com\/sv\/wp-json\/wp\/v2\/product"}],"about":[{"href":"https:\/\/detfranskevinhus.com\/sv\/wp-json\/wp\/v2\/types\/product"}],"version-history":[{"count":1,"href":"https:\/\/detfranskevinhus.com\/sv\/wp-json\/wp\/v2\/product\/1000000033237\/revisions"}],"predecessor-version":[{"id":1000000033238,"href":"https:\/\/detfranskevinhus.com\/sv\/wp-json\/wp\/v2\/product\/1000000033237\/revisions\/1000000033238"}],"wp:featuredmedia":[{"embeddable":true,"href":"https:\/\/detfranskevinhus.com\/sv\/wp-json\/wp\/v2\/media\/1000000033235"}],"wp:attachment":[{"href":"https:\/\/detfranskevinhus.com\/sv\/wp-json\/wp\/v2\/media?parent=1000000033237"}],"wp:term":[{"taxonomy":"product_brand","embeddable":true,"href":"https:\/\/detfranskevinhus.com\/sv\/wp-json\/wp\/v2\/product_brand?post=1000000033237"},{"taxonomy":"product_cat","embeddable":true,"href":"https:\/\/detfranskevinhus.com\/sv\/wp-json\/wp\/v2\/product_cat?post=1000000033237"},{"taxonomy":"product_tag","embeddable":true,"href":"https:\/\/detfranskevinhus.com\/sv\/wp-json\/wp\/v2\/product_tag?post=1000000033237"}],"curies":[{"name":"wp","href":"https:\/\/api.w.org\/{rel}","templated":true}]}}