{"id":1000000033219,"date":"2026-04-05T12:14:59","date_gmt":"2026-04-05T10:14:59","guid":{"rendered":"https:\/\/detfranskevinhus.com\/?post_type=product&#038;p=1000000033219"},"modified":"2026-04-06T11:39:39","modified_gmt":"2026-04-06T09:39:39","slug":"jean-paul-brun-beaujolais-blanc-charnay-terres-dorees-chardonnay-classic","status":"publish","type":"product","link":"https:\/\/detfranskevinhus.com\/sv\/vare\/jean-paul-brun-beaujolais-blanc-charnay-terres-dorees-chardonnay-classic\/","title":{"rendered":"Jean Paul Brun Beaujolais Blanc Charnay Terres Dor\u00e9es Chardonnay Classic"},"content":{"rendered":"<p data-start=\"2599\" data-end=\"3032\"><strong data-start=\"2599\" data-end=\"2611\">Ursprung<\/strong><br data-start=\"2611\" data-end=\"2614\" \/>Detta vita vin kommer fr\u00e5n Beaujolais i Frankrike och \u00e4r producerat av Jean-Paul Brun under Terres Dor\u00e9es. Vinet \u00e4r en Beaujolais Blanc, vilket betyder att det \u00e4r gjort p\u00e5 Chardonnay i ett omr\u00e5de som annars fr\u00e4mst \u00e4r k\u00e4nt f\u00f6r sina r\u00f6da viner. Enligt etiketten har vinet j\u00e4sts naturligt med de j\u00e4ststammar som finns p\u00e5 druvornas skal, och det har endast klarnats med kiseljord. Det inneh\u00e5ller bara mycket lite sulfiter.<\/p>\n<p data-start=\"3034\" data-end=\"3057\"><strong data-start=\"3034\" data-end=\"3043\">Druva<\/strong><br data-start=\"3043\" data-end=\"3046\" \/>Chardonnay.<\/p>\n<p data-start=\"3059\" data-end=\"3364\"><strong data-start=\"3059\" data-end=\"3067\">Smak<\/strong><br data-start=\"3067\" data-end=\"3070\" \/>Vinet upplevs torrt, friskt och livligt med en ren och \u00e4rlig stil. Smaken bjuder p\u00e5 ljusa frukttoner som citrus, \u00e4pple och vit persika, kompletterade av fin mineralisk nerv och en l\u00e4tt rond\u00f6r i mittpaletten. H\u00e4r finns b\u00e5de friskhet och struktur, och avslutet k\u00e4nns precist, rent och harmoniskt.<\/p>\n<p data-start=\"3366\" data-end=\"3568\"><strong data-start=\"3366\" data-end=\"3374\">Arom<\/strong><br data-start=\"3374\" data-end=\"3377\" \/>Doften \u00e4r elegant och diskret med toner av citrus, gr\u00f6na \u00e4pplen, vita blommor och ljusa stenfrukter. D\u00e4r finns ocks\u00e5 ett l\u00e4tt mineraliskt och naturligt drag som ger vinet karakt\u00e4r och finess.<\/p>\n<p data-start=\"3570\" data-end=\"3582\"><strong data-start=\"3570\" data-end=\"3582\">Karakt\u00e4r<\/strong><\/p>\n<ul data-start=\"3584\" data-end=\"3748\">\n<li data-section-id=\"z2ehjz\" data-start=\"3584\" data-end=\"3602\">Torrhet: Torrt<\/li>\n<li data-section-id=\"eamq0c\" data-start=\"3603\" data-end=\"3624\">S\u00f6tma: Mycket l\u00e5g<\/li>\n<li data-section-id=\"a8okv\" data-start=\"3625\" data-end=\"3662\">Fyllighet: L\u00e4tt till medelfylligt<\/li>\n<li data-section-id=\"neou57\" data-start=\"3663\" data-end=\"3689\">Syra: Frisk och livlig<\/li>\n<li data-section-id=\"ozbpr2\" data-start=\"3690\" data-end=\"3728\">Stil: Ren, mineralisk och naturlig<\/li>\n<li data-section-id=\"9g236h\" data-start=\"3729\" data-end=\"3748\">Sulfitniv\u00e5: L\u00e5g<\/li>\n<\/ul>\n<p data-start=\"3750\" data-end=\"3772\"><strong data-start=\"3750\" data-end=\"3761\">Alkohol<\/strong><br data-start=\"3761\" data-end=\"3764\" \/>13% vol.<\/p>\n<p data-start=\"3774\" data-end=\"4058\"><strong data-start=\"3774\" data-end=\"3799\">S\u00e4rskilda k\u00e4nnetecken<\/strong><br data-start=\"3799\" data-end=\"3802\" \/>En Beaujolais Blanc med naturlig j\u00e4sning och mycket l\u00e5g halt av sulfiter. Vinet \u00e4r endast l\u00e4tt klarnat, och etiketten upplyser att en l\u00e4tt f\u00e4llning d\u00e4rf\u00f6r kan f\u00f6rekomma i flaskan. Det \u00e4r ett vin med fokus p\u00e5 terroir, friskhet och ett mer naturligt uttryck.<\/p>\n<p data-start=\"4060\" data-end=\"4305\"><strong data-start=\"4060\" data-end=\"4072\">Matmatch<\/strong><br data-start=\"4072\" data-end=\"4075\" \/>Passar bra till fisk, skaldjur, l\u00e4tta kycklingr\u00e4tter, sallader, gr\u00f6nsaksr\u00e4tter och milda ostar. Det fungerar ocks\u00e5 utm\u00e4rkt som ett friskt glas f\u00f6r sig sj\u00e4lvt n\u00e4r man vill ha en torr och elegant Chardonnay utan tung ekfatskarakt\u00e4r.<\/p>\n","protected":false},"excerpt":{"rendered":"<p>Frisk och elegant Beaujolais Blanc p\u00e5 Chardonnay med citrus, vita blommor och mineralisk nerv. Ett torrt franskt vitt vin med l\u00e5g sulfitniv\u00e5 och naturlig karakt\u00e4r.<\/p>\n","protected":false},"featured_media":1000000033216,"template":"","meta":{"_acf_changed":false,"site-sidebar-layout":"default","site-content-layout":"","ast-site-content-layout":"default","site-content-style":"default","site-sidebar-style":"default","ast-global-header-display":"","ast-banner-title-visibility":"","ast-main-header-display":"","ast-hfb-above-header-display":"","ast-hfb-below-header-display":"","ast-hfb-mobile-header-display":"","site-post-title":"","ast-breadcrumbs-content":"","ast-featured-img":"","footer-sml-layout":"","ast-disable-related-posts":"","theme-transparent-header-meta":"default","adv-header-id-meta":"","stick-header-meta":"default","header-above-stick-meta":"","header-main-stick-meta":"","header-below-stick-meta":"","astra-migrate-meta-layouts":"set","ast-page-background-enabled":"default","ast-page-background-meta":{"desktop":{"background-color":"","background-image":"","background-repeat":"repeat","background-position":"center center","background-size":"auto","background-attachment":"scroll","background-type":"","background-media":"","overlay-type":"","overlay-color":"","overlay-opacity":"","overlay-gradient":""},"tablet":{"background-color":"","background-image":"","background-repeat":"repeat","background-position":"center center","background-size":"auto","background-attachment":"scroll","background-type":"","background-media":"","overlay-type":"","overlay-color":"","overlay-opacity":"","overlay-gradient":""},"mobile":{"background-color":"","background-image":"","background-repeat":"repeat","background-position":"center center","background-size":"auto","background-attachment":"scroll","background-type":"","background-media":"","overlay-type":"","overlay-color":"","overlay-opacity":"","overlay-gradient":""}},"ast-content-background-meta":{"desktop":{"background-color":"var(--ast-global-color-5)","background-image":"","background-repeat":"repeat","background-position":"center center","background-size":"auto","background-attachment":"scroll","background-type":"","background-media":"","overlay-type":"","overlay-color":"","overlay-opacity":"","overlay-gradient":""},"tablet":{"background-color":"var(--ast-global-color-5)","background-image":"","background-repeat":"repeat","background-position":"center center","background-size":"auto","background-attachment":"scroll","background-type":"","background-media":"","overlay-type":"","overlay-color":"","overlay-opacity":"","overlay-gradient":""},"mobile":{"background-color":"var(--ast-global-color-5)","background-image":"","background-repeat":"repeat","background-position":"center center","background-size":"auto","background-attachment":"scroll","background-type":"","background-media":"","overlay-type":"","overlay-color":"","overlay-opacity":"","overlay-gradient":""}}},"product_brand":[],"product_cat":[1542,1424,370],"product_tag":[],"class_list":{"0":"post-1000000033219","1":"product","2":"type-product","3":"status-publish","4":"has-post-thumbnail","6":"product_cat-beaujolais","7":"product_cat-frankrike","8":"product_cat-vitt-vin","9":"pa_drue-chardonnay-sv","10":"pa_vintype-vitt-vin-sv","11":"desktop-align-center","12":"tablet-align-center","13":"mobile-align-center","14":"ast-product-gallery-layout-horizontal","15":"ast-product-tabs-layout-horizontal","16":"ast-qv-on-image-click","18":"first","19":"instock","20":"taxable","21":"shipping-taxable","22":"purchasable","23":"product-type-simple"},"group_of_quantity":0,"min_quantity":0,"max_quantity":"","exclude_order_quantity_value_rules":"no","exclude_category_quantity_rules":"no","combine_variations":"no","acf":[],"yoast_head":"<!-- This site is optimized with the Yoast SEO plugin v27.4 - https:\/\/yoast.com\/product\/yoast-seo-wordpress\/ -->\n<title>Jean-Paul Brun Beaujolais Blanc Classic Chardonnay | Vitt vin<\/title>\n<meta name=\"description\" content=\"K\u00f6p Jean-Paul Brun Beaujolais Blanc Classic Chardonnay 2023. Friskt och mineraliskt franskt vitt vin p\u00e5 Chardonnay med l\u00e5g sulfitniv\u00e5 och elegant torr stil.\" \/>\n<meta name=\"robots\" content=\"index, follow, max-snippet:-1, max-image-preview:large, max-video-preview:-1\" \/>\n<link rel=\"canonical\" href=\"https:\/\/detfranskevinhus.com\/sv\/vare\/jean-paul-brun-beaujolais-blanc-charnay-terres-dorees-chardonnay-classic\/\" \/>\n<meta property=\"og:locale\" content=\"sv_SE\" \/>\n<meta property=\"og:type\" content=\"article\" \/>\n<meta property=\"og:title\" content=\"Jean-Paul Brun Beaujolais Blanc 2023. Frisk Chardonnay fr\u00e5n Frankrike\" \/>\n<meta property=\"og:description\" content=\"En ren och livlig Beaujolais Blanc p\u00e5 Chardonnay med citrus, stenfrukt och fin mineralitet. Perfekt till fisk, skaldjur och l\u00e4tta r\u00e4tter.\" \/>\n<meta property=\"og:url\" content=\"https:\/\/detfranskevinhus.com\/sv\/vare\/jean-paul-brun-beaujolais-blanc-charnay-terres-dorees-chardonnay-classic\/\" \/>\n<meta property=\"og:site_name\" content=\"Det Franske Vinhus\" \/>\n<meta property=\"article:modified_time\" content=\"2026-04-06T09:39:39+00:00\" \/>\n<meta property=\"og:image\" content=\"https:\/\/detfranskevinhus.com\/wp-content\/uploads\/2026\/04\/93a-Frankrig-Beaujolais-Charnay-Chardonnay-Hvidvin-Jean-Paul-Brun-Beaujolais-Blanc-Charnay-Terres-Dorees-Chardonnay-Classic.jpeg\" \/>\n\t<meta property=\"og:image:width\" content=\"1440\" \/>\n\t<meta property=\"og:image:height\" content=\"1920\" \/>\n\t<meta property=\"og:image:type\" content=\"image\/jpeg\" \/>\n<meta name=\"twitter:card\" content=\"summary_large_image\" \/>\n<meta name=\"twitter:label1\" content=\"Ber\u00e4knad l\u00e4stid\" \/>\n\t<meta name=\"twitter:data1\" content=\"2 minuter\" \/>\n<script type=\"application\/ld+json\" class=\"yoast-schema-graph\">{\"@context\":\"https:\\\/\\\/schema.org\",\"@graph\":[{\"@type\":\"WebPage\",\"@id\":\"https:\\\/\\\/detfranskevinhus.com\\\/sv\\\/vare\\\/jean-paul-brun-beaujolais-blanc-charnay-terres-dorees-chardonnay-classic\\\/\",\"url\":\"https:\\\/\\\/detfranskevinhus.com\\\/sv\\\/vare\\\/jean-paul-brun-beaujolais-blanc-charnay-terres-dorees-chardonnay-classic\\\/\",\"name\":\"Jean-Paul Brun Beaujolais Blanc Classic Chardonnay | Vitt vin\",\"isPartOf\":{\"@id\":\"https:\\\/\\\/detfranskevinhus.com\\\/sv\\\/#website\"},\"primaryImageOfPage\":{\"@id\":\"https:\\\/\\\/detfranskevinhus.com\\\/sv\\\/vare\\\/jean-paul-brun-beaujolais-blanc-charnay-terres-dorees-chardonnay-classic\\\/#primaryimage\"},\"image\":{\"@id\":\"https:\\\/\\\/detfranskevinhus.com\\\/sv\\\/vare\\\/jean-paul-brun-beaujolais-blanc-charnay-terres-dorees-chardonnay-classic\\\/#primaryimage\"},\"thumbnailUrl\":\"https:\\\/\\\/detfranskevinhus.com\\\/wp-content\\\/uploads\\\/2026\\\/04\\\/93a-Frankrig-Beaujolais-Charnay-Chardonnay-Hvidvin-Jean-Paul-Brun-Beaujolais-Blanc-Charnay-Terres-Dorees-Chardonnay-Classic.jpeg\",\"datePublished\":\"2026-04-05T10:14:59+00:00\",\"dateModified\":\"2026-04-06T09:39:39+00:00\",\"description\":\"K\u00f6p Jean-Paul Brun Beaujolais Blanc Classic Chardonnay 2023. Friskt och mineraliskt franskt vitt vin p\u00e5 Chardonnay med l\u00e5g sulfitniv\u00e5 och elegant torr stil.\",\"breadcrumb\":{\"@id\":\"https:\\\/\\\/detfranskevinhus.com\\\/sv\\\/vare\\\/jean-paul-brun-beaujolais-blanc-charnay-terres-dorees-chardonnay-classic\\\/#breadcrumb\"},\"inLanguage\":\"sv-SE\",\"potentialAction\":[{\"@type\":\"ReadAction\",\"target\":[\"https:\\\/\\\/detfranskevinhus.com\\\/sv\\\/vare\\\/jean-paul-brun-beaujolais-blanc-charnay-terres-dorees-chardonnay-classic\\\/\"]}]},{\"@type\":\"ImageObject\",\"inLanguage\":\"sv-SE\",\"@id\":\"https:\\\/\\\/detfranskevinhus.com\\\/sv\\\/vare\\\/jean-paul-brun-beaujolais-blanc-charnay-terres-dorees-chardonnay-classic\\\/#primaryimage\",\"url\":\"https:\\\/\\\/detfranskevinhus.com\\\/wp-content\\\/uploads\\\/2026\\\/04\\\/93a-Frankrig-Beaujolais-Charnay-Chardonnay-Hvidvin-Jean-Paul-Brun-Beaujolais-Blanc-Charnay-Terres-Dorees-Chardonnay-Classic.jpeg\",\"contentUrl\":\"https:\\\/\\\/detfranskevinhus.com\\\/wp-content\\\/uploads\\\/2026\\\/04\\\/93a-Frankrig-Beaujolais-Charnay-Chardonnay-Hvidvin-Jean-Paul-Brun-Beaujolais-Blanc-Charnay-Terres-Dorees-Chardonnay-Classic.jpeg\",\"width\":1440,\"height\":1920,\"caption\":\"Frankrig Beaujolais Charnay Chardonnay Hvidvin Jean Paul Brun Beaujolais Blanc Charnay Terres Dor\u00e9es Chardonnay Classic\"},{\"@type\":\"BreadcrumbList\",\"@id\":\"https:\\\/\\\/detfranskevinhus.com\\\/sv\\\/vare\\\/jean-paul-brun-beaujolais-blanc-charnay-terres-dorees-chardonnay-classic\\\/#breadcrumb\",\"itemListElement\":[{\"@type\":\"ListItem\",\"position\":1,\"name\":\"Shop\",\"item\":\"https:\\\/\\\/detfranskevinhus.com\\\/sv\\\/butik\\\/\"},{\"@type\":\"ListItem\",\"position\":2,\"name\":\"Jean Paul Brun Beaujolais Blanc Charnay Terres Dor\u00e9es Chardonnay Classic\"}]},{\"@type\":\"WebSite\",\"@id\":\"https:\\\/\\\/detfranskevinhus.com\\\/sv\\\/#website\",\"url\":\"https:\\\/\\\/detfranskevinhus.com\\\/sv\\\/\",\"name\":\"Det Franske Vinhus\",\"description\":\"\",\"publisher\":{\"@id\":\"https:\\\/\\\/detfranskevinhus.com\\\/sv\\\/#organization\"},\"potentialAction\":[{\"@type\":\"SearchAction\",\"target\":{\"@type\":\"EntryPoint\",\"urlTemplate\":\"https:\\\/\\\/detfranskevinhus.com\\\/sv\\\/?s={search_term_string}\"},\"query-input\":{\"@type\":\"PropertyValueSpecification\",\"valueRequired\":true,\"valueName\":\"search_term_string\"}}],\"inLanguage\":\"sv-SE\"},{\"@type\":\"Organization\",\"@id\":\"https:\\\/\\\/detfranskevinhus.com\\\/sv\\\/#organization\",\"name\":\"Det Franske Vinhus\",\"url\":\"https:\\\/\\\/detfranskevinhus.com\\\/sv\\\/\",\"logo\":{\"@type\":\"ImageObject\",\"inLanguage\":\"sv-SE\",\"@id\":\"https:\\\/\\\/detfranskevinhus.com\\\/sv\\\/#\\\/schema\\\/logo\\\/image\\\/\",\"url\":\"https:\\\/\\\/detfranskevinhus.com\\\/wp-content\\\/uploads\\\/2023\\\/07\\\/01_DFV_Logo_www_01-02-copy.jpg\",\"contentUrl\":\"https:\\\/\\\/detfranskevinhus.com\\\/wp-content\\\/uploads\\\/2023\\\/07\\\/01_DFV_Logo_www_01-02-copy.jpg\",\"width\":992,\"height\":482,\"caption\":\"Det Franske Vinhus\"},\"image\":{\"@id\":\"https:\\\/\\\/detfranskevinhus.com\\\/sv\\\/#\\\/schema\\\/logo\\\/image\\\/\"}}]}<\/script>\n<!-- \/ Yoast SEO plugin. -->","yoast_head_json":{"title":"Jean-Paul Brun Beaujolais Blanc Classic Chardonnay | Vitt vin","description":"K\u00f6p Jean-Paul Brun Beaujolais Blanc Classic Chardonnay 2023. Friskt och mineraliskt franskt vitt vin p\u00e5 Chardonnay med l\u00e5g sulfitniv\u00e5 och elegant torr stil.","robots":{"index":"index","follow":"follow","max-snippet":"max-snippet:-1","max-image-preview":"max-image-preview:large","max-video-preview":"max-video-preview:-1"},"canonical":"https:\/\/detfranskevinhus.com\/sv\/vare\/jean-paul-brun-beaujolais-blanc-charnay-terres-dorees-chardonnay-classic\/","og_locale":"sv_SE","og_type":"article","og_title":"Jean-Paul Brun Beaujolais Blanc 2023. Frisk Chardonnay fr\u00e5n Frankrike","og_description":"En ren och livlig Beaujolais Blanc p\u00e5 Chardonnay med citrus, stenfrukt och fin mineralitet. Perfekt till fisk, skaldjur och l\u00e4tta r\u00e4tter.","og_url":"https:\/\/detfranskevinhus.com\/sv\/vare\/jean-paul-brun-beaujolais-blanc-charnay-terres-dorees-chardonnay-classic\/","og_site_name":"Det Franske Vinhus","article_modified_time":"2026-04-06T09:39:39+00:00","og_image":[{"width":1440,"height":1920,"url":"https:\/\/detfranskevinhus.com\/wp-content\/uploads\/2026\/04\/93a-Frankrig-Beaujolais-Charnay-Chardonnay-Hvidvin-Jean-Paul-Brun-Beaujolais-Blanc-Charnay-Terres-Dorees-Chardonnay-Classic.jpeg","type":"image\/jpeg"}],"twitter_card":"summary_large_image","twitter_misc":{"Ber\u00e4knad l\u00e4stid":"2 minuter"},"schema":{"@context":"https:\/\/schema.org","@graph":[{"@type":"WebPage","@id":"https:\/\/detfranskevinhus.com\/sv\/vare\/jean-paul-brun-beaujolais-blanc-charnay-terres-dorees-chardonnay-classic\/","url":"https:\/\/detfranskevinhus.com\/sv\/vare\/jean-paul-brun-beaujolais-blanc-charnay-terres-dorees-chardonnay-classic\/","name":"Jean-Paul Brun Beaujolais Blanc Classic Chardonnay | Vitt vin","isPartOf":{"@id":"https:\/\/detfranskevinhus.com\/sv\/#website"},"primaryImageOfPage":{"@id":"https:\/\/detfranskevinhus.com\/sv\/vare\/jean-paul-brun-beaujolais-blanc-charnay-terres-dorees-chardonnay-classic\/#primaryimage"},"image":{"@id":"https:\/\/detfranskevinhus.com\/sv\/vare\/jean-paul-brun-beaujolais-blanc-charnay-terres-dorees-chardonnay-classic\/#primaryimage"},"thumbnailUrl":"https:\/\/detfranskevinhus.com\/wp-content\/uploads\/2026\/04\/93a-Frankrig-Beaujolais-Charnay-Chardonnay-Hvidvin-Jean-Paul-Brun-Beaujolais-Blanc-Charnay-Terres-Dorees-Chardonnay-Classic.jpeg","datePublished":"2026-04-05T10:14:59+00:00","dateModified":"2026-04-06T09:39:39+00:00","description":"K\u00f6p Jean-Paul Brun Beaujolais Blanc Classic Chardonnay 2023. Friskt och mineraliskt franskt vitt vin p\u00e5 Chardonnay med l\u00e5g sulfitniv\u00e5 och elegant torr stil.","breadcrumb":{"@id":"https:\/\/detfranskevinhus.com\/sv\/vare\/jean-paul-brun-beaujolais-blanc-charnay-terres-dorees-chardonnay-classic\/#breadcrumb"},"inLanguage":"sv-SE","potentialAction":[{"@type":"ReadAction","target":["https:\/\/detfranskevinhus.com\/sv\/vare\/jean-paul-brun-beaujolais-blanc-charnay-terres-dorees-chardonnay-classic\/"]}]},{"@type":"ImageObject","inLanguage":"sv-SE","@id":"https:\/\/detfranskevinhus.com\/sv\/vare\/jean-paul-brun-beaujolais-blanc-charnay-terres-dorees-chardonnay-classic\/#primaryimage","url":"https:\/\/detfranskevinhus.com\/wp-content\/uploads\/2026\/04\/93a-Frankrig-Beaujolais-Charnay-Chardonnay-Hvidvin-Jean-Paul-Brun-Beaujolais-Blanc-Charnay-Terres-Dorees-Chardonnay-Classic.jpeg","contentUrl":"https:\/\/detfranskevinhus.com\/wp-content\/uploads\/2026\/04\/93a-Frankrig-Beaujolais-Charnay-Chardonnay-Hvidvin-Jean-Paul-Brun-Beaujolais-Blanc-Charnay-Terres-Dorees-Chardonnay-Classic.jpeg","width":1440,"height":1920,"caption":"Frankrig Beaujolais Charnay Chardonnay Hvidvin Jean Paul Brun Beaujolais Blanc Charnay Terres Dor\u00e9es Chardonnay Classic"},{"@type":"BreadcrumbList","@id":"https:\/\/detfranskevinhus.com\/sv\/vare\/jean-paul-brun-beaujolais-blanc-charnay-terres-dorees-chardonnay-classic\/#breadcrumb","itemListElement":[{"@type":"ListItem","position":1,"name":"Shop","item":"https:\/\/detfranskevinhus.com\/sv\/butik\/"},{"@type":"ListItem","position":2,"name":"Jean Paul Brun Beaujolais Blanc Charnay Terres Dor\u00e9es Chardonnay Classic"}]},{"@type":"WebSite","@id":"https:\/\/detfranskevinhus.com\/sv\/#website","url":"https:\/\/detfranskevinhus.com\/sv\/","name":"Det Franske Vinhus","description":"","publisher":{"@id":"https:\/\/detfranskevinhus.com\/sv\/#organization"},"potentialAction":[{"@type":"SearchAction","target":{"@type":"EntryPoint","urlTemplate":"https:\/\/detfranskevinhus.com\/sv\/?s={search_term_string}"},"query-input":{"@type":"PropertyValueSpecification","valueRequired":true,"valueName":"search_term_string"}}],"inLanguage":"sv-SE"},{"@type":"Organization","@id":"https:\/\/detfranskevinhus.com\/sv\/#organization","name":"Det Franske Vinhus","url":"https:\/\/detfranskevinhus.com\/sv\/","logo":{"@type":"ImageObject","inLanguage":"sv-SE","@id":"https:\/\/detfranskevinhus.com\/sv\/#\/schema\/logo\/image\/","url":"https:\/\/detfranskevinhus.com\/wp-content\/uploads\/2023\/07\/01_DFV_Logo_www_01-02-copy.jpg","contentUrl":"https:\/\/detfranskevinhus.com\/wp-content\/uploads\/2023\/07\/01_DFV_Logo_www_01-02-copy.jpg","width":992,"height":482,"caption":"Det Franske Vinhus"},"image":{"@id":"https:\/\/detfranskevinhus.com\/sv\/#\/schema\/logo\/image\/"}}]}},"_links":{"self":[{"href":"https:\/\/detfranskevinhus.com\/sv\/wp-json\/wp\/v2\/product\/1000000033219","targetHints":{"allow":["GET"]}}],"collection":[{"href":"https:\/\/detfranskevinhus.com\/sv\/wp-json\/wp\/v2\/product"}],"about":[{"href":"https:\/\/detfranskevinhus.com\/sv\/wp-json\/wp\/v2\/types\/product"}],"version-history":[{"count":2,"href":"https:\/\/detfranskevinhus.com\/sv\/wp-json\/wp\/v2\/product\/1000000033219\/revisions"}],"predecessor-version":[{"id":1000000033398,"href":"https:\/\/detfranskevinhus.com\/sv\/wp-json\/wp\/v2\/product\/1000000033219\/revisions\/1000000033398"}],"wp:featuredmedia":[{"embeddable":true,"href":"https:\/\/detfranskevinhus.com\/sv\/wp-json\/wp\/v2\/media\/1000000033216"}],"wp:attachment":[{"href":"https:\/\/detfranskevinhus.com\/sv\/wp-json\/wp\/v2\/media?parent=1000000033219"}],"wp:term":[{"taxonomy":"product_brand","embeddable":true,"href":"https:\/\/detfranskevinhus.com\/sv\/wp-json\/wp\/v2\/product_brand?post=1000000033219"},{"taxonomy":"product_cat","embeddable":true,"href":"https:\/\/detfranskevinhus.com\/sv\/wp-json\/wp\/v2\/product_cat?post=1000000033219"},{"taxonomy":"product_tag","embeddable":true,"href":"https:\/\/detfranskevinhus.com\/sv\/wp-json\/wp\/v2\/product_tag?post=1000000033219"}],"curies":[{"name":"wp","href":"https:\/\/api.w.org\/{rel}","templated":true}]}}