{"id":1000000033177,"date":"2026-04-05T11:14:51","date_gmt":"2026-04-05T09:14:51","guid":{"rendered":"https:\/\/detfranskevinhus.com\/?post_type=product&#038;p=1000000033177"},"modified":"2026-04-06T11:42:05","modified_gmt":"2026-04-06T09:42:05","slug":"chateau-de-gilbert-gaillard-selene-2024-aop-saint-chinian","status":"publish","type":"product","link":"https:\/\/detfranskevinhus.com\/sv\/vare\/chateau-de-gilbert-gaillard-selene-2024-aop-saint-chinian\/","title":{"rendered":"Ch\u00e2teau de Gilbert &#038; Gaillard S\u00e9l\u00e8ne 2024, AOP Saint-Chinian"},"content":{"rendered":"<p data-start=\"2830\" data-end=\"3372\"><strong data-start=\"2830\" data-end=\"2842\">Ursprung<\/strong><br data-start=\"2842\" data-end=\"2845\" \/>Detta vita vin kommer fr\u00e5n Saint-Chinian i Languedoc i s\u00f6dra Frankrike, ett omr\u00e5de k\u00e4nt f\u00f6r karakt\u00e4rsfulla viner med b\u00e5de friskhet och djup. Vinet \u00e4r producerat av Ch\u00e2teau Gilbert &amp; Gaillard och cuv\u00e9en S\u00e9l\u00e8ne \u00e4r ett parcelurval som hyllar den grekiska m\u00e5ngudinnan Selene. Enligt etiketten kommer vinets s\u00e4rpr\u00e4gel fr\u00e5n ett terroir med en fin kombination av selenit, kalkhaltig moderberggrund och lera. Druvorna sk\u00f6rdas nattetid f\u00f6r att bevara den mineraliska friskheten och de blommiga aromerna. Vinet \u00e4r ekologiskt certifierat.<\/p>\n<p data-start=\"3374\" data-end=\"3442\"><strong data-start=\"3374\" data-end=\"3383\">Druva<\/strong><br data-start=\"3383\" data-end=\"3386\" \/>Grenache Blanc, Roussanne, Marsanne, Vermentino<\/p>\n<p data-start=\"3444\" data-end=\"3737\"><strong data-start=\"3444\" data-end=\"3452\">Smak<\/strong><br data-start=\"3452\" data-end=\"3455\" \/>Vinet upplevs torrt, raffinerat och elegant med en frisk, mineralisk stil. Det har en fin struktur d\u00e4r lagring p\u00e5 j\u00e4stf\u00e4llningen bidrar med mjukhet och djup i smaken. Smaken balanserar friskhet, florala toner och en rund, harmonisk textur som ger ett stilrent och nyanserat uttryck.<\/p>\n<p data-start=\"3739\" data-end=\"3934\"><strong data-start=\"3739\" data-end=\"3747\">Arom<\/strong><br data-start=\"3747\" data-end=\"3750\" \/>Doften bjuder p\u00e5 delikata toner av vita blommor och ett svalt mineraliskt drag. Det finns ett rent och precist aromatiskt uttryck som f\u00f6rst\u00e4rker vinets eleganta och terroirdrivna stil.<\/p>\n<p data-start=\"3936\" data-end=\"3948\"><strong data-start=\"3936\" data-end=\"3948\">Karakt\u00e4r<\/strong><\/p>\n<ul data-start=\"3950\" data-end=\"4123\">\n<li data-section-id=\"z2ehjz\" data-start=\"3950\" data-end=\"3968\">Torrhet: Torrt<\/li>\n<li data-section-id=\"tau2m9\" data-start=\"3969\" data-end=\"3983\">S\u00f6tma: L\u00e5g<\/li>\n<li data-section-id=\"17z1gbe\" data-start=\"3984\" data-end=\"4011\">Fyllighet: Medelfylligt<\/li>\n<li data-section-id=\"15trt63\" data-start=\"4012\" data-end=\"4042\">Syra: Frisk och mineralisk<\/li>\n<li data-section-id=\"1ewlkkg\" data-start=\"4043\" data-end=\"4079\">Fruktprofil: Diskret och elegant<\/li>\n<li data-section-id=\"11v0ww5\" data-start=\"4080\" data-end=\"4123\">Stil: Raffinerad, floral och mineralisk<\/li>\n<\/ul>\n<p data-start=\"4125\" data-end=\"4147\"><strong data-start=\"4125\" data-end=\"4136\">Alkohol<\/strong><br data-start=\"4136\" data-end=\"4139\" \/>14% vol.<\/p>\n<p data-start=\"4149\" data-end=\"4540\"><strong data-start=\"4149\" data-end=\"4174\">S\u00e4rskilda k\u00e4nnetecken<\/strong><br data-start=\"4174\" data-end=\"4177\" \/>Ett ekologiskt vitt vin fr\u00e5n Saint-Chinian med tydlig parcelkarakt\u00e4r och en ovanlig terroirbeskrivning d\u00e4r selenit, kalk och lera spelar en central roll. Nattlig sk\u00f6rd och lagring p\u00e5 j\u00e4stf\u00e4llningen i 2 \u00e5r ger vinet b\u00e5de friskhet, mjukhet och komplexitet. Det \u00e4r ett vin med ett mer stilrent och gastronomiskt uttryck \u00e4n m\u00e5nga mer omedelbara sydfranska vita viner.<\/p>\n<p data-start=\"4542\" data-end=\"4774\"><strong data-start=\"4542\" data-end=\"4554\">Matmatch<\/strong><br data-start=\"4554\" data-end=\"4557\" \/>Passar s\u00e4rskilt bra till skaldjur, fisk och grillade fiskr\u00e4tter. Det \u00e4r ocks\u00e5 ett mycket fint val till lagrade och eleganta ostar samt l\u00e4ttare, stilrena r\u00e4tter d\u00e4r vinets mineralitet och florala karakt\u00e4r f\u00e5r ta plats.<\/p>\n","protected":false},"excerpt":{"rendered":"<p>Elegant och ekologiskt vitt vin fr\u00e5n Saint-Chinian med mineralisk friskhet och delikata toner av vita blommor. Ett raffinerat vin till skaldjur, fisk och fina ostar.<\/p>\n","protected":false},"featured_media":1000000033174,"template":"","meta":{"_acf_changed":false,"site-sidebar-layout":"default","site-content-layout":"","ast-site-content-layout":"default","site-content-style":"default","site-sidebar-style":"default","ast-global-header-display":"","ast-banner-title-visibility":"","ast-main-header-display":"","ast-hfb-above-header-display":"","ast-hfb-below-header-display":"","ast-hfb-mobile-header-display":"","site-post-title":"","ast-breadcrumbs-content":"","ast-featured-img":"","footer-sml-layout":"","ast-disable-related-posts":"","theme-transparent-header-meta":"default","adv-header-id-meta":"","stick-header-meta":"default","header-above-stick-meta":"","header-main-stick-meta":"","header-below-stick-meta":"","astra-migrate-meta-layouts":"set","ast-page-background-enabled":"default","ast-page-background-meta":{"desktop":{"background-color":"","background-image":"","background-repeat":"repeat","background-position":"center center","background-size":"auto","background-attachment":"scroll","background-type":"","background-media":"","overlay-type":"","overlay-color":"","overlay-opacity":"","overlay-gradient":""},"tablet":{"background-color":"","background-image":"","background-repeat":"repeat","background-position":"center center","background-size":"auto","background-attachment":"scroll","background-type":"","background-media":"","overlay-type":"","overlay-color":"","overlay-opacity":"","overlay-gradient":""},"mobile":{"background-color":"","background-image":"","background-repeat":"repeat","background-position":"center center","background-size":"auto","background-attachment":"scroll","background-type":"","background-media":"","overlay-type":"","overlay-color":"","overlay-opacity":"","overlay-gradient":""}},"ast-content-background-meta":{"desktop":{"background-color":"var(--ast-global-color-5)","background-image":"","background-repeat":"repeat","background-position":"center center","background-size":"auto","background-attachment":"scroll","background-type":"","background-media":"","overlay-type":"","overlay-color":"","overlay-opacity":"","overlay-gradient":""},"tablet":{"background-color":"var(--ast-global-color-5)","background-image":"","background-repeat":"repeat","background-position":"center center","background-size":"auto","background-attachment":"scroll","background-type":"","background-media":"","overlay-type":"","overlay-color":"","overlay-opacity":"","overlay-gradient":""},"mobile":{"background-color":"var(--ast-global-color-5)","background-image":"","background-repeat":"repeat","background-position":"center center","background-size":"auto","background-attachment":"scroll","background-type":"","background-media":"","overlay-type":"","overlay-color":"","overlay-opacity":"","overlay-gradient":""}}},"product_brand":[],"product_cat":[1424,1545,370],"product_tag":[],"class_list":{"0":"post-1000000033177","1":"product","2":"type-product","3":"status-publish","4":"has-post-thumbnail","6":"product_cat-frankrike","7":"product_cat-sydfrankrig-languedoc","8":"product_cat-vitt-vin","9":"pa_drue-grenache-blanc-sv","10":"pa_drue-marsanne-sv","11":"pa_drue-roussanne-sv","12":"pa_drue-vermentino-sv","13":"pa_vintype-vitt-vin-sv","14":"desktop-align-center","15":"tablet-align-center","16":"mobile-align-center","17":"ast-product-gallery-layout-horizontal","18":"ast-product-tabs-layout-horizontal","19":"ast-qv-on-image-click","21":"first","22":"instock","23":"taxable","24":"shipping-taxable","25":"purchasable","26":"product-type-simple"},"group_of_quantity":0,"min_quantity":0,"max_quantity":"","exclude_order_quantity_value_rules":"no","exclude_category_quantity_rules":"no","combine_variations":"no","acf":[],"yoast_head":"<!-- This site is optimized with the Yoast SEO plugin v27.4 - https:\/\/yoast.com\/product\/yoast-seo-wordpress\/ -->\n<title>Ch\u00e2teau Gilbert &amp; Gaillard S\u00e9l\u00e8ne | Eko | Saint-Chinian<\/title>\n<meta name=\"description\" content=\"K\u00f6p Ch\u00e2teau Gilbert &amp; Gaillard S\u00e9l\u00e8ne Saint-Chinian Blanc 2024. Ekologiskt vitt vin fr\u00e5n Languedoc med floral doft, mineralisk friskhet och elegant stil.\" \/>\n<meta name=\"robots\" content=\"index, follow, max-snippet:-1, max-image-preview:large, max-video-preview:-1\" \/>\n<link rel=\"canonical\" href=\"https:\/\/detfranskevinhus.com\/sv\/vare\/chateau-de-gilbert-gaillard-selene-2024-aop-saint-chinian\/\" \/>\n<meta property=\"og:locale\" content=\"sv_SE\" \/>\n<meta property=\"og:type\" content=\"article\" \/>\n<meta property=\"og:title\" content=\"Ch\u00e2teau Gilbert &amp; Gaillard S\u00e9l\u00e8ne 2024. Ekologiskt Saint-Chinian med mineralitet\" \/>\n<meta property=\"og:description\" content=\"Ett raffinerat vitt vin fr\u00e5n Languedoc med blommiga aromer, frisk mineralitet och fint djup fr\u00e5n lagring p\u00e5 j\u00e4stf\u00e4llningen. Perfekt till fisk, skaldjur och eleganta middagar.\" \/>\n<meta property=\"og:url\" content=\"https:\/\/detfranskevinhus.com\/sv\/vare\/chateau-de-gilbert-gaillard-selene-2024-aop-saint-chinian\/\" \/>\n<meta property=\"og:site_name\" content=\"Det Franske Vinhus\" \/>\n<meta property=\"article:modified_time\" content=\"2026-04-06T09:42:05+00:00\" \/>\n<meta property=\"og:image\" content=\"https:\/\/detfranskevinhus.com\/wp-content\/uploads\/2026\/04\/70a-Frankrig-Languedoc-Saint-Chinian-Hvidvin-Chateau-de-Gilbert-Gaillard-Selene-2024-AOP-Saint-Chinian.jpeg\" \/>\n\t<meta property=\"og:image:width\" content=\"1440\" \/>\n\t<meta property=\"og:image:height\" content=\"1920\" \/>\n\t<meta property=\"og:image:type\" content=\"image\/jpeg\" \/>\n<meta name=\"twitter:card\" content=\"summary_large_image\" \/>\n<meta name=\"twitter:label1\" content=\"Ber\u00e4knad l\u00e4stid\" \/>\n\t<meta name=\"twitter:data1\" content=\"2 minuter\" \/>\n<script type=\"application\/ld+json\" class=\"yoast-schema-graph\">{\"@context\":\"https:\\\/\\\/schema.org\",\"@graph\":[{\"@type\":\"WebPage\",\"@id\":\"https:\\\/\\\/detfranskevinhus.com\\\/sv\\\/vare\\\/chateau-de-gilbert-gaillard-selene-2024-aop-saint-chinian\\\/\",\"url\":\"https:\\\/\\\/detfranskevinhus.com\\\/sv\\\/vare\\\/chateau-de-gilbert-gaillard-selene-2024-aop-saint-chinian\\\/\",\"name\":\"Ch\u00e2teau Gilbert & Gaillard S\u00e9l\u00e8ne | Eko | Saint-Chinian\",\"isPartOf\":{\"@id\":\"https:\\\/\\\/detfranskevinhus.com\\\/sv\\\/#website\"},\"primaryImageOfPage\":{\"@id\":\"https:\\\/\\\/detfranskevinhus.com\\\/sv\\\/vare\\\/chateau-de-gilbert-gaillard-selene-2024-aop-saint-chinian\\\/#primaryimage\"},\"image\":{\"@id\":\"https:\\\/\\\/detfranskevinhus.com\\\/sv\\\/vare\\\/chateau-de-gilbert-gaillard-selene-2024-aop-saint-chinian\\\/#primaryimage\"},\"thumbnailUrl\":\"https:\\\/\\\/detfranskevinhus.com\\\/wp-content\\\/uploads\\\/2026\\\/04\\\/70a-Frankrig-Languedoc-Saint-Chinian-Hvidvin-Chateau-de-Gilbert-Gaillard-Selene-2024-AOP-Saint-Chinian.jpeg\",\"datePublished\":\"2026-04-05T09:14:51+00:00\",\"dateModified\":\"2026-04-06T09:42:05+00:00\",\"description\":\"K\u00f6p Ch\u00e2teau Gilbert & Gaillard S\u00e9l\u00e8ne Saint-Chinian Blanc 2024. Ekologiskt vitt vin fr\u00e5n Languedoc med floral doft, mineralisk friskhet och elegant stil.\",\"breadcrumb\":{\"@id\":\"https:\\\/\\\/detfranskevinhus.com\\\/sv\\\/vare\\\/chateau-de-gilbert-gaillard-selene-2024-aop-saint-chinian\\\/#breadcrumb\"},\"inLanguage\":\"sv-SE\",\"potentialAction\":[{\"@type\":\"ReadAction\",\"target\":[\"https:\\\/\\\/detfranskevinhus.com\\\/sv\\\/vare\\\/chateau-de-gilbert-gaillard-selene-2024-aop-saint-chinian\\\/\"]}]},{\"@type\":\"ImageObject\",\"inLanguage\":\"sv-SE\",\"@id\":\"https:\\\/\\\/detfranskevinhus.com\\\/sv\\\/vare\\\/chateau-de-gilbert-gaillard-selene-2024-aop-saint-chinian\\\/#primaryimage\",\"url\":\"https:\\\/\\\/detfranskevinhus.com\\\/wp-content\\\/uploads\\\/2026\\\/04\\\/70a-Frankrig-Languedoc-Saint-Chinian-Hvidvin-Chateau-de-Gilbert-Gaillard-Selene-2024-AOP-Saint-Chinian.jpeg\",\"contentUrl\":\"https:\\\/\\\/detfranskevinhus.com\\\/wp-content\\\/uploads\\\/2026\\\/04\\\/70a-Frankrig-Languedoc-Saint-Chinian-Hvidvin-Chateau-de-Gilbert-Gaillard-Selene-2024-AOP-Saint-Chinian.jpeg\",\"width\":1440,\"height\":1920,\"caption\":\"Frankrig Languedoc Saint Chinian Hvidvin Ch\u00e2teau de Gilbert & Gaillard S\u00e9l\u00e8ne 2024, AOP Saint-Chinian\"},{\"@type\":\"BreadcrumbList\",\"@id\":\"https:\\\/\\\/detfranskevinhus.com\\\/sv\\\/vare\\\/chateau-de-gilbert-gaillard-selene-2024-aop-saint-chinian\\\/#breadcrumb\",\"itemListElement\":[{\"@type\":\"ListItem\",\"position\":1,\"name\":\"Shop\",\"item\":\"https:\\\/\\\/detfranskevinhus.com\\\/sv\\\/butik\\\/\"},{\"@type\":\"ListItem\",\"position\":2,\"name\":\"Ch\u00e2teau de Gilbert &#038; Gaillard S\u00e9l\u00e8ne 2024, AOP Saint-Chinian\"}]},{\"@type\":\"WebSite\",\"@id\":\"https:\\\/\\\/detfranskevinhus.com\\\/sv\\\/#website\",\"url\":\"https:\\\/\\\/detfranskevinhus.com\\\/sv\\\/\",\"name\":\"Det Franske Vinhus\",\"description\":\"\",\"publisher\":{\"@id\":\"https:\\\/\\\/detfranskevinhus.com\\\/sv\\\/#organization\"},\"potentialAction\":[{\"@type\":\"SearchAction\",\"target\":{\"@type\":\"EntryPoint\",\"urlTemplate\":\"https:\\\/\\\/detfranskevinhus.com\\\/sv\\\/?s={search_term_string}\"},\"query-input\":{\"@type\":\"PropertyValueSpecification\",\"valueRequired\":true,\"valueName\":\"search_term_string\"}}],\"inLanguage\":\"sv-SE\"},{\"@type\":\"Organization\",\"@id\":\"https:\\\/\\\/detfranskevinhus.com\\\/sv\\\/#organization\",\"name\":\"Det Franske Vinhus\",\"url\":\"https:\\\/\\\/detfranskevinhus.com\\\/sv\\\/\",\"logo\":{\"@type\":\"ImageObject\",\"inLanguage\":\"sv-SE\",\"@id\":\"https:\\\/\\\/detfranskevinhus.com\\\/sv\\\/#\\\/schema\\\/logo\\\/image\\\/\",\"url\":\"https:\\\/\\\/detfranskevinhus.com\\\/wp-content\\\/uploads\\\/2023\\\/07\\\/01_DFV_Logo_www_01-02-copy.jpg\",\"contentUrl\":\"https:\\\/\\\/detfranskevinhus.com\\\/wp-content\\\/uploads\\\/2023\\\/07\\\/01_DFV_Logo_www_01-02-copy.jpg\",\"width\":992,\"height\":482,\"caption\":\"Det Franske Vinhus\"},\"image\":{\"@id\":\"https:\\\/\\\/detfranskevinhus.com\\\/sv\\\/#\\\/schema\\\/logo\\\/image\\\/\"}}]}<\/script>\n<!-- \/ Yoast SEO plugin. -->","yoast_head_json":{"title":"Ch\u00e2teau Gilbert & Gaillard S\u00e9l\u00e8ne | Eko | Saint-Chinian","description":"K\u00f6p Ch\u00e2teau Gilbert & Gaillard S\u00e9l\u00e8ne Saint-Chinian Blanc 2024. Ekologiskt vitt vin fr\u00e5n Languedoc med floral doft, mineralisk friskhet och elegant stil.","robots":{"index":"index","follow":"follow","max-snippet":"max-snippet:-1","max-image-preview":"max-image-preview:large","max-video-preview":"max-video-preview:-1"},"canonical":"https:\/\/detfranskevinhus.com\/sv\/vare\/chateau-de-gilbert-gaillard-selene-2024-aop-saint-chinian\/","og_locale":"sv_SE","og_type":"article","og_title":"Ch\u00e2teau Gilbert & Gaillard S\u00e9l\u00e8ne 2024. Ekologiskt Saint-Chinian med mineralitet","og_description":"Ett raffinerat vitt vin fr\u00e5n Languedoc med blommiga aromer, frisk mineralitet och fint djup fr\u00e5n lagring p\u00e5 j\u00e4stf\u00e4llningen. Perfekt till fisk, skaldjur och eleganta middagar.","og_url":"https:\/\/detfranskevinhus.com\/sv\/vare\/chateau-de-gilbert-gaillard-selene-2024-aop-saint-chinian\/","og_site_name":"Det Franske Vinhus","article_modified_time":"2026-04-06T09:42:05+00:00","og_image":[{"width":1440,"height":1920,"url":"https:\/\/detfranskevinhus.com\/wp-content\/uploads\/2026\/04\/70a-Frankrig-Languedoc-Saint-Chinian-Hvidvin-Chateau-de-Gilbert-Gaillard-Selene-2024-AOP-Saint-Chinian.jpeg","type":"image\/jpeg"}],"twitter_card":"summary_large_image","twitter_misc":{"Ber\u00e4knad l\u00e4stid":"2 minuter"},"schema":{"@context":"https:\/\/schema.org","@graph":[{"@type":"WebPage","@id":"https:\/\/detfranskevinhus.com\/sv\/vare\/chateau-de-gilbert-gaillard-selene-2024-aop-saint-chinian\/","url":"https:\/\/detfranskevinhus.com\/sv\/vare\/chateau-de-gilbert-gaillard-selene-2024-aop-saint-chinian\/","name":"Ch\u00e2teau Gilbert & Gaillard S\u00e9l\u00e8ne | Eko | Saint-Chinian","isPartOf":{"@id":"https:\/\/detfranskevinhus.com\/sv\/#website"},"primaryImageOfPage":{"@id":"https:\/\/detfranskevinhus.com\/sv\/vare\/chateau-de-gilbert-gaillard-selene-2024-aop-saint-chinian\/#primaryimage"},"image":{"@id":"https:\/\/detfranskevinhus.com\/sv\/vare\/chateau-de-gilbert-gaillard-selene-2024-aop-saint-chinian\/#primaryimage"},"thumbnailUrl":"https:\/\/detfranskevinhus.com\/wp-content\/uploads\/2026\/04\/70a-Frankrig-Languedoc-Saint-Chinian-Hvidvin-Chateau-de-Gilbert-Gaillard-Selene-2024-AOP-Saint-Chinian.jpeg","datePublished":"2026-04-05T09:14:51+00:00","dateModified":"2026-04-06T09:42:05+00:00","description":"K\u00f6p Ch\u00e2teau Gilbert & Gaillard S\u00e9l\u00e8ne Saint-Chinian Blanc 2024. Ekologiskt vitt vin fr\u00e5n Languedoc med floral doft, mineralisk friskhet och elegant stil.","breadcrumb":{"@id":"https:\/\/detfranskevinhus.com\/sv\/vare\/chateau-de-gilbert-gaillard-selene-2024-aop-saint-chinian\/#breadcrumb"},"inLanguage":"sv-SE","potentialAction":[{"@type":"ReadAction","target":["https:\/\/detfranskevinhus.com\/sv\/vare\/chateau-de-gilbert-gaillard-selene-2024-aop-saint-chinian\/"]}]},{"@type":"ImageObject","inLanguage":"sv-SE","@id":"https:\/\/detfranskevinhus.com\/sv\/vare\/chateau-de-gilbert-gaillard-selene-2024-aop-saint-chinian\/#primaryimage","url":"https:\/\/detfranskevinhus.com\/wp-content\/uploads\/2026\/04\/70a-Frankrig-Languedoc-Saint-Chinian-Hvidvin-Chateau-de-Gilbert-Gaillard-Selene-2024-AOP-Saint-Chinian.jpeg","contentUrl":"https:\/\/detfranskevinhus.com\/wp-content\/uploads\/2026\/04\/70a-Frankrig-Languedoc-Saint-Chinian-Hvidvin-Chateau-de-Gilbert-Gaillard-Selene-2024-AOP-Saint-Chinian.jpeg","width":1440,"height":1920,"caption":"Frankrig Languedoc Saint Chinian Hvidvin Ch\u00e2teau de Gilbert & Gaillard S\u00e9l\u00e8ne 2024, AOP Saint-Chinian"},{"@type":"BreadcrumbList","@id":"https:\/\/detfranskevinhus.com\/sv\/vare\/chateau-de-gilbert-gaillard-selene-2024-aop-saint-chinian\/#breadcrumb","itemListElement":[{"@type":"ListItem","position":1,"name":"Shop","item":"https:\/\/detfranskevinhus.com\/sv\/butik\/"},{"@type":"ListItem","position":2,"name":"Ch\u00e2teau de Gilbert &#038; Gaillard S\u00e9l\u00e8ne 2024, AOP Saint-Chinian"}]},{"@type":"WebSite","@id":"https:\/\/detfranskevinhus.com\/sv\/#website","url":"https:\/\/detfranskevinhus.com\/sv\/","name":"Det Franske Vinhus","description":"","publisher":{"@id":"https:\/\/detfranskevinhus.com\/sv\/#organization"},"potentialAction":[{"@type":"SearchAction","target":{"@type":"EntryPoint","urlTemplate":"https:\/\/detfranskevinhus.com\/sv\/?s={search_term_string}"},"query-input":{"@type":"PropertyValueSpecification","valueRequired":true,"valueName":"search_term_string"}}],"inLanguage":"sv-SE"},{"@type":"Organization","@id":"https:\/\/detfranskevinhus.com\/sv\/#organization","name":"Det Franske Vinhus","url":"https:\/\/detfranskevinhus.com\/sv\/","logo":{"@type":"ImageObject","inLanguage":"sv-SE","@id":"https:\/\/detfranskevinhus.com\/sv\/#\/schema\/logo\/image\/","url":"https:\/\/detfranskevinhus.com\/wp-content\/uploads\/2023\/07\/01_DFV_Logo_www_01-02-copy.jpg","contentUrl":"https:\/\/detfranskevinhus.com\/wp-content\/uploads\/2023\/07\/01_DFV_Logo_www_01-02-copy.jpg","width":992,"height":482,"caption":"Det Franske Vinhus"},"image":{"@id":"https:\/\/detfranskevinhus.com\/sv\/#\/schema\/logo\/image\/"}}]}},"_links":{"self":[{"href":"https:\/\/detfranskevinhus.com\/sv\/wp-json\/wp\/v2\/product\/1000000033177","targetHints":{"allow":["GET"]}}],"collection":[{"href":"https:\/\/detfranskevinhus.com\/sv\/wp-json\/wp\/v2\/product"}],"about":[{"href":"https:\/\/detfranskevinhus.com\/sv\/wp-json\/wp\/v2\/types\/product"}],"version-history":[{"count":3,"href":"https:\/\/detfranskevinhus.com\/sv\/wp-json\/wp\/v2\/product\/1000000033177\/revisions"}],"predecessor-version":[{"id":1000000033401,"href":"https:\/\/detfranskevinhus.com\/sv\/wp-json\/wp\/v2\/product\/1000000033177\/revisions\/1000000033401"}],"wp:featuredmedia":[{"embeddable":true,"href":"https:\/\/detfranskevinhus.com\/sv\/wp-json\/wp\/v2\/media\/1000000033174"}],"wp:attachment":[{"href":"https:\/\/detfranskevinhus.com\/sv\/wp-json\/wp\/v2\/media?parent=1000000033177"}],"wp:term":[{"taxonomy":"product_brand","embeddable":true,"href":"https:\/\/detfranskevinhus.com\/sv\/wp-json\/wp\/v2\/product_brand?post=1000000033177"},{"taxonomy":"product_cat","embeddable":true,"href":"https:\/\/detfranskevinhus.com\/sv\/wp-json\/wp\/v2\/product_cat?post=1000000033177"},{"taxonomy":"product_tag","embeddable":true,"href":"https:\/\/detfranskevinhus.com\/sv\/wp-json\/wp\/v2\/product_tag?post=1000000033177"}],"curies":[{"name":"wp","href":"https:\/\/api.w.org\/{rel}","templated":true}]}}