{"id":1000000033166,"date":"2026-04-05T11:02:51","date_gmt":"2026-04-05T09:02:51","guid":{"rendered":"https:\/\/detfranskevinhus.com\/?post_type=product&#038;p=1000000033166"},"modified":"2026-04-06T11:42:16","modified_gmt":"2026-04-06T09:42:16","slug":"anne-de-joyeuse-rhabdodon-mauzac-igp-oaked","status":"publish","type":"product","link":"https:\/\/detfranskevinhus.com\/sv\/vare\/anne-de-joyeuse-rhabdodon-mauzac-igp-oaked\/","title":{"rendered":"Anne De Joyeuse RHABDODON MAUZAC IGP Oaked"},"content":{"rendered":"<p data-start=\"2580\" data-end=\"2978\"><strong data-start=\"2580\" data-end=\"2592\">Ursprung<\/strong><br data-start=\"2592\" data-end=\"2595\" \/>Detta vita vin kommer fr\u00e5n Pays d\u2019Oc i s\u00f6dra Frankrike och \u00e4r producerat av Anne de Joyeuse. Vinet ing\u00e5r i serien <em data-start=\"2709\" data-end=\"2733\">Terroir des dinosaures<\/em>, som syftar p\u00e5 den h\u00f6gt bel\u00e4gna delen av Aude d\u00e4r ving\u00e5rdarna ligger p\u00e5 gamla jordar fr\u00e5n kritperioden i ett omr\u00e5de som ocks\u00e5 \u00e4r k\u00e4nt f\u00f6r fynd av dinosauriefossil. Det \u00e4r ett vin med b\u00e5de regional karakt\u00e4r och friskhet fr\u00e5n de svalare h\u00f6jderna.<\/p>\n<p data-start=\"2980\" data-end=\"2999\"><strong data-start=\"2980\" data-end=\"2989\">Druva<\/strong><br data-start=\"2989\" data-end=\"2992\" \/>Mauzac.<\/p>\n<p data-start=\"3001\" data-end=\"3320\"><strong data-start=\"3001\" data-end=\"3009\">Smak<\/strong><br data-start=\"3009\" data-end=\"3012\" \/>Vinet \u00e4r torrt, friskt och elegant med en livlig inledning och en harmonisk munk\u00e4nsla. Smaken bjuder p\u00e5 toner av \u00e4pple och p\u00e4ron, tillsammans med en l\u00e4tt floral karakt\u00e4r som dr\u00f6jer kvar fint i avslutet. Det upplevs balanserat, rent och l\u00e4tt saftigt med en fin friskhet som g\u00f6r det mycket anv\u00e4ndbart till mat.<\/p>\n<p data-start=\"3322\" data-end=\"3520\"><strong data-start=\"3322\" data-end=\"3330\">Arom<\/strong><br data-start=\"3330\" data-end=\"3333\" \/>Doften \u00e4r delikat och inbjudande med toner av friska \u00e4pplen, mogen p\u00e4ron och florala nyanser. Det finns ett ljust och rent uttryck i aromen som ger vinet en elegant och aptitretande stil.<\/p>\n<p data-start=\"3522\" data-end=\"3534\"><strong data-start=\"3522\" data-end=\"3534\">Karakt\u00e4r<\/strong><\/p>\n<ul data-start=\"3536\" data-end=\"3703\">\n<li data-start=\"3536\" data-end=\"3554\" data-section-id=\"z2ehjz\">Torrhet: Torrt<\/li>\n<li data-start=\"3555\" data-end=\"3569\" data-section-id=\"tau2m9\">S\u00f6tma: L\u00e5g<\/li>\n<li data-start=\"3570\" data-end=\"3607\" data-section-id=\"a8okv\">Fyllighet: L\u00e4tt till medelfylligt<\/li>\n<li data-start=\"3608\" data-end=\"3634\" data-section-id=\"neou57\">Syra: Frisk och livlig<\/li>\n<li data-start=\"3635\" data-end=\"3667\" data-section-id=\"17j8mq4\">Fruktprofil: \u00c4pple och p\u00e4ron<\/li>\n<li data-start=\"3668\" data-end=\"3703\" data-section-id=\"m6ztmf\">Stil: Elegant, floral och frisk<\/li>\n<\/ul>\n<p data-start=\"3705\" data-end=\"3727\"><strong data-start=\"3705\" data-end=\"3716\">Alkohol<\/strong><br data-start=\"3716\" data-end=\"3719\" \/>13% vol.<\/p>\n<p data-start=\"3729\" data-end=\"4031\"><strong data-start=\"3729\" data-end=\"3754\">S\u00e4rskilda k\u00e4nnetecken<\/strong><br data-start=\"3754\" data-end=\"3757\" \/>En charmig Mauzac med klassisk sydfransk friskhet och ett n\u00e5got annorlunda uttryck \u00e4n mer k\u00e4nda internationella gr\u00f6na druvor. Serien <em data-start=\"3890\" data-end=\"3914\">Terroir des dinosaures<\/em> ger vinet en s\u00e4rskild identitet och stilen pr\u00e4glas av ren frukt, l\u00e4tt blommiga toner och ett elegant, friskt anslag.<\/p>\n<p data-start=\"4033\" data-end=\"4290\"><strong data-start=\"4033\" data-end=\"4045\">Matmatch<\/strong><br data-start=\"4045\" data-end=\"4048\" \/>Passar bra som aperitif och \u00e4r dessutom mycket god till fisk i s\u00e5s, ugnsbakade fiskr\u00e4tter och skaldjursfat. Det fungerar ocks\u00e5 fint till l\u00e4ttare f\u00f6rr\u00e4tter och enkla r\u00e4tter d\u00e4r vinets friskhet och blommiga avslutning f\u00e5r st\u00e5 tydligt i centrum.<\/p>\n","protected":false},"excerpt":{"rendered":"<p>Friskt och elegant Mauzac fr\u00e5n Pays d\u2019Oc med toner av \u00e4pple, p\u00e4ron och blommiga nyanser. Ett charmigt vitt vin till aperitif, fisk och skaldjur.<\/p>\n","protected":false},"featured_media":1000000033163,"template":"","meta":{"_acf_changed":false,"site-sidebar-layout":"default","site-content-layout":"","ast-site-content-layout":"default","site-content-style":"default","site-sidebar-style":"default","ast-global-header-display":"","ast-banner-title-visibility":"","ast-main-header-display":"","ast-hfb-above-header-display":"","ast-hfb-below-header-display":"","ast-hfb-mobile-header-display":"","site-post-title":"","ast-breadcrumbs-content":"","ast-featured-img":"","footer-sml-layout":"","ast-disable-related-posts":"","theme-transparent-header-meta":"default","adv-header-id-meta":"","stick-header-meta":"default","header-above-stick-meta":"","header-main-stick-meta":"","header-below-stick-meta":"","astra-migrate-meta-layouts":"set","ast-page-background-enabled":"default","ast-page-background-meta":{"desktop":{"background-color":"","background-image":"","background-repeat":"repeat","background-position":"center center","background-size":"auto","background-attachment":"scroll","background-type":"","background-media":"","overlay-type":"","overlay-color":"","overlay-opacity":"","overlay-gradient":""},"tablet":{"background-color":"","background-image":"","background-repeat":"repeat","background-position":"center center","background-size":"auto","background-attachment":"scroll","background-type":"","background-media":"","overlay-type":"","overlay-color":"","overlay-opacity":"","overlay-gradient":""},"mobile":{"background-color":"","background-image":"","background-repeat":"repeat","background-position":"center center","background-size":"auto","background-attachment":"scroll","background-type":"","background-media":"","overlay-type":"","overlay-color":"","overlay-opacity":"","overlay-gradient":""}},"ast-content-background-meta":{"desktop":{"background-color":"var(--ast-global-color-5)","background-image":"","background-repeat":"repeat","background-position":"center center","background-size":"auto","background-attachment":"scroll","background-type":"","background-media":"","overlay-type":"","overlay-color":"","overlay-opacity":"","overlay-gradient":""},"tablet":{"background-color":"var(--ast-global-color-5)","background-image":"","background-repeat":"repeat","background-position":"center center","background-size":"auto","background-attachment":"scroll","background-type":"","background-media":"","overlay-type":"","overlay-color":"","overlay-opacity":"","overlay-gradient":""},"mobile":{"background-color":"var(--ast-global-color-5)","background-image":"","background-repeat":"repeat","background-position":"center center","background-size":"auto","background-attachment":"scroll","background-type":"","background-media":"","overlay-type":"","overlay-color":"","overlay-opacity":"","overlay-gradient":""}}},"product_brand":[],"product_cat":[1424,1545,370],"product_tag":[],"class_list":{"0":"post-1000000033166","1":"product","2":"type-product","3":"status-publish","4":"has-post-thumbnail","6":"product_cat-frankrike","7":"product_cat-sydfrankrig-languedoc","8":"product_cat-vitt-vin","9":"pa_drue-mauzac","10":"pa_vintype-vitt-vin-sv","11":"desktop-align-center","12":"tablet-align-center","13":"mobile-align-center","14":"ast-product-gallery-layout-horizontal","15":"ast-product-tabs-layout-horizontal","16":"ast-qv-on-image-click","18":"first","19":"instock","20":"taxable","21":"shipping-taxable","22":"purchasable","23":"product-type-simple"},"group_of_quantity":0,"min_quantity":0,"max_quantity":"","exclude_order_quantity_value_rules":"no","exclude_category_quantity_rules":"no","combine_variations":"no","acf":[],"yoast_head":"<!-- This site is optimized with the Yoast SEO plugin v27.5 - https:\/\/yoast.com\/product\/yoast-seo-wordpress\/ -->\n<title>Anne de Joyeuse Mauzac | Friskt vitt vin fr\u00e5n Pays d\u2019Oc<\/title>\n<meta name=\"description\" content=\"K\u00f6p Anne de Joyeuse Rhabdodon priscus Mauzac Pays d\u2019Oc 2024. Friskt vitt vin med \u00e4pple, p\u00e4ron, floral avslutning och elegant stil.\" \/>\n<meta name=\"robots\" content=\"index, follow, max-snippet:-1, max-image-preview:large, max-video-preview:-1\" \/>\n<link rel=\"canonical\" href=\"https:\/\/detfranskevinhus.com\/sv\/vare\/anne-de-joyeuse-rhabdodon-mauzac-igp-oaked\/\" \/>\n<meta property=\"og:locale\" content=\"sv_SE\" \/>\n<meta property=\"og:type\" content=\"article\" \/>\n<meta property=\"og:title\" content=\"Anne de Joyeuse Mauzac 2024. Friskt sydfranskt vitt vin med finess\" \/>\n<meta property=\"og:description\" content=\"Ett l\u00e4tt och elegant vitt vin med \u00e4pple, p\u00e4ron och ett ih\u00e5llande blommigt avslut. Perfekt som aperitif eller till fisk, skaldjur och ljusa r\u00e4tter.\" \/>\n<meta property=\"og:url\" content=\"https:\/\/detfranskevinhus.com\/sv\/vare\/anne-de-joyeuse-rhabdodon-mauzac-igp-oaked\/\" \/>\n<meta property=\"og:site_name\" content=\"Det Franske Vinhus\" \/>\n<meta property=\"article:modified_time\" content=\"2026-04-06T09:42:16+00:00\" \/>\n<meta property=\"og:image\" content=\"https:\/\/detfranskevinhus.com\/wp-content\/uploads\/2026\/04\/66a-Frankrig-Languedoc-Limoux-Mauzac-Hvidvin-Anne-De-Joyeuse-RHABDODON-MAUZAC-IGP-Oaked.jpeg\" \/>\n\t<meta property=\"og:image:width\" content=\"1440\" \/>\n\t<meta property=\"og:image:height\" content=\"1920\" \/>\n\t<meta property=\"og:image:type\" content=\"image\/jpeg\" \/>\n<meta name=\"twitter:card\" content=\"summary_large_image\" \/>\n<meta name=\"twitter:label1\" content=\"Ber\u00e4knad l\u00e4stid\" \/>\n\t<meta name=\"twitter:data1\" content=\"2 minuter\" \/>\n<script type=\"application\/ld+json\" class=\"yoast-schema-graph\">{\"@context\":\"https:\\\/\\\/schema.org\",\"@graph\":[{\"@type\":\"WebPage\",\"@id\":\"https:\\\/\\\/detfranskevinhus.com\\\/sv\\\/vare\\\/anne-de-joyeuse-rhabdodon-mauzac-igp-oaked\\\/\",\"url\":\"https:\\\/\\\/detfranskevinhus.com\\\/sv\\\/vare\\\/anne-de-joyeuse-rhabdodon-mauzac-igp-oaked\\\/\",\"name\":\"Anne de Joyeuse Mauzac | Friskt vitt vin fr\u00e5n Pays d\u2019Oc\",\"isPartOf\":{\"@id\":\"https:\\\/\\\/detfranskevinhus.com\\\/sv\\\/#website\"},\"primaryImageOfPage\":{\"@id\":\"https:\\\/\\\/detfranskevinhus.com\\\/sv\\\/vare\\\/anne-de-joyeuse-rhabdodon-mauzac-igp-oaked\\\/#primaryimage\"},\"image\":{\"@id\":\"https:\\\/\\\/detfranskevinhus.com\\\/sv\\\/vare\\\/anne-de-joyeuse-rhabdodon-mauzac-igp-oaked\\\/#primaryimage\"},\"thumbnailUrl\":\"https:\\\/\\\/detfranskevinhus.com\\\/wp-content\\\/uploads\\\/2026\\\/04\\\/66a-Frankrig-Languedoc-Limoux-Mauzac-Hvidvin-Anne-De-Joyeuse-RHABDODON-MAUZAC-IGP-Oaked.jpeg\",\"datePublished\":\"2026-04-05T09:02:51+00:00\",\"dateModified\":\"2026-04-06T09:42:16+00:00\",\"description\":\"K\u00f6p Anne de Joyeuse Rhabdodon priscus Mauzac Pays d\u2019Oc 2024. Friskt vitt vin med \u00e4pple, p\u00e4ron, floral avslutning och elegant stil.\",\"breadcrumb\":{\"@id\":\"https:\\\/\\\/detfranskevinhus.com\\\/sv\\\/vare\\\/anne-de-joyeuse-rhabdodon-mauzac-igp-oaked\\\/#breadcrumb\"},\"inLanguage\":\"sv-SE\",\"potentialAction\":[{\"@type\":\"ReadAction\",\"target\":[\"https:\\\/\\\/detfranskevinhus.com\\\/sv\\\/vare\\\/anne-de-joyeuse-rhabdodon-mauzac-igp-oaked\\\/\"]}]},{\"@type\":\"ImageObject\",\"inLanguage\":\"sv-SE\",\"@id\":\"https:\\\/\\\/detfranskevinhus.com\\\/sv\\\/vare\\\/anne-de-joyeuse-rhabdodon-mauzac-igp-oaked\\\/#primaryimage\",\"url\":\"https:\\\/\\\/detfranskevinhus.com\\\/wp-content\\\/uploads\\\/2026\\\/04\\\/66a-Frankrig-Languedoc-Limoux-Mauzac-Hvidvin-Anne-De-Joyeuse-RHABDODON-MAUZAC-IGP-Oaked.jpeg\",\"contentUrl\":\"https:\\\/\\\/detfranskevinhus.com\\\/wp-content\\\/uploads\\\/2026\\\/04\\\/66a-Frankrig-Languedoc-Limoux-Mauzac-Hvidvin-Anne-De-Joyeuse-RHABDODON-MAUZAC-IGP-Oaked.jpeg\",\"width\":1440,\"height\":1920,\"caption\":\"Frankrig Languedoc Limoux Mauzac Hvidvin Anne De Joyeuse RHABDODON MAUZAC IGP Oaked\"},{\"@type\":\"BreadcrumbList\",\"@id\":\"https:\\\/\\\/detfranskevinhus.com\\\/sv\\\/vare\\\/anne-de-joyeuse-rhabdodon-mauzac-igp-oaked\\\/#breadcrumb\",\"itemListElement\":[{\"@type\":\"ListItem\",\"position\":1,\"name\":\"Shop\",\"item\":\"https:\\\/\\\/detfranskevinhus.com\\\/sv\\\/butik\\\/\"},{\"@type\":\"ListItem\",\"position\":2,\"name\":\"Anne De Joyeuse RHABDODON MAUZAC IGP Oaked\"}]},{\"@type\":\"WebSite\",\"@id\":\"https:\\\/\\\/detfranskevinhus.com\\\/sv\\\/#website\",\"url\":\"https:\\\/\\\/detfranskevinhus.com\\\/sv\\\/\",\"name\":\"Det Franske Vinhus\",\"description\":\"\",\"publisher\":{\"@id\":\"https:\\\/\\\/detfranskevinhus.com\\\/sv\\\/#organization\"},\"potentialAction\":[{\"@type\":\"SearchAction\",\"target\":{\"@type\":\"EntryPoint\",\"urlTemplate\":\"https:\\\/\\\/detfranskevinhus.com\\\/sv\\\/?s={search_term_string}\"},\"query-input\":{\"@type\":\"PropertyValueSpecification\",\"valueRequired\":true,\"valueName\":\"search_term_string\"}}],\"inLanguage\":\"sv-SE\"},{\"@type\":\"Organization\",\"@id\":\"https:\\\/\\\/detfranskevinhus.com\\\/sv\\\/#organization\",\"name\":\"Det Franske Vinhus\",\"url\":\"https:\\\/\\\/detfranskevinhus.com\\\/sv\\\/\",\"logo\":{\"@type\":\"ImageObject\",\"inLanguage\":\"sv-SE\",\"@id\":\"https:\\\/\\\/detfranskevinhus.com\\\/sv\\\/#\\\/schema\\\/logo\\\/image\\\/\",\"url\":\"https:\\\/\\\/detfranskevinhus.com\\\/wp-content\\\/uploads\\\/2023\\\/07\\\/01_DFV_Logo_www_01-02-copy.jpg\",\"contentUrl\":\"https:\\\/\\\/detfranskevinhus.com\\\/wp-content\\\/uploads\\\/2023\\\/07\\\/01_DFV_Logo_www_01-02-copy.jpg\",\"width\":992,\"height\":482,\"caption\":\"Det Franske Vinhus\"},\"image\":{\"@id\":\"https:\\\/\\\/detfranskevinhus.com\\\/sv\\\/#\\\/schema\\\/logo\\\/image\\\/\"}}]}<\/script>\n<!-- \/ Yoast SEO plugin. -->","yoast_head_json":{"title":"Anne de Joyeuse Mauzac | Friskt vitt vin fr\u00e5n Pays d\u2019Oc","description":"K\u00f6p Anne de Joyeuse Rhabdodon priscus Mauzac Pays d\u2019Oc 2024. Friskt vitt vin med \u00e4pple, p\u00e4ron, floral avslutning och elegant stil.","robots":{"index":"index","follow":"follow","max-snippet":"max-snippet:-1","max-image-preview":"max-image-preview:large","max-video-preview":"max-video-preview:-1"},"canonical":"https:\/\/detfranskevinhus.com\/sv\/vare\/anne-de-joyeuse-rhabdodon-mauzac-igp-oaked\/","og_locale":"sv_SE","og_type":"article","og_title":"Anne de Joyeuse Mauzac 2024. Friskt sydfranskt vitt vin med finess","og_description":"Ett l\u00e4tt och elegant vitt vin med \u00e4pple, p\u00e4ron och ett ih\u00e5llande blommigt avslut. Perfekt som aperitif eller till fisk, skaldjur och ljusa r\u00e4tter.","og_url":"https:\/\/detfranskevinhus.com\/sv\/vare\/anne-de-joyeuse-rhabdodon-mauzac-igp-oaked\/","og_site_name":"Det Franske Vinhus","article_modified_time":"2026-04-06T09:42:16+00:00","og_image":[{"width":1440,"height":1920,"url":"https:\/\/detfranskevinhus.com\/wp-content\/uploads\/2026\/04\/66a-Frankrig-Languedoc-Limoux-Mauzac-Hvidvin-Anne-De-Joyeuse-RHABDODON-MAUZAC-IGP-Oaked.jpeg","type":"image\/jpeg"}],"twitter_card":"summary_large_image","twitter_misc":{"Ber\u00e4knad l\u00e4stid":"2 minuter"},"schema":{"@context":"https:\/\/schema.org","@graph":[{"@type":"WebPage","@id":"https:\/\/detfranskevinhus.com\/sv\/vare\/anne-de-joyeuse-rhabdodon-mauzac-igp-oaked\/","url":"https:\/\/detfranskevinhus.com\/sv\/vare\/anne-de-joyeuse-rhabdodon-mauzac-igp-oaked\/","name":"Anne de Joyeuse Mauzac | Friskt vitt vin fr\u00e5n Pays d\u2019Oc","isPartOf":{"@id":"https:\/\/detfranskevinhus.com\/sv\/#website"},"primaryImageOfPage":{"@id":"https:\/\/detfranskevinhus.com\/sv\/vare\/anne-de-joyeuse-rhabdodon-mauzac-igp-oaked\/#primaryimage"},"image":{"@id":"https:\/\/detfranskevinhus.com\/sv\/vare\/anne-de-joyeuse-rhabdodon-mauzac-igp-oaked\/#primaryimage"},"thumbnailUrl":"https:\/\/detfranskevinhus.com\/wp-content\/uploads\/2026\/04\/66a-Frankrig-Languedoc-Limoux-Mauzac-Hvidvin-Anne-De-Joyeuse-RHABDODON-MAUZAC-IGP-Oaked.jpeg","datePublished":"2026-04-05T09:02:51+00:00","dateModified":"2026-04-06T09:42:16+00:00","description":"K\u00f6p Anne de Joyeuse Rhabdodon priscus Mauzac Pays d\u2019Oc 2024. Friskt vitt vin med \u00e4pple, p\u00e4ron, floral avslutning och elegant stil.","breadcrumb":{"@id":"https:\/\/detfranskevinhus.com\/sv\/vare\/anne-de-joyeuse-rhabdodon-mauzac-igp-oaked\/#breadcrumb"},"inLanguage":"sv-SE","potentialAction":[{"@type":"ReadAction","target":["https:\/\/detfranskevinhus.com\/sv\/vare\/anne-de-joyeuse-rhabdodon-mauzac-igp-oaked\/"]}]},{"@type":"ImageObject","inLanguage":"sv-SE","@id":"https:\/\/detfranskevinhus.com\/sv\/vare\/anne-de-joyeuse-rhabdodon-mauzac-igp-oaked\/#primaryimage","url":"https:\/\/detfranskevinhus.com\/wp-content\/uploads\/2026\/04\/66a-Frankrig-Languedoc-Limoux-Mauzac-Hvidvin-Anne-De-Joyeuse-RHABDODON-MAUZAC-IGP-Oaked.jpeg","contentUrl":"https:\/\/detfranskevinhus.com\/wp-content\/uploads\/2026\/04\/66a-Frankrig-Languedoc-Limoux-Mauzac-Hvidvin-Anne-De-Joyeuse-RHABDODON-MAUZAC-IGP-Oaked.jpeg","width":1440,"height":1920,"caption":"Frankrig Languedoc Limoux Mauzac Hvidvin Anne De Joyeuse RHABDODON MAUZAC IGP Oaked"},{"@type":"BreadcrumbList","@id":"https:\/\/detfranskevinhus.com\/sv\/vare\/anne-de-joyeuse-rhabdodon-mauzac-igp-oaked\/#breadcrumb","itemListElement":[{"@type":"ListItem","position":1,"name":"Shop","item":"https:\/\/detfranskevinhus.com\/sv\/butik\/"},{"@type":"ListItem","position":2,"name":"Anne De Joyeuse RHABDODON MAUZAC IGP Oaked"}]},{"@type":"WebSite","@id":"https:\/\/detfranskevinhus.com\/sv\/#website","url":"https:\/\/detfranskevinhus.com\/sv\/","name":"Det Franske Vinhus","description":"","publisher":{"@id":"https:\/\/detfranskevinhus.com\/sv\/#organization"},"potentialAction":[{"@type":"SearchAction","target":{"@type":"EntryPoint","urlTemplate":"https:\/\/detfranskevinhus.com\/sv\/?s={search_term_string}"},"query-input":{"@type":"PropertyValueSpecification","valueRequired":true,"valueName":"search_term_string"}}],"inLanguage":"sv-SE"},{"@type":"Organization","@id":"https:\/\/detfranskevinhus.com\/sv\/#organization","name":"Det Franske Vinhus","url":"https:\/\/detfranskevinhus.com\/sv\/","logo":{"@type":"ImageObject","inLanguage":"sv-SE","@id":"https:\/\/detfranskevinhus.com\/sv\/#\/schema\/logo\/image\/","url":"https:\/\/detfranskevinhus.com\/wp-content\/uploads\/2023\/07\/01_DFV_Logo_www_01-02-copy.jpg","contentUrl":"https:\/\/detfranskevinhus.com\/wp-content\/uploads\/2023\/07\/01_DFV_Logo_www_01-02-copy.jpg","width":992,"height":482,"caption":"Det Franske Vinhus"},"image":{"@id":"https:\/\/detfranskevinhus.com\/sv\/#\/schema\/logo\/image\/"}}]}},"_links":{"self":[{"href":"https:\/\/detfranskevinhus.com\/sv\/wp-json\/wp\/v2\/product\/1000000033166","targetHints":{"allow":["GET"]}}],"collection":[{"href":"https:\/\/detfranskevinhus.com\/sv\/wp-json\/wp\/v2\/product"}],"about":[{"href":"https:\/\/detfranskevinhus.com\/sv\/wp-json\/wp\/v2\/types\/product"}],"version-history":[{"count":2,"href":"https:\/\/detfranskevinhus.com\/sv\/wp-json\/wp\/v2\/product\/1000000033166\/revisions"}],"predecessor-version":[{"id":1000000033402,"href":"https:\/\/detfranskevinhus.com\/sv\/wp-json\/wp\/v2\/product\/1000000033166\/revisions\/1000000033402"}],"wp:featuredmedia":[{"embeddable":true,"href":"https:\/\/detfranskevinhus.com\/sv\/wp-json\/wp\/v2\/media\/1000000033163"}],"wp:attachment":[{"href":"https:\/\/detfranskevinhus.com\/sv\/wp-json\/wp\/v2\/media?parent=1000000033166"}],"wp:term":[{"taxonomy":"product_brand","embeddable":true,"href":"https:\/\/detfranskevinhus.com\/sv\/wp-json\/wp\/v2\/product_brand?post=1000000033166"},{"taxonomy":"product_cat","embeddable":true,"href":"https:\/\/detfranskevinhus.com\/sv\/wp-json\/wp\/v2\/product_cat?post=1000000033166"},{"taxonomy":"product_tag","embeddable":true,"href":"https:\/\/detfranskevinhus.com\/sv\/wp-json\/wp\/v2\/product_tag?post=1000000033166"}],"curies":[{"name":"wp","href":"https:\/\/api.w.org\/{rel}","templated":true}]}}