{"id":1000000033090,"date":"2026-04-03T11:39:33","date_gmt":"2026-04-03T09:39:33","guid":{"rendered":"https:\/\/detfranskevinhus.com\/?post_type=product&#038;p=1000000033090"},"modified":"2026-04-06T11:43:36","modified_gmt":"2026-04-06T09:43:36","slug":"anne-de-joyeuse-ampelosaurus-chardonnay-igp-oaked-2","status":"publish","type":"product","link":"https:\/\/detfranskevinhus.com\/sv\/vare\/anne-de-joyeuse-ampelosaurus-chardonnay-igp-oaked-2\/","title":{"rendered":"Anne De Joyeuse AMPELOSAURUS CHARDONNAY IGP Oaked"},"content":{"rendered":"<p data-start=\"2552\" data-end=\"2965\"><strong data-start=\"2552\" data-end=\"2564\">Ursprung<\/strong><br data-start=\"2564\" data-end=\"2567\" \/>Detta vita vin kommer fr\u00e5n Pays d\u2019Oc i s\u00f6dra Frankrike och \u00e4r producerat av Anne de Joyeuse. Vinet ing\u00e5r i serien <em data-start=\"2681\" data-end=\"2720\">Ampelosaurus \u2013 Terroir des dinosaures<\/em>, som syftar p\u00e5 den h\u00f6gt bel\u00e4gna Haute Vall\u00e9e de l\u2019Aude, d\u00e4r man b\u00e5de finner s\u00e4rskilda jordm\u00e5ner fr\u00e5n kritperioden och sp\u00e5r av dinosaurier. Det \u00e4r ett vin fr\u00e5n ett omr\u00e5de som \u00e4r k\u00e4nt f\u00f6r att f\u00f6rena friskhet, finess och massor av sydfransk charm.<\/p>\n<p data-start=\"2967\" data-end=\"2990\"><strong data-start=\"2967\" data-end=\"2976\">Druva<\/strong><br data-start=\"2976\" data-end=\"2979\" \/>Chardonnay.<\/p>\n<p data-start=\"2992\" data-end=\"3276\"><strong data-start=\"2992\" data-end=\"3000\">Smak<\/strong><br data-start=\"3000\" data-end=\"3003\" \/>Vinet \u00e4r torrt, mjukt och elegant med en fin balans mellan friskhet och rund frukt. Smaken bjuder p\u00e5 vit persika, citrus och l\u00e4tta florala nyanser, kompletterade av en diskret ton av rostade inslag. Det upplevs harmoniskt, rent och behagligt avrundat med ett friskt avslut.<\/p>\n<p data-start=\"3278\" data-end=\"3474\"><strong data-start=\"3278\" data-end=\"3286\">Arom<\/strong><br data-start=\"3286\" data-end=\"3289\" \/>Doften \u00e4r delikat och inbjudande med toner av vita blommor, hagtorn, akacia, mogen vit persika och en l\u00e4tt citruston. D\u00e4r finns ocks\u00e5 en mild, l\u00e4tt rostad nyans som ger lite extra djup.<\/p>\n<p data-start=\"3476\" data-end=\"3488\"><strong data-start=\"3476\" data-end=\"3488\">Karakt\u00e4r<\/strong><\/p>\n<ul data-start=\"3490\" data-end=\"3636\">\n<li data-section-id=\"z2ehjz\" data-start=\"3490\" data-end=\"3508\">Torrhet: Torrt<\/li>\n<li data-section-id=\"tau2m9\" data-start=\"3509\" data-end=\"3523\">S\u00f6tma: L\u00e5g<\/li>\n<li data-section-id=\"17z1gbe\" data-start=\"3524\" data-end=\"3551\">Fyllighet: Medelfylligt<\/li>\n<li data-section-id=\"hyikvf\" data-start=\"3552\" data-end=\"3582\">Syra: Frisk och balanserad<\/li>\n<li data-section-id=\"864ci2\" data-start=\"3583\" data-end=\"3636\">Fruktprofil: Vita blommor, vit persika och citrus<\/li>\n<\/ul>\n<p data-start=\"3638\" data-end=\"3660\"><strong data-start=\"3638\" data-end=\"3649\">Alkohol<\/strong><br data-start=\"3649\" data-end=\"3652\" \/>13% vol.<\/p>\n<p data-start=\"3662\" data-end=\"3943\"><strong data-start=\"3662\" data-end=\"3687\">S\u00e4rskilda k\u00e4nnetecken<\/strong><br data-start=\"3687\" data-end=\"3690\" \/>En elegant och v\u00e4lbalanserad Chardonnay fr\u00e5n Pays d\u2019Oc med floral finess, mjuk frukt och l\u00e4tta rostade toner. Vinet kombinerar sydfransk v\u00e4rme med fin friskhet och \u00e4r samtidigt en del av Anne de Joyeuses h\u00e5llbara serie med fokus p\u00e5 terroir och ursprung.<\/p>\n<p data-start=\"3945\" data-end=\"4204\"><strong data-start=\"3945\" data-end=\"3957\">Matmatch<\/strong><br data-start=\"3957\" data-end=\"3960\" \/>Passar s\u00e4rskilt bra till fisk i paket, ljust f\u00e5gelk\u00f6tt, r\u00e4tter med citron eller citrongr\u00e4s samt milda getostar. Det fungerar ocks\u00e5 mycket fint till l\u00e4tta f\u00f6rr\u00e4tter och enkla gr\u00f6nsaksr\u00e4tter, d\u00e4r vinets friska och eleganta stil f\u00e5r st\u00e5 i centrum.<\/p>\n","protected":false},"excerpt":{"rendered":"<p>Elegant Chardonnay fr\u00e5n Pays d\u2019Oc med vita blommor, persika och frisk citrus. Ett harmoniskt vitt vin med fin balans och l\u00e4tta rostade toner.<\/p>\n","protected":false},"featured_media":1000000033087,"template":"","meta":{"_acf_changed":false,"site-sidebar-layout":"default","site-content-layout":"","ast-site-content-layout":"default","site-content-style":"default","site-sidebar-style":"default","ast-global-header-display":"","ast-banner-title-visibility":"","ast-main-header-display":"","ast-hfb-above-header-display":"","ast-hfb-below-header-display":"","ast-hfb-mobile-header-display":"","site-post-title":"","ast-breadcrumbs-content":"","ast-featured-img":"","footer-sml-layout":"","ast-disable-related-posts":"","theme-transparent-header-meta":"default","adv-header-id-meta":"","stick-header-meta":"default","header-above-stick-meta":"","header-main-stick-meta":"","header-below-stick-meta":"","astra-migrate-meta-layouts":"set","ast-page-background-enabled":"default","ast-page-background-meta":{"desktop":{"background-color":"","background-image":"","background-repeat":"repeat","background-position":"center center","background-size":"auto","background-attachment":"scroll","background-type":"","background-media":"","overlay-type":"","overlay-color":"","overlay-opacity":"","overlay-gradient":""},"tablet":{"background-color":"","background-image":"","background-repeat":"repeat","background-position":"center center","background-size":"auto","background-attachment":"scroll","background-type":"","background-media":"","overlay-type":"","overlay-color":"","overlay-opacity":"","overlay-gradient":""},"mobile":{"background-color":"","background-image":"","background-repeat":"repeat","background-position":"center center","background-size":"auto","background-attachment":"scroll","background-type":"","background-media":"","overlay-type":"","overlay-color":"","overlay-opacity":"","overlay-gradient":""}},"ast-content-background-meta":{"desktop":{"background-color":"var(--ast-global-color-5)","background-image":"","background-repeat":"repeat","background-position":"center center","background-size":"auto","background-attachment":"scroll","background-type":"","background-media":"","overlay-type":"","overlay-color":"","overlay-opacity":"","overlay-gradient":""},"tablet":{"background-color":"var(--ast-global-color-5)","background-image":"","background-repeat":"repeat","background-position":"center center","background-size":"auto","background-attachment":"scroll","background-type":"","background-media":"","overlay-type":"","overlay-color":"","overlay-opacity":"","overlay-gradient":""},"mobile":{"background-color":"var(--ast-global-color-5)","background-image":"","background-repeat":"repeat","background-position":"center center","background-size":"auto","background-attachment":"scroll","background-type":"","background-media":"","overlay-type":"","overlay-color":"","overlay-opacity":"","overlay-gradient":""}}},"product_brand":[],"product_cat":[1424,1545,370],"product_tag":[],"class_list":{"0":"post-1000000033090","1":"product","2":"type-product","3":"status-publish","4":"has-post-thumbnail","6":"product_cat-frankrike","7":"product_cat-sydfrankrig-languedoc","8":"product_cat-vitt-vin","9":"pa_drue-chardonnay-sv","10":"pa_vintype-vitt-vin-sv","11":"desktop-align-center","12":"tablet-align-center","13":"mobile-align-center","14":"ast-product-gallery-layout-horizontal","15":"ast-product-tabs-layout-horizontal","16":"ast-qv-on-image-click","18":"first","19":"instock","20":"taxable","21":"shipping-taxable","22":"purchasable","23":"product-type-simple"},"group_of_quantity":0,"min_quantity":0,"max_quantity":"","exclude_order_quantity_value_rules":"no","exclude_category_quantity_rules":"no","combine_variations":"no","acf":[],"yoast_head":"<!-- This site is optimized with the Yoast SEO plugin v27.5 - https:\/\/yoast.com\/product\/yoast-seo-wordpress\/ -->\n<title>Anne de Joyeuse Ampelosaurus Chardonnay | Vitt vin | Pays d\u2019Oc<\/title>\n<meta name=\"description\" content=\"K\u00f6p Anne de Joyeuse Ampelosaurus Chardonnay Pays d\u2019Oc 2023. Elegant vitt vin med vita blommor, persika, citrus och l\u00e4tt rostade toner.\" \/>\n<meta name=\"robots\" content=\"index, follow, max-snippet:-1, max-image-preview:large, max-video-preview:-1\" \/>\n<link rel=\"canonical\" href=\"https:\/\/detfranskevinhus.com\/sv\/vare\/anne-de-joyeuse-ampelosaurus-chardonnay-igp-oaked-2\/\" \/>\n<meta property=\"og:locale\" content=\"sv_SE\" \/>\n<meta property=\"og:type\" content=\"article\" \/>\n<meta property=\"og:title\" content=\"Anne de Joyeuse Ampelosaurus Chardonnay 2023. Frisk och elegant Chardonnay\" \/>\n<meta property=\"og:description\" content=\"En balanserad och charmig Chardonnay med vita blommor, vit persika och en ton av citrus. Perfekt till fisk, f\u00e5gel och milda ostar.\" \/>\n<meta property=\"og:url\" content=\"https:\/\/detfranskevinhus.com\/sv\/vare\/anne-de-joyeuse-ampelosaurus-chardonnay-igp-oaked-2\/\" \/>\n<meta property=\"og:site_name\" content=\"Det Franske Vinhus\" \/>\n<meta property=\"article:modified_time\" content=\"2026-04-06T09:43:36+00:00\" \/>\n<meta property=\"og:image\" content=\"https:\/\/detfranskevinhus.com\/wp-content\/uploads\/2026\/04\/48a-Frankrig-Languedoc-Limoux-Chardonnay-Hvidvin-Anne-De-Joyeuse-AMPELOSAURUS-HARDONNAY-IGP-Oaked.jpeg\" \/>\n\t<meta property=\"og:image:width\" content=\"1440\" \/>\n\t<meta property=\"og:image:height\" content=\"1920\" \/>\n\t<meta property=\"og:image:type\" content=\"image\/jpeg\" \/>\n<meta name=\"twitter:card\" content=\"summary_large_image\" \/>\n<meta name=\"twitter:label1\" content=\"Ber\u00e4knad l\u00e4stid\" \/>\n\t<meta name=\"twitter:data1\" content=\"2 minuter\" \/>\n<script type=\"application\/ld+json\" class=\"yoast-schema-graph\">{\"@context\":\"https:\\\/\\\/schema.org\",\"@graph\":[{\"@type\":\"WebPage\",\"@id\":\"https:\\\/\\\/detfranskevinhus.com\\\/sv\\\/vare\\\/anne-de-joyeuse-ampelosaurus-chardonnay-igp-oaked-2\\\/\",\"url\":\"https:\\\/\\\/detfranskevinhus.com\\\/sv\\\/vare\\\/anne-de-joyeuse-ampelosaurus-chardonnay-igp-oaked-2\\\/\",\"name\":\"Anne de Joyeuse Ampelosaurus Chardonnay | Vitt vin | Pays d\u2019Oc\",\"isPartOf\":{\"@id\":\"https:\\\/\\\/detfranskevinhus.com\\\/sv\\\/#website\"},\"primaryImageOfPage\":{\"@id\":\"https:\\\/\\\/detfranskevinhus.com\\\/sv\\\/vare\\\/anne-de-joyeuse-ampelosaurus-chardonnay-igp-oaked-2\\\/#primaryimage\"},\"image\":{\"@id\":\"https:\\\/\\\/detfranskevinhus.com\\\/sv\\\/vare\\\/anne-de-joyeuse-ampelosaurus-chardonnay-igp-oaked-2\\\/#primaryimage\"},\"thumbnailUrl\":\"https:\\\/\\\/detfranskevinhus.com\\\/wp-content\\\/uploads\\\/2026\\\/04\\\/48a-Frankrig-Languedoc-Limoux-Chardonnay-Hvidvin-Anne-De-Joyeuse-AMPELOSAURUS-HARDONNAY-IGP-Oaked.jpeg\",\"datePublished\":\"2026-04-03T09:39:33+00:00\",\"dateModified\":\"2026-04-06T09:43:36+00:00\",\"description\":\"K\u00f6p Anne de Joyeuse Ampelosaurus Chardonnay Pays d\u2019Oc 2023. Elegant vitt vin med vita blommor, persika, citrus och l\u00e4tt rostade toner.\",\"breadcrumb\":{\"@id\":\"https:\\\/\\\/detfranskevinhus.com\\\/sv\\\/vare\\\/anne-de-joyeuse-ampelosaurus-chardonnay-igp-oaked-2\\\/#breadcrumb\"},\"inLanguage\":\"sv-SE\",\"potentialAction\":[{\"@type\":\"ReadAction\",\"target\":[\"https:\\\/\\\/detfranskevinhus.com\\\/sv\\\/vare\\\/anne-de-joyeuse-ampelosaurus-chardonnay-igp-oaked-2\\\/\"]}]},{\"@type\":\"ImageObject\",\"inLanguage\":\"sv-SE\",\"@id\":\"https:\\\/\\\/detfranskevinhus.com\\\/sv\\\/vare\\\/anne-de-joyeuse-ampelosaurus-chardonnay-igp-oaked-2\\\/#primaryimage\",\"url\":\"https:\\\/\\\/detfranskevinhus.com\\\/wp-content\\\/uploads\\\/2026\\\/04\\\/48a-Frankrig-Languedoc-Limoux-Chardonnay-Hvidvin-Anne-De-Joyeuse-AMPELOSAURUS-HARDONNAY-IGP-Oaked.jpeg\",\"contentUrl\":\"https:\\\/\\\/detfranskevinhus.com\\\/wp-content\\\/uploads\\\/2026\\\/04\\\/48a-Frankrig-Languedoc-Limoux-Chardonnay-Hvidvin-Anne-De-Joyeuse-AMPELOSAURUS-HARDONNAY-IGP-Oaked.jpeg\",\"width\":1440,\"height\":1920,\"caption\":\"Frankrig Languedoc Limoux Chardonnay Hvidvin Anne De Joyeuse AMPELOSAURUS HARDONNAY IGP Oaked\"},{\"@type\":\"BreadcrumbList\",\"@id\":\"https:\\\/\\\/detfranskevinhus.com\\\/sv\\\/vare\\\/anne-de-joyeuse-ampelosaurus-chardonnay-igp-oaked-2\\\/#breadcrumb\",\"itemListElement\":[{\"@type\":\"ListItem\",\"position\":1,\"name\":\"Shop\",\"item\":\"https:\\\/\\\/detfranskevinhus.com\\\/sv\\\/butik\\\/\"},{\"@type\":\"ListItem\",\"position\":2,\"name\":\"Anne De Joyeuse AMPELOSAURUS CHARDONNAY IGP Oaked\"}]},{\"@type\":\"WebSite\",\"@id\":\"https:\\\/\\\/detfranskevinhus.com\\\/sv\\\/#website\",\"url\":\"https:\\\/\\\/detfranskevinhus.com\\\/sv\\\/\",\"name\":\"Det Franske Vinhus\",\"description\":\"\",\"publisher\":{\"@id\":\"https:\\\/\\\/detfranskevinhus.com\\\/sv\\\/#organization\"},\"potentialAction\":[{\"@type\":\"SearchAction\",\"target\":{\"@type\":\"EntryPoint\",\"urlTemplate\":\"https:\\\/\\\/detfranskevinhus.com\\\/sv\\\/?s={search_term_string}\"},\"query-input\":{\"@type\":\"PropertyValueSpecification\",\"valueRequired\":true,\"valueName\":\"search_term_string\"}}],\"inLanguage\":\"sv-SE\"},{\"@type\":\"Organization\",\"@id\":\"https:\\\/\\\/detfranskevinhus.com\\\/sv\\\/#organization\",\"name\":\"Det Franske Vinhus\",\"url\":\"https:\\\/\\\/detfranskevinhus.com\\\/sv\\\/\",\"logo\":{\"@type\":\"ImageObject\",\"inLanguage\":\"sv-SE\",\"@id\":\"https:\\\/\\\/detfranskevinhus.com\\\/sv\\\/#\\\/schema\\\/logo\\\/image\\\/\",\"url\":\"https:\\\/\\\/detfranskevinhus.com\\\/wp-content\\\/uploads\\\/2023\\\/07\\\/01_DFV_Logo_www_01-02-copy.jpg\",\"contentUrl\":\"https:\\\/\\\/detfranskevinhus.com\\\/wp-content\\\/uploads\\\/2023\\\/07\\\/01_DFV_Logo_www_01-02-copy.jpg\",\"width\":992,\"height\":482,\"caption\":\"Det Franske Vinhus\"},\"image\":{\"@id\":\"https:\\\/\\\/detfranskevinhus.com\\\/sv\\\/#\\\/schema\\\/logo\\\/image\\\/\"}}]}<\/script>\n<!-- \/ Yoast SEO plugin. -->","yoast_head_json":{"title":"Anne de Joyeuse Ampelosaurus Chardonnay | Vitt vin | Pays d\u2019Oc","description":"K\u00f6p Anne de Joyeuse Ampelosaurus Chardonnay Pays d\u2019Oc 2023. Elegant vitt vin med vita blommor, persika, citrus och l\u00e4tt rostade toner.","robots":{"index":"index","follow":"follow","max-snippet":"max-snippet:-1","max-image-preview":"max-image-preview:large","max-video-preview":"max-video-preview:-1"},"canonical":"https:\/\/detfranskevinhus.com\/sv\/vare\/anne-de-joyeuse-ampelosaurus-chardonnay-igp-oaked-2\/","og_locale":"sv_SE","og_type":"article","og_title":"Anne de Joyeuse Ampelosaurus Chardonnay 2023. Frisk och elegant Chardonnay","og_description":"En balanserad och charmig Chardonnay med vita blommor, vit persika och en ton av citrus. Perfekt till fisk, f\u00e5gel och milda ostar.","og_url":"https:\/\/detfranskevinhus.com\/sv\/vare\/anne-de-joyeuse-ampelosaurus-chardonnay-igp-oaked-2\/","og_site_name":"Det Franske Vinhus","article_modified_time":"2026-04-06T09:43:36+00:00","og_image":[{"width":1440,"height":1920,"url":"https:\/\/detfranskevinhus.com\/wp-content\/uploads\/2026\/04\/48a-Frankrig-Languedoc-Limoux-Chardonnay-Hvidvin-Anne-De-Joyeuse-AMPELOSAURUS-HARDONNAY-IGP-Oaked.jpeg","type":"image\/jpeg"}],"twitter_card":"summary_large_image","twitter_misc":{"Ber\u00e4knad l\u00e4stid":"2 minuter"},"schema":{"@context":"https:\/\/schema.org","@graph":[{"@type":"WebPage","@id":"https:\/\/detfranskevinhus.com\/sv\/vare\/anne-de-joyeuse-ampelosaurus-chardonnay-igp-oaked-2\/","url":"https:\/\/detfranskevinhus.com\/sv\/vare\/anne-de-joyeuse-ampelosaurus-chardonnay-igp-oaked-2\/","name":"Anne de Joyeuse Ampelosaurus Chardonnay | Vitt vin | Pays d\u2019Oc","isPartOf":{"@id":"https:\/\/detfranskevinhus.com\/sv\/#website"},"primaryImageOfPage":{"@id":"https:\/\/detfranskevinhus.com\/sv\/vare\/anne-de-joyeuse-ampelosaurus-chardonnay-igp-oaked-2\/#primaryimage"},"image":{"@id":"https:\/\/detfranskevinhus.com\/sv\/vare\/anne-de-joyeuse-ampelosaurus-chardonnay-igp-oaked-2\/#primaryimage"},"thumbnailUrl":"https:\/\/detfranskevinhus.com\/wp-content\/uploads\/2026\/04\/48a-Frankrig-Languedoc-Limoux-Chardonnay-Hvidvin-Anne-De-Joyeuse-AMPELOSAURUS-HARDONNAY-IGP-Oaked.jpeg","datePublished":"2026-04-03T09:39:33+00:00","dateModified":"2026-04-06T09:43:36+00:00","description":"K\u00f6p Anne de Joyeuse Ampelosaurus Chardonnay Pays d\u2019Oc 2023. Elegant vitt vin med vita blommor, persika, citrus och l\u00e4tt rostade toner.","breadcrumb":{"@id":"https:\/\/detfranskevinhus.com\/sv\/vare\/anne-de-joyeuse-ampelosaurus-chardonnay-igp-oaked-2\/#breadcrumb"},"inLanguage":"sv-SE","potentialAction":[{"@type":"ReadAction","target":["https:\/\/detfranskevinhus.com\/sv\/vare\/anne-de-joyeuse-ampelosaurus-chardonnay-igp-oaked-2\/"]}]},{"@type":"ImageObject","inLanguage":"sv-SE","@id":"https:\/\/detfranskevinhus.com\/sv\/vare\/anne-de-joyeuse-ampelosaurus-chardonnay-igp-oaked-2\/#primaryimage","url":"https:\/\/detfranskevinhus.com\/wp-content\/uploads\/2026\/04\/48a-Frankrig-Languedoc-Limoux-Chardonnay-Hvidvin-Anne-De-Joyeuse-AMPELOSAURUS-HARDONNAY-IGP-Oaked.jpeg","contentUrl":"https:\/\/detfranskevinhus.com\/wp-content\/uploads\/2026\/04\/48a-Frankrig-Languedoc-Limoux-Chardonnay-Hvidvin-Anne-De-Joyeuse-AMPELOSAURUS-HARDONNAY-IGP-Oaked.jpeg","width":1440,"height":1920,"caption":"Frankrig Languedoc Limoux Chardonnay Hvidvin Anne De Joyeuse AMPELOSAURUS HARDONNAY IGP Oaked"},{"@type":"BreadcrumbList","@id":"https:\/\/detfranskevinhus.com\/sv\/vare\/anne-de-joyeuse-ampelosaurus-chardonnay-igp-oaked-2\/#breadcrumb","itemListElement":[{"@type":"ListItem","position":1,"name":"Shop","item":"https:\/\/detfranskevinhus.com\/sv\/butik\/"},{"@type":"ListItem","position":2,"name":"Anne De Joyeuse AMPELOSAURUS CHARDONNAY IGP Oaked"}]},{"@type":"WebSite","@id":"https:\/\/detfranskevinhus.com\/sv\/#website","url":"https:\/\/detfranskevinhus.com\/sv\/","name":"Det Franske Vinhus","description":"","publisher":{"@id":"https:\/\/detfranskevinhus.com\/sv\/#organization"},"potentialAction":[{"@type":"SearchAction","target":{"@type":"EntryPoint","urlTemplate":"https:\/\/detfranskevinhus.com\/sv\/?s={search_term_string}"},"query-input":{"@type":"PropertyValueSpecification","valueRequired":true,"valueName":"search_term_string"}}],"inLanguage":"sv-SE"},{"@type":"Organization","@id":"https:\/\/detfranskevinhus.com\/sv\/#organization","name":"Det Franske Vinhus","url":"https:\/\/detfranskevinhus.com\/sv\/","logo":{"@type":"ImageObject","inLanguage":"sv-SE","@id":"https:\/\/detfranskevinhus.com\/sv\/#\/schema\/logo\/image\/","url":"https:\/\/detfranskevinhus.com\/wp-content\/uploads\/2023\/07\/01_DFV_Logo_www_01-02-copy.jpg","contentUrl":"https:\/\/detfranskevinhus.com\/wp-content\/uploads\/2023\/07\/01_DFV_Logo_www_01-02-copy.jpg","width":992,"height":482,"caption":"Det Franske Vinhus"},"image":{"@id":"https:\/\/detfranskevinhus.com\/sv\/#\/schema\/logo\/image\/"}}]}},"_links":{"self":[{"href":"https:\/\/detfranskevinhus.com\/sv\/wp-json\/wp\/v2\/product\/1000000033090","targetHints":{"allow":["GET"]}}],"collection":[{"href":"https:\/\/detfranskevinhus.com\/sv\/wp-json\/wp\/v2\/product"}],"about":[{"href":"https:\/\/detfranskevinhus.com\/sv\/wp-json\/wp\/v2\/types\/product"}],"version-history":[{"count":3,"href":"https:\/\/detfranskevinhus.com\/sv\/wp-json\/wp\/v2\/product\/1000000033090\/revisions"}],"predecessor-version":[{"id":1000000033092,"href":"https:\/\/detfranskevinhus.com\/sv\/wp-json\/wp\/v2\/product\/1000000033090\/revisions\/1000000033092"}],"wp:featuredmedia":[{"embeddable":true,"href":"https:\/\/detfranskevinhus.com\/sv\/wp-json\/wp\/v2\/media\/1000000033087"}],"wp:attachment":[{"href":"https:\/\/detfranskevinhus.com\/sv\/wp-json\/wp\/v2\/media?parent=1000000033090"}],"wp:term":[{"taxonomy":"product_brand","embeddable":true,"href":"https:\/\/detfranskevinhus.com\/sv\/wp-json\/wp\/v2\/product_brand?post=1000000033090"},{"taxonomy":"product_cat","embeddable":true,"href":"https:\/\/detfranskevinhus.com\/sv\/wp-json\/wp\/v2\/product_cat?post=1000000033090"},{"taxonomy":"product_tag","embeddable":true,"href":"https:\/\/detfranskevinhus.com\/sv\/wp-json\/wp\/v2\/product_tag?post=1000000033090"}],"curies":[{"name":"wp","href":"https:\/\/api.w.org\/{rel}","templated":true}]}}