{"id":1000000033069,"date":"2026-04-03T09:52:17","date_gmt":"2026-04-03T07:52:17","guid":{"rendered":"https:\/\/detfranskevinhus.com\/?post_type=product&#038;p=1000000033069"},"modified":"2026-04-06T11:43:45","modified_gmt":"2026-04-06T09:43:45","slug":"chartron-et-trebuchet-meursault-cote-de-beaune","status":"publish","type":"product","link":"https:\/\/detfranskevinhus.com\/sv\/vare\/chartron-et-trebuchet-meursault-cote-de-beaune\/","title":{"rendered":"Chartron et Trebuchet Meursault, C\u00f4te de Beaune"},"content":{"rendered":"<p data-start=\"2530\" data-end=\"2977\"><strong data-start=\"2530\" data-end=\"2542\">Ursprung<\/strong><br data-start=\"2542\" data-end=\"2545\" \/>Detta vita vin kommer fr\u00e5n Meursault i C\u00f4te de Beaune i Bourgogne i Frankrike, ett av de mest v\u00e4lrenommerade omr\u00e5dena f\u00f6r fylliga och eleganta Chardonnay-viner. Vinet \u00e4r producerat av Chartron et Tr\u00e9buchet, ett traditionsrikt vinhus grundat 1984 i Puligny-Montrachet, som med tiden har byggt upp ett starkt rykte f\u00f6r kvalitet. Meursault \u00e4r k\u00e4nt f\u00f6r sina karakt\u00e4rsfulla vita viner med b\u00e5de djup, finess och klassisk burgundisk charm.<\/p>\n<p data-start=\"2979\" data-end=\"3002\"><strong data-start=\"2979\" data-end=\"2988\">Druva<\/strong><br data-start=\"2988\" data-end=\"2991\" \/>Chardonnay.<\/p>\n<p data-start=\"3004\" data-end=\"3339\"><strong data-start=\"3004\" data-end=\"3012\">Smak<\/strong><br data-start=\"3012\" data-end=\"3015\" \/>Vinet \u00e4r torrt, fylligt och harmoniskt med en rund och elegant smakprofil. H\u00e4r m\u00f6ts mogna gula \u00e4pplen, citrus, p\u00e4ron och vita persikor av fina toner av sm\u00f6r, rostade n\u00f6tter och ett diskret inslag av vanilj och mineralitet. Det har god koncentration, mjuk textur och en l\u00e5ng, balanserad avslutning med b\u00e5de friskhet och djup.<\/p>\n<p data-start=\"3341\" data-end=\"3558\"><strong data-start=\"3341\" data-end=\"3349\">Arom<\/strong><br data-start=\"3349\" data-end=\"3352\" \/>Doften \u00e4r komplex och raffinerad med toner av mogna \u00e4pplen, citrus, vita blommor, sm\u00f6r, hasseln\u00f6t och l\u00e4tt rostade nyanser. D\u00e4r finns ocks\u00e5 en fin mineralisk underton som ger vinet extra sp\u00e4nst och elegans.<\/p>\n<p data-start=\"3560\" data-end=\"3572\"><strong data-start=\"3560\" data-end=\"3572\">Karakt\u00e4r<\/strong><\/p>\n<ul data-start=\"3574\" data-end=\"3706\">\n<li data-section-id=\"z2ehjz\" data-start=\"3574\" data-end=\"3592\">Torrhet: Torrt<\/li>\n<li data-section-id=\"eamq0c\" data-start=\"3593\" data-end=\"3614\">S\u00f6tma: Mycket l\u00e5g<\/li>\n<li data-section-id=\"anw4m7\" data-start=\"3615\" data-end=\"3637\">Fyllighet: Fylligt<\/li>\n<li data-section-id=\"p1sbv9\" data-start=\"3638\" data-end=\"3671\">Syra: Frisk och v\u00e4lbalanserad<\/li>\n<li data-section-id=\"4h1gu3\" data-start=\"3672\" data-end=\"3706\">Stil: Rund, kr\u00e4mig och elegant<\/li>\n<\/ul>\n<p data-start=\"3708\" data-end=\"3730\"><strong data-start=\"3708\" data-end=\"3719\">Alkohol<\/strong><br data-start=\"3719\" data-end=\"3722\" \/>13% vol.<\/p>\n<p data-start=\"3732\" data-end=\"4000\"><strong data-start=\"3732\" data-end=\"3757\">S\u00e4rskilda k\u00e4nnetecken<\/strong><br data-start=\"3757\" data-end=\"3760\" \/>En klassisk Meursault i den stil som omr\u00e5det \u00e4r \u00e4lskat f\u00f6r: fyllighet, finess och fin balans mellan mogen frukt, kr\u00e4mig textur och frisk mineralitet. Det h\u00e4r \u00e4r en vit Bourgogne med karakt\u00e4r, som k\u00e4nns b\u00e5de gener\u00f6s och precis p\u00e5 samma g\u00e5ng.<\/p>\n<p data-start=\"4002\" data-end=\"4239\"><strong data-start=\"4002\" data-end=\"4014\">Matmatch<\/strong><br data-start=\"4014\" data-end=\"4017\" \/>Passar s\u00e4rskilt bra till kalv, f\u00e5gel, kr\u00e4miga fiskr\u00e4tter, skaldjur och h\u00e5rdostar. Det \u00e4r ocks\u00e5 ett mycket fint val till r\u00e4tter med sm\u00f6rs\u00e5s, svamp eller ljust k\u00f6tt, d\u00e4r vinets fyllighet och elegans verkligen f\u00e5r komma fram.<\/p>\n","protected":false},"excerpt":{"rendered":"<p>Fyllig och elegant Meursault med mogna \u00e4pplen, citrus, sm\u00f6r och fina n\u00f6tiga toner. Ett klassiskt vitt Bourgognevin med kr\u00e4mig textur och frisk mineralitet.<\/p>\n","protected":false},"featured_media":1000000033066,"template":"","meta":{"_acf_changed":false,"site-sidebar-layout":"default","site-content-layout":"","ast-site-content-layout":"default","site-content-style":"default","site-sidebar-style":"default","ast-global-header-display":"","ast-banner-title-visibility":"","ast-main-header-display":"","ast-hfb-above-header-display":"","ast-hfb-below-header-display":"","ast-hfb-mobile-header-display":"","site-post-title":"","ast-breadcrumbs-content":"","ast-featured-img":"","footer-sml-layout":"","ast-disable-related-posts":"","theme-transparent-header-meta":"default","adv-header-id-meta":"","stick-header-meta":"default","header-above-stick-meta":"","header-main-stick-meta":"","header-below-stick-meta":"","astra-migrate-meta-layouts":"set","ast-page-background-enabled":"default","ast-page-background-meta":{"desktop":{"background-color":"","background-image":"","background-repeat":"repeat","background-position":"center center","background-size":"auto","background-attachment":"scroll","background-type":"","background-media":"","overlay-type":"","overlay-color":"","overlay-opacity":"","overlay-gradient":""},"tablet":{"background-color":"","background-image":"","background-repeat":"repeat","background-position":"center center","background-size":"auto","background-attachment":"scroll","background-type":"","background-media":"","overlay-type":"","overlay-color":"","overlay-opacity":"","overlay-gradient":""},"mobile":{"background-color":"","background-image":"","background-repeat":"repeat","background-position":"center center","background-size":"auto","background-attachment":"scroll","background-type":"","background-media":"","overlay-type":"","overlay-color":"","overlay-opacity":"","overlay-gradient":""}},"ast-content-background-meta":{"desktop":{"background-color":"var(--ast-global-color-5)","background-image":"","background-repeat":"repeat","background-position":"center center","background-size":"auto","background-attachment":"scroll","background-type":"","background-media":"","overlay-type":"","overlay-color":"","overlay-opacity":"","overlay-gradient":""},"tablet":{"background-color":"var(--ast-global-color-5)","background-image":"","background-repeat":"repeat","background-position":"center center","background-size":"auto","background-attachment":"scroll","background-type":"","background-media":"","overlay-type":"","overlay-color":"","overlay-opacity":"","overlay-gradient":""},"mobile":{"background-color":"var(--ast-global-color-5)","background-image":"","background-repeat":"repeat","background-position":"center center","background-size":"auto","background-attachment":"scroll","background-type":"","background-media":"","overlay-type":"","overlay-color":"","overlay-opacity":"","overlay-gradient":""}}},"product_brand":[],"product_cat":[910,1424,370],"product_tag":[],"class_list":{"0":"post-1000000033069","1":"product","2":"type-product","3":"status-publish","4":"has-post-thumbnail","6":"product_cat-bourgogne-sv-2","7":"product_cat-frankrike","8":"product_cat-vitt-vin","9":"pa_drue-chardonnay-sv","10":"pa_vintype-vitt-vin-sv","11":"desktop-align-center","12":"tablet-align-center","13":"mobile-align-center","14":"ast-product-gallery-layout-horizontal","15":"ast-product-tabs-layout-horizontal","16":"ast-qv-on-image-click","18":"first","19":"instock","20":"taxable","21":"shipping-taxable","22":"purchasable","23":"product-type-simple"},"group_of_quantity":0,"min_quantity":0,"max_quantity":"","exclude_order_quantity_value_rules":"no","exclude_category_quantity_rules":"no","combine_variations":"no","acf":[],"yoast_head":"<!-- This site is optimized with the Yoast SEO plugin v27.4 - https:\/\/yoast.com\/product\/yoast-seo-wordpress\/ -->\n<title>Chartron et Tr\u00e9buchet Meursault 2022 | Fylligt vitt Bourgognevin<\/title>\n<meta name=\"description\" content=\"K\u00f6p Chartron et Tr\u00e9buchet Meursault 2022. Fylligt vitt Bourgognevin p\u00e5 Chardonnay med citrus, \u00e4pple, sm\u00f6r, n\u00f6tter och elegant mineralitet.\" \/>\n<meta name=\"robots\" content=\"index, follow, max-snippet:-1, max-image-preview:large, max-video-preview:-1\" \/>\n<link rel=\"canonical\" href=\"https:\/\/detfranskevinhus.com\/sv\/vare\/chartron-et-trebuchet-meursault-cote-de-beaune\/\" \/>\n<meta property=\"og:locale\" content=\"sv_SE\" \/>\n<meta property=\"og:type\" content=\"article\" \/>\n<meta property=\"og:title\" content=\"Chartron et Tr\u00e9buchet Meursault 2022. Klassisk vit Bourgogne med finess\" \/>\n<meta property=\"og:description\" content=\"En elegant och fyllig Meursault med mogen frukt, sm\u00f6r, n\u00f6tter och mineralisk friskhet. Perfekt till fisk, f\u00e5gel och goda middagar med fransk k\u00e4nsla.\" \/>\n<meta property=\"og:url\" content=\"https:\/\/detfranskevinhus.com\/sv\/vare\/chartron-et-trebuchet-meursault-cote-de-beaune\/\" \/>\n<meta property=\"og:site_name\" content=\"Det Franske Vinhus\" \/>\n<meta property=\"article:modified_time\" content=\"2026-04-06T09:43:45+00:00\" \/>\n<meta property=\"og:image\" content=\"https:\/\/detfranskevinhus.com\/wp-content\/uploads\/2026\/04\/9-Frankrig-Bourgogne-Chardonnay-Hvidvin-Chartron-et-Trebuchet-Meursault-Cotede-Beaune.jpeg\" \/>\n\t<meta property=\"og:image:width\" content=\"1080\" \/>\n\t<meta property=\"og:image:height\" content=\"1920\" \/>\n\t<meta property=\"og:image:type\" content=\"image\/jpeg\" \/>\n<meta name=\"twitter:card\" content=\"summary_large_image\" \/>\n<meta name=\"twitter:label1\" content=\"Ber\u00e4knad l\u00e4stid\" \/>\n\t<meta name=\"twitter:data1\" content=\"2 minuter\" \/>\n<script type=\"application\/ld+json\" class=\"yoast-schema-graph\">{\"@context\":\"https:\\\/\\\/schema.org\",\"@graph\":[{\"@type\":\"WebPage\",\"@id\":\"https:\\\/\\\/detfranskevinhus.com\\\/sv\\\/vare\\\/chartron-et-trebuchet-meursault-cote-de-beaune\\\/\",\"url\":\"https:\\\/\\\/detfranskevinhus.com\\\/sv\\\/vare\\\/chartron-et-trebuchet-meursault-cote-de-beaune\\\/\",\"name\":\"Chartron et Tr\u00e9buchet Meursault 2022 | Fylligt vitt Bourgognevin\",\"isPartOf\":{\"@id\":\"https:\\\/\\\/detfranskevinhus.com\\\/sv\\\/#website\"},\"primaryImageOfPage\":{\"@id\":\"https:\\\/\\\/detfranskevinhus.com\\\/sv\\\/vare\\\/chartron-et-trebuchet-meursault-cote-de-beaune\\\/#primaryimage\"},\"image\":{\"@id\":\"https:\\\/\\\/detfranskevinhus.com\\\/sv\\\/vare\\\/chartron-et-trebuchet-meursault-cote-de-beaune\\\/#primaryimage\"},\"thumbnailUrl\":\"https:\\\/\\\/detfranskevinhus.com\\\/wp-content\\\/uploads\\\/2026\\\/04\\\/9-Frankrig-Bourgogne-Chardonnay-Hvidvin-Chartron-et-Trebuchet-Meursault-Cotede-Beaune.jpeg\",\"datePublished\":\"2026-04-03T07:52:17+00:00\",\"dateModified\":\"2026-04-06T09:43:45+00:00\",\"description\":\"K\u00f6p Chartron et Tr\u00e9buchet Meursault 2022. Fylligt vitt Bourgognevin p\u00e5 Chardonnay med citrus, \u00e4pple, sm\u00f6r, n\u00f6tter och elegant mineralitet.\",\"breadcrumb\":{\"@id\":\"https:\\\/\\\/detfranskevinhus.com\\\/sv\\\/vare\\\/chartron-et-trebuchet-meursault-cote-de-beaune\\\/#breadcrumb\"},\"inLanguage\":\"sv-SE\",\"potentialAction\":[{\"@type\":\"ReadAction\",\"target\":[\"https:\\\/\\\/detfranskevinhus.com\\\/sv\\\/vare\\\/chartron-et-trebuchet-meursault-cote-de-beaune\\\/\"]}]},{\"@type\":\"ImageObject\",\"inLanguage\":\"sv-SE\",\"@id\":\"https:\\\/\\\/detfranskevinhus.com\\\/sv\\\/vare\\\/chartron-et-trebuchet-meursault-cote-de-beaune\\\/#primaryimage\",\"url\":\"https:\\\/\\\/detfranskevinhus.com\\\/wp-content\\\/uploads\\\/2026\\\/04\\\/9-Frankrig-Bourgogne-Chardonnay-Hvidvin-Chartron-et-Trebuchet-Meursault-Cotede-Beaune.jpeg\",\"contentUrl\":\"https:\\\/\\\/detfranskevinhus.com\\\/wp-content\\\/uploads\\\/2026\\\/04\\\/9-Frankrig-Bourgogne-Chardonnay-Hvidvin-Chartron-et-Trebuchet-Meursault-Cotede-Beaune.jpeg\",\"width\":1080,\"height\":1920,\"caption\":\"Frankrig Bourgogne Chardonnay Hvidvin Chartron et Trebuchet Meursault, C\u00f4tede Beaune\"},{\"@type\":\"BreadcrumbList\",\"@id\":\"https:\\\/\\\/detfranskevinhus.com\\\/sv\\\/vare\\\/chartron-et-trebuchet-meursault-cote-de-beaune\\\/#breadcrumb\",\"itemListElement\":[{\"@type\":\"ListItem\",\"position\":1,\"name\":\"Shop\",\"item\":\"https:\\\/\\\/detfranskevinhus.com\\\/sv\\\/butik\\\/\"},{\"@type\":\"ListItem\",\"position\":2,\"name\":\"Chartron et Trebuchet Meursault, C\u00f4te de Beaune\"}]},{\"@type\":\"WebSite\",\"@id\":\"https:\\\/\\\/detfranskevinhus.com\\\/sv\\\/#website\",\"url\":\"https:\\\/\\\/detfranskevinhus.com\\\/sv\\\/\",\"name\":\"Det Franske Vinhus\",\"description\":\"\",\"publisher\":{\"@id\":\"https:\\\/\\\/detfranskevinhus.com\\\/sv\\\/#organization\"},\"potentialAction\":[{\"@type\":\"SearchAction\",\"target\":{\"@type\":\"EntryPoint\",\"urlTemplate\":\"https:\\\/\\\/detfranskevinhus.com\\\/sv\\\/?s={search_term_string}\"},\"query-input\":{\"@type\":\"PropertyValueSpecification\",\"valueRequired\":true,\"valueName\":\"search_term_string\"}}],\"inLanguage\":\"sv-SE\"},{\"@type\":\"Organization\",\"@id\":\"https:\\\/\\\/detfranskevinhus.com\\\/sv\\\/#organization\",\"name\":\"Det Franske Vinhus\",\"url\":\"https:\\\/\\\/detfranskevinhus.com\\\/sv\\\/\",\"logo\":{\"@type\":\"ImageObject\",\"inLanguage\":\"sv-SE\",\"@id\":\"https:\\\/\\\/detfranskevinhus.com\\\/sv\\\/#\\\/schema\\\/logo\\\/image\\\/\",\"url\":\"https:\\\/\\\/detfranskevinhus.com\\\/wp-content\\\/uploads\\\/2023\\\/07\\\/01_DFV_Logo_www_01-02-copy.jpg\",\"contentUrl\":\"https:\\\/\\\/detfranskevinhus.com\\\/wp-content\\\/uploads\\\/2023\\\/07\\\/01_DFV_Logo_www_01-02-copy.jpg\",\"width\":992,\"height\":482,\"caption\":\"Det Franske Vinhus\"},\"image\":{\"@id\":\"https:\\\/\\\/detfranskevinhus.com\\\/sv\\\/#\\\/schema\\\/logo\\\/image\\\/\"}}]}<\/script>\n<!-- \/ Yoast SEO plugin. -->","yoast_head_json":{"title":"Chartron et Tr\u00e9buchet Meursault 2022 | Fylligt vitt Bourgognevin","description":"K\u00f6p Chartron et Tr\u00e9buchet Meursault 2022. Fylligt vitt Bourgognevin p\u00e5 Chardonnay med citrus, \u00e4pple, sm\u00f6r, n\u00f6tter och elegant mineralitet.","robots":{"index":"index","follow":"follow","max-snippet":"max-snippet:-1","max-image-preview":"max-image-preview:large","max-video-preview":"max-video-preview:-1"},"canonical":"https:\/\/detfranskevinhus.com\/sv\/vare\/chartron-et-trebuchet-meursault-cote-de-beaune\/","og_locale":"sv_SE","og_type":"article","og_title":"Chartron et Tr\u00e9buchet Meursault 2022. Klassisk vit Bourgogne med finess","og_description":"En elegant och fyllig Meursault med mogen frukt, sm\u00f6r, n\u00f6tter och mineralisk friskhet. Perfekt till fisk, f\u00e5gel och goda middagar med fransk k\u00e4nsla.","og_url":"https:\/\/detfranskevinhus.com\/sv\/vare\/chartron-et-trebuchet-meursault-cote-de-beaune\/","og_site_name":"Det Franske Vinhus","article_modified_time":"2026-04-06T09:43:45+00:00","og_image":[{"width":1080,"height":1920,"url":"https:\/\/detfranskevinhus.com\/wp-content\/uploads\/2026\/04\/9-Frankrig-Bourgogne-Chardonnay-Hvidvin-Chartron-et-Trebuchet-Meursault-Cotede-Beaune.jpeg","type":"image\/jpeg"}],"twitter_card":"summary_large_image","twitter_misc":{"Ber\u00e4knad l\u00e4stid":"2 minuter"},"schema":{"@context":"https:\/\/schema.org","@graph":[{"@type":"WebPage","@id":"https:\/\/detfranskevinhus.com\/sv\/vare\/chartron-et-trebuchet-meursault-cote-de-beaune\/","url":"https:\/\/detfranskevinhus.com\/sv\/vare\/chartron-et-trebuchet-meursault-cote-de-beaune\/","name":"Chartron et Tr\u00e9buchet Meursault 2022 | Fylligt vitt Bourgognevin","isPartOf":{"@id":"https:\/\/detfranskevinhus.com\/sv\/#website"},"primaryImageOfPage":{"@id":"https:\/\/detfranskevinhus.com\/sv\/vare\/chartron-et-trebuchet-meursault-cote-de-beaune\/#primaryimage"},"image":{"@id":"https:\/\/detfranskevinhus.com\/sv\/vare\/chartron-et-trebuchet-meursault-cote-de-beaune\/#primaryimage"},"thumbnailUrl":"https:\/\/detfranskevinhus.com\/wp-content\/uploads\/2026\/04\/9-Frankrig-Bourgogne-Chardonnay-Hvidvin-Chartron-et-Trebuchet-Meursault-Cotede-Beaune.jpeg","datePublished":"2026-04-03T07:52:17+00:00","dateModified":"2026-04-06T09:43:45+00:00","description":"K\u00f6p Chartron et Tr\u00e9buchet Meursault 2022. Fylligt vitt Bourgognevin p\u00e5 Chardonnay med citrus, \u00e4pple, sm\u00f6r, n\u00f6tter och elegant mineralitet.","breadcrumb":{"@id":"https:\/\/detfranskevinhus.com\/sv\/vare\/chartron-et-trebuchet-meursault-cote-de-beaune\/#breadcrumb"},"inLanguage":"sv-SE","potentialAction":[{"@type":"ReadAction","target":["https:\/\/detfranskevinhus.com\/sv\/vare\/chartron-et-trebuchet-meursault-cote-de-beaune\/"]}]},{"@type":"ImageObject","inLanguage":"sv-SE","@id":"https:\/\/detfranskevinhus.com\/sv\/vare\/chartron-et-trebuchet-meursault-cote-de-beaune\/#primaryimage","url":"https:\/\/detfranskevinhus.com\/wp-content\/uploads\/2026\/04\/9-Frankrig-Bourgogne-Chardonnay-Hvidvin-Chartron-et-Trebuchet-Meursault-Cotede-Beaune.jpeg","contentUrl":"https:\/\/detfranskevinhus.com\/wp-content\/uploads\/2026\/04\/9-Frankrig-Bourgogne-Chardonnay-Hvidvin-Chartron-et-Trebuchet-Meursault-Cotede-Beaune.jpeg","width":1080,"height":1920,"caption":"Frankrig Bourgogne Chardonnay Hvidvin Chartron et Trebuchet Meursault, C\u00f4tede Beaune"},{"@type":"BreadcrumbList","@id":"https:\/\/detfranskevinhus.com\/sv\/vare\/chartron-et-trebuchet-meursault-cote-de-beaune\/#breadcrumb","itemListElement":[{"@type":"ListItem","position":1,"name":"Shop","item":"https:\/\/detfranskevinhus.com\/sv\/butik\/"},{"@type":"ListItem","position":2,"name":"Chartron et Trebuchet Meursault, C\u00f4te de Beaune"}]},{"@type":"WebSite","@id":"https:\/\/detfranskevinhus.com\/sv\/#website","url":"https:\/\/detfranskevinhus.com\/sv\/","name":"Det Franske Vinhus","description":"","publisher":{"@id":"https:\/\/detfranskevinhus.com\/sv\/#organization"},"potentialAction":[{"@type":"SearchAction","target":{"@type":"EntryPoint","urlTemplate":"https:\/\/detfranskevinhus.com\/sv\/?s={search_term_string}"},"query-input":{"@type":"PropertyValueSpecification","valueRequired":true,"valueName":"search_term_string"}}],"inLanguage":"sv-SE"},{"@type":"Organization","@id":"https:\/\/detfranskevinhus.com\/sv\/#organization","name":"Det Franske Vinhus","url":"https:\/\/detfranskevinhus.com\/sv\/","logo":{"@type":"ImageObject","inLanguage":"sv-SE","@id":"https:\/\/detfranskevinhus.com\/sv\/#\/schema\/logo\/image\/","url":"https:\/\/detfranskevinhus.com\/wp-content\/uploads\/2023\/07\/01_DFV_Logo_www_01-02-copy.jpg","contentUrl":"https:\/\/detfranskevinhus.com\/wp-content\/uploads\/2023\/07\/01_DFV_Logo_www_01-02-copy.jpg","width":992,"height":482,"caption":"Det Franske Vinhus"},"image":{"@id":"https:\/\/detfranskevinhus.com\/sv\/#\/schema\/logo\/image\/"}}]}},"_links":{"self":[{"href":"https:\/\/detfranskevinhus.com\/sv\/wp-json\/wp\/v2\/product\/1000000033069","targetHints":{"allow":["GET"]}}],"collection":[{"href":"https:\/\/detfranskevinhus.com\/sv\/wp-json\/wp\/v2\/product"}],"about":[{"href":"https:\/\/detfranskevinhus.com\/sv\/wp-json\/wp\/v2\/types\/product"}],"version-history":[{"count":2,"href":"https:\/\/detfranskevinhus.com\/sv\/wp-json\/wp\/v2\/product\/1000000033069\/revisions"}],"predecessor-version":[{"id":1000000033407,"href":"https:\/\/detfranskevinhus.com\/sv\/wp-json\/wp\/v2\/product\/1000000033069\/revisions\/1000000033407"}],"wp:featuredmedia":[{"embeddable":true,"href":"https:\/\/detfranskevinhus.com\/sv\/wp-json\/wp\/v2\/media\/1000000033066"}],"wp:attachment":[{"href":"https:\/\/detfranskevinhus.com\/sv\/wp-json\/wp\/v2\/media?parent=1000000033069"}],"wp:term":[{"taxonomy":"product_brand","embeddable":true,"href":"https:\/\/detfranskevinhus.com\/sv\/wp-json\/wp\/v2\/product_brand?post=1000000033069"},{"taxonomy":"product_cat","embeddable":true,"href":"https:\/\/detfranskevinhus.com\/sv\/wp-json\/wp\/v2\/product_cat?post=1000000033069"},{"taxonomy":"product_tag","embeddable":true,"href":"https:\/\/detfranskevinhus.com\/sv\/wp-json\/wp\/v2\/product_tag?post=1000000033069"}],"curies":[{"name":"wp","href":"https:\/\/api.w.org\/{rel}","templated":true}]}}