{"id":1000000032916,"date":"2026-03-31T11:11:51","date_gmt":"2026-03-31T09:11:51","guid":{"rendered":"https:\/\/detfranskevinhus.com\/?post_type=product&#038;p=1000000032916"},"modified":"2026-04-06T11:43:56","modified_gmt":"2026-04-06T09:43:56","slug":"inviniti-sauvignon-blanc-lawsons-dry-hills-marlborough","status":"publish","type":"product","link":"https:\/\/detfranskevinhus.com\/sv\/vare\/inviniti-sauvignon-blanc-lawsons-dry-hills-marlborough\/","title":{"rendered":"Inviniti Sauvignon Blanc Lawson&#8217;s Dry Hills Marlborough"},"content":{"rendered":"<p data-start=\"2495\" data-end=\"2933\"><strong data-start=\"2495\" data-end=\"2507\">Ursprung<\/strong><br data-start=\"2507\" data-end=\"2510\" \/>Detta vita vin kommer fr\u00e5n Marlborough p\u00e5 Nya Zeeland, ett av v\u00e4rldens mest k\u00e4nda omr\u00e5den f\u00f6r Sauvignon Blanc. Vinet \u00e4r producerat av Lawson\u2019s Dry Hills under namnet Inviniti och \u00e4r framtaget med fokus p\u00e5 h\u00e5llbarhet. P\u00e5 etiketten lyfts det fram att vinet \u00e4r certified sustainable and carbon zero, och det \u00e4r dessutom vegan friendly. Det h\u00e4r \u00e4r ett modernt Marlborough-vin med friskhet, renhet och en tydligt samtida profil.<\/p>\n<p data-start=\"2935\" data-end=\"2963\"><strong data-start=\"2935\" data-end=\"2944\">Druva<\/strong><br data-start=\"2944\" data-end=\"2947\" \/>Sauvignon Blanc.<\/p>\n<p data-start=\"2965\" data-end=\"3234\"><strong data-start=\"2965\" data-end=\"2973\">Smak<\/strong><br data-start=\"2973\" data-end=\"2976\" \/>Vinet \u00e4r torrt, friskt och krispigt med en livlig och fruktig smakprofil. H\u00e4r m\u00f6ts passionsfrukt, citrus och f\u00e4rska sommar\u00f6rter i en l\u00e4tt, saftig och energisk stil. Smaken \u00e4r ren och precis med en uppfriskande karakt\u00e4r som g\u00f6r vinet mycket l\u00e4tt att tycka om.<\/p>\n<p data-start=\"3236\" data-end=\"3432\"><strong data-start=\"3236\" data-end=\"3244\">Arom<\/strong><br data-start=\"3244\" data-end=\"3247\" \/>Doften \u00e4r aromatisk och frisk med tydliga toner av passionsfrukt, citrus och gr\u00f6na \u00f6rter. Den har den klassiska Marlborough-stilen med mycket saftig frukt och en sval, krispig \u00f6rtighet.<\/p>\n<p data-start=\"3434\" data-end=\"3446\"><strong data-start=\"3434\" data-end=\"3446\">Karakt\u00e4r<\/strong><\/p>\n<ul data-start=\"3448\" data-end=\"3577\">\n<li data-section-id=\"688c0v\" data-start=\"3448\" data-end=\"3464\">Torrhet: Torrt<\/li>\n<li data-section-id=\"1ku6t35\" data-start=\"3465\" data-end=\"3477\">S\u00f6tma: L\u00e5g<\/li>\n<li data-section-id=\"zaci27\" data-start=\"3478\" data-end=\"3513\">Fyllighet: L\u00e4tt till medelfylligt<\/li>\n<li data-section-id=\"9ly5nf\" data-start=\"3514\" data-end=\"3538\">Syra: Frisk och livlig<\/li>\n<li data-section-id=\"hz98bk\" data-start=\"3539\" data-end=\"3577\">Stil: Krispig, aromatisk och fruktig<\/li>\n<\/ul>\n<p data-start=\"3579\" data-end=\"3603\"><strong data-start=\"3579\" data-end=\"3590\">Alkohol<\/strong><br data-start=\"3590\" data-end=\"3593\" \/>12,5% vol.<\/p>\n<p data-start=\"3605\" data-end=\"3896\"><strong data-start=\"3605\" data-end=\"3630\">S\u00e4rskilda k\u00e4nnetecken<\/strong><br data-start=\"3630\" data-end=\"3633\" \/>En h\u00e5llbart producerad och carbon zero-certifierad Sauvignon Blanc fr\u00e5n Marlborough. Vinet \u00e4r ocks\u00e5 veganskt och bjuder p\u00e5 klassiska nyzeel\u00e4ndska Sauvignon Blanc-toner med passionsfrukt, citrus och f\u00e4rska \u00f6rter. Ett mycket rent, modernt och uppfriskande vitt vin.<\/p>\n<p data-start=\"3898\" data-end=\"4160\"><strong data-start=\"3898\" data-end=\"3910\">Matmatch<\/strong><br data-start=\"3910\" data-end=\"3913\" \/>Passar s\u00e4rskilt bra till fisk, skaldjur, sallader, sushi och l\u00e4tta vegetariska r\u00e4tter. Det fungerar ocks\u00e5 utm\u00e4rkt som aperitif eller till r\u00e4tter med citrus, gr\u00f6na \u00f6rter och getost, d\u00e4r vinets friska syra och aromatiska stil verkligen f\u00e5r ta plats.<\/p>\n","protected":false},"excerpt":{"rendered":"<p>Frisk och krispig Sauvignon Blanc fr\u00e5n Marlborough med passionsfrukt, citrus och sommar\u00f6rter. Ett h\u00e5llbart och veganskt vitt vin med ren och livlig stil.<\/p>\n","protected":false},"featured_media":1000000032913,"template":"","meta":{"_acf_changed":false,"site-sidebar-layout":"default","site-content-layout":"","ast-site-content-layout":"default","site-content-style":"default","site-sidebar-style":"default","ast-global-header-display":"","ast-banner-title-visibility":"","ast-main-header-display":"","ast-hfb-above-header-display":"","ast-hfb-below-header-display":"","ast-hfb-mobile-header-display":"","site-post-title":"","ast-breadcrumbs-content":"","ast-featured-img":"","footer-sml-layout":"","ast-disable-related-posts":"","theme-transparent-header-meta":"default","adv-header-id-meta":"","stick-header-meta":"default","header-above-stick-meta":"","header-main-stick-meta":"","header-below-stick-meta":"","astra-migrate-meta-layouts":"set","ast-page-background-enabled":"default","ast-page-background-meta":{"desktop":{"background-color":"","background-image":"","background-repeat":"repeat","background-position":"center center","background-size":"auto","background-attachment":"scroll","background-type":"","background-media":"","overlay-type":"","overlay-color":"","overlay-opacity":"","overlay-gradient":""},"tablet":{"background-color":"","background-image":"","background-repeat":"repeat","background-position":"center center","background-size":"auto","background-attachment":"scroll","background-type":"","background-media":"","overlay-type":"","overlay-color":"","overlay-opacity":"","overlay-gradient":""},"mobile":{"background-color":"","background-image":"","background-repeat":"repeat","background-position":"center center","background-size":"auto","background-attachment":"scroll","background-type":"","background-media":"","overlay-type":"","overlay-color":"","overlay-opacity":"","overlay-gradient":""}},"ast-content-background-meta":{"desktop":{"background-color":"var(--ast-global-color-5)","background-image":"","background-repeat":"repeat","background-position":"center center","background-size":"auto","background-attachment":"scroll","background-type":"","background-media":"","overlay-type":"","overlay-color":"","overlay-opacity":"","overlay-gradient":""},"tablet":{"background-color":"var(--ast-global-color-5)","background-image":"","background-repeat":"repeat","background-position":"center center","background-size":"auto","background-attachment":"scroll","background-type":"","background-media":"","overlay-type":"","overlay-color":"","overlay-opacity":"","overlay-gradient":""},"mobile":{"background-color":"var(--ast-global-color-5)","background-image":"","background-repeat":"repeat","background-position":"center center","background-size":"auto","background-attachment":"scroll","background-type":"","background-media":"","overlay-type":"","overlay-color":"","overlay-opacity":"","overlay-gradient":""}}},"product_brand":[],"product_cat":[1569,1570,370],"product_tag":[],"class_list":{"0":"post-1000000032916","1":"product","2":"type-product","3":"status-publish","4":"has-post-thumbnail","6":"product_cat-marlborough","7":"product_cat-nya-zeeland","8":"product_cat-vitt-vin","9":"pa_drue-sauvignon-blanc-sv","10":"pa_vintype-vitt-vin-sv","11":"desktop-align-center","12":"tablet-align-center","13":"mobile-align-center","14":"ast-product-gallery-layout-horizontal","15":"ast-product-tabs-layout-horizontal","16":"ast-qv-on-image-click","18":"first","19":"instock","20":"taxable","21":"shipping-taxable","22":"purchasable","23":"product-type-simple"},"group_of_quantity":0,"min_quantity":0,"max_quantity":"","exclude_order_quantity_value_rules":"no","exclude_category_quantity_rules":"no","combine_variations":"no","acf":[],"yoast_head":"<!-- This site is optimized with the Yoast SEO plugin v27.5 - https:\/\/yoast.com\/product\/yoast-seo-wordpress\/ -->\n<title>Inviniti Sauvignon Blanc 2025 | Friskt vitt vin fr\u00e5n Marlborough<\/title>\n<meta name=\"description\" content=\"K\u00f6p Inviniti Sauvignon Blanc Marlborough 2025. Friskt vitt vin fr\u00e5n Nya Zeeland med passionsfrukt, citrus, \u00f6rter och krispig syra. H\u00e5llbart och veganskt.\" \/>\n<meta name=\"robots\" content=\"index, follow, max-snippet:-1, max-image-preview:large, max-video-preview:-1\" \/>\n<link rel=\"canonical\" href=\"https:\/\/detfranskevinhus.com\/sv\/vare\/inviniti-sauvignon-blanc-lawsons-dry-hills-marlborough\/\" \/>\n<meta property=\"og:locale\" content=\"sv_SE\" \/>\n<meta property=\"og:type\" content=\"article\" \/>\n<meta property=\"og:title\" content=\"Inviniti Sauvignon Blanc 2025. Krispig Marlborough med gr\u00f6n profil\" \/>\n<meta property=\"og:description\" content=\"En frisk och aromatisk Sauvignon Blanc fr\u00e5n Nya Zeeland med passionsfrukt, citrus och \u00f6rter. Ett l\u00e4tt och livligt val till fisk, skaldjur och ljusa r\u00e4tter.\" \/>\n<meta property=\"og:url\" content=\"https:\/\/detfranskevinhus.com\/sv\/vare\/inviniti-sauvignon-blanc-lawsons-dry-hills-marlborough\/\" \/>\n<meta property=\"og:site_name\" content=\"Det Franske Vinhus\" \/>\n<meta property=\"article:modified_time\" content=\"2026-04-06T09:43:56+00:00\" \/>\n<meta property=\"og:image\" content=\"https:\/\/detfranskevinhus.com\/wp-content\/uploads\/2026\/03\/39-Oestrig-Marlborough-Sauvignon-Blanc-Hvidvin-Inviniti-Sauvignon-Blanc-Lawsons-Dry-Hills-Marlborough.jpeg\" \/>\n\t<meta property=\"og:image:width\" content=\"1080\" \/>\n\t<meta property=\"og:image:height\" content=\"1920\" \/>\n\t<meta property=\"og:image:type\" content=\"image\/jpeg\" \/>\n<meta name=\"twitter:card\" content=\"summary_large_image\" \/>\n<meta name=\"twitter:label1\" content=\"Ber\u00e4knad l\u00e4stid\" \/>\n\t<meta name=\"twitter:data1\" content=\"2 minuter\" \/>\n<script type=\"application\/ld+json\" class=\"yoast-schema-graph\">{\"@context\":\"https:\\\/\\\/schema.org\",\"@graph\":[{\"@type\":\"WebPage\",\"@id\":\"https:\\\/\\\/detfranskevinhus.com\\\/sv\\\/vare\\\/inviniti-sauvignon-blanc-lawsons-dry-hills-marlborough\\\/\",\"url\":\"https:\\\/\\\/detfranskevinhus.com\\\/sv\\\/vare\\\/inviniti-sauvignon-blanc-lawsons-dry-hills-marlborough\\\/\",\"name\":\"Inviniti Sauvignon Blanc 2025 | Friskt vitt vin fr\u00e5n Marlborough\",\"isPartOf\":{\"@id\":\"https:\\\/\\\/detfranskevinhus.com\\\/sv\\\/#website\"},\"primaryImageOfPage\":{\"@id\":\"https:\\\/\\\/detfranskevinhus.com\\\/sv\\\/vare\\\/inviniti-sauvignon-blanc-lawsons-dry-hills-marlborough\\\/#primaryimage\"},\"image\":{\"@id\":\"https:\\\/\\\/detfranskevinhus.com\\\/sv\\\/vare\\\/inviniti-sauvignon-blanc-lawsons-dry-hills-marlborough\\\/#primaryimage\"},\"thumbnailUrl\":\"https:\\\/\\\/detfranskevinhus.com\\\/wp-content\\\/uploads\\\/2026\\\/03\\\/39-Oestrig-Marlborough-Sauvignon-Blanc-Hvidvin-Inviniti-Sauvignon-Blanc-Lawsons-Dry-Hills-Marlborough.jpeg\",\"datePublished\":\"2026-03-31T09:11:51+00:00\",\"dateModified\":\"2026-04-06T09:43:56+00:00\",\"description\":\"K\u00f6p Inviniti Sauvignon Blanc Marlborough 2025. Friskt vitt vin fr\u00e5n Nya Zeeland med passionsfrukt, citrus, \u00f6rter och krispig syra. H\u00e5llbart och veganskt.\",\"breadcrumb\":{\"@id\":\"https:\\\/\\\/detfranskevinhus.com\\\/sv\\\/vare\\\/inviniti-sauvignon-blanc-lawsons-dry-hills-marlborough\\\/#breadcrumb\"},\"inLanguage\":\"sv-SE\",\"potentialAction\":[{\"@type\":\"ReadAction\",\"target\":[\"https:\\\/\\\/detfranskevinhus.com\\\/sv\\\/vare\\\/inviniti-sauvignon-blanc-lawsons-dry-hills-marlborough\\\/\"]}]},{\"@type\":\"ImageObject\",\"inLanguage\":\"sv-SE\",\"@id\":\"https:\\\/\\\/detfranskevinhus.com\\\/sv\\\/vare\\\/inviniti-sauvignon-blanc-lawsons-dry-hills-marlborough\\\/#primaryimage\",\"url\":\"https:\\\/\\\/detfranskevinhus.com\\\/wp-content\\\/uploads\\\/2026\\\/03\\\/39-Oestrig-Marlborough-Sauvignon-Blanc-Hvidvin-Inviniti-Sauvignon-Blanc-Lawsons-Dry-Hills-Marlborough.jpeg\",\"contentUrl\":\"https:\\\/\\\/detfranskevinhus.com\\\/wp-content\\\/uploads\\\/2026\\\/03\\\/39-Oestrig-Marlborough-Sauvignon-Blanc-Hvidvin-Inviniti-Sauvignon-Blanc-Lawsons-Dry-Hills-Marlborough.jpeg\",\"width\":1080,\"height\":1920,\"caption\":\"\u00d8strig Marlborough Sauvignon Blanc Hvidvin Inviniti Sauvignon Blanc Lawson's Dry Hills Marlborough\"},{\"@type\":\"BreadcrumbList\",\"@id\":\"https:\\\/\\\/detfranskevinhus.com\\\/sv\\\/vare\\\/inviniti-sauvignon-blanc-lawsons-dry-hills-marlborough\\\/#breadcrumb\",\"itemListElement\":[{\"@type\":\"ListItem\",\"position\":1,\"name\":\"Shop\",\"item\":\"https:\\\/\\\/detfranskevinhus.com\\\/sv\\\/butik\\\/\"},{\"@type\":\"ListItem\",\"position\":2,\"name\":\"Inviniti Sauvignon Blanc Lawson&#8217;s Dry Hills Marlborough\"}]},{\"@type\":\"WebSite\",\"@id\":\"https:\\\/\\\/detfranskevinhus.com\\\/sv\\\/#website\",\"url\":\"https:\\\/\\\/detfranskevinhus.com\\\/sv\\\/\",\"name\":\"Det Franske Vinhus\",\"description\":\"\",\"publisher\":{\"@id\":\"https:\\\/\\\/detfranskevinhus.com\\\/sv\\\/#organization\"},\"potentialAction\":[{\"@type\":\"SearchAction\",\"target\":{\"@type\":\"EntryPoint\",\"urlTemplate\":\"https:\\\/\\\/detfranskevinhus.com\\\/sv\\\/?s={search_term_string}\"},\"query-input\":{\"@type\":\"PropertyValueSpecification\",\"valueRequired\":true,\"valueName\":\"search_term_string\"}}],\"inLanguage\":\"sv-SE\"},{\"@type\":\"Organization\",\"@id\":\"https:\\\/\\\/detfranskevinhus.com\\\/sv\\\/#organization\",\"name\":\"Det Franske Vinhus\",\"url\":\"https:\\\/\\\/detfranskevinhus.com\\\/sv\\\/\",\"logo\":{\"@type\":\"ImageObject\",\"inLanguage\":\"sv-SE\",\"@id\":\"https:\\\/\\\/detfranskevinhus.com\\\/sv\\\/#\\\/schema\\\/logo\\\/image\\\/\",\"url\":\"https:\\\/\\\/detfranskevinhus.com\\\/wp-content\\\/uploads\\\/2023\\\/07\\\/01_DFV_Logo_www_01-02-copy.jpg\",\"contentUrl\":\"https:\\\/\\\/detfranskevinhus.com\\\/wp-content\\\/uploads\\\/2023\\\/07\\\/01_DFV_Logo_www_01-02-copy.jpg\",\"width\":992,\"height\":482,\"caption\":\"Det Franske Vinhus\"},\"image\":{\"@id\":\"https:\\\/\\\/detfranskevinhus.com\\\/sv\\\/#\\\/schema\\\/logo\\\/image\\\/\"}}]}<\/script>\n<!-- \/ Yoast SEO plugin. -->","yoast_head_json":{"title":"Inviniti Sauvignon Blanc 2025 | Friskt vitt vin fr\u00e5n Marlborough","description":"K\u00f6p Inviniti Sauvignon Blanc Marlborough 2025. Friskt vitt vin fr\u00e5n Nya Zeeland med passionsfrukt, citrus, \u00f6rter och krispig syra. H\u00e5llbart och veganskt.","robots":{"index":"index","follow":"follow","max-snippet":"max-snippet:-1","max-image-preview":"max-image-preview:large","max-video-preview":"max-video-preview:-1"},"canonical":"https:\/\/detfranskevinhus.com\/sv\/vare\/inviniti-sauvignon-blanc-lawsons-dry-hills-marlborough\/","og_locale":"sv_SE","og_type":"article","og_title":"Inviniti Sauvignon Blanc 2025. Krispig Marlborough med gr\u00f6n profil","og_description":"En frisk och aromatisk Sauvignon Blanc fr\u00e5n Nya Zeeland med passionsfrukt, citrus och \u00f6rter. Ett l\u00e4tt och livligt val till fisk, skaldjur och ljusa r\u00e4tter.","og_url":"https:\/\/detfranskevinhus.com\/sv\/vare\/inviniti-sauvignon-blanc-lawsons-dry-hills-marlborough\/","og_site_name":"Det Franske Vinhus","article_modified_time":"2026-04-06T09:43:56+00:00","og_image":[{"width":1080,"height":1920,"url":"https:\/\/detfranskevinhus.com\/wp-content\/uploads\/2026\/03\/39-Oestrig-Marlborough-Sauvignon-Blanc-Hvidvin-Inviniti-Sauvignon-Blanc-Lawsons-Dry-Hills-Marlborough.jpeg","type":"image\/jpeg"}],"twitter_card":"summary_large_image","twitter_misc":{"Ber\u00e4knad l\u00e4stid":"2 minuter"},"schema":{"@context":"https:\/\/schema.org","@graph":[{"@type":"WebPage","@id":"https:\/\/detfranskevinhus.com\/sv\/vare\/inviniti-sauvignon-blanc-lawsons-dry-hills-marlborough\/","url":"https:\/\/detfranskevinhus.com\/sv\/vare\/inviniti-sauvignon-blanc-lawsons-dry-hills-marlborough\/","name":"Inviniti Sauvignon Blanc 2025 | Friskt vitt vin fr\u00e5n Marlborough","isPartOf":{"@id":"https:\/\/detfranskevinhus.com\/sv\/#website"},"primaryImageOfPage":{"@id":"https:\/\/detfranskevinhus.com\/sv\/vare\/inviniti-sauvignon-blanc-lawsons-dry-hills-marlborough\/#primaryimage"},"image":{"@id":"https:\/\/detfranskevinhus.com\/sv\/vare\/inviniti-sauvignon-blanc-lawsons-dry-hills-marlborough\/#primaryimage"},"thumbnailUrl":"https:\/\/detfranskevinhus.com\/wp-content\/uploads\/2026\/03\/39-Oestrig-Marlborough-Sauvignon-Blanc-Hvidvin-Inviniti-Sauvignon-Blanc-Lawsons-Dry-Hills-Marlborough.jpeg","datePublished":"2026-03-31T09:11:51+00:00","dateModified":"2026-04-06T09:43:56+00:00","description":"K\u00f6p Inviniti Sauvignon Blanc Marlborough 2025. Friskt vitt vin fr\u00e5n Nya Zeeland med passionsfrukt, citrus, \u00f6rter och krispig syra. H\u00e5llbart och veganskt.","breadcrumb":{"@id":"https:\/\/detfranskevinhus.com\/sv\/vare\/inviniti-sauvignon-blanc-lawsons-dry-hills-marlborough\/#breadcrumb"},"inLanguage":"sv-SE","potentialAction":[{"@type":"ReadAction","target":["https:\/\/detfranskevinhus.com\/sv\/vare\/inviniti-sauvignon-blanc-lawsons-dry-hills-marlborough\/"]}]},{"@type":"ImageObject","inLanguage":"sv-SE","@id":"https:\/\/detfranskevinhus.com\/sv\/vare\/inviniti-sauvignon-blanc-lawsons-dry-hills-marlborough\/#primaryimage","url":"https:\/\/detfranskevinhus.com\/wp-content\/uploads\/2026\/03\/39-Oestrig-Marlborough-Sauvignon-Blanc-Hvidvin-Inviniti-Sauvignon-Blanc-Lawsons-Dry-Hills-Marlborough.jpeg","contentUrl":"https:\/\/detfranskevinhus.com\/wp-content\/uploads\/2026\/03\/39-Oestrig-Marlborough-Sauvignon-Blanc-Hvidvin-Inviniti-Sauvignon-Blanc-Lawsons-Dry-Hills-Marlborough.jpeg","width":1080,"height":1920,"caption":"\u00d8strig Marlborough Sauvignon Blanc Hvidvin Inviniti Sauvignon Blanc Lawson's Dry Hills Marlborough"},{"@type":"BreadcrumbList","@id":"https:\/\/detfranskevinhus.com\/sv\/vare\/inviniti-sauvignon-blanc-lawsons-dry-hills-marlborough\/#breadcrumb","itemListElement":[{"@type":"ListItem","position":1,"name":"Shop","item":"https:\/\/detfranskevinhus.com\/sv\/butik\/"},{"@type":"ListItem","position":2,"name":"Inviniti Sauvignon Blanc Lawson&#8217;s Dry Hills Marlborough"}]},{"@type":"WebSite","@id":"https:\/\/detfranskevinhus.com\/sv\/#website","url":"https:\/\/detfranskevinhus.com\/sv\/","name":"Det Franske Vinhus","description":"","publisher":{"@id":"https:\/\/detfranskevinhus.com\/sv\/#organization"},"potentialAction":[{"@type":"SearchAction","target":{"@type":"EntryPoint","urlTemplate":"https:\/\/detfranskevinhus.com\/sv\/?s={search_term_string}"},"query-input":{"@type":"PropertyValueSpecification","valueRequired":true,"valueName":"search_term_string"}}],"inLanguage":"sv-SE"},{"@type":"Organization","@id":"https:\/\/detfranskevinhus.com\/sv\/#organization","name":"Det Franske Vinhus","url":"https:\/\/detfranskevinhus.com\/sv\/","logo":{"@type":"ImageObject","inLanguage":"sv-SE","@id":"https:\/\/detfranskevinhus.com\/sv\/#\/schema\/logo\/image\/","url":"https:\/\/detfranskevinhus.com\/wp-content\/uploads\/2023\/07\/01_DFV_Logo_www_01-02-copy.jpg","contentUrl":"https:\/\/detfranskevinhus.com\/wp-content\/uploads\/2023\/07\/01_DFV_Logo_www_01-02-copy.jpg","width":992,"height":482,"caption":"Det Franske Vinhus"},"image":{"@id":"https:\/\/detfranskevinhus.com\/sv\/#\/schema\/logo\/image\/"}}]}},"_links":{"self":[{"href":"https:\/\/detfranskevinhus.com\/sv\/wp-json\/wp\/v2\/product\/1000000032916","targetHints":{"allow":["GET"]}}],"collection":[{"href":"https:\/\/detfranskevinhus.com\/sv\/wp-json\/wp\/v2\/product"}],"about":[{"href":"https:\/\/detfranskevinhus.com\/sv\/wp-json\/wp\/v2\/types\/product"}],"version-history":[{"count":3,"href":"https:\/\/detfranskevinhus.com\/sv\/wp-json\/wp\/v2\/product\/1000000032916\/revisions"}],"predecessor-version":[{"id":1000000032919,"href":"https:\/\/detfranskevinhus.com\/sv\/wp-json\/wp\/v2\/product\/1000000032916\/revisions\/1000000032919"}],"wp:featuredmedia":[{"embeddable":true,"href":"https:\/\/detfranskevinhus.com\/sv\/wp-json\/wp\/v2\/media\/1000000032913"}],"wp:attachment":[{"href":"https:\/\/detfranskevinhus.com\/sv\/wp-json\/wp\/v2\/media?parent=1000000032916"}],"wp:term":[{"taxonomy":"product_brand","embeddable":true,"href":"https:\/\/detfranskevinhus.com\/sv\/wp-json\/wp\/v2\/product_brand?post=1000000032916"},{"taxonomy":"product_cat","embeddable":true,"href":"https:\/\/detfranskevinhus.com\/sv\/wp-json\/wp\/v2\/product_cat?post=1000000032916"},{"taxonomy":"product_tag","embeddable":true,"href":"https:\/\/detfranskevinhus.com\/sv\/wp-json\/wp\/v2\/product_tag?post=1000000032916"}],"curies":[{"name":"wp","href":"https:\/\/api.w.org\/{rel}","templated":true}]}}