{"id":1000000032896,"date":"2026-03-31T10:31:16","date_gmt":"2026-03-31T08:31:16","guid":{"rendered":"https:\/\/detfranskevinhus.com\/?post_type=product&#038;p=1000000032896"},"modified":"2026-04-06T11:44:26","modified_gmt":"2026-04-06T09:44:26","slug":"fritz-walter-riesling-trocken-pfalz","status":"publish","type":"product","link":"https:\/\/detfranskevinhus.com\/sv\/vare\/fritz-walter-riesling-trocken-pfalz\/","title":{"rendered":"Fritz Walter Riesling Trocken Pfalz"},"content":{"rendered":"<p data-start=\"2539\" data-end=\"2956\"><strong data-start=\"2539\" data-end=\"2551\">Ursprung<\/strong><br data-start=\"2551\" data-end=\"2554\" \/>Detta vita vin kommer fr\u00e5n Pfalz i Tyskland, ett av landets mest v\u00e4lk\u00e4nda vindistrikt f\u00f6r friska, aromatiska och eleganta viner. Fritz Walter Basis Riesling Trocken 2024 \u00e4r en klassisk torr Riesling fr\u00e5n Pfalz d\u00e4r ren frukt, livlig syra och mineralisk friskhet st\u00e5r i fokus. Vinet \u00e4r producerat som Deutscher Qualit\u00e4tswein och har en modern, stram och mycket matv\u00e4nlig stil. Vinet \u00e4r dessutom veganskt.<\/p>\n<p data-start=\"2958\" data-end=\"2979\"><strong data-start=\"2958\" data-end=\"2967\">Druva<\/strong><br data-start=\"2967\" data-end=\"2970\" \/>Riesling.<\/p>\n<p data-start=\"2981\" data-end=\"3280\"><strong data-start=\"2981\" data-end=\"2989\">Smak<\/strong><br data-start=\"2989\" data-end=\"2992\" \/>Vinet \u00e4r torrt, slankt och friskt med en precis och livlig smakprofil. H\u00e4r m\u00f6ts citrus, gr\u00f6na \u00e4pplen, lime och vit persika av toner av l\u00e4tt blomighet och en fin mineralisk nerv. Det har en ren och krispig struktur med fin energi och en elegant avslutning d\u00e4r syran ger l\u00e4ngd och fr\u00e4sch\u00f6r.<\/p>\n<p data-start=\"3282\" data-end=\"3511\"><strong data-start=\"3282\" data-end=\"3290\">Arom<\/strong><br data-start=\"3290\" data-end=\"3293\" \/>Doften \u00e4r frisk och inbjudande med toner av lime, citron, gr\u00f6na \u00e4pplen, vita stenfrukter och l\u00e4tta florala nyanser. D\u00e4r finns ocks\u00e5 ett diskret mineraliskt drag som understryker vinets rena och klassiska Riesling-stil.<\/p>\n<p data-start=\"3513\" data-end=\"3525\"><strong data-start=\"3513\" data-end=\"3525\">Karakt\u00e4r<\/strong><\/p>\n<ul data-start=\"3527\" data-end=\"3655\">\n<li data-section-id=\"688c0v\" data-start=\"3527\" data-end=\"3543\">Torrhet: Torrt<\/li>\n<li data-section-id=\"16zw10s\" data-start=\"3544\" data-end=\"3563\">S\u00f6tma: Mycket l\u00e5g<\/li>\n<li data-section-id=\"zaci27\" data-start=\"3564\" data-end=\"3599\">Fyllighet: L\u00e4tt till medelfylligt<\/li>\n<li data-section-id=\"9ly5nf\" data-start=\"3600\" data-end=\"3624\">Syra: Frisk och livlig<\/li>\n<li data-section-id=\"yku2yj\" data-start=\"3625\" data-end=\"3655\">Mineralitet: Fin och elegant<\/li>\n<\/ul>\n<p data-start=\"3657\" data-end=\"3681\"><strong data-start=\"3657\" data-end=\"3668\">Alkohol<\/strong><br data-start=\"3668\" data-end=\"3671\" \/>12,5% vol.<\/p>\n<p data-start=\"3683\" data-end=\"4040\"><strong data-start=\"3683\" data-end=\"3708\">S\u00e4rskilda k\u00e4nnetecken<\/strong><br data-start=\"3708\" data-end=\"3711\" \/>En klassisk torr Riesling fr\u00e5n Pfalz med krispig frukt, fin syra och mineralisk friskhet. Det h\u00e4r \u00e4r ett vin i en ren och okomplicerad stil som fungerar lika bra p\u00e5 egen hand som till mat. Den veganska stilen och den tydliga fruktprofilen g\u00f6r det till ett sj\u00e4lvklart val f\u00f6r dig som vill ha ett friskt och precist tyskt vitt vin.<\/p>\n<p data-start=\"4042\" data-end=\"4283\"><strong data-start=\"4042\" data-end=\"4054\">Matmatch<\/strong><br data-start=\"4054\" data-end=\"4057\" \/>Passar s\u00e4rskilt bra till skaldjur, fisk, sushi, ljust f\u00e5gelk\u00f6tt, sallader och l\u00e4tta gr\u00f6nsaksr\u00e4tter. Det fungerar ocks\u00e5 mycket bra till asiatiskt inspirerade r\u00e4tter d\u00e4r vinets syra och citruskarakt\u00e4r skapar balans och fr\u00e4sch\u00f6r.<\/p>\n","protected":false},"excerpt":{"rendered":"<p>Frisk och torr Riesling fr\u00e5n Pfalz med citrus, gr\u00f6na \u00e4pplen och elegant mineralitet. Ett l\u00e4tt och krispigt vitt vin till fisk, skaldjur och l\u00e4tta r\u00e4tter.<\/p>\n","protected":false},"featured_media":1000000032893,"template":"","meta":{"_acf_changed":false,"site-sidebar-layout":"default","site-content-layout":"","ast-site-content-layout":"default","site-content-style":"default","site-sidebar-style":"default","ast-global-header-display":"","ast-banner-title-visibility":"","ast-main-header-display":"","ast-hfb-above-header-display":"","ast-hfb-below-header-display":"","ast-hfb-mobile-header-display":"","site-post-title":"","ast-breadcrumbs-content":"","ast-featured-img":"","footer-sml-layout":"","ast-disable-related-posts":"","theme-transparent-header-meta":"default","adv-header-id-meta":"","stick-header-meta":"default","header-above-stick-meta":"","header-main-stick-meta":"","header-below-stick-meta":"","astra-migrate-meta-layouts":"set","ast-page-background-enabled":"default","ast-page-background-meta":{"desktop":{"background-color":"","background-image":"","background-repeat":"repeat","background-position":"center center","background-size":"auto","background-attachment":"scroll","background-type":"","background-media":"","overlay-type":"","overlay-color":"","overlay-opacity":"","overlay-gradient":""},"tablet":{"background-color":"","background-image":"","background-repeat":"repeat","background-position":"center center","background-size":"auto","background-attachment":"scroll","background-type":"","background-media":"","overlay-type":"","overlay-color":"","overlay-opacity":"","overlay-gradient":""},"mobile":{"background-color":"","background-image":"","background-repeat":"repeat","background-position":"center center","background-size":"auto","background-attachment":"scroll","background-type":"","background-media":"","overlay-type":"","overlay-color":"","overlay-opacity":"","overlay-gradient":""}},"ast-content-background-meta":{"desktop":{"background-color":"var(--ast-global-color-5)","background-image":"","background-repeat":"repeat","background-position":"center center","background-size":"auto","background-attachment":"scroll","background-type":"","background-media":"","overlay-type":"","overlay-color":"","overlay-opacity":"","overlay-gradient":""},"tablet":{"background-color":"var(--ast-global-color-5)","background-image":"","background-repeat":"repeat","background-position":"center center","background-size":"auto","background-attachment":"scroll","background-type":"","background-media":"","overlay-type":"","overlay-color":"","overlay-opacity":"","overlay-gradient":""},"mobile":{"background-color":"var(--ast-global-color-5)","background-image":"","background-repeat":"repeat","background-position":"center center","background-size":"auto","background-attachment":"scroll","background-type":"","background-media":"","overlay-type":"","overlay-color":"","overlay-opacity":"","overlay-gradient":""}}},"product_brand":[],"product_cat":[1588,370],"product_tag":[],"class_list":{"0":"post-1000000032896","1":"product","2":"type-product","3":"status-publish","4":"has-post-thumbnail","6":"product_cat-tyskland","7":"product_cat-vitt-vin","8":"pa_drue-riesling-sv","9":"pa_vintype-vitt-vin-sv","10":"desktop-align-center","11":"tablet-align-center","12":"mobile-align-center","13":"ast-product-gallery-layout-horizontal","14":"ast-product-tabs-layout-horizontal","15":"ast-qv-on-image-click","17":"first","18":"instock","19":"taxable","20":"shipping-taxable","21":"purchasable","22":"product-type-simple"},"group_of_quantity":0,"min_quantity":0,"max_quantity":"","exclude_order_quantity_value_rules":"no","exclude_category_quantity_rules":"no","combine_variations":"no","acf":[],"yoast_head":"<!-- This site is optimized with the Yoast SEO plugin v27.4 - https:\/\/yoast.com\/product\/yoast-seo-wordpress\/ -->\n<title>Fritz Walter Basis Riesling Trocken Pfalz | Torr och frisk Riesling<\/title>\n<meta name=\"description\" content=\"K\u00f6p Fritz Walter Basis Riesling Trocken Pfalz 2024. Torrt tyskt vitt vin med citrus, gr\u00f6na \u00e4pplen, mineralisk friskhet och livlig syra.\" \/>\n<meta name=\"robots\" content=\"index, follow, max-snippet:-1, max-image-preview:large, max-video-preview:-1\" \/>\n<link rel=\"canonical\" href=\"https:\/\/detfranskevinhus.com\/sv\/vare\/fritz-walter-riesling-trocken-pfalz\/\" \/>\n<meta property=\"og:locale\" content=\"sv_SE\" \/>\n<meta property=\"og:type\" content=\"article\" \/>\n<meta property=\"og:title\" content=\"Fritz Walter Basis Riesling Trocken 2024. Frisk Pfalz-Riesling med nerv\" \/>\n<meta property=\"og:description\" content=\"En torr och livlig Riesling fr\u00e5n Pfalz med citrus, gr\u00f6na \u00e4pplen och mineralisk friskhet. Perfekt till fisk, skaldjur och l\u00e4tta middagar.\" \/>\n<meta property=\"og:url\" content=\"https:\/\/detfranskevinhus.com\/sv\/vare\/fritz-walter-riesling-trocken-pfalz\/\" \/>\n<meta property=\"og:site_name\" content=\"Det Franske Vinhus\" \/>\n<meta property=\"article:modified_time\" content=\"2026-04-06T09:44:26+00:00\" \/>\n<meta property=\"og:image\" content=\"https:\/\/detfranskevinhus.com\/wp-content\/uploads\/2026\/03\/35-Spanien-Pfalz-Riesling-Hvidvin-Fritz-Walter-Riesling-Trocken-Pfalz.jpeg\" \/>\n\t<meta property=\"og:image:width\" content=\"1080\" \/>\n\t<meta property=\"og:image:height\" content=\"1920\" \/>\n\t<meta property=\"og:image:type\" content=\"image\/jpeg\" \/>\n<meta name=\"twitter:card\" content=\"summary_large_image\" \/>\n<meta name=\"twitter:label1\" content=\"Ber\u00e4knad l\u00e4stid\" \/>\n\t<meta name=\"twitter:data1\" content=\"2 minuter\" \/>\n<script type=\"application\/ld+json\" class=\"yoast-schema-graph\">{\"@context\":\"https:\\\/\\\/schema.org\",\"@graph\":[{\"@type\":\"WebPage\",\"@id\":\"https:\\\/\\\/detfranskevinhus.com\\\/sv\\\/vare\\\/fritz-walter-riesling-trocken-pfalz\\\/\",\"url\":\"https:\\\/\\\/detfranskevinhus.com\\\/sv\\\/vare\\\/fritz-walter-riesling-trocken-pfalz\\\/\",\"name\":\"Fritz Walter Basis Riesling Trocken Pfalz | Torr och frisk Riesling\",\"isPartOf\":{\"@id\":\"https:\\\/\\\/detfranskevinhus.com\\\/sv\\\/#website\"},\"primaryImageOfPage\":{\"@id\":\"https:\\\/\\\/detfranskevinhus.com\\\/sv\\\/vare\\\/fritz-walter-riesling-trocken-pfalz\\\/#primaryimage\"},\"image\":{\"@id\":\"https:\\\/\\\/detfranskevinhus.com\\\/sv\\\/vare\\\/fritz-walter-riesling-trocken-pfalz\\\/#primaryimage\"},\"thumbnailUrl\":\"https:\\\/\\\/detfranskevinhus.com\\\/wp-content\\\/uploads\\\/2026\\\/03\\\/35-Spanien-Pfalz-Riesling-Hvidvin-Fritz-Walter-Riesling-Trocken-Pfalz.jpeg\",\"datePublished\":\"2026-03-31T08:31:16+00:00\",\"dateModified\":\"2026-04-06T09:44:26+00:00\",\"description\":\"K\u00f6p Fritz Walter Basis Riesling Trocken Pfalz 2024. Torrt tyskt vitt vin med citrus, gr\u00f6na \u00e4pplen, mineralisk friskhet och livlig syra.\",\"breadcrumb\":{\"@id\":\"https:\\\/\\\/detfranskevinhus.com\\\/sv\\\/vare\\\/fritz-walter-riesling-trocken-pfalz\\\/#breadcrumb\"},\"inLanguage\":\"sv-SE\",\"potentialAction\":[{\"@type\":\"ReadAction\",\"target\":[\"https:\\\/\\\/detfranskevinhus.com\\\/sv\\\/vare\\\/fritz-walter-riesling-trocken-pfalz\\\/\"]}]},{\"@type\":\"ImageObject\",\"inLanguage\":\"sv-SE\",\"@id\":\"https:\\\/\\\/detfranskevinhus.com\\\/sv\\\/vare\\\/fritz-walter-riesling-trocken-pfalz\\\/#primaryimage\",\"url\":\"https:\\\/\\\/detfranskevinhus.com\\\/wp-content\\\/uploads\\\/2026\\\/03\\\/35-Spanien-Pfalz-Riesling-Hvidvin-Fritz-Walter-Riesling-Trocken-Pfalz.jpeg\",\"contentUrl\":\"https:\\\/\\\/detfranskevinhus.com\\\/wp-content\\\/uploads\\\/2026\\\/03\\\/35-Spanien-Pfalz-Riesling-Hvidvin-Fritz-Walter-Riesling-Trocken-Pfalz.jpeg\",\"width\":1080,\"height\":1920,\"caption\":\"Spanien Pfalz Riesling Hvidvin Fritz Walter Riesling Trocken Pfalz\"},{\"@type\":\"BreadcrumbList\",\"@id\":\"https:\\\/\\\/detfranskevinhus.com\\\/sv\\\/vare\\\/fritz-walter-riesling-trocken-pfalz\\\/#breadcrumb\",\"itemListElement\":[{\"@type\":\"ListItem\",\"position\":1,\"name\":\"Shop\",\"item\":\"https:\\\/\\\/detfranskevinhus.com\\\/sv\\\/butik\\\/\"},{\"@type\":\"ListItem\",\"position\":2,\"name\":\"Fritz Walter Riesling Trocken Pfalz\"}]},{\"@type\":\"WebSite\",\"@id\":\"https:\\\/\\\/detfranskevinhus.com\\\/sv\\\/#website\",\"url\":\"https:\\\/\\\/detfranskevinhus.com\\\/sv\\\/\",\"name\":\"Det Franske Vinhus\",\"description\":\"\",\"publisher\":{\"@id\":\"https:\\\/\\\/detfranskevinhus.com\\\/sv\\\/#organization\"},\"potentialAction\":[{\"@type\":\"SearchAction\",\"target\":{\"@type\":\"EntryPoint\",\"urlTemplate\":\"https:\\\/\\\/detfranskevinhus.com\\\/sv\\\/?s={search_term_string}\"},\"query-input\":{\"@type\":\"PropertyValueSpecification\",\"valueRequired\":true,\"valueName\":\"search_term_string\"}}],\"inLanguage\":\"sv-SE\"},{\"@type\":\"Organization\",\"@id\":\"https:\\\/\\\/detfranskevinhus.com\\\/sv\\\/#organization\",\"name\":\"Det Franske Vinhus\",\"url\":\"https:\\\/\\\/detfranskevinhus.com\\\/sv\\\/\",\"logo\":{\"@type\":\"ImageObject\",\"inLanguage\":\"sv-SE\",\"@id\":\"https:\\\/\\\/detfranskevinhus.com\\\/sv\\\/#\\\/schema\\\/logo\\\/image\\\/\",\"url\":\"https:\\\/\\\/detfranskevinhus.com\\\/wp-content\\\/uploads\\\/2023\\\/07\\\/01_DFV_Logo_www_01-02-copy.jpg\",\"contentUrl\":\"https:\\\/\\\/detfranskevinhus.com\\\/wp-content\\\/uploads\\\/2023\\\/07\\\/01_DFV_Logo_www_01-02-copy.jpg\",\"width\":992,\"height\":482,\"caption\":\"Det Franske Vinhus\"},\"image\":{\"@id\":\"https:\\\/\\\/detfranskevinhus.com\\\/sv\\\/#\\\/schema\\\/logo\\\/image\\\/\"}}]}<\/script>\n<!-- \/ Yoast SEO plugin. -->","yoast_head_json":{"title":"Fritz Walter Basis Riesling Trocken Pfalz | Torr och frisk Riesling","description":"K\u00f6p Fritz Walter Basis Riesling Trocken Pfalz 2024. Torrt tyskt vitt vin med citrus, gr\u00f6na \u00e4pplen, mineralisk friskhet och livlig syra.","robots":{"index":"index","follow":"follow","max-snippet":"max-snippet:-1","max-image-preview":"max-image-preview:large","max-video-preview":"max-video-preview:-1"},"canonical":"https:\/\/detfranskevinhus.com\/sv\/vare\/fritz-walter-riesling-trocken-pfalz\/","og_locale":"sv_SE","og_type":"article","og_title":"Fritz Walter Basis Riesling Trocken 2024. Frisk Pfalz-Riesling med nerv","og_description":"En torr och livlig Riesling fr\u00e5n Pfalz med citrus, gr\u00f6na \u00e4pplen och mineralisk friskhet. Perfekt till fisk, skaldjur och l\u00e4tta middagar.","og_url":"https:\/\/detfranskevinhus.com\/sv\/vare\/fritz-walter-riesling-trocken-pfalz\/","og_site_name":"Det Franske Vinhus","article_modified_time":"2026-04-06T09:44:26+00:00","og_image":[{"width":1080,"height":1920,"url":"https:\/\/detfranskevinhus.com\/wp-content\/uploads\/2026\/03\/35-Spanien-Pfalz-Riesling-Hvidvin-Fritz-Walter-Riesling-Trocken-Pfalz.jpeg","type":"image\/jpeg"}],"twitter_card":"summary_large_image","twitter_misc":{"Ber\u00e4knad l\u00e4stid":"2 minuter"},"schema":{"@context":"https:\/\/schema.org","@graph":[{"@type":"WebPage","@id":"https:\/\/detfranskevinhus.com\/sv\/vare\/fritz-walter-riesling-trocken-pfalz\/","url":"https:\/\/detfranskevinhus.com\/sv\/vare\/fritz-walter-riesling-trocken-pfalz\/","name":"Fritz Walter Basis Riesling Trocken Pfalz | Torr och frisk Riesling","isPartOf":{"@id":"https:\/\/detfranskevinhus.com\/sv\/#website"},"primaryImageOfPage":{"@id":"https:\/\/detfranskevinhus.com\/sv\/vare\/fritz-walter-riesling-trocken-pfalz\/#primaryimage"},"image":{"@id":"https:\/\/detfranskevinhus.com\/sv\/vare\/fritz-walter-riesling-trocken-pfalz\/#primaryimage"},"thumbnailUrl":"https:\/\/detfranskevinhus.com\/wp-content\/uploads\/2026\/03\/35-Spanien-Pfalz-Riesling-Hvidvin-Fritz-Walter-Riesling-Trocken-Pfalz.jpeg","datePublished":"2026-03-31T08:31:16+00:00","dateModified":"2026-04-06T09:44:26+00:00","description":"K\u00f6p Fritz Walter Basis Riesling Trocken Pfalz 2024. Torrt tyskt vitt vin med citrus, gr\u00f6na \u00e4pplen, mineralisk friskhet och livlig syra.","breadcrumb":{"@id":"https:\/\/detfranskevinhus.com\/sv\/vare\/fritz-walter-riesling-trocken-pfalz\/#breadcrumb"},"inLanguage":"sv-SE","potentialAction":[{"@type":"ReadAction","target":["https:\/\/detfranskevinhus.com\/sv\/vare\/fritz-walter-riesling-trocken-pfalz\/"]}]},{"@type":"ImageObject","inLanguage":"sv-SE","@id":"https:\/\/detfranskevinhus.com\/sv\/vare\/fritz-walter-riesling-trocken-pfalz\/#primaryimage","url":"https:\/\/detfranskevinhus.com\/wp-content\/uploads\/2026\/03\/35-Spanien-Pfalz-Riesling-Hvidvin-Fritz-Walter-Riesling-Trocken-Pfalz.jpeg","contentUrl":"https:\/\/detfranskevinhus.com\/wp-content\/uploads\/2026\/03\/35-Spanien-Pfalz-Riesling-Hvidvin-Fritz-Walter-Riesling-Trocken-Pfalz.jpeg","width":1080,"height":1920,"caption":"Spanien Pfalz Riesling Hvidvin Fritz Walter Riesling Trocken Pfalz"},{"@type":"BreadcrumbList","@id":"https:\/\/detfranskevinhus.com\/sv\/vare\/fritz-walter-riesling-trocken-pfalz\/#breadcrumb","itemListElement":[{"@type":"ListItem","position":1,"name":"Shop","item":"https:\/\/detfranskevinhus.com\/sv\/butik\/"},{"@type":"ListItem","position":2,"name":"Fritz Walter Riesling Trocken Pfalz"}]},{"@type":"WebSite","@id":"https:\/\/detfranskevinhus.com\/sv\/#website","url":"https:\/\/detfranskevinhus.com\/sv\/","name":"Det Franske Vinhus","description":"","publisher":{"@id":"https:\/\/detfranskevinhus.com\/sv\/#organization"},"potentialAction":[{"@type":"SearchAction","target":{"@type":"EntryPoint","urlTemplate":"https:\/\/detfranskevinhus.com\/sv\/?s={search_term_string}"},"query-input":{"@type":"PropertyValueSpecification","valueRequired":true,"valueName":"search_term_string"}}],"inLanguage":"sv-SE"},{"@type":"Organization","@id":"https:\/\/detfranskevinhus.com\/sv\/#organization","name":"Det Franske Vinhus","url":"https:\/\/detfranskevinhus.com\/sv\/","logo":{"@type":"ImageObject","inLanguage":"sv-SE","@id":"https:\/\/detfranskevinhus.com\/sv\/#\/schema\/logo\/image\/","url":"https:\/\/detfranskevinhus.com\/wp-content\/uploads\/2023\/07\/01_DFV_Logo_www_01-02-copy.jpg","contentUrl":"https:\/\/detfranskevinhus.com\/wp-content\/uploads\/2023\/07\/01_DFV_Logo_www_01-02-copy.jpg","width":992,"height":482,"caption":"Det Franske Vinhus"},"image":{"@id":"https:\/\/detfranskevinhus.com\/sv\/#\/schema\/logo\/image\/"}}]}},"_links":{"self":[{"href":"https:\/\/detfranskevinhus.com\/sv\/wp-json\/wp\/v2\/product\/1000000032896","targetHints":{"allow":["GET"]}}],"collection":[{"href":"https:\/\/detfranskevinhus.com\/sv\/wp-json\/wp\/v2\/product"}],"about":[{"href":"https:\/\/detfranskevinhus.com\/sv\/wp-json\/wp\/v2\/types\/product"}],"version-history":[{"count":3,"href":"https:\/\/detfranskevinhus.com\/sv\/wp-json\/wp\/v2\/product\/1000000032896\/revisions"}],"predecessor-version":[{"id":1000000033409,"href":"https:\/\/detfranskevinhus.com\/sv\/wp-json\/wp\/v2\/product\/1000000032896\/revisions\/1000000033409"}],"wp:featuredmedia":[{"embeddable":true,"href":"https:\/\/detfranskevinhus.com\/sv\/wp-json\/wp\/v2\/media\/1000000032893"}],"wp:attachment":[{"href":"https:\/\/detfranskevinhus.com\/sv\/wp-json\/wp\/v2\/media?parent=1000000032896"}],"wp:term":[{"taxonomy":"product_brand","embeddable":true,"href":"https:\/\/detfranskevinhus.com\/sv\/wp-json\/wp\/v2\/product_brand?post=1000000032896"},{"taxonomy":"product_cat","embeddable":true,"href":"https:\/\/detfranskevinhus.com\/sv\/wp-json\/wp\/v2\/product_cat?post=1000000032896"},{"taxonomy":"product_tag","embeddable":true,"href":"https:\/\/detfranskevinhus.com\/sv\/wp-json\/wp\/v2\/product_tag?post=1000000032896"}],"curies":[{"name":"wp","href":"https:\/\/api.w.org\/{rel}","templated":true}]}}