{"id":1000000032861,"date":"2026-03-31T09:17:22","date_gmt":"2026-03-31T07:17:22","guid":{"rendered":"https:\/\/detfranskevinhus.com\/?post_type=product&#038;p=1000000032861"},"modified":"2026-04-06T11:45:38","modified_gmt":"2026-04-06T09:45:38","slug":"cascina-radice-barolo-poiana-piemonte","status":"publish","type":"product","link":"https:\/\/detfranskevinhus.com\/sv\/vare\/cascina-radice-barolo-poiana-piemonte\/","title":{"rendered":"Cascina Radice Barolo &#8220;Poiana&#8221; Piemonte"},"content":{"rendered":"<p data-start=\"2407\" data-end=\"2720\"><strong data-start=\"2407\" data-end=\"2419\">Ursprung<\/strong><br data-start=\"2419\" data-end=\"2422\" \/>Detta r\u00f6da vin kommer fr\u00e5n Barolo i Piemonte i norra Italien, ett av landets mest ber\u00f6mda och prestigefyllda vinomr\u00e5den. Vinet \u00e4r producerat av Cascina Radice i Moasca och \u00e4r gjort i klassisk Barolo-stil p\u00e5 omr\u00e5dets stora signaturdruva. Det \u00e4r ett vin med tradition, struktur och lagringspotential.<\/p>\n<p data-start=\"2722\" data-end=\"2743\"><strong data-start=\"2722\" data-end=\"2731\">Druva<\/strong><br data-start=\"2731\" data-end=\"2734\" \/>Nebbiolo.<\/p>\n<p data-start=\"2745\" data-end=\"3041\"><strong data-start=\"2745\" data-end=\"2753\">Smak<\/strong><br data-start=\"2753\" data-end=\"2756\" \/>Vinet \u00e4r torrt, fylligt och markant med en intensiv och seri\u00f6s smakprofil. H\u00e4r m\u00f6ts mogna k\u00f6rsb\u00e4r, rosor, torkade frukttoner och l\u00e4tt kryddiga nyanser med en fast, klassisk struktur. Smaken \u00e4r djup och l\u00e5ng med b\u00e5de kraft, elegans och en l\u00e4tt stramhet som ger vinet karakt\u00e4r och l\u00e4ngd.<\/p>\n<p data-start=\"3043\" data-end=\"3287\"><strong data-start=\"3043\" data-end=\"3051\">Arom<\/strong><br data-start=\"3051\" data-end=\"3054\" \/>Doften \u00e4r rik, bred och ih\u00e5llande med toner av mogna r\u00f6da b\u00e4r, rosor, torkade k\u00f6rsb\u00e4r, kryddor och l\u00e4tt jordiga nyanser. D\u00e4r finns ocks\u00e5 ett typiskt Barolo-drag med komplexitet och ett aristokratiskt djup som utvecklas fint i glaset.<\/p>\n<p data-start=\"3289\" data-end=\"3301\"><strong data-start=\"3289\" data-end=\"3301\">Karakt\u00e4r<\/strong><\/p>\n<ul data-start=\"3303\" data-end=\"3430\">\n<li data-section-id=\"688c0v\" data-start=\"3303\" data-end=\"3319\">Torrhet: Torrt<\/li>\n<li data-section-id=\"16zw10s\" data-start=\"3320\" data-end=\"3339\">S\u00f6tma: Mycket l\u00e5g<\/li>\n<li data-section-id=\"1mwpo7z\" data-start=\"3340\" data-end=\"3360\">Fyllighet: Fylligt<\/li>\n<li data-section-id=\"1hrg9wr\" data-start=\"3361\" data-end=\"3389\">Syra: Frisk och balanserad<\/li>\n<li data-section-id=\"12esns2\" data-start=\"3390\" data-end=\"3430\">Tanniner: Fasta, tydliga och klassiska<\/li>\n<\/ul>\n<p data-start=\"3432\" data-end=\"3456\"><strong data-start=\"3432\" data-end=\"3443\">Alkohol<\/strong><br data-start=\"3443\" data-end=\"3446\" \/>14,5% vol.<\/p>\n<p data-start=\"3458\" data-end=\"3751\"><strong data-start=\"3458\" data-end=\"3483\">S\u00e4rskilda k\u00e4nnetecken<\/strong><br data-start=\"3483\" data-end=\"3486\" \/>En klassisk Barolo med Nebbiolo-druvans typiska struktur, djup och elegans. Vinet upplevs fylligt, komplett och l\u00e4tt austert, vilket \u00e4r helt typiskt f\u00f6r stilen. Det passar mycket bra att dekantera och har en fin gastronomisk profil, s\u00e4rskilt till kraftigare r\u00e4tter.<\/p>\n<p data-start=\"3753\" data-end=\"3981\"><strong data-start=\"3753\" data-end=\"3765\">Matmatch<\/strong><br data-start=\"3765\" data-end=\"3768\" \/>Passar s\u00e4rskilt bra till stekar av r\u00f6tt k\u00f6tt, vilt och r\u00e4tter med tryffel. Det \u00e4r ocks\u00e5 mycket gott till br\u00e4serade r\u00e4tter, svampr\u00e4tter och lagrade ostar, d\u00e4r vinets struktur och komplexitet verkligen f\u00e5r ta plats.<\/p>\n","protected":false},"excerpt":{"rendered":"<p>Klassisk Barolo p\u00e5 Nebbiolo med djup, struktur och eleganta tanniner. Ett seri\u00f6st r\u00f6dvin fr\u00e5n Piemonte till vilt, br\u00e4serade r\u00e4tter och mat med tryffel.<\/p>\n","protected":false},"featured_media":1000000032858,"template":"","meta":{"_acf_changed":false,"site-sidebar-layout":"default","site-content-layout":"","ast-site-content-layout":"default","site-content-style":"default","site-sidebar-style":"default","ast-global-header-display":"","ast-banner-title-visibility":"","ast-main-header-display":"","ast-hfb-above-header-display":"","ast-hfb-below-header-display":"","ast-hfb-mobile-header-display":"","site-post-title":"","ast-breadcrumbs-content":"","ast-featured-img":"","footer-sml-layout":"","ast-disable-related-posts":"","theme-transparent-header-meta":"default","adv-header-id-meta":"","stick-header-meta":"default","header-above-stick-meta":"","header-main-stick-meta":"","header-below-stick-meta":"","astra-migrate-meta-layouts":"set","ast-page-background-enabled":"default","ast-page-background-meta":{"desktop":{"background-color":"","background-image":"","background-repeat":"repeat","background-position":"center center","background-size":"auto","background-attachment":"scroll","background-type":"","background-media":"","overlay-type":"","overlay-color":"","overlay-opacity":"","overlay-gradient":""},"tablet":{"background-color":"","background-image":"","background-repeat":"repeat","background-position":"center center","background-size":"auto","background-attachment":"scroll","background-type":"","background-media":"","overlay-type":"","overlay-color":"","overlay-opacity":"","overlay-gradient":""},"mobile":{"background-color":"","background-image":"","background-repeat":"repeat","background-position":"center center","background-size":"auto","background-attachment":"scroll","background-type":"","background-media":"","overlay-type":"","overlay-color":"","overlay-opacity":"","overlay-gradient":""}},"ast-content-background-meta":{"desktop":{"background-color":"var(--ast-global-color-5)","background-image":"","background-repeat":"repeat","background-position":"center center","background-size":"auto","background-attachment":"scroll","background-type":"","background-media":"","overlay-type":"","overlay-color":"","overlay-opacity":"","overlay-gradient":""},"tablet":{"background-color":"var(--ast-global-color-5)","background-image":"","background-repeat":"repeat","background-position":"center center","background-size":"auto","background-attachment":"scroll","background-type":"","background-media":"","overlay-type":"","overlay-color":"","overlay-opacity":"","overlay-gradient":""},"mobile":{"background-color":"var(--ast-global-color-5)","background-image":"","background-repeat":"repeat","background-position":"center center","background-size":"auto","background-attachment":"scroll","background-type":"","background-media":"","overlay-type":"","overlay-color":"","overlay-opacity":"","overlay-gradient":""}}},"product_brand":[],"product_cat":[1579,367],"product_tag":[],"class_list":{"0":"post-1000000032861","1":"product","2":"type-product","3":"status-publish","4":"has-post-thumbnail","6":"product_cat-italien","7":"product_cat-rott-vin","8":"pa_drue-nebbiolo","9":"pa_vintype-rott-vin-sv","10":"desktop-align-center","11":"tablet-align-center","12":"mobile-align-center","13":"ast-product-gallery-layout-horizontal","14":"ast-product-tabs-layout-horizontal","15":"ast-qv-on-image-click","17":"first","18":"instock","19":"taxable","20":"shipping-taxable","21":"purchasable","22":"product-type-simple"},"group_of_quantity":0,"min_quantity":0,"max_quantity":"","exclude_order_quantity_value_rules":"no","exclude_category_quantity_rules":"no","combine_variations":"no","acf":[],"yoast_head":"<!-- This site is optimized with the Yoast SEO plugin v27.4 - https:\/\/yoast.com\/product\/yoast-seo-wordpress\/ -->\n<title>Cascina Radice Poiana Barolo 2021 | Barolo fr\u00e5n Piemonte<\/title>\n<meta name=\"description\" content=\"K\u00f6p Cascina Radice Poiana Barolo 2021. Klassisk Barolo p\u00e5 Nebbiolo med djup, fasta tanniner och elegant struktur till k\u00f6tt och tryffel.\" \/>\n<meta name=\"robots\" content=\"index, follow, max-snippet:-1, max-image-preview:large, max-video-preview:-1\" \/>\n<link rel=\"canonical\" href=\"https:\/\/detfranskevinhus.com\/sv\/vare\/cascina-radice-barolo-poiana-piemonte\/\" \/>\n<meta property=\"og:locale\" content=\"sv_SE\" \/>\n<meta property=\"og:type\" content=\"article\" \/>\n<meta property=\"og:title\" content=\"Cascina Radice Poiana Barolo 2021. Klassisk Piemonte med struktur\" \/>\n<meta property=\"og:description\" content=\"En elegant och karakt\u00e4rsfull Barolo med Nebbiolo-druvans fasta tanniner, djupa frukt och l\u00e5nga avslutning. Ett sj\u00e4lvklart val till goda middagar med k\u00f6tt, vilt och tryffel.\" \/>\n<meta property=\"og:url\" content=\"https:\/\/detfranskevinhus.com\/sv\/vare\/cascina-radice-barolo-poiana-piemonte\/\" \/>\n<meta property=\"og:site_name\" content=\"Det Franske Vinhus\" \/>\n<meta property=\"article:modified_time\" content=\"2026-04-06T09:45:38+00:00\" \/>\n<meta property=\"og:image\" content=\"https:\/\/detfranskevinhus.com\/wp-content\/uploads\/2026\/03\/29-Italien-Piemonte-Nebbiolo-Roedvin-Cascina-Radice-Barolo-Poiana-Piemonte.jpeg\" \/>\n\t<meta property=\"og:image:width\" content=\"1080\" \/>\n\t<meta property=\"og:image:height\" content=\"1920\" \/>\n\t<meta property=\"og:image:type\" content=\"image\/jpeg\" \/>\n<meta name=\"twitter:card\" content=\"summary_large_image\" \/>\n<meta name=\"twitter:label1\" content=\"Ber\u00e4knad l\u00e4stid\" \/>\n\t<meta name=\"twitter:data1\" content=\"2 minuter\" \/>\n<script type=\"application\/ld+json\" class=\"yoast-schema-graph\">{\"@context\":\"https:\\\/\\\/schema.org\",\"@graph\":[{\"@type\":\"WebPage\",\"@id\":\"https:\\\/\\\/detfranskevinhus.com\\\/sv\\\/vare\\\/cascina-radice-barolo-poiana-piemonte\\\/\",\"url\":\"https:\\\/\\\/detfranskevinhus.com\\\/sv\\\/vare\\\/cascina-radice-barolo-poiana-piemonte\\\/\",\"name\":\"Cascina Radice Poiana Barolo 2021 | Barolo fr\u00e5n Piemonte\",\"isPartOf\":{\"@id\":\"https:\\\/\\\/detfranskevinhus.com\\\/sv\\\/#website\"},\"primaryImageOfPage\":{\"@id\":\"https:\\\/\\\/detfranskevinhus.com\\\/sv\\\/vare\\\/cascina-radice-barolo-poiana-piemonte\\\/#primaryimage\"},\"image\":{\"@id\":\"https:\\\/\\\/detfranskevinhus.com\\\/sv\\\/vare\\\/cascina-radice-barolo-poiana-piemonte\\\/#primaryimage\"},\"thumbnailUrl\":\"https:\\\/\\\/detfranskevinhus.com\\\/wp-content\\\/uploads\\\/2026\\\/03\\\/29-Italien-Piemonte-Nebbiolo-Roedvin-Cascina-Radice-Barolo-Poiana-Piemonte.jpeg\",\"datePublished\":\"2026-03-31T07:17:22+00:00\",\"dateModified\":\"2026-04-06T09:45:38+00:00\",\"description\":\"K\u00f6p Cascina Radice Poiana Barolo 2021. Klassisk Barolo p\u00e5 Nebbiolo med djup, fasta tanniner och elegant struktur till k\u00f6tt och tryffel.\",\"breadcrumb\":{\"@id\":\"https:\\\/\\\/detfranskevinhus.com\\\/sv\\\/vare\\\/cascina-radice-barolo-poiana-piemonte\\\/#breadcrumb\"},\"inLanguage\":\"sv-SE\",\"potentialAction\":[{\"@type\":\"ReadAction\",\"target\":[\"https:\\\/\\\/detfranskevinhus.com\\\/sv\\\/vare\\\/cascina-radice-barolo-poiana-piemonte\\\/\"]}]},{\"@type\":\"ImageObject\",\"inLanguage\":\"sv-SE\",\"@id\":\"https:\\\/\\\/detfranskevinhus.com\\\/sv\\\/vare\\\/cascina-radice-barolo-poiana-piemonte\\\/#primaryimage\",\"url\":\"https:\\\/\\\/detfranskevinhus.com\\\/wp-content\\\/uploads\\\/2026\\\/03\\\/29-Italien-Piemonte-Nebbiolo-Roedvin-Cascina-Radice-Barolo-Poiana-Piemonte.jpeg\",\"contentUrl\":\"https:\\\/\\\/detfranskevinhus.com\\\/wp-content\\\/uploads\\\/2026\\\/03\\\/29-Italien-Piemonte-Nebbiolo-Roedvin-Cascina-Radice-Barolo-Poiana-Piemonte.jpeg\",\"width\":1080,\"height\":1920,\"caption\":\"Italien Piemonte Nebbiolo R\u00f8dvin Cascina Radice Barolo Poiana Piemonte\"},{\"@type\":\"BreadcrumbList\",\"@id\":\"https:\\\/\\\/detfranskevinhus.com\\\/sv\\\/vare\\\/cascina-radice-barolo-poiana-piemonte\\\/#breadcrumb\",\"itemListElement\":[{\"@type\":\"ListItem\",\"position\":1,\"name\":\"Shop\",\"item\":\"https:\\\/\\\/detfranskevinhus.com\\\/sv\\\/butik\\\/\"},{\"@type\":\"ListItem\",\"position\":2,\"name\":\"Cascina Radice Barolo &#8220;Poiana&#8221; Piemonte\"}]},{\"@type\":\"WebSite\",\"@id\":\"https:\\\/\\\/detfranskevinhus.com\\\/sv\\\/#website\",\"url\":\"https:\\\/\\\/detfranskevinhus.com\\\/sv\\\/\",\"name\":\"Det Franske Vinhus\",\"description\":\"\",\"publisher\":{\"@id\":\"https:\\\/\\\/detfranskevinhus.com\\\/sv\\\/#organization\"},\"potentialAction\":[{\"@type\":\"SearchAction\",\"target\":{\"@type\":\"EntryPoint\",\"urlTemplate\":\"https:\\\/\\\/detfranskevinhus.com\\\/sv\\\/?s={search_term_string}\"},\"query-input\":{\"@type\":\"PropertyValueSpecification\",\"valueRequired\":true,\"valueName\":\"search_term_string\"}}],\"inLanguage\":\"sv-SE\"},{\"@type\":\"Organization\",\"@id\":\"https:\\\/\\\/detfranskevinhus.com\\\/sv\\\/#organization\",\"name\":\"Det Franske Vinhus\",\"url\":\"https:\\\/\\\/detfranskevinhus.com\\\/sv\\\/\",\"logo\":{\"@type\":\"ImageObject\",\"inLanguage\":\"sv-SE\",\"@id\":\"https:\\\/\\\/detfranskevinhus.com\\\/sv\\\/#\\\/schema\\\/logo\\\/image\\\/\",\"url\":\"https:\\\/\\\/detfranskevinhus.com\\\/wp-content\\\/uploads\\\/2023\\\/07\\\/01_DFV_Logo_www_01-02-copy.jpg\",\"contentUrl\":\"https:\\\/\\\/detfranskevinhus.com\\\/wp-content\\\/uploads\\\/2023\\\/07\\\/01_DFV_Logo_www_01-02-copy.jpg\",\"width\":992,\"height\":482,\"caption\":\"Det Franske Vinhus\"},\"image\":{\"@id\":\"https:\\\/\\\/detfranskevinhus.com\\\/sv\\\/#\\\/schema\\\/logo\\\/image\\\/\"}}]}<\/script>\n<!-- \/ Yoast SEO plugin. -->","yoast_head_json":{"title":"Cascina Radice Poiana Barolo 2021 | Barolo fr\u00e5n Piemonte","description":"K\u00f6p Cascina Radice Poiana Barolo 2021. Klassisk Barolo p\u00e5 Nebbiolo med djup, fasta tanniner och elegant struktur till k\u00f6tt och tryffel.","robots":{"index":"index","follow":"follow","max-snippet":"max-snippet:-1","max-image-preview":"max-image-preview:large","max-video-preview":"max-video-preview:-1"},"canonical":"https:\/\/detfranskevinhus.com\/sv\/vare\/cascina-radice-barolo-poiana-piemonte\/","og_locale":"sv_SE","og_type":"article","og_title":"Cascina Radice Poiana Barolo 2021. Klassisk Piemonte med struktur","og_description":"En elegant och karakt\u00e4rsfull Barolo med Nebbiolo-druvans fasta tanniner, djupa frukt och l\u00e5nga avslutning. Ett sj\u00e4lvklart val till goda middagar med k\u00f6tt, vilt och tryffel.","og_url":"https:\/\/detfranskevinhus.com\/sv\/vare\/cascina-radice-barolo-poiana-piemonte\/","og_site_name":"Det Franske Vinhus","article_modified_time":"2026-04-06T09:45:38+00:00","og_image":[{"width":1080,"height":1920,"url":"https:\/\/detfranskevinhus.com\/wp-content\/uploads\/2026\/03\/29-Italien-Piemonte-Nebbiolo-Roedvin-Cascina-Radice-Barolo-Poiana-Piemonte.jpeg","type":"image\/jpeg"}],"twitter_card":"summary_large_image","twitter_misc":{"Ber\u00e4knad l\u00e4stid":"2 minuter"},"schema":{"@context":"https:\/\/schema.org","@graph":[{"@type":"WebPage","@id":"https:\/\/detfranskevinhus.com\/sv\/vare\/cascina-radice-barolo-poiana-piemonte\/","url":"https:\/\/detfranskevinhus.com\/sv\/vare\/cascina-radice-barolo-poiana-piemonte\/","name":"Cascina Radice Poiana Barolo 2021 | Barolo fr\u00e5n Piemonte","isPartOf":{"@id":"https:\/\/detfranskevinhus.com\/sv\/#website"},"primaryImageOfPage":{"@id":"https:\/\/detfranskevinhus.com\/sv\/vare\/cascina-radice-barolo-poiana-piemonte\/#primaryimage"},"image":{"@id":"https:\/\/detfranskevinhus.com\/sv\/vare\/cascina-radice-barolo-poiana-piemonte\/#primaryimage"},"thumbnailUrl":"https:\/\/detfranskevinhus.com\/wp-content\/uploads\/2026\/03\/29-Italien-Piemonte-Nebbiolo-Roedvin-Cascina-Radice-Barolo-Poiana-Piemonte.jpeg","datePublished":"2026-03-31T07:17:22+00:00","dateModified":"2026-04-06T09:45:38+00:00","description":"K\u00f6p Cascina Radice Poiana Barolo 2021. Klassisk Barolo p\u00e5 Nebbiolo med djup, fasta tanniner och elegant struktur till k\u00f6tt och tryffel.","breadcrumb":{"@id":"https:\/\/detfranskevinhus.com\/sv\/vare\/cascina-radice-barolo-poiana-piemonte\/#breadcrumb"},"inLanguage":"sv-SE","potentialAction":[{"@type":"ReadAction","target":["https:\/\/detfranskevinhus.com\/sv\/vare\/cascina-radice-barolo-poiana-piemonte\/"]}]},{"@type":"ImageObject","inLanguage":"sv-SE","@id":"https:\/\/detfranskevinhus.com\/sv\/vare\/cascina-radice-barolo-poiana-piemonte\/#primaryimage","url":"https:\/\/detfranskevinhus.com\/wp-content\/uploads\/2026\/03\/29-Italien-Piemonte-Nebbiolo-Roedvin-Cascina-Radice-Barolo-Poiana-Piemonte.jpeg","contentUrl":"https:\/\/detfranskevinhus.com\/wp-content\/uploads\/2026\/03\/29-Italien-Piemonte-Nebbiolo-Roedvin-Cascina-Radice-Barolo-Poiana-Piemonte.jpeg","width":1080,"height":1920,"caption":"Italien Piemonte Nebbiolo R\u00f8dvin Cascina Radice Barolo Poiana Piemonte"},{"@type":"BreadcrumbList","@id":"https:\/\/detfranskevinhus.com\/sv\/vare\/cascina-radice-barolo-poiana-piemonte\/#breadcrumb","itemListElement":[{"@type":"ListItem","position":1,"name":"Shop","item":"https:\/\/detfranskevinhus.com\/sv\/butik\/"},{"@type":"ListItem","position":2,"name":"Cascina Radice Barolo &#8220;Poiana&#8221; Piemonte"}]},{"@type":"WebSite","@id":"https:\/\/detfranskevinhus.com\/sv\/#website","url":"https:\/\/detfranskevinhus.com\/sv\/","name":"Det Franske Vinhus","description":"","publisher":{"@id":"https:\/\/detfranskevinhus.com\/sv\/#organization"},"potentialAction":[{"@type":"SearchAction","target":{"@type":"EntryPoint","urlTemplate":"https:\/\/detfranskevinhus.com\/sv\/?s={search_term_string}"},"query-input":{"@type":"PropertyValueSpecification","valueRequired":true,"valueName":"search_term_string"}}],"inLanguage":"sv-SE"},{"@type":"Organization","@id":"https:\/\/detfranskevinhus.com\/sv\/#organization","name":"Det Franske Vinhus","url":"https:\/\/detfranskevinhus.com\/sv\/","logo":{"@type":"ImageObject","inLanguage":"sv-SE","@id":"https:\/\/detfranskevinhus.com\/sv\/#\/schema\/logo\/image\/","url":"https:\/\/detfranskevinhus.com\/wp-content\/uploads\/2023\/07\/01_DFV_Logo_www_01-02-copy.jpg","contentUrl":"https:\/\/detfranskevinhus.com\/wp-content\/uploads\/2023\/07\/01_DFV_Logo_www_01-02-copy.jpg","width":992,"height":482,"caption":"Det Franske Vinhus"},"image":{"@id":"https:\/\/detfranskevinhus.com\/sv\/#\/schema\/logo\/image\/"}}]}},"_links":{"self":[{"href":"https:\/\/detfranskevinhus.com\/sv\/wp-json\/wp\/v2\/product\/1000000032861","targetHints":{"allow":["GET"]}}],"collection":[{"href":"https:\/\/detfranskevinhus.com\/sv\/wp-json\/wp\/v2\/product"}],"about":[{"href":"https:\/\/detfranskevinhus.com\/sv\/wp-json\/wp\/v2\/types\/product"}],"version-history":[{"count":4,"href":"https:\/\/detfranskevinhus.com\/sv\/wp-json\/wp\/v2\/product\/1000000032861\/revisions"}],"predecessor-version":[{"id":1000000033412,"href":"https:\/\/detfranskevinhus.com\/sv\/wp-json\/wp\/v2\/product\/1000000032861\/revisions\/1000000033412"}],"wp:featuredmedia":[{"embeddable":true,"href":"https:\/\/detfranskevinhus.com\/sv\/wp-json\/wp\/v2\/media\/1000000032858"}],"wp:attachment":[{"href":"https:\/\/detfranskevinhus.com\/sv\/wp-json\/wp\/v2\/media?parent=1000000032861"}],"wp:term":[{"taxonomy":"product_brand","embeddable":true,"href":"https:\/\/detfranskevinhus.com\/sv\/wp-json\/wp\/v2\/product_brand?post=1000000032861"},{"taxonomy":"product_cat","embeddable":true,"href":"https:\/\/detfranskevinhus.com\/sv\/wp-json\/wp\/v2\/product_cat?post=1000000032861"},{"taxonomy":"product_tag","embeddable":true,"href":"https:\/\/detfranskevinhus.com\/sv\/wp-json\/wp\/v2\/product_tag?post=1000000032861"}],"curies":[{"name":"wp","href":"https:\/\/api.w.org\/{rel}","templated":true}]}}