{"id":1000000032847,"date":"2026-03-26T16:06:44","date_gmt":"2026-03-26T15:06:44","guid":{"rendered":"https:\/\/detfranskevinhus.com\/?post_type=product&#038;p=1000000032847"},"modified":"2026-04-06T11:48:21","modified_gmt":"2026-04-06T09:48:21","slug":"azienda-vitivinicola-piazzo-langhe-nebbiolo-aiman-piemonte","status":"publish","type":"product","link":"https:\/\/detfranskevinhus.com\/sv\/vare\/azienda-vitivinicola-piazzo-langhe-nebbiolo-aiman-piemonte\/","title":{"rendered":"Azienda Vitivinicola Piazzo Langhe Nebbiolo &#8220;Aiman&#8221; Piemonte"},"content":{"rendered":"<p data-start=\"2641\" data-end=\"3060\"><strong data-start=\"2641\" data-end=\"2653\">Ursprung<\/strong><br data-start=\"2653\" data-end=\"2656\" \/>Detta r\u00f6da vin kommer fr\u00e5n Langhe i Piemonte i norra Italien, ett av landets mest erk\u00e4nda vindistrikt och hem f\u00f6r n\u00e5gra av Italiens mest karakt\u00e4rsfulla viner. Vinet \u00e4r producerat av Piazzo Comm. Armando i Alba, d\u00e4r huset arbetar med klassiska piemontesiska druvor och stor respekt f\u00f6r omr\u00e5dets traditioner. Namnet Aiman syftar enligt etiketten p\u00e5 mjukhet och milda k\u00e4nslor, vilket ska spegla vinets stil.<\/p>\n<p data-start=\"3062\" data-end=\"3083\"><strong data-start=\"3062\" data-end=\"3071\">Druva<\/strong><br data-start=\"3071\" data-end=\"3074\" \/>Nebbiolo.<\/p>\n<p data-start=\"3085\" data-end=\"3404\"><strong data-start=\"3085\" data-end=\"3093\">Smak<\/strong><br data-start=\"3093\" data-end=\"3096\" \/>Vinet \u00e4r torrt, elegant och strukturerat med en klassisk Nebbiolo-profil. Smaken bjuder p\u00e5 r\u00f6da b\u00e4r, k\u00f6rsb\u00e4r och vilda hallon, tillsammans med florala toner, l\u00e4tt krydda och en fin, fast tanninstruktur. Det finns friskhet och sp\u00e4nst i uttrycket samtidigt som vinet har djup och en l\u00e5ng, harmonisk avslutning.<\/p>\n<p data-start=\"3406\" data-end=\"3619\"><strong data-start=\"3406\" data-end=\"3414\">Arom<\/strong><br data-start=\"3414\" data-end=\"3417\" \/>Doften \u00e4r nyanserad och inbjudande med aromer av r\u00f6da k\u00f6rsb\u00e4r, hallon, rosenblad och en aning krydda. D\u00e4r finns ocks\u00e5 en l\u00e4tt jordig ton och en klassisk elegans som \u00e4r typisk f\u00f6r Nebbiolo fr\u00e5n Piemonte.<\/p>\n<p data-start=\"3621\" data-end=\"3633\"><strong data-start=\"3621\" data-end=\"3633\">Karakt\u00e4r<\/strong><\/p>\n<ul data-start=\"3635\" data-end=\"3779\">\n<li data-section-id=\"688c0v\" data-start=\"3635\" data-end=\"3651\">Torrhet: Torrt<\/li>\n<li data-section-id=\"16zw10s\" data-start=\"3652\" data-end=\"3671\">S\u00f6tma: Mycket l\u00e5g<\/li>\n<li data-section-id=\"1wkaig2\" data-start=\"3672\" data-end=\"3710\">Fyllighet: Medelfylligt till fylligt<\/li>\n<li data-section-id=\"9ly5nf\" data-start=\"3711\" data-end=\"3735\">Syra: Frisk och livlig<\/li>\n<li data-section-id=\"a2uiwq\" data-start=\"3736\" data-end=\"3779\">Tanniner: Fina, tydliga och strukturerade<\/li>\n<\/ul>\n<p data-start=\"3781\" data-end=\"3805\"><strong data-start=\"3781\" data-end=\"3792\">Alkohol<\/strong><br data-start=\"3792\" data-end=\"3795\" \/>14,5% vol.<\/p>\n<p data-start=\"3807\" data-end=\"4171\"><strong data-start=\"3807\" data-end=\"3832\">S\u00e4rskilda k\u00e4nnetecken<\/strong><br data-start=\"3832\" data-end=\"3835\" \/>En klassisk Langhe Nebbiolo med piemontesisk finess, friskhet och struktur. Vinet kombinerar druvans karakteristiska blommiga elegans med r\u00f6da b\u00e4r, l\u00e4tt krydda och en fast men harmonisk tanninprofil. Det \u00e4r ett vin som upplevs mer tillg\u00e4ngligt i sin ungdom \u00e4n de tyngre Nebbiolo-vinerna, men \u00e4nd\u00e5 med tydlig druvkarakt\u00e4r och fin balans.<\/p>\n<p data-start=\"4173\" data-end=\"4409\"><strong data-start=\"4173\" data-end=\"4185\">Matmatch<\/strong><br data-start=\"4185\" data-end=\"4188\" \/>Passar bra till kalv, n\u00f6tk\u00f6tt, svampr\u00e4tter, pasta med rag\u00f9, risotto och lagrade ostar. Det fungerar ocks\u00e5 mycket fint till r\u00e4tter med tryffel eller andra jordiga smaknyanser d\u00e4r vinets friskhet och struktur f\u00e5r spela med.<\/p>\n","protected":false},"excerpt":{"rendered":"<p>Elegant och karakt\u00e4rsfull Nebbiolo fr\u00e5n Piemonte med r\u00f6da b\u00e4r, blommighet och frisk struktur. Ett klassiskt italienskt r\u00f6dvin med finess, djup och fin balans.<\/p>\n","protected":false},"featured_media":1000000032844,"template":"","meta":{"_acf_changed":false,"site-sidebar-layout":"default","site-content-layout":"","ast-site-content-layout":"default","site-content-style":"default","site-sidebar-style":"default","ast-global-header-display":"","ast-banner-title-visibility":"","ast-main-header-display":"","ast-hfb-above-header-display":"","ast-hfb-below-header-display":"","ast-hfb-mobile-header-display":"","site-post-title":"","ast-breadcrumbs-content":"","ast-featured-img":"","footer-sml-layout":"","ast-disable-related-posts":"","theme-transparent-header-meta":"default","adv-header-id-meta":"","stick-header-meta":"default","header-above-stick-meta":"","header-main-stick-meta":"","header-below-stick-meta":"","astra-migrate-meta-layouts":"set","ast-page-background-enabled":"default","ast-page-background-meta":{"desktop":{"background-color":"","background-image":"","background-repeat":"repeat","background-position":"center center","background-size":"auto","background-attachment":"scroll","background-type":"","background-media":"","overlay-type":"","overlay-color":"","overlay-opacity":"","overlay-gradient":""},"tablet":{"background-color":"","background-image":"","background-repeat":"repeat","background-position":"center center","background-size":"auto","background-attachment":"scroll","background-type":"","background-media":"","overlay-type":"","overlay-color":"","overlay-opacity":"","overlay-gradient":""},"mobile":{"background-color":"","background-image":"","background-repeat":"repeat","background-position":"center center","background-size":"auto","background-attachment":"scroll","background-type":"","background-media":"","overlay-type":"","overlay-color":"","overlay-opacity":"","overlay-gradient":""}},"ast-content-background-meta":{"desktop":{"background-color":"var(--ast-global-color-5)","background-image":"","background-repeat":"repeat","background-position":"center center","background-size":"auto","background-attachment":"scroll","background-type":"","background-media":"","overlay-type":"","overlay-color":"","overlay-opacity":"","overlay-gradient":""},"tablet":{"background-color":"var(--ast-global-color-5)","background-image":"","background-repeat":"repeat","background-position":"center center","background-size":"auto","background-attachment":"scroll","background-type":"","background-media":"","overlay-type":"","overlay-color":"","overlay-opacity":"","overlay-gradient":""},"mobile":{"background-color":"var(--ast-global-color-5)","background-image":"","background-repeat":"repeat","background-position":"center center","background-size":"auto","background-attachment":"scroll","background-type":"","background-media":"","overlay-type":"","overlay-color":"","overlay-opacity":"","overlay-gradient":""}}},"product_brand":[],"product_cat":[1579,367],"product_tag":[],"class_list":{"0":"post-1000000032847","1":"product","2":"type-product","3":"status-publish","4":"has-post-thumbnail","6":"product_cat-italien","7":"product_cat-rott-vin","8":"pa_drue-nebbiolo","9":"pa_vintype-rott-vin-sv","10":"desktop-align-center","11":"tablet-align-center","12":"mobile-align-center","13":"ast-product-gallery-layout-horizontal","14":"ast-product-tabs-layout-horizontal","15":"ast-qv-on-image-click","17":"first","18":"instock","19":"taxable","20":"shipping-taxable","21":"purchasable","22":"product-type-simple"},"group_of_quantity":0,"min_quantity":0,"max_quantity":"","exclude_order_quantity_value_rules":"no","exclude_category_quantity_rules":"no","combine_variations":"no","acf":[],"yoast_head":"<!-- This site is optimized with the Yoast SEO plugin v27.4 - https:\/\/yoast.com\/product\/yoast-seo-wordpress\/ -->\n<title>Piazzo Langhe Nebbiolo Aiman 2023 | Nebbiolo fr\u00e5n Piemonte<\/title>\n<meta name=\"description\" content=\"K\u00f6p Piazzo Langhe Nebbiolo Aiman 2023. Elegant r\u00f6dvin fr\u00e5n Piemonte med r\u00f6da b\u00e4r, blommighet, frisk syra och klassisk Nebbiolo-karakt\u00e4r.\" \/>\n<meta name=\"robots\" content=\"index, follow, max-snippet:-1, max-image-preview:large, max-video-preview:-1\" \/>\n<link rel=\"canonical\" href=\"https:\/\/detfranskevinhus.com\/sv\/vare\/azienda-vitivinicola-piazzo-langhe-nebbiolo-aiman-piemonte\/\" \/>\n<meta property=\"og:locale\" content=\"sv_SE\" \/>\n<meta property=\"og:type\" content=\"article\" \/>\n<meta property=\"og:title\" content=\"Piazzo Langhe Nebbiolo Aiman 2023. Elegant Piemonte med finess\" \/>\n<meta property=\"og:description\" content=\"En klassisk Nebbiolo fr\u00e5n Piemonte med r\u00f6da b\u00e4r, florala toner och fin struktur. Ett elegant val till kalv, pasta, svamp och lagrade ostar.\" \/>\n<meta property=\"og:url\" content=\"https:\/\/detfranskevinhus.com\/sv\/vare\/azienda-vitivinicola-piazzo-langhe-nebbiolo-aiman-piemonte\/\" \/>\n<meta property=\"og:site_name\" content=\"Det Franske Vinhus\" \/>\n<meta property=\"article:modified_time\" content=\"2026-04-06T09:48:21+00:00\" \/>\n<meta property=\"og:image\" content=\"https:\/\/detfranskevinhus.com\/wp-content\/uploads\/2026\/03\/27-Frankrig-Piemonte-Nebbiolo-Roedvin-Azienda-Vitivinicola-Piazzo-Langhe-Nebbiolo-Aiman-Piemonte.jpeg\" \/>\n\t<meta property=\"og:image:width\" content=\"1080\" \/>\n\t<meta property=\"og:image:height\" content=\"1920\" \/>\n\t<meta property=\"og:image:type\" content=\"image\/jpeg\" \/>\n<meta name=\"twitter:card\" content=\"summary_large_image\" \/>\n<meta name=\"twitter:label1\" content=\"Ber\u00e4knad l\u00e4stid\" \/>\n\t<meta name=\"twitter:data1\" content=\"2 minuter\" \/>\n<script type=\"application\/ld+json\" class=\"yoast-schema-graph\">{\"@context\":\"https:\\\/\\\/schema.org\",\"@graph\":[{\"@type\":\"WebPage\",\"@id\":\"https:\\\/\\\/detfranskevinhus.com\\\/sv\\\/vare\\\/azienda-vitivinicola-piazzo-langhe-nebbiolo-aiman-piemonte\\\/\",\"url\":\"https:\\\/\\\/detfranskevinhus.com\\\/sv\\\/vare\\\/azienda-vitivinicola-piazzo-langhe-nebbiolo-aiman-piemonte\\\/\",\"name\":\"Piazzo Langhe Nebbiolo Aiman 2023 | Nebbiolo fr\u00e5n Piemonte\",\"isPartOf\":{\"@id\":\"https:\\\/\\\/detfranskevinhus.com\\\/sv\\\/#website\"},\"primaryImageOfPage\":{\"@id\":\"https:\\\/\\\/detfranskevinhus.com\\\/sv\\\/vare\\\/azienda-vitivinicola-piazzo-langhe-nebbiolo-aiman-piemonte\\\/#primaryimage\"},\"image\":{\"@id\":\"https:\\\/\\\/detfranskevinhus.com\\\/sv\\\/vare\\\/azienda-vitivinicola-piazzo-langhe-nebbiolo-aiman-piemonte\\\/#primaryimage\"},\"thumbnailUrl\":\"https:\\\/\\\/detfranskevinhus.com\\\/wp-content\\\/uploads\\\/2026\\\/03\\\/27-Frankrig-Piemonte-Nebbiolo-Roedvin-Azienda-Vitivinicola-Piazzo-Langhe-Nebbiolo-Aiman-Piemonte.jpeg\",\"datePublished\":\"2026-03-26T15:06:44+00:00\",\"dateModified\":\"2026-04-06T09:48:21+00:00\",\"description\":\"K\u00f6p Piazzo Langhe Nebbiolo Aiman 2023. Elegant r\u00f6dvin fr\u00e5n Piemonte med r\u00f6da b\u00e4r, blommighet, frisk syra och klassisk Nebbiolo-karakt\u00e4r.\",\"breadcrumb\":{\"@id\":\"https:\\\/\\\/detfranskevinhus.com\\\/sv\\\/vare\\\/azienda-vitivinicola-piazzo-langhe-nebbiolo-aiman-piemonte\\\/#breadcrumb\"},\"inLanguage\":\"sv-SE\",\"potentialAction\":[{\"@type\":\"ReadAction\",\"target\":[\"https:\\\/\\\/detfranskevinhus.com\\\/sv\\\/vare\\\/azienda-vitivinicola-piazzo-langhe-nebbiolo-aiman-piemonte\\\/\"]}]},{\"@type\":\"ImageObject\",\"inLanguage\":\"sv-SE\",\"@id\":\"https:\\\/\\\/detfranskevinhus.com\\\/sv\\\/vare\\\/azienda-vitivinicola-piazzo-langhe-nebbiolo-aiman-piemonte\\\/#primaryimage\",\"url\":\"https:\\\/\\\/detfranskevinhus.com\\\/wp-content\\\/uploads\\\/2026\\\/03\\\/27-Frankrig-Piemonte-Nebbiolo-Roedvin-Azienda-Vitivinicola-Piazzo-Langhe-Nebbiolo-Aiman-Piemonte.jpeg\",\"contentUrl\":\"https:\\\/\\\/detfranskevinhus.com\\\/wp-content\\\/uploads\\\/2026\\\/03\\\/27-Frankrig-Piemonte-Nebbiolo-Roedvin-Azienda-Vitivinicola-Piazzo-Langhe-Nebbiolo-Aiman-Piemonte.jpeg\",\"width\":1080,\"height\":1920,\"caption\":\"Frankrig Piemonte Nebbiolo R\u00f8dvin Azienda Vitivinicola Piazzo Langhe Nebbiolo Aiman Piemonte\"},{\"@type\":\"BreadcrumbList\",\"@id\":\"https:\\\/\\\/detfranskevinhus.com\\\/sv\\\/vare\\\/azienda-vitivinicola-piazzo-langhe-nebbiolo-aiman-piemonte\\\/#breadcrumb\",\"itemListElement\":[{\"@type\":\"ListItem\",\"position\":1,\"name\":\"Shop\",\"item\":\"https:\\\/\\\/detfranskevinhus.com\\\/sv\\\/butik\\\/\"},{\"@type\":\"ListItem\",\"position\":2,\"name\":\"Azienda Vitivinicola Piazzo Langhe Nebbiolo &#8220;Aiman&#8221; Piemonte\"}]},{\"@type\":\"WebSite\",\"@id\":\"https:\\\/\\\/detfranskevinhus.com\\\/sv\\\/#website\",\"url\":\"https:\\\/\\\/detfranskevinhus.com\\\/sv\\\/\",\"name\":\"Det Franske Vinhus\",\"description\":\"\",\"publisher\":{\"@id\":\"https:\\\/\\\/detfranskevinhus.com\\\/sv\\\/#organization\"},\"potentialAction\":[{\"@type\":\"SearchAction\",\"target\":{\"@type\":\"EntryPoint\",\"urlTemplate\":\"https:\\\/\\\/detfranskevinhus.com\\\/sv\\\/?s={search_term_string}\"},\"query-input\":{\"@type\":\"PropertyValueSpecification\",\"valueRequired\":true,\"valueName\":\"search_term_string\"}}],\"inLanguage\":\"sv-SE\"},{\"@type\":\"Organization\",\"@id\":\"https:\\\/\\\/detfranskevinhus.com\\\/sv\\\/#organization\",\"name\":\"Det Franske Vinhus\",\"url\":\"https:\\\/\\\/detfranskevinhus.com\\\/sv\\\/\",\"logo\":{\"@type\":\"ImageObject\",\"inLanguage\":\"sv-SE\",\"@id\":\"https:\\\/\\\/detfranskevinhus.com\\\/sv\\\/#\\\/schema\\\/logo\\\/image\\\/\",\"url\":\"https:\\\/\\\/detfranskevinhus.com\\\/wp-content\\\/uploads\\\/2023\\\/07\\\/01_DFV_Logo_www_01-02-copy.jpg\",\"contentUrl\":\"https:\\\/\\\/detfranskevinhus.com\\\/wp-content\\\/uploads\\\/2023\\\/07\\\/01_DFV_Logo_www_01-02-copy.jpg\",\"width\":992,\"height\":482,\"caption\":\"Det Franske Vinhus\"},\"image\":{\"@id\":\"https:\\\/\\\/detfranskevinhus.com\\\/sv\\\/#\\\/schema\\\/logo\\\/image\\\/\"}}]}<\/script>\n<!-- \/ Yoast SEO plugin. -->","yoast_head_json":{"title":"Piazzo Langhe Nebbiolo Aiman 2023 | Nebbiolo fr\u00e5n Piemonte","description":"K\u00f6p Piazzo Langhe Nebbiolo Aiman 2023. Elegant r\u00f6dvin fr\u00e5n Piemonte med r\u00f6da b\u00e4r, blommighet, frisk syra och klassisk Nebbiolo-karakt\u00e4r.","robots":{"index":"index","follow":"follow","max-snippet":"max-snippet:-1","max-image-preview":"max-image-preview:large","max-video-preview":"max-video-preview:-1"},"canonical":"https:\/\/detfranskevinhus.com\/sv\/vare\/azienda-vitivinicola-piazzo-langhe-nebbiolo-aiman-piemonte\/","og_locale":"sv_SE","og_type":"article","og_title":"Piazzo Langhe Nebbiolo Aiman 2023. Elegant Piemonte med finess","og_description":"En klassisk Nebbiolo fr\u00e5n Piemonte med r\u00f6da b\u00e4r, florala toner och fin struktur. Ett elegant val till kalv, pasta, svamp och lagrade ostar.","og_url":"https:\/\/detfranskevinhus.com\/sv\/vare\/azienda-vitivinicola-piazzo-langhe-nebbiolo-aiman-piemonte\/","og_site_name":"Det Franske Vinhus","article_modified_time":"2026-04-06T09:48:21+00:00","og_image":[{"width":1080,"height":1920,"url":"https:\/\/detfranskevinhus.com\/wp-content\/uploads\/2026\/03\/27-Frankrig-Piemonte-Nebbiolo-Roedvin-Azienda-Vitivinicola-Piazzo-Langhe-Nebbiolo-Aiman-Piemonte.jpeg","type":"image\/jpeg"}],"twitter_card":"summary_large_image","twitter_misc":{"Ber\u00e4knad l\u00e4stid":"2 minuter"},"schema":{"@context":"https:\/\/schema.org","@graph":[{"@type":"WebPage","@id":"https:\/\/detfranskevinhus.com\/sv\/vare\/azienda-vitivinicola-piazzo-langhe-nebbiolo-aiman-piemonte\/","url":"https:\/\/detfranskevinhus.com\/sv\/vare\/azienda-vitivinicola-piazzo-langhe-nebbiolo-aiman-piemonte\/","name":"Piazzo Langhe Nebbiolo Aiman 2023 | Nebbiolo fr\u00e5n Piemonte","isPartOf":{"@id":"https:\/\/detfranskevinhus.com\/sv\/#website"},"primaryImageOfPage":{"@id":"https:\/\/detfranskevinhus.com\/sv\/vare\/azienda-vitivinicola-piazzo-langhe-nebbiolo-aiman-piemonte\/#primaryimage"},"image":{"@id":"https:\/\/detfranskevinhus.com\/sv\/vare\/azienda-vitivinicola-piazzo-langhe-nebbiolo-aiman-piemonte\/#primaryimage"},"thumbnailUrl":"https:\/\/detfranskevinhus.com\/wp-content\/uploads\/2026\/03\/27-Frankrig-Piemonte-Nebbiolo-Roedvin-Azienda-Vitivinicola-Piazzo-Langhe-Nebbiolo-Aiman-Piemonte.jpeg","datePublished":"2026-03-26T15:06:44+00:00","dateModified":"2026-04-06T09:48:21+00:00","description":"K\u00f6p Piazzo Langhe Nebbiolo Aiman 2023. Elegant r\u00f6dvin fr\u00e5n Piemonte med r\u00f6da b\u00e4r, blommighet, frisk syra och klassisk Nebbiolo-karakt\u00e4r.","breadcrumb":{"@id":"https:\/\/detfranskevinhus.com\/sv\/vare\/azienda-vitivinicola-piazzo-langhe-nebbiolo-aiman-piemonte\/#breadcrumb"},"inLanguage":"sv-SE","potentialAction":[{"@type":"ReadAction","target":["https:\/\/detfranskevinhus.com\/sv\/vare\/azienda-vitivinicola-piazzo-langhe-nebbiolo-aiman-piemonte\/"]}]},{"@type":"ImageObject","inLanguage":"sv-SE","@id":"https:\/\/detfranskevinhus.com\/sv\/vare\/azienda-vitivinicola-piazzo-langhe-nebbiolo-aiman-piemonte\/#primaryimage","url":"https:\/\/detfranskevinhus.com\/wp-content\/uploads\/2026\/03\/27-Frankrig-Piemonte-Nebbiolo-Roedvin-Azienda-Vitivinicola-Piazzo-Langhe-Nebbiolo-Aiman-Piemonte.jpeg","contentUrl":"https:\/\/detfranskevinhus.com\/wp-content\/uploads\/2026\/03\/27-Frankrig-Piemonte-Nebbiolo-Roedvin-Azienda-Vitivinicola-Piazzo-Langhe-Nebbiolo-Aiman-Piemonte.jpeg","width":1080,"height":1920,"caption":"Frankrig Piemonte Nebbiolo R\u00f8dvin Azienda Vitivinicola Piazzo Langhe Nebbiolo Aiman Piemonte"},{"@type":"BreadcrumbList","@id":"https:\/\/detfranskevinhus.com\/sv\/vare\/azienda-vitivinicola-piazzo-langhe-nebbiolo-aiman-piemonte\/#breadcrumb","itemListElement":[{"@type":"ListItem","position":1,"name":"Shop","item":"https:\/\/detfranskevinhus.com\/sv\/butik\/"},{"@type":"ListItem","position":2,"name":"Azienda Vitivinicola Piazzo Langhe Nebbiolo &#8220;Aiman&#8221; Piemonte"}]},{"@type":"WebSite","@id":"https:\/\/detfranskevinhus.com\/sv\/#website","url":"https:\/\/detfranskevinhus.com\/sv\/","name":"Det Franske Vinhus","description":"","publisher":{"@id":"https:\/\/detfranskevinhus.com\/sv\/#organization"},"potentialAction":[{"@type":"SearchAction","target":{"@type":"EntryPoint","urlTemplate":"https:\/\/detfranskevinhus.com\/sv\/?s={search_term_string}"},"query-input":{"@type":"PropertyValueSpecification","valueRequired":true,"valueName":"search_term_string"}}],"inLanguage":"sv-SE"},{"@type":"Organization","@id":"https:\/\/detfranskevinhus.com\/sv\/#organization","name":"Det Franske Vinhus","url":"https:\/\/detfranskevinhus.com\/sv\/","logo":{"@type":"ImageObject","inLanguage":"sv-SE","@id":"https:\/\/detfranskevinhus.com\/sv\/#\/schema\/logo\/image\/","url":"https:\/\/detfranskevinhus.com\/wp-content\/uploads\/2023\/07\/01_DFV_Logo_www_01-02-copy.jpg","contentUrl":"https:\/\/detfranskevinhus.com\/wp-content\/uploads\/2023\/07\/01_DFV_Logo_www_01-02-copy.jpg","width":992,"height":482,"caption":"Det Franske Vinhus"},"image":{"@id":"https:\/\/detfranskevinhus.com\/sv\/#\/schema\/logo\/image\/"}}]}},"_links":{"self":[{"href":"https:\/\/detfranskevinhus.com\/sv\/wp-json\/wp\/v2\/product\/1000000032847","targetHints":{"allow":["GET"]}}],"collection":[{"href":"https:\/\/detfranskevinhus.com\/sv\/wp-json\/wp\/v2\/product"}],"about":[{"href":"https:\/\/detfranskevinhus.com\/sv\/wp-json\/wp\/v2\/types\/product"}],"version-history":[{"count":3,"href":"https:\/\/detfranskevinhus.com\/sv\/wp-json\/wp\/v2\/product\/1000000032847\/revisions"}],"predecessor-version":[{"id":1000000033029,"href":"https:\/\/detfranskevinhus.com\/sv\/wp-json\/wp\/v2\/product\/1000000032847\/revisions\/1000000033029"}],"wp:featuredmedia":[{"embeddable":true,"href":"https:\/\/detfranskevinhus.com\/sv\/wp-json\/wp\/v2\/media\/1000000032844"}],"wp:attachment":[{"href":"https:\/\/detfranskevinhus.com\/sv\/wp-json\/wp\/v2\/media?parent=1000000032847"}],"wp:term":[{"taxonomy":"product_brand","embeddable":true,"href":"https:\/\/detfranskevinhus.com\/sv\/wp-json\/wp\/v2\/product_brand?post=1000000032847"},{"taxonomy":"product_cat","embeddable":true,"href":"https:\/\/detfranskevinhus.com\/sv\/wp-json\/wp\/v2\/product_cat?post=1000000032847"},{"taxonomy":"product_tag","embeddable":true,"href":"https:\/\/detfranskevinhus.com\/sv\/wp-json\/wp\/v2\/product_tag?post=1000000032847"}],"curies":[{"name":"wp","href":"https:\/\/api.w.org\/{rel}","templated":true}]}}