{"id":1000000032835,"date":"2026-03-26T15:41:03","date_gmt":"2026-03-26T14:41:03","guid":{"rendered":"https:\/\/detfranskevinhus.com\/?post_type=product&#038;p=1000000032835"},"modified":"2026-04-06T11:48:41","modified_gmt":"2026-04-06T09:48:41","slug":"alain-jaume-terrasses-de-montmirail-gigondas","status":"publish","type":"product","link":"https:\/\/detfranskevinhus.com\/sv\/vare\/alain-jaume-terrasses-de-montmirail-gigondas\/","title":{"rendered":"Alain Jaume &#8220;Terrasses de Montmirail&#8221; Gigondas"},"content":{"rendered":"<p data-start=\"2669\" data-end=\"3098\"><strong data-start=\"2669\" data-end=\"2681\">Ursprung<\/strong><br data-start=\"2681\" data-end=\"2684\" \/>Detta r\u00f6da vin kommer fr\u00e5n Gigondas i s\u00f6dra Rh\u00f4ne i Frankrike, en appellation k\u00e4nd f\u00f6r kraftfulla och karakt\u00e4rsfulla viner med stort djup. Vinet \u00e4r producerat av Alain Jaume, ett familjehus med r\u00f6tter tillbaka till 1826, som arbetar med fokus p\u00e5 terroir, tradition och respekt f\u00f6r naturen. Namnet \u201cTerrasses de Montmirail\u201d syftar p\u00e5 de ber\u00f6mda Dentelles de Montmirail som pr\u00e4glar landskapet och klimatet i omr\u00e5det.<\/p>\n<p data-start=\"3100\" data-end=\"3142\"><strong data-start=\"3100\" data-end=\"3109\">Druva<\/strong><br data-start=\"3109\" data-end=\"3112\" \/>Syrah, Grenache och Mourv\u00e8dre.<\/p>\n<p data-start=\"3144\" data-end=\"3471\"><strong data-start=\"3144\" data-end=\"3152\">Smak<\/strong><br data-start=\"3152\" data-end=\"3155\" \/>Vinet \u00e4r torrt, fylligt och intensivt med en klassisk sydrh\u00f4nsk stil. Smaken bjuder p\u00e5 m\u00f6rka k\u00f6rsb\u00e4r, bj\u00f6rnb\u00e4r, plommon och svarta b\u00e4r, kombinerat med kryddor, peppar och varma medelhavs\u00f6rter. Det har en fast struktur och god koncentration, men ocks\u00e5 en fin balans som g\u00f6r det b\u00e5de kraftfullt och elegant i avslutet.<\/p>\n<p data-start=\"3473\" data-end=\"3709\"><strong data-start=\"3473\" data-end=\"3481\">Arom<\/strong><br data-start=\"3481\" data-end=\"3484\" \/>Doften \u00e4r djup och komplex med toner av m\u00f6rka b\u00e4r, mogna k\u00f6rsb\u00e4r, lakrits, peppar, torkade \u00f6rter och en antydan av garrigue. D\u00e4r finns ocks\u00e5 en l\u00e4tt mineralisk och varm stenig ton som understryker vinets terroir och ursprung.<\/p>\n<p data-start=\"3711\" data-end=\"3723\"><strong data-start=\"3711\" data-end=\"3723\">Karakt\u00e4r<\/strong><\/p>\n<ul data-start=\"3725\" data-end=\"3865\">\n<li data-section-id=\"z2ehjz\" data-start=\"3725\" data-end=\"3743\">Torrhet: Torrt<\/li>\n<li data-section-id=\"eamq0c\" data-start=\"3744\" data-end=\"3765\">S\u00f6tma: Mycket l\u00e5g<\/li>\n<li data-section-id=\"anw4m7\" data-start=\"3766\" data-end=\"3788\">Fyllighet: Fylligt<\/li>\n<li data-section-id=\"11w0mob\" data-start=\"3789\" data-end=\"3819\">Syra: Balanserad och frisk<\/li>\n<li data-section-id=\"1jm7d26\" data-start=\"3820\" data-end=\"3865\">Tanniner: Mogna, fasta och v\u00e4lintegrerade<\/li>\n<\/ul>\n<p data-start=\"3867\" data-end=\"3891\"><strong data-start=\"3867\" data-end=\"3878\">Alkohol<\/strong><br data-start=\"3878\" data-end=\"3881\" \/>14,5% vol.<\/p>\n<p data-start=\"3893\" data-end=\"4223\"><strong data-start=\"3893\" data-end=\"3918\">S\u00e4rskilda k\u00e4nnetecken<\/strong><br data-start=\"3918\" data-end=\"3921\" \/>En klassisk Gigondas med mycket sydrh\u00f4nsk karakt\u00e4r, m\u00f6rk frukt och kryddigt djup. Vinet \u00e4r l\u00e4tt filtrerat och naturlig f\u00e4llning kan d\u00e4rf\u00f6r f\u00f6rekomma. Det f\u00f6renar kraft och struktur med en stramare och mer mineralisk sida, vilket ofta g\u00f6r Gigondas till ett sp\u00e4nnande alternativ till Ch\u00e2teauneuf-du-Pape.<\/p>\n<p data-start=\"4225\" data-end=\"4457\"><strong data-start=\"4225\" data-end=\"4237\">Matmatch<\/strong><br data-start=\"4237\" data-end=\"4240\" \/>Passar s\u00e4rskilt bra till lamm, n\u00f6tk\u00f6tt, vilt, grillade r\u00e4tter och fylliga l\u00e5ngkok. Det fungerar ocks\u00e5 fint till kryddiga medelhavsr\u00e4tter, svampr\u00e4tter och lagrade ostar d\u00e4r vinets djup och kryddiga stil f\u00e5r tr\u00e4da fram.<\/p>\n","protected":false},"excerpt":{"rendered":"<p>Kraftfullt och kryddigt Gigondas med m\u00f6rka b\u00e4r, fasta tanniner och klassiskt sydrh\u00f4nskt djup. Ett elegant Rh\u00f4ne-vin till lamm, vilt och fylliga r\u00e4tter.<\/p>\n","protected":false},"featured_media":1000000032832,"template":"","meta":{"_acf_changed":false,"site-sidebar-layout":"default","site-content-layout":"","ast-site-content-layout":"default","site-content-style":"default","site-sidebar-style":"default","ast-global-header-display":"","ast-banner-title-visibility":"","ast-main-header-display":"","ast-hfb-above-header-display":"","ast-hfb-below-header-display":"","ast-hfb-mobile-header-display":"","site-post-title":"","ast-breadcrumbs-content":"","ast-featured-img":"","footer-sml-layout":"","ast-disable-related-posts":"","theme-transparent-header-meta":"default","adv-header-id-meta":"","stick-header-meta":"default","header-above-stick-meta":"","header-main-stick-meta":"","header-below-stick-meta":"","astra-migrate-meta-layouts":"set","ast-page-background-enabled":"default","ast-page-background-meta":{"desktop":{"background-color":"","background-image":"","background-repeat":"repeat","background-position":"center center","background-size":"auto","background-attachment":"scroll","background-type":"","background-media":"","overlay-type":"","overlay-color":"","overlay-opacity":"","overlay-gradient":""},"tablet":{"background-color":"","background-image":"","background-repeat":"repeat","background-position":"center center","background-size":"auto","background-attachment":"scroll","background-type":"","background-media":"","overlay-type":"","overlay-color":"","overlay-opacity":"","overlay-gradient":""},"mobile":{"background-color":"","background-image":"","background-repeat":"repeat","background-position":"center center","background-size":"auto","background-attachment":"scroll","background-type":"","background-media":"","overlay-type":"","overlay-color":"","overlay-opacity":"","overlay-gradient":""}},"ast-content-background-meta":{"desktop":{"background-color":"var(--ast-global-color-5)","background-image":"","background-repeat":"repeat","background-position":"center center","background-size":"auto","background-attachment":"scroll","background-type":"","background-media":"","overlay-type":"","overlay-color":"","overlay-opacity":"","overlay-gradient":""},"tablet":{"background-color":"var(--ast-global-color-5)","background-image":"","background-repeat":"repeat","background-position":"center center","background-size":"auto","background-attachment":"scroll","background-type":"","background-media":"","overlay-type":"","overlay-color":"","overlay-opacity":"","overlay-gradient":""},"mobile":{"background-color":"var(--ast-global-color-5)","background-image":"","background-repeat":"repeat","background-position":"center center","background-size":"auto","background-attachment":"scroll","background-type":"","background-media":"","overlay-type":"","overlay-color":"","overlay-opacity":"","overlay-gradient":""}}},"product_brand":[],"product_cat":[1424,635,886,367],"product_tag":[],"class_list":{"0":"post-1000000032835","1":"product","2":"type-product","3":"status-publish","4":"has-post-thumbnail","6":"product_cat-frankrike","7":"product_cat-organic-sv","8":"product_cat-rhondalen","9":"product_cat-rott-vin","10":"pa_drue-grenache-sv","11":"pa_drue-mourvedre-sv","12":"pa_drue-syrah-sv","13":"pa_vintype-rott-vin-sv","14":"desktop-align-center","15":"tablet-align-center","16":"mobile-align-center","17":"ast-product-gallery-layout-horizontal","18":"ast-product-tabs-layout-horizontal","19":"ast-qv-on-image-click","21":"first","22":"instock","23":"taxable","24":"shipping-taxable","25":"purchasable","26":"product-type-simple"},"group_of_quantity":0,"min_quantity":0,"max_quantity":"","exclude_order_quantity_value_rules":"no","exclude_category_quantity_rules":"no","combine_variations":"no","acf":[],"yoast_head":"<!-- This site is optimized with the Yoast SEO plugin v27.4 - https:\/\/yoast.com\/product\/yoast-seo-wordpress\/ -->\n<title>Alain Jaume Terrasses de Montmirail Gigondas | Rh\u00f4ne-vin<\/title>\n<meta name=\"description\" content=\"K\u00f6p Alain Jaume Terrasses de Montmirail Gigondas 2021. Kraftfullt Rh\u00f4ne-vin med m\u00f6rka b\u00e4r, krydda och fyllig struktur till lamm och vilt.\" \/>\n<meta name=\"robots\" content=\"index, follow, max-snippet:-1, max-image-preview:large, max-video-preview:-1\" \/>\n<link rel=\"canonical\" href=\"https:\/\/detfranskevinhus.com\/sv\/vare\/alain-jaume-terrasses-de-montmirail-gigondas\/\" \/>\n<meta property=\"og:locale\" content=\"sv_SE\" \/>\n<meta property=\"og:type\" content=\"article\" \/>\n<meta property=\"og:title\" content=\"Alain Jaume Terrasses de Montmirail Gigondas 2021. Kraftfullt Rh\u00f4ne-vin\" \/>\n<meta property=\"og:description\" content=\"Ett fylligt och karakt\u00e4rsfullt Gigondas med m\u00f6rka b\u00e4r, \u00f6rter och fin struktur. Ett starkt val till lamm, vilt, grillat och goda middagar.\" \/>\n<meta property=\"og:url\" content=\"https:\/\/detfranskevinhus.com\/sv\/vare\/alain-jaume-terrasses-de-montmirail-gigondas\/\" \/>\n<meta property=\"og:site_name\" content=\"Det Franske Vinhus\" \/>\n<meta property=\"article:modified_time\" content=\"2026-04-06T09:48:41+00:00\" \/>\n<meta property=\"og:image\" content=\"https:\/\/detfranskevinhus.com\/wp-content\/uploads\/2026\/03\/23-Frankrig-Rhone-Gigondas-Syrah-Grenache-Mourvedre-Roedvin-Alain-Jaume-Terrasses-de-Montmirail-Gigondas.jpeg\" \/>\n\t<meta property=\"og:image:width\" content=\"1080\" \/>\n\t<meta property=\"og:image:height\" content=\"1920\" \/>\n\t<meta property=\"og:image:type\" content=\"image\/jpeg\" \/>\n<meta name=\"twitter:card\" content=\"summary_large_image\" \/>\n<meta name=\"twitter:label1\" content=\"Ber\u00e4knad l\u00e4stid\" \/>\n\t<meta name=\"twitter:data1\" content=\"2 minuter\" \/>\n<script type=\"application\/ld+json\" class=\"yoast-schema-graph\">{\"@context\":\"https:\\\/\\\/schema.org\",\"@graph\":[{\"@type\":\"WebPage\",\"@id\":\"https:\\\/\\\/detfranskevinhus.com\\\/sv\\\/vare\\\/alain-jaume-terrasses-de-montmirail-gigondas\\\/\",\"url\":\"https:\\\/\\\/detfranskevinhus.com\\\/sv\\\/vare\\\/alain-jaume-terrasses-de-montmirail-gigondas\\\/\",\"name\":\"Alain Jaume Terrasses de Montmirail Gigondas | Rh\u00f4ne-vin\",\"isPartOf\":{\"@id\":\"https:\\\/\\\/detfranskevinhus.com\\\/sv\\\/#website\"},\"primaryImageOfPage\":{\"@id\":\"https:\\\/\\\/detfranskevinhus.com\\\/sv\\\/vare\\\/alain-jaume-terrasses-de-montmirail-gigondas\\\/#primaryimage\"},\"image\":{\"@id\":\"https:\\\/\\\/detfranskevinhus.com\\\/sv\\\/vare\\\/alain-jaume-terrasses-de-montmirail-gigondas\\\/#primaryimage\"},\"thumbnailUrl\":\"https:\\\/\\\/detfranskevinhus.com\\\/wp-content\\\/uploads\\\/2026\\\/03\\\/23-Frankrig-Rhone-Gigondas-Syrah-Grenache-Mourvedre-Roedvin-Alain-Jaume-Terrasses-de-Montmirail-Gigondas.jpeg\",\"datePublished\":\"2026-03-26T14:41:03+00:00\",\"dateModified\":\"2026-04-06T09:48:41+00:00\",\"description\":\"K\u00f6p Alain Jaume Terrasses de Montmirail Gigondas 2021. Kraftfullt Rh\u00f4ne-vin med m\u00f6rka b\u00e4r, krydda och fyllig struktur till lamm och vilt.\",\"breadcrumb\":{\"@id\":\"https:\\\/\\\/detfranskevinhus.com\\\/sv\\\/vare\\\/alain-jaume-terrasses-de-montmirail-gigondas\\\/#breadcrumb\"},\"inLanguage\":\"sv-SE\",\"potentialAction\":[{\"@type\":\"ReadAction\",\"target\":[\"https:\\\/\\\/detfranskevinhus.com\\\/sv\\\/vare\\\/alain-jaume-terrasses-de-montmirail-gigondas\\\/\"]}]},{\"@type\":\"ImageObject\",\"inLanguage\":\"sv-SE\",\"@id\":\"https:\\\/\\\/detfranskevinhus.com\\\/sv\\\/vare\\\/alain-jaume-terrasses-de-montmirail-gigondas\\\/#primaryimage\",\"url\":\"https:\\\/\\\/detfranskevinhus.com\\\/wp-content\\\/uploads\\\/2026\\\/03\\\/23-Frankrig-Rhone-Gigondas-Syrah-Grenache-Mourvedre-Roedvin-Alain-Jaume-Terrasses-de-Montmirail-Gigondas.jpeg\",\"contentUrl\":\"https:\\\/\\\/detfranskevinhus.com\\\/wp-content\\\/uploads\\\/2026\\\/03\\\/23-Frankrig-Rhone-Gigondas-Syrah-Grenache-Mourvedre-Roedvin-Alain-Jaume-Terrasses-de-Montmirail-Gigondas.jpeg\",\"width\":1080,\"height\":1920},{\"@type\":\"BreadcrumbList\",\"@id\":\"https:\\\/\\\/detfranskevinhus.com\\\/sv\\\/vare\\\/alain-jaume-terrasses-de-montmirail-gigondas\\\/#breadcrumb\",\"itemListElement\":[{\"@type\":\"ListItem\",\"position\":1,\"name\":\"Shop\",\"item\":\"https:\\\/\\\/detfranskevinhus.com\\\/sv\\\/butik\\\/\"},{\"@type\":\"ListItem\",\"position\":2,\"name\":\"Alain Jaume &#8220;Terrasses de Montmirail&#8221; Gigondas\"}]},{\"@type\":\"WebSite\",\"@id\":\"https:\\\/\\\/detfranskevinhus.com\\\/sv\\\/#website\",\"url\":\"https:\\\/\\\/detfranskevinhus.com\\\/sv\\\/\",\"name\":\"Det Franske Vinhus\",\"description\":\"\",\"publisher\":{\"@id\":\"https:\\\/\\\/detfranskevinhus.com\\\/sv\\\/#organization\"},\"potentialAction\":[{\"@type\":\"SearchAction\",\"target\":{\"@type\":\"EntryPoint\",\"urlTemplate\":\"https:\\\/\\\/detfranskevinhus.com\\\/sv\\\/?s={search_term_string}\"},\"query-input\":{\"@type\":\"PropertyValueSpecification\",\"valueRequired\":true,\"valueName\":\"search_term_string\"}}],\"inLanguage\":\"sv-SE\"},{\"@type\":\"Organization\",\"@id\":\"https:\\\/\\\/detfranskevinhus.com\\\/sv\\\/#organization\",\"name\":\"Det Franske Vinhus\",\"url\":\"https:\\\/\\\/detfranskevinhus.com\\\/sv\\\/\",\"logo\":{\"@type\":\"ImageObject\",\"inLanguage\":\"sv-SE\",\"@id\":\"https:\\\/\\\/detfranskevinhus.com\\\/sv\\\/#\\\/schema\\\/logo\\\/image\\\/\",\"url\":\"https:\\\/\\\/detfranskevinhus.com\\\/wp-content\\\/uploads\\\/2023\\\/07\\\/01_DFV_Logo_www_01-02-copy.jpg\",\"contentUrl\":\"https:\\\/\\\/detfranskevinhus.com\\\/wp-content\\\/uploads\\\/2023\\\/07\\\/01_DFV_Logo_www_01-02-copy.jpg\",\"width\":992,\"height\":482,\"caption\":\"Det Franske Vinhus\"},\"image\":{\"@id\":\"https:\\\/\\\/detfranskevinhus.com\\\/sv\\\/#\\\/schema\\\/logo\\\/image\\\/\"}}]}<\/script>\n<!-- \/ Yoast SEO plugin. -->","yoast_head_json":{"title":"Alain Jaume Terrasses de Montmirail Gigondas | Rh\u00f4ne-vin","description":"K\u00f6p Alain Jaume Terrasses de Montmirail Gigondas 2021. Kraftfullt Rh\u00f4ne-vin med m\u00f6rka b\u00e4r, krydda och fyllig struktur till lamm och vilt.","robots":{"index":"index","follow":"follow","max-snippet":"max-snippet:-1","max-image-preview":"max-image-preview:large","max-video-preview":"max-video-preview:-1"},"canonical":"https:\/\/detfranskevinhus.com\/sv\/vare\/alain-jaume-terrasses-de-montmirail-gigondas\/","og_locale":"sv_SE","og_type":"article","og_title":"Alain Jaume Terrasses de Montmirail Gigondas 2021. Kraftfullt Rh\u00f4ne-vin","og_description":"Ett fylligt och karakt\u00e4rsfullt Gigondas med m\u00f6rka b\u00e4r, \u00f6rter och fin struktur. Ett starkt val till lamm, vilt, grillat och goda middagar.","og_url":"https:\/\/detfranskevinhus.com\/sv\/vare\/alain-jaume-terrasses-de-montmirail-gigondas\/","og_site_name":"Det Franske Vinhus","article_modified_time":"2026-04-06T09:48:41+00:00","og_image":[{"width":1080,"height":1920,"url":"https:\/\/detfranskevinhus.com\/wp-content\/uploads\/2026\/03\/23-Frankrig-Rhone-Gigondas-Syrah-Grenache-Mourvedre-Roedvin-Alain-Jaume-Terrasses-de-Montmirail-Gigondas.jpeg","type":"image\/jpeg"}],"twitter_card":"summary_large_image","twitter_misc":{"Ber\u00e4knad l\u00e4stid":"2 minuter"},"schema":{"@context":"https:\/\/schema.org","@graph":[{"@type":"WebPage","@id":"https:\/\/detfranskevinhus.com\/sv\/vare\/alain-jaume-terrasses-de-montmirail-gigondas\/","url":"https:\/\/detfranskevinhus.com\/sv\/vare\/alain-jaume-terrasses-de-montmirail-gigondas\/","name":"Alain Jaume Terrasses de Montmirail Gigondas | Rh\u00f4ne-vin","isPartOf":{"@id":"https:\/\/detfranskevinhus.com\/sv\/#website"},"primaryImageOfPage":{"@id":"https:\/\/detfranskevinhus.com\/sv\/vare\/alain-jaume-terrasses-de-montmirail-gigondas\/#primaryimage"},"image":{"@id":"https:\/\/detfranskevinhus.com\/sv\/vare\/alain-jaume-terrasses-de-montmirail-gigondas\/#primaryimage"},"thumbnailUrl":"https:\/\/detfranskevinhus.com\/wp-content\/uploads\/2026\/03\/23-Frankrig-Rhone-Gigondas-Syrah-Grenache-Mourvedre-Roedvin-Alain-Jaume-Terrasses-de-Montmirail-Gigondas.jpeg","datePublished":"2026-03-26T14:41:03+00:00","dateModified":"2026-04-06T09:48:41+00:00","description":"K\u00f6p Alain Jaume Terrasses de Montmirail Gigondas 2021. Kraftfullt Rh\u00f4ne-vin med m\u00f6rka b\u00e4r, krydda och fyllig struktur till lamm och vilt.","breadcrumb":{"@id":"https:\/\/detfranskevinhus.com\/sv\/vare\/alain-jaume-terrasses-de-montmirail-gigondas\/#breadcrumb"},"inLanguage":"sv-SE","potentialAction":[{"@type":"ReadAction","target":["https:\/\/detfranskevinhus.com\/sv\/vare\/alain-jaume-terrasses-de-montmirail-gigondas\/"]}]},{"@type":"ImageObject","inLanguage":"sv-SE","@id":"https:\/\/detfranskevinhus.com\/sv\/vare\/alain-jaume-terrasses-de-montmirail-gigondas\/#primaryimage","url":"https:\/\/detfranskevinhus.com\/wp-content\/uploads\/2026\/03\/23-Frankrig-Rhone-Gigondas-Syrah-Grenache-Mourvedre-Roedvin-Alain-Jaume-Terrasses-de-Montmirail-Gigondas.jpeg","contentUrl":"https:\/\/detfranskevinhus.com\/wp-content\/uploads\/2026\/03\/23-Frankrig-Rhone-Gigondas-Syrah-Grenache-Mourvedre-Roedvin-Alain-Jaume-Terrasses-de-Montmirail-Gigondas.jpeg","width":1080,"height":1920},{"@type":"BreadcrumbList","@id":"https:\/\/detfranskevinhus.com\/sv\/vare\/alain-jaume-terrasses-de-montmirail-gigondas\/#breadcrumb","itemListElement":[{"@type":"ListItem","position":1,"name":"Shop","item":"https:\/\/detfranskevinhus.com\/sv\/butik\/"},{"@type":"ListItem","position":2,"name":"Alain Jaume &#8220;Terrasses de Montmirail&#8221; Gigondas"}]},{"@type":"WebSite","@id":"https:\/\/detfranskevinhus.com\/sv\/#website","url":"https:\/\/detfranskevinhus.com\/sv\/","name":"Det Franske Vinhus","description":"","publisher":{"@id":"https:\/\/detfranskevinhus.com\/sv\/#organization"},"potentialAction":[{"@type":"SearchAction","target":{"@type":"EntryPoint","urlTemplate":"https:\/\/detfranskevinhus.com\/sv\/?s={search_term_string}"},"query-input":{"@type":"PropertyValueSpecification","valueRequired":true,"valueName":"search_term_string"}}],"inLanguage":"sv-SE"},{"@type":"Organization","@id":"https:\/\/detfranskevinhus.com\/sv\/#organization","name":"Det Franske Vinhus","url":"https:\/\/detfranskevinhus.com\/sv\/","logo":{"@type":"ImageObject","inLanguage":"sv-SE","@id":"https:\/\/detfranskevinhus.com\/sv\/#\/schema\/logo\/image\/","url":"https:\/\/detfranskevinhus.com\/wp-content\/uploads\/2023\/07\/01_DFV_Logo_www_01-02-copy.jpg","contentUrl":"https:\/\/detfranskevinhus.com\/wp-content\/uploads\/2023\/07\/01_DFV_Logo_www_01-02-copy.jpg","width":992,"height":482,"caption":"Det Franske Vinhus"},"image":{"@id":"https:\/\/detfranskevinhus.com\/sv\/#\/schema\/logo\/image\/"}}]}},"_links":{"self":[{"href":"https:\/\/detfranskevinhus.com\/sv\/wp-json\/wp\/v2\/product\/1000000032835","targetHints":{"allow":["GET"]}}],"collection":[{"href":"https:\/\/detfranskevinhus.com\/sv\/wp-json\/wp\/v2\/product"}],"about":[{"href":"https:\/\/detfranskevinhus.com\/sv\/wp-json\/wp\/v2\/types\/product"}],"version-history":[{"count":4,"href":"https:\/\/detfranskevinhus.com\/sv\/wp-json\/wp\/v2\/product\/1000000032835\/revisions"}],"predecessor-version":[{"id":1000000033022,"href":"https:\/\/detfranskevinhus.com\/sv\/wp-json\/wp\/v2\/product\/1000000032835\/revisions\/1000000033022"}],"wp:featuredmedia":[{"embeddable":true,"href":"https:\/\/detfranskevinhus.com\/sv\/wp-json\/wp\/v2\/media\/1000000032832"}],"wp:attachment":[{"href":"https:\/\/detfranskevinhus.com\/sv\/wp-json\/wp\/v2\/media?parent=1000000032835"}],"wp:term":[{"taxonomy":"product_brand","embeddable":true,"href":"https:\/\/detfranskevinhus.com\/sv\/wp-json\/wp\/v2\/product_brand?post=1000000032835"},{"taxonomy":"product_cat","embeddable":true,"href":"https:\/\/detfranskevinhus.com\/sv\/wp-json\/wp\/v2\/product_cat?post=1000000032835"},{"taxonomy":"product_tag","embeddable":true,"href":"https:\/\/detfranskevinhus.com\/sv\/wp-json\/wp\/v2\/product_tag?post=1000000032835"}],"curies":[{"name":"wp","href":"https:\/\/api.w.org\/{rel}","templated":true}]}}