{"id":1000000032780,"date":"2026-03-24T12:35:11","date_gmt":"2026-03-24T11:35:11","guid":{"rendered":"https:\/\/detfranskevinhus.com\/?post_type=product&#038;p=1000000032780"},"modified":"2026-04-06T11:51:10","modified_gmt":"2026-04-06T09:51:10","slug":"franck-millet-sancerre-rose-loire","status":"publish","type":"product","link":"https:\/\/detfranskevinhus.com\/sv\/vare\/franck-millet-sancerre-rose-loire\/","title":{"rendered":"Franck Millet Sancerre Ros\u00e9 Loire"},"content":{"rendered":"<p data-start=\"2155\" data-end=\"2418\"><strong data-start=\"2155\" data-end=\"2167\">Ursprung<\/strong><br data-start=\"2167\" data-end=\"2170\" \/>Franck Millet Sancerre ros\u00e9vin kommer fr\u00e5n Sancerre i Loiredalen i Frankrike, ett omr\u00e5de k\u00e4nt f\u00f6r eleganta och friska viner med tydlig terroirkarakt\u00e4r. Vinet \u00e4r producerat och buteljerat av Franck Millet i Bu\u00e9, en av de klassiska byarna inom Sancerre-appellationen.<\/p>\n<p data-start=\"2420\" data-end=\"2448\"><strong data-start=\"2420\" data-end=\"2429\">Druva<\/strong><br data-start=\"2429\" data-end=\"2432\" \/>100% Pinot Noir.<\/p>\n<p data-start=\"2450\" data-end=\"2720\"><strong data-start=\"2450\" data-end=\"2458\">Smak<\/strong><br data-start=\"2458\" data-end=\"2461\" \/>Vinet \u00e4r torrt, friskt och elegant med fin balans mellan saftig frukt och livlig syra. Smaken bjuder p\u00e5 toner av r\u00f6da b\u00e4r, s\u00e4rskilt jordgubbar, hallon och en l\u00e4tt nyans av k\u00f6rsb\u00e4r. Det framst\u00e5r rent, precist och matv\u00e4nligt med ett friskt, aptitretande avslut.<\/p>\n<p data-start=\"2722\" data-end=\"2897\"><strong data-start=\"2722\" data-end=\"2730\">Arom<\/strong><br data-start=\"2730\" data-end=\"2733\" \/>Doften \u00e4r frisk och delikat med nyanser av r\u00f6da sommarb\u00e4r, blommor och ett l\u00e4tt kryddigt inslag. Pinot Noir-druvan ger ros\u00e9vinet ett elegant och raffinerat uttryck.<\/p>\n<p data-start=\"2899\" data-end=\"2911\"><strong data-start=\"2899\" data-end=\"2911\">Karakt\u00e4r<\/strong><\/p>\n<ul data-start=\"2913\" data-end=\"3010\">\n<li data-section-id=\"688c0v\" data-start=\"2913\" data-end=\"2929\">Torrhet: Torrt<\/li>\n<li data-section-id=\"16zw10s\" data-start=\"2930\" data-end=\"2949\">S\u00f6tma: Mycket l\u00e5g<\/li>\n<li data-section-id=\"zaci27\" data-start=\"2950\" data-end=\"2985\">Fyllighet: L\u00e4tt till medelfylligt<\/li>\n<li data-section-id=\"9ly5nf\" data-start=\"2986\" data-end=\"3010\">Syra: Frisk och livlig<\/li>\n<\/ul>\n<p data-start=\"3012\" data-end=\"3036\"><strong data-start=\"3012\" data-end=\"3023\">Alkohol<\/strong><br data-start=\"3023\" data-end=\"3026\" \/>12,5% vol.<\/p>\n<p data-start=\"3038\" data-end=\"3271\"><strong data-start=\"3038\" data-end=\"3063\">S\u00e4rskilda k\u00e4nnetecken<\/strong><br data-start=\"3063\" data-end=\"3066\" \/>En klassisk Sancerre Ros\u00e9 p\u00e5 Pinot Noir med friskhet, finess och fin matv\u00e4nlighet. Stilen \u00e4r stramare och mer elegant \u00e4n m\u00e5nga sydfranska ros\u00e9viner, vilket g\u00f6r den l\u00e4mplig b\u00e5de som terrassvin och till mat.<\/p>\n<p data-start=\"3273\" data-end=\"3489\"><strong data-start=\"3273\" data-end=\"3285\">Matmatch<\/strong><br data-start=\"3285\" data-end=\"3288\" \/>Passar bra till kryddiga r\u00e4tter, grillat, charkuterier och l\u00e4tta sommarr\u00e4tter. Det fungerar ocks\u00e5 fint till sallader, ljust k\u00f6tt och serveringar d\u00e4r en frisk ros\u00e9 g\u00e4rna f\u00e5r vara pigg utan att bli vass.<\/p>\n","protected":false},"excerpt":{"rendered":"<p>Elegant Sancerre Ros\u00e9 p\u00e5 Pinot Noir med r\u00f6da b\u00e4r, friskhet och fin balans. Ett torrt ros\u00e9vin till grillat, charkuterier, sallader och kryddiga r\u00e4tter.<\/p>\n","protected":false},"featured_media":1000000032778,"template":"","meta":{"_acf_changed":false,"site-sidebar-layout":"default","site-content-layout":"","ast-site-content-layout":"default","site-content-style":"default","site-sidebar-style":"default","ast-global-header-display":"","ast-banner-title-visibility":"","ast-main-header-display":"","ast-hfb-above-header-display":"","ast-hfb-below-header-display":"","ast-hfb-mobile-header-display":"","site-post-title":"","ast-breadcrumbs-content":"","ast-featured-img":"","footer-sml-layout":"","ast-disable-related-posts":"","theme-transparent-header-meta":"default","adv-header-id-meta":"","stick-header-meta":"default","header-above-stick-meta":"","header-main-stick-meta":"","header-below-stick-meta":"","astra-migrate-meta-layouts":"set","ast-page-background-enabled":"default","ast-page-background-meta":{"desktop":{"background-color":"","background-image":"","background-repeat":"repeat","background-position":"center center","background-size":"auto","background-attachment":"scroll","background-type":"","background-media":"","overlay-type":"","overlay-color":"","overlay-opacity":"","overlay-gradient":""},"tablet":{"background-color":"","background-image":"","background-repeat":"repeat","background-position":"center center","background-size":"auto","background-attachment":"scroll","background-type":"","background-media":"","overlay-type":"","overlay-color":"","overlay-opacity":"","overlay-gradient":""},"mobile":{"background-color":"","background-image":"","background-repeat":"repeat","background-position":"center center","background-size":"auto","background-attachment":"scroll","background-type":"","background-media":"","overlay-type":"","overlay-color":"","overlay-opacity":"","overlay-gradient":""}},"ast-content-background-meta":{"desktop":{"background-color":"var(--ast-global-color-5)","background-image":"","background-repeat":"repeat","background-position":"center center","background-size":"auto","background-attachment":"scroll","background-type":"","background-media":"","overlay-type":"","overlay-color":"","overlay-opacity":"","overlay-gradient":""},"tablet":{"background-color":"var(--ast-global-color-5)","background-image":"","background-repeat":"repeat","background-position":"center center","background-size":"auto","background-attachment":"scroll","background-type":"","background-media":"","overlay-type":"","overlay-color":"","overlay-opacity":"","overlay-gradient":""},"mobile":{"background-color":"var(--ast-global-color-5)","background-image":"","background-repeat":"repeat","background-position":"center center","background-size":"auto","background-attachment":"scroll","background-type":"","background-media":"","overlay-type":"","overlay-color":"","overlay-opacity":"","overlay-gradient":""}}},"product_brand":[],"product_cat":[1424,906,209],"product_tag":[],"class_list":{"0":"post-1000000032780","1":"product","2":"type-product","3":"status-publish","4":"has-post-thumbnail","6":"product_cat-frankrike","7":"product_cat-loiredalen-sv","8":"product_cat-rose-sv","9":"pa_drue-pinot-noir-sv","10":"pa_vintype-rose-sv","11":"desktop-align-center","12":"tablet-align-center","13":"mobile-align-center","14":"ast-product-gallery-layout-horizontal","15":"ast-product-tabs-layout-horizontal","16":"ast-qv-on-image-click","18":"first","19":"instock","20":"taxable","21":"shipping-taxable","22":"purchasable","23":"product-type-simple"},"group_of_quantity":0,"min_quantity":0,"max_quantity":"","exclude_order_quantity_value_rules":"no","exclude_category_quantity_rules":"no","combine_variations":"no","acf":[],"yoast_head":"<!-- This site is optimized with the Yoast SEO plugin v27.5 - https:\/\/yoast.com\/product\/yoast-seo-wordpress\/ -->\n<title>Franck Millet Sancerre Ros\u00e9 Loire | Elegant ros\u00e9 fr\u00e5n Loire<\/title>\n<meta name=\"description\" content=\"K\u00f6p Franck Millet Sancerre Ros\u00e9 Loire. Elegant ros\u00e9 fr\u00e5n Loire p\u00e5 Pinot Noir med r\u00f6da b\u00e4r och frisk syra. Perfekt till grillat, charkuterier och kryddiga r\u00e4tter.\" \/>\n<meta name=\"robots\" content=\"index, follow, max-snippet:-1, max-image-preview:large, max-video-preview:-1\" \/>\n<link rel=\"canonical\" href=\"https:\/\/detfranskevinhus.com\/sv\/vare\/franck-millet-sancerre-rose-loire\/\" \/>\n<meta property=\"og:locale\" content=\"sv_SE\" \/>\n<meta property=\"og:type\" content=\"article\" \/>\n<meta property=\"og:title\" content=\"Franck Millet Sancerre Ros\u00e9 2023. Elegant och frisk ros\u00e9 fr\u00e5n Loire\" \/>\n<meta property=\"og:description\" content=\"En raffinerad ros\u00e9 fr\u00e5n Sancerre med r\u00f6da b\u00e4r, livlig syra och klassisk Loire-friskhet. Ett utm\u00e4rkt val till sommarr\u00e4tter, grillat och trevliga glas i solen.\" \/>\n<meta property=\"og:url\" content=\"https:\/\/detfranskevinhus.com\/sv\/vare\/franck-millet-sancerre-rose-loire\/\" \/>\n<meta property=\"og:site_name\" content=\"Det Franske Vinhus\" \/>\n<meta property=\"article:modified_time\" content=\"2026-04-06T09:51:10+00:00\" \/>\n<meta property=\"og:image\" content=\"https:\/\/detfranskevinhus.com\/wp-content\/uploads\/2026\/03\/14-Frankrig-Loire-Sancerre-Pinot-Noir-Rose-Franck-Millet-Sancerre-Rose-Loire.jpeg\" \/>\n\t<meta property=\"og:image:width\" content=\"1080\" \/>\n\t<meta property=\"og:image:height\" content=\"1920\" \/>\n\t<meta property=\"og:image:type\" content=\"image\/jpeg\" \/>\n<meta name=\"twitter:card\" content=\"summary_large_image\" \/>\n<meta name=\"twitter:label1\" content=\"Ber\u00e4knad l\u00e4stid\" \/>\n\t<meta name=\"twitter:data1\" content=\"2 minuter\" \/>\n<script type=\"application\/ld+json\" class=\"yoast-schema-graph\">{\"@context\":\"https:\\\/\\\/schema.org\",\"@graph\":[{\"@type\":\"WebPage\",\"@id\":\"https:\\\/\\\/detfranskevinhus.com\\\/sv\\\/vare\\\/franck-millet-sancerre-rose-loire\\\/\",\"url\":\"https:\\\/\\\/detfranskevinhus.com\\\/sv\\\/vare\\\/franck-millet-sancerre-rose-loire\\\/\",\"name\":\"Franck Millet Sancerre Ros\u00e9 Loire | Elegant ros\u00e9 fr\u00e5n Loire\",\"isPartOf\":{\"@id\":\"https:\\\/\\\/detfranskevinhus.com\\\/sv\\\/#website\"},\"primaryImageOfPage\":{\"@id\":\"https:\\\/\\\/detfranskevinhus.com\\\/sv\\\/vare\\\/franck-millet-sancerre-rose-loire\\\/#primaryimage\"},\"image\":{\"@id\":\"https:\\\/\\\/detfranskevinhus.com\\\/sv\\\/vare\\\/franck-millet-sancerre-rose-loire\\\/#primaryimage\"},\"thumbnailUrl\":\"https:\\\/\\\/detfranskevinhus.com\\\/wp-content\\\/uploads\\\/2026\\\/03\\\/14-Frankrig-Loire-Sancerre-Pinot-Noir-Rose-Franck-Millet-Sancerre-Rose-Loire.jpeg\",\"datePublished\":\"2026-03-24T11:35:11+00:00\",\"dateModified\":\"2026-04-06T09:51:10+00:00\",\"description\":\"K\u00f6p Franck Millet Sancerre Ros\u00e9 Loire. Elegant ros\u00e9 fr\u00e5n Loire p\u00e5 Pinot Noir med r\u00f6da b\u00e4r och frisk syra. Perfekt till grillat, charkuterier och kryddiga r\u00e4tter.\",\"breadcrumb\":{\"@id\":\"https:\\\/\\\/detfranskevinhus.com\\\/sv\\\/vare\\\/franck-millet-sancerre-rose-loire\\\/#breadcrumb\"},\"inLanguage\":\"sv-SE\",\"potentialAction\":[{\"@type\":\"ReadAction\",\"target\":[\"https:\\\/\\\/detfranskevinhus.com\\\/sv\\\/vare\\\/franck-millet-sancerre-rose-loire\\\/\"]}]},{\"@type\":\"ImageObject\",\"inLanguage\":\"sv-SE\",\"@id\":\"https:\\\/\\\/detfranskevinhus.com\\\/sv\\\/vare\\\/franck-millet-sancerre-rose-loire\\\/#primaryimage\",\"url\":\"https:\\\/\\\/detfranskevinhus.com\\\/wp-content\\\/uploads\\\/2026\\\/03\\\/14-Frankrig-Loire-Sancerre-Pinot-Noir-Rose-Franck-Millet-Sancerre-Rose-Loire.jpeg\",\"contentUrl\":\"https:\\\/\\\/detfranskevinhus.com\\\/wp-content\\\/uploads\\\/2026\\\/03\\\/14-Frankrig-Loire-Sancerre-Pinot-Noir-Rose-Franck-Millet-Sancerre-Rose-Loire.jpeg\",\"width\":1080,\"height\":1920,\"caption\":\"Frankrig Loire Sancerre Pinot Noir Ros\u00e9 Franck Millet Sancerre Ros\u00e9 Loire\"},{\"@type\":\"BreadcrumbList\",\"@id\":\"https:\\\/\\\/detfranskevinhus.com\\\/sv\\\/vare\\\/franck-millet-sancerre-rose-loire\\\/#breadcrumb\",\"itemListElement\":[{\"@type\":\"ListItem\",\"position\":1,\"name\":\"Shop\",\"item\":\"https:\\\/\\\/detfranskevinhus.com\\\/sv\\\/butik\\\/\"},{\"@type\":\"ListItem\",\"position\":2,\"name\":\"Franck Millet Sancerre Ros\u00e9 Loire\"}]},{\"@type\":\"WebSite\",\"@id\":\"https:\\\/\\\/detfranskevinhus.com\\\/sv\\\/#website\",\"url\":\"https:\\\/\\\/detfranskevinhus.com\\\/sv\\\/\",\"name\":\"Det Franske Vinhus\",\"description\":\"\",\"publisher\":{\"@id\":\"https:\\\/\\\/detfranskevinhus.com\\\/sv\\\/#organization\"},\"potentialAction\":[{\"@type\":\"SearchAction\",\"target\":{\"@type\":\"EntryPoint\",\"urlTemplate\":\"https:\\\/\\\/detfranskevinhus.com\\\/sv\\\/?s={search_term_string}\"},\"query-input\":{\"@type\":\"PropertyValueSpecification\",\"valueRequired\":true,\"valueName\":\"search_term_string\"}}],\"inLanguage\":\"sv-SE\"},{\"@type\":\"Organization\",\"@id\":\"https:\\\/\\\/detfranskevinhus.com\\\/sv\\\/#organization\",\"name\":\"Det Franske Vinhus\",\"url\":\"https:\\\/\\\/detfranskevinhus.com\\\/sv\\\/\",\"logo\":{\"@type\":\"ImageObject\",\"inLanguage\":\"sv-SE\",\"@id\":\"https:\\\/\\\/detfranskevinhus.com\\\/sv\\\/#\\\/schema\\\/logo\\\/image\\\/\",\"url\":\"https:\\\/\\\/detfranskevinhus.com\\\/wp-content\\\/uploads\\\/2023\\\/07\\\/01_DFV_Logo_www_01-02-copy.jpg\",\"contentUrl\":\"https:\\\/\\\/detfranskevinhus.com\\\/wp-content\\\/uploads\\\/2023\\\/07\\\/01_DFV_Logo_www_01-02-copy.jpg\",\"width\":992,\"height\":482,\"caption\":\"Det Franske Vinhus\"},\"image\":{\"@id\":\"https:\\\/\\\/detfranskevinhus.com\\\/sv\\\/#\\\/schema\\\/logo\\\/image\\\/\"}}]}<\/script>\n<!-- \/ Yoast SEO plugin. -->","yoast_head_json":{"title":"Franck Millet Sancerre Ros\u00e9 Loire | Elegant ros\u00e9 fr\u00e5n Loire","description":"K\u00f6p Franck Millet Sancerre Ros\u00e9 Loire. Elegant ros\u00e9 fr\u00e5n Loire p\u00e5 Pinot Noir med r\u00f6da b\u00e4r och frisk syra. Perfekt till grillat, charkuterier och kryddiga r\u00e4tter.","robots":{"index":"index","follow":"follow","max-snippet":"max-snippet:-1","max-image-preview":"max-image-preview:large","max-video-preview":"max-video-preview:-1"},"canonical":"https:\/\/detfranskevinhus.com\/sv\/vare\/franck-millet-sancerre-rose-loire\/","og_locale":"sv_SE","og_type":"article","og_title":"Franck Millet Sancerre Ros\u00e9 2023. Elegant och frisk ros\u00e9 fr\u00e5n Loire","og_description":"En raffinerad ros\u00e9 fr\u00e5n Sancerre med r\u00f6da b\u00e4r, livlig syra och klassisk Loire-friskhet. Ett utm\u00e4rkt val till sommarr\u00e4tter, grillat och trevliga glas i solen.","og_url":"https:\/\/detfranskevinhus.com\/sv\/vare\/franck-millet-sancerre-rose-loire\/","og_site_name":"Det Franske Vinhus","article_modified_time":"2026-04-06T09:51:10+00:00","og_image":[{"width":1080,"height":1920,"url":"https:\/\/detfranskevinhus.com\/wp-content\/uploads\/2026\/03\/14-Frankrig-Loire-Sancerre-Pinot-Noir-Rose-Franck-Millet-Sancerre-Rose-Loire.jpeg","type":"image\/jpeg"}],"twitter_card":"summary_large_image","twitter_misc":{"Ber\u00e4knad l\u00e4stid":"2 minuter"},"schema":{"@context":"https:\/\/schema.org","@graph":[{"@type":"WebPage","@id":"https:\/\/detfranskevinhus.com\/sv\/vare\/franck-millet-sancerre-rose-loire\/","url":"https:\/\/detfranskevinhus.com\/sv\/vare\/franck-millet-sancerre-rose-loire\/","name":"Franck Millet Sancerre Ros\u00e9 Loire | Elegant ros\u00e9 fr\u00e5n Loire","isPartOf":{"@id":"https:\/\/detfranskevinhus.com\/sv\/#website"},"primaryImageOfPage":{"@id":"https:\/\/detfranskevinhus.com\/sv\/vare\/franck-millet-sancerre-rose-loire\/#primaryimage"},"image":{"@id":"https:\/\/detfranskevinhus.com\/sv\/vare\/franck-millet-sancerre-rose-loire\/#primaryimage"},"thumbnailUrl":"https:\/\/detfranskevinhus.com\/wp-content\/uploads\/2026\/03\/14-Frankrig-Loire-Sancerre-Pinot-Noir-Rose-Franck-Millet-Sancerre-Rose-Loire.jpeg","datePublished":"2026-03-24T11:35:11+00:00","dateModified":"2026-04-06T09:51:10+00:00","description":"K\u00f6p Franck Millet Sancerre Ros\u00e9 Loire. Elegant ros\u00e9 fr\u00e5n Loire p\u00e5 Pinot Noir med r\u00f6da b\u00e4r och frisk syra. Perfekt till grillat, charkuterier och kryddiga r\u00e4tter.","breadcrumb":{"@id":"https:\/\/detfranskevinhus.com\/sv\/vare\/franck-millet-sancerre-rose-loire\/#breadcrumb"},"inLanguage":"sv-SE","potentialAction":[{"@type":"ReadAction","target":["https:\/\/detfranskevinhus.com\/sv\/vare\/franck-millet-sancerre-rose-loire\/"]}]},{"@type":"ImageObject","inLanguage":"sv-SE","@id":"https:\/\/detfranskevinhus.com\/sv\/vare\/franck-millet-sancerre-rose-loire\/#primaryimage","url":"https:\/\/detfranskevinhus.com\/wp-content\/uploads\/2026\/03\/14-Frankrig-Loire-Sancerre-Pinot-Noir-Rose-Franck-Millet-Sancerre-Rose-Loire.jpeg","contentUrl":"https:\/\/detfranskevinhus.com\/wp-content\/uploads\/2026\/03\/14-Frankrig-Loire-Sancerre-Pinot-Noir-Rose-Franck-Millet-Sancerre-Rose-Loire.jpeg","width":1080,"height":1920,"caption":"Frankrig Loire Sancerre Pinot Noir Ros\u00e9 Franck Millet Sancerre Ros\u00e9 Loire"},{"@type":"BreadcrumbList","@id":"https:\/\/detfranskevinhus.com\/sv\/vare\/franck-millet-sancerre-rose-loire\/#breadcrumb","itemListElement":[{"@type":"ListItem","position":1,"name":"Shop","item":"https:\/\/detfranskevinhus.com\/sv\/butik\/"},{"@type":"ListItem","position":2,"name":"Franck Millet Sancerre Ros\u00e9 Loire"}]},{"@type":"WebSite","@id":"https:\/\/detfranskevinhus.com\/sv\/#website","url":"https:\/\/detfranskevinhus.com\/sv\/","name":"Det Franske Vinhus","description":"","publisher":{"@id":"https:\/\/detfranskevinhus.com\/sv\/#organization"},"potentialAction":[{"@type":"SearchAction","target":{"@type":"EntryPoint","urlTemplate":"https:\/\/detfranskevinhus.com\/sv\/?s={search_term_string}"},"query-input":{"@type":"PropertyValueSpecification","valueRequired":true,"valueName":"search_term_string"}}],"inLanguage":"sv-SE"},{"@type":"Organization","@id":"https:\/\/detfranskevinhus.com\/sv\/#organization","name":"Det Franske Vinhus","url":"https:\/\/detfranskevinhus.com\/sv\/","logo":{"@type":"ImageObject","inLanguage":"sv-SE","@id":"https:\/\/detfranskevinhus.com\/sv\/#\/schema\/logo\/image\/","url":"https:\/\/detfranskevinhus.com\/wp-content\/uploads\/2023\/07\/01_DFV_Logo_www_01-02-copy.jpg","contentUrl":"https:\/\/detfranskevinhus.com\/wp-content\/uploads\/2023\/07\/01_DFV_Logo_www_01-02-copy.jpg","width":992,"height":482,"caption":"Det Franske Vinhus"},"image":{"@id":"https:\/\/detfranskevinhus.com\/sv\/#\/schema\/logo\/image\/"}}]}},"_links":{"self":[{"href":"https:\/\/detfranskevinhus.com\/sv\/wp-json\/wp\/v2\/product\/1000000032780","targetHints":{"allow":["GET"]}}],"collection":[{"href":"https:\/\/detfranskevinhus.com\/sv\/wp-json\/wp\/v2\/product"}],"about":[{"href":"https:\/\/detfranskevinhus.com\/sv\/wp-json\/wp\/v2\/types\/product"}],"version-history":[{"count":4,"href":"https:\/\/detfranskevinhus.com\/sv\/wp-json\/wp\/v2\/product\/1000000032780\/revisions"}],"predecessor-version":[{"id":1000000032993,"href":"https:\/\/detfranskevinhus.com\/sv\/wp-json\/wp\/v2\/product\/1000000032780\/revisions\/1000000032993"}],"wp:featuredmedia":[{"embeddable":true,"href":"https:\/\/detfranskevinhus.com\/sv\/wp-json\/wp\/v2\/media\/1000000032778"}],"wp:attachment":[{"href":"https:\/\/detfranskevinhus.com\/sv\/wp-json\/wp\/v2\/media?parent=1000000032780"}],"wp:term":[{"taxonomy":"product_brand","embeddable":true,"href":"https:\/\/detfranskevinhus.com\/sv\/wp-json\/wp\/v2\/product_brand?post=1000000032780"},{"taxonomy":"product_cat","embeddable":true,"href":"https:\/\/detfranskevinhus.com\/sv\/wp-json\/wp\/v2\/product_cat?post=1000000032780"},{"taxonomy":"product_tag","embeddable":true,"href":"https:\/\/detfranskevinhus.com\/sv\/wp-json\/wp\/v2\/product_tag?post=1000000032780"}],"curies":[{"name":"wp","href":"https:\/\/api.w.org\/{rel}","templated":true}]}}