{"id":1000000032735,"date":"2026-03-24T10:55:35","date_gmt":"2026-03-24T09:55:35","guid":{"rendered":"https:\/\/detfranskevinhus.com\/?post_type=product&#038;p=1000000032735"},"modified":"2026-04-06T11:53:21","modified_gmt":"2026-04-06T09:53:21","slug":"paul-schneider-cremant-dalsace-brut","status":"publish","type":"product","link":"https:\/\/detfranskevinhus.com\/sv\/vare\/paul-schneider-cremant-dalsace-brut\/","title":{"rendered":"Paul Schneider Cremant d&#8217;Alsace Brut"},"content":{"rendered":"<p data-start=\"2306\" data-end=\"2581\"><strong data-start=\"2306\" data-end=\"2318\">Ursprung<\/strong><br data-start=\"2318\" data-end=\"2321\" \/>Denna Cr\u00e9mant d\u2019Alsace kommer fr\u00e5n Alsace i nord\u00f6stra Frankrike, ett omr\u00e5de k\u00e4nt f\u00f6r eleganta mousserande viner med friskhet, finess och fin renhet. Vinet \u00e4r producerat av Domaine Paul Schneider i Eguisheim och \u00e4r gjort p\u00e5 Chardonnay och Pinot Blanc Auxerrois.<\/p>\n<p data-start=\"2583\" data-end=\"2632\"><strong data-start=\"2583\" data-end=\"2592\">Druva<\/strong><br data-start=\"2592\" data-end=\"2595\" \/>Chardonnay och Pinot Blanc Auxerrois.<\/p>\n<p data-start=\"2634\" data-end=\"2886\"><strong data-start=\"2634\" data-end=\"2642\">Smak<\/strong><br data-start=\"2642\" data-end=\"2645\" \/>Vinet \u00e4r torrt, friskt och livligt med fina, delikata bubblor. Smaken bjuder p\u00e5 gula frukter, citrus och en l\u00e4tt mogen fruktton som balanseras av ren syra och en elegant mousse. Uttrycket \u00e4r harmoniskt och aptitretande med ett friskt avslut.<\/p>\n<p data-start=\"2888\" data-end=\"3083\"><strong data-start=\"2888\" data-end=\"2896\">Arom<\/strong><br data-start=\"2896\" data-end=\"2899\" \/>Doften \u00e4r elegant och inbjudande med toner av gula frukter, \u00e4pple, citrus och ett l\u00e4tt blommigt inslag. Bubblorna lyfter aromerna fint och ger ett friskt och raffinerat helhetsintryck.<\/p>\n<p data-start=\"3085\" data-end=\"3097\"><strong data-start=\"3085\" data-end=\"3097\">Karakt\u00e4r<\/strong><\/p>\n<ul data-start=\"3099\" data-end=\"3218\">\n<li data-section-id=\"688c0v\" data-start=\"3099\" data-end=\"3115\">Torrhet: Torrt<\/li>\n<li data-section-id=\"1ku6t35\" data-start=\"3116\" data-end=\"3128\">S\u00f6tma: L\u00e5g<\/li>\n<li data-section-id=\"zaci27\" data-start=\"3129\" data-end=\"3164\">Fyllighet: L\u00e4tt till medelfylligt<\/li>\n<li data-section-id=\"9ly5nf\" data-start=\"3165\" data-end=\"3189\">Syra: Frisk och livlig<\/li>\n<li data-section-id=\"1g4fz57\" data-start=\"3190\" data-end=\"3218\">Bubblor: Fina och delikata<\/li>\n<\/ul>\n<p data-start=\"3220\" data-end=\"3244\"><strong data-start=\"3220\" data-end=\"3231\">Alkohol<\/strong><br data-start=\"3231\" data-end=\"3234\" \/>12,5% vol.<\/p>\n<p data-start=\"3246\" data-end=\"3494\"><strong data-start=\"3246\" data-end=\"3271\">S\u00e4rskilda k\u00e4nnetecken<\/strong><br data-start=\"3271\" data-end=\"3274\" \/>En klassisk Cr\u00e9mant d\u2019Alsace Brut med fin mousse, friskhet och elegant frukt. Kombinationen av Chardonnay och Pinot Blanc Auxerrois ger ett mousserande vin med b\u00e5de finess, mjukhet och ett charmigt gastronomiskt uttryck.<\/p>\n<p data-start=\"3496\" data-end=\"3731\"><strong data-start=\"3496\" data-end=\"3508\">Matmatch<\/strong><br data-start=\"3508\" data-end=\"3511\" \/>Perfekt som aperitif, men ocks\u00e5 mycket god till grillad vit fisk, skaldjur och l\u00e4tta f\u00f6rr\u00e4tter. Den passar dessutom utm\u00e4rkt till festliga tillf\u00e4llen, snacks och sm\u00e5 serveringar d\u00e4r friskhet och bubblor g\u00f6r jobbet snyggt.<\/p>\n","protected":false},"excerpt":{"rendered":"<p>Elegant Cr\u00e9mant d\u2019Alsace med fina bubblor, frisk syra och toner av citrus och gula frukter. Perfekt som aperitif och till fisk, skaldjur och l\u00e4tta r\u00e4tter.<\/p>\n","protected":false},"featured_media":1000000032732,"template":"","meta":{"_acf_changed":false,"site-sidebar-layout":"default","site-content-layout":"","ast-site-content-layout":"default","site-content-style":"default","site-sidebar-style":"default","ast-global-header-display":"","ast-banner-title-visibility":"","ast-main-header-display":"","ast-hfb-above-header-display":"","ast-hfb-below-header-display":"","ast-hfb-mobile-header-display":"","site-post-title":"","ast-breadcrumbs-content":"","ast-featured-img":"","footer-sml-layout":"","ast-disable-related-posts":"","theme-transparent-header-meta":"default","adv-header-id-meta":"","stick-header-meta":"default","header-above-stick-meta":"","header-main-stick-meta":"","header-below-stick-meta":"","astra-migrate-meta-layouts":"set","ast-page-background-enabled":"default","ast-page-background-meta":{"desktop":{"background-color":"","background-image":"","background-repeat":"repeat","background-position":"center center","background-size":"auto","background-attachment":"scroll","background-type":"","background-media":"","overlay-type":"","overlay-color":"","overlay-opacity":"","overlay-gradient":""},"tablet":{"background-color":"","background-image":"","background-repeat":"repeat","background-position":"center center","background-size":"auto","background-attachment":"scroll","background-type":"","background-media":"","overlay-type":"","overlay-color":"","overlay-opacity":"","overlay-gradient":""},"mobile":{"background-color":"","background-image":"","background-repeat":"repeat","background-position":"center center","background-size":"auto","background-attachment":"scroll","background-type":"","background-media":"","overlay-type":"","overlay-color":"","overlay-opacity":"","overlay-gradient":""}},"ast-content-background-meta":{"desktop":{"background-color":"var(--ast-global-color-5)","background-image":"","background-repeat":"repeat","background-position":"center center","background-size":"auto","background-attachment":"scroll","background-type":"","background-media":"","overlay-type":"","overlay-color":"","overlay-opacity":"","overlay-gradient":""},"tablet":{"background-color":"var(--ast-global-color-5)","background-image":"","background-repeat":"repeat","background-position":"center center","background-size":"auto","background-attachment":"scroll","background-type":"","background-media":"","overlay-type":"","overlay-color":"","overlay-opacity":"","overlay-gradient":""},"mobile":{"background-color":"var(--ast-global-color-5)","background-image":"","background-repeat":"repeat","background-position":"center center","background-size":"auto","background-attachment":"scroll","background-type":"","background-media":"","overlay-type":"","overlay-color":"","overlay-opacity":"","overlay-gradient":""}}},"product_brand":[],"product_cat":[900,1424,695],"product_tag":[],"class_list":{"0":"post-1000000032735","1":"product","2":"type-product","3":"status-publish","4":"has-post-thumbnail","6":"product_cat-alsace-sv","7":"product_cat-frankrike","8":"product_cat-sparkling-wine-sv","9":"pa_drue-chardonnay-sv","10":"pa_drue-pinot-blanc","11":"pa_vintype-sparkling-wine-sv","12":"desktop-align-center","13":"tablet-align-center","14":"mobile-align-center","15":"ast-product-gallery-layout-horizontal","16":"ast-product-tabs-layout-horizontal","17":"ast-qv-on-image-click","19":"first","20":"instock","21":"taxable","22":"shipping-taxable","23":"purchasable","24":"product-type-simple"},"group_of_quantity":0,"min_quantity":0,"max_quantity":"","exclude_order_quantity_value_rules":"no","exclude_category_quantity_rules":"no","combine_variations":"no","acf":[],"yoast_head":"<!-- This site is optimized with the Yoast SEO plugin v27.3 - https:\/\/yoast.com\/product\/yoast-seo-wordpress\/ -->\n<title>Paul Schneider Cr\u00e9mant d\u2019Alsace Brut | Mousserande vin | Alsace<\/title>\n<meta name=\"description\" content=\"K\u00f6p Paul Schneider Cr\u00e9mant d\u2019Alsace Brut. Friskt mousserande vin fr\u00e5n Alsace med fina bubblor, citrus och gula frukter. Perfekt som aperitif och till fisk.\" \/>\n<meta name=\"robots\" content=\"index, follow, max-snippet:-1, max-image-preview:large, max-video-preview:-1\" \/>\n<link rel=\"canonical\" href=\"https:\/\/detfranskevinhus.com\/sv\/vare\/paul-schneider-cremant-dalsace-brut\/\" \/>\n<meta property=\"og:locale\" content=\"sv_SE\" \/>\n<meta property=\"og:type\" content=\"article\" \/>\n<meta property=\"og:title\" content=\"Paul Schneider Cr\u00e9mant d\u2019Alsace Brut. Elegant mousserande vin fr\u00e5n Frankrike\" \/>\n<meta property=\"og:description\" content=\"En frisk och raffinerad Cr\u00e9mant d\u2019Alsace med fina bubblor, fin balans och delikata frukttoner. Ett utm\u00e4rkt val till aperitif, fest och l\u00e4tta serveringar.\" \/>\n<meta property=\"og:url\" content=\"https:\/\/detfranskevinhus.com\/sv\/vare\/paul-schneider-cremant-dalsace-brut\/\" \/>\n<meta property=\"og:site_name\" content=\"Det Franske Vinhus\" \/>\n<meta property=\"article:modified_time\" content=\"2026-04-06T09:53:21+00:00\" \/>\n<meta property=\"og:image\" content=\"https:\/\/detfranskevinhus.com\/wp-content\/uploads\/2026\/03\/5-Frankrig-Alsace-Chardonnay-Pinot-Blanc-Mousserende-Paul-Schneider-Cremant-dAlsace-Brut.jpeg\" \/>\n\t<meta property=\"og:image:width\" content=\"1080\" \/>\n\t<meta property=\"og:image:height\" content=\"1920\" \/>\n\t<meta property=\"og:image:type\" content=\"image\/jpeg\" \/>\n<meta name=\"twitter:card\" content=\"summary_large_image\" \/>\n<meta name=\"twitter:label1\" content=\"Ber\u00e4knad l\u00e4stid\" \/>\n\t<meta name=\"twitter:data1\" content=\"2 minuter\" \/>\n<script type=\"application\/ld+json\" class=\"yoast-schema-graph\">{\"@context\":\"https:\\\/\\\/schema.org\",\"@graph\":[{\"@type\":\"WebPage\",\"@id\":\"https:\\\/\\\/detfranskevinhus.com\\\/sv\\\/vare\\\/paul-schneider-cremant-dalsace-brut\\\/\",\"url\":\"https:\\\/\\\/detfranskevinhus.com\\\/sv\\\/vare\\\/paul-schneider-cremant-dalsace-brut\\\/\",\"name\":\"Paul Schneider Cr\u00e9mant d\u2019Alsace Brut | Mousserande vin | Alsace\",\"isPartOf\":{\"@id\":\"https:\\\/\\\/detfranskevinhus.com\\\/sv\\\/#website\"},\"primaryImageOfPage\":{\"@id\":\"https:\\\/\\\/detfranskevinhus.com\\\/sv\\\/vare\\\/paul-schneider-cremant-dalsace-brut\\\/#primaryimage\"},\"image\":{\"@id\":\"https:\\\/\\\/detfranskevinhus.com\\\/sv\\\/vare\\\/paul-schneider-cremant-dalsace-brut\\\/#primaryimage\"},\"thumbnailUrl\":\"https:\\\/\\\/detfranskevinhus.com\\\/wp-content\\\/uploads\\\/2026\\\/03\\\/5-Frankrig-Alsace-Chardonnay-Pinot-Blanc-Mousserende-Paul-Schneider-Cremant-dAlsace-Brut.jpeg\",\"datePublished\":\"2026-03-24T09:55:35+00:00\",\"dateModified\":\"2026-04-06T09:53:21+00:00\",\"description\":\"K\u00f6p Paul Schneider Cr\u00e9mant d\u2019Alsace Brut. Friskt mousserande vin fr\u00e5n Alsace med fina bubblor, citrus och gula frukter. Perfekt som aperitif och till fisk.\",\"breadcrumb\":{\"@id\":\"https:\\\/\\\/detfranskevinhus.com\\\/sv\\\/vare\\\/paul-schneider-cremant-dalsace-brut\\\/#breadcrumb\"},\"inLanguage\":\"sv-SE\",\"potentialAction\":[{\"@type\":\"ReadAction\",\"target\":[\"https:\\\/\\\/detfranskevinhus.com\\\/sv\\\/vare\\\/paul-schneider-cremant-dalsace-brut\\\/\"]}]},{\"@type\":\"ImageObject\",\"inLanguage\":\"sv-SE\",\"@id\":\"https:\\\/\\\/detfranskevinhus.com\\\/sv\\\/vare\\\/paul-schneider-cremant-dalsace-brut\\\/#primaryimage\",\"url\":\"https:\\\/\\\/detfranskevinhus.com\\\/wp-content\\\/uploads\\\/2026\\\/03\\\/5-Frankrig-Alsace-Chardonnay-Pinot-Blanc-Mousserende-Paul-Schneider-Cremant-dAlsace-Brut.jpeg\",\"contentUrl\":\"https:\\\/\\\/detfranskevinhus.com\\\/wp-content\\\/uploads\\\/2026\\\/03\\\/5-Frankrig-Alsace-Chardonnay-Pinot-Blanc-Mousserende-Paul-Schneider-Cremant-dAlsace-Brut.jpeg\",\"width\":1080,\"height\":1920,\"caption\":\"Frankrig Alsace Chardonnay Pinot Blanc Mousserende Paul Schneider Cremant d'Alsace Brut\"},{\"@type\":\"BreadcrumbList\",\"@id\":\"https:\\\/\\\/detfranskevinhus.com\\\/sv\\\/vare\\\/paul-schneider-cremant-dalsace-brut\\\/#breadcrumb\",\"itemListElement\":[{\"@type\":\"ListItem\",\"position\":1,\"name\":\"Shop\",\"item\":\"https:\\\/\\\/detfranskevinhus.com\\\/sv\\\/butik\\\/\"},{\"@type\":\"ListItem\",\"position\":2,\"name\":\"Paul Schneider Cremant d&#8217;Alsace Brut\"}]},{\"@type\":\"WebSite\",\"@id\":\"https:\\\/\\\/detfranskevinhus.com\\\/sv\\\/#website\",\"url\":\"https:\\\/\\\/detfranskevinhus.com\\\/sv\\\/\",\"name\":\"Det Franske Vinhus\",\"description\":\"\",\"publisher\":{\"@id\":\"https:\\\/\\\/detfranskevinhus.com\\\/sv\\\/#organization\"},\"potentialAction\":[{\"@type\":\"SearchAction\",\"target\":{\"@type\":\"EntryPoint\",\"urlTemplate\":\"https:\\\/\\\/detfranskevinhus.com\\\/sv\\\/?s={search_term_string}\"},\"query-input\":{\"@type\":\"PropertyValueSpecification\",\"valueRequired\":true,\"valueName\":\"search_term_string\"}}],\"inLanguage\":\"sv-SE\"},{\"@type\":\"Organization\",\"@id\":\"https:\\\/\\\/detfranskevinhus.com\\\/sv\\\/#organization\",\"name\":\"Det Franske Vinhus\",\"url\":\"https:\\\/\\\/detfranskevinhus.com\\\/sv\\\/\",\"logo\":{\"@type\":\"ImageObject\",\"inLanguage\":\"sv-SE\",\"@id\":\"https:\\\/\\\/detfranskevinhus.com\\\/sv\\\/#\\\/schema\\\/logo\\\/image\\\/\",\"url\":\"https:\\\/\\\/detfranskevinhus.com\\\/wp-content\\\/uploads\\\/2023\\\/07\\\/01_DFV_Logo_www_01-02-copy.jpg\",\"contentUrl\":\"https:\\\/\\\/detfranskevinhus.com\\\/wp-content\\\/uploads\\\/2023\\\/07\\\/01_DFV_Logo_www_01-02-copy.jpg\",\"width\":992,\"height\":482,\"caption\":\"Det Franske Vinhus\"},\"image\":{\"@id\":\"https:\\\/\\\/detfranskevinhus.com\\\/sv\\\/#\\\/schema\\\/logo\\\/image\\\/\"}}]}<\/script>\n<!-- \/ Yoast SEO plugin. -->","yoast_head_json":{"title":"Paul Schneider Cr\u00e9mant d\u2019Alsace Brut | Mousserande vin | Alsace","description":"K\u00f6p Paul Schneider Cr\u00e9mant d\u2019Alsace Brut. Friskt mousserande vin fr\u00e5n Alsace med fina bubblor, citrus och gula frukter. Perfekt som aperitif och till fisk.","robots":{"index":"index","follow":"follow","max-snippet":"max-snippet:-1","max-image-preview":"max-image-preview:large","max-video-preview":"max-video-preview:-1"},"canonical":"https:\/\/detfranskevinhus.com\/sv\/vare\/paul-schneider-cremant-dalsace-brut\/","og_locale":"sv_SE","og_type":"article","og_title":"Paul Schneider Cr\u00e9mant d\u2019Alsace Brut. Elegant mousserande vin fr\u00e5n Frankrike","og_description":"En frisk och raffinerad Cr\u00e9mant d\u2019Alsace med fina bubblor, fin balans och delikata frukttoner. Ett utm\u00e4rkt val till aperitif, fest och l\u00e4tta serveringar.","og_url":"https:\/\/detfranskevinhus.com\/sv\/vare\/paul-schneider-cremant-dalsace-brut\/","og_site_name":"Det Franske Vinhus","article_modified_time":"2026-04-06T09:53:21+00:00","og_image":[{"width":1080,"height":1920,"url":"https:\/\/detfranskevinhus.com\/wp-content\/uploads\/2026\/03\/5-Frankrig-Alsace-Chardonnay-Pinot-Blanc-Mousserende-Paul-Schneider-Cremant-dAlsace-Brut.jpeg","type":"image\/jpeg"}],"twitter_card":"summary_large_image","twitter_misc":{"Ber\u00e4knad l\u00e4stid":"2 minuter"},"schema":{"@context":"https:\/\/schema.org","@graph":[{"@type":"WebPage","@id":"https:\/\/detfranskevinhus.com\/sv\/vare\/paul-schneider-cremant-dalsace-brut\/","url":"https:\/\/detfranskevinhus.com\/sv\/vare\/paul-schneider-cremant-dalsace-brut\/","name":"Paul Schneider Cr\u00e9mant d\u2019Alsace Brut | Mousserande vin | Alsace","isPartOf":{"@id":"https:\/\/detfranskevinhus.com\/sv\/#website"},"primaryImageOfPage":{"@id":"https:\/\/detfranskevinhus.com\/sv\/vare\/paul-schneider-cremant-dalsace-brut\/#primaryimage"},"image":{"@id":"https:\/\/detfranskevinhus.com\/sv\/vare\/paul-schneider-cremant-dalsace-brut\/#primaryimage"},"thumbnailUrl":"https:\/\/detfranskevinhus.com\/wp-content\/uploads\/2026\/03\/5-Frankrig-Alsace-Chardonnay-Pinot-Blanc-Mousserende-Paul-Schneider-Cremant-dAlsace-Brut.jpeg","datePublished":"2026-03-24T09:55:35+00:00","dateModified":"2026-04-06T09:53:21+00:00","description":"K\u00f6p Paul Schneider Cr\u00e9mant d\u2019Alsace Brut. Friskt mousserande vin fr\u00e5n Alsace med fina bubblor, citrus och gula frukter. Perfekt som aperitif och till fisk.","breadcrumb":{"@id":"https:\/\/detfranskevinhus.com\/sv\/vare\/paul-schneider-cremant-dalsace-brut\/#breadcrumb"},"inLanguage":"sv-SE","potentialAction":[{"@type":"ReadAction","target":["https:\/\/detfranskevinhus.com\/sv\/vare\/paul-schneider-cremant-dalsace-brut\/"]}]},{"@type":"ImageObject","inLanguage":"sv-SE","@id":"https:\/\/detfranskevinhus.com\/sv\/vare\/paul-schneider-cremant-dalsace-brut\/#primaryimage","url":"https:\/\/detfranskevinhus.com\/wp-content\/uploads\/2026\/03\/5-Frankrig-Alsace-Chardonnay-Pinot-Blanc-Mousserende-Paul-Schneider-Cremant-dAlsace-Brut.jpeg","contentUrl":"https:\/\/detfranskevinhus.com\/wp-content\/uploads\/2026\/03\/5-Frankrig-Alsace-Chardonnay-Pinot-Blanc-Mousserende-Paul-Schneider-Cremant-dAlsace-Brut.jpeg","width":1080,"height":1920,"caption":"Frankrig Alsace Chardonnay Pinot Blanc Mousserende Paul Schneider Cremant d'Alsace Brut"},{"@type":"BreadcrumbList","@id":"https:\/\/detfranskevinhus.com\/sv\/vare\/paul-schneider-cremant-dalsace-brut\/#breadcrumb","itemListElement":[{"@type":"ListItem","position":1,"name":"Shop","item":"https:\/\/detfranskevinhus.com\/sv\/butik\/"},{"@type":"ListItem","position":2,"name":"Paul Schneider Cremant d&#8217;Alsace Brut"}]},{"@type":"WebSite","@id":"https:\/\/detfranskevinhus.com\/sv\/#website","url":"https:\/\/detfranskevinhus.com\/sv\/","name":"Det Franske Vinhus","description":"","publisher":{"@id":"https:\/\/detfranskevinhus.com\/sv\/#organization"},"potentialAction":[{"@type":"SearchAction","target":{"@type":"EntryPoint","urlTemplate":"https:\/\/detfranskevinhus.com\/sv\/?s={search_term_string}"},"query-input":{"@type":"PropertyValueSpecification","valueRequired":true,"valueName":"search_term_string"}}],"inLanguage":"sv-SE"},{"@type":"Organization","@id":"https:\/\/detfranskevinhus.com\/sv\/#organization","name":"Det Franske Vinhus","url":"https:\/\/detfranskevinhus.com\/sv\/","logo":{"@type":"ImageObject","inLanguage":"sv-SE","@id":"https:\/\/detfranskevinhus.com\/sv\/#\/schema\/logo\/image\/","url":"https:\/\/detfranskevinhus.com\/wp-content\/uploads\/2023\/07\/01_DFV_Logo_www_01-02-copy.jpg","contentUrl":"https:\/\/detfranskevinhus.com\/wp-content\/uploads\/2023\/07\/01_DFV_Logo_www_01-02-copy.jpg","width":992,"height":482,"caption":"Det Franske Vinhus"},"image":{"@id":"https:\/\/detfranskevinhus.com\/sv\/#\/schema\/logo\/image\/"}}]}},"_links":{"self":[{"href":"https:\/\/detfranskevinhus.com\/sv\/wp-json\/wp\/v2\/product\/1000000032735","targetHints":{"allow":["GET"]}}],"collection":[{"href":"https:\/\/detfranskevinhus.com\/sv\/wp-json\/wp\/v2\/product"}],"about":[{"href":"https:\/\/detfranskevinhus.com\/sv\/wp-json\/wp\/v2\/types\/product"}],"version-history":[{"count":4,"href":"https:\/\/detfranskevinhus.com\/sv\/wp-json\/wp\/v2\/product\/1000000032735\/revisions"}],"predecessor-version":[{"id":1000000032965,"href":"https:\/\/detfranskevinhus.com\/sv\/wp-json\/wp\/v2\/product\/1000000032735\/revisions\/1000000032965"}],"wp:featuredmedia":[{"embeddable":true,"href":"https:\/\/detfranskevinhus.com\/sv\/wp-json\/wp\/v2\/media\/1000000032732"}],"wp:attachment":[{"href":"https:\/\/detfranskevinhus.com\/sv\/wp-json\/wp\/v2\/media?parent=1000000032735"}],"wp:term":[{"taxonomy":"product_brand","embeddable":true,"href":"https:\/\/detfranskevinhus.com\/sv\/wp-json\/wp\/v2\/product_brand?post=1000000032735"},{"taxonomy":"product_cat","embeddable":true,"href":"https:\/\/detfranskevinhus.com\/sv\/wp-json\/wp\/v2\/product_cat?post=1000000032735"},{"taxonomy":"product_tag","embeddable":true,"href":"https:\/\/detfranskevinhus.com\/sv\/wp-json\/wp\/v2\/product_tag?post=1000000032735"}],"curies":[{"name":"wp","href":"https:\/\/api.w.org\/{rel}","templated":true}]}}