{"id":1000000032716,"date":"2026-03-24T10:54:56","date_gmt":"2026-03-24T09:54:56","guid":{"rendered":"https:\/\/detfranskevinhus.com\/?post_type=product&#038;p=1000000032716"},"modified":"2026-04-06T11:53:31","modified_gmt":"2026-04-06T09:53:31","slug":"paul-schneider-pinot-gris-alsace","status":"publish","type":"product","link":"https:\/\/detfranskevinhus.com\/sv\/vare\/paul-schneider-pinot-gris-alsace\/","title":{"rendered":"Paul Schneider Pinot Gris Alsace"},"content":{"rendered":"<p data-start=\"2497\" data-end=\"2806\"><strong data-start=\"2497\" data-end=\"2509\">Ursprung<\/strong><br data-start=\"2509\" data-end=\"2512\" \/>Denna Pinot Gris kommer fr\u00e5n Alsace i nord\u00f6stra Frankrike, ett omr\u00e5de k\u00e4nt f\u00f6r sina uttrycksfulla och aromatiska vita viner. Vinet \u00e4r producerat av Domaine Paul Schneider i Eguisheim, d\u00e4r familjen har arbetat med vin i flera generationer med fokus p\u00e5 eleganta, precisa och karakt\u00e4rsfulla viner.<\/p>\n<p data-start=\"2808\" data-end=\"2836\"><strong data-start=\"2808\" data-end=\"2817\">Druva<\/strong><br data-start=\"2817\" data-end=\"2820\" \/>100% Pinot Gris.<\/p>\n<p data-start=\"2838\" data-end=\"3187\"><strong data-start=\"2838\" data-end=\"2846\">Smak<\/strong><br data-start=\"2846\" data-end=\"2849\" \/>Vinet \u00e4r fylligare och rundare i stilen \u00e4n ett klassiskt krispigt vitt vin, men har fortfarande en fin friskhet som h\u00e5ller uttrycket levande. Smaken bjuder p\u00e5 toner av mirabell, gul persika och mogen frukt, f\u00f6ljt av ett l\u00e4tt kryddigt och svagt rostat avslut. Det finns en fin sp\u00e4nst som skapar balans mellan frukt, fyllighet och friskhet.<\/p>\n<p data-start=\"3189\" data-end=\"3380\"><strong data-start=\"3189\" data-end=\"3197\">Arom<\/strong><br data-start=\"3197\" data-end=\"3200\" \/>Doften \u00e4r gener\u00f6s och inbjudande med nyanser av mirabellplommon, gul persika och mogen stenfrukt. D\u00e4rtill anas ett l\u00e4tt inslag av rostat br\u00f6d som ger vinet extra djup och karakt\u00e4r.<\/p>\n<p data-start=\"3382\" data-end=\"3394\"><strong data-start=\"3382\" data-end=\"3394\">Karakt\u00e4r<\/strong><\/p>\n<ul data-start=\"3396\" data-end=\"3538\">\n<li data-section-id=\"1by6vsm\" data-start=\"3396\" data-end=\"3432\">Torrhet: Torrt till l\u00e4tt halvtorrt<\/li>\n<li data-section-id=\"1m38fpn\" data-start=\"3433\" data-end=\"3464\">S\u00f6tma: L\u00e5g till l\u00e4tt avrundad<\/li>\n<li data-section-id=\"1wkaig2\" data-start=\"3465\" data-end=\"3503\">Fyllighet: Medelfylligt till fylligt<\/li>\n<li data-section-id=\"1hkmnvp\" data-start=\"3504\" data-end=\"3538\">Syra: Mjuk men fortfarande frisk<\/li>\n<\/ul>\n<p data-start=\"3540\" data-end=\"3562\"><strong data-start=\"3540\" data-end=\"3551\">Alkohol<\/strong><br data-start=\"3551\" data-end=\"3554\" \/>13% vol.<\/p>\n<p data-start=\"3564\" data-end=\"3813\"><strong data-start=\"3564\" data-end=\"3589\">S\u00e4rskilda k\u00e4nnetecken<\/strong><br data-start=\"3589\" data-end=\"3592\" \/>En klassisk Alsace Pinot Gris med mer bredd, fyllighet och frukt \u00e4n Riesling. Vinet f\u00f6renar mogen frukt, rund munk\u00e4nsla och frisk sp\u00e4nst, vilket g\u00f6r det b\u00e5de behagligt att dricka som det \u00e4r och mycket anv\u00e4ndbart till mat.<\/p>\n<p data-start=\"3815\" data-end=\"4082\"><strong data-start=\"3815\" data-end=\"3827\">Matmatch<\/strong><br data-start=\"3827\" data-end=\"3830\" \/>Passar mycket bra till ljust k\u00f6tt, fiskr\u00e4tter och trevliga aperitifserveringar. Det fungerar ocks\u00e5 fint till r\u00e4tter med lite mer fyllighet, som kr\u00e4miga fiskr\u00e4tter, f\u00e5gel och milda ostar, d\u00e4r vinets runda frukt och friska sp\u00e4nst spelar snyggt med maten.<\/p>\n","protected":false},"excerpt":{"rendered":"<p>Fyllig och elegant Pinot Gris fr\u00e5n Alsace med mogen frukt, mjuk friskhet och l\u00e4tt rostat avslut. Ett harmoniskt vitt vin till fisk, ljust k\u00f6tt, aperitif och r\u00e4tter med lite mer fyllighet.<\/p>\n","protected":false},"featured_media":1000000032713,"template":"","meta":{"_acf_changed":false,"site-sidebar-layout":"default","site-content-layout":"","ast-site-content-layout":"default","site-content-style":"default","site-sidebar-style":"default","ast-global-header-display":"","ast-banner-title-visibility":"","ast-main-header-display":"","ast-hfb-above-header-display":"","ast-hfb-below-header-display":"","ast-hfb-mobile-header-display":"","site-post-title":"","ast-breadcrumbs-content":"","ast-featured-img":"","footer-sml-layout":"","ast-disable-related-posts":"","theme-transparent-header-meta":"default","adv-header-id-meta":"","stick-header-meta":"default","header-above-stick-meta":"","header-main-stick-meta":"","header-below-stick-meta":"","astra-migrate-meta-layouts":"set","ast-page-background-enabled":"default","ast-page-background-meta":{"desktop":{"background-color":"","background-image":"","background-repeat":"repeat","background-position":"center center","background-size":"auto","background-attachment":"scroll","background-type":"","background-media":"","overlay-type":"","overlay-color":"","overlay-opacity":"","overlay-gradient":""},"tablet":{"background-color":"","background-image":"","background-repeat":"repeat","background-position":"center center","background-size":"auto","background-attachment":"scroll","background-type":"","background-media":"","overlay-type":"","overlay-color":"","overlay-opacity":"","overlay-gradient":""},"mobile":{"background-color":"","background-image":"","background-repeat":"repeat","background-position":"center center","background-size":"auto","background-attachment":"scroll","background-type":"","background-media":"","overlay-type":"","overlay-color":"","overlay-opacity":"","overlay-gradient":""}},"ast-content-background-meta":{"desktop":{"background-color":"var(--ast-global-color-5)","background-image":"","background-repeat":"repeat","background-position":"center center","background-size":"auto","background-attachment":"scroll","background-type":"","background-media":"","overlay-type":"","overlay-color":"","overlay-opacity":"","overlay-gradient":""},"tablet":{"background-color":"var(--ast-global-color-5)","background-image":"","background-repeat":"repeat","background-position":"center center","background-size":"auto","background-attachment":"scroll","background-type":"","background-media":"","overlay-type":"","overlay-color":"","overlay-opacity":"","overlay-gradient":""},"mobile":{"background-color":"var(--ast-global-color-5)","background-image":"","background-repeat":"repeat","background-position":"center center","background-size":"auto","background-attachment":"scroll","background-type":"","background-media":"","overlay-type":"","overlay-color":"","overlay-opacity":"","overlay-gradient":""}}},"product_brand":[],"product_cat":[900,1424,370],"product_tag":[],"class_list":{"0":"post-1000000032716","1":"product","2":"type-product","3":"status-publish","4":"has-post-thumbnail","6":"product_cat-alsace-sv","7":"product_cat-frankrike","8":"product_cat-vitt-vin","9":"pa_drue-pinot-gris-sv","10":"pa_vintype-vitt-vin-sv","11":"desktop-align-center","12":"tablet-align-center","13":"mobile-align-center","14":"ast-product-gallery-layout-horizontal","15":"ast-product-tabs-layout-horizontal","16":"ast-qv-on-image-click","18":"first","19":"instock","20":"taxable","21":"shipping-taxable","22":"purchasable","23":"product-type-simple"},"group_of_quantity":0,"min_quantity":0,"max_quantity":"","exclude_order_quantity_value_rules":"no","exclude_category_quantity_rules":"no","combine_variations":"no","acf":[],"yoast_head":"<!-- This site is optimized with the Yoast SEO plugin v27.3 - https:\/\/yoast.com\/product\/yoast-seo-wordpress\/ -->\n<title>Paul Schneider Pinot Gris Alsace 2023 | Fylligt vitt vin fr\u00e5n Alsace<\/title>\n<meta name=\"description\" content=\"K\u00f6p Paul Schneider Pinot Gris Alsace. Fylligt och elegant vitt vin fr\u00e5n Alsace med toner av mirabell, gul persika och l\u00e4tt rostat br\u00f6d. Perfekt till fisk, ljust k\u00f6tt och aperitif.\" \/>\n<meta name=\"robots\" content=\"index, follow, max-snippet:-1, max-image-preview:large, max-video-preview:-1\" \/>\n<link rel=\"canonical\" href=\"https:\/\/detfranskevinhus.com\/sv\/vare\/paul-schneider-pinot-gris-alsace\/\" \/>\n<meta property=\"og:locale\" content=\"sv_SE\" \/>\n<meta property=\"og:type\" content=\"article\" \/>\n<meta property=\"og:title\" content=\"Paul Schneider Pinot Gris Alsace 2023. Fylligt och elegant vitt vin fr\u00e5n Frankrike\" \/>\n<meta property=\"og:description\" content=\"En vacker Pinot Gris fr\u00e5n Alsace med toner av mirabell, gul persika och l\u00e4tt rostat br\u00f6d. Rund, frisk och perfekt b\u00e5de till middagsbordet och till glaset f\u00f6re maten.\" \/>\n<meta property=\"og:url\" content=\"https:\/\/detfranskevinhus.com\/sv\/vare\/paul-schneider-pinot-gris-alsace\/\" \/>\n<meta property=\"og:site_name\" content=\"Det Franske Vinhus\" \/>\n<meta property=\"article:modified_time\" content=\"2026-04-06T09:53:31+00:00\" \/>\n<meta property=\"og:image\" content=\"https:\/\/detfranskevinhus.com\/wp-content\/uploads\/2026\/03\/2-Frankrig-Alsace-Pinot-Gris-Hvidvin-Paul-Schneider-Pinot-Gris-Alsace.jpeg\" \/>\n\t<meta property=\"og:image:width\" content=\"1080\" \/>\n\t<meta property=\"og:image:height\" content=\"1920\" \/>\n\t<meta property=\"og:image:type\" content=\"image\/jpeg\" \/>\n<meta name=\"twitter:card\" content=\"summary_large_image\" \/>\n<meta name=\"twitter:label1\" content=\"Ber\u00e4knad l\u00e4stid\" \/>\n\t<meta name=\"twitter:data1\" content=\"2 minuter\" \/>\n<script type=\"application\/ld+json\" class=\"yoast-schema-graph\">{\"@context\":\"https:\\\/\\\/schema.org\",\"@graph\":[{\"@type\":\"WebPage\",\"@id\":\"https:\\\/\\\/detfranskevinhus.com\\\/sv\\\/vare\\\/paul-schneider-pinot-gris-alsace\\\/\",\"url\":\"https:\\\/\\\/detfranskevinhus.com\\\/sv\\\/vare\\\/paul-schneider-pinot-gris-alsace\\\/\",\"name\":\"Paul Schneider Pinot Gris Alsace 2023 | Fylligt vitt vin fr\u00e5n Alsace\",\"isPartOf\":{\"@id\":\"https:\\\/\\\/detfranskevinhus.com\\\/sv\\\/#website\"},\"primaryImageOfPage\":{\"@id\":\"https:\\\/\\\/detfranskevinhus.com\\\/sv\\\/vare\\\/paul-schneider-pinot-gris-alsace\\\/#primaryimage\"},\"image\":{\"@id\":\"https:\\\/\\\/detfranskevinhus.com\\\/sv\\\/vare\\\/paul-schneider-pinot-gris-alsace\\\/#primaryimage\"},\"thumbnailUrl\":\"https:\\\/\\\/detfranskevinhus.com\\\/wp-content\\\/uploads\\\/2026\\\/03\\\/2-Frankrig-Alsace-Pinot-Gris-Hvidvin-Paul-Schneider-Pinot-Gris-Alsace.jpeg\",\"datePublished\":\"2026-03-24T09:54:56+00:00\",\"dateModified\":\"2026-04-06T09:53:31+00:00\",\"description\":\"K\u00f6p Paul Schneider Pinot Gris Alsace. Fylligt och elegant vitt vin fr\u00e5n Alsace med toner av mirabell, gul persika och l\u00e4tt rostat br\u00f6d. Perfekt till fisk, ljust k\u00f6tt och aperitif.\",\"breadcrumb\":{\"@id\":\"https:\\\/\\\/detfranskevinhus.com\\\/sv\\\/vare\\\/paul-schneider-pinot-gris-alsace\\\/#breadcrumb\"},\"inLanguage\":\"sv-SE\",\"potentialAction\":[{\"@type\":\"ReadAction\",\"target\":[\"https:\\\/\\\/detfranskevinhus.com\\\/sv\\\/vare\\\/paul-schneider-pinot-gris-alsace\\\/\"]}]},{\"@type\":\"ImageObject\",\"inLanguage\":\"sv-SE\",\"@id\":\"https:\\\/\\\/detfranskevinhus.com\\\/sv\\\/vare\\\/paul-schneider-pinot-gris-alsace\\\/#primaryimage\",\"url\":\"https:\\\/\\\/detfranskevinhus.com\\\/wp-content\\\/uploads\\\/2026\\\/03\\\/2-Frankrig-Alsace-Pinot-Gris-Hvidvin-Paul-Schneider-Pinot-Gris-Alsace.jpeg\",\"contentUrl\":\"https:\\\/\\\/detfranskevinhus.com\\\/wp-content\\\/uploads\\\/2026\\\/03\\\/2-Frankrig-Alsace-Pinot-Gris-Hvidvin-Paul-Schneider-Pinot-Gris-Alsace.jpeg\",\"width\":1080,\"height\":1920,\"caption\":\"Frankrig Alsace Pinot Gris Hvidvin Paul Schneider Pinot Gris Alsace\"},{\"@type\":\"BreadcrumbList\",\"@id\":\"https:\\\/\\\/detfranskevinhus.com\\\/sv\\\/vare\\\/paul-schneider-pinot-gris-alsace\\\/#breadcrumb\",\"itemListElement\":[{\"@type\":\"ListItem\",\"position\":1,\"name\":\"Shop\",\"item\":\"https:\\\/\\\/detfranskevinhus.com\\\/sv\\\/butik\\\/\"},{\"@type\":\"ListItem\",\"position\":2,\"name\":\"Paul Schneider Pinot Gris Alsace\"}]},{\"@type\":\"WebSite\",\"@id\":\"https:\\\/\\\/detfranskevinhus.com\\\/sv\\\/#website\",\"url\":\"https:\\\/\\\/detfranskevinhus.com\\\/sv\\\/\",\"name\":\"Det Franske Vinhus\",\"description\":\"\",\"publisher\":{\"@id\":\"https:\\\/\\\/detfranskevinhus.com\\\/sv\\\/#organization\"},\"potentialAction\":[{\"@type\":\"SearchAction\",\"target\":{\"@type\":\"EntryPoint\",\"urlTemplate\":\"https:\\\/\\\/detfranskevinhus.com\\\/sv\\\/?s={search_term_string}\"},\"query-input\":{\"@type\":\"PropertyValueSpecification\",\"valueRequired\":true,\"valueName\":\"search_term_string\"}}],\"inLanguage\":\"sv-SE\"},{\"@type\":\"Organization\",\"@id\":\"https:\\\/\\\/detfranskevinhus.com\\\/sv\\\/#organization\",\"name\":\"Det Franske Vinhus\",\"url\":\"https:\\\/\\\/detfranskevinhus.com\\\/sv\\\/\",\"logo\":{\"@type\":\"ImageObject\",\"inLanguage\":\"sv-SE\",\"@id\":\"https:\\\/\\\/detfranskevinhus.com\\\/sv\\\/#\\\/schema\\\/logo\\\/image\\\/\",\"url\":\"https:\\\/\\\/detfranskevinhus.com\\\/wp-content\\\/uploads\\\/2023\\\/07\\\/01_DFV_Logo_www_01-02-copy.jpg\",\"contentUrl\":\"https:\\\/\\\/detfranskevinhus.com\\\/wp-content\\\/uploads\\\/2023\\\/07\\\/01_DFV_Logo_www_01-02-copy.jpg\",\"width\":992,\"height\":482,\"caption\":\"Det Franske Vinhus\"},\"image\":{\"@id\":\"https:\\\/\\\/detfranskevinhus.com\\\/sv\\\/#\\\/schema\\\/logo\\\/image\\\/\"}}]}<\/script>\n<!-- \/ Yoast SEO plugin. -->","yoast_head_json":{"title":"Paul Schneider Pinot Gris Alsace 2023 | Fylligt vitt vin fr\u00e5n Alsace","description":"K\u00f6p Paul Schneider Pinot Gris Alsace. Fylligt och elegant vitt vin fr\u00e5n Alsace med toner av mirabell, gul persika och l\u00e4tt rostat br\u00f6d. Perfekt till fisk, ljust k\u00f6tt och aperitif.","robots":{"index":"index","follow":"follow","max-snippet":"max-snippet:-1","max-image-preview":"max-image-preview:large","max-video-preview":"max-video-preview:-1"},"canonical":"https:\/\/detfranskevinhus.com\/sv\/vare\/paul-schneider-pinot-gris-alsace\/","og_locale":"sv_SE","og_type":"article","og_title":"Paul Schneider Pinot Gris Alsace 2023. Fylligt och elegant vitt vin fr\u00e5n Frankrike","og_description":"En vacker Pinot Gris fr\u00e5n Alsace med toner av mirabell, gul persika och l\u00e4tt rostat br\u00f6d. Rund, frisk och perfekt b\u00e5de till middagsbordet och till glaset f\u00f6re maten.","og_url":"https:\/\/detfranskevinhus.com\/sv\/vare\/paul-schneider-pinot-gris-alsace\/","og_site_name":"Det Franske Vinhus","article_modified_time":"2026-04-06T09:53:31+00:00","og_image":[{"width":1080,"height":1920,"url":"https:\/\/detfranskevinhus.com\/wp-content\/uploads\/2026\/03\/2-Frankrig-Alsace-Pinot-Gris-Hvidvin-Paul-Schneider-Pinot-Gris-Alsace.jpeg","type":"image\/jpeg"}],"twitter_card":"summary_large_image","twitter_misc":{"Ber\u00e4knad l\u00e4stid":"2 minuter"},"schema":{"@context":"https:\/\/schema.org","@graph":[{"@type":"WebPage","@id":"https:\/\/detfranskevinhus.com\/sv\/vare\/paul-schneider-pinot-gris-alsace\/","url":"https:\/\/detfranskevinhus.com\/sv\/vare\/paul-schneider-pinot-gris-alsace\/","name":"Paul Schneider Pinot Gris Alsace 2023 | Fylligt vitt vin fr\u00e5n Alsace","isPartOf":{"@id":"https:\/\/detfranskevinhus.com\/sv\/#website"},"primaryImageOfPage":{"@id":"https:\/\/detfranskevinhus.com\/sv\/vare\/paul-schneider-pinot-gris-alsace\/#primaryimage"},"image":{"@id":"https:\/\/detfranskevinhus.com\/sv\/vare\/paul-schneider-pinot-gris-alsace\/#primaryimage"},"thumbnailUrl":"https:\/\/detfranskevinhus.com\/wp-content\/uploads\/2026\/03\/2-Frankrig-Alsace-Pinot-Gris-Hvidvin-Paul-Schneider-Pinot-Gris-Alsace.jpeg","datePublished":"2026-03-24T09:54:56+00:00","dateModified":"2026-04-06T09:53:31+00:00","description":"K\u00f6p Paul Schneider Pinot Gris Alsace. Fylligt och elegant vitt vin fr\u00e5n Alsace med toner av mirabell, gul persika och l\u00e4tt rostat br\u00f6d. Perfekt till fisk, ljust k\u00f6tt och aperitif.","breadcrumb":{"@id":"https:\/\/detfranskevinhus.com\/sv\/vare\/paul-schneider-pinot-gris-alsace\/#breadcrumb"},"inLanguage":"sv-SE","potentialAction":[{"@type":"ReadAction","target":["https:\/\/detfranskevinhus.com\/sv\/vare\/paul-schneider-pinot-gris-alsace\/"]}]},{"@type":"ImageObject","inLanguage":"sv-SE","@id":"https:\/\/detfranskevinhus.com\/sv\/vare\/paul-schneider-pinot-gris-alsace\/#primaryimage","url":"https:\/\/detfranskevinhus.com\/wp-content\/uploads\/2026\/03\/2-Frankrig-Alsace-Pinot-Gris-Hvidvin-Paul-Schneider-Pinot-Gris-Alsace.jpeg","contentUrl":"https:\/\/detfranskevinhus.com\/wp-content\/uploads\/2026\/03\/2-Frankrig-Alsace-Pinot-Gris-Hvidvin-Paul-Schneider-Pinot-Gris-Alsace.jpeg","width":1080,"height":1920,"caption":"Frankrig Alsace Pinot Gris Hvidvin Paul Schneider Pinot Gris Alsace"},{"@type":"BreadcrumbList","@id":"https:\/\/detfranskevinhus.com\/sv\/vare\/paul-schneider-pinot-gris-alsace\/#breadcrumb","itemListElement":[{"@type":"ListItem","position":1,"name":"Shop","item":"https:\/\/detfranskevinhus.com\/sv\/butik\/"},{"@type":"ListItem","position":2,"name":"Paul Schneider Pinot Gris Alsace"}]},{"@type":"WebSite","@id":"https:\/\/detfranskevinhus.com\/sv\/#website","url":"https:\/\/detfranskevinhus.com\/sv\/","name":"Det Franske Vinhus","description":"","publisher":{"@id":"https:\/\/detfranskevinhus.com\/sv\/#organization"},"potentialAction":[{"@type":"SearchAction","target":{"@type":"EntryPoint","urlTemplate":"https:\/\/detfranskevinhus.com\/sv\/?s={search_term_string}"},"query-input":{"@type":"PropertyValueSpecification","valueRequired":true,"valueName":"search_term_string"}}],"inLanguage":"sv-SE"},{"@type":"Organization","@id":"https:\/\/detfranskevinhus.com\/sv\/#organization","name":"Det Franske Vinhus","url":"https:\/\/detfranskevinhus.com\/sv\/","logo":{"@type":"ImageObject","inLanguage":"sv-SE","@id":"https:\/\/detfranskevinhus.com\/sv\/#\/schema\/logo\/image\/","url":"https:\/\/detfranskevinhus.com\/wp-content\/uploads\/2023\/07\/01_DFV_Logo_www_01-02-copy.jpg","contentUrl":"https:\/\/detfranskevinhus.com\/wp-content\/uploads\/2023\/07\/01_DFV_Logo_www_01-02-copy.jpg","width":992,"height":482,"caption":"Det Franske Vinhus"},"image":{"@id":"https:\/\/detfranskevinhus.com\/sv\/#\/schema\/logo\/image\/"}}]}},"_links":{"self":[{"href":"https:\/\/detfranskevinhus.com\/sv\/wp-json\/wp\/v2\/product\/1000000032716","targetHints":{"allow":["GET"]}}],"collection":[{"href":"https:\/\/detfranskevinhus.com\/sv\/wp-json\/wp\/v2\/product"}],"about":[{"href":"https:\/\/detfranskevinhus.com\/sv\/wp-json\/wp\/v2\/types\/product"}],"version-history":[{"count":3,"href":"https:\/\/detfranskevinhus.com\/sv\/wp-json\/wp\/v2\/product\/1000000032716\/revisions"}],"predecessor-version":[{"id":1000000032954,"href":"https:\/\/detfranskevinhus.com\/sv\/wp-json\/wp\/v2\/product\/1000000032716\/revisions\/1000000032954"}],"wp:featuredmedia":[{"embeddable":true,"href":"https:\/\/detfranskevinhus.com\/sv\/wp-json\/wp\/v2\/media\/1000000032713"}],"wp:attachment":[{"href":"https:\/\/detfranskevinhus.com\/sv\/wp-json\/wp\/v2\/media?parent=1000000032716"}],"wp:term":[{"taxonomy":"product_brand","embeddable":true,"href":"https:\/\/detfranskevinhus.com\/sv\/wp-json\/wp\/v2\/product_brand?post=1000000032716"},{"taxonomy":"product_cat","embeddable":true,"href":"https:\/\/detfranskevinhus.com\/sv\/wp-json\/wp\/v2\/product_cat?post=1000000032716"},{"taxonomy":"product_tag","embeddable":true,"href":"https:\/\/detfranskevinhus.com\/sv\/wp-json\/wp\/v2\/product_tag?post=1000000032716"}],"curies":[{"name":"wp","href":"https:\/\/api.w.org\/{rel}","templated":true}]}}