{"id":1000000027116,"date":"2024-02-11T15:55:26","date_gmt":"2024-02-11T14:55:26","guid":{"rendered":"https:\/\/detfranskevinhus.com\/?page_id=1000000027116"},"modified":"2024-02-11T15:58:19","modified_gmt":"2024-02-11T14:58:19","slug":"vinregionen-i-sodra-frankrike","status":"publish","type":"page","link":"https:\/\/detfranskevinhus.com\/sv\/vinregionen-i-sodra-frankrike\/","title":{"rendered":"Vinregionen i s\u00f6dra Frankrike"},"content":{"rendered":"\t\t<div data-elementor-type=\"wp-page\" data-elementor-id=\"1000000027116\" class=\"elementor elementor-1000000027116 elementor-1000000025181\" data-elementor-post-type=\"page\">\n\t\t\t\t\t\t<section class=\"elementor-section elementor-top-section elementor-element elementor-element-30408cd elementor-section-boxed elementor-section-height-default elementor-section-height-default\" data-id=\"30408cd\" data-element_type=\"section\" data-e-type=\"section\" data-settings=\"{&quot;background_background&quot;:&quot;classic&quot;,&quot;shape_divider_bottom&quot;:&quot;curve&quot;,&quot;shape_divider_bottom_negative&quot;:&quot;yes&quot;}\">\n\t\t\t\t\t\t\t<div class=\"elementor-background-overlay\"><\/div>\n\t\t\t\t\t\t<div class=\"elementor-shape elementor-shape-bottom\" aria-hidden=\"true\" data-negative=\"true\">\n\t\t\t<svg xmlns=\"http:\/\/www.w3.org\/2000\/svg\" viewBox=\"0 0 1000 100\" preserveAspectRatio=\"none\">\n\t<path class=\"elementor-shape-fill\" d=\"M500,97C126.7,96.3,0.8,19.8,0,0v100l1000,0V1C1000,19.4,873.3,97.8,500,97z\"\/>\n<\/svg>\t\t<\/div>\n\t\t\t\t\t<div class=\"elementor-container elementor-column-gap-default\">\n\t\t\t\t\t<div class=\"elementor-column elementor-col-100 elementor-top-column elementor-element elementor-element-ea0b53e\" data-id=\"ea0b53e\" data-element_type=\"column\" data-e-type=\"column\">\n\t\t\t<div class=\"elementor-widget-wrap elementor-element-populated\">\n\t\t\t\t\t\t<div class=\"elementor-element elementor-element-d93c300 elementor-widget elementor-widget-heading\" data-id=\"d93c300\" data-element_type=\"widget\" data-e-type=\"widget\" data-widget_type=\"heading.default\">\n\t\t\t\t<div class=\"elementor-widget-container\">\n\t\t\t\t\t<h1 class=\"elementor-heading-title elementor-size-default\">Vinregionen i s\u00f6dra Frankrike<\/h1>\t\t\t\t<\/div>\n\t\t\t\t<\/div>\n\t\t\t\t<div class=\"elementor-element elementor-element-5573fac elementor-widget-divider--view-line elementor-widget elementor-widget-divider\" data-id=\"5573fac\" data-element_type=\"widget\" data-e-type=\"widget\" data-widget_type=\"divider.default\">\n\t\t\t\t<div class=\"elementor-widget-container\">\n\t\t\t\t\t\t\t<div class=\"elementor-divider\">\n\t\t\t<span class=\"elementor-divider-separator\">\n\t\t\t\t\t\t<\/span>\n\t\t<\/div>\n\t\t\t\t\t\t<\/div>\n\t\t\t\t<\/div>\n\t\t\t\t\t<\/div>\n\t\t<\/div>\n\t\t\t\t\t<\/div>\n\t\t<\/section>\n\t\t\t\t<section class=\"elementor-section elementor-top-section elementor-element elementor-element-435ab6b elementor-section-boxed elementor-section-height-default elementor-section-height-default\" data-id=\"435ab6b\" data-element_type=\"section\" data-e-type=\"section\">\n\t\t\t\t\t\t<div class=\"elementor-container elementor-column-gap-default\">\n\t\t\t\t\t<div class=\"elementor-column elementor-col-100 elementor-top-column elementor-element elementor-element-5e01ad7\" data-id=\"5e01ad7\" data-element_type=\"column\" data-e-type=\"column\">\n\t\t\t<div class=\"elementor-widget-wrap elementor-element-populated\">\n\t\t\t\t\t\t<div class=\"elementor-element elementor-element-d78388e elementor-widget elementor-widget-heading\" data-id=\"d78388e\" data-element_type=\"widget\" data-e-type=\"widget\" data-widget_type=\"heading.default\">\n\t\t\t\t<div class=\"elementor-widget-container\">\n\t\t\t\t\t<h2 class=\"elementor-heading-title elementor-size-default\">S\u00f6dra franska vintraditionen<\/h2>\t\t\t\t<\/div>\n\t\t\t\t<\/div>\n\t\t\t\t\t<\/div>\n\t\t<\/div>\n\t\t\t\t\t<\/div>\n\t\t<\/section>\n\t\t\t\t<section class=\"elementor-section elementor-top-section elementor-element elementor-element-22ec76d elementor-section-boxed elementor-section-height-default elementor-section-height-default\" data-id=\"22ec76d\" data-element_type=\"section\" data-e-type=\"section\">\n\t\t\t\t\t\t<div class=\"elementor-container elementor-column-gap-default\">\n\t\t\t\t\t<div class=\"elementor-column elementor-col-100 elementor-top-column elementor-element elementor-element-bdeb891\" data-id=\"bdeb891\" data-element_type=\"column\" data-e-type=\"column\">\n\t\t\t<div class=\"elementor-widget-wrap elementor-element-populated\">\n\t\t\t\t\t\t<section class=\"elementor-section elementor-inner-section elementor-element elementor-element-e93096e elementor-section-boxed elementor-section-height-default elementor-section-height-default\" data-id=\"e93096e\" data-element_type=\"section\" data-e-type=\"section\">\n\t\t\t\t\t\t<div class=\"elementor-container elementor-column-gap-default\">\n\t\t\t\t\t<div class=\"elementor-column elementor-col-100 elementor-inner-column elementor-element elementor-element-81cb51a\" data-id=\"81cb51a\" data-element_type=\"column\" data-e-type=\"column\">\n\t\t\t<div class=\"elementor-widget-wrap elementor-element-populated\">\n\t\t\t\t\t\t<div class=\"elementor-element elementor-element-c1c85d5 elementor-widget elementor-widget-text-editor\" data-id=\"c1c85d5\" data-element_type=\"widget\" data-e-type=\"widget\" data-widget_type=\"text-editor.default\">\n\t\t\t\t<div class=\"elementor-widget-container\">\n\t\t\t\t\t\t\t\t\t<p><span style=\"font-weight: 400;\">N\u00e4r det g\u00e4ller vintraditioner \u00e4r Sydfrankrike k\u00e4nt som epicentrum f\u00f6r vinproduktion, d\u00e4r majoriteten av produktionen sker i den s\u00f6dra delen av landet. H\u00e4r finns ett stort urval av olika vintyper med varierande smak, struktur och komplexitet i olika prisklasser. Dessutom \u00e4r Sydfrankrike det \u00e4ldsta vinomr\u00e5det i landet, d\u00e4r Provence exempelvis var det f\u00f6rsta omr\u00e5det som planterades med vinrankor efter att grekerna anl\u00e4nde f\u00f6r m\u00e5nga \u00e5rhundraden sedan. St\u00f6rsta delen av vinet produceras i Sydfrankrike, d\u00e4r Languedoc-Roussillon st\u00e5r f\u00f6r en tredjedel av den totala produktionen, inklusive m\u00e5nga omr\u00e5den med AOC, VDP eller IGP.<\/span><\/p><p><span style=\"font-weight: 400;\">B\u00e5de i Sydfrankrike och \u00f6ver hela landet \u00e4r vinframst\u00e4llning underkastad ett mycket str\u00e4ngt system som \u00f6vervakas av vinexperter. Systemet innefattar regler f\u00f6r allt fr\u00e5n val av druvsorter, odlingstekniker, certifiering och tillverkning, allt f\u00f6r att s\u00e4kerst\u00e4lla den h\u00f6ga kvaliteten p\u00e5 vinerna.<\/span><\/p>\t\t\t\t\t\t\t\t<\/div>\n\t\t\t\t<\/div>\n\t\t\t\t\t<\/div>\n\t\t<\/div>\n\t\t\t\t\t<\/div>\n\t\t<\/section>\n\t\t\t\t\t<\/div>\n\t\t<\/div>\n\t\t\t\t\t<\/div>\n\t\t<\/section>\n\t\t\t\t<section class=\"elementor-section elementor-top-section elementor-element elementor-element-551510d elementor-section-boxed elementor-section-height-default elementor-section-height-default\" data-id=\"551510d\" data-element_type=\"section\" data-e-type=\"section\">\n\t\t\t\t\t\t<div class=\"elementor-container elementor-column-gap-default\">\n\t\t\t\t\t<div class=\"elementor-column elementor-col-100 elementor-top-column elementor-element elementor-element-61529f1\" data-id=\"61529f1\" data-element_type=\"column\" data-e-type=\"column\">\n\t\t\t<div class=\"elementor-widget-wrap elementor-element-populated\">\n\t\t\t\t\t\t<div class=\"elementor-element elementor-element-49dfeef elementor-widget elementor-widget-heading\" data-id=\"49dfeef\" data-element_type=\"widget\" data-e-type=\"widget\" data-widget_type=\"heading.default\">\n\t\t\t\t<div class=\"elementor-widget-container\">\n\t\t\t\t\t<h2 class=\"elementor-heading-title elementor-size-default\">Languedoc-Roussillon<\/h2>\t\t\t\t<\/div>\n\t\t\t\t<\/div>\n\t\t\t\t\t<\/div>\n\t\t<\/div>\n\t\t\t\t\t<\/div>\n\t\t<\/section>\n\t\t\t\t<section class=\"elementor-section elementor-top-section elementor-element elementor-element-da68f48 elementor-section-boxed elementor-section-height-default elementor-section-height-default\" data-id=\"da68f48\" data-element_type=\"section\" data-e-type=\"section\">\n\t\t\t\t\t\t<div class=\"elementor-container elementor-column-gap-default\">\n\t\t\t\t\t<div class=\"elementor-column elementor-col-100 elementor-top-column elementor-element elementor-element-f324241\" data-id=\"f324241\" data-element_type=\"column\" data-e-type=\"column\">\n\t\t\t<div class=\"elementor-widget-wrap elementor-element-populated\">\n\t\t\t\t\t\t<section class=\"elementor-section elementor-inner-section elementor-element elementor-element-ed88058 elementor-section-boxed elementor-section-height-default elementor-section-height-default\" data-id=\"ed88058\" data-element_type=\"section\" data-e-type=\"section\">\n\t\t\t\t\t\t<div class=\"elementor-container elementor-column-gap-default\">\n\t\t\t\t\t<div class=\"elementor-column elementor-col-100 elementor-inner-column elementor-element elementor-element-cbe605a\" data-id=\"cbe605a\" data-element_type=\"column\" data-e-type=\"column\">\n\t\t\t<div class=\"elementor-widget-wrap elementor-element-populated\">\n\t\t\t\t\t\t<div class=\"elementor-element elementor-element-5dcf70f elementor-widget elementor-widget-text-editor\" data-id=\"5dcf70f\" data-element_type=\"widget\" data-e-type=\"widget\" data-widget_type=\"text-editor.default\">\n\t\t\t\t<div class=\"elementor-widget-container\">\n\t\t\t\t\t\t\t\t\t<p><span style=\"font-weight: 400;\">Languedoc-Roussillon \u00e4r en region som str\u00e4cker sig fr\u00e5n bergen till havet och pr\u00e4glas av unik och varierad terr\u00e4ng med en stor m\u00e4ngd ekologiska ving\u00e5rdar. Med sin placering i sydv\u00e4stra Frankrike l\u00e4ngs Medelhavskusten \u00e4r Languedoc-Roussillon k\u00e4nt f\u00f6r att odla druvsorter som Carignan, Grenache, Syrah och Mourv\u00e8dre f\u00f6r r\u00f6da viner, samt Sauvignon Blanc, Roussanne, Grenache Blanc, Vermentino (Roll) och Chardonnay f\u00f6r vita viner. N\u00e5gra av de k\u00e4nda vinerna fr\u00e5n omr\u00e5det kommer fr\u00e5n Corbi\u00e8res, Minervois, Pic Saint Loup, Faug\u00e8res, St. Chinian, Gres de Montpellier f\u00f6r r\u00f6da viner och Picpoul de Pinet f\u00f6r vita viner. Det finns ocks\u00e5 flera <a href=\"https:\/\/detfranskevinhus.com\/sv\/appellations-3\/\">appellationer<\/a> i Languedoc-Roussillon som \u00e5terspeglar regionens breda m\u00e5ngfald i landskapet med sina egna jordar, klimat och druvor. Dessutom \u00e4r omr\u00e5det k\u00e4nt f\u00f6r sina <a href=\"https:\/\/detfranskevinhus.com\/sv\/grapes-5\/\">blandningar<\/a> inom vinproduktionen.<\/span><\/p><p><span style=\"font-weight: 400;\">Ving\u00e5rdarna i Languedoc-regionen \u00e4r vanligtvis bel\u00e4gna l\u00e4ngs kustsl\u00e4tterna vid Medelhavet, medan ving\u00e5rdarna i Roussillon finns i sm\u00e5 dalar runt Pyren\u00e9erna. Den h\u00f6gsta tillv\u00e4xt s\u00e4songen, mellan maj och augusti, \u00e4r mycket torr, och det mesta av \u00e5rlig nederb\u00f6rd sker p\u00e5 vintern. I Languedoc \u00e4r sl\u00e4tten det torraste och varmaste omr\u00e5det i Frankrike. Regionens medelhavsklimat \u00e4r mycket gynnsamt f\u00f6r odling av en stor m\u00e4ngd olika druvsorter, d\u00e4r vinodlare i omr\u00e5det utm\u00e4rker sig inom massproduktion. Den genomsnittliga \u00e5rliga temperaturen \u00e4r 15\u00b0C med 320 soliga dagar om \u00e5ret.<\/span><\/p>\t\t\t\t\t\t\t\t<\/div>\n\t\t\t\t<\/div>\n\t\t\t\t\t<\/div>\n\t\t<\/div>\n\t\t\t\t\t<\/div>\n\t\t<\/section>\n\t\t\t\t\t<\/div>\n\t\t<\/div>\n\t\t\t\t\t<\/div>\n\t\t<\/section>\n\t\t\t\t<section class=\"elementor-section elementor-top-section elementor-element elementor-element-622db71 elementor-section-boxed elementor-section-height-default elementor-section-height-default\" data-id=\"622db71\" data-element_type=\"section\" data-e-type=\"section\">\n\t\t\t\t\t\t<div class=\"elementor-container elementor-column-gap-default\">\n\t\t\t\t\t<div class=\"elementor-column elementor-col-100 elementor-top-column elementor-element elementor-element-62a267b\" data-id=\"62a267b\" data-element_type=\"column\" data-e-type=\"column\">\n\t\t\t<div class=\"elementor-widget-wrap elementor-element-populated\">\n\t\t\t\t\t\t<div class=\"elementor-element elementor-element-e810cbd elementor-widget elementor-widget-heading\" data-id=\"e810cbd\" data-element_type=\"widget\" data-e-type=\"widget\" data-widget_type=\"heading.default\">\n\t\t\t\t<div class=\"elementor-widget-container\">\n\t\t\t\t\t<h2 class=\"elementor-heading-title elementor-size-default\">Provence<\/h2>\t\t\t\t<\/div>\n\t\t\t\t<\/div>\n\t\t\t\t\t<\/div>\n\t\t<\/div>\n\t\t\t\t\t<\/div>\n\t\t<\/section>\n\t\t\t\t<section class=\"elementor-section elementor-top-section elementor-element elementor-element-81b83e1 elementor-section-boxed elementor-section-height-default elementor-section-height-default\" data-id=\"81b83e1\" data-element_type=\"section\" data-e-type=\"section\">\n\t\t\t\t\t\t<div class=\"elementor-container elementor-column-gap-default\">\n\t\t\t\t\t<div class=\"elementor-column elementor-col-100 elementor-top-column elementor-element elementor-element-6031c02\" data-id=\"6031c02\" data-element_type=\"column\" data-e-type=\"column\">\n\t\t\t<div class=\"elementor-widget-wrap elementor-element-populated\">\n\t\t\t\t\t\t<section class=\"elementor-section elementor-inner-section elementor-element elementor-element-b5d4a2a elementor-section-boxed elementor-section-height-default elementor-section-height-default\" data-id=\"b5d4a2a\" data-element_type=\"section\" data-e-type=\"section\">\n\t\t\t\t\t\t<div class=\"elementor-container elementor-column-gap-default\">\n\t\t\t\t\t<div class=\"elementor-column elementor-col-100 elementor-inner-column elementor-element elementor-element-3f8c8dd\" data-id=\"3f8c8dd\" data-element_type=\"column\" data-e-type=\"column\">\n\t\t\t<div class=\"elementor-widget-wrap elementor-element-populated\">\n\t\t\t\t\t\t<div class=\"elementor-element elementor-element-6aebc5c elementor-widget elementor-widget-text-editor\" data-id=\"6aebc5c\" data-element_type=\"widget\" data-e-type=\"widget\" data-widget_type=\"text-editor.default\">\n\t\t\t\t<div class=\"elementor-widget-container\">\n\t\t\t\t\t\t\t\t\t<p><span style=\"font-weight: 400;\">Provence \u00e4r en region i syd\u00f6stra Frankrike som \u00e4r mest k\u00e4nd f\u00f6r sina ros\u00e9viner. Druvsorter som Grenache, Cinsault, Syrah och Mourv\u00e8dre anv\u00e4nds f\u00f6r att skapa de popul\u00e4ra ros\u00e9vinerna. Omr\u00e5dets kuperade terr\u00e4ng \u00e5terspeglar de olika h\u00f6jderna och markf\u00f6rh\u00e5llandena som ger upphov till varierande mikroklimat f\u00f6r vinodlare att arbeta med. Dessutom skyddar de m\u00e5nga sluttningarna ocks\u00e5 ving\u00e5rdarna fr\u00e5n vindar som bl\u00e5ser genom regionen. De generella karakt\u00e4rsdragen f\u00f6r terr\u00e4ngen \u00e4r kalksten och kristallin jord, vilket ger vinerna fr\u00e5n Provence en frisk syra. De unika dofterna, smakerna och karakt\u00e4ristiska dragen i viner fr\u00e5n Provence beror p\u00e5 \u00f6rtblandningen, \u00e4ven k\u00e4nd som Garrigue, och doften av vild lavendel, enb\u00e4r och andra medelhavsv\u00e4xter som v\u00e4xer \u00f6ver hela regionen.<\/span><\/p><p><span style=\"font-weight: 400;\">Provence \u00e4r ber\u00f6mt f\u00f6r sina eleganta och torra ros\u00e9viner, inklusive namn som C\u00f4tes de Provence och Bandol.<\/span><\/p><p><span style=\"font-weight: 400;\">C\u00f4tes de Provence, ocks\u00e5 k\u00e4nt som den st\u00f6rsta appellationen, str\u00e4cker sig fr\u00e5n utkanten av Marseille, ner till Toulon och l\u00e4ngs kusten in i St. Tropez. Omr\u00e5det \u00e4r k\u00e4nt f\u00f6r sin varierande terr\u00e4ng med skiftande nederb\u00f6rd och markf\u00f6rh\u00e5llanden. Dessutom har de inre markerarna svalare temperaturer medan kustomr\u00e5dena har varmare temperaturer och mer nederb\u00f6rd. H\u00e4r produceras fr\u00e4mst ros\u00e9blandningar, huvudsakligen gjorda av druvsorterna grenache, syrah och mourv\u00e8dre. Bandol, en liten men framst\u00e5ende appellation, \u00e4r k\u00e4nt f\u00f6r att producera vin baserat p\u00e5 druvan mourv\u00e8dre. Omr\u00e5det \u00e4r k\u00e4nt f\u00f6r sitt varma klimat och brisen fr\u00e5n Medelhavet samt \u00f6rtiga egenskaper som \u00e4r unika f\u00f6r regionen.<\/span><\/p>\t\t\t\t\t\t\t\t<\/div>\n\t\t\t\t<\/div>\n\t\t\t\t\t<\/div>\n\t\t<\/div>\n\t\t\t\t\t<\/div>\n\t\t<\/section>\n\t\t\t\t\t<\/div>\n\t\t<\/div>\n\t\t\t\t\t<\/div>\n\t\t<\/section>\n\t\t\t\t<\/div>\n\t\t","protected":false},"excerpt":{"rendered":"<p>Vinregionen i s\u00f6dra Frankrike S\u00f6dra franska vintraditionen N\u00e4r det g\u00e4ller vintraditioner \u00e4r Sydfrankrike k\u00e4nt som epicentrum f\u00f6r vinproduktion, d\u00e4r majoriteten av produktionen sker i den s\u00f6dra delen av landet. H\u00e4r finns ett stort urval av olika vintyper med varierande smak, struktur och komplexitet i olika prisklasser. Dessutom \u00e4r Sydfrankrike det \u00e4ldsta vinomr\u00e5det i landet, d\u00e4r [&hellip;]<\/p>\n","protected":false},"author":2,"featured_media":0,"parent":0,"menu_order":5,"comment_status":"closed","ping_status":"closed","template":"","meta":{"_acf_changed":false,"site-sidebar-layout":"no-sidebar","site-content-layout":"page-builder","ast-site-content-layout":"default","site-content-style":"default","site-sidebar-style":"default","ast-global-header-display":"","ast-banner-title-visibility":"","ast-main-header-display":"","ast-hfb-above-header-display":"","ast-hfb-below-header-display":"","ast-hfb-mobile-header-display":"","site-post-title":"disabled","ast-breadcrumbs-content":"","ast-featured-img":"disabled","footer-sml-layout":"","ast-disable-related-posts":"","theme-transparent-header-meta":"","adv-header-id-meta":"","stick-header-meta":"","header-above-stick-meta":"","header-main-stick-meta":"","header-below-stick-meta":"","astra-migrate-meta-layouts":"set","ast-page-background-enabled":"default","ast-page-background-meta":{"desktop":{"background-color":"","background-image":"","background-repeat":"repeat","background-position":"center center","background-size":"auto","background-attachment":"scroll","background-type":"","background-media":"","overlay-type":"","overlay-color":"","overlay-opacity":"","overlay-gradient":""},"tablet":{"background-color":"","background-image":"","background-repeat":"repeat","background-position":"center center","background-size":"auto","background-attachment":"scroll","background-type":"","background-media":"","overlay-type":"","overlay-color":"","overlay-opacity":"","overlay-gradient":""},"mobile":{"background-color":"","background-image":"","background-repeat":"repeat","background-position":"center center","background-size":"auto","background-attachment":"scroll","background-type":"","background-media":"","overlay-type":"","overlay-color":"","overlay-opacity":"","overlay-gradient":""}},"ast-content-background-meta":{"desktop":{"background-color":"var(--ast-global-color-5)","background-image":"","background-repeat":"repeat","background-position":"center center","background-size":"auto","background-attachment":"scroll","background-type":"","background-media":"","overlay-type":"","overlay-color":"","overlay-opacity":"","overlay-gradient":""},"tablet":{"background-color":"var(--ast-global-color-5)","background-image":"","background-repeat":"repeat","background-position":"center center","background-size":"auto","background-attachment":"scroll","background-type":"","background-media":"","overlay-type":"","overlay-color":"","overlay-opacity":"","overlay-gradient":""},"mobile":{"background-color":"var(--ast-global-color-5)","background-image":"","background-repeat":"repeat","background-position":"center center","background-size":"auto","background-attachment":"scroll","background-type":"","background-media":"","overlay-type":"","overlay-color":"","overlay-opacity":"","overlay-gradient":""}},"footnotes":""},"class_list":["post-1000000027116","page","type-page","status-publish","hentry"],"acf":[],"yoast_head":"<!-- This site is optimized with the Yoast SEO plugin v27.3 - https:\/\/yoast.com\/product\/yoast-seo-wordpress\/ -->\n<title>Vinregionen i s\u00f6dra Frankrike - Det Franske Vinhus<\/title>\n<meta name=\"robots\" content=\"index, follow, max-snippet:-1, max-image-preview:large, max-video-preview:-1\" \/>\n<link rel=\"canonical\" href=\"https:\/\/detfranskevinhus.com\/sv\/vinregionen-i-sodra-frankrike\/\" \/>\n<meta property=\"og:locale\" content=\"sv_SE\" \/>\n<meta property=\"og:type\" content=\"article\" \/>\n<meta property=\"og:title\" content=\"Vinregionen i s\u00f6dra Frankrike - Det Franske Vinhus\" \/>\n<meta property=\"og:description\" content=\"Vinregionen i s\u00f6dra Frankrike S\u00f6dra franska vintraditionen N\u00e4r det g\u00e4ller vintraditioner \u00e4r Sydfrankrike k\u00e4nt som epicentrum f\u00f6r vinproduktion, d\u00e4r majoriteten av produktionen sker i den s\u00f6dra delen av landet. H\u00e4r finns ett stort urval av olika vintyper med varierande smak, struktur och komplexitet i olika prisklasser. Dessutom \u00e4r Sydfrankrike det \u00e4ldsta vinomr\u00e5det i landet, d\u00e4r [&hellip;]\" \/>\n<meta property=\"og:url\" content=\"https:\/\/detfranskevinhus.com\/sv\/vinregionen-i-sodra-frankrike\/\" \/>\n<meta property=\"og:site_name\" content=\"Det Franske Vinhus\" \/>\n<meta property=\"article:modified_time\" content=\"2024-02-11T14:58:19+00:00\" \/>\n<meta name=\"twitter:card\" content=\"summary_large_image\" \/>\n<meta name=\"twitter:label1\" content=\"Ber\u00e4knad l\u00e4stid\" \/>\n\t<meta name=\"twitter:data1\" content=\"3 minuter\" \/>\n<script type=\"application\/ld+json\" class=\"yoast-schema-graph\">{\"@context\":\"https:\\\/\\\/schema.org\",\"@graph\":[{\"@type\":\"WebPage\",\"@id\":\"https:\\\/\\\/detfranskevinhus.com\\\/sv\\\/vinregionen-i-sodra-frankrike\\\/\",\"url\":\"https:\\\/\\\/detfranskevinhus.com\\\/sv\\\/vinregionen-i-sodra-frankrike\\\/\",\"name\":\"Vinregionen i s\u00f6dra Frankrike - Det Franske Vinhus\",\"isPartOf\":{\"@id\":\"https:\\\/\\\/detfranskevinhus.com\\\/sv\\\/#website\"},\"datePublished\":\"2024-02-11T14:55:26+00:00\",\"dateModified\":\"2024-02-11T14:58:19+00:00\",\"inLanguage\":\"sv-SE\",\"potentialAction\":[{\"@type\":\"ReadAction\",\"target\":[\"https:\\\/\\\/detfranskevinhus.com\\\/sv\\\/vinregionen-i-sodra-frankrike\\\/\"]}]},{\"@type\":\"WebSite\",\"@id\":\"https:\\\/\\\/detfranskevinhus.com\\\/sv\\\/#website\",\"url\":\"https:\\\/\\\/detfranskevinhus.com\\\/sv\\\/\",\"name\":\"Det Franske Vinhus\",\"description\":\"\",\"publisher\":{\"@id\":\"https:\\\/\\\/detfranskevinhus.com\\\/sv\\\/#organization\"},\"potentialAction\":[{\"@type\":\"SearchAction\",\"target\":{\"@type\":\"EntryPoint\",\"urlTemplate\":\"https:\\\/\\\/detfranskevinhus.com\\\/sv\\\/?s={search_term_string}\"},\"query-input\":{\"@type\":\"PropertyValueSpecification\",\"valueRequired\":true,\"valueName\":\"search_term_string\"}}],\"inLanguage\":\"sv-SE\"},{\"@type\":\"Organization\",\"@id\":\"https:\\\/\\\/detfranskevinhus.com\\\/sv\\\/#organization\",\"name\":\"Det Franske Vinhus\",\"url\":\"https:\\\/\\\/detfranskevinhus.com\\\/sv\\\/\",\"logo\":{\"@type\":\"ImageObject\",\"inLanguage\":\"sv-SE\",\"@id\":\"https:\\\/\\\/detfranskevinhus.com\\\/sv\\\/#\\\/schema\\\/logo\\\/image\\\/\",\"url\":\"https:\\\/\\\/detfranskevinhus.com\\\/wp-content\\\/uploads\\\/2023\\\/07\\\/01_DFV_Logo_www_01-02-copy.jpg\",\"contentUrl\":\"https:\\\/\\\/detfranskevinhus.com\\\/wp-content\\\/uploads\\\/2023\\\/07\\\/01_DFV_Logo_www_01-02-copy.jpg\",\"width\":992,\"height\":482,\"caption\":\"Det Franske Vinhus\"},\"image\":{\"@id\":\"https:\\\/\\\/detfranskevinhus.com\\\/sv\\\/#\\\/schema\\\/logo\\\/image\\\/\"}}]}<\/script>\n<!-- \/ Yoast SEO plugin. -->","yoast_head_json":{"title":"Vinregionen i s\u00f6dra Frankrike - Det Franske Vinhus","robots":{"index":"index","follow":"follow","max-snippet":"max-snippet:-1","max-image-preview":"max-image-preview:large","max-video-preview":"max-video-preview:-1"},"canonical":"https:\/\/detfranskevinhus.com\/sv\/vinregionen-i-sodra-frankrike\/","og_locale":"sv_SE","og_type":"article","og_title":"Vinregionen i s\u00f6dra Frankrike - Det Franske Vinhus","og_description":"Vinregionen i s\u00f6dra Frankrike S\u00f6dra franska vintraditionen N\u00e4r det g\u00e4ller vintraditioner \u00e4r Sydfrankrike k\u00e4nt som epicentrum f\u00f6r vinproduktion, d\u00e4r majoriteten av produktionen sker i den s\u00f6dra delen av landet. H\u00e4r finns ett stort urval av olika vintyper med varierande smak, struktur och komplexitet i olika prisklasser. Dessutom \u00e4r Sydfrankrike det \u00e4ldsta vinomr\u00e5det i landet, d\u00e4r [&hellip;]","og_url":"https:\/\/detfranskevinhus.com\/sv\/vinregionen-i-sodra-frankrike\/","og_site_name":"Det Franske Vinhus","article_modified_time":"2024-02-11T14:58:19+00:00","twitter_card":"summary_large_image","twitter_misc":{"Ber\u00e4knad l\u00e4stid":"3 minuter"},"schema":{"@context":"https:\/\/schema.org","@graph":[{"@type":"WebPage","@id":"https:\/\/detfranskevinhus.com\/sv\/vinregionen-i-sodra-frankrike\/","url":"https:\/\/detfranskevinhus.com\/sv\/vinregionen-i-sodra-frankrike\/","name":"Vinregionen i s\u00f6dra Frankrike - Det Franske Vinhus","isPartOf":{"@id":"https:\/\/detfranskevinhus.com\/sv\/#website"},"datePublished":"2024-02-11T14:55:26+00:00","dateModified":"2024-02-11T14:58:19+00:00","inLanguage":"sv-SE","potentialAction":[{"@type":"ReadAction","target":["https:\/\/detfranskevinhus.com\/sv\/vinregionen-i-sodra-frankrike\/"]}]},{"@type":"WebSite","@id":"https:\/\/detfranskevinhus.com\/sv\/#website","url":"https:\/\/detfranskevinhus.com\/sv\/","name":"Det Franske Vinhus","description":"","publisher":{"@id":"https:\/\/detfranskevinhus.com\/sv\/#organization"},"potentialAction":[{"@type":"SearchAction","target":{"@type":"EntryPoint","urlTemplate":"https:\/\/detfranskevinhus.com\/sv\/?s={search_term_string}"},"query-input":{"@type":"PropertyValueSpecification","valueRequired":true,"valueName":"search_term_string"}}],"inLanguage":"sv-SE"},{"@type":"Organization","@id":"https:\/\/detfranskevinhus.com\/sv\/#organization","name":"Det Franske Vinhus","url":"https:\/\/detfranskevinhus.com\/sv\/","logo":{"@type":"ImageObject","inLanguage":"sv-SE","@id":"https:\/\/detfranskevinhus.com\/sv\/#\/schema\/logo\/image\/","url":"https:\/\/detfranskevinhus.com\/wp-content\/uploads\/2023\/07\/01_DFV_Logo_www_01-02-copy.jpg","contentUrl":"https:\/\/detfranskevinhus.com\/wp-content\/uploads\/2023\/07\/01_DFV_Logo_www_01-02-copy.jpg","width":992,"height":482,"caption":"Det Franske Vinhus"},"image":{"@id":"https:\/\/detfranskevinhus.com\/sv\/#\/schema\/logo\/image\/"}}]}},"_links":{"self":[{"href":"https:\/\/detfranskevinhus.com\/sv\/wp-json\/wp\/v2\/pages\/1000000027116","targetHints":{"allow":["GET"]}}],"collection":[{"href":"https:\/\/detfranskevinhus.com\/sv\/wp-json\/wp\/v2\/pages"}],"about":[{"href":"https:\/\/detfranskevinhus.com\/sv\/wp-json\/wp\/v2\/types\/page"}],"author":[{"embeddable":true,"href":"https:\/\/detfranskevinhus.com\/sv\/wp-json\/wp\/v2\/users\/2"}],"replies":[{"embeddable":true,"href":"https:\/\/detfranskevinhus.com\/sv\/wp-json\/wp\/v2\/comments?post=1000000027116"}],"version-history":[{"count":4,"href":"https:\/\/detfranskevinhus.com\/sv\/wp-json\/wp\/v2\/pages\/1000000027116\/revisions"}],"predecessor-version":[{"id":1000000027120,"href":"https:\/\/detfranskevinhus.com\/sv\/wp-json\/wp\/v2\/pages\/1000000027116\/revisions\/1000000027120"}],"wp:attachment":[{"href":"https:\/\/detfranskevinhus.com\/sv\/wp-json\/wp\/v2\/media?parent=1000000027116"}],"curies":[{"name":"wp","href":"https:\/\/api.w.org\/{rel}","templated":true}]}}