{"id":1000000024066,"date":"2023-02-10T11:50:16","date_gmt":"2023-02-10T10:50:16","guid":{"rendered":"https:\/\/detfranskevinhus.com\/?page_id=1000000024066"},"modified":"2023-09-12T15:12:44","modified_gmt":"2023-09-12T13:12:44","slug":"lafranceshop","status":"publish","type":"page","link":"https:\/\/detfranskevinhus.com\/sv\/lafranceshop\/","title":{"rendered":"lafranceshop"},"content":{"rendered":"\t\t<div data-elementor-type=\"wp-page\" data-elementor-id=\"1000000024066\" class=\"elementor elementor-1000000024066\" data-elementor-post-type=\"page\">\n\t\t\t\t\t\t<section class=\"elementor-section elementor-top-section elementor-element elementor-element-55ed7de elementor-section-content-middle elementor-section-full_width elementor-section-height-default elementor-section-height-default\" data-id=\"55ed7de\" data-element_type=\"section\" data-e-type=\"section\" data-settings=\"{&quot;background_background&quot;:&quot;classic&quot;}\">\n\t\t\t\t\t\t\t<div class=\"elementor-background-overlay\"><\/div>\n\t\t\t\t\t\t\t<div class=\"elementor-container elementor-column-gap-no\">\n\t\t\t\t\t<div class=\"elementor-column elementor-col-100 elementor-top-column elementor-element elementor-element-26c6854e\" data-id=\"26c6854e\" data-element_type=\"column\" data-e-type=\"column\" data-settings=\"{&quot;background_background&quot;:&quot;classic&quot;}\">\n\t\t\t<div class=\"elementor-widget-wrap elementor-element-populated\">\n\t\t\t\t\t\t<div class=\"elementor-element elementor-element-10d63eb elementor-widget__width-inherit animated-slow elementor-widget elementor-widget-image\" data-id=\"10d63eb\" data-element_type=\"widget\" data-e-type=\"widget\" data-settings=\"{&quot;_animation&quot;:&quot;none&quot;}\" data-widget_type=\"image.default\">\n\t\t\t\t<div class=\"elementor-widget-container\">\n\t\t\t\t\t\t\t\t\t\t\t\t\t\t\t<img fetchpriority=\"high\" decoding=\"async\" width=\"1267\" height=\"784\" src=\"https:\/\/detfranskevinhus.com\/wp-content\/uploads\/2023\/02\/Paul-butik_1.png\" class=\"attachment-full size-full wp-image-1000000024236\" alt=\"\" srcset=\"https:\/\/detfranskevinhus.com\/wp-content\/uploads\/2023\/02\/Paul-butik_1.png 1267w, https:\/\/detfranskevinhus.com\/wp-content\/uploads\/2023\/02\/Paul-butik_1-400x248.png 400w, https:\/\/detfranskevinhus.com\/wp-content\/uploads\/2023\/02\/Paul-butik_1-600x371.png 600w, https:\/\/detfranskevinhus.com\/wp-content\/uploads\/2023\/02\/Paul-butik_1-300x186.png 300w, https:\/\/detfranskevinhus.com\/wp-content\/uploads\/2023\/02\/Paul-butik_1-1024x634.png 1024w, https:\/\/detfranskevinhus.com\/wp-content\/uploads\/2023\/02\/Paul-butik_1-768x475.png 768w\" sizes=\"(max-width: 1267px) 100vw, 1267px\" \/>\t\t\t\t\t\t\t\t\t\t\t\t\t\t\t<\/div>\n\t\t\t\t<\/div>\n\t\t\t\t<div class=\"elementor-element elementor-element-60d761d5 elementor-widget elementor-widget-heading\" data-id=\"60d761d5\" data-element_type=\"widget\" data-e-type=\"widget\" data-widget_type=\"heading.default\">\n\t\t\t\t<div class=\"elementor-widget-container\">\n\t\t\t\t\t<p class=\"elementor-heading-title elementor-size-default\">NORDSJ\u00c6LLANDS FRANSKE<br><b>MARKEDSPLADS<\/b><br><b>Fransk for\u00e5r i Helsing\u00f8r !<\/b><br><b>9-10. juni 2023 <\/b><br><b>P\u00e5 gensyn i 2024 <\/b><br>Tak til alle g\u00e6ster, udstillere og sponsorer<br>Det blev en historisk dag p\u00e5 Wiibroes Plads, <br>med sol over Kronborg<\/p>\t\t\t\t<\/div>\n\t\t\t\t<\/div>\n\t\t\t\t<section class=\"elementor-section elementor-inner-section elementor-element elementor-element-3cc44aa elementor-section-boxed elementor-section-height-default elementor-section-height-default\" data-id=\"3cc44aa\" data-element_type=\"section\" data-e-type=\"section\">\n\t\t\t\t\t\t<div class=\"elementor-container elementor-column-gap-default\">\n\t\t\t\t\t<div class=\"elementor-column elementor-col-100 elementor-inner-column elementor-element elementor-element-8e56e83\" data-id=\"8e56e83\" data-element_type=\"column\" data-e-type=\"column\">\n\t\t\t<div class=\"elementor-widget-wrap elementor-element-populated\">\n\t\t\t\t\t\t<div class=\"elementor-element elementor-element-db9f2ed elementor-widget elementor-widget-text-editor\" data-id=\"db9f2ed\" data-element_type=\"widget\" data-e-type=\"widget\" data-widget_type=\"text-editor.default\">\n\t\t\t\t<div class=\"elementor-widget-container\">\n\t\t\t\t\t\t\t\t\t<p style=\"font-size: 30px; font-style: normal; color: #ffffff; text-align: center;\"><b>TILMELD JER NYHEDSBREV (NEDERST P\u00c5 SIDEN)\u00a0<\/b><b style=\"background-color: var( --e-global-color-7a5217a0 );\">OG F\u00c5 L\u00d8BENDE INFORMATIONER OM DEN NYE FRANSKE MARKEDSPLADS I NORDSJ\u00c6LLAND<\/b><\/p><p style=\"font-size: 30px; font-style: normal; color: #ffffff; text-align: center;\"><b>Signe og Paul er passionerede vinimport\u00f8rer med speciale i sydfranske vine &#8211; og nu k\u00f8rer de\u00a0<span style=\"font-size: 30px;\">la FRANCE shop<\/span>\u00a0videre i samarbejde med Finn og Sidsel.<\/b><\/p><p style=\"font-size: 30px; font-style: normal; color: #ffffff; text-align: center;\"><b>WINES OF LANGUEDOC OG LA FRANCE SHOP FUSIONERER OG NYT NAVN :<\/b><\/p><p style=\"font-size: 30px; font-style: normal; color: #ffffff; text-align: center;\"><b>DET FRANSKE VINHUS\u00a0<\/b><\/p><p style=\"font-size: 30px; font-style: normal; color: #ffffff; text-align: center;\"><span style=\"background-color: var( --e-global-color-7a5217a0 ); font-size: 30px; font-style: normal;\"><b>Sortimentet udbygges l\u00f8bende til at d\u00e6kke hele Frankrig.\u00a0<\/b><\/span><\/p><p style=\"font-size: 30px; font-style: normal; color: #ffffff; text-align: center;\"><span style=\"background-color: var( --e-global-color-7a5217a0 ); font-size: 30px; font-style: normal;\"><b>Vi har i portef\u00f8ljen +500 vine\u00a0<\/b><\/span><\/p><p style=\"font-size: 30px; font-style: normal; color: #ffffff; text-align: center;\"><b><span style=\"font-size: 30px;\">Tryk p\u00e5 knappen herunder og se vores\u00a0P\u00e5sketilbud<\/span>\u00a0(begr\u00e6nset antal)<\/b><\/p>\t\t\t\t\t\t\t\t<\/div>\n\t\t\t\t<\/div>\n\t\t\t\t\t<\/div>\n\t\t<\/div>\n\t\t\t\t\t<\/div>\n\t\t<\/section>\n\t\t\t\t<div class=\"elementor-element elementor-element-4fbf04a elementor-align-center elementor-widget elementor-widget-button\" data-id=\"4fbf04a\" data-element_type=\"widget\" data-e-type=\"widget\" data-widget_type=\"button.default\">\n\t\t\t\t<div class=\"elementor-widget-container\">\n\t\t\t\t\t\t\t\t\t<div class=\"elementor-button-wrapper\">\n\t\t\t\t\t<a class=\"elementor-button elementor-button-link elementor-size-xl\" href=\"https:\/\/detfranskevinhus.com\/vare\/vive-la-france-smagekasse\/\">\n\t\t\t\t\t\t<span class=\"elementor-button-content-wrapper\">\n\t\t\t\t\t\t<span class=\"elementor-button-icon\">\n\t\t\t\t<i aria-hidden=\"true\" class=\"fas fa-wine-glass-alt\"><\/i>\t\t\t<\/span>\n\t\t\t\t\t\t\t\t\t<span class=\"elementor-button-text\">G\u00e5 til tilbud <\/span>\n\t\t\t\t\t<\/span>\n\t\t\t\t\t<\/a>\n\t\t\t\t<\/div>\n\t\t\t\t\t\t\t\t<\/div>\n\t\t\t\t<\/div>\n\t\t\t\t<div class=\"elementor-element elementor-element-c89c8d3 elementor-widget elementor-widget-text-editor\" data-id=\"c89c8d3\" data-element_type=\"widget\" data-e-type=\"widget\" data-widget_type=\"text-editor.default\">\n\t\t\t\t<div class=\"elementor-widget-container\">\n\t\t\t\t\t\t\t\t\t<p>Bes\u00f8g Det Franske Vinhus\u00a0<br \/><strong>Stengade 48a, 3000 Helsing\u00f8r<\/strong><br \/>Tlf. 5352 8977 \/ 2225 2646<\/p><p>Venlig hilsen og p\u00e5 gensyn<br \/>Signe, Paul, Sidsel og Finn<\/p>\t\t\t\t\t\t\t\t<\/div>\n\t\t\t\t<\/div>\n\t\t\t\t<section class=\"elementor-section elementor-inner-section elementor-element elementor-element-83e9c4a elementor-section-boxed elementor-section-height-default elementor-section-height-default\" data-id=\"83e9c4a\" data-element_type=\"section\" data-e-type=\"section\">\n\t\t\t\t\t\t<div class=\"elementor-container elementor-column-gap-default\">\n\t\t\t\t\t<div class=\"elementor-column elementor-col-50 elementor-inner-column elementor-element elementor-element-4cca6bd\" data-id=\"4cca6bd\" data-element_type=\"column\" data-e-type=\"column\">\n\t\t\t<div class=\"elementor-widget-wrap elementor-element-populated\">\n\t\t\t\t\t\t<div class=\"elementor-element elementor-element-e0fe229 elementor-widget elementor-widget-image\" data-id=\"e0fe229\" data-element_type=\"widget\" data-e-type=\"widget\" data-widget_type=\"image.default\">\n\t\t\t\t<div class=\"elementor-widget-container\">\n\t\t\t\t\t\t\t\t\t\t\t\t\t\t\t<img decoding=\"async\" width=\"945\" height=\"648\" src=\"https:\/\/detfranskevinhus.com\/wp-content\/uploads\/2023\/02\/IMG_0459_1-1.jpg\" class=\"attachment-large size-large wp-image-1000000024244\" alt=\"\" srcset=\"https:\/\/detfranskevinhus.com\/wp-content\/uploads\/2023\/02\/IMG_0459_1-1.jpg 945w, https:\/\/detfranskevinhus.com\/wp-content\/uploads\/2023\/02\/IMG_0459_1-1-400x274.jpg 400w, https:\/\/detfranskevinhus.com\/wp-content\/uploads\/2023\/02\/IMG_0459_1-1-600x411.jpg 600w, https:\/\/detfranskevinhus.com\/wp-content\/uploads\/2023\/02\/IMG_0459_1-1-300x206.jpg 300w, https:\/\/detfranskevinhus.com\/wp-content\/uploads\/2023\/02\/IMG_0459_1-1-768x527.jpg 768w\" sizes=\"(max-width: 945px) 100vw, 945px\" \/>\t\t\t\t\t\t\t\t\t\t\t\t\t\t\t<\/div>\n\t\t\t\t<\/div>\n\t\t\t\t\t<\/div>\n\t\t<\/div>\n\t\t\t\t<div class=\"elementor-column elementor-col-50 elementor-inner-column elementor-element elementor-element-305e91f\" data-id=\"305e91f\" data-element_type=\"column\" data-e-type=\"column\">\n\t\t\t<div class=\"elementor-widget-wrap elementor-element-populated\">\n\t\t\t\t\t\t<div class=\"elementor-element elementor-element-1942a6a elementor-widget elementor-widget-image\" data-id=\"1942a6a\" data-element_type=\"widget\" data-e-type=\"widget\" data-widget_type=\"image.default\">\n\t\t\t\t<div class=\"elementor-widget-container\">\n\t\t\t\t\t\t\t\t\t\t\t\t\t\t\t<img decoding=\"async\" width=\"945\" height=\"648\" src=\"https:\/\/detfranskevinhus.com\/wp-content\/uploads\/2023\/02\/IMG_0459_1.jpg\" class=\"attachment-large size-large wp-image-1000000024083\" alt=\"\" srcset=\"https:\/\/detfranskevinhus.com\/wp-content\/uploads\/2023\/02\/IMG_0459_1.jpg 945w, https:\/\/detfranskevinhus.com\/wp-content\/uploads\/2023\/02\/IMG_0459_1-400x274.jpg 400w, https:\/\/detfranskevinhus.com\/wp-content\/uploads\/2023\/02\/IMG_0459_1-600x411.jpg 600w, https:\/\/detfranskevinhus.com\/wp-content\/uploads\/2023\/02\/IMG_0459_1-300x206.jpg 300w, https:\/\/detfranskevinhus.com\/wp-content\/uploads\/2023\/02\/IMG_0459_1-768x527.jpg 768w\" sizes=\"(max-width: 945px) 100vw, 945px\" \/>\t\t\t\t\t\t\t\t\t\t\t\t\t\t\t<\/div>\n\t\t\t\t<\/div>\n\t\t\t\t\t<\/div>\n\t\t<\/div>\n\t\t\t\t\t<\/div>\n\t\t<\/section>\n\t\t\t\t<div class=\"elementor-element elementor-element-7cab145 elementor-widget elementor-widget-text-editor\" data-id=\"7cab145\" data-element_type=\"widget\" data-e-type=\"widget\" data-widget_type=\"text-editor.default\">\n\t\t\t\t<div class=\"elementor-widget-container\">\n\t\t\t\t\t\t\t\t\t<p><br \/>info@detfranskevinhus.com<\/p>\t\t\t\t\t\t\t\t<\/div>\n\t\t\t\t<\/div>\n\t\t\t\t\t<\/div>\n\t\t<\/div>\n\t\t\t\t\t<\/div>\n\t\t<\/section>\n\t\t\t\t<\/div>\n\t\t","protected":false},"excerpt":{"rendered":"<p>NORDSJ\u00c6LLANDS FRANSKEMARKEDSPLADSFransk for\u00e5r i Helsing\u00f8r !9-10. juni 2023 P\u00e5 gensyn i 2024 Tak til alle g\u00e6ster, udstillere og sponsorerDet blev en historisk dag p\u00e5 Wiibroes Plads, med sol over Kronborg TILMELD JER NYHEDSBREV (NEDERST P\u00c5 SIDEN)\u00a0OG F\u00c5 L\u00d8BENDE INFORMATIONER OM DEN NYE FRANSKE MARKEDSPLADS I NORDSJ\u00c6LLAND Signe og Paul er passionerede vinimport\u00f8rer med speciale i [&hellip;]<\/p>\n","protected":false},"author":2,"featured_media":0,"parent":0,"menu_order":0,"comment_status":"closed","ping_status":"closed","template":"","meta":{"_acf_changed":false,"site-sidebar-layout":"no-sidebar","site-content-layout":"page-builder","ast-site-content-layout":"default","site-content-style":"default","site-sidebar-style":"default","ast-global-header-display":"","ast-banner-title-visibility":"","ast-main-header-display":"","ast-hfb-above-header-display":"","ast-hfb-below-header-display":"","ast-hfb-mobile-header-display":"","site-post-title":"disabled","ast-breadcrumbs-content":"","ast-featured-img":"disabled","footer-sml-layout":"","ast-disable-related-posts":"","theme-transparent-header-meta":"","adv-header-id-meta":"","stick-header-meta":"","header-above-stick-meta":"","header-main-stick-meta":"","header-below-stick-meta":"","astra-migrate-meta-layouts":"default","ast-page-background-enabled":"default","ast-page-background-meta":{"desktop":{"background-color":"","background-image":"","background-repeat":"repeat","background-position":"center center","background-size":"auto","background-attachment":"scroll","background-type":"","background-media":"","overlay-type":"","overlay-color":"","overlay-opacity":"","overlay-gradient":""},"tablet":{"background-color":"","background-image":"","background-repeat":"repeat","background-position":"center center","background-size":"auto","background-attachment":"scroll","background-type":"","background-media":"","overlay-type":"","overlay-color":"","overlay-opacity":"","overlay-gradient":""},"mobile":{"background-color":"","background-image":"","background-repeat":"repeat","background-position":"center center","background-size":"auto","background-attachment":"scroll","background-type":"","background-media":"","overlay-type":"","overlay-color":"","overlay-opacity":"","overlay-gradient":""}},"ast-content-background-meta":{"desktop":{"background-color":"var(--ast-global-color-5)","background-image":"","background-repeat":"repeat","background-position":"center center","background-size":"auto","background-attachment":"scroll","background-type":"","background-media":"","overlay-type":"","overlay-color":"","overlay-opacity":"","overlay-gradient":""},"tablet":{"background-color":"var(--ast-global-color-5)","background-image":"","background-repeat":"repeat","background-position":"center center","background-size":"auto","background-attachment":"scroll","background-type":"","background-media":"","overlay-type":"","overlay-color":"","overlay-opacity":"","overlay-gradient":""},"mobile":{"background-color":"var(--ast-global-color-5)","background-image":"","background-repeat":"repeat","background-position":"center center","background-size":"auto","background-attachment":"scroll","background-type":"","background-media":"","overlay-type":"","overlay-color":"","overlay-opacity":"","overlay-gradient":""}},"footnotes":""},"class_list":["post-1000000024066","page","type-page","status-publish","hentry"],"acf":[],"yoast_head":"<!-- This site is optimized with the Yoast SEO plugin v27.5 - https:\/\/yoast.com\/product\/yoast-seo-wordpress\/ -->\n<title>lafranceshop - Det Franske Vinhus<\/title>\n<meta name=\"robots\" content=\"index, follow, max-snippet:-1, max-image-preview:large, max-video-preview:-1\" \/>\n<link rel=\"canonical\" href=\"https:\/\/detfranskevinhus.com\/sv\/lafranceshop\/\" \/>\n<meta property=\"og:locale\" content=\"sv_SE\" \/>\n<meta property=\"og:type\" content=\"article\" \/>\n<meta property=\"og:title\" content=\"lafranceshop - Det Franske Vinhus\" \/>\n<meta property=\"og:description\" content=\"NORDSJ\u00c6LLANDS FRANSKEMARKEDSPLADSFransk for\u00e5r i Helsing\u00f8r !9-10. juni 2023 P\u00e5 gensyn i 2024 Tak til alle g\u00e6ster, udstillere og sponsorerDet blev en historisk dag p\u00e5 Wiibroes Plads, med sol over Kronborg TILMELD JER NYHEDSBREV (NEDERST P\u00c5 SIDEN)\u00a0OG F\u00c5 L\u00d8BENDE INFORMATIONER OM DEN NYE FRANSKE MARKEDSPLADS I NORDSJ\u00c6LLAND Signe og Paul er passionerede vinimport\u00f8rer med speciale i [&hellip;]\" \/>\n<meta property=\"og:url\" content=\"https:\/\/detfranskevinhus.com\/sv\/lafranceshop\/\" \/>\n<meta property=\"og:site_name\" content=\"Det Franske Vinhus\" \/>\n<meta property=\"article:modified_time\" content=\"2023-09-12T13:12:44+00:00\" \/>\n<meta property=\"og:image\" content=\"https:\/\/detfranskevinhus.com\/wp-content\/uploads\/2023\/02\/Paul-butik_1.png\" \/>\n\t<meta property=\"og:image:width\" content=\"1267\" \/>\n\t<meta property=\"og:image:height\" content=\"784\" \/>\n\t<meta property=\"og:image:type\" content=\"image\/png\" \/>\n<meta name=\"twitter:card\" content=\"summary_large_image\" \/>\n<meta name=\"twitter:label1\" content=\"Ber\u00e4knad l\u00e4stid\" \/>\n\t<meta name=\"twitter:data1\" content=\"2 minuter\" \/>\n<script type=\"application\/ld+json\" class=\"yoast-schema-graph\">{\"@context\":\"https:\\\/\\\/schema.org\",\"@graph\":[{\"@type\":\"WebPage\",\"@id\":\"https:\\\/\\\/detfranskevinhus.com\\\/sv\\\/lafranceshop\\\/\",\"url\":\"https:\\\/\\\/detfranskevinhus.com\\\/sv\\\/lafranceshop\\\/\",\"name\":\"lafranceshop - Det Franske Vinhus\",\"isPartOf\":{\"@id\":\"https:\\\/\\\/detfranskevinhus.com\\\/sv\\\/#website\"},\"primaryImageOfPage\":{\"@id\":\"https:\\\/\\\/detfranskevinhus.com\\\/sv\\\/lafranceshop\\\/#primaryimage\"},\"image\":{\"@id\":\"https:\\\/\\\/detfranskevinhus.com\\\/sv\\\/lafranceshop\\\/#primaryimage\"},\"thumbnailUrl\":\"https:\\\/\\\/detfranskevinhus.com\\\/wp-content\\\/uploads\\\/2023\\\/02\\\/Paul-butik_1.png\",\"datePublished\":\"2023-02-10T10:50:16+00:00\",\"dateModified\":\"2023-09-12T13:12:44+00:00\",\"inLanguage\":\"sv-SE\",\"potentialAction\":[{\"@type\":\"ReadAction\",\"target\":[\"https:\\\/\\\/detfranskevinhus.com\\\/sv\\\/lafranceshop\\\/\"]}]},{\"@type\":\"ImageObject\",\"inLanguage\":\"sv-SE\",\"@id\":\"https:\\\/\\\/detfranskevinhus.com\\\/sv\\\/lafranceshop\\\/#primaryimage\",\"url\":\"https:\\\/\\\/detfranskevinhus.com\\\/wp-content\\\/uploads\\\/2023\\\/02\\\/Paul-butik_1.png\",\"contentUrl\":\"https:\\\/\\\/detfranskevinhus.com\\\/wp-content\\\/uploads\\\/2023\\\/02\\\/Paul-butik_1.png\"},{\"@type\":\"WebSite\",\"@id\":\"https:\\\/\\\/detfranskevinhus.com\\\/sv\\\/#website\",\"url\":\"https:\\\/\\\/detfranskevinhus.com\\\/sv\\\/\",\"name\":\"Det Franske Vinhus\",\"description\":\"\",\"publisher\":{\"@id\":\"https:\\\/\\\/detfranskevinhus.com\\\/sv\\\/#organization\"},\"potentialAction\":[{\"@type\":\"SearchAction\",\"target\":{\"@type\":\"EntryPoint\",\"urlTemplate\":\"https:\\\/\\\/detfranskevinhus.com\\\/sv\\\/?s={search_term_string}\"},\"query-input\":{\"@type\":\"PropertyValueSpecification\",\"valueRequired\":true,\"valueName\":\"search_term_string\"}}],\"inLanguage\":\"sv-SE\"},{\"@type\":\"Organization\",\"@id\":\"https:\\\/\\\/detfranskevinhus.com\\\/sv\\\/#organization\",\"name\":\"Det Franske Vinhus\",\"url\":\"https:\\\/\\\/detfranskevinhus.com\\\/sv\\\/\",\"logo\":{\"@type\":\"ImageObject\",\"inLanguage\":\"sv-SE\",\"@id\":\"https:\\\/\\\/detfranskevinhus.com\\\/sv\\\/#\\\/schema\\\/logo\\\/image\\\/\",\"url\":\"https:\\\/\\\/detfranskevinhus.com\\\/wp-content\\\/uploads\\\/2023\\\/07\\\/01_DFV_Logo_www_01-02-copy.jpg\",\"contentUrl\":\"https:\\\/\\\/detfranskevinhus.com\\\/wp-content\\\/uploads\\\/2023\\\/07\\\/01_DFV_Logo_www_01-02-copy.jpg\",\"width\":992,\"height\":482,\"caption\":\"Det Franske Vinhus\"},\"image\":{\"@id\":\"https:\\\/\\\/detfranskevinhus.com\\\/sv\\\/#\\\/schema\\\/logo\\\/image\\\/\"}}]}<\/script>\n<!-- \/ Yoast SEO plugin. -->","yoast_head_json":{"title":"lafranceshop - Det Franske Vinhus","robots":{"index":"index","follow":"follow","max-snippet":"max-snippet:-1","max-image-preview":"max-image-preview:large","max-video-preview":"max-video-preview:-1"},"canonical":"https:\/\/detfranskevinhus.com\/sv\/lafranceshop\/","og_locale":"sv_SE","og_type":"article","og_title":"lafranceshop - Det Franske Vinhus","og_description":"NORDSJ\u00c6LLANDS FRANSKEMARKEDSPLADSFransk for\u00e5r i Helsing\u00f8r !9-10. juni 2023 P\u00e5 gensyn i 2024 Tak til alle g\u00e6ster, udstillere og sponsorerDet blev en historisk dag p\u00e5 Wiibroes Plads, med sol over Kronborg TILMELD JER NYHEDSBREV (NEDERST P\u00c5 SIDEN)\u00a0OG F\u00c5 L\u00d8BENDE INFORMATIONER OM DEN NYE FRANSKE MARKEDSPLADS I NORDSJ\u00c6LLAND Signe og Paul er passionerede vinimport\u00f8rer med speciale i [&hellip;]","og_url":"https:\/\/detfranskevinhus.com\/sv\/lafranceshop\/","og_site_name":"Det Franske Vinhus","article_modified_time":"2023-09-12T13:12:44+00:00","og_image":[{"width":1267,"height":784,"url":"https:\/\/detfranskevinhus.com\/wp-content\/uploads\/2023\/02\/Paul-butik_1.png","type":"image\/png"}],"twitter_card":"summary_large_image","twitter_misc":{"Ber\u00e4knad l\u00e4stid":"2 minuter"},"schema":{"@context":"https:\/\/schema.org","@graph":[{"@type":"WebPage","@id":"https:\/\/detfranskevinhus.com\/sv\/lafranceshop\/","url":"https:\/\/detfranskevinhus.com\/sv\/lafranceshop\/","name":"lafranceshop - Det Franske Vinhus","isPartOf":{"@id":"https:\/\/detfranskevinhus.com\/sv\/#website"},"primaryImageOfPage":{"@id":"https:\/\/detfranskevinhus.com\/sv\/lafranceshop\/#primaryimage"},"image":{"@id":"https:\/\/detfranskevinhus.com\/sv\/lafranceshop\/#primaryimage"},"thumbnailUrl":"https:\/\/detfranskevinhus.com\/wp-content\/uploads\/2023\/02\/Paul-butik_1.png","datePublished":"2023-02-10T10:50:16+00:00","dateModified":"2023-09-12T13:12:44+00:00","inLanguage":"sv-SE","potentialAction":[{"@type":"ReadAction","target":["https:\/\/detfranskevinhus.com\/sv\/lafranceshop\/"]}]},{"@type":"ImageObject","inLanguage":"sv-SE","@id":"https:\/\/detfranskevinhus.com\/sv\/lafranceshop\/#primaryimage","url":"https:\/\/detfranskevinhus.com\/wp-content\/uploads\/2023\/02\/Paul-butik_1.png","contentUrl":"https:\/\/detfranskevinhus.com\/wp-content\/uploads\/2023\/02\/Paul-butik_1.png"},{"@type":"WebSite","@id":"https:\/\/detfranskevinhus.com\/sv\/#website","url":"https:\/\/detfranskevinhus.com\/sv\/","name":"Det Franske Vinhus","description":"","publisher":{"@id":"https:\/\/detfranskevinhus.com\/sv\/#organization"},"potentialAction":[{"@type":"SearchAction","target":{"@type":"EntryPoint","urlTemplate":"https:\/\/detfranskevinhus.com\/sv\/?s={search_term_string}"},"query-input":{"@type":"PropertyValueSpecification","valueRequired":true,"valueName":"search_term_string"}}],"inLanguage":"sv-SE"},{"@type":"Organization","@id":"https:\/\/detfranskevinhus.com\/sv\/#organization","name":"Det Franske Vinhus","url":"https:\/\/detfranskevinhus.com\/sv\/","logo":{"@type":"ImageObject","inLanguage":"sv-SE","@id":"https:\/\/detfranskevinhus.com\/sv\/#\/schema\/logo\/image\/","url":"https:\/\/detfranskevinhus.com\/wp-content\/uploads\/2023\/07\/01_DFV_Logo_www_01-02-copy.jpg","contentUrl":"https:\/\/detfranskevinhus.com\/wp-content\/uploads\/2023\/07\/01_DFV_Logo_www_01-02-copy.jpg","width":992,"height":482,"caption":"Det Franske Vinhus"},"image":{"@id":"https:\/\/detfranskevinhus.com\/sv\/#\/schema\/logo\/image\/"}}]}},"_links":{"self":[{"href":"https:\/\/detfranskevinhus.com\/sv\/wp-json\/wp\/v2\/pages\/1000000024066","targetHints":{"allow":["GET"]}}],"collection":[{"href":"https:\/\/detfranskevinhus.com\/sv\/wp-json\/wp\/v2\/pages"}],"about":[{"href":"https:\/\/detfranskevinhus.com\/sv\/wp-json\/wp\/v2\/types\/page"}],"author":[{"embeddable":true,"href":"https:\/\/detfranskevinhus.com\/sv\/wp-json\/wp\/v2\/users\/2"}],"replies":[{"embeddable":true,"href":"https:\/\/detfranskevinhus.com\/sv\/wp-json\/wp\/v2\/comments?post=1000000024066"}],"version-history":[{"count":5,"href":"https:\/\/detfranskevinhus.com\/sv\/wp-json\/wp\/v2\/pages\/1000000024066\/revisions"}],"predecessor-version":[{"id":1000000025987,"href":"https:\/\/detfranskevinhus.com\/sv\/wp-json\/wp\/v2\/pages\/1000000024066\/revisions\/1000000025987"}],"wp:attachment":[{"href":"https:\/\/detfranskevinhus.com\/sv\/wp-json\/wp\/v2\/media?parent=1000000024066"}],"curies":[{"name":"wp","href":"https:\/\/api.w.org\/{rel}","templated":true}]}}