{"id":1000000006544,"date":"2020-04-17T17:11:10","date_gmt":"2020-04-17T15:11:10","guid":{"rendered":"https:\/\/detfranskevinhus.com\/vin-kultur\/"},"modified":"2020-05-25T15:39:56","modified_gmt":"2020-05-25T13:39:56","slug":"vin-kultur","status":"publish","type":"page","link":"https:\/\/detfranskevinhus.com\/sv\/vin-kultur\/","title":{"rendered":"Vinkunskap"},"content":{"rendered":"\t\t<div data-elementor-type=\"wp-post\" data-elementor-id=\"1000000006544\" class=\"elementor elementor-1000000006544 elementor-1000000000719\" data-elementor-post-type=\"page\">\n\t\t\t\t\t\t<section class=\"elementor-section elementor-top-section elementor-element elementor-element-164bdf6 elementor-section-stretched elementor-section-full_width sep elementor-section-height-default elementor-section-height-default\" data-id=\"164bdf6\" data-element_type=\"section\" data-e-type=\"section\" data-settings=\"{&quot;stretch_section&quot;:&quot;section-stretched&quot;,&quot;background_background&quot;:&quot;classic&quot;}\">\n\t\t\t\t\t\t\t<div class=\"elementor-background-overlay\"><\/div>\n\t\t\t\t\t\t\t<div class=\"elementor-container elementor-column-gap-default\">\n\t\t\t\t\t<div class=\"elementor-column elementor-col-100 elementor-top-column elementor-element elementor-element-065ce13\" data-id=\"065ce13\" data-element_type=\"column\" data-e-type=\"column\">\n\t\t\t<div class=\"elementor-widget-wrap elementor-element-populated\">\n\t\t\t\t\t\t<div class=\"elementor-element elementor-element-8a183f3 elementor-widget elementor-widget-heading\" data-id=\"8a183f3\" data-element_type=\"widget\" data-e-type=\"widget\" data-widget_type=\"heading.default\">\n\t\t\t\t<div class=\"elementor-widget-container\">\n\t\t\t\t\t<h1 class=\"elementor-heading-title elementor-size-default\">Vinkunskap<\/h1>\t\t\t\t<\/div>\n\t\t\t\t<\/div>\n\t\t\t\t\t<\/div>\n\t\t<\/div>\n\t\t\t\t\t<\/div>\n\t\t<\/section>\n\t\t\t\t<section class=\"elementor-section elementor-top-section elementor-element elementor-element-359fea6a elementor-section-boxed elementor-section-height-default elementor-section-height-default\" data-id=\"359fea6a\" data-element_type=\"section\" data-e-type=\"section\">\n\t\t\t\t\t\t<div class=\"elementor-container elementor-column-gap-default\">\n\t\t\t\t\t<div class=\"elementor-column elementor-col-100 elementor-top-column elementor-element elementor-element-f72feb9\" data-id=\"f72feb9\" data-element_type=\"column\" data-e-type=\"column\">\n\t\t\t<div class=\"elementor-widget-wrap elementor-element-populated\">\n\t\t\t\t\t\t<div class=\"elementor-element elementor-element-5920f61a elementor-widget elementor-widget-heading\" data-id=\"5920f61a\" data-element_type=\"widget\" data-e-type=\"widget\" data-widget_type=\"heading.default\">\n\t\t\t\t<div class=\"elementor-widget-container\">\n\t\t\t\t\t<h2 class=\"elementor-heading-title elementor-size-default\">V\u00e4lkommen till <\/h2>\t\t\t\t<\/div>\n\t\t\t\t<\/div>\n\t\t\t\t<div class=\"elementor-element elementor-element-243be091 elementor-widget elementor-widget-heading\" data-id=\"243be091\" data-element_type=\"widget\" data-e-type=\"widget\" data-widget_type=\"heading.default\">\n\t\t\t\t<div class=\"elementor-widget-container\">\n\t\t\t\t\t<h2 class=\"elementor-heading-title elementor-size-default\">v\u00e5rt vinkunskapscenter<\/h2>\t\t\t\t<\/div>\n\t\t\t\t<\/div>\n\t\t\t\t<div class=\"elementor-element elementor-element-190a1185 elementor-widget elementor-widget-text-editor\" data-id=\"190a1185\" data-element_type=\"widget\" data-e-type=\"widget\" data-widget_type=\"text-editor.default\">\n\t\t\t\t<div class=\"elementor-widget-container\">\n\t\t\t\t\t\t\t\t\t<p>Nu f\u00f6r tiden finns en stor variation av vinkvalitet, pris, smak och nya viner som baseras p\u00e5 nya tekniska produktionsmetoder. Det har blivit mer komplext att f\u00f6rst\u00e5 vad det \u00e4r f\u00f6r vin man k\u00f6per. \u00c4r vinet ett industrivin eller ett vin som \u00e4r hantverksm\u00e4ssigt gjort av passionerade vinodlare knutna till tradition. Sm\u00e5 familjeg\u00e5rdar eller stora vinfabriker. Vad \u00e4r det som st\u00e5r p\u00e5 flaskans etikett? Vi vill dela med oss av n\u00e5gra f\u00e5 fakta som kan hj\u00e4lpa dig att skilja p\u00e5 vinerna och p\u00e5 vilket s\u00e4tt du b\u00f6r hantera vinet p\u00e5 f\u00f6r att f\u00e5 ut s\u00e5 mycket n\u00f6je som m\u00f6jligt av din vinupplevelse.<\/p>\t\t\t\t\t\t\t\t<\/div>\n\t\t\t\t<\/div>\n\t\t\t\t\t<\/div>\n\t\t<\/div>\n\t\t\t\t\t<\/div>\n\t\t<\/section>\n\t\t\t\t<section class=\"elementor-section elementor-top-section elementor-element elementor-element-1caf43e elementor-section-boxed elementor-section-height-default elementor-section-height-default\" data-id=\"1caf43e\" data-element_type=\"section\" data-e-type=\"section\">\n\t\t\t\t\t\t<div class=\"elementor-container elementor-column-gap-default\">\n\t\t\t\t\t<div class=\"elementor-column elementor-col-100 elementor-top-column elementor-element elementor-element-40af6663\" data-id=\"40af6663\" data-element_type=\"column\" data-e-type=\"column\">\n\t\t\t<div class=\"elementor-widget-wrap elementor-element-populated\">\n\t\t\t\t\t\t<div class=\"elementor-element elementor-element-064fcf0 elementor-widget elementor-widget-uael-posts\" data-id=\"064fcf0\" data-element_type=\"widget\" data-e-type=\"widget\" data-settings=\"{&quot;classic_slides_to_show&quot;:2,&quot;classic_slides_to_show_tablet&quot;:2,&quot;classic_slides_to_show_mobile&quot;:1,&quot;classic_show_filters&quot;:&quot;no&quot;}\" data-widget_type=\"uael-posts.classic\">\n\t\t\t\t<div class=\"elementor-widget-container\">\n\t\t\t\t\t\t\t<div class=\"uael-post__header\">\n\t\t\t\t\t<\/div>\n\t\t<div class=\"uael-post__body\">\n\t\t\t\n\t\t\n\t\t<div class=\"uael-blog-terms-position- uael-post-image-top uael-post-grid uael-posts\" data-query-type=\"custom\" data-structure=\"normal\" data-layout=\"\" data-page=\"1000000006544\" data-skin=\"classic\" data-filter-default=\"\" data-offset-top=\"30\" >\n\n\t\t\t\t\t\t\t<div class=\"uael-post-grid__inner uael-post__columns-2 uael-post__columns-tablet-2 uael-post__columns-mobile-1\">\n\t\t\t\n<div class=\"uael-post-wrapper   vinkendskab \">\n\t<div class=\"uael-post__bg-wrap uael-bg-wrap-disabled \">\n\n\t\t\t\t\n\t\t<div class=\"uael-post__inner-wrap uael-inner-wrap-disabled\">\n\n\t\t\t\t<div class=\"uael-post__thumbnail\">\n\t\t\t\n\t\t\t<a href=\"https:\/\/detfranskevinhus.com\/sv\/vinkendskab\/biodynamiske-vine\/\" target=\"_self\" title=\"Biodynamiske vine\u200b\"><img decoding=\"async\" src=\"https:\/\/detfranskevinhus.com\/wp-content\/uploads\/elementor\/thumbs\/1615396318img_2313-ra22ol4id569pm9tu4c6kcm85rq3boglj26ms5p6cw.jpeg\" title=\"1615396318img_2313\" alt=\"1615396318img_2313\" loading=\"lazy\" \/><\/a>\n\t\t\t\t\t<\/div>\n\t\t\n\t\t\t\n\t\t\t<div class=\"uael-post__content-wrap uael-content-wrap-disabled\">\n\t\t\t\t\t<h3 class=\"uael-post__title\">\n\n\t\t\n\t\t\t\t\t\t<a href=\"https:\/\/detfranskevinhus.com\/sv\/vinkendskab\/biodynamiske-vine\/\" target=\"_self\">\n\t\t\t\tBiodynamiske vine\u200b\t\t\t<\/a>\n\n\t\t\t\t<\/h3>\n\t\t\n\t\t<div class=\"uael-post__excerpt\">\n\t\t\tBiodynamisk vin fremstilling Biodynamisk tilgang til vinfremstilling er ikke noget nyt, men det er et koncept som flere og flere vinb\u00f8nder tager til sig, og anvender n\u00e5r det kommer til fremstilling af vin. I de seneste \u00e5r har flere og flere vinb\u00f8nder vendt sig mod \u00f8kologiske metoder, n\u00e5r der er tale om vedligeholdelse, pleje af vinstokke og generelt vinfremstilling.. Med andre ord er biodynamik, i forhold til \u00f8kologi,\u00a0 et skridt ...\t\t<\/div>\n\n\t\t\t\t\t<a class=\"uael-post__read-more elementor-button\" href=\"https:\/\/detfranskevinhus.com\/sv\/vinkendskab\/biodynamiske-vine\/\" target=\"_self\" aria-labelledby=\"uael-post-1000000027983\">\n\t\t\t\t\t<span class=\"elementor-button-content-wrapper\">\n\t\t\t\t\t\t\t\t\t\t\t\t\t\t<span class=\"elementor-button-icon elementor-align-icon-left\">\n\n\t\t\t\t\t\t\t\t\t\n\t\t\t\t\t\t\t\t<\/span>\n\t\t\t\t\t\t\t\t\t\t\t\t\t\n\t\t\t\t\t\t<span class=\"elementor-button-text\" id=uael-post-1000000027983>L\u00e4s mera \u2192<\/span>\n\t\t\t\t\t<\/span>\n\t\t\t\t<\/a>\n\t\t\t\t\t\t<\/div>\n\t\t\t\n\t\t<\/div>\n\t\t\n\t<\/div>\n\n<\/div>\n\n<div class=\"uael-post-wrapper   vinkendskab \">\n\t<div class=\"uael-post__bg-wrap uael-bg-wrap-disabled \">\n\n\t\t\t\t\n\t\t<div class=\"uael-post__inner-wrap uael-inner-wrap-disabled\">\n\n\t\t\t\t<div class=\"uael-post__thumbnail\">\n\t\t\t\n\t\t\t<a href=\"https:\/\/detfranskevinhus.com\/sv\/vinkendskab\/okologiske-vine\/\" target=\"_self\" title=\"\u00d8kologiske vine\"><img decoding=\"async\" src=\"https:\/\/detfranskevinhus.com\/wp-content\/uploads\/elementor\/thumbs\/1615396318img_2313-ra22ol4id569pm9tu4c6kcm85rq3boglj26ms5p6cw.jpeg\" title=\"1615396318img_2313\" alt=\"1615396318img_2313\" loading=\"lazy\" \/><\/a>\n\t\t\t\t\t<\/div>\n\t\t\n\t\t\t\n\t\t\t<div class=\"uael-post__content-wrap uael-content-wrap-disabled\">\n\t\t\t\t\t<h3 class=\"uael-post__title\">\n\n\t\t\n\t\t\t\t\t\t<a href=\"https:\/\/detfranskevinhus.com\/sv\/vinkendskab\/okologiske-vine\/\" target=\"_self\">\n\t\t\t\t\u00d8kologiske vine\t\t\t<\/a>\n\n\t\t\t\t<\/h3>\n\t\t\n\t\t<div class=\"uael-post__excerpt\">\n\t\t\tFrankrig har igennem mange \u00e5r v\u00e6ret landet, som har givet et stort udvalg af \u00f8kologiske vine. \u00d8kologiske vine har v\u00e6ret mere end blot en trend blandt yngre og \u00e6ldre vinelskere.\u00a0 \u200bR\u00f8d-, hvid- og ros\u00e9vine, champagner, mousserende vine og cr\u00e9mant, bl\u00f8de og s\u00f8de vine er som alle kan finde i \u00f8kologiske udgaver. Fusionen mellem vinens smag og bevidstheden omkring milj\u00f8et er noget som falder i god jord blandt forbrugerne. \u00d8kologisk vin ...\t\t<\/div>\n\n\t\t\t\t\t<a class=\"uael-post__read-more elementor-button\" href=\"https:\/\/detfranskevinhus.com\/sv\/vinkendskab\/okologiske-vine\/\" target=\"_self\" aria-labelledby=\"uael-post-1000000027970\">\n\t\t\t\t\t<span class=\"elementor-button-content-wrapper\">\n\t\t\t\t\t\t\t\t\t\t\t\t\t\t<span class=\"elementor-button-icon elementor-align-icon-left\">\n\n\t\t\t\t\t\t\t\t\t\n\t\t\t\t\t\t\t\t<\/span>\n\t\t\t\t\t\t\t\t\t\t\t\t\t\n\t\t\t\t\t\t<span class=\"elementor-button-text\" id=uael-post-1000000027970>L\u00e4s mera \u2192<\/span>\n\t\t\t\t\t<\/span>\n\t\t\t\t<\/a>\n\t\t\t\t\t\t<\/div>\n\t\t\t\n\t\t<\/div>\n\t\t\n\t<\/div>\n\n<\/div>\n\n<div class=\"uael-post-wrapper   vinkendskab \">\n\t<div class=\"uael-post__bg-wrap uael-bg-wrap-disabled \">\n\n\t\t\t\t\n\t\t<div class=\"uael-post__inner-wrap uael-inner-wrap-disabled\">\n\n\t\t\t\t<div class=\"uael-post__thumbnail\">\n\t\t\t\n\t\t\t<a href=\"https:\/\/detfranskevinhus.com\/sv\/vinkendskab\/naturlige-vine\/\" target=\"_self\" title=\"Naturlige vine\"><img decoding=\"async\" src=\"https:\/\/detfranskevinhus.com\/wp-content\/uploads\/elementor\/thumbs\/1615396318img_2313-ra22ol4id569pm9tu4c6kcm85rq3boglj26ms5p6cw.jpeg\" title=\"1615396318img_2313\" alt=\"1615396318img_2313\" loading=\"lazy\" \/><\/a>\n\t\t\t\t\t<\/div>\n\t\t\n\t\t\t\n\t\t\t<div class=\"uael-post__content-wrap uael-content-wrap-disabled\">\n\t\t\t\t\t<h3 class=\"uael-post__title\">\n\n\t\t\n\t\t\t\t\t\t<a href=\"https:\/\/detfranskevinhus.com\/sv\/vinkendskab\/naturlige-vine\/\" target=\"_self\">\n\t\t\t\tNaturlige vine\t\t\t<\/a>\n\n\t\t\t\t<\/h3>\n\t\t\n\t\t<div class=\"uael-post__excerpt\">\n\t\t\tFrankrig er kendt som en pioner inden for fremstilling af naturlige vine og herunder ogs\u00e5\u00a0 naturvin-bev\u00e6gelsen. Dertil er Frankrig kendt for sine naturlige vine, som er fremstillet af druesorter som Chardonnay, Pinot Noir og Chenin Blanc. Trenden omkring naturlige vine er kommet til syne og har for alvor taget fat\u00a0 i de seneste \u00e5r i franske vinregioner, som k\u00e6mper for minimal intervention, biodiversitet og \u00f8kologiske metoder.\u00a0 I Frankrig omtales naturvin ...\t\t<\/div>\n\n\t\t\t\t\t<a class=\"uael-post__read-more elementor-button\" href=\"https:\/\/detfranskevinhus.com\/sv\/vinkendskab\/naturlige-vine\/\" target=\"_self\" aria-labelledby=\"uael-post-1000000027951\">\n\t\t\t\t\t<span class=\"elementor-button-content-wrapper\">\n\t\t\t\t\t\t\t\t\t\t\t\t\t\t<span class=\"elementor-button-icon elementor-align-icon-left\">\n\n\t\t\t\t\t\t\t\t\t\n\t\t\t\t\t\t\t\t<\/span>\n\t\t\t\t\t\t\t\t\t\t\t\t\t\n\t\t\t\t\t\t<span class=\"elementor-button-text\" id=uael-post-1000000027951>L\u00e4s mera \u2192<\/span>\n\t\t\t\t\t<\/span>\n\t\t\t\t<\/a>\n\t\t\t\t\t\t<\/div>\n\t\t\t\n\t\t<\/div>\n\t\t\n\t<\/div>\n\n<\/div>\n\n<div class=\"uael-post-wrapper   wine-knowledge \">\n\t<div class=\"uael-post__bg-wrap uael-bg-wrap-disabled \">\n\n\t\t\t\t\n\t\t<div class=\"uael-post__inner-wrap uael-inner-wrap-disabled\">\n\n\t\t\t\t<div class=\"uael-post__thumbnail\">\n\t\t\t\n\t\t\t<a href=\"https:\/\/detfranskevinhus.com\/sv\/wine-knowledge-sv\/from-vineyard-to-your-living-room\/\" target=\"_self\" title=\"Fr\u00e5n ving\u00e5rden hem till konsumenten\"><img decoding=\"async\" src=\"https:\/\/detfranskevinhus.com\/wp-content\/uploads\/elementor\/thumbs\/La-Liquere-ra28bjg00d02ilgzqcj9fmw5lte6az66fl3u3ys0vk.jpg\" title=\"La-Liquere.jpg\" alt=\"La-Liquere.jpg\" loading=\"lazy\" \/><\/a>\n\t\t\t\t\t<\/div>\n\t\t\n\t\t\t\n\t\t\t<div class=\"uael-post__content-wrap uael-content-wrap-disabled\">\n\t\t\t\t\t<h3 class=\"uael-post__title\">\n\n\t\t\n\t\t\t\t\t\t<a href=\"https:\/\/detfranskevinhus.com\/sv\/wine-knowledge-sv\/from-vineyard-to-your-living-room\/\" target=\"_self\">\n\t\t\t\tFr\u00e5n ving\u00e5rden hem till konsumenten\t\t\t<\/a>\n\n\t\t\t\t<\/h3>\n\t\t\n\t\t<div class=\"uael-post__excerpt\">\n\t\t\tProduktionsmetoder och lagring under transport och distribution Om vinet uts\u00e4tts f\u00f6r stora temperaturskillnader under\u00a0transporttiden kan vinet ta skada. Hos oss p\u00e5 Wines of Languedoc g\u00e5r transporten direkt fr\u00e5n v\u00e5ra vinodlare hem till din d\u00f6rr, p\u00e5 ca. 10 dagar. Det vin vi levererar h\u00e5lls d\u00e4rmed under perfekta temperaturf\u00f6rh\u00e5llanden under hela transporten och kan d\u00e4rmed bevara sin h\u00f6ga kvalitet. Den genomsnittliga transporttiden f\u00f6r traditionella vintransporter \u00e4r ungef\u00e4r 40\u201390 dagar fr\u00e5n vinodlaren till ...\t\t<\/div>\n\n\t\t\t\t\t<a class=\"uael-post__read-more elementor-button\" href=\"https:\/\/detfranskevinhus.com\/sv\/wine-knowledge-sv\/from-vineyard-to-your-living-room\/\" target=\"_self\" aria-labelledby=\"uael-post-1000000006572\">\n\t\t\t\t\t<span class=\"elementor-button-content-wrapper\">\n\t\t\t\t\t\t\t\t\t\t\t\t\t\t<span class=\"elementor-button-icon elementor-align-icon-left\">\n\n\t\t\t\t\t\t\t\t\t\n\t\t\t\t\t\t\t\t<\/span>\n\t\t\t\t\t\t\t\t\t\t\t\t\t\n\t\t\t\t\t\t<span class=\"elementor-button-text\" id=uael-post-1000000006572>L\u00e4s mera \u2192<\/span>\n\t\t\t\t\t<\/span>\n\t\t\t\t<\/a>\n\t\t\t\t\t\t<\/div>\n\t\t\t\n\t\t<\/div>\n\t\t\n\t<\/div>\n\n<\/div>\n\t\t\t\t<\/div>\n\t\t\t\t\t\t\n\t\t<\/div>\n\n\t\t\t\t\t\t<\/div>\n\t\t<div class=\"uael-post__footer\">\n\t\t\t\t\t<\/div>\n\t\t\t\t\t\t<\/div>\n\t\t\t\t<\/div>\n\t\t\t\t\t<\/div>\n\t\t<\/div>\n\t\t\t\t\t<\/div>\n\t\t<\/section>\n\t\t\t\t<\/div>\n\t\t","protected":false},"excerpt":{"rendered":"<p>V\u00e4lkommen till v\u00e5rt vinkunskapscenter Nu f\u00f6r tiden finns en stor variation av vinkvalitet, pris, smak och nya viner som baseras p\u00e5 nya tekniska produktionsmetoder. Det har blivit mer komplext att f\u00f6rst\u00e5 vad det \u00e4r f\u00f6r vin man k\u00f6per. \u00c4r vinet ett industrivin eller ett vin som \u00e4r hantverksm\u00e4ssigt gjort av passionerade vinodlare knutna till tradition. [&hellip;]<\/p>\n","protected":false},"author":1,"featured_media":0,"parent":0,"menu_order":0,"comment_status":"closed","ping_status":"closed","template":"elementor_header_footer","meta":{"_acf_changed":false,"site-sidebar-layout":"no-sidebar","site-content-layout":"default","ast-site-content-layout":"default","site-content-style":"default","site-sidebar-style":"default","ast-global-header-display":"","ast-banner-title-visibility":"","ast-main-header-display":"disabled","ast-hfb-above-header-display":"","ast-hfb-below-header-display":"","ast-hfb-mobile-header-display":"","site-post-title":"disabled","ast-breadcrumbs-content":"disabled","ast-featured-img":"","footer-sml-layout":"","ast-disable-related-posts":"","theme-transparent-header-meta":"default","adv-header-id-meta":"","stick-header-meta":"","header-above-stick-meta":"","header-main-stick-meta":"","header-below-stick-meta":"","astra-migrate-meta-layouts":"default","ast-page-background-enabled":"default","ast-page-background-meta":{"desktop":{"background-color":"","background-image":"","background-repeat":"repeat","background-position":"center center","background-size":"auto","background-attachment":"scroll","background-type":"","background-media":"","overlay-type":"","overlay-color":"","overlay-opacity":"","overlay-gradient":""},"tablet":{"background-color":"","background-image":"","background-repeat":"repeat","background-position":"center center","background-size":"auto","background-attachment":"scroll","background-type":"","background-media":"","overlay-type":"","overlay-color":"","overlay-opacity":"","overlay-gradient":""},"mobile":{"background-color":"","background-image":"","background-repeat":"repeat","background-position":"center center","background-size":"auto","background-attachment":"scroll","background-type":"","background-media":"","overlay-type":"","overlay-color":"","overlay-opacity":"","overlay-gradient":""}},"ast-content-background-meta":{"desktop":{"background-color":"var(--ast-global-color-5)","background-image":"","background-repeat":"repeat","background-position":"center center","background-size":"auto","background-attachment":"scroll","background-type":"","background-media":"","overlay-type":"","overlay-color":"","overlay-opacity":"","overlay-gradient":""},"tablet":{"background-color":"var(--ast-global-color-5)","background-image":"","background-repeat":"repeat","background-position":"center center","background-size":"auto","background-attachment":"scroll","background-type":"","background-media":"","overlay-type":"","overlay-color":"","overlay-opacity":"","overlay-gradient":""},"mobile":{"background-color":"var(--ast-global-color-5)","background-image":"","background-repeat":"repeat","background-position":"center center","background-size":"auto","background-attachment":"scroll","background-type":"","background-media":"","overlay-type":"","overlay-color":"","overlay-opacity":"","overlay-gradient":""}},"footnotes":""},"class_list":["post-1000000006544","page","type-page","status-publish","hentry"],"acf":[],"yoast_head":"<!-- This site is optimized with the Yoast SEO plugin v27.3 - https:\/\/yoast.com\/product\/yoast-seo-wordpress\/ -->\n<title>Vinkunskap - Det Franske Vinhus<\/title>\n<meta name=\"robots\" content=\"index, follow, max-snippet:-1, max-image-preview:large, max-video-preview:-1\" \/>\n<link rel=\"canonical\" href=\"https:\/\/detfranskevinhus.com\/sv\/vin-kultur\/\" \/>\n<meta property=\"og:locale\" content=\"sv_SE\" \/>\n<meta property=\"og:type\" content=\"article\" \/>\n<meta property=\"og:title\" content=\"Vinkunskap - Det Franske Vinhus\" \/>\n<meta property=\"og:description\" content=\"V\u00e4lkommen till v\u00e5rt vinkunskapscenter Nu f\u00f6r tiden finns en stor variation av vinkvalitet, pris, smak och nya viner som baseras p\u00e5 nya tekniska produktionsmetoder. Det har blivit mer komplext att f\u00f6rst\u00e5 vad det \u00e4r f\u00f6r vin man k\u00f6per. \u00c4r vinet ett industrivin eller ett vin som \u00e4r hantverksm\u00e4ssigt gjort av passionerade vinodlare knutna till tradition. [&hellip;]\" \/>\n<meta property=\"og:url\" content=\"https:\/\/detfranskevinhus.com\/sv\/vin-kultur\/\" \/>\n<meta property=\"og:site_name\" content=\"Det Franske Vinhus\" \/>\n<meta property=\"article:modified_time\" content=\"2020-05-25T13:39:56+00:00\" \/>\n<meta property=\"og:image\" content=\"https:\/\/detfranskevinhus.com\/wp-content\/uploads\/elementor\/thumbs\/stue-ooe8yqovz2vyn39yyf79zblnpku4ybkaca269l01o0.jpg\" \/>\n<meta name=\"twitter:card\" content=\"summary_large_image\" \/>\n<meta name=\"twitter:label1\" content=\"Ber\u00e4knad l\u00e4stid\" \/>\n\t<meta name=\"twitter:data1\" content=\"3 minuter\" \/>\n<script type=\"application\/ld+json\" class=\"yoast-schema-graph\">{\"@context\":\"https:\\\/\\\/schema.org\",\"@graph\":[{\"@type\":\"WebPage\",\"@id\":\"https:\\\/\\\/detfranskevinhus.com\\\/sv\\\/vin-kultur\\\/\",\"url\":\"https:\\\/\\\/detfranskevinhus.com\\\/sv\\\/vin-kultur\\\/\",\"name\":\"Vinkunskap - Det Franske Vinhus\",\"isPartOf\":{\"@id\":\"https:\\\/\\\/detfranskevinhus.com\\\/sv\\\/#website\"},\"primaryImageOfPage\":{\"@id\":\"https:\\\/\\\/detfranskevinhus.com\\\/sv\\\/vin-kultur\\\/#primaryimage\"},\"image\":{\"@id\":\"https:\\\/\\\/detfranskevinhus.com\\\/sv\\\/vin-kultur\\\/#primaryimage\"},\"thumbnailUrl\":\"https:\\\/\\\/detfranskevinhus.com\\\/wp-content\\\/uploads\\\/elementor\\\/thumbs\\\/stue-ooe8yqovz2vyn39yyf79zblnpku4ybkaca269l01o0.jpg\",\"datePublished\":\"2020-04-17T15:11:10+00:00\",\"dateModified\":\"2020-05-25T13:39:56+00:00\",\"inLanguage\":\"sv-SE\",\"potentialAction\":[{\"@type\":\"ReadAction\",\"target\":[\"https:\\\/\\\/detfranskevinhus.com\\\/sv\\\/vin-kultur\\\/\"]}]},{\"@type\":\"ImageObject\",\"inLanguage\":\"sv-SE\",\"@id\":\"https:\\\/\\\/detfranskevinhus.com\\\/sv\\\/vin-kultur\\\/#primaryimage\",\"url\":\"https:\\\/\\\/detfranskevinhus.com\\\/wp-content\\\/uploads\\\/elementor\\\/thumbs\\\/stue-ooe8yqovz2vyn39yyf79zblnpku4ybkaca269l01o0.jpg\",\"contentUrl\":\"https:\\\/\\\/detfranskevinhus.com\\\/wp-content\\\/uploads\\\/elementor\\\/thumbs\\\/stue-ooe8yqovz2vyn39yyf79zblnpku4ybkaca269l01o0.jpg\"},{\"@type\":\"WebSite\",\"@id\":\"https:\\\/\\\/detfranskevinhus.com\\\/sv\\\/#website\",\"url\":\"https:\\\/\\\/detfranskevinhus.com\\\/sv\\\/\",\"name\":\"Det Franske Vinhus\",\"description\":\"\",\"publisher\":{\"@id\":\"https:\\\/\\\/detfranskevinhus.com\\\/sv\\\/#organization\"},\"potentialAction\":[{\"@type\":\"SearchAction\",\"target\":{\"@type\":\"EntryPoint\",\"urlTemplate\":\"https:\\\/\\\/detfranskevinhus.com\\\/sv\\\/?s={search_term_string}\"},\"query-input\":{\"@type\":\"PropertyValueSpecification\",\"valueRequired\":true,\"valueName\":\"search_term_string\"}}],\"inLanguage\":\"sv-SE\"},{\"@type\":\"Organization\",\"@id\":\"https:\\\/\\\/detfranskevinhus.com\\\/sv\\\/#organization\",\"name\":\"Det Franske Vinhus\",\"url\":\"https:\\\/\\\/detfranskevinhus.com\\\/sv\\\/\",\"logo\":{\"@type\":\"ImageObject\",\"inLanguage\":\"sv-SE\",\"@id\":\"https:\\\/\\\/detfranskevinhus.com\\\/sv\\\/#\\\/schema\\\/logo\\\/image\\\/\",\"url\":\"https:\\\/\\\/detfranskevinhus.com\\\/wp-content\\\/uploads\\\/2023\\\/07\\\/01_DFV_Logo_www_01-02-copy.jpg\",\"contentUrl\":\"https:\\\/\\\/detfranskevinhus.com\\\/wp-content\\\/uploads\\\/2023\\\/07\\\/01_DFV_Logo_www_01-02-copy.jpg\",\"width\":992,\"height\":482,\"caption\":\"Det Franske Vinhus\"},\"image\":{\"@id\":\"https:\\\/\\\/detfranskevinhus.com\\\/sv\\\/#\\\/schema\\\/logo\\\/image\\\/\"}}]}<\/script>\n<!-- \/ Yoast SEO plugin. -->","yoast_head_json":{"title":"Vinkunskap - Det Franske Vinhus","robots":{"index":"index","follow":"follow","max-snippet":"max-snippet:-1","max-image-preview":"max-image-preview:large","max-video-preview":"max-video-preview:-1"},"canonical":"https:\/\/detfranskevinhus.com\/sv\/vin-kultur\/","og_locale":"sv_SE","og_type":"article","og_title":"Vinkunskap - Det Franske Vinhus","og_description":"V\u00e4lkommen till v\u00e5rt vinkunskapscenter Nu f\u00f6r tiden finns en stor variation av vinkvalitet, pris, smak och nya viner som baseras p\u00e5 nya tekniska produktionsmetoder. Det har blivit mer komplext att f\u00f6rst\u00e5 vad det \u00e4r f\u00f6r vin man k\u00f6per. \u00c4r vinet ett industrivin eller ett vin som \u00e4r hantverksm\u00e4ssigt gjort av passionerade vinodlare knutna till tradition. [&hellip;]","og_url":"https:\/\/detfranskevinhus.com\/sv\/vin-kultur\/","og_site_name":"Det Franske Vinhus","article_modified_time":"2020-05-25T13:39:56+00:00","og_image":[{"url":"https:\/\/detfranskevinhus.com\/wp-content\/uploads\/elementor\/thumbs\/stue-ooe8yqovz2vyn39yyf79zblnpku4ybkaca269l01o0.jpg","type":"","width":"","height":""}],"twitter_card":"summary_large_image","twitter_misc":{"Ber\u00e4knad l\u00e4stid":"3 minuter"},"schema":{"@context":"https:\/\/schema.org","@graph":[{"@type":"WebPage","@id":"https:\/\/detfranskevinhus.com\/sv\/vin-kultur\/","url":"https:\/\/detfranskevinhus.com\/sv\/vin-kultur\/","name":"Vinkunskap - Det Franske Vinhus","isPartOf":{"@id":"https:\/\/detfranskevinhus.com\/sv\/#website"},"primaryImageOfPage":{"@id":"https:\/\/detfranskevinhus.com\/sv\/vin-kultur\/#primaryimage"},"image":{"@id":"https:\/\/detfranskevinhus.com\/sv\/vin-kultur\/#primaryimage"},"thumbnailUrl":"https:\/\/detfranskevinhus.com\/wp-content\/uploads\/elementor\/thumbs\/stue-ooe8yqovz2vyn39yyf79zblnpku4ybkaca269l01o0.jpg","datePublished":"2020-04-17T15:11:10+00:00","dateModified":"2020-05-25T13:39:56+00:00","inLanguage":"sv-SE","potentialAction":[{"@type":"ReadAction","target":["https:\/\/detfranskevinhus.com\/sv\/vin-kultur\/"]}]},{"@type":"ImageObject","inLanguage":"sv-SE","@id":"https:\/\/detfranskevinhus.com\/sv\/vin-kultur\/#primaryimage","url":"https:\/\/detfranskevinhus.com\/wp-content\/uploads\/elementor\/thumbs\/stue-ooe8yqovz2vyn39yyf79zblnpku4ybkaca269l01o0.jpg","contentUrl":"https:\/\/detfranskevinhus.com\/wp-content\/uploads\/elementor\/thumbs\/stue-ooe8yqovz2vyn39yyf79zblnpku4ybkaca269l01o0.jpg"},{"@type":"WebSite","@id":"https:\/\/detfranskevinhus.com\/sv\/#website","url":"https:\/\/detfranskevinhus.com\/sv\/","name":"Det Franske Vinhus","description":"","publisher":{"@id":"https:\/\/detfranskevinhus.com\/sv\/#organization"},"potentialAction":[{"@type":"SearchAction","target":{"@type":"EntryPoint","urlTemplate":"https:\/\/detfranskevinhus.com\/sv\/?s={search_term_string}"},"query-input":{"@type":"PropertyValueSpecification","valueRequired":true,"valueName":"search_term_string"}}],"inLanguage":"sv-SE"},{"@type":"Organization","@id":"https:\/\/detfranskevinhus.com\/sv\/#organization","name":"Det Franske Vinhus","url":"https:\/\/detfranskevinhus.com\/sv\/","logo":{"@type":"ImageObject","inLanguage":"sv-SE","@id":"https:\/\/detfranskevinhus.com\/sv\/#\/schema\/logo\/image\/","url":"https:\/\/detfranskevinhus.com\/wp-content\/uploads\/2023\/07\/01_DFV_Logo_www_01-02-copy.jpg","contentUrl":"https:\/\/detfranskevinhus.com\/wp-content\/uploads\/2023\/07\/01_DFV_Logo_www_01-02-copy.jpg","width":992,"height":482,"caption":"Det Franske Vinhus"},"image":{"@id":"https:\/\/detfranskevinhus.com\/sv\/#\/schema\/logo\/image\/"}}]}},"_links":{"self":[{"href":"https:\/\/detfranskevinhus.com\/sv\/wp-json\/wp\/v2\/pages\/1000000006544","targetHints":{"allow":["GET"]}}],"collection":[{"href":"https:\/\/detfranskevinhus.com\/sv\/wp-json\/wp\/v2\/pages"}],"about":[{"href":"https:\/\/detfranskevinhus.com\/sv\/wp-json\/wp\/v2\/types\/page"}],"author":[{"embeddable":true,"href":"https:\/\/detfranskevinhus.com\/sv\/wp-json\/wp\/v2\/users\/1"}],"replies":[{"embeddable":true,"href":"https:\/\/detfranskevinhus.com\/sv\/wp-json\/wp\/v2\/comments?post=1000000006544"}],"version-history":[{"count":0,"href":"https:\/\/detfranskevinhus.com\/sv\/wp-json\/wp\/v2\/pages\/1000000006544\/revisions"}],"wp:attachment":[{"href":"https:\/\/detfranskevinhus.com\/sv\/wp-json\/wp\/v2\/media?parent=1000000006544"}],"curies":[{"name":"wp","href":"https:\/\/api.w.org\/{rel}","templated":true}]}}