{"id":1000000004334,"date":"2019-10-16T05:48:24","date_gmt":"2019-10-16T03:48:24","guid":{"rendered":"https:\/\/detfranskevinhus.com\/handelsbetingelser\/"},"modified":"2025-08-29T16:57:15","modified_gmt":"2025-08-29T14:57:15","slug":"handelsbetingelser-3","status":"publish","type":"page","link":"https:\/\/detfranskevinhus.com\/sv\/handelsbetingelser-3\/","title":{"rendered":"Handelsvillkor"},"content":{"rendered":"\t\t<div data-elementor-type=\"wp-page\" data-elementor-id=\"1000000004334\" class=\"elementor elementor-1000000004334 elementor-1000000002181\" data-elementor-post-type=\"page\">\n\t\t\t\t\t\t<section class=\"elementor-section elementor-top-section elementor-element elementor-element-3e9b2fd5 elementor-section-boxed elementor-section-height-default elementor-section-height-default\" data-id=\"3e9b2fd5\" data-element_type=\"section\" data-e-type=\"section\">\n\t\t\t\t\t\t<div class=\"elementor-container elementor-column-gap-default\">\n\t\t\t\t\t<div class=\"elementor-column elementor-col-100 elementor-top-column elementor-element elementor-element-3abd321e\" data-id=\"3abd321e\" data-element_type=\"column\" data-e-type=\"column\">\n\t\t\t<div class=\"elementor-widget-wrap elementor-element-populated\">\n\t\t\t\t\t\t<div class=\"elementor-element elementor-element-1b717cf3 elementor-widget elementor-widget-text-editor\" data-id=\"1b717cf3\" data-element_type=\"widget\" data-e-type=\"widget\" data-widget_type=\"text-editor.default\">\n\t\t\t\t<div class=\"elementor-widget-container\">\n\t\t\t\t\t\t\t\t\t<h2>SVERIGE<\/h2><h2>Hemleverans och h\u00e4mta utt vin i v\u00e5r butik i Helsing\u00f6r. Stengade 48a.<\/h2><p>Vi har viner med leveranstid 1-3 dagar\u00a0 fr\u00e5n vort central lager.\u00a0 \u00a0<\/p><p>\u00a0Leveranstid indikeras eftersom f\u00f6r\u00e4ndringar kan intr\u00e4ffa p\u00e5 grund av v\u00e4der och k\u00f6rf\u00f6rh\u00e5llanden och \u00f6ppning och st\u00e4ngning av fasta anslutningar, broar och leveranser till yttre omr\u00e5den, etc.<\/p><p>Vid best\u00e4llning skickar vi en bekr\u00e4ftelse p\u00e5 hela leveransen via din e-postadress.<\/p><p>Leveransen sker p\u00e5 vardagar mellan 18:00 och 22:00, och i Stockholm och Uppsala even L\u00f6rdag\/S\u00f6ndag . Du f\u00e5r sedan en sms-p\u00e5minnelse fr\u00e5n Best Transport AB n\u00e4r leveransdagen n\u00e4rmar sig. Om du inte er hemma b\u00f6r du ange besked til Best Transport, f\u00f6r inte att f\u00e5 ekstra leverans kostnader. Vi anv\u00e4nder PostNord p\u00e5 olika omr\u00e5den.<\/p><h2>Priser (\u00c5r 2025)<\/h2><p>165 SEK f\u00f6r 6 fl. 199 SEK f\u00f6r 12 fl. 249 SEK f\u00f6r 18 fl.\u00a0<\/p><p>Vi erh\u00e5ller alkoholskatt &#8211; moms till svenska myndigheter\u00a0<\/p><h2>Leveransvillkor<\/h2><p>Leveransen arrangerer vi f\u00f6r v\u00e5ra kunder (svenska konsumenter), enligt v\u00e5r alkohol licens med skatteverket. V\u00e5ra kunder erh\u00e5ller kostnad och risk.<span style=\"font-size: 16px; color: var( --e-global-color-text ); font-family: var( --e-global-typography-text-font-family ), Lato;\">.<\/span><\/p><h2>\u00c5ldersgr\u00e4ns<\/h2><p>Du m\u00e5ste vara 20 \u00e5r f\u00f6r att k\u00f6pa vin fr\u00e5n oss. Vid k\u00f6p kontrolleras personnumret mot folkbokf\u00f6ringsregistret. Dessutom kontrolleras \u00e5ldern med legitimation vid leveransen.<\/p><h2>Ge bort en Smakl\u00e5da<\/h2><p>Personen som f\u00e5r vinerna m\u00e5ste vara \u00f6ver 20 \u00e5r. Du v\u00e4ljer bara leveransadress till den du vill ska f\u00e5 l\u00e5dan och betalningsadress till dig sj\u00e4lv n\u00e4r du best\u00e4ller.<\/p><h2>Service<\/h2><p>V\u00e5r kundtj\u00e4nst \u00e4r tillg\u00e4nglig enligt f\u00f6ljande:<\/p><p><strong>CorporateWineGroup \/ Det Franske Vinhus<\/strong><br \/>Stengade 48a<br \/>3000 Helsing\u00f8r<br \/>Tlf:\u00a0+45 53 52 89 77<\/p><p>E-mail: <a href=\"mailto:info@detfranskevinhus.com\">info@detfranskevinhus.com<\/a>\u00a0\u00a0<br \/>CVR: 26280885<\/p><h2>Betalning<\/h2><p>Du betalar antingen med betal- eller kreditkort direkt vid k\u00f6p som skickas i samband med att vinet skickas fr\u00e5n v\u00e5rt lager i Frankrike eller Danmark och snart med Swish. Kortavgifter debiteras p\u00e5 kort som utf\u00e4rdats utanf\u00f6r EU.<\/p><h2>Leveranss\u00e4tt<\/h2><p>Enligt lagen\u00a0 f\u00f6r privat konsum har du som konsument r\u00e4tt att \u00e5ngra ditt k\u00f6p utan speciell anledning inom 14 dagar fr\u00e5n det att du tagit emot varorna. Om du \u00e5ngrar ditt k\u00f6p och skickar tillbaka ordern betalar vi tillbaka det varubelopp du har betalat. Fraktkostnader \u00e5terbetalas inte. N\u00e4r en vara returneras till oss s\u00e5 f\u00e5r du bekosta returfrakten och ansvarar ifall varan skadas under transporten. Emballaget skall vara o\u00f6ppnat och i sitt ursprungliga skick Efter godk\u00e4nd retur blir du \u00e5terbetald inom 15 dagar.<\/p><h2>Personuppgifter<\/h2><p>I samband med din best\u00e4llning m\u00e5ste du uppge vissa personuppgifter f\u00f6r att vi ska kunna expediera din order. Vi garanterar att uppgifterna inte l\u00e4mnas ut till tredje part. Du kan n\u00e4r som helst beg\u00e4ra att uppgifterna tas bort ur v\u00e5rt register.<\/p><p>I enlighet med Dataskyddsf\u00f6rordningen (GDPR)\u00a0<a href=\"https:\/\/www.datainspektionen.se\/dataskyddsreformen\/\">https:\/\/www.datainspektionen.se\/dataskyddsrefor<\/a><\/p>\t\t\t\t\t\t\t\t<\/div>\n\t\t\t\t<\/div>\n\t\t\t\t\t<\/div>\n\t\t<\/div>\n\t\t\t\t\t<\/div>\n\t\t<\/section>\n\t\t\t\t<\/div>\n\t\t","protected":false},"excerpt":{"rendered":"<p>SVERIGE Hemleverans och h\u00e4mta utt vin i v\u00e5r butik i Helsing\u00f6r. Stengade 48a. Vi har viner med leveranstid 1-3 dagar\u00a0 fr\u00e5n vort central lager.\u00a0 \u00a0 \u00a0Leveranstid indikeras eftersom f\u00f6r\u00e4ndringar kan intr\u00e4ffa p\u00e5 grund av v\u00e4der och k\u00f6rf\u00f6rh\u00e5llanden och \u00f6ppning och st\u00e4ngning av fasta anslutningar, broar och leveranser till yttre omr\u00e5den, etc. Vid best\u00e4llning skickar vi [&hellip;]<\/p>\n","protected":false},"author":1,"featured_media":0,"parent":0,"menu_order":0,"comment_status":"closed","ping_status":"closed","template":"","meta":{"_acf_changed":false,"site-sidebar-layout":"no-sidebar","site-content-layout":"default","ast-site-content-layout":"default","site-content-style":"default","site-sidebar-style":"default","ast-global-header-display":"","ast-banner-title-visibility":"","ast-main-header-display":"disabled","ast-hfb-above-header-display":"","ast-hfb-below-header-display":"","ast-hfb-mobile-header-display":"","site-post-title":"disabled","ast-breadcrumbs-content":"disabled","ast-featured-img":"","footer-sml-layout":"","ast-disable-related-posts":"","theme-transparent-header-meta":"default","adv-header-id-meta":"","stick-header-meta":"","header-above-stick-meta":"","header-main-stick-meta":"","header-below-stick-meta":"","astra-migrate-meta-layouts":"default","ast-page-background-enabled":"default","ast-page-background-meta":{"desktop":{"background-color":"","background-image":"","background-repeat":"repeat","background-position":"center center","background-size":"auto","background-attachment":"scroll","background-type":"","background-media":"","overlay-type":"","overlay-color":"","overlay-opacity":"","overlay-gradient":""},"tablet":{"background-color":"","background-image":"","background-repeat":"repeat","background-position":"center center","background-size":"auto","background-attachment":"scroll","background-type":"","background-media":"","overlay-type":"","overlay-color":"","overlay-opacity":"","overlay-gradient":""},"mobile":{"background-color":"","background-image":"","background-repeat":"repeat","background-position":"center center","background-size":"auto","background-attachment":"scroll","background-type":"","background-media":"","overlay-type":"","overlay-color":"","overlay-opacity":"","overlay-gradient":""}},"ast-content-background-meta":{"desktop":{"background-color":"var(--ast-global-color-5)","background-image":"","background-repeat":"repeat","background-position":"center center","background-size":"auto","background-attachment":"scroll","background-type":"","background-media":"","overlay-type":"","overlay-color":"","overlay-opacity":"","overlay-gradient":""},"tablet":{"background-color":"var(--ast-global-color-5)","background-image":"","background-repeat":"repeat","background-position":"center center","background-size":"auto","background-attachment":"scroll","background-type":"","background-media":"","overlay-type":"","overlay-color":"","overlay-opacity":"","overlay-gradient":""},"mobile":{"background-color":"var(--ast-global-color-5)","background-image":"","background-repeat":"repeat","background-position":"center center","background-size":"auto","background-attachment":"scroll","background-type":"","background-media":"","overlay-type":"","overlay-color":"","overlay-opacity":"","overlay-gradient":""}},"footnotes":""},"class_list":["post-1000000004334","page","type-page","status-publish","hentry"],"acf":[],"yoast_head":"<!-- This site is optimized with the Yoast SEO plugin v27.5 - https:\/\/yoast.com\/product\/yoast-seo-wordpress\/ -->\n<title>Handelsvillkor - Det Franske Vinhus<\/title>\n<meta name=\"robots\" content=\"index, follow, max-snippet:-1, max-image-preview:large, max-video-preview:-1\" \/>\n<link rel=\"canonical\" href=\"https:\/\/detfranskevinhus.com\/sv\/handelsbetingelser-3\/\" \/>\n<meta property=\"og:locale\" content=\"sv_SE\" \/>\n<meta property=\"og:type\" content=\"article\" \/>\n<meta property=\"og:title\" content=\"Handelsvillkor - Det Franske Vinhus\" \/>\n<meta property=\"og:description\" content=\"SVERIGE Hemleverans och h\u00e4mta utt vin i v\u00e5r butik i Helsing\u00f6r. Stengade 48a. Vi har viner med leveranstid 1-3 dagar\u00a0 fr\u00e5n vort central lager.\u00a0 \u00a0 \u00a0Leveranstid indikeras eftersom f\u00f6r\u00e4ndringar kan intr\u00e4ffa p\u00e5 grund av v\u00e4der och k\u00f6rf\u00f6rh\u00e5llanden och \u00f6ppning och st\u00e4ngning av fasta anslutningar, broar och leveranser till yttre omr\u00e5den, etc. Vid best\u00e4llning skickar vi [&hellip;]\" \/>\n<meta property=\"og:url\" content=\"https:\/\/detfranskevinhus.com\/sv\/handelsbetingelser-3\/\" \/>\n<meta property=\"og:site_name\" content=\"Det Franske Vinhus\" \/>\n<meta property=\"article:modified_time\" content=\"2025-08-29T14:57:15+00:00\" \/>\n<meta name=\"twitter:card\" content=\"summary_large_image\" \/>\n<meta name=\"twitter:label1\" content=\"Ber\u00e4knad l\u00e4stid\" \/>\n\t<meta name=\"twitter:data1\" content=\"3 minuter\" \/>\n<script type=\"application\/ld+json\" class=\"yoast-schema-graph\">{\"@context\":\"https:\\\/\\\/schema.org\",\"@graph\":[{\"@type\":\"WebPage\",\"@id\":\"https:\\\/\\\/detfranskevinhus.com\\\/sv\\\/handelsbetingelser-3\\\/\",\"url\":\"https:\\\/\\\/detfranskevinhus.com\\\/sv\\\/handelsbetingelser-3\\\/\",\"name\":\"Handelsvillkor - Det Franske Vinhus\",\"isPartOf\":{\"@id\":\"https:\\\/\\\/detfranskevinhus.com\\\/sv\\\/#website\"},\"datePublished\":\"2019-10-16T03:48:24+00:00\",\"dateModified\":\"2025-08-29T14:57:15+00:00\",\"inLanguage\":\"sv-SE\",\"potentialAction\":[{\"@type\":\"ReadAction\",\"target\":[\"https:\\\/\\\/detfranskevinhus.com\\\/sv\\\/handelsbetingelser-3\\\/\"]}]},{\"@type\":\"WebSite\",\"@id\":\"https:\\\/\\\/detfranskevinhus.com\\\/sv\\\/#website\",\"url\":\"https:\\\/\\\/detfranskevinhus.com\\\/sv\\\/\",\"name\":\"Det Franske Vinhus\",\"description\":\"\",\"publisher\":{\"@id\":\"https:\\\/\\\/detfranskevinhus.com\\\/sv\\\/#organization\"},\"potentialAction\":[{\"@type\":\"SearchAction\",\"target\":{\"@type\":\"EntryPoint\",\"urlTemplate\":\"https:\\\/\\\/detfranskevinhus.com\\\/sv\\\/?s={search_term_string}\"},\"query-input\":{\"@type\":\"PropertyValueSpecification\",\"valueRequired\":true,\"valueName\":\"search_term_string\"}}],\"inLanguage\":\"sv-SE\"},{\"@type\":\"Organization\",\"@id\":\"https:\\\/\\\/detfranskevinhus.com\\\/sv\\\/#organization\",\"name\":\"Det Franske Vinhus\",\"url\":\"https:\\\/\\\/detfranskevinhus.com\\\/sv\\\/\",\"logo\":{\"@type\":\"ImageObject\",\"inLanguage\":\"sv-SE\",\"@id\":\"https:\\\/\\\/detfranskevinhus.com\\\/sv\\\/#\\\/schema\\\/logo\\\/image\\\/\",\"url\":\"https:\\\/\\\/detfranskevinhus.com\\\/wp-content\\\/uploads\\\/2023\\\/07\\\/01_DFV_Logo_www_01-02-copy.jpg\",\"contentUrl\":\"https:\\\/\\\/detfranskevinhus.com\\\/wp-content\\\/uploads\\\/2023\\\/07\\\/01_DFV_Logo_www_01-02-copy.jpg\",\"width\":992,\"height\":482,\"caption\":\"Det Franske Vinhus\"},\"image\":{\"@id\":\"https:\\\/\\\/detfranskevinhus.com\\\/sv\\\/#\\\/schema\\\/logo\\\/image\\\/\"}}]}<\/script>\n<!-- \/ Yoast SEO plugin. -->","yoast_head_json":{"title":"Handelsvillkor - Det Franske Vinhus","robots":{"index":"index","follow":"follow","max-snippet":"max-snippet:-1","max-image-preview":"max-image-preview:large","max-video-preview":"max-video-preview:-1"},"canonical":"https:\/\/detfranskevinhus.com\/sv\/handelsbetingelser-3\/","og_locale":"sv_SE","og_type":"article","og_title":"Handelsvillkor - Det Franske Vinhus","og_description":"SVERIGE Hemleverans och h\u00e4mta utt vin i v\u00e5r butik i Helsing\u00f6r. Stengade 48a. Vi har viner med leveranstid 1-3 dagar\u00a0 fr\u00e5n vort central lager.\u00a0 \u00a0 \u00a0Leveranstid indikeras eftersom f\u00f6r\u00e4ndringar kan intr\u00e4ffa p\u00e5 grund av v\u00e4der och k\u00f6rf\u00f6rh\u00e5llanden och \u00f6ppning och st\u00e4ngning av fasta anslutningar, broar och leveranser till yttre omr\u00e5den, etc. Vid best\u00e4llning skickar vi [&hellip;]","og_url":"https:\/\/detfranskevinhus.com\/sv\/handelsbetingelser-3\/","og_site_name":"Det Franske Vinhus","article_modified_time":"2025-08-29T14:57:15+00:00","twitter_card":"summary_large_image","twitter_misc":{"Ber\u00e4knad l\u00e4stid":"3 minuter"},"schema":{"@context":"https:\/\/schema.org","@graph":[{"@type":"WebPage","@id":"https:\/\/detfranskevinhus.com\/sv\/handelsbetingelser-3\/","url":"https:\/\/detfranskevinhus.com\/sv\/handelsbetingelser-3\/","name":"Handelsvillkor - Det Franske Vinhus","isPartOf":{"@id":"https:\/\/detfranskevinhus.com\/sv\/#website"},"datePublished":"2019-10-16T03:48:24+00:00","dateModified":"2025-08-29T14:57:15+00:00","inLanguage":"sv-SE","potentialAction":[{"@type":"ReadAction","target":["https:\/\/detfranskevinhus.com\/sv\/handelsbetingelser-3\/"]}]},{"@type":"WebSite","@id":"https:\/\/detfranskevinhus.com\/sv\/#website","url":"https:\/\/detfranskevinhus.com\/sv\/","name":"Det Franske Vinhus","description":"","publisher":{"@id":"https:\/\/detfranskevinhus.com\/sv\/#organization"},"potentialAction":[{"@type":"SearchAction","target":{"@type":"EntryPoint","urlTemplate":"https:\/\/detfranskevinhus.com\/sv\/?s={search_term_string}"},"query-input":{"@type":"PropertyValueSpecification","valueRequired":true,"valueName":"search_term_string"}}],"inLanguage":"sv-SE"},{"@type":"Organization","@id":"https:\/\/detfranskevinhus.com\/sv\/#organization","name":"Det Franske Vinhus","url":"https:\/\/detfranskevinhus.com\/sv\/","logo":{"@type":"ImageObject","inLanguage":"sv-SE","@id":"https:\/\/detfranskevinhus.com\/sv\/#\/schema\/logo\/image\/","url":"https:\/\/detfranskevinhus.com\/wp-content\/uploads\/2023\/07\/01_DFV_Logo_www_01-02-copy.jpg","contentUrl":"https:\/\/detfranskevinhus.com\/wp-content\/uploads\/2023\/07\/01_DFV_Logo_www_01-02-copy.jpg","width":992,"height":482,"caption":"Det Franske Vinhus"},"image":{"@id":"https:\/\/detfranskevinhus.com\/sv\/#\/schema\/logo\/image\/"}}]}},"_links":{"self":[{"href":"https:\/\/detfranskevinhus.com\/sv\/wp-json\/wp\/v2\/pages\/1000000004334","targetHints":{"allow":["GET"]}}],"collection":[{"href":"https:\/\/detfranskevinhus.com\/sv\/wp-json\/wp\/v2\/pages"}],"about":[{"href":"https:\/\/detfranskevinhus.com\/sv\/wp-json\/wp\/v2\/types\/page"}],"author":[{"embeddable":true,"href":"https:\/\/detfranskevinhus.com\/sv\/wp-json\/wp\/v2\/users\/1"}],"replies":[{"embeddable":true,"href":"https:\/\/detfranskevinhus.com\/sv\/wp-json\/wp\/v2\/comments?post=1000000004334"}],"version-history":[{"count":5,"href":"https:\/\/detfranskevinhus.com\/sv\/wp-json\/wp\/v2\/pages\/1000000004334\/revisions"}],"predecessor-version":[{"id":1000000029585,"href":"https:\/\/detfranskevinhus.com\/sv\/wp-json\/wp\/v2\/pages\/1000000004334\/revisions\/1000000029585"}],"wp:attachment":[{"href":"https:\/\/detfranskevinhus.com\/sv\/wp-json\/wp\/v2\/media?parent=1000000004334"}],"curies":[{"name":"wp","href":"https:\/\/api.w.org\/{rel}","templated":true}]}}